{"id":91651,"date":"2017-07-12T18:15:00","date_gmt":"2017-07-12T08:15:00","guid":{"rendered":"https:\/\/www.fluencecorp.com\/sala-de-noticias\/"},"modified":"2026-05-05T00:34:02","modified_gmt":"2026-05-04T14:34:02","slug":"sala-de-imprensa","status":"publish","type":"page","link":"https:\/\/www.fluencecorp.com\/pt\/sala-de-imprensa\/","title":{"rendered":"Newsroom"},"content":{"rendered":"<p>[et_pb_section fb_built=&#8221;1&#8243; _builder_version=&#8221;4.16&#8243; background_color=&#8221;rgba(0,0,0,0.4)&#8221; background_image=&#8221;https:\/\/www.fluencecorp.com\/wp-content\/uploads\/2017\/07\/newsroom-banner.jpg&#8221; background_blend=&#8221;overlay&#8221; da_disable_devices=&#8221;off|off|off&#8221; global_colors_info=&#8221;{}&#8221; da_is_popup=&#8221;off&#8221; da_exit_intent=&#8221;off&#8221; da_has_close=&#8221;on&#8221; da_alt_close=&#8221;off&#8221; da_dark_close=&#8221;off&#8221; da_not_modal=&#8221;on&#8221; da_is_singular=&#8221;off&#8221; da_with_loader=&#8221;off&#8221; da_has_shadow=&#8221;on&#8221;][et_pb_row _builder_version=&#8221;4.16&#8243; background_size=&#8221;initial&#8221; background_position=&#8221;top_left&#8221; background_repeat=&#8221;repeat&#8221; global_colors_info=&#8221;{}&#8221;][et_pb_column type=&#8221;4_4&#8243; _builder_version=&#8221;4.16&#8243; background_position=&#8221;top_left&#8221; custom_padding=&#8221;|||&#8221; global_colors_info=&#8221;{}&#8221; custom_padding__hover=&#8221;|||&#8221;][et_pb_text admin_label=&#8221;Header with Background Image&#8221; _builder_version=&#8221;4.27.6&#8243; text_font_size=&#8221;24&#8243; background_layout=&#8221;dark&#8221; module_alignment=&#8221;left&#8221; custom_css_main_element=&#8221;text-shadow: 0 2px 5px rgba(0, 0, 0, 0.3);&#8221; border_style=&#8221;solid&#8221; global_colors_info=&#8221;{}&#8221;]<\/p>\n<h1>Sala de Imprensa<\/h1>\n<p>[\/et_pb_text][\/et_pb_column][\/et_pb_row][\/et_pb_section][et_pb_section fb_built=&#8221;1&#8243; _builder_version=&#8221;4.16&#8243; custom_padding=&#8221;0px||0px|&#8221; da_disable_devices=&#8221;off|off|off&#8221; global_colors_info=&#8221;{}&#8221; da_is_popup=&#8221;off&#8221; da_exit_intent=&#8221;off&#8221; da_has_close=&#8221;on&#8221; da_alt_close=&#8221;off&#8221; da_dark_close=&#8221;off&#8221; da_not_modal=&#8221;on&#8221; da_is_singular=&#8221;off&#8221; da_with_loader=&#8221;off&#8221; da_has_shadow=&#8221;on&#8221;][et_pb_row _builder_version=&#8221;4.16&#8243; custom_margin=&#8221;0px||30px|&#8221; custom_padding=&#8221;50px||30px|&#8221; global_colors_info=&#8221;{}&#8221;][et_pb_column type=&#8221;4_4&#8243; _builder_version=&#8221;4.16&#8243; background_position=&#8221;top_left&#8221; custom_padding=&#8221;|||&#8221; global_colors_info=&#8221;{}&#8221; custom_padding__hover=&#8221;|||&#8221;][et_pb_text admin_label=&#8221;Recent Press Releases&#8221; _builder_version=&#8221;4.27.6&#8243; header_text_color=&#8221;#415363&#8243; module_alignment=&#8221;left&#8221; header_font_size_tablet=&#8221;35px&#8221; header_font_size_phone=&#8221;28px&#8221; header_font_size_last_edited=&#8221;on|phone&#8221; border_style=&#8221;solid&#8221; global_colors_info=&#8221;{}&#8221;]<\/p>\n<h1>Comunicados de Imprensa Recentes<\/h1>\n<p>[\/et_pb_text][\/et_pb_column][\/et_pb_row][et_pb_row column_structure=&#8221;2_3,1_3&#8243; _builder_version=&#8221;4.16&#8243; custom_margin=&#8221;0px||30px|&#8221; custom_padding=&#8221;0px||0px|&#8221; global_colors_info=&#8221;{}&#8221;][et_pb_column type=&#8221;2_3&#8243; _builder_version=&#8221;4.16&#8243; background_position=&#8221;top_left&#8221; custom_padding=&#8221;|||&#8221; global_colors_info=&#8221;{}&#8221; custom_padding__hover=&#8221;|||&#8221;][et_pb_code admin_label=&#8221;Latest News Posts&#8221; _builder_version=&#8221;4.16&#8243; global_colors_info=&#8221;{}&#8221;]<div class=\"newscircle\"><ul class=\"holder\"><li class=\"month\">NOV<\/li><li class=\"date\">26<\/li><li class=\"year\">2025<\/li><\/ul><h4 class=\"entry-title main_title\"><a href=\"https:\/\/www.fluencecorp.com\/pt\/fluence-mudancas-equipe-executiva\/\" rel=\"bookmark\" title=\"Permanent Link to A Fluence anuncia atualiza\u00e7\u00f5es em sua equipe de gest\u00e3o executiva\">A Fluence anuncia atualiza\u00e7\u00f5es em sua equipe de gest\u00e3o executiva<\/a><\/h4><\/div><div class=\"newscircle\"><ul class=\"holder\"><li class=\"month\">OUT<\/li><li class=\"date\">28<\/li><li class=\"year\">2025<\/li><\/ul><h4 class=\"entry-title main_title\"><a href=\"https:\/\/www.fluencecorp.com\/pt\/fluence-concedeu-contrato-na-arabia-saudita-no-valor-superior-a-12-milhoes-de-dolares\/\" rel=\"bookmark\" title=\"Permanent Link to Fluence concedeu contrato na Ar\u00e1bia Saudita no valor superior a 12 milh\u00f5es de d\u00f3lares\">Fluence concedeu contrato na Ar\u00e1bia Saudita no valor superior a 12 milh\u00f5es de d\u00f3lares<\/a><\/h4><\/div><div class=\"newscircle lastnews\"><ul class=\"holder\"><li class=\"month\">AGO<\/li><li class=\"date\">26<\/li><li class=\"year\">2025<\/li><\/ul><h4 class=\"entry-title main_title\"><a href=\"https:\/\/www.fluencecorp.com\/pt\/credores-convertem-juros-em-acoes\/\" rel=\"bookmark\" title=\"Permanent Link to Credores Rotativos Concordam em Converter Juros em A\u00e7\u00f5es\">Credores Rotativos Concordam em Converter Juros em A\u00e7\u00f5es<\/a><\/h4><\/div><div class=\"clearfix\"><\/div>[\/et_pb_code][et_pb_button button_url=&#8221;\/pt\/news\/&#8221; button_text=&#8221;VEJA MAIS COMUNICADOS DE IMPRENSA&#8221; button_alignment=&#8221;center&#8221; admin_label=&#8221;SEE MORE PRESS RELEASES&#8221; _builder_version=&#8221;4.27.6&#8243; hover_enabled=&#8221;0&#8243; custom_css_before=&#8221;padding:10px;&#8221; global_colors_info=&#8221;{}&#8221; button_text_size__hover_enabled=&#8221;off&#8221; button_text_size__hover=&#8221;null&#8221; button_one_text_size__hover_enabled=&#8221;off&#8221; button_one_text_size__hover=&#8221;null&#8221; button_two_text_size__hover_enabled=&#8221;off&#8221; button_two_text_size__hover=&#8221;null&#8221; button_text_color__hover_enabled=&#8221;off&#8221; button_text_color__hover=&#8221;null&#8221; button_one_text_color__hover_enabled=&#8221;off&#8221; button_one_text_color__hover=&#8221;null&#8221; button_two_text_color__hover_enabled=&#8221;off&#8221; button_two_text_color__hover=&#8221;null&#8221; button_border_width__hover_enabled=&#8221;off&#8221; button_border_width__hover=&#8221;null&#8221; button_one_border_width__hover_enabled=&#8221;off&#8221; button_one_border_width__hover=&#8221;null&#8221; button_two_border_width__hover_enabled=&#8221;off&#8221; button_two_border_width__hover=&#8221;null&#8221; button_border_color__hover_enabled=&#8221;off&#8221; button_border_color__hover=&#8221;null&#8221; button_one_border_color__hover_enabled=&#8221;off&#8221; button_one_border_color__hover=&#8221;null&#8221; button_two_border_color__hover_enabled=&#8221;off&#8221; button_two_border_color__hover=&#8221;null&#8221; button_border_radius__hover_enabled=&#8221;off&#8221; button_border_radius__hover=&#8221;null&#8221; button_one_border_radius__hover_enabled=&#8221;off&#8221; button_one_border_radius__hover=&#8221;null&#8221; button_two_border_radius__hover_enabled=&#8221;off&#8221; button_two_border_radius__hover=&#8221;null&#8221; button_letter_spacing__hover_enabled=&#8221;off&#8221; button_letter_spacing__hover=&#8221;null&#8221; button_one_letter_spacing__hover_enabled=&#8221;off&#8221; button_one_letter_spacing__hover=&#8221;null&#8221; button_two_letter_spacing__hover_enabled=&#8221;off&#8221; button_two_letter_spacing__hover=&#8221;null&#8221; button_bg_color__hover_enabled=&#8221;off&#8221; button_bg_color__hover=&#8221;null&#8221; button_one_bg_color__hover_enabled=&#8221;off&#8221; button_one_bg_color__hover=&#8221;null&#8221; button_two_bg_color__hover_enabled=&#8221;off&#8221; button_two_bg_color__hover=&#8221;null&#8221; sticky_enabled=&#8221;0&#8243;][\/et_pb_button][\/et_pb_column][et_pb_column type=&#8221;1_3&#8243; _builder_version=&#8221;4.16&#8243; background_position=&#8221;top_left&#8221; custom_padding=&#8221;|||&#8221; global_colors_info=&#8221;{}&#8221; custom_padding__hover=&#8221;|||&#8221;][et_pb_text admin_label=&#8221;MEDIA CONTACT&#8221; _builder_version=&#8221;4.27.6&#8243; header_text_color=&#8221;#0b3a5d&#8221; header_font_size=&#8221;20px&#8221; background_color=&#8221;#f4f4f4&#8243; background_image=&#8221;https:\/\/www.fluencecorp.com\/wp-content\/uploads\/2017\/07\/droplet-pattern.png&#8221; background_size=&#8221;initial&#8221; background_position=&#8221;center_right&#8221; background_blend=&#8221;overlay&#8221; module_alignment=&#8221;left&#8221; custom_padding=&#8221;30px|30px|30px|30px&#8221; border_style=&#8221;solid&#8221; saved_tabs=&#8221;all&#8221; global_colors_info=&#8221;{}&#8221;]<\/p>\n<h1>CONTATO COM A M\u00cdDIA<\/h1>\n<p>Para solicita\u00e7\u00f5es da imprensa, por favor, envie um e-mail <a href=\"mailto:media@fluencecorp.com\">media@fluencecorp.com<\/a>.[\/et_pb_text][\/et_pb_column][\/et_pb_row][\/et_pb_section]<\/p>\n","protected":false},"excerpt":{"rendered":"<p>Acesse a sala de imprensa da Fluence e acompanhe not\u00edcias, comunicados e atualiza\u00e7\u00f5es sobre projetos, inova\u00e7\u00e3o e solu\u00e7\u00f5es.<\/p>\n","protected":false},"author":1,"featured_media":81995,"parent":0,"menu_order":0,"comment_status":"closed","ping_status":"closed","template":"","meta":{"_et_pb_use_builder":"on","_et_pb_old_content":"","_et_gb_content_width":"","_relevanssi_hide_post":"","_relevanssi_hide_content":"","_relevanssi_pin_for_all":"","_relevanssi_pin_keywords":"","_relevanssi_unpin_keywords":"","_relevanssi_related_keywords":"","_relevanssi_related_include_ids":"","_relevanssi_related_exclude_ids":"","_relevanssi_related_no_append":"","_relevanssi_related_not_related":"","_relevanssi_related_posts":"","_relevanssi_noindex_reason":"","inline_featured_image":false,"footnotes":"","_links_to":"","_links_to_target":""},"coauthors":[288],"class_list":["post-91651","page","type-page","status-publish","has-post-thumbnail","hentry"],"yoast_head":"<!-- This site is optimized with the Yoast SEO plugin v27.6 - https:\/\/yoast.com\/product\/yoast-seo-wordpress\/ -->\n<title>Sala de Imprensa | Not\u00edcias e Comunicados da Fluence<\/title>\n<meta name=\"description\" content=\"Acesse a sala de imprensa da Fluence e acompanhe not\u00edcias, comunicados e atualiza\u00e7\u00f5es sobre projetos, inova\u00e7\u00e3o e solu\u00e7\u00f5es.\" \/>\n<meta name=\"robots\" content=\"index, follow, max-snippet:-1, max-image-preview:large, max-video-preview:-1\" \/>\n<link rel=\"canonical\" href=\"https:\/\/www.fluencecorp.com\/pt\/sala-de-imprensa\/\" \/>\n<meta property=\"og:locale\" content=\"pt_BR\" \/>\n<meta property=\"og:type\" content=\"article\" \/>\n<meta property=\"og:title\" content=\"Sala de Imprensa | Not\u00edcias e Comunicados da Fluence\" \/>\n<meta property=\"og:description\" content=\"Acesse a sala de imprensa da Fluence e acompanhe not\u00edcias, comunicados e atualiza\u00e7\u00f5es sobre projetos, inova\u00e7\u00e3o e solu\u00e7\u00f5es.\" \/>\n<meta property=\"og:url\" content=\"https:\/\/www.fluencecorp.com\/pt\/sala-de-imprensa\/\" \/>\n<meta property=\"article:publisher\" content=\"https:\/\/www.facebook.com\/FluenceCorp\" \/>\n<meta property=\"article:modified_time\" content=\"2026-05-04T14:34:02+00:00\" \/>\n<meta property=\"og:image\" content=\"https:\/\/www.fluencecorp.com\/wp-content\/uploads\/2022\/05\/Capture.png\" \/>\n\t<meta property=\"og:image:width\" content=\"997\" \/>\n\t<meta property=\"og:image:height\" content=\"705\" \/>\n\t<meta property=\"og:image:type\" content=\"image\/png\" \/>\n<meta name=\"twitter:card\" content=\"summary_large_image\" \/>\n<meta name=\"twitter:description\" content=\"Acesse a sala de imprensa da Fluence e acompanhe not\u00edcias, comunicados e atualiza\u00e7\u00f5es sobre projetos, inova\u00e7\u00e3o e solu\u00e7\u00f5es.\" \/>\n<meta name=\"twitter:site\" content=\"@FluenceCorp\" \/>\n<meta name=\"twitter:label1\" content=\"Est. tempo de leitura\" \/>\n\t<meta name=\"twitter:data1\" content=\"1 minuto\" \/>\n\t<meta name=\"twitter:label2\" content=\"Written by\" \/>\n\t<meta name=\"twitter:data2\" content=\"FLUENCE NEWS TEAM\" \/>\n<script type=\"application\/ld+json\" class=\"yoast-schema-graph\">{\"@context\":\"https:\\\/\\\/schema.org\",\"@graph\":[{\"@type\":\"WebPage\",\"@id\":\"https:\\\/\\\/www.fluencecorp.com\\\/pt\\\/sala-de-imprensa\\\/\",\"url\":\"https:\\\/\\\/www.fluencecorp.com\\\/pt\\\/sala-de-imprensa\\\/\",\"name\":\"Sala de Imprensa | Not\u00edcias e Comunicados da Fluence\",\"isPartOf\":{\"@id\":\"https:\\\/\\\/www.fluencecorp.com\\\/pt\\\/#website\"},\"primaryImageOfPage\":{\"@id\":\"https:\\\/\\\/www.fluencecorp.com\\\/pt\\\/sala-de-imprensa\\\/#primaryimage\"},\"image\":{\"@id\":\"https:\\\/\\\/www.fluencecorp.com\\\/pt\\\/sala-de-imprensa\\\/#primaryimage\"},\"thumbnailUrl\":\"https:\\\/\\\/www.fluencecorp.com\\\/wp-content\\\/uploads\\\/2022\\\/05\\\/Capture.png\",\"datePublished\":\"2017-07-12T08:15:00+00:00\",\"dateModified\":\"2026-05-04T14:34:02+00:00\",\"description\":\"Acesse a sala de imprensa da Fluence e acompanhe not\u00edcias, comunicados e atualiza\u00e7\u00f5es sobre projetos, inova\u00e7\u00e3o e solu\u00e7\u00f5es.\",\"breadcrumb\":{\"@id\":\"https:\\\/\\\/www.fluencecorp.com\\\/pt\\\/sala-de-imprensa\\\/#breadcrumb\"},\"inLanguage\":\"pt-BR\",\"potentialAction\":[{\"@type\":\"ReadAction\",\"target\":[\"https:\\\/\\\/www.fluencecorp.com\\\/pt\\\/sala-de-imprensa\\\/\"]}]},{\"@type\":\"ImageObject\",\"inLanguage\":\"pt-BR\",\"@id\":\"https:\\\/\\\/www.fluencecorp.com\\\/pt\\\/sala-de-imprensa\\\/#primaryimage\",\"url\":\"https:\\\/\\\/www.fluencecorp.com\\\/wp-content\\\/uploads\\\/2022\\\/05\\\/Capture.png\",\"contentUrl\":\"https:\\\/\\\/www.fluencecorp.com\\\/wp-content\\\/uploads\\\/2022\\\/05\\\/Capture.png\",\"width\":997,\"height\":705},{\"@type\":\"BreadcrumbList\",\"@id\":\"https:\\\/\\\/www.fluencecorp.com\\\/pt\\\/sala-de-imprensa\\\/#breadcrumb\",\"itemListElement\":[{\"@type\":\"ListItem\",\"position\":1,\"name\":\"Home\",\"item\":\"https:\\\/\\\/www.fluencecorp.com\\\/pt\\\/\"},{\"@type\":\"ListItem\",\"position\":2,\"name\":\"Newsroom\"}]},{\"@type\":\"WebSite\",\"@id\":\"https:\\\/\\\/www.fluencecorp.com\\\/pt\\\/#website\",\"url\":\"https:\\\/\\\/www.fluencecorp.com\\\/pt\\\/\",\"name\":\"Fluence Corporation\",\"description\":\"\",\"publisher\":{\"@id\":\"https:\\\/\\\/www.fluencecorp.com\\\/pt\\\/#organization\"},\"potentialAction\":[{\"@type\":\"SearchAction\",\"target\":{\"@type\":\"EntryPoint\",\"urlTemplate\":\"https:\\\/\\\/www.fluencecorp.com\\\/pt\\\/?s={search_term_string}\"},\"query-input\":{\"@type\":\"PropertyValueSpecification\",\"valueRequired\":true,\"valueName\":\"search_term_string\"}}],\"inLanguage\":\"pt-BR\"},{\"@type\":\"Organization\",\"@id\":\"https:\\\/\\\/www.fluencecorp.com\\\/pt\\\/#organization\",\"name\":\"Fluence\",\"url\":\"https:\\\/\\\/www.fluencecorp.com\\\/pt\\\/\",\"logo\":{\"@type\":\"ImageObject\",\"inLanguage\":\"pt-BR\",\"@id\":\"https:\\\/\\\/www.fluencecorp.com\\\/pt\\\/#\\\/schema\\\/logo\\\/image\\\/\",\"url\":\"https:\\\/\\\/www.fluencecorp.com\\\/wp-content\\\/uploads\\\/2018\\\/03\\\/fluence-seo-logo.png\",\"contentUrl\":\"https:\\\/\\\/www.fluencecorp.com\\\/wp-content\\\/uploads\\\/2018\\\/03\\\/fluence-seo-logo.png\",\"width\":523,\"height\":181,\"caption\":\"Fluence\"},\"image\":{\"@id\":\"https:\\\/\\\/www.fluencecorp.com\\\/pt\\\/#\\\/schema\\\/logo\\\/image\\\/\"},\"sameAs\":[\"https:\\\/\\\/www.facebook.com\\\/FluenceCorp\",\"https:\\\/\\\/x.com\\\/FluenceCorp\",\"https:\\\/\\\/www.linkedin.com\\\/company-beta\\\/18150486\\\/\"]}]}<\/script>\n<!-- \/ Yoast SEO plugin. -->","yoast_head_json":{"title":"Sala de Imprensa | Not\u00edcias e Comunicados da Fluence","description":"Acesse a sala de imprensa da Fluence e acompanhe not\u00edcias, comunicados e atualiza\u00e7\u00f5es sobre projetos, inova\u00e7\u00e3o e solu\u00e7\u00f5es.","robots":{"index":"index","follow":"follow","max-snippet":"max-snippet:-1","max-image-preview":"max-image-preview:large","max-video-preview":"max-video-preview:-1"},"canonical":"https:\/\/www.fluencecorp.com\/pt\/sala-de-imprensa\/","og_locale":"pt_BR","og_type":"article","og_title":"Sala de Imprensa | Not\u00edcias e Comunicados da Fluence","og_description":"Acesse a sala de imprensa da Fluence e acompanhe not\u00edcias, comunicados e atualiza\u00e7\u00f5es sobre projetos, inova\u00e7\u00e3o e solu\u00e7\u00f5es.","og_url":"https:\/\/www.fluencecorp.com\/pt\/sala-de-imprensa\/","article_publisher":"https:\/\/www.facebook.com\/FluenceCorp","article_modified_time":"2026-05-04T14:34:02+00:00","og_image":[{"width":997,"height":705,"url":"https:\/\/www.fluencecorp.com\/wp-content\/uploads\/2022\/05\/Capture.png","type":"image\/png"}],"twitter_card":"summary_large_image","twitter_description":"Acesse a sala de imprensa da Fluence e acompanhe not\u00edcias, comunicados e atualiza\u00e7\u00f5es sobre projetos, inova\u00e7\u00e3o e solu\u00e7\u00f5es.","twitter_site":"@FluenceCorp","twitter_misc":{"Est. tempo de leitura":"1 minuto","Written by":"FLUENCE NEWS TEAM"},"schema":{"@context":"https:\/\/schema.org","@graph":[{"@type":"WebPage","@id":"https:\/\/www.fluencecorp.com\/pt\/sala-de-imprensa\/","url":"https:\/\/www.fluencecorp.com\/pt\/sala-de-imprensa\/","name":"Sala de Imprensa | Not\u00edcias e Comunicados da Fluence","isPartOf":{"@id":"https:\/\/www.fluencecorp.com\/pt\/#website"},"primaryImageOfPage":{"@id":"https:\/\/www.fluencecorp.com\/pt\/sala-de-imprensa\/#primaryimage"},"image":{"@id":"https:\/\/www.fluencecorp.com\/pt\/sala-de-imprensa\/#primaryimage"},"thumbnailUrl":"https:\/\/www.fluencecorp.com\/wp-content\/uploads\/2022\/05\/Capture.png","datePublished":"2017-07-12T08:15:00+00:00","dateModified":"2026-05-04T14:34:02+00:00","description":"Acesse a sala de imprensa da Fluence e acompanhe not\u00edcias, comunicados e atualiza\u00e7\u00f5es sobre projetos, inova\u00e7\u00e3o e solu\u00e7\u00f5es.","breadcrumb":{"@id":"https:\/\/www.fluencecorp.com\/pt\/sala-de-imprensa\/#breadcrumb"},"inLanguage":"pt-BR","potentialAction":[{"@type":"ReadAction","target":["https:\/\/www.fluencecorp.com\/pt\/sala-de-imprensa\/"]}]},{"@type":"ImageObject","inLanguage":"pt-BR","@id":"https:\/\/www.fluencecorp.com\/pt\/sala-de-imprensa\/#primaryimage","url":"https:\/\/www.fluencecorp.com\/wp-content\/uploads\/2022\/05\/Capture.png","contentUrl":"https:\/\/www.fluencecorp.com\/wp-content\/uploads\/2022\/05\/Capture.png","width":997,"height":705},{"@type":"BreadcrumbList","@id":"https:\/\/www.fluencecorp.com\/pt\/sala-de-imprensa\/#breadcrumb","itemListElement":[{"@type":"ListItem","position":1,"name":"Home","item":"https:\/\/www.fluencecorp.com\/pt\/"},{"@type":"ListItem","position":2,"name":"Newsroom"}]},{"@type":"WebSite","@id":"https:\/\/www.fluencecorp.com\/pt\/#website","url":"https:\/\/www.fluencecorp.com\/pt\/","name":"Fluence Corporation","description":"","publisher":{"@id":"https:\/\/www.fluencecorp.com\/pt\/#organization"},"potentialAction":[{"@type":"SearchAction","target":{"@type":"EntryPoint","urlTemplate":"https:\/\/www.fluencecorp.com\/pt\/?s={search_term_string}"},"query-input":{"@type":"PropertyValueSpecification","valueRequired":true,"valueName":"search_term_string"}}],"inLanguage":"pt-BR"},{"@type":"Organization","@id":"https:\/\/www.fluencecorp.com\/pt\/#organization","name":"Fluence","url":"https:\/\/www.fluencecorp.com\/pt\/","logo":{"@type":"ImageObject","inLanguage":"pt-BR","@id":"https:\/\/www.fluencecorp.com\/pt\/#\/schema\/logo\/image\/","url":"https:\/\/www.fluencecorp.com\/wp-content\/uploads\/2018\/03\/fluence-seo-logo.png","contentUrl":"https:\/\/www.fluencecorp.com\/wp-content\/uploads\/2018\/03\/fluence-seo-logo.png","width":523,"height":181,"caption":"Fluence"},"image":{"@id":"https:\/\/www.fluencecorp.com\/pt\/#\/schema\/logo\/image\/"},"sameAs":["https:\/\/www.facebook.com\/FluenceCorp","https:\/\/x.com\/FluenceCorp","https:\/\/www.linkedin.com\/company-beta\/18150486\/"]}]}},"_links":{"self":[{"href":"https:\/\/www.fluencecorp.com\/pt\/wp-json\/wp\/v2\/pages\/91651","targetHints":{"allow":["GET"]}}],"collection":[{"href":"https:\/\/www.fluencecorp.com\/pt\/wp-json\/wp\/v2\/pages"}],"about":[{"href":"https:\/\/www.fluencecorp.com\/pt\/wp-json\/wp\/v2\/types\/page"}],"author":[{"embeddable":true,"href":"https:\/\/www.fluencecorp.com\/pt\/wp-json\/wp\/v2\/users\/1"}],"replies":[{"embeddable":true,"href":"https:\/\/www.fluencecorp.com\/pt\/wp-json\/wp\/v2\/comments?post=91651"}],"version-history":[{"count":5,"href":"https:\/\/www.fluencecorp.com\/pt\/wp-json\/wp\/v2\/pages\/91651\/revisions"}],"predecessor-version":[{"id":91677,"href":"https:\/\/www.fluencecorp.com\/pt\/wp-json\/wp\/v2\/pages\/91651\/revisions\/91677"}],"wp:featuredmedia":[{"embeddable":true,"href":"https:\/\/www.fluencecorp.com\/pt\/wp-json\/wp\/v2\/media\/81995"}],"wp:attachment":[{"href":"https:\/\/www.fluencecorp.com\/pt\/wp-json\/wp\/v2\/media?parent=91651"}],"wp:term":[{"taxonomy":"author","embeddable":true,"href":"https:\/\/www.fluencecorp.com\/pt\/wp-json\/wp\/v2\/coauthors?post=91651"}],"curies":[{"name":"wp","href":"https:\/\/api.w.org\/{rel}","templated":true}]}}