{"id":91591,"date":"2018-01-11T16:50:22","date_gmt":"2018-01-11T05:50:22","guid":{"rendered":"https:\/\/www.fluencecorp.com\/generadores-de-ozono\/"},"modified":"2026-04-30T03:35:12","modified_gmt":"2026-04-29T17:35:12","slug":"geradores-de-ozonio","status":"publish","type":"page","link":"https:\/\/www.fluencecorp.com\/pt\/geradores-de-ozonio\/","title":{"rendered":"Geradores de Oz\u00f4nio"},"content":{"rendered":"<p>[et_pb_section fb_built=&#8221;1&#8243; _builder_version=&#8221;4.16&#8243; background_color=&#8221;#f4f4f4&#8243; background_blend=&#8221;multiply&#8221; custom_padding=&#8221;0px||0px|&#8221; da_disable_devices=&#8221;off|off|off&#8221; global_colors_info=&#8221;{}&#8221; da_is_popup=&#8221;off&#8221; da_exit_intent=&#8221;off&#8221; da_has_close=&#8221;on&#8221; da_alt_close=&#8221;off&#8221; da_dark_close=&#8221;off&#8221; da_not_modal=&#8221;on&#8221; da_is_singular=&#8221;off&#8221; da_with_loader=&#8221;off&#8221; da_has_shadow=&#8221;on&#8221;][et_pb_row _builder_version=&#8221;4.16&#8243; custom_margin=&#8221;0px||0px|&#8221; custom_padding=&#8221;0px||0px|&#8221; global_colors_info=&#8221;{}&#8221;][et_pb_column type=&#8221;4_4&#8243; _builder_version=&#8221;4.16&#8243; background_position=&#8221;top_left&#8221; custom_padding=&#8221;|||&#8221; global_colors_info=&#8221;{}&#8221; custom_padding__hover=&#8221;|||&#8221;][et_pb_text admin_label=&#8221;Header with Grey Background&#8221; _builder_version=&#8221;4.27.6&#8243; text_text_color=&#8221;#778591&#8243; text_font_size=&#8221;24&#8243; header_font=&#8221;|on|||&#8221; header_text_color=&#8221;#0b3a5d&#8221; header_font_size=&#8221;52px&#8221; custom_margin=&#8221;10px||10px|&#8221; custom_padding=&#8221;44px||44px|&#8221; text_font_size_tablet=&#8221;16&#8243; text_font_size_phone=&#8221;&#8221; text_font_size_last_edited=&#8221;on|phone&#8221; header_font_size_tablet=&#8221;35px&#8221; header_font_size_phone=&#8221;28px&#8221; header_font_size_last_edited=&#8221;on|phone&#8221; global_colors_info=&#8221;{}&#8221;]<\/p>\n<h1>Geradores de Oz\u00f4nio<\/h1>\n<p>[\/et_pb_text][\/et_pb_column][\/et_pb_row][\/et_pb_section][et_pb_section fb_built=&#8221;1&#8243; _builder_version=&#8221;4.16&#8243; custom_padding=&#8221;0px||0px|&#8221; da_disable_devices=&#8221;off|off|off&#8221; global_colors_info=&#8221;{}&#8221; da_is_popup=&#8221;off&#8221; da_exit_intent=&#8221;off&#8221; da_has_close=&#8221;on&#8221; da_alt_close=&#8221;off&#8221; da_dark_close=&#8221;off&#8221; da_not_modal=&#8221;on&#8221; da_is_singular=&#8221;off&#8221; da_with_loader=&#8221;off&#8221; da_has_shadow=&#8221;on&#8221;][et_pb_row column_structure=&#8221;2_3,1_3&#8243; _builder_version=&#8221;4.16&#8243; background_size=&#8221;initial&#8221; background_position=&#8221;top_left&#8221; background_repeat=&#8221;repeat&#8221; global_colors_info=&#8221;{}&#8221;][et_pb_column type=&#8221;2_3&#8243; _builder_version=&#8221;4.16&#8243; custom_padding=&#8221;|||&#8221; global_colors_info=&#8221;{}&#8221; custom_padding__hover=&#8221;|||&#8221;][et_pb_text admin_label=&#8221;Main Body Text&#8221; _builder_version=&#8221;4.27.6&#8243; global_colors_info=&#8221;{}&#8221;]Projetamos, fabricamos e comercializamos tecnologia de ozoniza\u00e7\u00e3o para todo o mundo, oferecendo uma alternativa confi\u00e1vel que vai desde o assessoramento t\u00e9cnico para diferentes aplica\u00e7\u00f5es at\u00e9 o suporte e manuten\u00e7\u00e3o das unidades.<\/p>\n<h3>G\u00e1s Oz\u00f4nio<\/h3>\n<p>O oz\u00f4nio, um dos elementos b\u00e1sicos da natureza, \u00e9 um poderoso agente oxidante. \u00c9 composto por uma mol\u00e9cula de oxig\u00eanio com um \u00e1tomo adicional (O\u2083). Seu poder bactericida \u00e9 significativamente superior ao do cloro e, devido \u00e0 sua r\u00e1pida decomposi\u00e7\u00e3o em oxig\u00eanio, adapta-se perfeitamente \u00e0s exig\u00eancias da ind\u00fastria aliment\u00edcia, pois n\u00e3o deixa subprodutos indesej\u00e1veis no produto final.<\/p>\n<p>\u00c9 amplamente utilizado como agente sanitizante de tubula\u00e7\u00f5es e superf\u00edcies em diversos processos industriais. Essa aplica\u00e7\u00e3o tem sido muito bem aceita, pois reduz o consumo de produtos qu\u00edmicos sanitizantes e o volume de \u00e1gua necess\u00e1rio.<\/p>\n<p>Em 1997, o oz\u00f4nio foi aprovado pela Food and Drug Administration (FDA) como agente antimicrobiano, sob a classifica\u00e7\u00e3o Generally Recognized as Safe (GRAS), para tratamento, armazenamento e processamento de alimentos, tanto em fase l\u00edquida quanto gasosa.<\/p>\n<h3>Vantagens dos Nossos Geradores de Oz\u00f4nio<\/h3>\n<ul>\n<li>Design compacto<\/li>\n<li>Constru\u00e7\u00e3o em a\u00e7o inoxid\u00e1vel<\/li>\n<li>Servi\u00e7o t\u00e9cnico especializado 24\/7<\/li>\n<li>Estoque permanente de pe\u00e7as de reposi\u00e7\u00e3o<\/li>\n<li>Know-how e fabrica\u00e7\u00e3o pr\u00f3pria<\/li>\n<li>Manuten\u00e7\u00e3o extremamente reduzida<\/li>\n<\/ul>\n<p>Nossos equipamentos centralizam o comando do gerador de oz\u00f4nio e o controle do oz\u00f4nio dissolvido em um \u00fanico painel, permitindo o monitoramento completo do sistema de ozoniza\u00e7\u00e3o por meio de um computador.<\/p>\n<h3>Vantagens em Rela\u00e7\u00e3o a Outros Oxidantes e Desinfetantes<\/h3>\n<p>O oz\u00f4nio apresenta diversas vantagens em compara\u00e7\u00e3o com alternativas qu\u00edmicas, entre as quais se destacam:<\/p>\n<ul>\n<li>Gera\u00e7\u00e3o in situ<\/li>\n<li>Um dos agentes oxidantes mais ativos dispon\u00edveis<\/li>\n<li>Decomposi\u00e7\u00e3o r\u00e1pida em oxig\u00eanio, sem deixar res\u00edduos<\/li>\n<li>N\u00e3o forma compostos halogenados t\u00f3xicos<\/li>\n<li>Elimina\u00e7\u00e3o eficaz de germes patog\u00eanicos, inclusive v\u00edrus resistentes<\/li>\n<\/ul>\n<h3>Aplica\u00e7\u00f5es<\/h3>\n<ul>\n<li>Processos de produ\u00e7\u00e3o de \u00e1gua e bebidas<\/li>\n<li>Ind\u00fastria farmac\u00eautica<\/li>\n<li>Processos industriais<\/li>\n<li>Sistemas CIP (Clean in Place)<\/li>\n<li>Tratamento de efluentes<\/li>\n<li>Tratamento de vapores na ind\u00fastria pesqueira (harinoil)<\/li>\n<\/ul>\n<p>O oz\u00f4nio \u00e9 um desinfetante altamente eficiente de efluentes municipais e industriais, recomendado pelas normas da EPA para pr\u00e9-tratamentos padr\u00e3o. \u00c9 eficaz na oxida\u00e7\u00e3o de in\u00fameros compostos qu\u00edmicos complexos, incluindo cianetos, solventes, hidrocarbonetos, \u00e1lcoois, fen\u00f3is, detergentes n\u00e3o i\u00f4nicos e diversos compostos org\u00e2nicos vol\u00e1teis.<\/p>\n<p>Devido \u00e0 grande variedade de aplica\u00e7\u00f5es e \u00e0s m\u00faltiplas rea\u00e7\u00f5es qu\u00edmicas envolvidas em processos de alta complexidade, podem ser necess\u00e1rios testes piloto para o correto dimensionamento do sistema. Para isso, dispomos de unidades m\u00f3veis especialmente projetadas para essa finalidade.<\/p>\n<p><a target=\"_blank\" rel=\"noopener\" href=\"https:\/\/www.fluencecorp.com\/pt\/contato\/\">Entre em contato com nossos especialistas<\/a> para discutir os detalhes do seu projeto e conhecer como os geradores de oz\u00f4nio podem ajudar a alcan\u00e7ar seus objetivos.[\/et_pb_text][\/et_pb_column][et_pb_column type=&#8221;1_3&#8243; _builder_version=&#8221;4.16&#8243; custom_padding=&#8221;|||&#8221; global_colors_info=&#8221;{}&#8221; custom_padding__hover=&#8221;|||&#8221;][et_pb_blurb title=&#8221;DESAFIOS NO TRATAMENTO DE \u00c1GUA?&#8221; image=&#8221;https:\/\/www.fluencecorp.com\/wp-content\/uploads\/2017\/07\/wastewater_treatment_02.svg&#8221; admin_label=&#8221;WASTE-TO-ENERGY CHALLENGES &#8211; ES&#8221; module_class=&#8221;fluenceblurb&#8221; _builder_version=&#8221;4.27.6&#8243; text_orientation=&#8221;center&#8221; max_width_tablet=&#8221;50px&#8221; custom_padding=&#8221;30px|20px|30px|20px&#8221; animation=&#8221;off&#8221; z_index_tablet=&#8221;500&#8243; header_text_shadow_horizontal_length_tablet=&#8221;0px&#8221; header_text_shadow_vertical_length_tablet=&#8221;0px&#8221; header_text_shadow_blur_strength_tablet=&#8221;1px&#8221; body_text_shadow_horizontal_length_tablet=&#8221;0px&#8221; body_text_shadow_vertical_length_tablet=&#8221;0px&#8221; body_text_shadow_blur_strength_tablet=&#8221;1px&#8221; body_link_text_shadow_horizontal_length_tablet=&#8221;0px&#8221; body_link_text_shadow_vertical_length_tablet=&#8221;0px&#8221; body_link_text_shadow_blur_strength_tablet=&#8221;1px&#8221; body_ul_text_shadow_horizontal_length_tablet=&#8221;0px&#8221; body_ul_text_shadow_vertical_length_tablet=&#8221;0px&#8221; body_ul_text_shadow_blur_strength_tablet=&#8221;1px&#8221; body_ol_text_shadow_horizontal_length_tablet=&#8221;0px&#8221; body_ol_text_shadow_vertical_length_tablet=&#8221;0px&#8221; body_ol_text_shadow_blur_strength_tablet=&#8221;1px&#8221; body_quote_text_shadow_horizontal_length_tablet=&#8221;0px&#8221; body_quote_text_shadow_vertical_length_tablet=&#8221;0px&#8221; body_quote_text_shadow_blur_strength_tablet=&#8221;1px&#8221; border_radii=&#8221;on|3px|3px|3px|3px&#8221; border_width_all=&#8221;1px&#8221; border_color_all=&#8221;#7fc8bd&#8221; box_shadow_horizontal_tablet=&#8221;0px&#8221; box_shadow_vertical_tablet=&#8221;0px&#8221; box_shadow_blur_tablet=&#8221;40px&#8221; box_shadow_spread_tablet=&#8221;0px&#8221; box_shadow_horizontal_image_tablet=&#8221;0px&#8221; box_shadow_vertical_image_tablet=&#8221;0px&#8221; box_shadow_blur_image_tablet=&#8221;40px&#8221; box_shadow_spread_image_tablet=&#8221;0px&#8221; text_shadow_horizontal_length_tablet=&#8221;0px&#8221; text_shadow_vertical_length_tablet=&#8221;0px&#8221; text_shadow_blur_strength_tablet=&#8221;1px&#8221; use_border_color=&#8221;on&#8221; global_colors_info=&#8221;{}&#8221;]Estamos aqui para ajudar! Entre em contato com a Fluence para saber mais sobre nossas solu\u00e7\u00f5es de tratamento de \u00c1gua e Esgoto ou discutir detalhes espec\u00edficos do seu projeto.<\/p>\n<div class=\"et_pb_button_module_wrapper et_pb_module et_pb_button_alignment_center\" style=\"margin-top: 15px; margin-bottom: 15px!important;\"><a class=\"et_pb_button et_pb_button_ghost et_pb_module et_pb_bg_layout_dark\" style=\"width: 100%;\" href=\"https:\/\/www.fluencecorp.com\/pt\/contato\/\" target=\"_blank\" rel=\"noopener noreferrer\">ENTRE EM CONTATO <\/a><\/div>\n<div class=\"et_pb_button_module_wrapper et_pb_module et_pb_button_alignment_center\" \"=\"\"><a class=\"et_pb_promo_button et_pb_button et_pb_button3\" style=\"width: 100%;\" href=\"https:\/\/www.fluencecorp.com\/wp-content\/uploads\/2024\/09\/7-Sistemas-de-Ozonio.pdf\" target=\"_blank\" rel=\"noopener noreferrer\" data-wpel-link=\"internal\" role=\"button\">FOLHETO<\/a><\/div>\n<p>[\/et_pb_blurb][et_pb_text admin_label=&#8221;QUICK LINKS &#8211; ES&#8221; _builder_version=&#8221;4.27.6&#8243; header_text_color=&#8221;#0b3a5d&#8221; header_font_size=&#8221;20px&#8221; background_color=&#8221;#f4f4f4&#8243; background_size=&#8221;initial&#8221; background_position=&#8221;center_right&#8221; background_blend=&#8221;overlay&#8221; custom_padding=&#8221;30px|30px|30px|30px&#8221; hover_enabled=&#8221;0&#8243; z_index_tablet=&#8221;500&#8243; global_colors_info=&#8221;{}&#8221; sticky_enabled=&#8221;0&#8243;]<\/p>\n<h1>LINKS R\u00c1PIDOS<\/h1>\n<ul>\n<li><a href=\"https:\/\/www.fluencecorp.com\/pt\/estudos-de-caso\/\">Estudos de Caso<\/a><\/li>\n<\/ul>\n<p>[\/et_pb_text][\/et_pb_column][\/et_pb_row][\/et_pb_section]<\/p>\n","protected":false},"excerpt":{"rendered":"<p>Equipamentos utilizados no tratamento de \u00e1gua para desinfec\u00e7\u00e3o avan\u00e7ada e oxida\u00e7\u00e3o de contaminantes, melhorando a qualidade do processo.<\/p>\n","protected":false},"author":1,"featured_media":45773,"parent":0,"menu_order":0,"comment_status":"closed","ping_status":"closed","template":"","meta":{"_et_pb_use_builder":"on","_et_pb_old_content":"","_et_gb_content_width":"","_relevanssi_hide_post":"","_relevanssi_hide_content":"","_relevanssi_pin_for_all":"","_relevanssi_pin_keywords":"","_relevanssi_unpin_keywords":"","_relevanssi_related_keywords":"","_relevanssi_related_include_ids":"","_relevanssi_related_exclude_ids":"","_relevanssi_related_no_append":"","_relevanssi_related_not_related":"","_relevanssi_related_posts":"","_relevanssi_noindex_reason":"","inline_featured_image":false,"footnotes":"","_links_to":"","_links_to_target":""},"coauthors":[288],"class_list":["post-91591","page","type-page","status-publish","has-post-thumbnail","hentry"],"yoast_head":"<!-- This site is optimized with the Yoast SEO plugin v27.5 - https:\/\/yoast.com\/product\/yoast-seo-wordpress\/ -->\n<title>Geradores de Oz\u00f4nio para Tratamento de \u00c1gua | Fluence<\/title>\n<meta name=\"description\" content=\"Equipamentos utilizados no tratamento de \u00e1gua para desinfec\u00e7\u00e3o avan\u00e7ada e oxida\u00e7\u00e3o de contaminantes, melhorando a qualidade do processo.\" \/>\n<meta name=\"robots\" content=\"index, follow, max-snippet:-1, max-image-preview:large, max-video-preview:-1\" \/>\n<link rel=\"canonical\" href=\"https:\/\/www.fluencecorp.com\/pt\/geradores-de-ozonio\/\" \/>\n<meta property=\"og:locale\" content=\"pt_BR\" \/>\n<meta property=\"og:type\" content=\"article\" \/>\n<meta property=\"og:title\" content=\"Geradores de Oz\u00f4nio para Tratamento de \u00c1gua\" \/>\n<meta property=\"og:description\" content=\"Equipamentos utilizados no tratamento de \u00e1gua para desinfec\u00e7\u00e3o avan\u00e7ada e oxida\u00e7\u00e3o de contaminantes, melhorando a qualidade do processo.\" \/>\n<meta property=\"og:url\" content=\"https:\/\/www.fluencecorp.com\/pt\/geradores-de-ozonio\/\" \/>\n<meta property=\"article:publisher\" content=\"https:\/\/www.facebook.com\/FluenceCorp\" \/>\n<meta property=\"article:modified_time\" content=\"2026-04-29T17:35:12+00:00\" \/>\n<meta property=\"og:image\" content=\"https:\/\/www.fluencecorp.com\/wp-content\/uploads\/2017\/07\/droplet-pattern.png\" \/>\n\t<meta property=\"og:image:width\" content=\"347\" \/>\n\t<meta property=\"og:image:height\" content=\"231\" \/>\n\t<meta property=\"og:image:type\" content=\"image\/png\" \/>\n<meta name=\"twitter:card\" content=\"summary_large_image\" \/>\n<meta name=\"twitter:title\" content=\"Geradores de Oz\u00f4nio para Tratamento de \u00c1gua\" \/>\n<meta name=\"twitter:site\" content=\"@FluenceCorp\" \/>\n<meta name=\"twitter:label1\" content=\"Est. tempo de leitura\" \/>\n\t<meta name=\"twitter:data1\" content=\"3 minutos\" \/>\n\t<meta name=\"twitter:label2\" content=\"Written by\" \/>\n\t<meta name=\"twitter:data2\" content=\"sysop\" \/>\n<script type=\"application\/ld+json\" class=\"yoast-schema-graph\">{\"@context\":\"https:\\\/\\\/schema.org\",\"@graph\":[{\"@type\":\"WebPage\",\"@id\":\"https:\\\/\\\/www.fluencecorp.com\\\/pt\\\/geradores-de-ozonio\\\/\",\"url\":\"https:\\\/\\\/www.fluencecorp.com\\\/pt\\\/geradores-de-ozonio\\\/\",\"name\":\"Geradores de Oz\u00f4nio para Tratamento de \u00c1gua | Fluence\",\"isPartOf\":{\"@id\":\"https:\\\/\\\/www.fluencecorp.com\\\/pt\\\/#website\"},\"primaryImageOfPage\":{\"@id\":\"https:\\\/\\\/www.fluencecorp.com\\\/pt\\\/geradores-de-ozonio\\\/#primaryimage\"},\"image\":{\"@id\":\"https:\\\/\\\/www.fluencecorp.com\\\/pt\\\/geradores-de-ozonio\\\/#primaryimage\"},\"thumbnailUrl\":\"https:\\\/\\\/www.fluencecorp.com\\\/wp-content\\\/uploads\\\/2017\\\/07\\\/droplet-pattern.png\",\"datePublished\":\"2018-01-11T05:50:22+00:00\",\"dateModified\":\"2026-04-29T17:35:12+00:00\",\"description\":\"Equipamentos utilizados no tratamento de \u00e1gua para desinfec\u00e7\u00e3o avan\u00e7ada e oxida\u00e7\u00e3o de contaminantes, melhorando a qualidade do processo.\",\"breadcrumb\":{\"@id\":\"https:\\\/\\\/www.fluencecorp.com\\\/pt\\\/geradores-de-ozonio\\\/#breadcrumb\"},\"inLanguage\":\"pt-BR\",\"potentialAction\":[{\"@type\":\"ReadAction\",\"target\":[\"https:\\\/\\\/www.fluencecorp.com\\\/pt\\\/geradores-de-ozonio\\\/\"]}]},{\"@type\":\"ImageObject\",\"inLanguage\":\"pt-BR\",\"@id\":\"https:\\\/\\\/www.fluencecorp.com\\\/pt\\\/geradores-de-ozonio\\\/#primaryimage\",\"url\":\"https:\\\/\\\/www.fluencecorp.com\\\/wp-content\\\/uploads\\\/2017\\\/07\\\/droplet-pattern.png\",\"contentUrl\":\"https:\\\/\\\/www.fluencecorp.com\\\/wp-content\\\/uploads\\\/2017\\\/07\\\/droplet-pattern.png\",\"width\":347,\"height\":231},{\"@type\":\"BreadcrumbList\",\"@id\":\"https:\\\/\\\/www.fluencecorp.com\\\/pt\\\/geradores-de-ozonio\\\/#breadcrumb\",\"itemListElement\":[{\"@type\":\"ListItem\",\"position\":1,\"name\":\"Home\",\"item\":\"https:\\\/\\\/www.fluencecorp.com\\\/pt\\\/\"},{\"@type\":\"ListItem\",\"position\":2,\"name\":\"Geradores de Oz\u00f4nio\"}]},{\"@type\":\"WebSite\",\"@id\":\"https:\\\/\\\/www.fluencecorp.com\\\/pt\\\/#website\",\"url\":\"https:\\\/\\\/www.fluencecorp.com\\\/pt\\\/\",\"name\":\"Fluence Corporation\",\"description\":\"\",\"publisher\":{\"@id\":\"https:\\\/\\\/www.fluencecorp.com\\\/pt\\\/#organization\"},\"potentialAction\":[{\"@type\":\"SearchAction\",\"target\":{\"@type\":\"EntryPoint\",\"urlTemplate\":\"https:\\\/\\\/www.fluencecorp.com\\\/pt\\\/?s={search_term_string}\"},\"query-input\":{\"@type\":\"PropertyValueSpecification\",\"valueRequired\":true,\"valueName\":\"search_term_string\"}}],\"inLanguage\":\"pt-BR\"},{\"@type\":\"Organization\",\"@id\":\"https:\\\/\\\/www.fluencecorp.com\\\/pt\\\/#organization\",\"name\":\"Fluence\",\"url\":\"https:\\\/\\\/www.fluencecorp.com\\\/pt\\\/\",\"logo\":{\"@type\":\"ImageObject\",\"inLanguage\":\"pt-BR\",\"@id\":\"https:\\\/\\\/www.fluencecorp.com\\\/pt\\\/#\\\/schema\\\/logo\\\/image\\\/\",\"url\":\"https:\\\/\\\/www.fluencecorp.com\\\/wp-content\\\/uploads\\\/2018\\\/03\\\/fluence-seo-logo.png\",\"contentUrl\":\"https:\\\/\\\/www.fluencecorp.com\\\/wp-content\\\/uploads\\\/2018\\\/03\\\/fluence-seo-logo.png\",\"width\":523,\"height\":181,\"caption\":\"Fluence\"},\"image\":{\"@id\":\"https:\\\/\\\/www.fluencecorp.com\\\/pt\\\/#\\\/schema\\\/logo\\\/image\\\/\"},\"sameAs\":[\"https:\\\/\\\/www.facebook.com\\\/FluenceCorp\",\"https:\\\/\\\/x.com\\\/FluenceCorp\",\"https:\\\/\\\/www.linkedin.com\\\/company-beta\\\/18150486\\\/\"]}]}<\/script>\n<!-- \/ Yoast SEO plugin. -->","yoast_head_json":{"title":"Geradores de Oz\u00f4nio para Tratamento de \u00c1gua | Fluence","description":"Equipamentos utilizados no tratamento de \u00e1gua para desinfec\u00e7\u00e3o avan\u00e7ada e oxida\u00e7\u00e3o de contaminantes, melhorando a qualidade do processo.","robots":{"index":"index","follow":"follow","max-snippet":"max-snippet:-1","max-image-preview":"max-image-preview:large","max-video-preview":"max-video-preview:-1"},"canonical":"https:\/\/www.fluencecorp.com\/pt\/geradores-de-ozonio\/","og_locale":"pt_BR","og_type":"article","og_title":"Geradores de Oz\u00f4nio para Tratamento de \u00c1gua","og_description":"Equipamentos utilizados no tratamento de \u00e1gua para desinfec\u00e7\u00e3o avan\u00e7ada e oxida\u00e7\u00e3o de contaminantes, melhorando a qualidade do processo.","og_url":"https:\/\/www.fluencecorp.com\/pt\/geradores-de-ozonio\/","article_publisher":"https:\/\/www.facebook.com\/FluenceCorp","article_modified_time":"2026-04-29T17:35:12+00:00","og_image":[{"width":347,"height":231,"url":"https:\/\/www.fluencecorp.com\/wp-content\/uploads\/2017\/07\/droplet-pattern.png","type":"image\/png"}],"twitter_card":"summary_large_image","twitter_title":"Geradores de Oz\u00f4nio para Tratamento de \u00c1gua","twitter_site":"@FluenceCorp","twitter_misc":{"Est. tempo de leitura":"3 minutos","Written by":"sysop"},"schema":{"@context":"https:\/\/schema.org","@graph":[{"@type":"WebPage","@id":"https:\/\/www.fluencecorp.com\/pt\/geradores-de-ozonio\/","url":"https:\/\/www.fluencecorp.com\/pt\/geradores-de-ozonio\/","name":"Geradores de Oz\u00f4nio para Tratamento de \u00c1gua | Fluence","isPartOf":{"@id":"https:\/\/www.fluencecorp.com\/pt\/#website"},"primaryImageOfPage":{"@id":"https:\/\/www.fluencecorp.com\/pt\/geradores-de-ozonio\/#primaryimage"},"image":{"@id":"https:\/\/www.fluencecorp.com\/pt\/geradores-de-ozonio\/#primaryimage"},"thumbnailUrl":"https:\/\/www.fluencecorp.com\/wp-content\/uploads\/2017\/07\/droplet-pattern.png","datePublished":"2018-01-11T05:50:22+00:00","dateModified":"2026-04-29T17:35:12+00:00","description":"Equipamentos utilizados no tratamento de \u00e1gua para desinfec\u00e7\u00e3o avan\u00e7ada e oxida\u00e7\u00e3o de contaminantes, melhorando a qualidade do processo.","breadcrumb":{"@id":"https:\/\/www.fluencecorp.com\/pt\/geradores-de-ozonio\/#breadcrumb"},"inLanguage":"pt-BR","potentialAction":[{"@type":"ReadAction","target":["https:\/\/www.fluencecorp.com\/pt\/geradores-de-ozonio\/"]}]},{"@type":"ImageObject","inLanguage":"pt-BR","@id":"https:\/\/www.fluencecorp.com\/pt\/geradores-de-ozonio\/#primaryimage","url":"https:\/\/www.fluencecorp.com\/wp-content\/uploads\/2017\/07\/droplet-pattern.png","contentUrl":"https:\/\/www.fluencecorp.com\/wp-content\/uploads\/2017\/07\/droplet-pattern.png","width":347,"height":231},{"@type":"BreadcrumbList","@id":"https:\/\/www.fluencecorp.com\/pt\/geradores-de-ozonio\/#breadcrumb","itemListElement":[{"@type":"ListItem","position":1,"name":"Home","item":"https:\/\/www.fluencecorp.com\/pt\/"},{"@type":"ListItem","position":2,"name":"Geradores de Oz\u00f4nio"}]},{"@type":"WebSite","@id":"https:\/\/www.fluencecorp.com\/pt\/#website","url":"https:\/\/www.fluencecorp.com\/pt\/","name":"Fluence Corporation","description":"","publisher":{"@id":"https:\/\/www.fluencecorp.com\/pt\/#organization"},"potentialAction":[{"@type":"SearchAction","target":{"@type":"EntryPoint","urlTemplate":"https:\/\/www.fluencecorp.com\/pt\/?s={search_term_string}"},"query-input":{"@type":"PropertyValueSpecification","valueRequired":true,"valueName":"search_term_string"}}],"inLanguage":"pt-BR"},{"@type":"Organization","@id":"https:\/\/www.fluencecorp.com\/pt\/#organization","name":"Fluence","url":"https:\/\/www.fluencecorp.com\/pt\/","logo":{"@type":"ImageObject","inLanguage":"pt-BR","@id":"https:\/\/www.fluencecorp.com\/pt\/#\/schema\/logo\/image\/","url":"https:\/\/www.fluencecorp.com\/wp-content\/uploads\/2018\/03\/fluence-seo-logo.png","contentUrl":"https:\/\/www.fluencecorp.com\/wp-content\/uploads\/2018\/03\/fluence-seo-logo.png","width":523,"height":181,"caption":"Fluence"},"image":{"@id":"https:\/\/www.fluencecorp.com\/pt\/#\/schema\/logo\/image\/"},"sameAs":["https:\/\/www.facebook.com\/FluenceCorp","https:\/\/x.com\/FluenceCorp","https:\/\/www.linkedin.com\/company-beta\/18150486\/"]}]}},"_links":{"self":[{"href":"https:\/\/www.fluencecorp.com\/pt\/wp-json\/wp\/v2\/pages\/91591","targetHints":{"allow":["GET"]}}],"collection":[{"href":"https:\/\/www.fluencecorp.com\/pt\/wp-json\/wp\/v2\/pages"}],"about":[{"href":"https:\/\/www.fluencecorp.com\/pt\/wp-json\/wp\/v2\/types\/page"}],"author":[{"embeddable":true,"href":"https:\/\/www.fluencecorp.com\/pt\/wp-json\/wp\/v2\/users\/1"}],"replies":[{"embeddable":true,"href":"https:\/\/www.fluencecorp.com\/pt\/wp-json\/wp\/v2\/comments?post=91591"}],"version-history":[{"count":0,"href":"https:\/\/www.fluencecorp.com\/pt\/wp-json\/wp\/v2\/pages\/91591\/revisions"}],"wp:featuredmedia":[{"embeddable":true,"href":"https:\/\/www.fluencecorp.com\/pt\/wp-json\/wp\/v2\/media\/45773"}],"wp:attachment":[{"href":"https:\/\/www.fluencecorp.com\/pt\/wp-json\/wp\/v2\/media?parent=91591"}],"wp:term":[{"taxonomy":"author","embeddable":true,"href":"https:\/\/www.fluencecorp.com\/pt\/wp-json\/wp\/v2\/coauthors?post=91591"}],"curies":[{"name":"wp","href":"https:\/\/api.w.org\/{rel}","templated":true}]}}