{"id":91576,"date":"2026-02-17T07:54:53","date_gmt":"2026-02-16T20:54:53","guid":{"rendered":"https:\/\/www.fluencecorp.com\/auditoria-diagnostico-optimizacion\/"},"modified":"2026-04-30T03:23:58","modified_gmt":"2026-04-29T17:23:58","slug":"auditoria-e-diagnostico-de-estacoes-de-agua","status":"publish","type":"page","link":"https:\/\/www.fluencecorp.com\/pt\/auditoria-e-diagnostico-de-estacoes-de-agua\/","title":{"rendered":"Servi\u00e7o de Auditoria e Diagn\u00f3stico para Otimiza\u00e7\u00e3o de Esta\u00e7\u00f5es de \u00c1gua"},"content":{"rendered":"<p>[et_pb_section fb_built=&#8221;1&#8243; _builder_version=&#8221;4.16&#8243; background_color=&#8221;#f4f4f4&#8243; background_blend=&#8221;multiply&#8221; custom_padding=&#8221;0px||0px|&#8221; da_disable_devices=&#8221;off|off|off&#8221; global_colors_info=&#8221;{}&#8221; da_is_popup=&#8221;off&#8221; da_exit_intent=&#8221;off&#8221; da_has_close=&#8221;on&#8221; da_alt_close=&#8221;off&#8221; da_dark_close=&#8221;off&#8221; da_not_modal=&#8221;on&#8221; da_is_singular=&#8221;off&#8221; da_with_loader=&#8221;off&#8221; da_has_shadow=&#8221;on&#8221;][et_pb_row _builder_version=&#8221;4.16&#8243; custom_margin=&#8221;0px||0px|&#8221; custom_padding=&#8221;0px||0px|&#8221; global_colors_info=&#8221;{}&#8221;][et_pb_column type=&#8221;4_4&#8243; _builder_version=&#8221;4.16&#8243; background_position=&#8221;top_left&#8221; custom_padding=&#8221;|||&#8221; global_colors_info=&#8221;{}&#8221; custom_padding__hover=&#8221;|||&#8221;][et_pb_text admin_label=&#8221;Header with Grey Background&#8221; _builder_version=&#8221;4.27.6&#8243; text_text_color=&#8221;#778591&#8243; text_font_size=&#8221;24&#8243; header_font=&#8221;|on|||&#8221; header_text_color=&#8221;#0b3a5d&#8221; header_font_size=&#8221;52px&#8221; custom_margin=&#8221;10px||10px|&#8221; custom_padding=&#8221;44px||44px|&#8221; text_font_size_tablet=&#8221;16&#8243; text_font_size_phone=&#8221;&#8221; text_font_size_last_edited=&#8221;on|phone&#8221; header_font_size_tablet=&#8221;35px&#8221; header_font_size_phone=&#8221;28px&#8221; header_font_size_last_edited=&#8221;on|phone&#8221; global_colors_info=&#8221;{}&#8221;]<\/p>\n<h1>Servi\u00e7o de Auditoria e Diagn\u00f3stico para Otimiza\u00e7\u00e3o de Esta\u00e7\u00f5es de \u00c1gua<\/h1>\n<h2>Identifique oportunidades. Reduzi custos. Maximize resultados.<\/h2>\n<p>[\/et_pb_text][\/et_pb_column][\/et_pb_row][\/et_pb_section][et_pb_section fb_built=&#8221;1&#8243; _builder_version=&#8221;4.16&#8243; custom_padding=&#8221;0px||0px|&#8221; da_disable_devices=&#8221;off|off|off&#8221; global_colors_info=&#8221;{}&#8221; da_is_popup=&#8221;off&#8221; da_exit_intent=&#8221;off&#8221; da_has_close=&#8221;on&#8221; da_alt_close=&#8221;off&#8221; da_dark_close=&#8221;off&#8221; da_not_modal=&#8221;on&#8221; da_is_singular=&#8221;off&#8221; da_with_loader=&#8221;off&#8221; da_has_shadow=&#8221;on&#8221;][et_pb_row column_structure=&#8221;1_2,1_2&#8243; _builder_version=&#8221;4.27.5&#8243; _module_preset=&#8221;default&#8221; global_colors_info=&#8221;{}&#8221;][et_pb_column type=&#8221;1_2&#8243; _builder_version=&#8221;4.27.5&#8243; _module_preset=&#8221;default&#8221; global_colors_info=&#8221;{}&#8221;][et_pb_text _builder_version=&#8221;4.27.6&#8243; _module_preset=&#8221;default&#8221; hover_enabled=&#8221;0&#8243; global_colors_info=&#8221;{}&#8221; sticky_enabled=&#8221;0&#8243;]<\/p>\n<h3>Por que contratar esse servi\u00e7o?<\/h3>\n<p>Em um contexto em que cada recurso conta, garantir a efici\u00eancia operacional da sua usina n\u00e3o \u00e9 uma op\u00e7\u00e3o: \u00e9 uma necessidade.<\/p>\n<p>Nosso servi\u00e7o de Auditoria e Diagn\u00f3stico foi projetado para lhe oferecer uma vis\u00e3o especializada e objetiva do estado real da sua esta\u00e7\u00e3o de \u00e1gua, efluentes ou reutiliza\u00e7\u00e3o.<\/p>\n<ul>\n<li>Detecte desvios ou falhas antes que se tornem problemas.<\/li>\n<li>Melhore o desempenho dos seus processos e sistemas.<\/li>\n<li>Use o diagn\u00f3stico como base para tomar decis\u00f5es t\u00e9cnicas e estrat\u00e9gicas.<\/li>\n<\/ul>\n<p>[\/et_pb_text][\/et_pb_column][et_pb_column type=&#8221;1_2&#8243; _builder_version=&#8221;4.27.5&#8243; _module_preset=&#8221;default&#8221; global_colors_info=&#8221;{}&#8221;][et_pb_image src=&#8221;https:\/\/www.fluencecorp.com\/wp-content\/uploads\/2026\/02\/Servicio-de-Auditoria-Diagnostico-img.jpg&#8221; alt=&#8221;Auditoria t\u00e9cnica para diagn\u00f3stico e otimiza\u00e7\u00e3o de esta\u00e7\u00f5es de tratamento de \u00e1gua&#8221; title_text=&#8221;Auditoria e diagn\u00f3stico de esta\u00e7\u00f5es de \u00e1gua&#8221; _builder_version=&#8221;4.27.6&#8243; _module_preset=&#8221;default&#8221; global_colors_info=&#8221;{}&#8221;][\/et_pb_image][\/et_pb_column][\/et_pb_row][et_pb_row column_structure=&#8221;2_3,1_3&#8243; _builder_version=&#8221;4.16&#8243; background_size=&#8221;initial&#8221; background_position=&#8221;top_left&#8221; background_repeat=&#8221;repeat&#8221; global_colors_info=&#8221;{}&#8221;][et_pb_column type=&#8221;2_3&#8243; _builder_version=&#8221;4.16&#8243; custom_padding=&#8221;|||&#8221; global_colors_info=&#8221;{}&#8221; custom_padding__hover=&#8221;|||&#8221;][et_pb_text admin_label=&#8221;Main Body Text&#8221; _builder_version=&#8221;4.27.6&#8243; hover_enabled=&#8221;0&#8243; global_colors_info=&#8221;{}&#8221; sticky_enabled=&#8221;0&#8243;]<\/p>\n<h3>O que o servi\u00e7o inclui?<\/h3>\n<ol>\n<li>Visita t\u00e9cnica \u00e0 usina.<\/li>\n<li>An\u00e1lise t\u00e9cnica e diagn\u00f3stico.<\/li>\n<li>Relat\u00f3rio t\u00e9cnico com recomenda\u00e7\u00f5es.<\/li>\n<\/ol>\n<p>Aplic\u00e1vel a: <\/p>\n<p>Esta\u00e7\u00f5es de <a target=\"_blank\" rel=\"noopener\" href=\"https:\/\/www.fluencecorp.com\/pt\/solucoes-tratamento-agua\/\">tratamento de \u00e1gua<\/a> (UF, RO, EDI, etc.).<\/p>\n<p>Plantas <a target=\"_blank\" rel=\"noopener\" href=\"https:\/\/www.fluencecorp.com\/pt\/water-reuse\/\">Reutiliza\u00e7\u00e3o<\/a> o efluentes (MBR).<\/p>\n<p>Sistemas novos ou existentes.<\/p>\n<h3>Benef\u00edcios concretos para sua empresa<\/h3>\n<ul>\n<li>Economia de custos em energia, produtos qu\u00edmicos e manuten\u00e7\u00e3o.<\/li>\n<li>Maior confiabilidade operacional: menos tempos de inatividade, mais estabilidade e robustez.<\/li>\n<li>Extens\u00e3o da vida \u00fatil dos equipamentos-chave (membranas, filtros, v\u00e1lvulas).<\/li>\n<li>Melhoria na qualidade da \u00e1gua ou efluente tratada.<\/li>\n<li>Base t\u00e9cnica para planejamento de investimentos.<\/li>\n<li>Suporte especializado desde o diagn\u00f3stico at\u00e9 a implementa\u00e7\u00e3o.<\/li>\n<\/ul>\n<p>Vamos coordenar uma visita t\u00e9cnica e iniciar o diagn\u00f3stico para avaliar sua planta e preparar um relat\u00f3rio com oportunidades de melhoria. <a target=\"_blank\" rel=\"noopener\" href=\"https:\/\/www.fluencecorp.com\/pt\/contato\/\">Entre em contato com nossa equipe de profissionais.<\/a>[\/et_pb_text][\/et_pb_column][et_pb_column type=&#8221;1_3&#8243; _builder_version=&#8221;4.16&#8243; custom_padding=&#8221;|||&#8221; global_colors_info=&#8221;{}&#8221; custom_padding__hover=&#8221;|||&#8221;][et_pb_blurb title=&#8221;DESEMPENHO OTIMIZADO DA PLANTA&#8221; image=&#8221;https:\/\/www.fluencecorp.com\/wp-content\/uploads\/2017\/07\/smart_02.svg&#8221; admin_label=&#8221;WASTE-TO-ENERGY CHALLENGES &#8211; ES&#8221; module_class=&#8221;fluenceblurb&#8221; _builder_version=&#8221;4.27.6&#8243; text_orientation=&#8221;center&#8221; max_width_tablet=&#8221;50px&#8221; custom_padding=&#8221;30px|20px|30px|20px&#8221; animation=&#8221;off&#8221; border_radii=&#8221;on|3px|3px|3px|3px&#8221; border_width_all=&#8221;1px&#8221; border_color_all=&#8221;#7fc8bd&#8221; use_border_color=&#8221;on&#8221; use_circle=&#8221;off&#8221; use_circle_border=&#8221;off&#8221; global_colors_info=&#8221;{}&#8221;]Entre em contato com a Fluence para saber mais sobre o monitoramento remoto da TAMI\u2122, optimiza\u00e7\u00e3o de processos ou para discutir detalhes espec\u00edficos do seu projeto.<\/p>\n<p><a class=\"et_pb_promo_button et_pb_button\" href=\"https:\/\/www.fluencecorp.com\/pt\/contato\/\">ENTRE EM CONTATO<\/a>[\/et_pb_blurb][\/et_pb_column][\/et_pb_row][\/et_pb_section]<\/p>\n","protected":false},"excerpt":{"rendered":"<p> Servi\u00e7o especializado que avalia o desempenho de esta\u00e7\u00f5es de tratamento de \u00e1gua, identifica oportunidades de melhoria e reduz custos operacionais.<\/p>\n","protected":false},"author":1,"featured_media":45773,"parent":0,"menu_order":0,"comment_status":"closed","ping_status":"closed","template":"","meta":{"_et_pb_use_builder":"on","_et_pb_old_content":"","_et_gb_content_width":"","_relevanssi_hide_post":"","_relevanssi_hide_content":"","_relevanssi_pin_for_all":"","_relevanssi_pin_keywords":"","_relevanssi_unpin_keywords":"","_relevanssi_related_keywords":"","_relevanssi_related_include_ids":"","_relevanssi_related_exclude_ids":"","_relevanssi_related_no_append":"","_relevanssi_related_not_related":"","_relevanssi_related_posts":"","_relevanssi_noindex_reason":"","inline_featured_image":false,"footnotes":"","_links_to":"","_links_to_target":""},"coauthors":[288],"class_list":["post-91576","page","type-page","status-publish","has-post-thumbnail","hentry"],"yoast_head":"<!-- This site is optimized with the Yoast SEO plugin v27.5 - https:\/\/yoast.com\/product\/yoast-seo-wordpress\/ -->\n<title>Auditoria e Diagn\u00f3stico para Otimiza\u00e7\u00e3o de Esta\u00e7\u00f5es de \u00c1gua | Fluence<\/title>\n<meta name=\"description\" content=\"Servi\u00e7o especializado que avalia o desempenho de esta\u00e7\u00f5es de tratamento de \u00e1gua, identifica oportunidades de melhoria e reduz custos operacionais.\" \/>\n<meta name=\"robots\" content=\"index, follow, max-snippet:-1, max-image-preview:large, max-video-preview:-1\" \/>\n<link rel=\"canonical\" href=\"https:\/\/www.fluencecorp.com\/pt\/auditoria-e-diagnostico-de-estacoes-de-agua\/\" \/>\n<meta property=\"og:locale\" content=\"pt_BR\" \/>\n<meta property=\"og:type\" content=\"article\" \/>\n<meta property=\"og:title\" content=\"Auditoria e Diagn\u00f3stico para Otimiza\u00e7\u00e3o de Esta\u00e7\u00f5es de \u00c1gua\" \/>\n<meta property=\"og:description\" content=\"Servi\u00e7o especializado que avalia o desempenho de esta\u00e7\u00f5es de tratamento de \u00e1gua, identifica oportunidades de melhoria e reduz custos operacionais.\" \/>\n<meta property=\"og:url\" content=\"https:\/\/www.fluencecorp.com\/pt\/auditoria-e-diagnostico-de-estacoes-de-agua\/\" \/>\n<meta property=\"article:publisher\" content=\"https:\/\/www.facebook.com\/FluenceCorp\" \/>\n<meta property=\"article:modified_time\" content=\"2026-04-29T17:23:58+00:00\" \/>\n<meta property=\"og:image\" content=\"https:\/\/www.fluencecorp.com\/wp-content\/uploads\/2017\/07\/droplet-pattern.png\" \/>\n\t<meta property=\"og:image:width\" content=\"347\" \/>\n\t<meta property=\"og:image:height\" content=\"231\" \/>\n\t<meta property=\"og:image:type\" content=\"image\/png\" \/>\n<meta name=\"twitter:card\" content=\"summary_large_image\" \/>\n<meta name=\"twitter:title\" content=\"Auditoria e Diagn\u00f3stico para Otimiza\u00e7\u00e3o de Esta\u00e7\u00f5es de \u00c1gua\" \/>\n<meta name=\"twitter:site\" content=\"@FluenceCorp\" \/>\n<meta name=\"twitter:label1\" content=\"Est. tempo de leitura\" \/>\n\t<meta name=\"twitter:data1\" content=\"2 minutos\" \/>\n\t<meta name=\"twitter:label2\" content=\"Written by\" \/>\n\t<meta name=\"twitter:data2\" content=\"sysop\" \/>\n<script type=\"application\/ld+json\" class=\"yoast-schema-graph\">{\"@context\":\"https:\\\/\\\/schema.org\",\"@graph\":[{\"@type\":\"WebPage\",\"@id\":\"https:\\\/\\\/www.fluencecorp.com\\\/pt\\\/auditoria-e-diagnostico-de-estacoes-de-agua\\\/\",\"url\":\"https:\\\/\\\/www.fluencecorp.com\\\/pt\\\/auditoria-e-diagnostico-de-estacoes-de-agua\\\/\",\"name\":\"Auditoria e Diagn\u00f3stico para Otimiza\u00e7\u00e3o de Esta\u00e7\u00f5es de \u00c1gua | Fluence\",\"isPartOf\":{\"@id\":\"https:\\\/\\\/www.fluencecorp.com\\\/pt\\\/#website\"},\"primaryImageOfPage\":{\"@id\":\"https:\\\/\\\/www.fluencecorp.com\\\/pt\\\/auditoria-e-diagnostico-de-estacoes-de-agua\\\/#primaryimage\"},\"image\":{\"@id\":\"https:\\\/\\\/www.fluencecorp.com\\\/pt\\\/auditoria-e-diagnostico-de-estacoes-de-agua\\\/#primaryimage\"},\"thumbnailUrl\":\"https:\\\/\\\/www.fluencecorp.com\\\/wp-content\\\/uploads\\\/2017\\\/07\\\/droplet-pattern.png\",\"datePublished\":\"2026-02-16T20:54:53+00:00\",\"dateModified\":\"2026-04-29T17:23:58+00:00\",\"description\":\"Servi\u00e7o especializado que avalia o desempenho de esta\u00e7\u00f5es de tratamento de \u00e1gua, identifica oportunidades de melhoria e reduz custos operacionais.\",\"breadcrumb\":{\"@id\":\"https:\\\/\\\/www.fluencecorp.com\\\/pt\\\/auditoria-e-diagnostico-de-estacoes-de-agua\\\/#breadcrumb\"},\"inLanguage\":\"pt-BR\",\"potentialAction\":[{\"@type\":\"ReadAction\",\"target\":[\"https:\\\/\\\/www.fluencecorp.com\\\/pt\\\/auditoria-e-diagnostico-de-estacoes-de-agua\\\/\"]}]},{\"@type\":\"ImageObject\",\"inLanguage\":\"pt-BR\",\"@id\":\"https:\\\/\\\/www.fluencecorp.com\\\/pt\\\/auditoria-e-diagnostico-de-estacoes-de-agua\\\/#primaryimage\",\"url\":\"https:\\\/\\\/www.fluencecorp.com\\\/wp-content\\\/uploads\\\/2017\\\/07\\\/droplet-pattern.png\",\"contentUrl\":\"https:\\\/\\\/www.fluencecorp.com\\\/wp-content\\\/uploads\\\/2017\\\/07\\\/droplet-pattern.png\",\"width\":347,\"height\":231},{\"@type\":\"BreadcrumbList\",\"@id\":\"https:\\\/\\\/www.fluencecorp.com\\\/pt\\\/auditoria-e-diagnostico-de-estacoes-de-agua\\\/#breadcrumb\",\"itemListElement\":[{\"@type\":\"ListItem\",\"position\":1,\"name\":\"Home\",\"item\":\"https:\\\/\\\/www.fluencecorp.com\\\/pt\\\/\"},{\"@type\":\"ListItem\",\"position\":2,\"name\":\"Servi\u00e7o de Auditoria e Diagn\u00f3stico para Otimiza\u00e7\u00e3o de Esta\u00e7\u00f5es de \u00c1gua\"}]},{\"@type\":\"WebSite\",\"@id\":\"https:\\\/\\\/www.fluencecorp.com\\\/pt\\\/#website\",\"url\":\"https:\\\/\\\/www.fluencecorp.com\\\/pt\\\/\",\"name\":\"Fluence Corporation\",\"description\":\"\",\"publisher\":{\"@id\":\"https:\\\/\\\/www.fluencecorp.com\\\/pt\\\/#organization\"},\"potentialAction\":[{\"@type\":\"SearchAction\",\"target\":{\"@type\":\"EntryPoint\",\"urlTemplate\":\"https:\\\/\\\/www.fluencecorp.com\\\/pt\\\/?s={search_term_string}\"},\"query-input\":{\"@type\":\"PropertyValueSpecification\",\"valueRequired\":true,\"valueName\":\"search_term_string\"}}],\"inLanguage\":\"pt-BR\"},{\"@type\":\"Organization\",\"@id\":\"https:\\\/\\\/www.fluencecorp.com\\\/pt\\\/#organization\",\"name\":\"Fluence\",\"url\":\"https:\\\/\\\/www.fluencecorp.com\\\/pt\\\/\",\"logo\":{\"@type\":\"ImageObject\",\"inLanguage\":\"pt-BR\",\"@id\":\"https:\\\/\\\/www.fluencecorp.com\\\/pt\\\/#\\\/schema\\\/logo\\\/image\\\/\",\"url\":\"https:\\\/\\\/www.fluencecorp.com\\\/wp-content\\\/uploads\\\/2018\\\/03\\\/fluence-seo-logo.png\",\"contentUrl\":\"https:\\\/\\\/www.fluencecorp.com\\\/wp-content\\\/uploads\\\/2018\\\/03\\\/fluence-seo-logo.png\",\"width\":523,\"height\":181,\"caption\":\"Fluence\"},\"image\":{\"@id\":\"https:\\\/\\\/www.fluencecorp.com\\\/pt\\\/#\\\/schema\\\/logo\\\/image\\\/\"},\"sameAs\":[\"https:\\\/\\\/www.facebook.com\\\/FluenceCorp\",\"https:\\\/\\\/x.com\\\/FluenceCorp\",\"https:\\\/\\\/www.linkedin.com\\\/company-beta\\\/18150486\\\/\"]}]}<\/script>\n<!-- \/ Yoast SEO plugin. -->","yoast_head_json":{"title":"Auditoria e Diagn\u00f3stico para Otimiza\u00e7\u00e3o de Esta\u00e7\u00f5es de \u00c1gua | Fluence","description":"Servi\u00e7o especializado que avalia o desempenho de esta\u00e7\u00f5es de tratamento de \u00e1gua, identifica oportunidades de melhoria e reduz custos operacionais.","robots":{"index":"index","follow":"follow","max-snippet":"max-snippet:-1","max-image-preview":"max-image-preview:large","max-video-preview":"max-video-preview:-1"},"canonical":"https:\/\/www.fluencecorp.com\/pt\/auditoria-e-diagnostico-de-estacoes-de-agua\/","og_locale":"pt_BR","og_type":"article","og_title":"Auditoria e Diagn\u00f3stico para Otimiza\u00e7\u00e3o de Esta\u00e7\u00f5es de \u00c1gua","og_description":"Servi\u00e7o especializado que avalia o desempenho de esta\u00e7\u00f5es de tratamento de \u00e1gua, identifica oportunidades de melhoria e reduz custos operacionais.","og_url":"https:\/\/www.fluencecorp.com\/pt\/auditoria-e-diagnostico-de-estacoes-de-agua\/","article_publisher":"https:\/\/www.facebook.com\/FluenceCorp","article_modified_time":"2026-04-29T17:23:58+00:00","og_image":[{"width":347,"height":231,"url":"https:\/\/www.fluencecorp.com\/wp-content\/uploads\/2017\/07\/droplet-pattern.png","type":"image\/png"}],"twitter_card":"summary_large_image","twitter_title":"Auditoria e Diagn\u00f3stico para Otimiza\u00e7\u00e3o de Esta\u00e7\u00f5es de \u00c1gua","twitter_site":"@FluenceCorp","twitter_misc":{"Est. tempo de leitura":"2 minutos","Written by":"sysop"},"schema":{"@context":"https:\/\/schema.org","@graph":[{"@type":"WebPage","@id":"https:\/\/www.fluencecorp.com\/pt\/auditoria-e-diagnostico-de-estacoes-de-agua\/","url":"https:\/\/www.fluencecorp.com\/pt\/auditoria-e-diagnostico-de-estacoes-de-agua\/","name":"Auditoria e Diagn\u00f3stico para Otimiza\u00e7\u00e3o de Esta\u00e7\u00f5es de \u00c1gua | Fluence","isPartOf":{"@id":"https:\/\/www.fluencecorp.com\/pt\/#website"},"primaryImageOfPage":{"@id":"https:\/\/www.fluencecorp.com\/pt\/auditoria-e-diagnostico-de-estacoes-de-agua\/#primaryimage"},"image":{"@id":"https:\/\/www.fluencecorp.com\/pt\/auditoria-e-diagnostico-de-estacoes-de-agua\/#primaryimage"},"thumbnailUrl":"https:\/\/www.fluencecorp.com\/wp-content\/uploads\/2017\/07\/droplet-pattern.png","datePublished":"2026-02-16T20:54:53+00:00","dateModified":"2026-04-29T17:23:58+00:00","description":"Servi\u00e7o especializado que avalia o desempenho de esta\u00e7\u00f5es de tratamento de \u00e1gua, identifica oportunidades de melhoria e reduz custos operacionais.","breadcrumb":{"@id":"https:\/\/www.fluencecorp.com\/pt\/auditoria-e-diagnostico-de-estacoes-de-agua\/#breadcrumb"},"inLanguage":"pt-BR","potentialAction":[{"@type":"ReadAction","target":["https:\/\/www.fluencecorp.com\/pt\/auditoria-e-diagnostico-de-estacoes-de-agua\/"]}]},{"@type":"ImageObject","inLanguage":"pt-BR","@id":"https:\/\/www.fluencecorp.com\/pt\/auditoria-e-diagnostico-de-estacoes-de-agua\/#primaryimage","url":"https:\/\/www.fluencecorp.com\/wp-content\/uploads\/2017\/07\/droplet-pattern.png","contentUrl":"https:\/\/www.fluencecorp.com\/wp-content\/uploads\/2017\/07\/droplet-pattern.png","width":347,"height":231},{"@type":"BreadcrumbList","@id":"https:\/\/www.fluencecorp.com\/pt\/auditoria-e-diagnostico-de-estacoes-de-agua\/#breadcrumb","itemListElement":[{"@type":"ListItem","position":1,"name":"Home","item":"https:\/\/www.fluencecorp.com\/pt\/"},{"@type":"ListItem","position":2,"name":"Servi\u00e7o de Auditoria e Diagn\u00f3stico para Otimiza\u00e7\u00e3o de Esta\u00e7\u00f5es de \u00c1gua"}]},{"@type":"WebSite","@id":"https:\/\/www.fluencecorp.com\/pt\/#website","url":"https:\/\/www.fluencecorp.com\/pt\/","name":"Fluence Corporation","description":"","publisher":{"@id":"https:\/\/www.fluencecorp.com\/pt\/#organization"},"potentialAction":[{"@type":"SearchAction","target":{"@type":"EntryPoint","urlTemplate":"https:\/\/www.fluencecorp.com\/pt\/?s={search_term_string}"},"query-input":{"@type":"PropertyValueSpecification","valueRequired":true,"valueName":"search_term_string"}}],"inLanguage":"pt-BR"},{"@type":"Organization","@id":"https:\/\/www.fluencecorp.com\/pt\/#organization","name":"Fluence","url":"https:\/\/www.fluencecorp.com\/pt\/","logo":{"@type":"ImageObject","inLanguage":"pt-BR","@id":"https:\/\/www.fluencecorp.com\/pt\/#\/schema\/logo\/image\/","url":"https:\/\/www.fluencecorp.com\/wp-content\/uploads\/2018\/03\/fluence-seo-logo.png","contentUrl":"https:\/\/www.fluencecorp.com\/wp-content\/uploads\/2018\/03\/fluence-seo-logo.png","width":523,"height":181,"caption":"Fluence"},"image":{"@id":"https:\/\/www.fluencecorp.com\/pt\/#\/schema\/logo\/image\/"},"sameAs":["https:\/\/www.facebook.com\/FluenceCorp","https:\/\/x.com\/FluenceCorp","https:\/\/www.linkedin.com\/company-beta\/18150486\/"]}]}},"_links":{"self":[{"href":"https:\/\/www.fluencecorp.com\/pt\/wp-json\/wp\/v2\/pages\/91576","targetHints":{"allow":["GET"]}}],"collection":[{"href":"https:\/\/www.fluencecorp.com\/pt\/wp-json\/wp\/v2\/pages"}],"about":[{"href":"https:\/\/www.fluencecorp.com\/pt\/wp-json\/wp\/v2\/types\/page"}],"author":[{"embeddable":true,"href":"https:\/\/www.fluencecorp.com\/pt\/wp-json\/wp\/v2\/users\/1"}],"replies":[{"embeddable":true,"href":"https:\/\/www.fluencecorp.com\/pt\/wp-json\/wp\/v2\/comments?post=91576"}],"version-history":[{"count":0,"href":"https:\/\/www.fluencecorp.com\/pt\/wp-json\/wp\/v2\/pages\/91576\/revisions"}],"wp:featuredmedia":[{"embeddable":true,"href":"https:\/\/www.fluencecorp.com\/pt\/wp-json\/wp\/v2\/media\/45773"}],"wp:attachment":[{"href":"https:\/\/www.fluencecorp.com\/pt\/wp-json\/wp\/v2\/media?parent=91576"}],"wp:term":[{"taxonomy":"author","embeddable":true,"href":"https:\/\/www.fluencecorp.com\/pt\/wp-json\/wp\/v2\/coauthors?post=91576"}],"curies":[{"name":"wp","href":"https:\/\/api.w.org\/{rel}","templated":true}]}}