{"id":91560,"date":"2017-12-14T15:26:24","date_gmt":"2017-12-14T04:26:24","guid":{"rendered":"https:\/\/www.fluencecorp.com\/filtros-multimedia\/"},"modified":"2026-04-30T02:55:00","modified_gmt":"2026-04-29T16:55:00","slug":"filtros-multimidia","status":"publish","type":"page","link":"https:\/\/www.fluencecorp.com\/pt\/filtros-multimidia\/","title":{"rendered":"Filtros Multim\u00eddia"},"content":{"rendered":"<p>[et_pb_section fb_built=&#8221;1&#8243; _builder_version=&#8221;4.16&#8243; background_color=&#8221;#f4f4f4&#8243; background_blend=&#8221;multiply&#8221; custom_padding=&#8221;0px||0px|&#8221; da_disable_devices=&#8221;off|off|off&#8221; global_colors_info=&#8221;{}&#8221; da_is_popup=&#8221;off&#8221; da_exit_intent=&#8221;off&#8221; da_has_close=&#8221;on&#8221; da_alt_close=&#8221;off&#8221; da_dark_close=&#8221;off&#8221; da_not_modal=&#8221;on&#8221; da_is_singular=&#8221;off&#8221; da_with_loader=&#8221;off&#8221; da_has_shadow=&#8221;on&#8221;][et_pb_row _builder_version=&#8221;4.16&#8243; custom_margin=&#8221;0px||0px|&#8221; custom_padding=&#8221;0px||0px|&#8221; global_colors_info=&#8221;{}&#8221;][et_pb_column type=&#8221;4_4&#8243; _builder_version=&#8221;4.16&#8243; background_position=&#8221;top_left&#8221; custom_padding=&#8221;|||&#8221; global_colors_info=&#8221;{}&#8221; custom_padding__hover=&#8221;|||&#8221;][et_pb_text admin_label=&#8221;Header with Grey Background&#8221; _builder_version=&#8221;4.27.6&#8243; text_text_color=&#8221;#778591&#8243; text_font_size=&#8221;24&#8243; header_font=&#8221;|on|||&#8221; header_text_color=&#8221;#0b3a5d&#8221; header_font_size=&#8221;52px&#8221; custom_margin=&#8221;10px||10px|&#8221; custom_padding=&#8221;44px||44px|&#8221; hover_enabled=&#8221;0&#8243; text_font_size_tablet=&#8221;16&#8243; text_font_size_phone=&#8221;&#8221; text_font_size_last_edited=&#8221;on|phone&#8221; header_font_size_tablet=&#8221;35px&#8221; header_font_size_phone=&#8221;28px&#8221; header_font_size_last_edited=&#8221;on|phone&#8221; global_colors_info=&#8221;{}&#8221; sticky_enabled=&#8221;0&#8243;]<\/p>\n<h1>Filtros Multim\u00eddia<\/h1>\n<p>[\/et_pb_text][\/et_pb_column][\/et_pb_row][\/et_pb_section][et_pb_section fb_built=&#8221;1&#8243; _builder_version=&#8221;4.16&#8243; custom_padding=&#8221;0px||0px|&#8221; da_disable_devices=&#8221;off|off|off&#8221; global_colors_info=&#8221;{}&#8221; da_is_popup=&#8221;off&#8221; da_exit_intent=&#8221;off&#8221; da_has_close=&#8221;on&#8221; da_alt_close=&#8221;off&#8221; da_dark_close=&#8221;off&#8221; da_not_modal=&#8221;on&#8221; da_is_singular=&#8221;off&#8221; da_with_loader=&#8221;off&#8221; da_has_shadow=&#8221;on&#8221;][et_pb_row column_structure=&#8221;2_3,1_3&#8243; _builder_version=&#8221;4.16&#8243; background_size=&#8221;initial&#8221; background_position=&#8221;top_left&#8221; background_repeat=&#8221;repeat&#8221; global_colors_info=&#8221;{}&#8221;][et_pb_column type=&#8221;2_3&#8243; _builder_version=&#8221;4.16&#8243; custom_padding=&#8221;|||&#8221; global_colors_info=&#8221;{}&#8221; custom_padding__hover=&#8221;|||&#8221;][et_pb_text admin_label=&#8221;Main Body Text&#8221; _builder_version=&#8221;4.27.6&#8243; hover_enabled=&#8221;0&#8243; global_colors_info=&#8221;{}&#8221; sticky_enabled=&#8221;0&#8243;]<\/p>\n<p>Os filtros multim\u00eddia s\u00e3o geralmente compostos por v\u00e1rias camadas de meios filtrantes com diferentes densidades e tamanhos de part\u00edculas, dispostas umas sobre as outras. Em alguns casos espec\u00edficos, com meios de \u00faltima gera\u00e7\u00e3o e alto desempenho, pode ser utilizado apenas um \u00fanico meio filtrante de origem zeol\u00edtica.<\/p>\n<p>Normalmente s\u00e3o utilizados antracito, granada e areia, dispostos de cima para baixo nessa ordem. Na base \u00e9 colocada uma camada de brita, que serve como suporte para os demais meios filtrantes. Ap\u00f3s um ciclo de opera\u00e7\u00e3o, o filtro \u00e9 submetido a uma <strong>retrolavagem<\/strong> com \u00e1gua a uma vaz\u00e3o entre 20% e 25% superior \u00e0 vaz\u00e3o normal de servi\u00e7o, permitindo a expans\u00e3o do leito e o rearranjo dos meios filtrantes. Tamb\u00e9m pode ser injetado ar pela parte inferior do tanque para aumentar a turbul\u00eancia e acelerar a expans\u00e3o do leito.<\/p>\n<p>Os ciclos de opera\u00e7\u00e3o podem durar entre 12 e 24 horas (autonomia), dependendo do projeto do filtro, enquanto as retrolavagens duram entre 15 e 60 minutos. Durante esse per\u00edodo n\u00e3o h\u00e1 produ\u00e7\u00e3o de \u00e1gua filtrada, motivo pelo qual \u00e9 recomend\u00e1vel, quando se necessita fornecimento cont\u00ednuo de \u00e1gua, a utiliza\u00e7\u00e3o de um tanque de armazenamento de \u00e1gua tratada para suprir o processo subsequente.<\/p>\n<p>No caso de utiliza\u00e7\u00e3o de \u00e1gua clorada como alimenta\u00e7\u00e3o, recomenda-se que a <strong>declora\u00e7\u00e3o<\/strong> seja realizada ap\u00f3s essa etapa, de forma a manter as condi\u00e7\u00f5es bacteriol\u00f3gicas adequadas do filtro.<\/p>\n<h3>Meios Filtrantes Especiais<\/h3>\n<p><strong>Antracito<\/strong><br \/>Devido \u00e0 sua densidade caracter\u00edstica, o antracito \u00e9 amplamente utilizado em filtros multim\u00eddia. Com densidade aproximada de 0,8 g\/cm\u00b3, apresenta bom desempenho hidr\u00e1ulico e permanece acima dos meios mais pesados, como areia ou granada, atuando como uma camada de pr\u00e9-filtra\u00e7\u00e3o. Isso resulta em ciclos de opera\u00e7\u00e3o mais longos, menor perda de carga e redu\u00e7\u00e3o da frequ\u00eancia de retrolavagens, gerando economia significativa de \u00e1gua nessa etapa.<\/p>\n<p><strong>Granada<\/strong><br \/>A granada \u00e9 um meio filtrante granular de alta densidade e dureza. \u00c9 normalmente utilizada como a camada de filtra\u00e7\u00e3o mais fina em sistemas de leito multim\u00eddia com fluxo descendente. Essa configura\u00e7\u00e3o est\u00e1vel de gr\u00e3os maiores sobre gr\u00e3os mais finos \u00e9 obtida por meio da combina\u00e7\u00e3o de materiais com diferentes tamanhos e pesos espec\u00edficos. Com peso espec\u00edfico elevado (aproximadamente 4,0), a granada forma a camada inferior do leito, com tamanho efetivo em torno de 0,3 mm, permitindo filtra\u00e7\u00e3o de part\u00edculas na faixa de 10 a 20 microns.<\/p>\n<p><strong>Turbidex \/ Filter-AG<\/strong><br \/>Uma alternativa mais moderna e eficiente aos meios tradicionais \u00e9 o filtro <strong>Turbidex<\/strong>, composto por um material mineral de aluminosilicatos com superf\u00edcie irregular e alta porosidade, oferecendo excelente desempenho na remo\u00e7\u00e3o de s\u00f3lidos suspensos.<\/p>\n<p>O Turbidex permite uma filtra\u00e7\u00e3o mais profunda que os m\u00e9todos convencionais, retendo part\u00edculas na faixa de 3 a 5 microns. Esse desempenho \u00e9 obtido n\u00e3o apenas por separa\u00e7\u00e3o f\u00edsica, mas tamb\u00e9m por absor\u00e7\u00e3o eletrost\u00e1tica, flocula\u00e7\u00e3o e troca i\u00f4nica. Como resultado, a \u00e1gua tratada alcan\u00e7a valores de turbidez inferiores a 0,1 NTU.<\/p>\n<p>Uma das principais vantagens do filtro Turbidex \u00e9 que a \u00e1gua filtrada normalmente n\u00e3o requer etapas adicionais de polimento, como acontece com filtros de areia ou multim\u00eddia tradicionais. Al\u00e9m disso, essa tecnologia contribui para a redu\u00e7\u00e3o do consumo de produtos qu\u00edmicos, cartuchos filtrantes e custos de limpeza e extens\u00e3o da vida \u00fatil de membranas instaladas a jusante.<\/p>\n<p>No projeto de filtros multim\u00eddia, devem ser considerados fatores como autonomia, velocidade linear de filtra\u00e7\u00e3o (entre 12 e 30 m\/h), altura do leito filtrante (cerca de 1 m), espa\u00e7o dispon\u00edvel para expans\u00e3o do leito (0,3 a 0,5 m), propor\u00e7\u00e3o dos meios filtrantes e a capacidade da bomba para operar tanto em regime de servi\u00e7o quanto de retrolavagem.<\/p>\n<p><a href=\"https:\/\/www.fluencecorp.com\/pt\/contato\/\" target=\"_blank\" rel=\"noopener\"><strong>Entre em contato com nossos especialistas<\/strong><\/a> para analisar os detalhes do seu projeto e descobrir como os filtros multim\u00eddia podem ajudar voc\u00ea a atingir seus objetivos.<\/p>\n<p>[\/et_pb_text][\/et_pb_column][et_pb_column type=&#8221;1_3&#8243; _builder_version=&#8221;4.16&#8243; custom_padding=&#8221;|||&#8221; global_colors_info=&#8221;{}&#8221; custom_padding__hover=&#8221;|||&#8221;][et_pb_blurb title=&#8221;DESAFIOS NO TRATAMENTO DE \u00c1GUA?&#8221; image=&#8221;https:\/\/www.fluencecorp.com\/wp-content\/uploads\/2017\/07\/water_treatment_02.svg&#8221; admin_label=&#8221;WASTE-TO-ENERGY CHALLENGES &#8211; ES&#8221; module_class=&#8221;fluenceblurb&#8221; _builder_version=&#8221;4.27.6&#8243; text_orientation=&#8221;center&#8221; max_width_tablet=&#8221;50px&#8221; custom_padding=&#8221;30px|20px|30px|20px&#8221; animation=&#8221;off&#8221; hover_enabled=&#8221;0&#8243; border_radii=&#8221;on|3px|3px|3px|3px&#8221; border_width_all=&#8221;1px&#8221; border_color_all=&#8221;#7fc8bd&#8221; use_border_color=&#8221;on&#8221; use_circle=&#8221;off&#8221; use_circle_border=&#8221;off&#8221; global_colors_info=&#8221;{}&#8221; sticky_enabled=&#8221;0&#8243;]Estamos aqui para ajudar! Entre em contato com a Fluence para saber mais sobre nossas solu\u00e7\u00f5es de tratamento de \u00c1gua e Esgoto ou discutir detalhes espec\u00edficos do seu projeto.<\/p>\n<p><a class=\"et_pb_promo_button et_pb_button\" href=\"https:\/\/www.fluencecorp.com\/pt\/contato\/\">ENTRE EM CONTATO<\/a>[\/et_pb_blurb][et_pb_text admin_label=&#8221;QUICK LINKS &#8211; ES&#8221; _builder_version=&#8221;4.27.6&#8243; header_text_color=&#8221;#0b3a5d&#8221; header_font_size=&#8221;20px&#8221; background_color=&#8221;#f4f4f4&#8243; background_size=&#8221;initial&#8221; background_position=&#8221;center_right&#8221; background_blend=&#8221;overlay&#8221; custom_padding=&#8221;30px|30px|30px|30px&#8221; hover_enabled=&#8221;0&#8243; z_index_tablet=&#8221;500&#8243; global_colors_info=&#8221;{}&#8221; sticky_enabled=&#8221;0&#8243;]<\/p>\n<h1>LINKS R\u00c1PIDOS<\/h1>\n<ul>\n<li><a target=\"_blank\" rel=\"noopener\" href=\"https:\/\/www.fluencecorp.com\/pt\/estudos-de-caso\/\">Estudos de Caso<\/a><\/li>\n<\/ul>\n<p>[\/et_pb_text][\/et_pb_column][\/et_pb_row][\/et_pb_section]<\/p>\n","protected":false},"excerpt":{"rendered":"<p>Sistemas de filtra\u00e7\u00e3o que utilizam m\u00faltiplas camadas de meios filtrantes ou materiais zeol\u00edticos para remover s\u00f3lidos em suspens\u00e3o e melhorar o desempenho do tratamento.<\/p>\n","protected":false},"author":1,"featured_media":45773,"parent":0,"menu_order":0,"comment_status":"closed","ping_status":"closed","template":"","meta":{"_et_pb_use_builder":"on","_et_pb_old_content":"","_et_gb_content_width":"","_relevanssi_hide_post":"","_relevanssi_hide_content":"","_relevanssi_pin_for_all":"","_relevanssi_pin_keywords":"","_relevanssi_unpin_keywords":"","_relevanssi_related_keywords":"","_relevanssi_related_include_ids":"","_relevanssi_related_exclude_ids":"","_relevanssi_related_no_append":"","_relevanssi_related_not_related":"","_relevanssi_related_posts":"","_relevanssi_noindex_reason":"","inline_featured_image":false,"footnotes":"","_links_to":"","_links_to_target":""},"coauthors":[288],"class_list":["post-91560","page","type-page","status-publish","has-post-thumbnail","hentry"],"yoast_head":"<!-- This site is optimized with the Yoast SEO plugin v27.5 - https:\/\/yoast.com\/product\/yoast-seo-wordpress\/ -->\n<title>Filtros Multim\u00eddia para Tratamento de \u00c1gua | Fluence<\/title>\n<meta name=\"description\" content=\"Sistemas de filtra\u00e7\u00e3o que utilizam m\u00faltiplas camadas de meios filtrantes ou materiais zeol\u00edticos para remover s\u00f3lidos em suspens\u00e3o e melhorar o desempenho do tratamento.\" \/>\n<meta name=\"robots\" content=\"index, follow, max-snippet:-1, max-image-preview:large, max-video-preview:-1\" \/>\n<link rel=\"canonical\" href=\"https:\/\/www.fluencecorp.com\/pt\/filtros-multimidia\/\" \/>\n<meta property=\"og:locale\" content=\"pt_BR\" \/>\n<meta property=\"og:type\" content=\"article\" \/>\n<meta property=\"og:title\" content=\"Filtros Multim\u00eddia para Tratamento de \u00c1gua\" \/>\n<meta property=\"og:description\" content=\"Sistemas de filtra\u00e7\u00e3o que utilizam m\u00faltiplas camadas de meios filtrantes ou materiais zeol\u00edticos para remover s\u00f3lidos em suspens\u00e3o e melhorar o desempenho do tratamento.\" \/>\n<meta property=\"og:url\" content=\"https:\/\/www.fluencecorp.com\/pt\/filtros-multimidia\/\" \/>\n<meta property=\"article:publisher\" content=\"https:\/\/www.facebook.com\/FluenceCorp\" \/>\n<meta property=\"article:modified_time\" content=\"2026-04-29T16:55:00+00:00\" \/>\n<meta property=\"og:image\" content=\"https:\/\/www.fluencecorp.com\/wp-content\/uploads\/2017\/07\/droplet-pattern.png\" \/>\n\t<meta property=\"og:image:width\" content=\"347\" \/>\n\t<meta property=\"og:image:height\" content=\"231\" \/>\n\t<meta property=\"og:image:type\" content=\"image\/png\" \/>\n<meta name=\"twitter:card\" content=\"summary_large_image\" \/>\n<meta name=\"twitter:title\" content=\"Filtros Multim\u00eddia para Tratamento de \u00c1gua\" \/>\n<meta name=\"twitter:site\" content=\"@FluenceCorp\" \/>\n<meta name=\"twitter:label1\" content=\"Est. tempo de leitura\" \/>\n\t<meta name=\"twitter:data1\" content=\"4 minutos\" \/>\n\t<meta name=\"twitter:label2\" content=\"Written by\" \/>\n\t<meta name=\"twitter:data2\" content=\"sysop\" \/>\n<script type=\"application\/ld+json\" class=\"yoast-schema-graph\">{\"@context\":\"https:\\\/\\\/schema.org\",\"@graph\":[{\"@type\":\"WebPage\",\"@id\":\"https:\\\/\\\/www.fluencecorp.com\\\/pt\\\/filtros-multimidia\\\/\",\"url\":\"https:\\\/\\\/www.fluencecorp.com\\\/pt\\\/filtros-multimidia\\\/\",\"name\":\"Filtros Multim\u00eddia para Tratamento de \u00c1gua | Fluence\",\"isPartOf\":{\"@id\":\"https:\\\/\\\/www.fluencecorp.com\\\/pt\\\/#website\"},\"primaryImageOfPage\":{\"@id\":\"https:\\\/\\\/www.fluencecorp.com\\\/pt\\\/filtros-multimidia\\\/#primaryimage\"},\"image\":{\"@id\":\"https:\\\/\\\/www.fluencecorp.com\\\/pt\\\/filtros-multimidia\\\/#primaryimage\"},\"thumbnailUrl\":\"https:\\\/\\\/www.fluencecorp.com\\\/wp-content\\\/uploads\\\/2017\\\/07\\\/droplet-pattern.png\",\"datePublished\":\"2017-12-14T04:26:24+00:00\",\"dateModified\":\"2026-04-29T16:55:00+00:00\",\"description\":\"Sistemas de filtra\u00e7\u00e3o que utilizam m\u00faltiplas camadas de meios filtrantes ou materiais zeol\u00edticos para remover s\u00f3lidos em suspens\u00e3o e melhorar o desempenho do tratamento.\",\"breadcrumb\":{\"@id\":\"https:\\\/\\\/www.fluencecorp.com\\\/pt\\\/filtros-multimidia\\\/#breadcrumb\"},\"inLanguage\":\"pt-BR\",\"potentialAction\":[{\"@type\":\"ReadAction\",\"target\":[\"https:\\\/\\\/www.fluencecorp.com\\\/pt\\\/filtros-multimidia\\\/\"]}]},{\"@type\":\"ImageObject\",\"inLanguage\":\"pt-BR\",\"@id\":\"https:\\\/\\\/www.fluencecorp.com\\\/pt\\\/filtros-multimidia\\\/#primaryimage\",\"url\":\"https:\\\/\\\/www.fluencecorp.com\\\/wp-content\\\/uploads\\\/2017\\\/07\\\/droplet-pattern.png\",\"contentUrl\":\"https:\\\/\\\/www.fluencecorp.com\\\/wp-content\\\/uploads\\\/2017\\\/07\\\/droplet-pattern.png\",\"width\":347,\"height\":231},{\"@type\":\"BreadcrumbList\",\"@id\":\"https:\\\/\\\/www.fluencecorp.com\\\/pt\\\/filtros-multimidia\\\/#breadcrumb\",\"itemListElement\":[{\"@type\":\"ListItem\",\"position\":1,\"name\":\"Home\",\"item\":\"https:\\\/\\\/www.fluencecorp.com\\\/pt\\\/\"},{\"@type\":\"ListItem\",\"position\":2,\"name\":\"Filtros Multim\u00eddia\"}]},{\"@type\":\"WebSite\",\"@id\":\"https:\\\/\\\/www.fluencecorp.com\\\/pt\\\/#website\",\"url\":\"https:\\\/\\\/www.fluencecorp.com\\\/pt\\\/\",\"name\":\"Fluence Corporation\",\"description\":\"\",\"publisher\":{\"@id\":\"https:\\\/\\\/www.fluencecorp.com\\\/pt\\\/#organization\"},\"potentialAction\":[{\"@type\":\"SearchAction\",\"target\":{\"@type\":\"EntryPoint\",\"urlTemplate\":\"https:\\\/\\\/www.fluencecorp.com\\\/pt\\\/?s={search_term_string}\"},\"query-input\":{\"@type\":\"PropertyValueSpecification\",\"valueRequired\":true,\"valueName\":\"search_term_string\"}}],\"inLanguage\":\"pt-BR\"},{\"@type\":\"Organization\",\"@id\":\"https:\\\/\\\/www.fluencecorp.com\\\/pt\\\/#organization\",\"name\":\"Fluence\",\"url\":\"https:\\\/\\\/www.fluencecorp.com\\\/pt\\\/\",\"logo\":{\"@type\":\"ImageObject\",\"inLanguage\":\"pt-BR\",\"@id\":\"https:\\\/\\\/www.fluencecorp.com\\\/pt\\\/#\\\/schema\\\/logo\\\/image\\\/\",\"url\":\"https:\\\/\\\/www.fluencecorp.com\\\/wp-content\\\/uploads\\\/2018\\\/03\\\/fluence-seo-logo.png\",\"contentUrl\":\"https:\\\/\\\/www.fluencecorp.com\\\/wp-content\\\/uploads\\\/2018\\\/03\\\/fluence-seo-logo.png\",\"width\":523,\"height\":181,\"caption\":\"Fluence\"},\"image\":{\"@id\":\"https:\\\/\\\/www.fluencecorp.com\\\/pt\\\/#\\\/schema\\\/logo\\\/image\\\/\"},\"sameAs\":[\"https:\\\/\\\/www.facebook.com\\\/FluenceCorp\",\"https:\\\/\\\/x.com\\\/FluenceCorp\",\"https:\\\/\\\/www.linkedin.com\\\/company-beta\\\/18150486\\\/\"]}]}<\/script>\n<!-- \/ Yoast SEO plugin. -->","yoast_head_json":{"title":"Filtros Multim\u00eddia para Tratamento de \u00c1gua | Fluence","description":"Sistemas de filtra\u00e7\u00e3o que utilizam m\u00faltiplas camadas de meios filtrantes ou materiais zeol\u00edticos para remover s\u00f3lidos em suspens\u00e3o e melhorar o desempenho do tratamento.","robots":{"index":"index","follow":"follow","max-snippet":"max-snippet:-1","max-image-preview":"max-image-preview:large","max-video-preview":"max-video-preview:-1"},"canonical":"https:\/\/www.fluencecorp.com\/pt\/filtros-multimidia\/","og_locale":"pt_BR","og_type":"article","og_title":"Filtros Multim\u00eddia para Tratamento de \u00c1gua","og_description":"Sistemas de filtra\u00e7\u00e3o que utilizam m\u00faltiplas camadas de meios filtrantes ou materiais zeol\u00edticos para remover s\u00f3lidos em suspens\u00e3o e melhorar o desempenho do tratamento.","og_url":"https:\/\/www.fluencecorp.com\/pt\/filtros-multimidia\/","article_publisher":"https:\/\/www.facebook.com\/FluenceCorp","article_modified_time":"2026-04-29T16:55:00+00:00","og_image":[{"width":347,"height":231,"url":"https:\/\/www.fluencecorp.com\/wp-content\/uploads\/2017\/07\/droplet-pattern.png","type":"image\/png"}],"twitter_card":"summary_large_image","twitter_title":"Filtros Multim\u00eddia para Tratamento de \u00c1gua","twitter_site":"@FluenceCorp","twitter_misc":{"Est. tempo de leitura":"4 minutos","Written by":"sysop"},"schema":{"@context":"https:\/\/schema.org","@graph":[{"@type":"WebPage","@id":"https:\/\/www.fluencecorp.com\/pt\/filtros-multimidia\/","url":"https:\/\/www.fluencecorp.com\/pt\/filtros-multimidia\/","name":"Filtros Multim\u00eddia para Tratamento de \u00c1gua | Fluence","isPartOf":{"@id":"https:\/\/www.fluencecorp.com\/pt\/#website"},"primaryImageOfPage":{"@id":"https:\/\/www.fluencecorp.com\/pt\/filtros-multimidia\/#primaryimage"},"image":{"@id":"https:\/\/www.fluencecorp.com\/pt\/filtros-multimidia\/#primaryimage"},"thumbnailUrl":"https:\/\/www.fluencecorp.com\/wp-content\/uploads\/2017\/07\/droplet-pattern.png","datePublished":"2017-12-14T04:26:24+00:00","dateModified":"2026-04-29T16:55:00+00:00","description":"Sistemas de filtra\u00e7\u00e3o que utilizam m\u00faltiplas camadas de meios filtrantes ou materiais zeol\u00edticos para remover s\u00f3lidos em suspens\u00e3o e melhorar o desempenho do tratamento.","breadcrumb":{"@id":"https:\/\/www.fluencecorp.com\/pt\/filtros-multimidia\/#breadcrumb"},"inLanguage":"pt-BR","potentialAction":[{"@type":"ReadAction","target":["https:\/\/www.fluencecorp.com\/pt\/filtros-multimidia\/"]}]},{"@type":"ImageObject","inLanguage":"pt-BR","@id":"https:\/\/www.fluencecorp.com\/pt\/filtros-multimidia\/#primaryimage","url":"https:\/\/www.fluencecorp.com\/wp-content\/uploads\/2017\/07\/droplet-pattern.png","contentUrl":"https:\/\/www.fluencecorp.com\/wp-content\/uploads\/2017\/07\/droplet-pattern.png","width":347,"height":231},{"@type":"BreadcrumbList","@id":"https:\/\/www.fluencecorp.com\/pt\/filtros-multimidia\/#breadcrumb","itemListElement":[{"@type":"ListItem","position":1,"name":"Home","item":"https:\/\/www.fluencecorp.com\/pt\/"},{"@type":"ListItem","position":2,"name":"Filtros Multim\u00eddia"}]},{"@type":"WebSite","@id":"https:\/\/www.fluencecorp.com\/pt\/#website","url":"https:\/\/www.fluencecorp.com\/pt\/","name":"Fluence Corporation","description":"","publisher":{"@id":"https:\/\/www.fluencecorp.com\/pt\/#organization"},"potentialAction":[{"@type":"SearchAction","target":{"@type":"EntryPoint","urlTemplate":"https:\/\/www.fluencecorp.com\/pt\/?s={search_term_string}"},"query-input":{"@type":"PropertyValueSpecification","valueRequired":true,"valueName":"search_term_string"}}],"inLanguage":"pt-BR"},{"@type":"Organization","@id":"https:\/\/www.fluencecorp.com\/pt\/#organization","name":"Fluence","url":"https:\/\/www.fluencecorp.com\/pt\/","logo":{"@type":"ImageObject","inLanguage":"pt-BR","@id":"https:\/\/www.fluencecorp.com\/pt\/#\/schema\/logo\/image\/","url":"https:\/\/www.fluencecorp.com\/wp-content\/uploads\/2018\/03\/fluence-seo-logo.png","contentUrl":"https:\/\/www.fluencecorp.com\/wp-content\/uploads\/2018\/03\/fluence-seo-logo.png","width":523,"height":181,"caption":"Fluence"},"image":{"@id":"https:\/\/www.fluencecorp.com\/pt\/#\/schema\/logo\/image\/"},"sameAs":["https:\/\/www.facebook.com\/FluenceCorp","https:\/\/x.com\/FluenceCorp","https:\/\/www.linkedin.com\/company-beta\/18150486\/"]}]}},"_links":{"self":[{"href":"https:\/\/www.fluencecorp.com\/pt\/wp-json\/wp\/v2\/pages\/91560","targetHints":{"allow":["GET"]}}],"collection":[{"href":"https:\/\/www.fluencecorp.com\/pt\/wp-json\/wp\/v2\/pages"}],"about":[{"href":"https:\/\/www.fluencecorp.com\/pt\/wp-json\/wp\/v2\/types\/page"}],"author":[{"embeddable":true,"href":"https:\/\/www.fluencecorp.com\/pt\/wp-json\/wp\/v2\/users\/1"}],"replies":[{"embeddable":true,"href":"https:\/\/www.fluencecorp.com\/pt\/wp-json\/wp\/v2\/comments?post=91560"}],"version-history":[{"count":0,"href":"https:\/\/www.fluencecorp.com\/pt\/wp-json\/wp\/v2\/pages\/91560\/revisions"}],"wp:featuredmedia":[{"embeddable":true,"href":"https:\/\/www.fluencecorp.com\/pt\/wp-json\/wp\/v2\/media\/45773"}],"wp:attachment":[{"href":"https:\/\/www.fluencecorp.com\/pt\/wp-json\/wp\/v2\/media?parent=91560"}],"wp:term":[{"taxonomy":"author","embeddable":true,"href":"https:\/\/www.fluencecorp.com\/pt\/wp-json\/wp\/v2\/coauthors?post=91560"}],"curies":[{"name":"wp","href":"https:\/\/api.w.org\/{rel}","templated":true}]}}