{"id":91555,"date":"2017-12-14T15:16:17","date_gmt":"2017-12-14T04:16:17","guid":{"rendered":"https:\/\/www.fluencecorp.com\/electrodesionizacion\/"},"modified":"2026-04-30T02:48:49","modified_gmt":"2026-04-29T16:48:49","slug":"eletrodeionizacao","status":"publish","type":"page","link":"https:\/\/www.fluencecorp.com\/pt\/eletrodeionizacao\/","title":{"rendered":"Eletrodeioniza\u00e7\u00e3o"},"content":{"rendered":"<p>[et_pb_section fb_built=&#8221;1&#8243; _builder_version=&#8221;4.16&#8243; background_color=&#8221;#f4f4f4&#8243; background_blend=&#8221;multiply&#8221; custom_padding=&#8221;0px||0px|&#8221; global_colors_info=&#8221;{}&#8221; da_is_popup=&#8221;off&#8221; da_exit_intent=&#8221;off&#8221; da_has_close=&#8221;on&#8221; da_alt_close=&#8221;off&#8221; da_dark_close=&#8221;off&#8221; da_not_modal=&#8221;on&#8221; da_is_singular=&#8221;off&#8221; da_with_loader=&#8221;off&#8221; da_has_shadow=&#8221;on&#8221; da_disable_devices=&#8221;off|off|off&#8221;][et_pb_row _builder_version=&#8221;4.16&#8243; custom_margin=&#8221;0px||0px|&#8221; custom_padding=&#8221;0px||0px|&#8221; global_colors_info=&#8221;{}&#8221;][et_pb_column type=&#8221;4_4&#8243; _builder_version=&#8221;4.16&#8243; background_position=&#8221;top_left&#8221; custom_padding=&#8221;|||&#8221; global_colors_info=&#8221;{}&#8221; custom_padding__hover=&#8221;|||&#8221;][et_pb_text admin_label=&#8221;Header with Grey Background&#8221; _builder_version=&#8221;4.27.6&#8243; text_text_color=&#8221;#778591&#8243; text_font_size=&#8221;24&#8243; header_font=&#8221;|on|||&#8221; header_text_color=&#8221;#0b3a5d&#8221; header_font_size=&#8221;52px&#8221; custom_margin=&#8221;10px||10px|&#8221; custom_padding=&#8221;44px||44px|&#8221; hover_enabled=&#8221;0&#8243; text_font_size_tablet=&#8221;16&#8243; text_font_size_phone=&#8221;&#8221; text_font_size_last_edited=&#8221;on|phone&#8221; header_font_size_tablet=&#8221;35px&#8221; header_font_size_phone=&#8221;28px&#8221; header_font_size_last_edited=&#8221;on|phone&#8221; global_colors_info=&#8221;{}&#8221; sticky_enabled=&#8221;0&#8243;]<\/p>\n<h1>Eletrodeioniza\u00e7\u00e3o<\/h1>\n<p>[\/et_pb_text][\/et_pb_column][\/et_pb_row][\/et_pb_section][et_pb_section fb_built=&#8221;1&#8243; _builder_version=&#8221;4.16&#8243; custom_padding=&#8221;0px||0px|&#8221; global_colors_info=&#8221;{}&#8221; da_is_popup=&#8221;off&#8221; da_exit_intent=&#8221;off&#8221; da_has_close=&#8221;on&#8221; da_alt_close=&#8221;off&#8221; da_dark_close=&#8221;off&#8221; da_not_modal=&#8221;on&#8221; da_is_singular=&#8221;off&#8221; da_with_loader=&#8221;off&#8221; da_has_shadow=&#8221;on&#8221; da_disable_devices=&#8221;off|off|off&#8221;][et_pb_row _builder_version=&#8221;4.16&#8243; background_size=&#8221;initial&#8221; background_position=&#8221;top_left&#8221; background_repeat=&#8221;repeat&#8221; global_colors_info=&#8221;{}&#8221; column_structure=&#8221;2_3,1_3&#8243;][et_pb_column type=&#8221;2_3&#8243; _builder_version=&#8221;4.16&#8243; custom_padding=&#8221;|||&#8221; global_colors_info=&#8221;{}&#8221; custom_padding__hover=&#8221;|||&#8221;][et_pb_text admin_label=&#8221;Main Body Text&#8221; _builder_version=&#8221;4.27.6&#8243; hover_enabled=&#8221;0&#8243; global_colors_info=&#8221;{}&#8221; sticky_enabled=&#8221;0&#8243;]<\/p>\n<p>A eletrodeioniza\u00e7\u00e3o cont\u00ednua (CEDI) \u00e9 um processo que utiliza uma combina\u00e7\u00e3o de membranas de troca i\u00f4nica, resinas de troca i\u00f4nica e um campo el\u00e9trico de corrente cont\u00ednua para desionizar a \u00e1gua. Os projetos padr\u00e3o para a obten\u00e7\u00e3o de \u00e1gua purificada, \u00e1gua para injet\u00e1veis e \u00e1gua de alta pureza utilizam uma combina\u00e7\u00e3o de osmose reversa e eletrodeioniza\u00e7\u00e3o cont\u00ednua.<\/p>\n<p>Com esse projeto, o processo CEDI pode produzir \u00e1gua com concentra\u00e7\u00f5es de \u00edons espec\u00edficos pr\u00f3ximas ou inferiores aos limites de detec\u00e7\u00e3o. Atualmente, o processo CEDI \u00e9 amplamente aceito para a produ\u00e7\u00e3o de \u00e1gua de alta pureza nos setores farmac\u00eautico, microeletr\u00f4nico e de gera\u00e7\u00e3o de energia.<\/p>\n<p>O CEDI utiliza regenera\u00e7\u00e3o das resinas sem o uso de produtos qu\u00edmicos. Dessa forma, a opera\u00e7\u00e3o \u00e9 mais segura, pois n\u00e3o h\u00e1 necessidade de manusear, armazenar ou trabalhar com produtos qu\u00edmicos perigosos. Pelo mesmo motivo, n\u00e3o \u00e9 necess\u00e1ria a utiliza\u00e7\u00e3o de etapas de neutraliza\u00e7\u00e3o da \u00e1gua utilizada para a regenera\u00e7\u00e3o.<\/p>\n<p>O CEDI \u00e9 um processo cont\u00ednuo que se regenera automaticamente por meio do campo el\u00e9trico gerado pela corrente el\u00e9trica utilizada em sua opera\u00e7\u00e3o, diferentemente do sistema convencional de troca i\u00f4nica, que precisa interromper a opera\u00e7\u00e3o para regenerar suas resinas. Com a regenera\u00e7\u00e3o cont\u00ednua, a qualidade da \u00e1gua produzida \u00e9 constante, sem queda de desempenho causada pela satura\u00e7\u00e3o das resinas.<\/p>\n<p>O campo el\u00e9trico tamb\u00e9m proporciona um ambiente bacteriologicamente est\u00e1vel no interior da c\u00e9lula de CEDI, inibindo o crescimento de bact\u00e9rias e outros microrganismos.<\/p>\n<p>Os sistemas CEDI apresentam um custo operacional significativamente inferior ao da troca i\u00f4nica convencional. Apenas uma pequena quantidade de energia el\u00e9trica \u00e9 utilizada para produzir \u00e1gua de alta pureza. A aus\u00eancia de \u00e1cido ou soda c\u00e1ustica na regenera\u00e7\u00e3o reduz a depend\u00eancia do operador e os custos relacionados \u00e0 m\u00e3o de obra. O investimento inicial do CEDI \u00e9 semelhante ao de um sistema tradicional de troca i\u00f4nica, sem a necessidade de tanques de armazenamento de produtos qu\u00edmicos, sistemas de dosagem ou neutraliza\u00e7\u00e3o.<\/p>\n<p>N\u00e3o \u00e9 necess\u00e1rio duplicar os equipamentos CEDI, pois, gra\u00e7as \u00e0 sua constru\u00e7\u00e3o modular, um m\u00f3dulo pode ser removido para manuten\u00e7\u00e3o enquanto os demais continuam operando.<\/p>\n<p>A \u00e1rea ocupada (footprint) por um sistema CEDI \u00e9 menor do que a exigida por sistemas convencionais de tratamento de \u00e1gua.<\/p>\n<p>Os sistemas CEDI s\u00e3o altamente recomendados nas seguintes aplica\u00e7\u00f5es:<\/p>\n<p>Sistemas que utilizam desioniza\u00e7\u00e3o por resinas de troca i\u00f4nica<\/p>\n<p>Segunda etapa de osmose reversa<\/p>\n<p><a href=\"https:\/\/www.fluencecorp.com\/pt\/contato\/\" target=\"_blank\" rel=\"noopener\">Entre em contato com nossos especialistas<\/a> para discutir os detalhes do seu projeto e conhecer como a eletrodeioniza\u00e7\u00e3o pode ajudar a alcan\u00e7ar seus objetivos.<\/p>\n<p>[\/et_pb_text][\/et_pb_column][et_pb_column type=&#8221;1_3&#8243; _builder_version=&#8221;4.16&#8243; custom_padding=&#8221;|||&#8221; global_colors_info=&#8221;{}&#8221; custom_padding__hover=&#8221;|||&#8221;][et_pb_blurb title=&#8221;DESAFIOS NO TRATAMENTO DE \u00c1GUA?&#8221; image=&#8221;https:\/\/www.fluencecorp.com\/wp-content\/uploads\/2017\/07\/wastewater_treatment_02.svg&#8221; admin_label=&#8221;WASTE-TO-ENERGY CHALLENGES &#8211; ES&#8221; module_class=&#8221;fluenceblurb&#8221; _builder_version=&#8221;4.27.6&#8243; text_orientation=&#8221;center&#8221; max_width_tablet=&#8221;50px&#8221; custom_padding=&#8221;30px|20px|30px|20px&#8221; animation=&#8221;off&#8221; hover_enabled=&#8221;0&#8243; border_radii=&#8221;on|3px|3px|3px|3px&#8221; border_width_all=&#8221;1px&#8221; border_color_all=&#8221;#7fc8bd&#8221; use_border_color=&#8221;on&#8221; use_circle=&#8221;off&#8221; use_circle_border=&#8221;off&#8221; global_colors_info=&#8221;{}&#8221; sticky_enabled=&#8221;0&#8243;]Estamos aqui para ajudar! Entre em contato com a Fluence para saber mais sobre nossas solu\u00e7\u00f5es de tratamento de \u00c1gua e Esgoto ou discutir detalhes espec\u00edficos do seu projeto.<\/p>\n<p><a class=\"et_pb_promo_button et_pb_button\" href=\"https:\/\/www.fluencecorp.com\/pt\/contato\/\">ENTRE EM CONTATO<\/a>[\/et_pb_blurb][et_pb_text admin_label=&#8221;QUICK LINKS &#8211; ES&#8221; _builder_version=&#8221;4.27.6&#8243; header_text_color=&#8221;#0b3a5d&#8221; header_font_size=&#8221;20px&#8221; background_color=&#8221;#f4f4f4&#8243; background_size=&#8221;initial&#8221; background_position=&#8221;center_right&#8221; background_blend=&#8221;overlay&#8221; custom_padding=&#8221;30px|30px|30px|30px&#8221; hover_enabled=&#8221;0&#8243; z_index_tablet=&#8221;500&#8243; global_colors_info=&#8221;{}&#8221; sticky_enabled=&#8221;0&#8243;]<\/p>\n<h1>LINKS R\u00c1PIDOS<\/h1>\n<ul>\n<li><a href=\"https:\/\/www.fluencecorp.com\/pt\/estudos-de-caso\/\">Estudos de Caso<\/a><\/li>\n<\/ul>\n<p>[\/et_pb_text][et_pb_text admin_label=&#8221;ESTUDOS DE CASO&#8221; _builder_version=&#8221;4.27.6&#8243; header_text_color=&#8221;#0b3a5d&#8221; header_font_size=&#8221;20px&#8221; background_color=&#8221;#f4f4f4&#8243; background_size=&#8221;initial&#8221; background_position=&#8221;center_right&#8221; background_blend=&#8221;overlay&#8221; custom_padding=&#8221;30px|30px|30px|30px&#8221; hover_enabled=&#8221;0&#8243; z_index_tablet=&#8221;500&#8243; global_colors_info=&#8221;{}&#8221; sticky_enabled=&#8221;0&#8243;]<\/p>\n<h1>ESTUDOS DE CASO RELACIONADOS<\/h1>\n<ul>\n<li><a target=\"_blank\" rel=\"noopener\" href=\"https:\/\/www.fluencecorp.com\/pt\/case\/purga-estacao-tratamento-agua-poco-torre-usina-geracao-energia\/\">Purga de Esta\u00e7\u00e3o de Tratamento de \u00c1gua de Po\u00e7o e Torre em Usina de Gera\u00e7\u00e3o de Energia<\/a><\/li>\n<li><a target=\"_blank\" rel=\"noopener\" href=\"https:\/\/www.fluencecorp.com\/pt\/case\/estacoes-tratamento-agua-producao-agua-desmineralizada\/\">Esta\u00e7\u00f5es de Tratamento de \u00c1gua para Produ\u00e7\u00e3o de \u00c1gua Desmineralizada<\/a><\/li>\n<li><a target=\"_blank\" rel=\"noopener\" href=\"https:\/\/www.fluencecorp.com\/pt\/case\/producao-agua-demi-usina-cogeracao-energia\/\">Produ\u00e7\u00e3o de \u00c1gua Demi para Usina de Cogera\u00e7\u00e3o de Energia<\/a><\/li>\n<li><a target=\"_blank\" rel=\"noopener\" href=\"https:\/\/www.fluencecorp.com\/pt\/case\/estacao-tratamento-agua-desmineralizada-complexo-termeletrico-amazonia\/\">Esta\u00e7\u00e3o de Tratamento de \u00c1gua Desmineralizada para Complexo Termel\u00e9trico na Amaz\u00f4nia<\/a><\/li>\n<\/ul>\n<p>[\/et_pb_text][\/et_pb_column][\/et_pb_row][\/et_pb_section]<\/p>\n","protected":false},"excerpt":{"rendered":"<p> Processo cont\u00ednuo para a produ\u00e7\u00e3o de \u00e1gua de alta pureza, combinando membranas, resinas e corrente el\u00e9trica, normalmente integrado a sistemas de osmose reversa.<\/p>\n","protected":false},"author":1,"featured_media":45773,"parent":0,"menu_order":0,"comment_status":"closed","ping_status":"closed","template":"","meta":{"_et_pb_use_builder":"on","_et_pb_old_content":"","_et_gb_content_width":"","_relevanssi_hide_post":"","_relevanssi_hide_content":"","_relevanssi_pin_for_all":"","_relevanssi_pin_keywords":"","_relevanssi_unpin_keywords":"","_relevanssi_related_keywords":"","_relevanssi_related_include_ids":"","_relevanssi_related_exclude_ids":"","_relevanssi_related_no_append":"","_relevanssi_related_not_related":"","_relevanssi_related_posts":"","_relevanssi_noindex_reason":"","inline_featured_image":false,"footnotes":"","_links_to":"","_links_to_target":""},"coauthors":[288],"class_list":["post-91555","page","type-page","status-publish","has-post-thumbnail","hentry"],"yoast_head":"<!-- This site is optimized with the Yoast SEO plugin v27.5 - https:\/\/yoast.com\/product\/yoast-seo-wordpress\/ -->\n<title>Eletrodeioniza\u00e7\u00e3o para \u00c1gua de Alta Pureza | Fluence<\/title>\n<meta name=\"description\" content=\"Processo cont\u00ednuo para a produ\u00e7\u00e3o de \u00e1gua de alta pureza, combinando membranas, resinas e corrente el\u00e9trica, normalmente integrado a sistemas de osmose reversa.\" \/>\n<meta name=\"robots\" content=\"index, follow, max-snippet:-1, max-image-preview:large, max-video-preview:-1\" \/>\n<link rel=\"canonical\" href=\"https:\/\/www.fluencecorp.com\/pt\/eletrodeionizacao\/\" \/>\n<meta property=\"og:locale\" content=\"pt_BR\" \/>\n<meta property=\"og:type\" content=\"article\" \/>\n<meta property=\"og:title\" content=\"Eletrodeioniza\u00e7\u00e3o para \u00c1gua de Alta Pureza\" \/>\n<meta property=\"og:description\" content=\"Processo cont\u00ednuo para a produ\u00e7\u00e3o de \u00e1gua de alta pureza, combinando membranas, resinas e corrente el\u00e9trica, normalmente integrado a sistemas de osmose reversa.\" \/>\n<meta property=\"og:url\" content=\"https:\/\/www.fluencecorp.com\/pt\/eletrodeionizacao\/\" \/>\n<meta property=\"article:publisher\" content=\"https:\/\/www.facebook.com\/FluenceCorp\" \/>\n<meta property=\"article:modified_time\" content=\"2026-04-29T16:48:49+00:00\" \/>\n<meta property=\"og:image\" content=\"https:\/\/www.fluencecorp.com\/wp-content\/uploads\/2017\/07\/droplet-pattern.png\" \/>\n\t<meta property=\"og:image:width\" content=\"347\" \/>\n\t<meta property=\"og:image:height\" content=\"231\" \/>\n\t<meta property=\"og:image:type\" content=\"image\/png\" \/>\n<meta name=\"twitter:card\" content=\"summary_large_image\" \/>\n<meta name=\"twitter:title\" content=\"Eletrodeioniza\u00e7\u00e3o para \u00c1gua de Alta Pureza\" \/>\n<meta name=\"twitter:site\" content=\"@FluenceCorp\" \/>\n<meta name=\"twitter:label1\" content=\"Est. tempo de leitura\" \/>\n\t<meta name=\"twitter:data1\" content=\"3 minutos\" \/>\n\t<meta name=\"twitter:label2\" content=\"Written by\" \/>\n\t<meta name=\"twitter:data2\" content=\"sysop\" \/>\n<script type=\"application\/ld+json\" class=\"yoast-schema-graph\">{\"@context\":\"https:\\\/\\\/schema.org\",\"@graph\":[{\"@type\":\"WebPage\",\"@id\":\"https:\\\/\\\/www.fluencecorp.com\\\/pt\\\/eletrodeionizacao\\\/\",\"url\":\"https:\\\/\\\/www.fluencecorp.com\\\/pt\\\/eletrodeionizacao\\\/\",\"name\":\"Eletrodeioniza\u00e7\u00e3o para \u00c1gua de Alta Pureza | Fluence\",\"isPartOf\":{\"@id\":\"https:\\\/\\\/www.fluencecorp.com\\\/pt\\\/#website\"},\"primaryImageOfPage\":{\"@id\":\"https:\\\/\\\/www.fluencecorp.com\\\/pt\\\/eletrodeionizacao\\\/#primaryimage\"},\"image\":{\"@id\":\"https:\\\/\\\/www.fluencecorp.com\\\/pt\\\/eletrodeionizacao\\\/#primaryimage\"},\"thumbnailUrl\":\"https:\\\/\\\/www.fluencecorp.com\\\/wp-content\\\/uploads\\\/2017\\\/07\\\/droplet-pattern.png\",\"datePublished\":\"2017-12-14T04:16:17+00:00\",\"dateModified\":\"2026-04-29T16:48:49+00:00\",\"description\":\"Processo cont\u00ednuo para a produ\u00e7\u00e3o de \u00e1gua de alta pureza, combinando membranas, resinas e corrente el\u00e9trica, normalmente integrado a sistemas de osmose reversa.\",\"breadcrumb\":{\"@id\":\"https:\\\/\\\/www.fluencecorp.com\\\/pt\\\/eletrodeionizacao\\\/#breadcrumb\"},\"inLanguage\":\"pt-BR\",\"potentialAction\":[{\"@type\":\"ReadAction\",\"target\":[\"https:\\\/\\\/www.fluencecorp.com\\\/pt\\\/eletrodeionizacao\\\/\"]}]},{\"@type\":\"ImageObject\",\"inLanguage\":\"pt-BR\",\"@id\":\"https:\\\/\\\/www.fluencecorp.com\\\/pt\\\/eletrodeionizacao\\\/#primaryimage\",\"url\":\"https:\\\/\\\/www.fluencecorp.com\\\/wp-content\\\/uploads\\\/2017\\\/07\\\/droplet-pattern.png\",\"contentUrl\":\"https:\\\/\\\/www.fluencecorp.com\\\/wp-content\\\/uploads\\\/2017\\\/07\\\/droplet-pattern.png\",\"width\":347,\"height\":231},{\"@type\":\"BreadcrumbList\",\"@id\":\"https:\\\/\\\/www.fluencecorp.com\\\/pt\\\/eletrodeionizacao\\\/#breadcrumb\",\"itemListElement\":[{\"@type\":\"ListItem\",\"position\":1,\"name\":\"Home\",\"item\":\"https:\\\/\\\/www.fluencecorp.com\\\/pt\\\/\"},{\"@type\":\"ListItem\",\"position\":2,\"name\":\"Eletrodeioniza\u00e7\u00e3o\"}]},{\"@type\":\"WebSite\",\"@id\":\"https:\\\/\\\/www.fluencecorp.com\\\/pt\\\/#website\",\"url\":\"https:\\\/\\\/www.fluencecorp.com\\\/pt\\\/\",\"name\":\"Fluence Corporation\",\"description\":\"\",\"publisher\":{\"@id\":\"https:\\\/\\\/www.fluencecorp.com\\\/pt\\\/#organization\"},\"potentialAction\":[{\"@type\":\"SearchAction\",\"target\":{\"@type\":\"EntryPoint\",\"urlTemplate\":\"https:\\\/\\\/www.fluencecorp.com\\\/pt\\\/?s={search_term_string}\"},\"query-input\":{\"@type\":\"PropertyValueSpecification\",\"valueRequired\":true,\"valueName\":\"search_term_string\"}}],\"inLanguage\":\"pt-BR\"},{\"@type\":\"Organization\",\"@id\":\"https:\\\/\\\/www.fluencecorp.com\\\/pt\\\/#organization\",\"name\":\"Fluence\",\"url\":\"https:\\\/\\\/www.fluencecorp.com\\\/pt\\\/\",\"logo\":{\"@type\":\"ImageObject\",\"inLanguage\":\"pt-BR\",\"@id\":\"https:\\\/\\\/www.fluencecorp.com\\\/pt\\\/#\\\/schema\\\/logo\\\/image\\\/\",\"url\":\"https:\\\/\\\/www.fluencecorp.com\\\/wp-content\\\/uploads\\\/2018\\\/03\\\/fluence-seo-logo.png\",\"contentUrl\":\"https:\\\/\\\/www.fluencecorp.com\\\/wp-content\\\/uploads\\\/2018\\\/03\\\/fluence-seo-logo.png\",\"width\":523,\"height\":181,\"caption\":\"Fluence\"},\"image\":{\"@id\":\"https:\\\/\\\/www.fluencecorp.com\\\/pt\\\/#\\\/schema\\\/logo\\\/image\\\/\"},\"sameAs\":[\"https:\\\/\\\/www.facebook.com\\\/FluenceCorp\",\"https:\\\/\\\/x.com\\\/FluenceCorp\",\"https:\\\/\\\/www.linkedin.com\\\/company-beta\\\/18150486\\\/\"]}]}<\/script>\n<!-- \/ Yoast SEO plugin. -->","yoast_head_json":{"title":"Eletrodeioniza\u00e7\u00e3o para \u00c1gua de Alta Pureza | Fluence","description":"Processo cont\u00ednuo para a produ\u00e7\u00e3o de \u00e1gua de alta pureza, combinando membranas, resinas e corrente el\u00e9trica, normalmente integrado a sistemas de osmose reversa.","robots":{"index":"index","follow":"follow","max-snippet":"max-snippet:-1","max-image-preview":"max-image-preview:large","max-video-preview":"max-video-preview:-1"},"canonical":"https:\/\/www.fluencecorp.com\/pt\/eletrodeionizacao\/","og_locale":"pt_BR","og_type":"article","og_title":"Eletrodeioniza\u00e7\u00e3o para \u00c1gua de Alta Pureza","og_description":"Processo cont\u00ednuo para a produ\u00e7\u00e3o de \u00e1gua de alta pureza, combinando membranas, resinas e corrente el\u00e9trica, normalmente integrado a sistemas de osmose reversa.","og_url":"https:\/\/www.fluencecorp.com\/pt\/eletrodeionizacao\/","article_publisher":"https:\/\/www.facebook.com\/FluenceCorp","article_modified_time":"2026-04-29T16:48:49+00:00","og_image":[{"width":347,"height":231,"url":"https:\/\/www.fluencecorp.com\/wp-content\/uploads\/2017\/07\/droplet-pattern.png","type":"image\/png"}],"twitter_card":"summary_large_image","twitter_title":"Eletrodeioniza\u00e7\u00e3o para \u00c1gua de Alta Pureza","twitter_site":"@FluenceCorp","twitter_misc":{"Est. tempo de leitura":"3 minutos","Written by":"sysop"},"schema":{"@context":"https:\/\/schema.org","@graph":[{"@type":"WebPage","@id":"https:\/\/www.fluencecorp.com\/pt\/eletrodeionizacao\/","url":"https:\/\/www.fluencecorp.com\/pt\/eletrodeionizacao\/","name":"Eletrodeioniza\u00e7\u00e3o para \u00c1gua de Alta Pureza | Fluence","isPartOf":{"@id":"https:\/\/www.fluencecorp.com\/pt\/#website"},"primaryImageOfPage":{"@id":"https:\/\/www.fluencecorp.com\/pt\/eletrodeionizacao\/#primaryimage"},"image":{"@id":"https:\/\/www.fluencecorp.com\/pt\/eletrodeionizacao\/#primaryimage"},"thumbnailUrl":"https:\/\/www.fluencecorp.com\/wp-content\/uploads\/2017\/07\/droplet-pattern.png","datePublished":"2017-12-14T04:16:17+00:00","dateModified":"2026-04-29T16:48:49+00:00","description":"Processo cont\u00ednuo para a produ\u00e7\u00e3o de \u00e1gua de alta pureza, combinando membranas, resinas e corrente el\u00e9trica, normalmente integrado a sistemas de osmose reversa.","breadcrumb":{"@id":"https:\/\/www.fluencecorp.com\/pt\/eletrodeionizacao\/#breadcrumb"},"inLanguage":"pt-BR","potentialAction":[{"@type":"ReadAction","target":["https:\/\/www.fluencecorp.com\/pt\/eletrodeionizacao\/"]}]},{"@type":"ImageObject","inLanguage":"pt-BR","@id":"https:\/\/www.fluencecorp.com\/pt\/eletrodeionizacao\/#primaryimage","url":"https:\/\/www.fluencecorp.com\/wp-content\/uploads\/2017\/07\/droplet-pattern.png","contentUrl":"https:\/\/www.fluencecorp.com\/wp-content\/uploads\/2017\/07\/droplet-pattern.png","width":347,"height":231},{"@type":"BreadcrumbList","@id":"https:\/\/www.fluencecorp.com\/pt\/eletrodeionizacao\/#breadcrumb","itemListElement":[{"@type":"ListItem","position":1,"name":"Home","item":"https:\/\/www.fluencecorp.com\/pt\/"},{"@type":"ListItem","position":2,"name":"Eletrodeioniza\u00e7\u00e3o"}]},{"@type":"WebSite","@id":"https:\/\/www.fluencecorp.com\/pt\/#website","url":"https:\/\/www.fluencecorp.com\/pt\/","name":"Fluence Corporation","description":"","publisher":{"@id":"https:\/\/www.fluencecorp.com\/pt\/#organization"},"potentialAction":[{"@type":"SearchAction","target":{"@type":"EntryPoint","urlTemplate":"https:\/\/www.fluencecorp.com\/pt\/?s={search_term_string}"},"query-input":{"@type":"PropertyValueSpecification","valueRequired":true,"valueName":"search_term_string"}}],"inLanguage":"pt-BR"},{"@type":"Organization","@id":"https:\/\/www.fluencecorp.com\/pt\/#organization","name":"Fluence","url":"https:\/\/www.fluencecorp.com\/pt\/","logo":{"@type":"ImageObject","inLanguage":"pt-BR","@id":"https:\/\/www.fluencecorp.com\/pt\/#\/schema\/logo\/image\/","url":"https:\/\/www.fluencecorp.com\/wp-content\/uploads\/2018\/03\/fluence-seo-logo.png","contentUrl":"https:\/\/www.fluencecorp.com\/wp-content\/uploads\/2018\/03\/fluence-seo-logo.png","width":523,"height":181,"caption":"Fluence"},"image":{"@id":"https:\/\/www.fluencecorp.com\/pt\/#\/schema\/logo\/image\/"},"sameAs":["https:\/\/www.facebook.com\/FluenceCorp","https:\/\/x.com\/FluenceCorp","https:\/\/www.linkedin.com\/company-beta\/18150486\/"]}]}},"_links":{"self":[{"href":"https:\/\/www.fluencecorp.com\/pt\/wp-json\/wp\/v2\/pages\/91555","targetHints":{"allow":["GET"]}}],"collection":[{"href":"https:\/\/www.fluencecorp.com\/pt\/wp-json\/wp\/v2\/pages"}],"about":[{"href":"https:\/\/www.fluencecorp.com\/pt\/wp-json\/wp\/v2\/types\/page"}],"author":[{"embeddable":true,"href":"https:\/\/www.fluencecorp.com\/pt\/wp-json\/wp\/v2\/users\/1"}],"replies":[{"embeddable":true,"href":"https:\/\/www.fluencecorp.com\/pt\/wp-json\/wp\/v2\/comments?post=91555"}],"version-history":[{"count":0,"href":"https:\/\/www.fluencecorp.com\/pt\/wp-json\/wp\/v2\/pages\/91555\/revisions"}],"wp:featuredmedia":[{"embeddable":true,"href":"https:\/\/www.fluencecorp.com\/pt\/wp-json\/wp\/v2\/media\/45773"}],"wp:attachment":[{"href":"https:\/\/www.fluencecorp.com\/pt\/wp-json\/wp\/v2\/media?parent=91555"}],"wp:term":[{"taxonomy":"author","embeddable":true,"href":"https:\/\/www.fluencecorp.com\/pt\/wp-json\/wp\/v2\/coauthors?post=91555"}],"curies":[{"name":"wp","href":"https:\/\/api.w.org\/{rel}","templated":true}]}}