{"id":91547,"date":"2018-01-11T16:59:20","date_gmt":"2018-01-11T05:59:20","guid":{"rendered":"https:\/\/www.fluencecorp.com\/ultravioleta\/"},"modified":"2026-04-30T02:40:13","modified_gmt":"2026-04-29T16:40:13","slug":"desinfeccao-uv","status":"publish","type":"page","link":"https:\/\/www.fluencecorp.com\/pt\/desinfeccao-uv\/","title":{"rendered":"Desinfec\u00e7\u00e3o UV"},"content":{"rendered":"<p>[et_pb_section fb_built=&#8221;1&#8243; _builder_version=&#8221;4.16&#8243; background_color=&#8221;#f4f4f4&#8243; background_blend=&#8221;multiply&#8221; custom_padding=&#8221;0px||0px|&#8221; da_disable_devices=&#8221;off|off|off&#8221; global_colors_info=&#8221;{}&#8221; da_is_popup=&#8221;off&#8221; da_exit_intent=&#8221;off&#8221; da_has_close=&#8221;on&#8221; da_alt_close=&#8221;off&#8221; da_dark_close=&#8221;off&#8221; da_not_modal=&#8221;on&#8221; da_is_singular=&#8221;off&#8221; da_with_loader=&#8221;off&#8221; da_has_shadow=&#8221;on&#8221;][et_pb_row _builder_version=&#8221;4.16&#8243; custom_margin=&#8221;0px||0px|&#8221; custom_padding=&#8221;0px||0px|&#8221; global_colors_info=&#8221;{}&#8221;][et_pb_column type=&#8221;4_4&#8243; _builder_version=&#8221;4.16&#8243; background_position=&#8221;top_left&#8221; custom_padding=&#8221;|||&#8221; global_colors_info=&#8221;{}&#8221; custom_padding__hover=&#8221;|||&#8221;][et_pb_text admin_label=&#8221;Header with Grey Background&#8221; _builder_version=&#8221;4.27.6&#8243; text_text_color=&#8221;#778591&#8243; text_font_size=&#8221;24&#8243; header_font=&#8221;|on|||&#8221; header_text_color=&#8221;#0b3a5d&#8221; header_font_size=&#8221;52px&#8221; custom_margin=&#8221;10px||10px|&#8221; custom_padding=&#8221;44px||44px|&#8221; text_font_size_tablet=&#8221;16&#8243; text_font_size_phone=&#8221;&#8221; text_font_size_last_edited=&#8221;on|phone&#8221; header_font_size_tablet=&#8221;35px&#8221; header_font_size_phone=&#8221;28px&#8221; header_font_size_last_edited=&#8221;on|phone&#8221; global_colors_info=&#8221;{}&#8221;]<\/p>\n<h1>Desinfec\u00e7\u00e3o UV<\/h1>\n<p>[\/et_pb_text][\/et_pb_column][\/et_pb_row][\/et_pb_section][et_pb_section fb_built=&#8221;1&#8243; _builder_version=&#8221;4.16&#8243; custom_padding=&#8221;0px||0px|&#8221; da_disable_devices=&#8221;off|off|off&#8221; global_colors_info=&#8221;{}&#8221; da_is_popup=&#8221;off&#8221; da_exit_intent=&#8221;off&#8221; da_has_close=&#8221;on&#8221; da_alt_close=&#8221;off&#8221; da_dark_close=&#8221;off&#8221; da_not_modal=&#8221;on&#8221; da_is_singular=&#8221;off&#8221; da_with_loader=&#8221;off&#8221; da_has_shadow=&#8221;on&#8221;][et_pb_row column_structure=&#8221;2_3,1_3&#8243; _builder_version=&#8221;4.16&#8243; background_size=&#8221;initial&#8221; background_position=&#8221;top_left&#8221; background_repeat=&#8221;repeat&#8221; global_colors_info=&#8221;{}&#8221;][et_pb_column type=&#8221;2_3&#8243; _builder_version=&#8221;4.16&#8243; custom_padding=&#8221;|||&#8221; global_colors_info=&#8221;{}&#8221; custom_padding__hover=&#8221;|||&#8221;][et_pb_text admin_label=&#8221;Main Body Text&#8221; _builder_version=&#8221;4.27.6&#8243; global_colors_info=&#8221;{}&#8221;]A Fluence, l\u00edder mundial em solu\u00e7\u00f5es descentralizadas para tratamento de \u00e1guas e efluentes, conta em seu portf\u00f3lio de produtos com equipamentos de tratamento por radia\u00e7\u00e3o ultravioleta (UV) da empresa <strong>Atlantium<\/strong>, atuando como seu distribuidor autorizado.<\/p>\n<p>Essa parceria permite garantir aos clientes um servi\u00e7o de p\u00f3s-venda amplo, seguro e eficiente, assegurando n\u00e3o apenas o fornecimento de pe\u00e7as de reposi\u00e7\u00e3o e consum\u00edveis, mas tamb\u00e9m o suporte t\u00e9cnico especializado da empresa de origem israelense.<\/p>\n<p>Essa tecnologia apresenta como principal vantagem a rapidez de a\u00e7\u00e3o, n\u00e3o necessitando da adi\u00e7\u00e3o de qualquer composto qu\u00edmico ou elemento adicional. A elimina\u00e7\u00e3o dos microrganismos presentes na \u00e1gua bruta \u00e9 realizada por meio de uma l\u00e2mpada de radia\u00e7\u00e3o ultravioleta de <strong>m\u00e9dia press\u00e3o<\/strong>, que gera uma dose de radia\u00e7\u00e3o letal para bact\u00e9rias, fungos, v\u00edrus e outros microrganismos comuns de origem h\u00eddrica.<\/p>\n<p>As l\u00e2mpadas UV s\u00e3o amplamente utilizadas em hospitais, laborat\u00f3rios e processos farmac\u00eauticos e aliment\u00edcios, sendo especialmente indicadas para a preven\u00e7\u00e3o de infec\u00e7\u00f5es e contamina\u00e7\u00f5es.<\/p>\n<p>A desinfec\u00e7\u00e3o da \u00e1gua por radia\u00e7\u00e3o ultravioleta \u00e9 um processo f\u00edsico que n\u00e3o altera a composi\u00e7\u00e3o qu\u00edmica, o sabor ou o odor da \u00e1gua. Dessa forma, a desinfec\u00e7\u00e3o por UV representa uma alternativa segura, eficaz, econ\u00f4mica e ambientalmente correta em compara\u00e7\u00e3o com outros m\u00e9todos de desinfec\u00e7\u00e3o, como a clora\u00e7\u00e3o.<\/p>\n<p>O sistema de desinfec\u00e7\u00e3o <strong>hidro-\u00f3ptico<\/strong> (<em>Hydro-Optic Disinfection \u2013 HOD<\/em>), exclusivo da <strong>Atlantium<\/strong>, garante a aplica\u00e7\u00e3o de uma dose m\u00ednima assegurada, proporcionando resultados confi\u00e1veis com controle <strong>on-line<\/strong> cont\u00ednuo da dose de UV.<\/p>\n<h3>Configura\u00e7\u00e3o dos Sensores Duplos do Sistema HOD<\/h3>\n<p>O sistema HOD conta com sensores duplos que realizam a medi\u00e7\u00e3o direta e em tempo real da intensidade da luz UV. Caso seja detectada qualquer redu\u00e7\u00e3o da dose, o sistema ajusta automaticamente a pot\u00eancia da l\u00e2mpada, garantindo a manuten\u00e7\u00e3o da dose UV necess\u00e1ria.<\/p>\n<p>A irradia\u00e7\u00e3o dos microrganismos presentes na \u00e1gua com luz ultravioleta altera o DNA das c\u00e9lulas, impedindo sua divis\u00e3o, reprodu\u00e7\u00e3o e outras fun\u00e7\u00f5es vitais essenciais para o crescimento, assegurando um baixo \u00edndice microbiol\u00f3gico e o controle da eventual forma\u00e7\u00e3o de <strong>biofilme<\/strong>.<\/p>\n<h3>Mais Desinfec\u00e7\u00e3o com Menor Pot\u00eancia Requerida<\/h3>\n<p>As l\u00e2mpadas UV de m\u00e9dia press\u00e3o apresentam desempenho superior, oferecendo:<\/p>\n<ul>\n<li>Melhor desinfec\u00e7\u00e3o em compara\u00e7\u00e3o com l\u00e2mpadas de baixa press\u00e3o<\/li>\n<li>Amplo espectro germicida, atacando diferentes estruturas dos microrganismos<\/li>\n<li>Destrui\u00e7\u00e3o dos mecanismos de repara\u00e7\u00e3o celular, evitando a recupera\u00e7\u00e3o dos microrganismos ao longo do tempo<\/li>\n<li>Maior efici\u00eancia na inativa\u00e7\u00e3o de v\u00edrus, inclusive aqueles resistentes a outros m\u00e9todos de desinfec\u00e7\u00e3o, como cloro, calor e l\u00e2mpadas UV de baixa press\u00e3o<\/li>\n<li>Menor consumo de energia UV em compara\u00e7\u00e3o com sistemas de baixa press\u00e3o, para resultados equivalentes<\/li>\n<li>Excelente desempenho tanto em \u00e1gua fria quanto morna, diferentemente das l\u00e2mpadas UV de baixa press\u00e3o<\/li>\n<\/ul>\n<h3>Efici\u00eancia UV Otimizada<\/h3>\n<p>A c\u00e2mara de desinfec\u00e7\u00e3o de \u00e1gua, constru\u00edda em quartzo de alta qualidade e envolvida por um bloco de ar, utiliza princ\u00edpios de fibra \u00f3ptica para reciclar os f\u00f3tons de luz UV.<\/p>\n<p>Os f\u00f3tons emitidos pela l\u00e2mpada n\u00e3o conseguem atravessar o bloco de ar e s\u00e3o continuamente refletidos de volta para a \u00e1gua (fen\u00f4meno conhecido como <strong>reflex\u00e3o interna total<\/strong>), garantindo uma distribui\u00e7\u00e3o uniforme por todo o volume tratado e assegurando a inativa\u00e7\u00e3o de todos os microrganismos.<\/p>\n<p>Uma maior efici\u00eancia de cada f\u00f3ton UV significa que \u00e9 necess\u00e1ria uma menor emiss\u00e3o de radia\u00e7\u00e3o UV para alcan\u00e7ar os mesmos resultados.<\/p>\n<p>O sistema hidr\u00e1ulico \u00e9 otimizado para monitorar o fluxo de \u00e1gua e ajust\u00e1-lo ao padr\u00e3o de distribui\u00e7\u00e3o da luz UV. A se\u00e7\u00e3o transversal do equipamento demonstra a c\u00e2mara de desinfec\u00e7\u00e3o em quartzo de alta qualidade, com tubos de l\u00e2mpadas espessos que separam fisicamente as l\u00e2mpadas UV da \u00e1gua.<\/p>\n<h3>Maior Seguran\u00e7a Funcional<\/h3>\n<ul>\n<li>Tubos espessos de quartzo protegem as l\u00e2mpadas e a \u00e1gua<\/li>\n<li>N\u00e3o h\u00e1 risco de fragmentos de vidro ou libera\u00e7\u00e3o de merc\u00fario na \u00e1gua, mesmo no caso improv\u00e1vel de ruptura da l\u00e2mpada UV<\/li>\n<li>Diferentemente de alguns sistemas convencionais que utilizam l\u00e2mpadas muito longas e mais suscet\u00edveis \u00e0 quebra, reduzindo riscos associados a derramamentos de merc\u00fario<\/li>\n<\/ul>\n<h3>Aplica\u00e7\u00f5es<\/h3>\n<ul>\n<li>Controle de <strong>biofouling<\/strong> para prote\u00e7\u00e3o de membranas de osmose reversa e torres de resfriamento<\/li>\n<li>Declora\u00e7\u00e3o da \u00e1gua de alimenta\u00e7\u00e3o de membranas de osmose reversa sem uso de produtos qu\u00edmicos<\/li>\n<li>Processos de Oxida\u00e7\u00e3o Avan\u00e7ada (AOP) para remo\u00e7\u00e3o de <strong>microcontaminantes<\/strong><\/li>\n<li>Desinfec\u00e7\u00e3o de \u00e1gua e efluentes municipais e industriais<\/li>\n<li>Controle de esp\u00e9cies invasoras (<strong>macro-fouling<\/strong>), como o <strong>mexilh\u00e3o-dourado<\/strong><\/li>\n<\/ul>\n<h3>Tipos de Equipamentos \/ L\u00e2mpadas UV<\/h3>\n<p>Os sistemas de desinfec\u00e7\u00e3o UV podem ser classificados de acordo com o tipo de l\u00e2mpada utilizada:<\/p>\n<ul>\n<li>L\u00e2mpadas de baixa press\u00e3o<\/li>\n<li>L\u00e2mpadas de m\u00e9dia press\u00e3o<\/li>\n<li>L\u00e2mpadas de am\u00e1lgama (menos utilizadas)<\/li>\n<\/ul>\n<p>As l\u00e2mpadas de m\u00e9dia press\u00e3o, quando combinadas com o sistema HOD, permitem a utiliza\u00e7\u00e3o de uma dose menor de luz UV para garantir a mesma capacidade germicida das l\u00e2mpadas de baixa press\u00e3o. Enquanto os sistemas convencionais de baixa press\u00e3o operam com doses m\u00e9dias, os sistemas HOD garantem uma dose m\u00ednima controlada.<\/p>\n<p>Como refer\u00eancia, em aplica\u00e7\u00f5es de desinfec\u00e7\u00e3o de \u00e1gua para bebidas, os valores t\u00edpicos de dose UV s\u00e3o:<\/p>\n<ul>\n<li><strong>120.000 \u00b5J\/cm\u00b2<\/strong> para l\u00e2mpadas de m\u00e9dia press\u00e3o<\/li>\n<li><strong>186.000 \u00b5J\/cm\u00b2<\/strong> para l\u00e2mpadas de baixa press\u00e3o<\/li>\n<\/ul>\n<p>Dependendo da vaz\u00e3o de opera\u00e7\u00e3o, pode ser mais vantajoso utilizar um n\u00famero menor de l\u00e2mpadas de m\u00e9dia press\u00e3o ou um maior n\u00famero de l\u00e2mpadas de baixa press\u00e3o, que tendem a ser mais econ\u00f4micas para sistemas de menor vaz\u00e3o.<\/p>\n<h3>Detalhes Construtivos<\/h3>\n<p>A c\u00e2mara de desinfec\u00e7\u00e3o e seus acess\u00f3rios s\u00e3o fabricados em a\u00e7o inoxid\u00e1vel AISI 316. A zona de irradia\u00e7\u00e3o \u00e9 composta por um tubo de quartzo, garantindo reflex\u00e3o total dos f\u00f3tons UV e total resist\u00eancia \u00e0 corros\u00e3o.[\/et_pb_text][\/et_pb_column][et_pb_column type=&#8221;1_3&#8243; _builder_version=&#8221;4.16&#8243; custom_padding=&#8221;|||&#8221; global_colors_info=&#8221;{}&#8221; custom_padding__hover=&#8221;|||&#8221;][et_pb_blurb title=&#8221;DESAFIOS NO TRATAMENTO DE \u00c1GUA?&#8221; image=&#8221;https:\/\/www.fluencecorp.com\/wp-content\/uploads\/2017\/07\/wastewater_treatment_02.svg&#8221; admin_label=&#8221;WASTE-TO-ENERGY CHALLENGES &#8211; ES&#8221; module_class=&#8221;fluenceblurb&#8221; _builder_version=&#8221;4.27.6&#8243; text_orientation=&#8221;center&#8221; max_width_tablet=&#8221;50px&#8221; custom_padding=&#8221;30px|20px|30px|20px&#8221; animation=&#8221;off&#8221; border_radii=&#8221;on|3px|3px|3px|3px&#8221; border_width_all=&#8221;1px&#8221; border_color_all=&#8221;#7fc8bd&#8221; use_border_color=&#8221;on&#8221; use_circle=&#8221;off&#8221; use_circle_border=&#8221;off&#8221; global_colors_info=&#8221;{}&#8221;]Estamos aqui para ajudar! Entre em contato com a Fluence para saber mais sobre nossas solu\u00e7\u00f5es de tratamento de \u00c1gua e Esgoto ou discutir detalhes espec\u00edficos do seu projeto.<\/p>\n<p><a class=\"et_pb_promo_button et_pb_button\" href=\"https:\/\/www.fluencecorp.com\/pt\/contato\/\">ENTRE EM CONTATO<\/a>[\/et_pb_blurb][et_pb_text admin_label=&#8221;QUICK LINKS &#8211; ES&#8221; _builder_version=&#8221;4.27.6&#8243; header_text_color=&#8221;#0b3a5d&#8221; header_font_size=&#8221;20px&#8221; background_color=&#8221;#f4f4f4&#8243; background_size=&#8221;initial&#8221; background_position=&#8221;center_right&#8221; background_blend=&#8221;overlay&#8221; custom_padding=&#8221;30px|30px|30px|30px&#8221; z_index_tablet=&#8221;500&#8243; global_colors_info=&#8221;{}&#8221;]<\/p>\n<h1>LINKS R\u00c1PIDOS<\/h1>\n<ul>\n<li><a href=\"https:\/\/www.fluencecorp.com\/pt\/estudos-de-caso\/\">Estudos de Caso<\/a><\/li>\n<\/ul>\n<p>[\/et_pb_text][et_pb_text admin_label=&#8221;RELATED CASE STUDIES&#8221; _builder_version=&#8221;4.27.6&#8243; header_text_color=&#8221;#0b3a5d&#8221; header_font_size=&#8221;20px&#8221; background_color=&#8221;#f4f4f4&#8243; background_size=&#8221;initial&#8221; background_position=&#8221;center_right&#8221; background_blend=&#8221;overlay&#8221; custom_padding=&#8221;30px|30px|30px|30px&#8221; hover_enabled=&#8221;0&#8243; z_index_tablet=&#8221;500&#8243; global_colors_info=&#8221;{}&#8221; sticky_enabled=&#8221;0&#8243;]<\/p>\n<h1>ESTUDOS DE CASO RELACIONADOS<\/h1>\n<ul>\n<li><a href=\"https:\/\/www.fluencecorp.com\/es\/case\/planta-reuso-efluente-ultrafiltracion-ultravioleta\/\">Planta de Re\u00faso de Efluente Tratado por Sistema de Ultrafiltraci\u00f3n y Ultravioleta<\/a><\/li>\n<li><a href=\"https:\/\/www.fluencecorp.com\/es\/case\/de-efluentes-a-agua-recuperada-planta-reuso-procesos-internos\/\">De Efluentes a Agua Recuperada<\/a><\/li>\n<\/ul>\n<p>[\/et_pb_text][\/et_pb_column][\/et_pb_row][\/et_pb_section]<\/p>\n","protected":false},"excerpt":{"rendered":"<p> Tecnologia de desinfec\u00e7\u00e3o que utiliza radia\u00e7\u00e3o ultravioleta para tratar \u00e1gua e efluentes de forma segura e eficiente.<\/p>\n","protected":false},"author":1,"featured_media":45773,"parent":0,"menu_order":0,"comment_status":"closed","ping_status":"closed","template":"","meta":{"_et_pb_use_builder":"on","_et_pb_old_content":"","_et_gb_content_width":"","_relevanssi_hide_post":"","_relevanssi_hide_content":"","_relevanssi_pin_for_all":"","_relevanssi_pin_keywords":"","_relevanssi_unpin_keywords":"","_relevanssi_related_keywords":"","_relevanssi_related_include_ids":"","_relevanssi_related_exclude_ids":"","_relevanssi_related_no_append":"","_relevanssi_related_not_related":"","_relevanssi_related_posts":"","_relevanssi_noindex_reason":"","inline_featured_image":false,"footnotes":"","_links_to":"","_links_to_target":""},"coauthors":[288],"class_list":["post-91547","page","type-page","status-publish","has-post-thumbnail","hentry"],"yoast_head":"<!-- This site is optimized with the Yoast SEO plugin v27.5 - https:\/\/yoast.com\/product\/yoast-seo-wordpress\/ -->\n<title>Desinfec\u00e7\u00e3o UV para Tratamento de \u00c1gua e Efluentes | Fluence<\/title>\n<meta name=\"description\" content=\"Tecnologia de desinfec\u00e7\u00e3o que utiliza radia\u00e7\u00e3o ultravioleta para tratar \u00e1gua e efluentes de forma segura e eficiente.\" \/>\n<meta name=\"robots\" content=\"index, follow, max-snippet:-1, max-image-preview:large, max-video-preview:-1\" \/>\n<link rel=\"canonical\" href=\"https:\/\/www.fluencecorp.com\/pt\/desinfeccao-uv\/\" \/>\n<meta property=\"og:locale\" content=\"pt_BR\" \/>\n<meta property=\"og:type\" content=\"article\" \/>\n<meta property=\"og:title\" content=\"Desinfec\u00e7\u00e3o UV para Tratamento de \u00c1gua e Efluentes\" \/>\n<meta property=\"og:description\" content=\"Tecnologia de desinfec\u00e7\u00e3o que utiliza radia\u00e7\u00e3o ultravioleta para tratar \u00e1gua e efluentes de forma segura e eficiente.\" \/>\n<meta property=\"og:url\" content=\"https:\/\/www.fluencecorp.com\/pt\/desinfeccao-uv\/\" \/>\n<meta property=\"article:publisher\" content=\"https:\/\/www.facebook.com\/FluenceCorp\" \/>\n<meta property=\"article:modified_time\" content=\"2026-04-29T16:40:13+00:00\" \/>\n<meta property=\"og:image\" content=\"https:\/\/www.fluencecorp.com\/wp-content\/uploads\/2017\/07\/droplet-pattern.png\" \/>\n\t<meta property=\"og:image:width\" content=\"347\" \/>\n\t<meta property=\"og:image:height\" content=\"231\" \/>\n\t<meta property=\"og:image:type\" content=\"image\/png\" \/>\n<meta name=\"twitter:card\" content=\"summary_large_image\" \/>\n<meta name=\"twitter:title\" content=\"Desinfec\u00e7\u00e3o UV para Tratamento de \u00c1gua e Efluentes\" \/>\n<meta name=\"twitter:site\" content=\"@FluenceCorp\" \/>\n<meta name=\"twitter:label1\" content=\"Est. tempo de leitura\" \/>\n\t<meta name=\"twitter:data1\" content=\"5 minutos\" \/>\n\t<meta name=\"twitter:label2\" content=\"Written by\" \/>\n\t<meta name=\"twitter:data2\" content=\"sysop\" \/>\n<script type=\"application\/ld+json\" class=\"yoast-schema-graph\">{\"@context\":\"https:\\\/\\\/schema.org\",\"@graph\":[{\"@type\":\"WebPage\",\"@id\":\"https:\\\/\\\/www.fluencecorp.com\\\/pt\\\/desinfeccao-uv\\\/\",\"url\":\"https:\\\/\\\/www.fluencecorp.com\\\/pt\\\/desinfeccao-uv\\\/\",\"name\":\"Desinfec\u00e7\u00e3o UV para Tratamento de \u00c1gua e Efluentes | Fluence\",\"isPartOf\":{\"@id\":\"https:\\\/\\\/www.fluencecorp.com\\\/pt\\\/#website\"},\"primaryImageOfPage\":{\"@id\":\"https:\\\/\\\/www.fluencecorp.com\\\/pt\\\/desinfeccao-uv\\\/#primaryimage\"},\"image\":{\"@id\":\"https:\\\/\\\/www.fluencecorp.com\\\/pt\\\/desinfeccao-uv\\\/#primaryimage\"},\"thumbnailUrl\":\"https:\\\/\\\/www.fluencecorp.com\\\/wp-content\\\/uploads\\\/2017\\\/07\\\/droplet-pattern.png\",\"datePublished\":\"2018-01-11T05:59:20+00:00\",\"dateModified\":\"2026-04-29T16:40:13+00:00\",\"description\":\"Tecnologia de desinfec\u00e7\u00e3o que utiliza radia\u00e7\u00e3o ultravioleta para tratar \u00e1gua e efluentes de forma segura e eficiente.\",\"breadcrumb\":{\"@id\":\"https:\\\/\\\/www.fluencecorp.com\\\/pt\\\/desinfeccao-uv\\\/#breadcrumb\"},\"inLanguage\":\"pt-BR\",\"potentialAction\":[{\"@type\":\"ReadAction\",\"target\":[\"https:\\\/\\\/www.fluencecorp.com\\\/pt\\\/desinfeccao-uv\\\/\"]}]},{\"@type\":\"ImageObject\",\"inLanguage\":\"pt-BR\",\"@id\":\"https:\\\/\\\/www.fluencecorp.com\\\/pt\\\/desinfeccao-uv\\\/#primaryimage\",\"url\":\"https:\\\/\\\/www.fluencecorp.com\\\/wp-content\\\/uploads\\\/2017\\\/07\\\/droplet-pattern.png\",\"contentUrl\":\"https:\\\/\\\/www.fluencecorp.com\\\/wp-content\\\/uploads\\\/2017\\\/07\\\/droplet-pattern.png\",\"width\":347,\"height\":231},{\"@type\":\"BreadcrumbList\",\"@id\":\"https:\\\/\\\/www.fluencecorp.com\\\/pt\\\/desinfeccao-uv\\\/#breadcrumb\",\"itemListElement\":[{\"@type\":\"ListItem\",\"position\":1,\"name\":\"Home\",\"item\":\"https:\\\/\\\/www.fluencecorp.com\\\/pt\\\/\"},{\"@type\":\"ListItem\",\"position\":2,\"name\":\"Desinfec\u00e7\u00e3o UV\"}]},{\"@type\":\"WebSite\",\"@id\":\"https:\\\/\\\/www.fluencecorp.com\\\/pt\\\/#website\",\"url\":\"https:\\\/\\\/www.fluencecorp.com\\\/pt\\\/\",\"name\":\"Fluence Corporation\",\"description\":\"\",\"publisher\":{\"@id\":\"https:\\\/\\\/www.fluencecorp.com\\\/pt\\\/#organization\"},\"potentialAction\":[{\"@type\":\"SearchAction\",\"target\":{\"@type\":\"EntryPoint\",\"urlTemplate\":\"https:\\\/\\\/www.fluencecorp.com\\\/pt\\\/?s={search_term_string}\"},\"query-input\":{\"@type\":\"PropertyValueSpecification\",\"valueRequired\":true,\"valueName\":\"search_term_string\"}}],\"inLanguage\":\"pt-BR\"},{\"@type\":\"Organization\",\"@id\":\"https:\\\/\\\/www.fluencecorp.com\\\/pt\\\/#organization\",\"name\":\"Fluence\",\"url\":\"https:\\\/\\\/www.fluencecorp.com\\\/pt\\\/\",\"logo\":{\"@type\":\"ImageObject\",\"inLanguage\":\"pt-BR\",\"@id\":\"https:\\\/\\\/www.fluencecorp.com\\\/pt\\\/#\\\/schema\\\/logo\\\/image\\\/\",\"url\":\"https:\\\/\\\/www.fluencecorp.com\\\/wp-content\\\/uploads\\\/2018\\\/03\\\/fluence-seo-logo.png\",\"contentUrl\":\"https:\\\/\\\/www.fluencecorp.com\\\/wp-content\\\/uploads\\\/2018\\\/03\\\/fluence-seo-logo.png\",\"width\":523,\"height\":181,\"caption\":\"Fluence\"},\"image\":{\"@id\":\"https:\\\/\\\/www.fluencecorp.com\\\/pt\\\/#\\\/schema\\\/logo\\\/image\\\/\"},\"sameAs\":[\"https:\\\/\\\/www.facebook.com\\\/FluenceCorp\",\"https:\\\/\\\/x.com\\\/FluenceCorp\",\"https:\\\/\\\/www.linkedin.com\\\/company-beta\\\/18150486\\\/\"]}]}<\/script>\n<!-- \/ Yoast SEO plugin. -->","yoast_head_json":{"title":"Desinfec\u00e7\u00e3o UV para Tratamento de \u00c1gua e Efluentes | Fluence","description":"Tecnologia de desinfec\u00e7\u00e3o que utiliza radia\u00e7\u00e3o ultravioleta para tratar \u00e1gua e efluentes de forma segura e eficiente.","robots":{"index":"index","follow":"follow","max-snippet":"max-snippet:-1","max-image-preview":"max-image-preview:large","max-video-preview":"max-video-preview:-1"},"canonical":"https:\/\/www.fluencecorp.com\/pt\/desinfeccao-uv\/","og_locale":"pt_BR","og_type":"article","og_title":"Desinfec\u00e7\u00e3o UV para Tratamento de \u00c1gua e Efluentes","og_description":"Tecnologia de desinfec\u00e7\u00e3o que utiliza radia\u00e7\u00e3o ultravioleta para tratar \u00e1gua e efluentes de forma segura e eficiente.","og_url":"https:\/\/www.fluencecorp.com\/pt\/desinfeccao-uv\/","article_publisher":"https:\/\/www.facebook.com\/FluenceCorp","article_modified_time":"2026-04-29T16:40:13+00:00","og_image":[{"width":347,"height":231,"url":"https:\/\/www.fluencecorp.com\/wp-content\/uploads\/2017\/07\/droplet-pattern.png","type":"image\/png"}],"twitter_card":"summary_large_image","twitter_title":"Desinfec\u00e7\u00e3o UV para Tratamento de \u00c1gua e Efluentes","twitter_site":"@FluenceCorp","twitter_misc":{"Est. tempo de leitura":"5 minutos","Written by":"sysop"},"schema":{"@context":"https:\/\/schema.org","@graph":[{"@type":"WebPage","@id":"https:\/\/www.fluencecorp.com\/pt\/desinfeccao-uv\/","url":"https:\/\/www.fluencecorp.com\/pt\/desinfeccao-uv\/","name":"Desinfec\u00e7\u00e3o UV para Tratamento de \u00c1gua e Efluentes | Fluence","isPartOf":{"@id":"https:\/\/www.fluencecorp.com\/pt\/#website"},"primaryImageOfPage":{"@id":"https:\/\/www.fluencecorp.com\/pt\/desinfeccao-uv\/#primaryimage"},"image":{"@id":"https:\/\/www.fluencecorp.com\/pt\/desinfeccao-uv\/#primaryimage"},"thumbnailUrl":"https:\/\/www.fluencecorp.com\/wp-content\/uploads\/2017\/07\/droplet-pattern.png","datePublished":"2018-01-11T05:59:20+00:00","dateModified":"2026-04-29T16:40:13+00:00","description":"Tecnologia de desinfec\u00e7\u00e3o que utiliza radia\u00e7\u00e3o ultravioleta para tratar \u00e1gua e efluentes de forma segura e eficiente.","breadcrumb":{"@id":"https:\/\/www.fluencecorp.com\/pt\/desinfeccao-uv\/#breadcrumb"},"inLanguage":"pt-BR","potentialAction":[{"@type":"ReadAction","target":["https:\/\/www.fluencecorp.com\/pt\/desinfeccao-uv\/"]}]},{"@type":"ImageObject","inLanguage":"pt-BR","@id":"https:\/\/www.fluencecorp.com\/pt\/desinfeccao-uv\/#primaryimage","url":"https:\/\/www.fluencecorp.com\/wp-content\/uploads\/2017\/07\/droplet-pattern.png","contentUrl":"https:\/\/www.fluencecorp.com\/wp-content\/uploads\/2017\/07\/droplet-pattern.png","width":347,"height":231},{"@type":"BreadcrumbList","@id":"https:\/\/www.fluencecorp.com\/pt\/desinfeccao-uv\/#breadcrumb","itemListElement":[{"@type":"ListItem","position":1,"name":"Home","item":"https:\/\/www.fluencecorp.com\/pt\/"},{"@type":"ListItem","position":2,"name":"Desinfec\u00e7\u00e3o UV"}]},{"@type":"WebSite","@id":"https:\/\/www.fluencecorp.com\/pt\/#website","url":"https:\/\/www.fluencecorp.com\/pt\/","name":"Fluence Corporation","description":"","publisher":{"@id":"https:\/\/www.fluencecorp.com\/pt\/#organization"},"potentialAction":[{"@type":"SearchAction","target":{"@type":"EntryPoint","urlTemplate":"https:\/\/www.fluencecorp.com\/pt\/?s={search_term_string}"},"query-input":{"@type":"PropertyValueSpecification","valueRequired":true,"valueName":"search_term_string"}}],"inLanguage":"pt-BR"},{"@type":"Organization","@id":"https:\/\/www.fluencecorp.com\/pt\/#organization","name":"Fluence","url":"https:\/\/www.fluencecorp.com\/pt\/","logo":{"@type":"ImageObject","inLanguage":"pt-BR","@id":"https:\/\/www.fluencecorp.com\/pt\/#\/schema\/logo\/image\/","url":"https:\/\/www.fluencecorp.com\/wp-content\/uploads\/2018\/03\/fluence-seo-logo.png","contentUrl":"https:\/\/www.fluencecorp.com\/wp-content\/uploads\/2018\/03\/fluence-seo-logo.png","width":523,"height":181,"caption":"Fluence"},"image":{"@id":"https:\/\/www.fluencecorp.com\/pt\/#\/schema\/logo\/image\/"},"sameAs":["https:\/\/www.facebook.com\/FluenceCorp","https:\/\/x.com\/FluenceCorp","https:\/\/www.linkedin.com\/company-beta\/18150486\/"]}]}},"_links":{"self":[{"href":"https:\/\/www.fluencecorp.com\/pt\/wp-json\/wp\/v2\/pages\/91547","targetHints":{"allow":["GET"]}}],"collection":[{"href":"https:\/\/www.fluencecorp.com\/pt\/wp-json\/wp\/v2\/pages"}],"about":[{"href":"https:\/\/www.fluencecorp.com\/pt\/wp-json\/wp\/v2\/types\/page"}],"author":[{"embeddable":true,"href":"https:\/\/www.fluencecorp.com\/pt\/wp-json\/wp\/v2\/users\/1"}],"replies":[{"embeddable":true,"href":"https:\/\/www.fluencecorp.com\/pt\/wp-json\/wp\/v2\/comments?post=91547"}],"version-history":[{"count":0,"href":"https:\/\/www.fluencecorp.com\/pt\/wp-json\/wp\/v2\/pages\/91547\/revisions"}],"wp:featuredmedia":[{"embeddable":true,"href":"https:\/\/www.fluencecorp.com\/pt\/wp-json\/wp\/v2\/media\/45773"}],"wp:attachment":[{"href":"https:\/\/www.fluencecorp.com\/pt\/wp-json\/wp\/v2\/media?parent=91547"}],"wp:term":[{"taxonomy":"author","embeddable":true,"href":"https:\/\/www.fluencecorp.com\/pt\/wp-json\/wp\/v2\/coauthors?post=91547"}],"curies":[{"name":"wp","href":"https:\/\/api.w.org\/{rel}","templated":true}]}}