{"id":91541,"date":"2017-12-14T15:22:15","date_gmt":"2017-12-14T04:22:15","guid":{"rendered":"https:\/\/www.fluencecorp.com\/carbon-activado\/"},"modified":"2026-04-30T02:29:43","modified_gmt":"2026-04-29T16:29:43","slug":"carvao-ativado","status":"publish","type":"page","link":"https:\/\/www.fluencecorp.com\/pt\/carvao-ativado\/","title":{"rendered":"Carv\u00e3o Ativado"},"content":{"rendered":"<p>[et_pb_section fb_built=&#8221;1&#8243; _builder_version=&#8221;4.16&#8243; background_color=&#8221;#f4f4f4&#8243; background_blend=&#8221;multiply&#8221; custom_padding=&#8221;0px||0px|&#8221; da_disable_devices=&#8221;off|off|off&#8221; global_colors_info=&#8221;{}&#8221; da_is_popup=&#8221;off&#8221; da_exit_intent=&#8221;off&#8221; da_has_close=&#8221;on&#8221; da_alt_close=&#8221;off&#8221; da_dark_close=&#8221;off&#8221; da_not_modal=&#8221;on&#8221; da_is_singular=&#8221;off&#8221; da_with_loader=&#8221;off&#8221; da_has_shadow=&#8221;on&#8221;][et_pb_row _builder_version=&#8221;4.16&#8243; custom_margin=&#8221;0px||0px|&#8221; custom_padding=&#8221;0px||0px|&#8221; global_colors_info=&#8221;{}&#8221;][et_pb_column type=&#8221;4_4&#8243; _builder_version=&#8221;4.16&#8243; background_position=&#8221;top_left&#8221; custom_padding=&#8221;|||&#8221; global_colors_info=&#8221;{}&#8221; custom_padding__hover=&#8221;|||&#8221;][et_pb_text admin_label=&#8221;Header with Grey Background&#8221; _builder_version=&#8221;4.27.6&#8243; text_text_color=&#8221;#778591&#8243; text_font_size=&#8221;24&#8243; header_font=&#8221;|on|||&#8221; header_text_color=&#8221;#0b3a5d&#8221; header_font_size=&#8221;52px&#8221; custom_margin=&#8221;10px||10px|&#8221; custom_padding=&#8221;44px||44px|&#8221; hover_enabled=&#8221;0&#8243; text_font_size_tablet=&#8221;16&#8243; text_font_size_phone=&#8221;&#8221; text_font_size_last_edited=&#8221;on|phone&#8221; header_font_size_tablet=&#8221;35px&#8221; header_font_size_phone=&#8221;28px&#8221; header_font_size_last_edited=&#8221;on|phone&#8221; global_colors_info=&#8221;{}&#8221; sticky_enabled=&#8221;0&#8243;]<\/p>\n<h1>Carv\u00e3o Ativado<\/h1>\n<p>[\/et_pb_text][\/et_pb_column][\/et_pb_row][\/et_pb_section][et_pb_section fb_built=&#8221;1&#8243; _builder_version=&#8221;4.16&#8243; custom_padding=&#8221;0px||0px|&#8221; da_disable_devices=&#8221;off|off|off&#8221; global_colors_info=&#8221;{}&#8221; da_is_popup=&#8221;off&#8221; da_exit_intent=&#8221;off&#8221; da_has_close=&#8221;on&#8221; da_alt_close=&#8221;off&#8221; da_dark_close=&#8221;off&#8221; da_not_modal=&#8221;on&#8221; da_is_singular=&#8221;off&#8221; da_with_loader=&#8221;off&#8221; da_has_shadow=&#8221;on&#8221;][et_pb_row column_structure=&#8221;2_3,1_3&#8243; _builder_version=&#8221;4.16&#8243; background_size=&#8221;initial&#8221; background_position=&#8221;top_left&#8221; background_repeat=&#8221;repeat&#8221; global_colors_info=&#8221;{}&#8221;][et_pb_column type=&#8221;2_3&#8243; _builder_version=&#8221;4.16&#8243; custom_padding=&#8221;|||&#8221; global_colors_info=&#8221;{}&#8221; custom_padding__hover=&#8221;|||&#8221;][et_pb_text admin_label=&#8221;Main Body Text&#8221; _builder_version=&#8221;4.27.6&#8243; hover_enabled=&#8221;0&#8243; global_colors_info=&#8221;{}&#8221; sticky_enabled=&#8221;0&#8243;]<\/p>\n<p>O carv\u00e3o ativado possui a capacidade de aderir ou reter em sua superf\u00edcie um ou mais componentes (\u00e1tomos, mol\u00e9culas ou \u00edons) do l\u00edquido que est\u00e1 em contato com ele. Esse fen\u00f4meno \u00e9 denominado <strong>poder adsorvente<\/strong>. A adsor\u00e7\u00e3o \u00e9 respons\u00e1vel por purificar, desodorizar e descolorir a \u00e1gua, l\u00edquidos ou gases que entram em contato com o material adsorvente.<\/p>\n<p>O carv\u00e3o ativado caracteriza-se por possuir uma elevada \u00e1rea superficial espec\u00edfica (aproximadamente de 500 a 1.500 m\u00b2\/g), com uma infinidade de poros muito finos, respons\u00e1veis pela reten\u00e7\u00e3o (adsor\u00e7\u00e3o) de determinados compostos indesej\u00e1veis. As altas temperaturas, a atmosfera especial e a inje\u00e7\u00e3o de vapor no processo de fabrica\u00e7\u00e3o do carv\u00e3o ativado s\u00e3o os fatores que o \u201cativam\u201d e criam sua porosidade.<\/p>\n<p>\u00c9 um processo altamente eficiente para a remo\u00e7\u00e3o de cloro e mat\u00e9ria org\u00e2nica, causadores de odores, cores ou sabores desagrad\u00e1veis na \u00e1gua. Atua por meio de um processo de adsor\u00e7\u00e3o, filtra\u00e7\u00e3o mec\u00e2nica e a\u00e7\u00e3o catal\u00edtica em sua superf\u00edcie.<\/p>\n<p>Os filtros de carv\u00e3o ativado podem ser projetados para a remo\u00e7\u00e3o dos seguintes contaminantes:<\/p>\n<p><strong>Compostos inorg\u00e2nicos<\/strong><\/p>\n<ul>\n<li>Cloro<\/li>\n<li>Alguns metais (cromo, merc\u00fario, chumbo)<\/li>\n<li>Taninos<\/li>\n<\/ul>\n<p><strong>Compostos org\u00e2nicos<\/strong><\/p>\n<ul>\n<li>Cloraminas<\/li>\n<li>VOCs (compostos org\u00e2nicos vol\u00e1teis)<\/li>\n<li>Subst\u00e2ncias causadoras de cor<\/li>\n<li>Subst\u00e2ncias causadoras de mau sabor<\/li>\n<li>Trihalometanos<\/li>\n<\/ul>\n<p><a href=\"https:\/\/www.fluencecorp.com\/pt\/contato\/\" target=\"_blank\" rel=\"noopener\"><strong>Entre em contato com nossos especialistas<\/strong><\/a> para discutir os detalhes do seu projeto e conhecer como os filtros de carv\u00e3o ativado podem ajudar a atingir seus objetivos.<\/p>\n<p>[\/et_pb_text][\/et_pb_column][et_pb_column type=&#8221;1_3&#8243; _builder_version=&#8221;4.16&#8243; custom_padding=&#8221;|||&#8221; global_colors_info=&#8221;{}&#8221; custom_padding__hover=&#8221;|||&#8221;][et_pb_blurb title=&#8221;DESAFIOS NO TRATAMENTO DE \u00c1GUA?&#8221; image=&#8221;https:\/\/www.fluencecorp.com\/wp-content\/uploads\/2017\/07\/wastewater_treatment_02.svg&#8221; admin_label=&#8221;WASTE-TO-ENERGY CHALLENGES &#8211; ES&#8221; module_class=&#8221;fluenceblurb&#8221; _builder_version=&#8221;4.27.6&#8243; text_orientation=&#8221;center&#8221; max_width_tablet=&#8221;50px&#8221; custom_padding=&#8221;30px|20px|30px|20px&#8221; animation=&#8221;off&#8221; hover_enabled=&#8221;0&#8243; border_radii=&#8221;on|3px|3px|3px|3px&#8221; border_width_all=&#8221;1px&#8221; border_color_all=&#8221;#7fc8bd&#8221; use_border_color=&#8221;on&#8221; use_circle=&#8221;off&#8221; use_circle_border=&#8221;off&#8221; global_colors_info=&#8221;{}&#8221; sticky_enabled=&#8221;0&#8243;]Estamos aqui para ajudar! Entre em contato com a Fluence para saber mais sobre nossas solu\u00e7\u00f5es de tratamento de \u00c1gua e Esgoto ou discutir detalhes espec\u00edficos do seu projeto.<\/p>\n<p><a class=\"et_pb_promo_button et_pb_button\" href=\"https:\/\/www.fluencecorp.com\/pt\/contato\/\">ENTRE EM CONTATO <\/a>[\/et_pb_blurb][et_pb_text admin_label=&#8221;QUICK LINKS &#8211; ES&#8221; _builder_version=&#8221;4.27.6&#8243; header_text_color=&#8221;#0b3a5d&#8221; header_font_size=&#8221;20px&#8221; background_color=&#8221;#f4f4f4&#8243; background_size=&#8221;initial&#8221; background_position=&#8221;center_right&#8221; background_blend=&#8221;overlay&#8221; custom_padding=&#8221;30px|30px|30px|30px&#8221; hover_enabled=&#8221;0&#8243; z_index_tablet=&#8221;500&#8243; global_colors_info=&#8221;{}&#8221; sticky_enabled=&#8221;0&#8243;]<\/p>\n<h1>LINKS R\u00c1PIDOS<\/h1>\n<ul>\n<li><a href=\"https:\/\/www.fluencecorp.com\/pt\/estudos-de-caso\/\">Estudos de Caso<\/a><\/li>\n<\/ul>\n<p>[\/et_pb_text][\/et_pb_column][\/et_pb_row][\/et_pb_section]<\/p>\n","protected":false},"excerpt":{"rendered":"<p> Solu\u00e7\u00e3o de tratamento de \u00e1gua que utiliza o poder adsorvente do carv\u00e3o ativado para remover impurezas, odores e cor, melhorando sua qualidade.<\/p>\n","protected":false},"author":1,"featured_media":45773,"parent":0,"menu_order":0,"comment_status":"closed","ping_status":"closed","template":"","meta":{"_et_pb_use_builder":"on","_et_pb_old_content":"","_et_gb_content_width":"","_relevanssi_hide_post":"","_relevanssi_hide_content":"","_relevanssi_pin_for_all":"","_relevanssi_pin_keywords":"","_relevanssi_unpin_keywords":"","_relevanssi_related_keywords":"","_relevanssi_related_include_ids":"","_relevanssi_related_exclude_ids":"","_relevanssi_related_no_append":"","_relevanssi_related_not_related":"","_relevanssi_related_posts":"","_relevanssi_noindex_reason":"","inline_featured_image":false,"footnotes":"","_links_to":"","_links_to_target":""},"coauthors":[288],"class_list":["post-91541","page","type-page","status-publish","has-post-thumbnail","hentry"],"yoast_head":"<!-- This site is optimized with the Yoast SEO plugin v27.5 - https:\/\/yoast.com\/product\/yoast-seo-wordpress\/ -->\n<title>Carv\u00e3o Ativado para Tratamento de \u00c1gua | Fluence<\/title>\n<meta name=\"description\" content=\"Solu\u00e7\u00e3o de tratamento de \u00e1gua que utiliza o poder adsorvente do carv\u00e3o ativado para remover impurezas, odores e cor, melhorando sua qualidade.\" \/>\n<meta name=\"robots\" content=\"index, follow, max-snippet:-1, max-image-preview:large, max-video-preview:-1\" \/>\n<link rel=\"canonical\" href=\"https:\/\/www.fluencecorp.com\/pt\/carvao-ativado\/\" \/>\n<meta property=\"og:locale\" content=\"pt_BR\" \/>\n<meta property=\"og:type\" content=\"article\" \/>\n<meta property=\"og:title\" content=\"Carv\u00e3o Ativado para Tratamento de \u00c1gua\" \/>\n<meta property=\"og:description\" content=\"Solu\u00e7\u00e3o de tratamento de \u00e1gua que utiliza o poder adsorvente do carv\u00e3o ativado para remover impurezas, odores e cor, melhorando sua qualidade.\" \/>\n<meta property=\"og:url\" content=\"https:\/\/www.fluencecorp.com\/pt\/carvao-ativado\/\" \/>\n<meta property=\"article:publisher\" content=\"https:\/\/www.facebook.com\/FluenceCorp\" \/>\n<meta property=\"article:modified_time\" content=\"2026-04-29T16:29:43+00:00\" \/>\n<meta property=\"og:image\" content=\"https:\/\/www.fluencecorp.com\/wp-content\/uploads\/2017\/07\/droplet-pattern.png\" \/>\n\t<meta property=\"og:image:width\" content=\"347\" \/>\n\t<meta property=\"og:image:height\" content=\"231\" \/>\n\t<meta property=\"og:image:type\" content=\"image\/png\" \/>\n<meta name=\"twitter:card\" content=\"summary_large_image\" \/>\n<meta name=\"twitter:title\" content=\"Carv\u00e3o Ativado para Tratamento de \u00c1gua\" \/>\n<meta name=\"twitter:site\" content=\"@FluenceCorp\" \/>\n<meta name=\"twitter:label1\" content=\"Est. tempo de leitura\" \/>\n\t<meta name=\"twitter:data1\" content=\"2 minutos\" \/>\n\t<meta name=\"twitter:label2\" content=\"Written by\" \/>\n\t<meta name=\"twitter:data2\" content=\"sysop\" \/>\n<script type=\"application\/ld+json\" class=\"yoast-schema-graph\">{\"@context\":\"https:\\\/\\\/schema.org\",\"@graph\":[{\"@type\":\"WebPage\",\"@id\":\"https:\\\/\\\/www.fluencecorp.com\\\/pt\\\/carvao-ativado\\\/\",\"url\":\"https:\\\/\\\/www.fluencecorp.com\\\/pt\\\/carvao-ativado\\\/\",\"name\":\"Carv\u00e3o Ativado para Tratamento de \u00c1gua | Fluence\",\"isPartOf\":{\"@id\":\"https:\\\/\\\/www.fluencecorp.com\\\/pt\\\/#website\"},\"primaryImageOfPage\":{\"@id\":\"https:\\\/\\\/www.fluencecorp.com\\\/pt\\\/carvao-ativado\\\/#primaryimage\"},\"image\":{\"@id\":\"https:\\\/\\\/www.fluencecorp.com\\\/pt\\\/carvao-ativado\\\/#primaryimage\"},\"thumbnailUrl\":\"https:\\\/\\\/www.fluencecorp.com\\\/wp-content\\\/uploads\\\/2017\\\/07\\\/droplet-pattern.png\",\"datePublished\":\"2017-12-14T04:22:15+00:00\",\"dateModified\":\"2026-04-29T16:29:43+00:00\",\"description\":\"Solu\u00e7\u00e3o de tratamento de \u00e1gua que utiliza o poder adsorvente do carv\u00e3o ativado para remover impurezas, odores e cor, melhorando sua qualidade.\",\"breadcrumb\":{\"@id\":\"https:\\\/\\\/www.fluencecorp.com\\\/pt\\\/carvao-ativado\\\/#breadcrumb\"},\"inLanguage\":\"pt-BR\",\"potentialAction\":[{\"@type\":\"ReadAction\",\"target\":[\"https:\\\/\\\/www.fluencecorp.com\\\/pt\\\/carvao-ativado\\\/\"]}]},{\"@type\":\"ImageObject\",\"inLanguage\":\"pt-BR\",\"@id\":\"https:\\\/\\\/www.fluencecorp.com\\\/pt\\\/carvao-ativado\\\/#primaryimage\",\"url\":\"https:\\\/\\\/www.fluencecorp.com\\\/wp-content\\\/uploads\\\/2017\\\/07\\\/droplet-pattern.png\",\"contentUrl\":\"https:\\\/\\\/www.fluencecorp.com\\\/wp-content\\\/uploads\\\/2017\\\/07\\\/droplet-pattern.png\",\"width\":347,\"height\":231},{\"@type\":\"BreadcrumbList\",\"@id\":\"https:\\\/\\\/www.fluencecorp.com\\\/pt\\\/carvao-ativado\\\/#breadcrumb\",\"itemListElement\":[{\"@type\":\"ListItem\",\"position\":1,\"name\":\"Home\",\"item\":\"https:\\\/\\\/www.fluencecorp.com\\\/pt\\\/\"},{\"@type\":\"ListItem\",\"position\":2,\"name\":\"Carv\u00e3o Ativado\"}]},{\"@type\":\"WebSite\",\"@id\":\"https:\\\/\\\/www.fluencecorp.com\\\/pt\\\/#website\",\"url\":\"https:\\\/\\\/www.fluencecorp.com\\\/pt\\\/\",\"name\":\"Fluence Corporation\",\"description\":\"\",\"publisher\":{\"@id\":\"https:\\\/\\\/www.fluencecorp.com\\\/pt\\\/#organization\"},\"potentialAction\":[{\"@type\":\"SearchAction\",\"target\":{\"@type\":\"EntryPoint\",\"urlTemplate\":\"https:\\\/\\\/www.fluencecorp.com\\\/pt\\\/?s={search_term_string}\"},\"query-input\":{\"@type\":\"PropertyValueSpecification\",\"valueRequired\":true,\"valueName\":\"search_term_string\"}}],\"inLanguage\":\"pt-BR\"},{\"@type\":\"Organization\",\"@id\":\"https:\\\/\\\/www.fluencecorp.com\\\/pt\\\/#organization\",\"name\":\"Fluence\",\"url\":\"https:\\\/\\\/www.fluencecorp.com\\\/pt\\\/\",\"logo\":{\"@type\":\"ImageObject\",\"inLanguage\":\"pt-BR\",\"@id\":\"https:\\\/\\\/www.fluencecorp.com\\\/pt\\\/#\\\/schema\\\/logo\\\/image\\\/\",\"url\":\"https:\\\/\\\/www.fluencecorp.com\\\/wp-content\\\/uploads\\\/2018\\\/03\\\/fluence-seo-logo.png\",\"contentUrl\":\"https:\\\/\\\/www.fluencecorp.com\\\/wp-content\\\/uploads\\\/2018\\\/03\\\/fluence-seo-logo.png\",\"width\":523,\"height\":181,\"caption\":\"Fluence\"},\"image\":{\"@id\":\"https:\\\/\\\/www.fluencecorp.com\\\/pt\\\/#\\\/schema\\\/logo\\\/image\\\/\"},\"sameAs\":[\"https:\\\/\\\/www.facebook.com\\\/FluenceCorp\",\"https:\\\/\\\/x.com\\\/FluenceCorp\",\"https:\\\/\\\/www.linkedin.com\\\/company-beta\\\/18150486\\\/\"]}]}<\/script>\n<!-- \/ Yoast SEO plugin. -->","yoast_head_json":{"title":"Carv\u00e3o Ativado para Tratamento de \u00c1gua | Fluence","description":"Solu\u00e7\u00e3o de tratamento de \u00e1gua que utiliza o poder adsorvente do carv\u00e3o ativado para remover impurezas, odores e cor, melhorando sua qualidade.","robots":{"index":"index","follow":"follow","max-snippet":"max-snippet:-1","max-image-preview":"max-image-preview:large","max-video-preview":"max-video-preview:-1"},"canonical":"https:\/\/www.fluencecorp.com\/pt\/carvao-ativado\/","og_locale":"pt_BR","og_type":"article","og_title":"Carv\u00e3o Ativado para Tratamento de \u00c1gua","og_description":"Solu\u00e7\u00e3o de tratamento de \u00e1gua que utiliza o poder adsorvente do carv\u00e3o ativado para remover impurezas, odores e cor, melhorando sua qualidade.","og_url":"https:\/\/www.fluencecorp.com\/pt\/carvao-ativado\/","article_publisher":"https:\/\/www.facebook.com\/FluenceCorp","article_modified_time":"2026-04-29T16:29:43+00:00","og_image":[{"width":347,"height":231,"url":"https:\/\/www.fluencecorp.com\/wp-content\/uploads\/2017\/07\/droplet-pattern.png","type":"image\/png"}],"twitter_card":"summary_large_image","twitter_title":"Carv\u00e3o Ativado para Tratamento de \u00c1gua","twitter_site":"@FluenceCorp","twitter_misc":{"Est. tempo de leitura":"2 minutos","Written by":"sysop"},"schema":{"@context":"https:\/\/schema.org","@graph":[{"@type":"WebPage","@id":"https:\/\/www.fluencecorp.com\/pt\/carvao-ativado\/","url":"https:\/\/www.fluencecorp.com\/pt\/carvao-ativado\/","name":"Carv\u00e3o Ativado para Tratamento de \u00c1gua | Fluence","isPartOf":{"@id":"https:\/\/www.fluencecorp.com\/pt\/#website"},"primaryImageOfPage":{"@id":"https:\/\/www.fluencecorp.com\/pt\/carvao-ativado\/#primaryimage"},"image":{"@id":"https:\/\/www.fluencecorp.com\/pt\/carvao-ativado\/#primaryimage"},"thumbnailUrl":"https:\/\/www.fluencecorp.com\/wp-content\/uploads\/2017\/07\/droplet-pattern.png","datePublished":"2017-12-14T04:22:15+00:00","dateModified":"2026-04-29T16:29:43+00:00","description":"Solu\u00e7\u00e3o de tratamento de \u00e1gua que utiliza o poder adsorvente do carv\u00e3o ativado para remover impurezas, odores e cor, melhorando sua qualidade.","breadcrumb":{"@id":"https:\/\/www.fluencecorp.com\/pt\/carvao-ativado\/#breadcrumb"},"inLanguage":"pt-BR","potentialAction":[{"@type":"ReadAction","target":["https:\/\/www.fluencecorp.com\/pt\/carvao-ativado\/"]}]},{"@type":"ImageObject","inLanguage":"pt-BR","@id":"https:\/\/www.fluencecorp.com\/pt\/carvao-ativado\/#primaryimage","url":"https:\/\/www.fluencecorp.com\/wp-content\/uploads\/2017\/07\/droplet-pattern.png","contentUrl":"https:\/\/www.fluencecorp.com\/wp-content\/uploads\/2017\/07\/droplet-pattern.png","width":347,"height":231},{"@type":"BreadcrumbList","@id":"https:\/\/www.fluencecorp.com\/pt\/carvao-ativado\/#breadcrumb","itemListElement":[{"@type":"ListItem","position":1,"name":"Home","item":"https:\/\/www.fluencecorp.com\/pt\/"},{"@type":"ListItem","position":2,"name":"Carv\u00e3o Ativado"}]},{"@type":"WebSite","@id":"https:\/\/www.fluencecorp.com\/pt\/#website","url":"https:\/\/www.fluencecorp.com\/pt\/","name":"Fluence Corporation","description":"","publisher":{"@id":"https:\/\/www.fluencecorp.com\/pt\/#organization"},"potentialAction":[{"@type":"SearchAction","target":{"@type":"EntryPoint","urlTemplate":"https:\/\/www.fluencecorp.com\/pt\/?s={search_term_string}"},"query-input":{"@type":"PropertyValueSpecification","valueRequired":true,"valueName":"search_term_string"}}],"inLanguage":"pt-BR"},{"@type":"Organization","@id":"https:\/\/www.fluencecorp.com\/pt\/#organization","name":"Fluence","url":"https:\/\/www.fluencecorp.com\/pt\/","logo":{"@type":"ImageObject","inLanguage":"pt-BR","@id":"https:\/\/www.fluencecorp.com\/pt\/#\/schema\/logo\/image\/","url":"https:\/\/www.fluencecorp.com\/wp-content\/uploads\/2018\/03\/fluence-seo-logo.png","contentUrl":"https:\/\/www.fluencecorp.com\/wp-content\/uploads\/2018\/03\/fluence-seo-logo.png","width":523,"height":181,"caption":"Fluence"},"image":{"@id":"https:\/\/www.fluencecorp.com\/pt\/#\/schema\/logo\/image\/"},"sameAs":["https:\/\/www.facebook.com\/FluenceCorp","https:\/\/x.com\/FluenceCorp","https:\/\/www.linkedin.com\/company-beta\/18150486\/"]}]}},"_links":{"self":[{"href":"https:\/\/www.fluencecorp.com\/pt\/wp-json\/wp\/v2\/pages\/91541","targetHints":{"allow":["GET"]}}],"collection":[{"href":"https:\/\/www.fluencecorp.com\/pt\/wp-json\/wp\/v2\/pages"}],"about":[{"href":"https:\/\/www.fluencecorp.com\/pt\/wp-json\/wp\/v2\/types\/page"}],"author":[{"embeddable":true,"href":"https:\/\/www.fluencecorp.com\/pt\/wp-json\/wp\/v2\/users\/1"}],"replies":[{"embeddable":true,"href":"https:\/\/www.fluencecorp.com\/pt\/wp-json\/wp\/v2\/comments?post=91541"}],"version-history":[{"count":0,"href":"https:\/\/www.fluencecorp.com\/pt\/wp-json\/wp\/v2\/pages\/91541\/revisions"}],"wp:featuredmedia":[{"embeddable":true,"href":"https:\/\/www.fluencecorp.com\/pt\/wp-json\/wp\/v2\/media\/45773"}],"wp:attachment":[{"href":"https:\/\/www.fluencecorp.com\/pt\/wp-json\/wp\/v2\/media?parent=91541"}],"wp:term":[{"taxonomy":"author","embeddable":true,"href":"https:\/\/www.fluencecorp.com\/pt\/wp-json\/wp\/v2\/coauthors?post=91541"}],"curies":[{"name":"wp","href":"https:\/\/api.w.org\/{rel}","templated":true}]}}