{"id":91482,"date":"2026-02-17T07:43:51","date_gmt":"2026-02-16T20:43:51","guid":{"rendered":"https:\/\/www.fluencecorp.com\/monitoreo-remoto-tami\/"},"modified":"2026-04-29T04:53:07","modified_gmt":"2026-04-28T18:53:07","slug":"monitoramento-remoto-tami","status":"publish","type":"page","link":"https:\/\/www.fluencecorp.com\/pt\/monitoramento-remoto-tami\/","title":{"rendered":"Monitoramento Remoto TAMI\u2122"},"content":{"rendered":"<p>[et_pb_section fb_built=&#8221;1&#8243; _builder_version=&#8221;4.16&#8243; background_color=&#8221;#f4f4f4&#8243; background_blend=&#8221;multiply&#8221; custom_padding=&#8221;0px||0px|&#8221; da_disable_devices=&#8221;off|off|off&#8221; global_colors_info=&#8221;{}&#8221; da_is_popup=&#8221;off&#8221; da_exit_intent=&#8221;off&#8221; da_has_close=&#8221;on&#8221; da_alt_close=&#8221;off&#8221; da_dark_close=&#8221;off&#8221; da_not_modal=&#8221;on&#8221; da_is_singular=&#8221;off&#8221; da_with_loader=&#8221;off&#8221; da_has_shadow=&#8221;on&#8221;][et_pb_row _builder_version=&#8221;4.16&#8243; custom_margin=&#8221;0px||0px|&#8221; custom_padding=&#8221;0px||0px|&#8221; global_colors_info=&#8221;{}&#8221;][et_pb_column type=&#8221;4_4&#8243; _builder_version=&#8221;4.16&#8243; background_position=&#8221;top_left&#8221; custom_padding=&#8221;|||&#8221; global_colors_info=&#8221;{}&#8221; custom_padding__hover=&#8221;|||&#8221;][et_pb_text admin_label=&#8221;Header with Grey Background&#8221; _builder_version=&#8221;4.27.6&#8243; text_text_color=&#8221;#778591&#8243; text_font_size=&#8221;24&#8243; header_font=&#8221;|on|||&#8221; header_text_color=&#8221;#0b3a5d&#8221; header_font_size=&#8221;52px&#8221; custom_margin=&#8221;10px||10px|&#8221; custom_padding=&#8221;44px||44px|&#8221; text_font_size_tablet=&#8221;16&#8243; text_font_size_phone=&#8221;&#8221; text_font_size_last_edited=&#8221;on|phone&#8221; header_font_size_tablet=&#8221;35px&#8221; header_font_size_phone=&#8221;28px&#8221; header_font_size_last_edited=&#8221;on|phone&#8221; global_colors_info=&#8221;{}&#8221;]<\/p>\n<h1>Monitoramento Remoto TAMI\u2122<\/h1>\n<h2>Um especialista na ponta dos seus dedos<\/h2>\n<p>[\/et_pb_text][\/et_pb_column][\/et_pb_row][\/et_pb_section][et_pb_section fb_built=&#8221;1&#8243; _builder_version=&#8221;4.16&#8243; custom_padding=&#8221;0px||0px|&#8221; da_disable_devices=&#8221;off|off|off&#8221; global_colors_info=&#8221;{}&#8221; da_is_popup=&#8221;off&#8221; da_exit_intent=&#8221;off&#8221; da_has_close=&#8221;on&#8221; da_alt_close=&#8221;off&#8221; da_dark_close=&#8221;off&#8221; da_not_modal=&#8221;on&#8221; da_is_singular=&#8221;off&#8221; da_with_loader=&#8221;off&#8221; da_has_shadow=&#8221;on&#8221;][et_pb_row column_structure=&#8221;1_2,1_2&#8243; _builder_version=&#8221;4.27.6&#8243; _module_preset=&#8221;default&#8221; width_tablet=&#8221;&#8221; width_phone=&#8221;100%&#8221; width_last_edited=&#8221;on|phone&#8221; global_colors_info=&#8221;{}&#8221;][et_pb_column type=&#8221;1_2&#8243; _builder_version=&#8221;4.27.5&#8243; _module_preset=&#8221;default&#8221; global_colors_info=&#8221;{}&#8221;][et_pb_image src=&#8221;https:\/\/www.fluencecorp.com\/wp-content\/uploads\/2026\/04\/Site_Monitoreo-remoto-TAMI_PT-1.jpg&#8221; alt=&#8221;Plataforma TAMI de monitoramento remoto para opera\u00e7\u00f5es inteligentes em sistemas de \u00e1gua&#8221; title_text=&#8221;Plataforma de Monitoramento Remoto TAMI&#8221; disabled_on=&#8221;off|off|on&#8221; _builder_version=&#8221;4.27.6&#8243; _module_preset=&#8221;default&#8221; global_colors_info=&#8221;{}&#8221;][\/et_pb_image][et_pb_text _builder_version=&#8221;4.27.6&#8243; _module_preset=&#8221;default&#8221; custom_padding_tablet=&#8221;&#8221; custom_padding_phone=&#8221;|16px||16px|false|true&#8221; custom_padding_last_edited=&#8221;on|phone&#8221; global_colors_info=&#8221;{}&#8221;]<\/p>\n<h3>Opera\u00e7\u00f5es Inteligentes: Uma Abordagem Tecnol\u00f3gica Integrada<\/h3>\n<p>A Fluence desenvolveu uma ferramenta inovadora que permite que equipamentos sejam conectados e monitorados digitalmente para garantir sua melhor opera\u00e7\u00e3o e gerenciar remotamente a manuten\u00e7\u00e3o preditiva e preventiva eficiente.<\/p>\n<p><strong>A partir de uma instala\u00e7\u00e3o simples, voc\u00ea pode ter:<\/strong><\/p>\n<ul>\n<li>Acesso \u00e0s informa\u00e7\u00f5es sobre equipamentos em tempo real. Al\u00e9m de ter a hist\u00f3ria remotamente.<\/li>\n<li>Monitoramento digital dos equipamentos, de forma simples e automatizada, evitando transfer\u00eancias f\u00edsicas e registros manuais.<\/li>\n<li>Alertas precoces que facilitam a otimiza\u00e7\u00e3o da manuten\u00e7\u00e3o preditiva e preventiva, facilitando o planejamento das a\u00e7\u00f5es e seu monitoramento.<\/li>\n<\/ul>\n<p>[\/et_pb_text][\/et_pb_column][et_pb_column type=&#8221;1_2&#8243; _builder_version=&#8221;4.27.5&#8243; _module_preset=&#8221;default&#8221; global_colors_info=&#8221;{}&#8221;][et_pb_image src=&#8221;https:\/\/www.fluencecorp.com\/wp-content\/uploads\/2026\/04\/Site_Monitoreo-remoto-TAMI_PT-1.jpg&#8221; alt=&#8221;Plataforma TAMI de monitoramento remoto para opera\u00e7\u00f5es inteligentes em sistemas de \u00e1gua&#8221; title_text=&#8221;Plataforma de Monitoramento Remoto TAMI&#8221; disabled_on=&#8221;on|on|off&#8221; _builder_version=&#8221;4.27.6&#8243; _module_preset=&#8221;default&#8221; global_colors_info=&#8221;{}&#8221;][\/et_pb_image][\/et_pb_column][\/et_pb_row][et_pb_row column_structure=&#8221;1_2,1_2&#8243; admin_label=&#8221;Row&#8221; _builder_version=&#8221;4.27.6&#8243; _module_preset=&#8221;default&#8221; width_tablet=&#8221;&#8221; width_phone=&#8221;100%&#8221; width_last_edited=&#8221;on|phone&#8221; global_colors_info=&#8221;{}&#8221;][et_pb_column type=&#8221;1_2&#8243; _builder_version=&#8221;4.27.5&#8243; _module_preset=&#8221;default&#8221; global_colors_info=&#8221;{}&#8221;][et_pb_image src=&#8221;https:\/\/www.fluencecorp.com\/wp-content\/uploads\/2026\/04\/Site_Monitoreo-remoto-TAMI_PT-2.jpg&#8221; alt=&#8221;Especialista Fluence acompanhando ativos por meio do monitoramento remoto TAMI&#8221; title_text=&#8221;Opera\u00e7\u00f5es inteligentes com o TAMI da Fluence&#8221; _builder_version=&#8221;4.27.6&#8243; _module_preset=&#8221;default&#8221; global_colors_info=&#8221;{}&#8221;][\/et_pb_image][\/et_pb_column][et_pb_column type=&#8221;1_2&#8243; _builder_version=&#8221;4.27.5&#8243; _module_preset=&#8221;default&#8221; global_colors_info=&#8221;{}&#8221;][et_pb_text _builder_version=&#8221;4.27.6&#8243; _module_preset=&#8221;default&#8221; custom_padding_tablet=&#8221;&#8221; custom_padding_phone=&#8221;|16px||16px|false|true&#8221; custom_padding_last_edited=&#8221;on|phone&#8221; global_colors_info=&#8221;{}&#8221;]<\/p>\n<h3>Pr\u00f3s<\/h3>\n<p>O TAMI \u00e9 uma ferramenta 100% configur\u00e1vel e personaliz\u00e1vel conforme as necessidades da empresa:<\/p>\n<ul>\n<li>Acesso 24 horas por dia, 7 dias por semana, a informa\u00e7\u00f5es online.<\/li>\n<li>Coleta de dados em tempo real.<\/li>\n<li>Melhor capacidade de planejamento, evitando paradas n\u00e3o programadas.<\/li>\n<li>Melhorias na vida \u00fatil do equipamento.<\/li>\n<li>Acesso \u00e0s caracter\u00edsticas construtivas dos equipamentos.<\/li>\n<li>Detec\u00e7\u00e3o de falhas recorrentes.<\/li>\n<li>Dados hist\u00f3ricos de opera\u00e7\u00e3o e produ\u00e7\u00e3o.<\/li>\n<li>Relat\u00f3rios mensais autom\u00e1ticos: valores hist\u00f3ricos para download em formato Excel.<\/li>\n<li>Ponto de acesso para programa\u00e7\u00e3o\/modifica\u00e7\u00e3o de PLC\/HMI.<\/li>\n<\/ul>\n<p>[\/et_pb_text][\/et_pb_column][\/et_pb_row][et_pb_row column_structure=&#8221;2_3,1_3&#8243; _builder_version=&#8221;4.27.6&#8243; background_size=&#8221;initial&#8221; background_position=&#8221;top_left&#8221; background_repeat=&#8221;repeat&#8221; width_tablet=&#8221;&#8221; width_phone=&#8221;100%&#8221; width_last_edited=&#8221;on|phone&#8221; global_colors_info=&#8221;{}&#8221;][et_pb_column type=&#8221;2_3&#8243; _builder_version=&#8221;4.16&#8243; custom_padding=&#8221;|||&#8221; global_colors_info=&#8221;{}&#8221; custom_padding__hover=&#8221;|||&#8221;][et_pb_text admin_label=&#8221;Main Body Text&#8221; _builder_version=&#8221;4.27.6&#8243; custom_padding_tablet=&#8221;&#8221; custom_padding_phone=&#8221;|16px||16px|false|true&#8221; custom_padding_last_edited=&#8221;on|phone&#8221; global_colors_info=&#8221;{}&#8221;]<\/p>\n<h3>Centro de Monitoramento Remoto<\/h3>\n<p><strong>Temos um Centro de Monitoramento Remoto, que garante o monitoramento remoto de equipamentos e plantas, oferecendo suporte t\u00e9cnico aos nossos clientes.<\/strong><\/p>\n<p>Este Centro de Monitoramento nos d\u00e1 a possibilidade de acessar as informa\u00e7\u00f5es<br \/>\ndos equipamentos instalados em tempo real, o que nos permite conhecer seu status operacional e facilitar o planejamento das a\u00e7\u00f5es, al\u00e9m de otimizar a tomada de decis\u00f5es.<\/p>\n<p><strong>Otimize suas instala\u00e7\u00f5es por meio do monitoramento remoto do TAMI<sup>TM<\/sup><\/strong><br \/>\nVoc\u00ea est\u00e1 procurando uma forma de otimizar o desempenho da sua esta\u00e7\u00e3o de tratamento de \u00e1gua? <a href=\"https:\/\/www.fluencecorp.com\/pt\/contato\/\" target=\"_blank\" rel=\"noopener\">Entre em contato com nossos especialistas<\/a> para saber mais sobre como nosso sistema TAMI<sup>TM<\/sup> pode ajudar voc\u00ea a otimizar o desempenho da sua usina enquanto economiza dinheiro.[\/et_pb_text][\/et_pb_column][et_pb_column type=&#8221;1_3&#8243; _builder_version=&#8221;4.16&#8243; custom_padding=&#8221;|||&#8221; global_colors_info=&#8221;{}&#8221; custom_padding__hover=&#8221;|||&#8221;][et_pb_blurb title=&#8221;DESEMPENHO OTIMIZADO DA PLANTA&#8221; image=&#8221;https:\/\/www.fluencecorp.com\/wp-content\/uploads\/2017\/07\/smart_02.svg&#8221; admin_label=&#8221;WASTE-TO-ENERGY CHALLENGES &#8211; ES&#8221; module_class=&#8221;fluenceblurb&#8221; _builder_version=&#8221;4.27.6&#8243; text_orientation=&#8221;center&#8221; max_width_tablet=&#8221;50px&#8221; custom_margin_last_edited=&#8221;off|phone&#8221; custom_padding=&#8221;30px|20px|30px|20px&#8221; custom_padding_tablet=&#8221;30px|20px|30px|20px&#8221; custom_padding_phone=&#8221;|16px||16px|false|true&#8221; custom_padding_last_edited=&#8221;on|phone&#8221; animation=&#8221;off&#8221; border_radii=&#8221;on|3px|3px|3px|3px&#8221; border_width_all=&#8221;1px&#8221; border_color_all=&#8221;#7fc8bd&#8221; use_border_color=&#8221;on&#8221; use_circle=&#8221;off&#8221; use_circle_border=&#8221;off&#8221; global_colors_info=&#8221;{}&#8221;]Entre em contato com a Fluence para saber mais sobre o monitoramento remoto da TAMI\u2122 ou para discutir detalhes espec\u00edficos do seu projeto.<\/p>\n<p><a class=\"et_pb_promo_button et_pb_button\" href=\"https:\/\/www.fluencecorp.com\/pt\/contato\/\">ENTRE EM CONTATO<\/a>[\/et_pb_blurb][\/et_pb_column][\/et_pb_row][\/et_pb_section]<\/p>\n","protected":false},"excerpt":{"rendered":"<p>Solu\u00e7\u00e3o digital da Fluence que combina tecnologia integrada e suporte especializado para monitorar ativos e otimizar opera\u00e7\u00f5es em tempo real.<\/p>\n","protected":false},"author":1,"featured_media":45773,"parent":0,"menu_order":0,"comment_status":"closed","ping_status":"closed","template":"","meta":{"_et_pb_use_builder":"on","_et_pb_old_content":"","_et_gb_content_width":"","_relevanssi_hide_post":"","_relevanssi_hide_content":"","_relevanssi_pin_for_all":"","_relevanssi_pin_keywords":"","_relevanssi_unpin_keywords":"","_relevanssi_related_keywords":"","_relevanssi_related_include_ids":"","_relevanssi_related_exclude_ids":"","_relevanssi_related_no_append":"","_relevanssi_related_not_related":"","_relevanssi_related_posts":"","_relevanssi_noindex_reason":"","inline_featured_image":false,"footnotes":"","_links_to":"","_links_to_target":""},"coauthors":[288],"class_list":["post-91482","page","type-page","status-publish","has-post-thumbnail","hentry"],"yoast_head":"<!-- This site is optimized with the Yoast SEO plugin v27.5 - https:\/\/yoast.com\/product\/yoast-seo-wordpress\/ -->\n<title>Monitoramento Remoto TAMI | Opera\u00e7\u00f5es Inteligentes | Fluence<\/title>\n<meta name=\"description\" content=\"Solu\u00e7\u00e3o digital da Fluence que combina tecnologia integrada e suporte especializado para monitorar ativos e otimizar opera\u00e7\u00f5es em tempo real.\" \/>\n<meta name=\"robots\" content=\"index, follow, max-snippet:-1, max-image-preview:large, max-video-preview:-1\" \/>\n<link rel=\"canonical\" href=\"https:\/\/www.fluencecorp.com\/pt\/monitoramento-remoto-tami\/\" \/>\n<meta property=\"og:locale\" content=\"pt_BR\" \/>\n<meta property=\"og:type\" content=\"article\" \/>\n<meta property=\"og:title\" content=\"Monitoramento Remoto TAMI\u2122\" \/>\n<meta property=\"og:description\" content=\"Solu\u00e7\u00e3o digital da Fluence que combina tecnologia integrada e suporte especializado para monitorar ativos e otimizar opera\u00e7\u00f5es em tempo real.\" \/>\n<meta property=\"og:url\" content=\"https:\/\/www.fluencecorp.com\/pt\/monitoramento-remoto-tami\/\" \/>\n<meta property=\"article:publisher\" content=\"https:\/\/www.facebook.com\/FluenceCorp\" \/>\n<meta property=\"article:modified_time\" content=\"2026-04-28T18:53:07+00:00\" \/>\n<meta property=\"og:image\" content=\"https:\/\/www.fluencecorp.com\/wp-content\/uploads\/2017\/07\/droplet-pattern.png\" \/>\n\t<meta property=\"og:image:width\" content=\"347\" \/>\n\t<meta property=\"og:image:height\" content=\"231\" \/>\n\t<meta property=\"og:image:type\" content=\"image\/png\" \/>\n<meta name=\"twitter:card\" content=\"summary_large_image\" \/>\n<meta name=\"twitter:title\" content=\"Monitoramento Remoto TAMI\u2122\" \/>\n<meta name=\"twitter:site\" content=\"@FluenceCorp\" \/>\n<meta name=\"twitter:label1\" content=\"Est. tempo de leitura\" \/>\n\t<meta name=\"twitter:data1\" content=\"3 minutos\" \/>\n\t<meta name=\"twitter:label2\" content=\"Written by\" \/>\n\t<meta name=\"twitter:data2\" content=\"sysop\" \/>\n<script type=\"application\/ld+json\" class=\"yoast-schema-graph\">{\"@context\":\"https:\\\/\\\/schema.org\",\"@graph\":[{\"@type\":\"WebPage\",\"@id\":\"https:\\\/\\\/www.fluencecorp.com\\\/pt\\\/monitoramento-remoto-tami\\\/\",\"url\":\"https:\\\/\\\/www.fluencecorp.com\\\/pt\\\/monitoramento-remoto-tami\\\/\",\"name\":\"Monitoramento Remoto TAMI | Opera\u00e7\u00f5es Inteligentes | Fluence\",\"isPartOf\":{\"@id\":\"https:\\\/\\\/www.fluencecorp.com\\\/pt\\\/#website\"},\"primaryImageOfPage\":{\"@id\":\"https:\\\/\\\/www.fluencecorp.com\\\/pt\\\/monitoramento-remoto-tami\\\/#primaryimage\"},\"image\":{\"@id\":\"https:\\\/\\\/www.fluencecorp.com\\\/pt\\\/monitoramento-remoto-tami\\\/#primaryimage\"},\"thumbnailUrl\":\"https:\\\/\\\/www.fluencecorp.com\\\/wp-content\\\/uploads\\\/2017\\\/07\\\/droplet-pattern.png\",\"datePublished\":\"2026-02-16T20:43:51+00:00\",\"dateModified\":\"2026-04-28T18:53:07+00:00\",\"description\":\"Solu\u00e7\u00e3o digital da Fluence que combina tecnologia integrada e suporte especializado para monitorar ativos e otimizar opera\u00e7\u00f5es em tempo real.\",\"breadcrumb\":{\"@id\":\"https:\\\/\\\/www.fluencecorp.com\\\/pt\\\/monitoramento-remoto-tami\\\/#breadcrumb\"},\"inLanguage\":\"pt-BR\",\"potentialAction\":[{\"@type\":\"ReadAction\",\"target\":[\"https:\\\/\\\/www.fluencecorp.com\\\/pt\\\/monitoramento-remoto-tami\\\/\"]}]},{\"@type\":\"ImageObject\",\"inLanguage\":\"pt-BR\",\"@id\":\"https:\\\/\\\/www.fluencecorp.com\\\/pt\\\/monitoramento-remoto-tami\\\/#primaryimage\",\"url\":\"https:\\\/\\\/www.fluencecorp.com\\\/wp-content\\\/uploads\\\/2017\\\/07\\\/droplet-pattern.png\",\"contentUrl\":\"https:\\\/\\\/www.fluencecorp.com\\\/wp-content\\\/uploads\\\/2017\\\/07\\\/droplet-pattern.png\",\"width\":347,\"height\":231},{\"@type\":\"BreadcrumbList\",\"@id\":\"https:\\\/\\\/www.fluencecorp.com\\\/pt\\\/monitoramento-remoto-tami\\\/#breadcrumb\",\"itemListElement\":[{\"@type\":\"ListItem\",\"position\":1,\"name\":\"Home\",\"item\":\"https:\\\/\\\/www.fluencecorp.com\\\/pt\\\/\"},{\"@type\":\"ListItem\",\"position\":2,\"name\":\"Monitoramento Remoto TAMI\u2122\"}]},{\"@type\":\"WebSite\",\"@id\":\"https:\\\/\\\/www.fluencecorp.com\\\/pt\\\/#website\",\"url\":\"https:\\\/\\\/www.fluencecorp.com\\\/pt\\\/\",\"name\":\"Fluence Corporation\",\"description\":\"\",\"publisher\":{\"@id\":\"https:\\\/\\\/www.fluencecorp.com\\\/pt\\\/#organization\"},\"potentialAction\":[{\"@type\":\"SearchAction\",\"target\":{\"@type\":\"EntryPoint\",\"urlTemplate\":\"https:\\\/\\\/www.fluencecorp.com\\\/pt\\\/?s={search_term_string}\"},\"query-input\":{\"@type\":\"PropertyValueSpecification\",\"valueRequired\":true,\"valueName\":\"search_term_string\"}}],\"inLanguage\":\"pt-BR\"},{\"@type\":\"Organization\",\"@id\":\"https:\\\/\\\/www.fluencecorp.com\\\/pt\\\/#organization\",\"name\":\"Fluence\",\"url\":\"https:\\\/\\\/www.fluencecorp.com\\\/pt\\\/\",\"logo\":{\"@type\":\"ImageObject\",\"inLanguage\":\"pt-BR\",\"@id\":\"https:\\\/\\\/www.fluencecorp.com\\\/pt\\\/#\\\/schema\\\/logo\\\/image\\\/\",\"url\":\"https:\\\/\\\/www.fluencecorp.com\\\/wp-content\\\/uploads\\\/2018\\\/03\\\/fluence-seo-logo.png\",\"contentUrl\":\"https:\\\/\\\/www.fluencecorp.com\\\/wp-content\\\/uploads\\\/2018\\\/03\\\/fluence-seo-logo.png\",\"width\":523,\"height\":181,\"caption\":\"Fluence\"},\"image\":{\"@id\":\"https:\\\/\\\/www.fluencecorp.com\\\/pt\\\/#\\\/schema\\\/logo\\\/image\\\/\"},\"sameAs\":[\"https:\\\/\\\/www.facebook.com\\\/FluenceCorp\",\"https:\\\/\\\/x.com\\\/FluenceCorp\",\"https:\\\/\\\/www.linkedin.com\\\/company-beta\\\/18150486\\\/\"]}]}<\/script>\n<!-- \/ Yoast SEO plugin. -->","yoast_head_json":{"title":"Monitoramento Remoto TAMI | Opera\u00e7\u00f5es Inteligentes | Fluence","description":"Solu\u00e7\u00e3o digital da Fluence que combina tecnologia integrada e suporte especializado para monitorar ativos e otimizar opera\u00e7\u00f5es em tempo real.","robots":{"index":"index","follow":"follow","max-snippet":"max-snippet:-1","max-image-preview":"max-image-preview:large","max-video-preview":"max-video-preview:-1"},"canonical":"https:\/\/www.fluencecorp.com\/pt\/monitoramento-remoto-tami\/","og_locale":"pt_BR","og_type":"article","og_title":"Monitoramento Remoto TAMI\u2122","og_description":"Solu\u00e7\u00e3o digital da Fluence que combina tecnologia integrada e suporte especializado para monitorar ativos e otimizar opera\u00e7\u00f5es em tempo real.","og_url":"https:\/\/www.fluencecorp.com\/pt\/monitoramento-remoto-tami\/","article_publisher":"https:\/\/www.facebook.com\/FluenceCorp","article_modified_time":"2026-04-28T18:53:07+00:00","og_image":[{"width":347,"height":231,"url":"https:\/\/www.fluencecorp.com\/wp-content\/uploads\/2017\/07\/droplet-pattern.png","type":"image\/png"}],"twitter_card":"summary_large_image","twitter_title":"Monitoramento Remoto TAMI\u2122","twitter_site":"@FluenceCorp","twitter_misc":{"Est. tempo de leitura":"3 minutos","Written by":"sysop"},"schema":{"@context":"https:\/\/schema.org","@graph":[{"@type":"WebPage","@id":"https:\/\/www.fluencecorp.com\/pt\/monitoramento-remoto-tami\/","url":"https:\/\/www.fluencecorp.com\/pt\/monitoramento-remoto-tami\/","name":"Monitoramento Remoto TAMI | Opera\u00e7\u00f5es Inteligentes | Fluence","isPartOf":{"@id":"https:\/\/www.fluencecorp.com\/pt\/#website"},"primaryImageOfPage":{"@id":"https:\/\/www.fluencecorp.com\/pt\/monitoramento-remoto-tami\/#primaryimage"},"image":{"@id":"https:\/\/www.fluencecorp.com\/pt\/monitoramento-remoto-tami\/#primaryimage"},"thumbnailUrl":"https:\/\/www.fluencecorp.com\/wp-content\/uploads\/2017\/07\/droplet-pattern.png","datePublished":"2026-02-16T20:43:51+00:00","dateModified":"2026-04-28T18:53:07+00:00","description":"Solu\u00e7\u00e3o digital da Fluence que combina tecnologia integrada e suporte especializado para monitorar ativos e otimizar opera\u00e7\u00f5es em tempo real.","breadcrumb":{"@id":"https:\/\/www.fluencecorp.com\/pt\/monitoramento-remoto-tami\/#breadcrumb"},"inLanguage":"pt-BR","potentialAction":[{"@type":"ReadAction","target":["https:\/\/www.fluencecorp.com\/pt\/monitoramento-remoto-tami\/"]}]},{"@type":"ImageObject","inLanguage":"pt-BR","@id":"https:\/\/www.fluencecorp.com\/pt\/monitoramento-remoto-tami\/#primaryimage","url":"https:\/\/www.fluencecorp.com\/wp-content\/uploads\/2017\/07\/droplet-pattern.png","contentUrl":"https:\/\/www.fluencecorp.com\/wp-content\/uploads\/2017\/07\/droplet-pattern.png","width":347,"height":231},{"@type":"BreadcrumbList","@id":"https:\/\/www.fluencecorp.com\/pt\/monitoramento-remoto-tami\/#breadcrumb","itemListElement":[{"@type":"ListItem","position":1,"name":"Home","item":"https:\/\/www.fluencecorp.com\/pt\/"},{"@type":"ListItem","position":2,"name":"Monitoramento Remoto TAMI\u2122"}]},{"@type":"WebSite","@id":"https:\/\/www.fluencecorp.com\/pt\/#website","url":"https:\/\/www.fluencecorp.com\/pt\/","name":"Fluence Corporation","description":"","publisher":{"@id":"https:\/\/www.fluencecorp.com\/pt\/#organization"},"potentialAction":[{"@type":"SearchAction","target":{"@type":"EntryPoint","urlTemplate":"https:\/\/www.fluencecorp.com\/pt\/?s={search_term_string}"},"query-input":{"@type":"PropertyValueSpecification","valueRequired":true,"valueName":"search_term_string"}}],"inLanguage":"pt-BR"},{"@type":"Organization","@id":"https:\/\/www.fluencecorp.com\/pt\/#organization","name":"Fluence","url":"https:\/\/www.fluencecorp.com\/pt\/","logo":{"@type":"ImageObject","inLanguage":"pt-BR","@id":"https:\/\/www.fluencecorp.com\/pt\/#\/schema\/logo\/image\/","url":"https:\/\/www.fluencecorp.com\/wp-content\/uploads\/2018\/03\/fluence-seo-logo.png","contentUrl":"https:\/\/www.fluencecorp.com\/wp-content\/uploads\/2018\/03\/fluence-seo-logo.png","width":523,"height":181,"caption":"Fluence"},"image":{"@id":"https:\/\/www.fluencecorp.com\/pt\/#\/schema\/logo\/image\/"},"sameAs":["https:\/\/www.facebook.com\/FluenceCorp","https:\/\/x.com\/FluenceCorp","https:\/\/www.linkedin.com\/company-beta\/18150486\/"]}]}},"_links":{"self":[{"href":"https:\/\/www.fluencecorp.com\/pt\/wp-json\/wp\/v2\/pages\/91482","targetHints":{"allow":["GET"]}}],"collection":[{"href":"https:\/\/www.fluencecorp.com\/pt\/wp-json\/wp\/v2\/pages"}],"about":[{"href":"https:\/\/www.fluencecorp.com\/pt\/wp-json\/wp\/v2\/types\/page"}],"author":[{"embeddable":true,"href":"https:\/\/www.fluencecorp.com\/pt\/wp-json\/wp\/v2\/users\/1"}],"replies":[{"embeddable":true,"href":"https:\/\/www.fluencecorp.com\/pt\/wp-json\/wp\/v2\/comments?post=91482"}],"version-history":[{"count":0,"href":"https:\/\/www.fluencecorp.com\/pt\/wp-json\/wp\/v2\/pages\/91482\/revisions"}],"wp:featuredmedia":[{"embeddable":true,"href":"https:\/\/www.fluencecorp.com\/pt\/wp-json\/wp\/v2\/media\/45773"}],"wp:attachment":[{"href":"https:\/\/www.fluencecorp.com\/pt\/wp-json\/wp\/v2\/media?parent=91482"}],"wp:term":[{"taxonomy":"author","embeddable":true,"href":"https:\/\/www.fluencecorp.com\/pt\/wp-json\/wp\/v2\/coauthors?post=91482"}],"curies":[{"name":"wp","href":"https:\/\/api.w.org\/{rel}","templated":true}]}}