{"id":48648,"date":"2019-06-08T02:35:47","date_gmt":"2019-06-07T16:35:47","guid":{"rendered":"https:\/\/www.fluencecorp.com\/design\/"},"modified":"2019-10-08T06:16:24","modified_gmt":"2019-10-07T19:16:24","slug":"design","status":"publish","type":"page","link":"https:\/\/www.fluencecorp.com\/pt\/design\/","title":{"rendered":"designFluence"},"content":{"rendered":"<p>[et_pb_section fb_built=&#8221;1&#8243; disabled_on=&#8221;off|off|off&#8221; _builder_version=&#8221;3.25.4&#8243; background_color=&#8221;#e6eaee&#8221; custom_margin=&#8221;0px||0px||true&#8221; custom_padding=&#8221;40px||&#8221; z_index_tablet=&#8221;500&#8243; box_shadow_horizontal_tablet=&#8221;0px&#8221; box_shadow_vertical_tablet=&#8221;0px&#8221; box_shadow_blur_tablet=&#8221;40px&#8221; box_shadow_spread_tablet=&#8221;0px&#8221; fb_built=&#8221;1&#8243; bb_built=&#8221;1&#8243; _i=&#8221;0&#8243; _address=&#8221;0&#8243;][et_pb_row custom_padding_last_edited=&#8221;on|phone&#8221; _builder_version=&#8221;3.26.1&#8243; custom_padding_phone=&#8221;0px||10px||false|false&#8221; _i=&#8221;0&#8243; _address=&#8221;0.0&#8243;][et_pb_column type=&#8221;4_4&#8243; _builder_version=&#8221;3.0.47&#8243; custom_padding=&#8221;|||&#8221; custom_padding__hover=&#8221;|||&#8221; _i=&#8221;0&#8243; _address=&#8221;0.0.0&#8243;][et_pb_text disabled_on=&#8221;off|off|off&#8221; _builder_version=&#8221;3.29.3&#8243; text_font=&#8221;|700|||||||&#8221; text_line_height=&#8221;1.2em&#8221; header_text_align=&#8221;center&#8221; header_text_color=&#8221;#0b3a5d&#8221; header_font_size=&#8221;42px&#8221; text_orientation=&#8221;center&#8221; width=&#8221;100%&#8221; z_index_tablet=&#8221;500&#8243; text_text_shadow_horizontal_length_tablet=&#8221;0px&#8221; text_text_shadow_vertical_length_tablet=&#8221;0px&#8221; text_text_shadow_blur_strength_tablet=&#8221;1px&#8221; link_text_shadow_horizontal_length_tablet=&#8221;0px&#8221; link_text_shadow_vertical_length_tablet=&#8221;0px&#8221; link_text_shadow_blur_strength_tablet=&#8221;1px&#8221; ul_text_shadow_horizontal_length_tablet=&#8221;0px&#8221; ul_text_shadow_vertical_length_tablet=&#8221;0px&#8221; ul_text_shadow_blur_strength_tablet=&#8221;1px&#8221; ol_text_shadow_horizontal_length_tablet=&#8221;0px&#8221; ol_text_shadow_vertical_length_tablet=&#8221;0px&#8221; ol_text_shadow_blur_strength_tablet=&#8221;1px&#8221; quote_text_shadow_horizontal_length_tablet=&#8221;0px&#8221; quote_text_shadow_vertical_length_tablet=&#8221;0px&#8221; quote_text_shadow_blur_strength_tablet=&#8221;1px&#8221; header_text_shadow_horizontal_length_tablet=&#8221;0px&#8221; header_text_shadow_vertical_length_tablet=&#8221;0px&#8221; header_text_shadow_blur_strength_tablet=&#8221;1px&#8221; header_2_text_shadow_horizontal_length_tablet=&#8221;0px&#8221; header_2_text_shadow_vertical_length_tablet=&#8221;0px&#8221; header_2_text_shadow_blur_strength_tablet=&#8221;1px&#8221; header_3_text_shadow_horizontal_length_tablet=&#8221;0px&#8221; header_3_text_shadow_vertical_length_tablet=&#8221;0px&#8221; header_3_text_shadow_blur_strength_tablet=&#8221;1px&#8221; header_4_text_shadow_horizontal_length_tablet=&#8221;0px&#8221; header_4_text_shadow_vertical_length_tablet=&#8221;0px&#8221; header_4_text_shadow_blur_strength_tablet=&#8221;1px&#8221; header_5_text_shadow_horizontal_length_tablet=&#8221;0px&#8221; header_5_text_shadow_vertical_length_tablet=&#8221;0px&#8221; header_5_text_shadow_blur_strength_tablet=&#8221;1px&#8221; header_6_text_shadow_horizontal_length_tablet=&#8221;0px&#8221; header_6_text_shadow_vertical_length_tablet=&#8221;0px&#8221; header_6_text_shadow_blur_strength_tablet=&#8221;1px&#8221; box_shadow_horizontal_tablet=&#8221;0px&#8221; box_shadow_vertical_tablet=&#8221;0px&#8221; box_shadow_blur_tablet=&#8221;40px&#8221; box_shadow_spread_tablet=&#8221;0px&#8221; text_text_align=&#8221;center&#8221; _i=&#8221;0&#8243; _address=&#8221;0.0.0.0&#8243;]<\/p>\n<h1>designFluence<\/h1>\n<p>Personalize a solu\u00e7\u00e3o ideal para suas necessidades de tratamento de \u00e1gua ou efluentes com a nossa nova ferramenta, designFluence! Escolha uma das op\u00e7\u00f5es abaixo e inicie o processo de apenas 5 etapas para saber qual \u00e9 a solu\u00e7\u00e3o da Fluence perfeita para seu projeto&#8230;[\/et_pb_text][\/et_pb_column][\/et_pb_row][et_pb_row column_structure=&#8221;1_2,1_2&#8243; make_equal=&#8221;on&#8221; disabled_on=&#8221;off|off|off&#8221; _builder_version=&#8221;3.26.5&#8243; width_tablet=&#8221;70%&#8221; width_phone=&#8221;80%&#8221; width_last_edited=&#8221;on|phone&#8221; z_index_tablet=&#8221;500&#8243; box_shadow_horizontal_tablet=&#8221;0px&#8221; box_shadow_vertical_tablet=&#8221;0px&#8221; box_shadow_blur_tablet=&#8221;40px&#8221; box_shadow_spread_tablet=&#8221;0px&#8221; _i=&#8221;1&#8243; _address=&#8221;0.1&#8243;][et_pb_column type=&#8221;1_2&#8243; _builder_version=&#8221;3.0.47&#8243; background_color=&#8221;#ffffff&#8221; custom_padding=&#8221;|||&#8221; custom_css_main_element=&#8221;border-radius: 3px;||  box-shadow: 0 1px 4px 0 rgba(0, 0, 0, 0.1);&#8221; custom_padding__hover=&#8221;|||&#8221; _i=&#8221;0&#8243; _address=&#8221;0.1.0&#8243;][et_pb_image src=&#8221;https:\/\/www.fluencecorp.com\/wp-content\/uploads\/2019\/06\/designFluence-wastewater.jpg&#8221; url=&#8221;\/design\/wastewater\/&#8221; show_bottom_space=&#8221;off&#8221; align=&#8221;center&#8221; force_fullwidth=&#8221;on&#8221; _builder_version=&#8221;3.26.5&#8243; z_index_tablet=&#8221;500&#8243; border_radii=&#8221;|3px|3px||&#8221; box_shadow_horizontal_tablet=&#8221;0px&#8221; box_shadow_vertical_tablet=&#8221;0px&#8221; box_shadow_blur_tablet=&#8221;40px&#8221; box_shadow_spread_tablet=&#8221;0px&#8221; _i=&#8221;0&#8243; _address=&#8221;0.1.0.0&#8243;][\/et_pb_image][et_pb_cta title=&#8221;Tratamento de Efluentes&#8221; button_url=&#8221;\/design\/wastewater\/&#8221; button_text=&#8221;SELECIONAR&#8221; _builder_version=&#8221;3.29.3&#8243; use_background_color=&#8221;off&#8221; custom_button=&#8221;on&#8221; button_text_color=&#8221;#ffffff&#8221; button_bg_color=&#8221;#29bbae&#8221; button_border_color=&#8221;#29bbae&#8221; button_use_icon=&#8221;off&#8221; background_layout=&#8221;light&#8221; custom_padding=&#8221;38px|20px|38px|20px|true&#8221; z_index_tablet=&#8221;500&#8243; link_option_url=&#8221;\/design\/wastewater\/&#8221; hover_enabled=&#8221;0&#8243; button_bg_color_last_edited=&#8221;off|desktop&#8221; custom_css_promo_button=&#8221;width:30%;&#8221; header_text_shadow_horizontal_length_tablet=&#8221;0px&#8221; header_text_shadow_vertical_length_tablet=&#8221;0px&#8221; header_text_shadow_blur_strength_tablet=&#8221;1px&#8221; body_text_shadow_horizontal_length_tablet=&#8221;0px&#8221; body_text_shadow_vertical_length_tablet=&#8221;0px&#8221; body_text_shadow_blur_strength_tablet=&#8221;1px&#8221; body_link_text_shadow_horizontal_length_tablet=&#8221;0px&#8221; body_link_text_shadow_vertical_length_tablet=&#8221;0px&#8221; body_link_text_shadow_blur_strength_tablet=&#8221;1px&#8221; body_ul_text_shadow_horizontal_length_tablet=&#8221;0px&#8221; body_ul_text_shadow_vertical_length_tablet=&#8221;0px&#8221; body_ul_text_shadow_blur_strength_tablet=&#8221;1px&#8221; body_ol_text_shadow_horizontal_length_tablet=&#8221;0px&#8221; body_ol_text_shadow_vertical_length_tablet=&#8221;0px&#8221; body_ol_text_shadow_blur_strength_tablet=&#8221;1px&#8221; body_quote_text_shadow_horizontal_length_tablet=&#8221;0px&#8221; body_quote_text_shadow_vertical_length_tablet=&#8221;0px&#8221; body_quote_text_shadow_blur_strength_tablet=&#8221;1px&#8221; button_text_shadow_horizontal_length_tablet=&#8221;0px&#8221; button_text_shadow_vertical_length_tablet=&#8221;0px&#8221; button_text_shadow_blur_strength_tablet=&#8221;1px&#8221; box_shadow_horizontal_tablet=&#8221;0px&#8221; box_shadow_vertical_tablet=&#8221;0px&#8221; box_shadow_blur_tablet=&#8221;40px&#8221; box_shadow_spread_tablet=&#8221;0px&#8221; box_shadow_horizontal_button_tablet=&#8221;0px&#8221; box_shadow_vertical_button_tablet=&#8221;0px&#8221; box_shadow_blur_button_tablet=&#8221;40px&#8221; box_shadow_spread_button_tablet=&#8221;0px&#8221; text_shadow_horizontal_length_tablet=&#8221;0px&#8221; text_shadow_vertical_length_tablet=&#8221;0px&#8221; text_shadow_blur_strength_tablet=&#8221;1px&#8221; button_bg_color__hover_enabled=&#8221;on&#8221; button_bg_color__hover=&#8221;#4d5fab&#8221; button_border_color__hover_enabled=&#8221;on&#8221; button_border_color__hover=&#8221;#4d5fab&#8221; custom_css_promo_button__hover_enabled=&#8221;on&#8221; custom_css_promo_button__hover=&#8221;background-color:#4d5fab!important;&#8221; _i=&#8221;1&#8243; _address=&#8221;0.1.0.1&#8243;][\/et_pb_cta][\/et_pb_column][et_pb_column type=&#8221;1_2&#8243; disabled_on=&#8221;off|off|off&#8221; _builder_version=&#8221;3.0.47&#8243; background_color=&#8221;#ffffff&#8221; custom_padding=&#8221;|||&#8221; custom_padding_tablet=&#8221;|||&#8221; custom_padding_phone=&#8221;|||&#8221; z_index_tablet=&#8221;9&#8243; z_index_phone=&#8221;9&#8243; background_color_gradient_direction_tablet=&#8221;180deg&#8221; background_color_gradient_direction_phone=&#8221;180deg&#8221; background_color_gradient_start_position_tablet=&#8221;0%&#8221; background_color_gradient_start_position_phone=&#8221;0%&#8221; background_color_gradient_end_position_tablet=&#8221;100%&#8221; background_color_gradient_end_position_phone=&#8221;100%&#8221; hover_transition_duration_tablet=&#8221;300ms&#8221; hover_transition_duration_phone=&#8221;300ms&#8221; hover_transition_delay_tablet=&#8221;0ms&#8221; hover_transition_delay_phone=&#8221;0ms&#8221; custom_css_main_element=&#8221;border-radius: 3px;||box-shadow: 0 1px 4px 0 rgba(0, 0, 0, 0.1);&#8221; box_shadow_horizontal_tablet=&#8221;0px&#8221; box_shadow_horizontal_phone=&#8221;0px&#8221; box_shadow_vertical_tablet=&#8221;0px&#8221; box_shadow_vertical_phone=&#8221;0px&#8221; box_shadow_blur_tablet=&#8221;40px&#8221; box_shadow_blur_phone=&#8221;40px&#8221; box_shadow_spread_tablet=&#8221;0px&#8221; box_shadow_spread_phone=&#8221;0px&#8221; custom_padding__hover=&#8221;|||&#8221; _i=&#8221;1&#8243; _address=&#8221;0.1.1&#8243;][et_pb_image src=&#8221;https:\/\/www.fluencecorp.com\/wp-content\/uploads\/2019\/06\/designFluence-water.jpg&#8221; show_bottom_space=&#8221;off&#8221; align=&#8221;center&#8221; force_fullwidth=&#8221;on&#8221; _builder_version=&#8221;3.26.5&#8243; z_index_tablet=&#8221;500&#8243; border_radii=&#8221;|3px|3px||&#8221; box_shadow_horizontal_tablet=&#8221;0px&#8221; box_shadow_vertical_tablet=&#8221;0px&#8221; box_shadow_blur_tablet=&#8221;40px&#8221; box_shadow_spread_tablet=&#8221;0px&#8221; _i=&#8221;0&#8243; _address=&#8221;0.1.1.0&#8243;][\/et_pb_image][et_pb_cta title=&#8221;Tratamento de \u00c1gua&#8221; button_url=&#8221;\/design\/water-treatment\/&#8221; button_text=&#8221;SELECIONAR&#8221; _builder_version=&#8221;3.29.3&#8243; use_background_color=&#8221;off&#8221; custom_button=&#8221;on&#8221; button_text_color=&#8221;#ffffff&#8221; button_bg_color=&#8221;#4d5fab&#8221; button_border_color=&#8221;#4d5fab&#8221; button_use_icon=&#8221;off&#8221; background_layout=&#8221;light&#8221; custom_padding=&#8221;38px|20px|38px|20px|true|true&#8221; z_index_tablet=&#8221;500&#8243; link_option_url=&#8221;\/design\/water-treatment\/&#8221; hover_enabled=&#8221;0&#8243; custom_css_promo_button=&#8221;width:30%;&#8221; header_text_shadow_horizontal_length_tablet=&#8221;0px&#8221; header_text_shadow_vertical_length_tablet=&#8221;0px&#8221; header_text_shadow_blur_strength_tablet=&#8221;1px&#8221; body_text_shadow_horizontal_length_tablet=&#8221;0px&#8221; body_text_shadow_vertical_length_tablet=&#8221;0px&#8221; body_text_shadow_blur_strength_tablet=&#8221;1px&#8221; body_link_text_shadow_horizontal_length_tablet=&#8221;0px&#8221; body_link_text_shadow_vertical_length_tablet=&#8221;0px&#8221; body_link_text_shadow_blur_strength_tablet=&#8221;1px&#8221; body_ul_text_shadow_horizontal_length_tablet=&#8221;0px&#8221; body_ul_text_shadow_vertical_length_tablet=&#8221;0px&#8221; body_ul_text_shadow_blur_strength_tablet=&#8221;1px&#8221; body_ol_text_shadow_horizontal_length_tablet=&#8221;0px&#8221; body_ol_text_shadow_vertical_length_tablet=&#8221;0px&#8221; body_ol_text_shadow_blur_strength_tablet=&#8221;1px&#8221; body_quote_text_shadow_horizontal_length_tablet=&#8221;0px&#8221; body_quote_text_shadow_vertical_length_tablet=&#8221;0px&#8221; body_quote_text_shadow_blur_strength_tablet=&#8221;1px&#8221; button_text_shadow_horizontal_length_tablet=&#8221;0px&#8221; button_text_shadow_vertical_length_tablet=&#8221;0px&#8221; button_text_shadow_blur_strength_tablet=&#8221;1px&#8221; box_shadow_horizontal_tablet=&#8221;0px&#8221; box_shadow_vertical_tablet=&#8221;0px&#8221; box_shadow_blur_tablet=&#8221;40px&#8221; box_shadow_spread_tablet=&#8221;0px&#8221; box_shadow_horizontal_button_tablet=&#8221;0px&#8221; box_shadow_vertical_button_tablet=&#8221;0px&#8221; box_shadow_blur_button_tablet=&#8221;40px&#8221; box_shadow_spread_button_tablet=&#8221;0px&#8221; text_shadow_horizontal_length_tablet=&#8221;0px&#8221; text_shadow_vertical_length_tablet=&#8221;0px&#8221; text_shadow_blur_strength_tablet=&#8221;1px&#8221; button_bg_color__hover_enabled=&#8221;on&#8221; button_bg_color__hover=&#8221;#29bbae&#8221; button_border_color__hover_enabled=&#8221;on&#8221; button_border_color__hover=&#8221;#29bbae&#8221; _i=&#8221;1&#8243; _address=&#8221;0.1.1.1&#8243;][\/et_pb_cta][\/et_pb_column][\/et_pb_row][\/et_pb_section]<\/p>\n","protected":false},"excerpt":{"rendered":"<p>designFluence Personalize a solu\u00e7\u00e3o ideal para suas necessidades de tratamento de \u00e1gua ou efluentes com a nossa nova ferramenta, designFluence! Escolha uma das op\u00e7\u00f5es abaixo e inicie o processo de apenas 5 etapas para saber qual \u00e9 a solu\u00e7\u00e3o da Fluence perfeita para seu projeto&#8230;<\/p>\n","protected":false},"author":1,"featured_media":47483,"parent":0,"menu_order":0,"comment_status":"closed","ping_status":"closed","template":"","meta":{"_et_pb_use_builder":"on","_et_pb_old_content":"","_et_gb_content_width":"","_relevanssi_hide_post":"","_relevanssi_hide_content":"","_relevanssi_pin_for_all":"","_relevanssi_pin_keywords":"","_relevanssi_unpin_keywords":"","_relevanssi_related_keywords":"","_relevanssi_related_include_ids":"","_relevanssi_related_exclude_ids":"","_relevanssi_related_no_append":"","_relevanssi_related_not_related":"","_relevanssi_related_posts":"","_relevanssi_noindex_reason":"","inline_featured_image":false,"footnotes":"","_links_to":"","_links_to_target":""},"coauthors":[],"class_list":["post-48648","page","type-page","status-publish","has-post-thumbnail","hentry"],"yoast_head":"<!-- This site is optimized with the Yoast SEO plugin v27.4 - https:\/\/yoast.com\/product\/yoast-seo-wordpress\/ -->\n<title>designFluence | Fluence Corporation<\/title>\n<meta name=\"robots\" content=\"index, follow, max-snippet:-1, max-image-preview:large, max-video-preview:-1\" \/>\n<link rel=\"canonical\" href=\"https:\/\/www.fluencecorp.com\/pt\/design\/\" \/>\n<meta property=\"og:locale\" content=\"pt_BR\" \/>\n<meta property=\"og:type\" content=\"article\" \/>\n<meta property=\"og:title\" content=\"designFluence | Fluence Corporation\" \/>\n<meta property=\"og:description\" content=\"designFluence Personalize a solu\u00e7\u00e3o ideal para suas necessidades de tratamento de \u00e1gua ou efluentes com a nossa nova ferramenta, designFluence! Escolha uma das op\u00e7\u00f5es abaixo e inicie o processo de apenas 5 etapas para saber qual \u00e9 a solu\u00e7\u00e3o da Fluence perfeita para seu projeto...\" \/>\n<meta property=\"og:url\" content=\"https:\/\/www.fluencecorp.com\/pt\/design\/\" \/>\n<meta property=\"article:publisher\" content=\"https:\/\/www.facebook.com\/FluenceCorp\" \/>\n<meta property=\"article:modified_time\" content=\"2019-10-07T19:16:24+00:00\" \/>\n<meta property=\"og:image\" content=\"https:\/\/www.fluencecorp.com\/wp-content\/uploads\/2019\/06\/temp-water-treatment.png\" \/>\n\t<meta property=\"og:image:width\" content=\"360\" \/>\n\t<meta property=\"og:image:height\" content=\"240\" \/>\n\t<meta property=\"og:image:type\" content=\"image\/png\" \/>\n<meta name=\"twitter:card\" content=\"summary_large_image\" \/>\n<meta name=\"twitter:site\" content=\"@FluenceCorp\" \/>\n<meta name=\"twitter:label1\" content=\"Est. tempo de leitura\" \/>\n\t<meta name=\"twitter:data1\" content=\"7 minutos\" \/>\n\t<meta name=\"twitter:label2\" content=\"Written by\" \/>\n\t<meta name=\"twitter:data2\" content=\"sysop\" \/>\n<script type=\"application\/ld+json\" class=\"yoast-schema-graph\">{\"@context\":\"https:\\\/\\\/schema.org\",\"@graph\":[{\"@type\":\"WebPage\",\"@id\":\"https:\\\/\\\/www.fluencecorp.com\\\/pt\\\/design\\\/\",\"url\":\"https:\\\/\\\/www.fluencecorp.com\\\/pt\\\/design\\\/\",\"name\":\"designFluence | Fluence Corporation\",\"isPartOf\":{\"@id\":\"https:\\\/\\\/www.fluencecorp.com\\\/pt\\\/#website\"},\"primaryImageOfPage\":{\"@id\":\"https:\\\/\\\/www.fluencecorp.com\\\/pt\\\/design\\\/#primaryimage\"},\"image\":{\"@id\":\"https:\\\/\\\/www.fluencecorp.com\\\/pt\\\/design\\\/#primaryimage\"},\"thumbnailUrl\":\"https:\\\/\\\/www.fluencecorp.com\\\/wp-content\\\/uploads\\\/2019\\\/06\\\/temp-water-treatment.png\",\"datePublished\":\"2019-06-07T16:35:47+00:00\",\"dateModified\":\"2019-10-07T19:16:24+00:00\",\"breadcrumb\":{\"@id\":\"https:\\\/\\\/www.fluencecorp.com\\\/pt\\\/design\\\/#breadcrumb\"},\"inLanguage\":\"pt-BR\",\"potentialAction\":[{\"@type\":\"ReadAction\",\"target\":[\"https:\\\/\\\/www.fluencecorp.com\\\/pt\\\/design\\\/\"]}]},{\"@type\":\"ImageObject\",\"inLanguage\":\"pt-BR\",\"@id\":\"https:\\\/\\\/www.fluencecorp.com\\\/pt\\\/design\\\/#primaryimage\",\"url\":\"https:\\\/\\\/www.fluencecorp.com\\\/wp-content\\\/uploads\\\/2019\\\/06\\\/temp-water-treatment.png\",\"contentUrl\":\"https:\\\/\\\/www.fluencecorp.com\\\/wp-content\\\/uploads\\\/2019\\\/06\\\/temp-water-treatment.png\",\"width\":360,\"height\":240},{\"@type\":\"BreadcrumbList\",\"@id\":\"https:\\\/\\\/www.fluencecorp.com\\\/pt\\\/design\\\/#breadcrumb\",\"itemListElement\":[{\"@type\":\"ListItem\",\"position\":1,\"name\":\"Home\",\"item\":\"https:\\\/\\\/www.fluencecorp.com\\\/pt\\\/\"},{\"@type\":\"ListItem\",\"position\":2,\"name\":\"designFluence\"}]},{\"@type\":\"WebSite\",\"@id\":\"https:\\\/\\\/www.fluencecorp.com\\\/pt\\\/#website\",\"url\":\"https:\\\/\\\/www.fluencecorp.com\\\/pt\\\/\",\"name\":\"Fluence Corporation\",\"description\":\"\",\"publisher\":{\"@id\":\"https:\\\/\\\/www.fluencecorp.com\\\/pt\\\/#organization\"},\"potentialAction\":[{\"@type\":\"SearchAction\",\"target\":{\"@type\":\"EntryPoint\",\"urlTemplate\":\"https:\\\/\\\/www.fluencecorp.com\\\/pt\\\/?s={search_term_string}\"},\"query-input\":{\"@type\":\"PropertyValueSpecification\",\"valueRequired\":true,\"valueName\":\"search_term_string\"}}],\"inLanguage\":\"pt-BR\"},{\"@type\":\"Organization\",\"@id\":\"https:\\\/\\\/www.fluencecorp.com\\\/pt\\\/#organization\",\"name\":\"Fluence\",\"url\":\"https:\\\/\\\/www.fluencecorp.com\\\/pt\\\/\",\"logo\":{\"@type\":\"ImageObject\",\"inLanguage\":\"pt-BR\",\"@id\":\"https:\\\/\\\/www.fluencecorp.com\\\/pt\\\/#\\\/schema\\\/logo\\\/image\\\/\",\"url\":\"https:\\\/\\\/www.fluencecorp.com\\\/wp-content\\\/uploads\\\/2018\\\/03\\\/fluence-seo-logo.png\",\"contentUrl\":\"https:\\\/\\\/www.fluencecorp.com\\\/wp-content\\\/uploads\\\/2018\\\/03\\\/fluence-seo-logo.png\",\"width\":523,\"height\":181,\"caption\":\"Fluence\"},\"image\":{\"@id\":\"https:\\\/\\\/www.fluencecorp.com\\\/pt\\\/#\\\/schema\\\/logo\\\/image\\\/\"},\"sameAs\":[\"https:\\\/\\\/www.facebook.com\\\/FluenceCorp\",\"https:\\\/\\\/x.com\\\/FluenceCorp\",\"https:\\\/\\\/www.linkedin.com\\\/company-beta\\\/18150486\\\/\"]}]}<\/script>\n<!-- \/ Yoast SEO plugin. -->","yoast_head_json":{"title":"designFluence | Fluence Corporation","robots":{"index":"index","follow":"follow","max-snippet":"max-snippet:-1","max-image-preview":"max-image-preview:large","max-video-preview":"max-video-preview:-1"},"canonical":"https:\/\/www.fluencecorp.com\/pt\/design\/","og_locale":"pt_BR","og_type":"article","og_title":"designFluence | Fluence Corporation","og_description":"designFluence Personalize a solu\u00e7\u00e3o ideal para suas necessidades de tratamento de \u00e1gua ou efluentes com a nossa nova ferramenta, designFluence! Escolha uma das op\u00e7\u00f5es abaixo e inicie o processo de apenas 5 etapas para saber qual \u00e9 a solu\u00e7\u00e3o da Fluence perfeita para seu projeto...","og_url":"https:\/\/www.fluencecorp.com\/pt\/design\/","article_publisher":"https:\/\/www.facebook.com\/FluenceCorp","article_modified_time":"2019-10-07T19:16:24+00:00","og_image":[{"width":360,"height":240,"url":"https:\/\/www.fluencecorp.com\/wp-content\/uploads\/2019\/06\/temp-water-treatment.png","type":"image\/png"}],"twitter_card":"summary_large_image","twitter_site":"@FluenceCorp","twitter_misc":{"Est. tempo de leitura":"7 minutos","Written by":"sysop"},"schema":{"@context":"https:\/\/schema.org","@graph":[{"@type":"WebPage","@id":"https:\/\/www.fluencecorp.com\/pt\/design\/","url":"https:\/\/www.fluencecorp.com\/pt\/design\/","name":"designFluence | Fluence Corporation","isPartOf":{"@id":"https:\/\/www.fluencecorp.com\/pt\/#website"},"primaryImageOfPage":{"@id":"https:\/\/www.fluencecorp.com\/pt\/design\/#primaryimage"},"image":{"@id":"https:\/\/www.fluencecorp.com\/pt\/design\/#primaryimage"},"thumbnailUrl":"https:\/\/www.fluencecorp.com\/wp-content\/uploads\/2019\/06\/temp-water-treatment.png","datePublished":"2019-06-07T16:35:47+00:00","dateModified":"2019-10-07T19:16:24+00:00","breadcrumb":{"@id":"https:\/\/www.fluencecorp.com\/pt\/design\/#breadcrumb"},"inLanguage":"pt-BR","potentialAction":[{"@type":"ReadAction","target":["https:\/\/www.fluencecorp.com\/pt\/design\/"]}]},{"@type":"ImageObject","inLanguage":"pt-BR","@id":"https:\/\/www.fluencecorp.com\/pt\/design\/#primaryimage","url":"https:\/\/www.fluencecorp.com\/wp-content\/uploads\/2019\/06\/temp-water-treatment.png","contentUrl":"https:\/\/www.fluencecorp.com\/wp-content\/uploads\/2019\/06\/temp-water-treatment.png","width":360,"height":240},{"@type":"BreadcrumbList","@id":"https:\/\/www.fluencecorp.com\/pt\/design\/#breadcrumb","itemListElement":[{"@type":"ListItem","position":1,"name":"Home","item":"https:\/\/www.fluencecorp.com\/pt\/"},{"@type":"ListItem","position":2,"name":"designFluence"}]},{"@type":"WebSite","@id":"https:\/\/www.fluencecorp.com\/pt\/#website","url":"https:\/\/www.fluencecorp.com\/pt\/","name":"Fluence Corporation","description":"","publisher":{"@id":"https:\/\/www.fluencecorp.com\/pt\/#organization"},"potentialAction":[{"@type":"SearchAction","target":{"@type":"EntryPoint","urlTemplate":"https:\/\/www.fluencecorp.com\/pt\/?s={search_term_string}"},"query-input":{"@type":"PropertyValueSpecification","valueRequired":true,"valueName":"search_term_string"}}],"inLanguage":"pt-BR"},{"@type":"Organization","@id":"https:\/\/www.fluencecorp.com\/pt\/#organization","name":"Fluence","url":"https:\/\/www.fluencecorp.com\/pt\/","logo":{"@type":"ImageObject","inLanguage":"pt-BR","@id":"https:\/\/www.fluencecorp.com\/pt\/#\/schema\/logo\/image\/","url":"https:\/\/www.fluencecorp.com\/wp-content\/uploads\/2018\/03\/fluence-seo-logo.png","contentUrl":"https:\/\/www.fluencecorp.com\/wp-content\/uploads\/2018\/03\/fluence-seo-logo.png","width":523,"height":181,"caption":"Fluence"},"image":{"@id":"https:\/\/www.fluencecorp.com\/pt\/#\/schema\/logo\/image\/"},"sameAs":["https:\/\/www.facebook.com\/FluenceCorp","https:\/\/x.com\/FluenceCorp","https:\/\/www.linkedin.com\/company-beta\/18150486\/"]}]}},"_links":{"self":[{"href":"https:\/\/www.fluencecorp.com\/pt\/wp-json\/wp\/v2\/pages\/48648","targetHints":{"allow":["GET"]}}],"collection":[{"href":"https:\/\/www.fluencecorp.com\/pt\/wp-json\/wp\/v2\/pages"}],"about":[{"href":"https:\/\/www.fluencecorp.com\/pt\/wp-json\/wp\/v2\/types\/page"}],"author":[{"embeddable":true,"href":"https:\/\/www.fluencecorp.com\/pt\/wp-json\/wp\/v2\/users\/1"}],"replies":[{"embeddable":true,"href":"https:\/\/www.fluencecorp.com\/pt\/wp-json\/wp\/v2\/comments?post=48648"}],"version-history":[{"count":0,"href":"https:\/\/www.fluencecorp.com\/pt\/wp-json\/wp\/v2\/pages\/48648\/revisions"}],"wp:featuredmedia":[{"embeddable":true,"href":"https:\/\/www.fluencecorp.com\/pt\/wp-json\/wp\/v2\/media\/47483"}],"wp:attachment":[{"href":"https:\/\/www.fluencecorp.com\/pt\/wp-json\/wp\/v2\/media?parent=48648"}],"wp:term":[{"taxonomy":"author","embeddable":true,"href":"https:\/\/www.fluencecorp.com\/pt\/wp-json\/wp\/v2\/coauthors?post=48648"}],"curies":[{"name":"wp","href":"https:\/\/api.w.org\/{rel}","templated":true}]}}