{"id":46372,"date":"2017-07-11T04:41:29","date_gmt":"2017-07-10T18:41:29","guid":{"rendered":"https:\/\/www.fluencecorp.com\/riptide\/"},"modified":"2019-04-09T04:44:26","modified_gmt":"2019-04-08T18:44:26","slug":"riptide","status":"publish","type":"page","link":"https:\/\/www.fluencecorp.com\/pt\/riptide\/","title":{"rendered":"Aerators &#8211; RIPTIDE"},"content":{"rendered":"<p>[et_pb_section bb_built=&#8221;1&#8243; fullwidth=&#8221;off&#8221; specialty=&#8221;off&#8221; _builder_version=&#8221;3.0.60&#8243; background_color=&#8221;#f4f4f4&#8243; background_blend=&#8221;multiply&#8221; custom_padding=&#8221;0px||0px|&#8221; next_background_color=&#8221;#ffffff&#8221;][et_pb_row _builder_version=&#8221;3.0.60&#8243; background_position_1=&#8221;top_left&#8221; background_repeat_1=&#8221;no-repeat&#8221; custom_margin=&#8221;0px||0px|&#8221; custom_padding=&#8221;0px||0px|&#8221;][et_pb_column type=&#8221;4_4&#8243;][et_pb_text admin_label=&#8221;Header with Grey Background&#8221; _builder_version=&#8221;3.21.3&#8243; text_font_size=&#8221;24&#8243; header_text_color=&#8221;#0b3a5d&#8221; header_font_size=&#8221;52px&#8221; text_text_color=&#8221;#778591&#8243; custom_margin=&#8221;10px||10px|&#8221; custom_padding=&#8221;44px||44px|&#8221; header_font=&#8221;|on|||&#8221; module_alignment=&#8221;left&#8221; z_index_tablet=&#8221;500&#8243;]<\/p>\n<h1>Misturador de Superf\u00edcie de Acionamento Direto RIPTIDE\u2122<\/h1>\n<p>Misturador de \u00e1gua seguro e de baixa manuten\u00e7\u00e3o<\/p>\n<p>[\/et_pb_text][\/et_pb_column][\/et_pb_row][\/et_pb_section][et_pb_section bb_built=&#8221;1&#8243; _builder_version=&#8221;3.0.59&#8243; custom_padding=&#8221;0px||0px|&#8221; prev_background_color=&#8221;#f4f4f4&#8243;][et_pb_row][et_pb_column type=&#8221;2_3&#8243;][et_pb_text admin_label=&#8221;Main Body Text&#8221; _builder_version=&#8221;3.21.3&#8243; module_alignment=&#8221;left&#8221; z_index_tablet=&#8221;500&#8243;]<\/p>\n<p>Com estrutura resistente e de baixa manuten\u00e7\u00e3o, o misturador de superf\u00edcie de acionamento direto RIPTIDE\u00ae\u00a0proporciona desempenho confi\u00e1vel e econ\u00f4mico, podendo ser montado em diferentes \u00e2ngulos.<\/p>\n<p>Caracterizando-se por um propulsor de alta efici\u00eancia e baixa velocidade, o Riptide mistura todo um tanque com uma constru\u00e7\u00e3o robusta que pode atender a maioria das aplica\u00e7\u00f5es. Todas as a\u00e7\u00f5es de mistura acontecem logo abaixo da superf\u00edcie, o que significa que n\u00e3o h\u00e1 pulveriza\u00e7\u00e3o.<\/p>\n<h3>Confiabilidade M\u00e1xima, Manuten\u00e7\u00e3o M\u00ednima<\/h3>\n<p>Engenharia de \u00faltima gera\u00e7\u00e3o e especifica\u00e7\u00f5es de constru\u00e7\u00e3o meticulosas garantem que o misturador de superf\u00edcie Riptide ir\u00e1 funcionar corretamente desde o in\u00edcio e continuar\u00e1 operando sem necessidade de manuten\u00e7\u00e3o que demande muito tempo. O propulsor subsuperficial n\u00e3o ir\u00e1 parar, mesmo trabalhando com s\u00f3lidos pesados. Uma linha dupla de rolamentos suporta de forma segura o eixo do misturador, evitando as vibra\u00e7\u00f5es e absorvendo todas as cargas axiais geradas pelo impulsor, enquanto a velocidade lenta aumenta a vida \u00fatil do motor, e a efici\u00eancia de mistura.<\/p>\n<p>As caracter\u00edsticas do Riptide contribuem para um desempenho duradouro:<\/p>\n<ul>\n<li>Estrutura de a\u00e7o inoxid\u00e1vel resistente \u00e0 corros\u00e3o e aos raios UV<\/li>\n<li>Design com eixo s\u00f3lido e livre de vibra\u00e7\u00e3o<\/li>\n<li>Rolamentos de esferas selados<\/li>\n<li>Selos mec\u00e2nicos que n\u00e3o requerem manuten\u00e7\u00e3o<\/li>\n<li>Troca do motor e do acoplamento do eixo do motor simplificada<\/li>\n<li>Propulsor anti-algas<\/li>\n<\/ul>\n<p>Testamos em f\u00e1brica cada misturador de superf\u00edcie com impuls\u00e3o direta Riptide para certificar de que o equipamento atende \u00e0s\u00a0rigorosas normas da Fluence.<\/p>\n<h3>O Riptide \u00e9 Flex\u00edvel Para Alcan\u00e7ar uma Mistura Otimizada<\/h3>\n<p>O Riptide \u00e9 ideal para o tratamento de efluentes e misturas, oferecendo cobertura em todo o volume da lagoa. A montagem totalmente ajust\u00e1vel em flutuadores ou suportes permite a mistura completa em uma lagoa de qualquer forma ou profundidade e simplifica o envio da mistura para uma \u00e1rea deficiente ou pobre de mistura. Travas com ajuste de \u00e2ngulo permitem a otimiza\u00e7\u00e3o da velocidade de mistura para garantir sua forte a\u00e7\u00e3o.<\/p>\n<p>Modelos dispon\u00edveis variam de 2 a 30 hp (1,5 &#8211; 30 kW). Op\u00e7\u00f5es de motores especiais com alto rendimento e providos de flanges especiais que aumentam a versatilidade do formato do sistema.\u00a0A Fluence\u00a0pode recomendar as configura\u00e7\u00f5es que melhor correspondem \u00e0s suas necessidades.<\/p>\n<h3>Aplica\u00e7\u00f5es Diversas<\/h3>\n<p>O misturador de superf\u00edcie de acionamento direto Riptide melhora a mistura em diversas aplica\u00e7\u00f5es, tais como:<\/p>\n<ul>\n<li>Tratamento de efluentes<\/li>\n<li>Mistura de produtos qu\u00edmicos<\/li>\n<li>Suspens\u00e3o de s\u00f3lidos<\/li>\n<li>Mistura complementar<\/li>\n<\/ul>\n<p>A experiente equipe de engenheiros da Fluence desenvolveu o Riptide de alta efici\u00eancia, como uma solu\u00e7\u00e3o efetiva e de baixo custo para muitas ind\u00fastrias, incluindo:<\/p>\n<ul>\n<li>Processamento de produtos qu\u00edmicos<\/li>\n<li>Fabrica\u00e7\u00e3o de vinho e bebidas<\/li>\n<li>T\u00eaxtil<\/li>\n<li>Papel e celulose<\/li>\n<li>Latic\u00ednios<\/li>\n<\/ul>\n<p><strong>Misturador de Acionamento Direto de Alta Resist\u00eancia<\/strong><\/p>\n<p>Unidades dispon\u00edveis para loca\u00e7\u00e3o s\u00e3o uma solu\u00e7\u00e3o r\u00e1pida para situa\u00e7\u00f5es adversas imprevistas, or\u00e7amento limitado, ou para avaliar o equipamento em casos pontuais. Seja qual for o motivo, adquirindo seu equipamento alugado reconheceremos parte do valor j\u00e1 pago nesta compra.<\/p>\n<p>Na\u00a0Fluence, nossos engenheiros de aplica\u00e7\u00f5es est\u00e3o dedicados exclusivamente a ajudar operadores, consultores, engenheiros e empreiteiros de plantas de tratamento em todo o mundo. Com d\u00e9cadas de experi\u00eancia e\u00a0com as melhores tecnologias de aera\u00e7\u00e3o e mistura, nossos especialistas podem ajud\u00e1-lo a encontrar a solu\u00e7\u00e3o de aera\u00e7\u00e3o certa para seus desafios \u00fanicos.<\/p>\n<p><a href=\"https:\/\/www.fluencecorp.com\/pt\/contato\/\">Contate a\u00a0Fluence<\/a> para obter mais informa\u00e7\u00f5es sobre os valores de loca\u00e7\u00e3o ou de compra dos misturadores de superf\u00edcie de acionamento direto Riptide.<\/p>\n<p>[\/et_pb_text][\/et_pb_column][et_pb_column type=&#8221;1_3&#8243;][et_pb_blurb admin_label=&#8221;WASTEWATER TREATMENT CHALLENGES?&#8221; _builder_version=&#8221;3.21.3&#8243; title=&#8221;DESAFIOS NO TRATAMENTO DE EFLUENTES?&#8221; image=&#8221;https:\/\/www.fluencecorp.com\/wp-content\/uploads\/2017\/07\/wastewater_treatment_02.svg&#8221; animation=&#8221;off&#8221; use_border_color=&#8221;on&#8221; custom_padding=&#8221;30px|20px|30px|20px&#8221; text_orientation=&#8221;center&#8221; module_class=&#8221;fluenceblurb&#8221; border_color_all=&#8221;#7fc8bd&#8221; border_width_all=&#8221;1px&#8221; max_width_tablet=&#8221;50px&#8221; border_radii=&#8221;on|3px|3px|3px|3px&#8221; z_index_tablet=&#8221;500&#8243;]<\/p>\n<p>Entre em contato com\u00a0a Fluence\u00a0para saber mais sobre nossas solu\u00e7\u00f5es de tratamento de efluentes, ou para discutir detalhes de seu projeto.<\/p>\n<p><a class=\"et_pb_promo_button et_pb_button\" href=\"\/contact\/\" style=\"margin-bottom:15px!important;\">ENTRE EM CONTATO<\/a><\/p>\n<p>[\/et_pb_blurb][et_pb_text admin_label=&#8221;QUICK LINKS&#8221; _builder_version=&#8221;3.21.4&#8243; background_color=&#8221;#f4f4f4&#8243; background_position=&#8221;center_right&#8221; background_blend=&#8221;overlay&#8221; background_size=&#8221;initial&#8221; custom_padding=&#8221;30px|30px|30px|30px&#8221; header_font_size=&#8221;20px&#8221; header_text_color=&#8221;#0b3a5d&#8221; module_alignment=&#8221;left&#8221; z_index_tablet=&#8221;500&#8243; disabled=&#8221;on&#8221; disabled_on=&#8221;on|on|on&#8221;]<\/p>\n<h1>LINKS R\u00c1PIDOS<\/h1>\n<ul>\n<li><a href=\"#\" target=\"_blank\" rel=\"noopener noreferrer\">Showroom de Tecnologia<\/a><\/li>\n<\/ul>\n<p>[\/et_pb_text][\/et_pb_column][\/et_pb_row][\/et_pb_section]<\/p>\n","protected":false},"excerpt":{"rendered":"<p>Misturador de Superf\u00edcie de Acionamento Direto RIPTIDE\u2122 Misturador de \u00e1gua seguro e de baixa manuten\u00e7\u00e3o <div class=\"et_pb_row et_pb_row_0 et_pb_row_empty\">\n\t\t\t\t\n\t\t\t\t\n\t\t\t\t\n\t\t\t\t\n\t\t\t\t\n\t\t\t<\/div> Com estrutura resistente e de baixa manuten\u00e7\u00e3o, o misturador de superf\u00edcie de acionamento direto RIPTIDE\u00ae\u00a0proporciona desempenho confi\u00e1vel e econ\u00f4mico, podendo ser montado em diferentes \u00e2ngulos. Caracterizando-se por um propulsor de alta efici\u00eancia e baixa velocidade, o Riptide mistura todo [&hellip;]<\/p>\n","protected":false},"author":2,"featured_media":45773,"parent":0,"menu_order":0,"comment_status":"closed","ping_status":"closed","template":"","meta":{"_et_pb_use_builder":"on","_et_pb_old_content":"","_et_gb_content_width":"","_relevanssi_hide_post":"","_relevanssi_hide_content":"","_relevanssi_pin_for_all":"","_relevanssi_pin_keywords":"","_relevanssi_unpin_keywords":"","_relevanssi_related_keywords":"","_relevanssi_related_include_ids":"","_relevanssi_related_exclude_ids":"","_relevanssi_related_no_append":"","_relevanssi_related_not_related":"","_relevanssi_related_posts":"","_relevanssi_noindex_reason":"","inline_featured_image":false,"footnotes":"","_links_to":"","_links_to_target":""},"coauthors":[],"class_list":["post-46372","page","type-page","status-publish","has-post-thumbnail","hentry"],"yoast_head":"<!-- This site is optimized with the Yoast SEO plugin v27.4 - https:\/\/yoast.com\/product\/yoast-seo-wordpress\/ -->\n<title>Misturador de Superf\u00edcie de Acionamento Direto RIPTIDE\u2122 | Fluence<\/title>\n<meta name=\"robots\" content=\"index, follow, max-snippet:-1, max-image-preview:large, max-video-preview:-1\" \/>\n<link rel=\"canonical\" href=\"https:\/\/www.fluencecorp.com\/pt\/riptide\/\" \/>\n<meta property=\"og:locale\" content=\"pt_BR\" \/>\n<meta property=\"og:type\" content=\"article\" \/>\n<meta property=\"og:title\" content=\"Misturador de Superf\u00edcie de Acionamento Direto RIPTIDE\u2122 | Fluence\" \/>\n<meta property=\"og:description\" content=\"Misturador de Superf\u00edcie de Acionamento Direto RIPTIDE\u2122 Misturador de \u00e1gua seguro e de baixa manuten\u00e7\u00e3o Com estrutura resistente e de baixa manuten\u00e7\u00e3o, o misturador de superf\u00edcie de acionamento direto RIPTIDE\u00ae\u00a0proporciona desempenho confi\u00e1vel e econ\u00f4mico, podendo ser montado em diferentes \u00e2ngulos. Caracterizando-se por um propulsor de alta efici\u00eancia e baixa velocidade, o Riptide mistura todo [&hellip;]\" \/>\n<meta property=\"og:url\" content=\"https:\/\/www.fluencecorp.com\/pt\/riptide\/\" \/>\n<meta property=\"article:publisher\" content=\"https:\/\/www.facebook.com\/FluenceCorp\" \/>\n<meta property=\"article:modified_time\" content=\"2019-04-08T18:44:26+00:00\" \/>\n<meta property=\"og:image\" content=\"https:\/\/www.fluencecorp.com\/wp-content\/uploads\/2017\/07\/droplet-pattern.png\" \/>\n\t<meta property=\"og:image:width\" content=\"347\" \/>\n\t<meta property=\"og:image:height\" content=\"231\" \/>\n\t<meta property=\"og:image:type\" content=\"image\/png\" \/>\n<meta name=\"twitter:card\" content=\"summary_large_image\" \/>\n<meta name=\"twitter:site\" content=\"@FluenceCorp\" \/>\n<meta name=\"twitter:label1\" content=\"Est. tempo de leitura\" \/>\n\t<meta name=\"twitter:data1\" content=\"5 minutos\" \/>\n\t<meta name=\"twitter:label2\" content=\"Written by\" \/>\n\t<meta name=\"twitter:data2\" content=\"David Reich\" \/>\n<script type=\"application\/ld+json\" class=\"yoast-schema-graph\">{\"@context\":\"https:\\\/\\\/schema.org\",\"@graph\":[{\"@type\":\"WebPage\",\"@id\":\"https:\\\/\\\/www.fluencecorp.com\\\/pt\\\/riptide\\\/\",\"url\":\"https:\\\/\\\/www.fluencecorp.com\\\/pt\\\/riptide\\\/\",\"name\":\"Misturador de Superf\u00edcie de Acionamento Direto RIPTIDE\u2122 | Fluence\",\"isPartOf\":{\"@id\":\"https:\\\/\\\/www.fluencecorp.com\\\/pt\\\/#website\"},\"primaryImageOfPage\":{\"@id\":\"https:\\\/\\\/www.fluencecorp.com\\\/pt\\\/riptide\\\/#primaryimage\"},\"image\":{\"@id\":\"https:\\\/\\\/www.fluencecorp.com\\\/pt\\\/riptide\\\/#primaryimage\"},\"thumbnailUrl\":\"https:\\\/\\\/www.fluencecorp.com\\\/wp-content\\\/uploads\\\/2017\\\/07\\\/droplet-pattern.png\",\"datePublished\":\"2017-07-10T18:41:29+00:00\",\"dateModified\":\"2019-04-08T18:44:26+00:00\",\"breadcrumb\":{\"@id\":\"https:\\\/\\\/www.fluencecorp.com\\\/pt\\\/riptide\\\/#breadcrumb\"},\"inLanguage\":\"pt-BR\",\"potentialAction\":[{\"@type\":\"ReadAction\",\"target\":[\"https:\\\/\\\/www.fluencecorp.com\\\/pt\\\/riptide\\\/\"]}]},{\"@type\":\"ImageObject\",\"inLanguage\":\"pt-BR\",\"@id\":\"https:\\\/\\\/www.fluencecorp.com\\\/pt\\\/riptide\\\/#primaryimage\",\"url\":\"https:\\\/\\\/www.fluencecorp.com\\\/wp-content\\\/uploads\\\/2017\\\/07\\\/droplet-pattern.png\",\"contentUrl\":\"https:\\\/\\\/www.fluencecorp.com\\\/wp-content\\\/uploads\\\/2017\\\/07\\\/droplet-pattern.png\",\"width\":347,\"height\":231},{\"@type\":\"BreadcrumbList\",\"@id\":\"https:\\\/\\\/www.fluencecorp.com\\\/pt\\\/riptide\\\/#breadcrumb\",\"itemListElement\":[{\"@type\":\"ListItem\",\"position\":1,\"name\":\"Home\",\"item\":\"https:\\\/\\\/www.fluencecorp.com\\\/pt\\\/\"},{\"@type\":\"ListItem\",\"position\":2,\"name\":\"Aerators &#8211; RIPTIDE\"}]},{\"@type\":\"WebSite\",\"@id\":\"https:\\\/\\\/www.fluencecorp.com\\\/pt\\\/#website\",\"url\":\"https:\\\/\\\/www.fluencecorp.com\\\/pt\\\/\",\"name\":\"Fluence Corporation\",\"description\":\"\",\"publisher\":{\"@id\":\"https:\\\/\\\/www.fluencecorp.com\\\/pt\\\/#organization\"},\"potentialAction\":[{\"@type\":\"SearchAction\",\"target\":{\"@type\":\"EntryPoint\",\"urlTemplate\":\"https:\\\/\\\/www.fluencecorp.com\\\/pt\\\/?s={search_term_string}\"},\"query-input\":{\"@type\":\"PropertyValueSpecification\",\"valueRequired\":true,\"valueName\":\"search_term_string\"}}],\"inLanguage\":\"pt-BR\"},{\"@type\":\"Organization\",\"@id\":\"https:\\\/\\\/www.fluencecorp.com\\\/pt\\\/#organization\",\"name\":\"Fluence\",\"url\":\"https:\\\/\\\/www.fluencecorp.com\\\/pt\\\/\",\"logo\":{\"@type\":\"ImageObject\",\"inLanguage\":\"pt-BR\",\"@id\":\"https:\\\/\\\/www.fluencecorp.com\\\/pt\\\/#\\\/schema\\\/logo\\\/image\\\/\",\"url\":\"https:\\\/\\\/www.fluencecorp.com\\\/wp-content\\\/uploads\\\/2018\\\/03\\\/fluence-seo-logo.png\",\"contentUrl\":\"https:\\\/\\\/www.fluencecorp.com\\\/wp-content\\\/uploads\\\/2018\\\/03\\\/fluence-seo-logo.png\",\"width\":523,\"height\":181,\"caption\":\"Fluence\"},\"image\":{\"@id\":\"https:\\\/\\\/www.fluencecorp.com\\\/pt\\\/#\\\/schema\\\/logo\\\/image\\\/\"},\"sameAs\":[\"https:\\\/\\\/www.facebook.com\\\/FluenceCorp\",\"https:\\\/\\\/x.com\\\/FluenceCorp\",\"https:\\\/\\\/www.linkedin.com\\\/company-beta\\\/18150486\\\/\"]}]}<\/script>\n<!-- \/ Yoast SEO plugin. -->","yoast_head_json":{"title":"Misturador de Superf\u00edcie de Acionamento Direto RIPTIDE\u2122 | Fluence","robots":{"index":"index","follow":"follow","max-snippet":"max-snippet:-1","max-image-preview":"max-image-preview:large","max-video-preview":"max-video-preview:-1"},"canonical":"https:\/\/www.fluencecorp.com\/pt\/riptide\/","og_locale":"pt_BR","og_type":"article","og_title":"Misturador de Superf\u00edcie de Acionamento Direto RIPTIDE\u2122 | Fluence","og_description":"Misturador de Superf\u00edcie de Acionamento Direto RIPTIDE\u2122 Misturador de \u00e1gua seguro e de baixa manuten\u00e7\u00e3o Com estrutura resistente e de baixa manuten\u00e7\u00e3o, o misturador de superf\u00edcie de acionamento direto RIPTIDE\u00ae\u00a0proporciona desempenho confi\u00e1vel e econ\u00f4mico, podendo ser montado em diferentes \u00e2ngulos. Caracterizando-se por um propulsor de alta efici\u00eancia e baixa velocidade, o Riptide mistura todo [&hellip;]","og_url":"https:\/\/www.fluencecorp.com\/pt\/riptide\/","article_publisher":"https:\/\/www.facebook.com\/FluenceCorp","article_modified_time":"2019-04-08T18:44:26+00:00","og_image":[{"width":347,"height":231,"url":"https:\/\/www.fluencecorp.com\/wp-content\/uploads\/2017\/07\/droplet-pattern.png","type":"image\/png"}],"twitter_card":"summary_large_image","twitter_site":"@FluenceCorp","twitter_misc":{"Est. tempo de leitura":"5 minutos","Written by":"David Reich"},"schema":{"@context":"https:\/\/schema.org","@graph":[{"@type":"WebPage","@id":"https:\/\/www.fluencecorp.com\/pt\/riptide\/","url":"https:\/\/www.fluencecorp.com\/pt\/riptide\/","name":"Misturador de Superf\u00edcie de Acionamento Direto RIPTIDE\u2122 | Fluence","isPartOf":{"@id":"https:\/\/www.fluencecorp.com\/pt\/#website"},"primaryImageOfPage":{"@id":"https:\/\/www.fluencecorp.com\/pt\/riptide\/#primaryimage"},"image":{"@id":"https:\/\/www.fluencecorp.com\/pt\/riptide\/#primaryimage"},"thumbnailUrl":"https:\/\/www.fluencecorp.com\/wp-content\/uploads\/2017\/07\/droplet-pattern.png","datePublished":"2017-07-10T18:41:29+00:00","dateModified":"2019-04-08T18:44:26+00:00","breadcrumb":{"@id":"https:\/\/www.fluencecorp.com\/pt\/riptide\/#breadcrumb"},"inLanguage":"pt-BR","potentialAction":[{"@type":"ReadAction","target":["https:\/\/www.fluencecorp.com\/pt\/riptide\/"]}]},{"@type":"ImageObject","inLanguage":"pt-BR","@id":"https:\/\/www.fluencecorp.com\/pt\/riptide\/#primaryimage","url":"https:\/\/www.fluencecorp.com\/wp-content\/uploads\/2017\/07\/droplet-pattern.png","contentUrl":"https:\/\/www.fluencecorp.com\/wp-content\/uploads\/2017\/07\/droplet-pattern.png","width":347,"height":231},{"@type":"BreadcrumbList","@id":"https:\/\/www.fluencecorp.com\/pt\/riptide\/#breadcrumb","itemListElement":[{"@type":"ListItem","position":1,"name":"Home","item":"https:\/\/www.fluencecorp.com\/pt\/"},{"@type":"ListItem","position":2,"name":"Aerators &#8211; RIPTIDE"}]},{"@type":"WebSite","@id":"https:\/\/www.fluencecorp.com\/pt\/#website","url":"https:\/\/www.fluencecorp.com\/pt\/","name":"Fluence Corporation","description":"","publisher":{"@id":"https:\/\/www.fluencecorp.com\/pt\/#organization"},"potentialAction":[{"@type":"SearchAction","target":{"@type":"EntryPoint","urlTemplate":"https:\/\/www.fluencecorp.com\/pt\/?s={search_term_string}"},"query-input":{"@type":"PropertyValueSpecification","valueRequired":true,"valueName":"search_term_string"}}],"inLanguage":"pt-BR"},{"@type":"Organization","@id":"https:\/\/www.fluencecorp.com\/pt\/#organization","name":"Fluence","url":"https:\/\/www.fluencecorp.com\/pt\/","logo":{"@type":"ImageObject","inLanguage":"pt-BR","@id":"https:\/\/www.fluencecorp.com\/pt\/#\/schema\/logo\/image\/","url":"https:\/\/www.fluencecorp.com\/wp-content\/uploads\/2018\/03\/fluence-seo-logo.png","contentUrl":"https:\/\/www.fluencecorp.com\/wp-content\/uploads\/2018\/03\/fluence-seo-logo.png","width":523,"height":181,"caption":"Fluence"},"image":{"@id":"https:\/\/www.fluencecorp.com\/pt\/#\/schema\/logo\/image\/"},"sameAs":["https:\/\/www.facebook.com\/FluenceCorp","https:\/\/x.com\/FluenceCorp","https:\/\/www.linkedin.com\/company-beta\/18150486\/"]}]}},"_links":{"self":[{"href":"https:\/\/www.fluencecorp.com\/pt\/wp-json\/wp\/v2\/pages\/46372","targetHints":{"allow":["GET"]}}],"collection":[{"href":"https:\/\/www.fluencecorp.com\/pt\/wp-json\/wp\/v2\/pages"}],"about":[{"href":"https:\/\/www.fluencecorp.com\/pt\/wp-json\/wp\/v2\/types\/page"}],"author":[{"embeddable":true,"href":"https:\/\/www.fluencecorp.com\/pt\/wp-json\/wp\/v2\/users\/2"}],"replies":[{"embeddable":true,"href":"https:\/\/www.fluencecorp.com\/pt\/wp-json\/wp\/v2\/comments?post=46372"}],"version-history":[{"count":0,"href":"https:\/\/www.fluencecorp.com\/pt\/wp-json\/wp\/v2\/pages\/46372\/revisions"}],"wp:featuredmedia":[{"embeddable":true,"href":"https:\/\/www.fluencecorp.com\/pt\/wp-json\/wp\/v2\/media\/45773"}],"wp:attachment":[{"href":"https:\/\/www.fluencecorp.com\/pt\/wp-json\/wp\/v2\/media?parent=46372"}],"wp:term":[{"taxonomy":"author","embeddable":true,"href":"https:\/\/www.fluencecorp.com\/pt\/wp-json\/wp\/v2\/coauthors?post=46372"}],"curies":[{"name":"wp","href":"https:\/\/api.w.org\/{rel}","templated":true}]}}