{"id":46068,"date":"2017-07-12T00:31:51","date_gmt":"2017-07-11T14:31:51","guid":{"rendered":"https:\/\/www.fluencecorp.com\/dissolved-air-flotation\/"},"modified":"2019-04-23T05:33:53","modified_gmt":"2019-04-22T19:33:53","slug":"flotacao-ar-dissolvido","status":"publish","type":"page","link":"https:\/\/www.fluencecorp.com\/pt\/flotacao-ar-dissolvido\/","title":{"rendered":"Flota\u00e7\u00e3o por Ar Dissolvido (DAF)"},"content":{"rendered":"<p>[et_pb_section bb_built=&#8221;1&#8243; background_color=&#8221;#f4f4f4&#8243; custom_padding=&#8221;0px||0px|&#8221; _builder_version=&#8221;3.0.61&#8243; background_blend=&#8221;multiply&#8221; next_background_color=&#8221;#ffffff&#8221; inner_width=&#8221;auto&#8221; inner_max_width=&#8221;none&#8221;][et_pb_row custom_padding=&#8221;0px||0px|&#8221; custom_margin=&#8221;0px||0px|&#8221; background_position_1=&#8221;top_left&#8221; background_repeat_1=&#8221;no-repeat&#8221; _builder_version=&#8221;3.0.60&#8243; background_size=&#8221;initial&#8221; background_position=&#8221;top_left&#8221; background_repeat=&#8221;repeat&#8221; width=&#8221;80%&#8221; max_width=&#8221;1080px&#8221;][et_pb_column type=&#8221;4_4&#8243;][et_pb_text admin_label=&#8221;Header with Grey Background&#8221; _builder_version=&#8221;3.20.2&#8243; text_font_size=&#8221;24&#8243; text_text_color=&#8221;#778591&#8243; header_font=&#8221;|on|||&#8221; header_font_size=&#8221;52px&#8221; header_text_color=&#8221;#0b3a5d&#8221; custom_margin=&#8221;10px||10px|&#8221; custom_padding=&#8221;44px||44px|&#8221; text_font_size_tablet=&#8221;16&#8243; text_font_size_last_edited=&#8221;on|phone&#8221; header_font_size_tablet=&#8221;35px&#8221; header_font_size_phone=&#8221;28px&#8221; header_font_size_last_edited=&#8221;on|phone&#8221;]<\/p>\n<h1>Flota\u00e7\u00e3o por Ar Dissolvido (DAF)<\/h1>\n<p>O sistema de flota\u00e7\u00e3o por ar dissolvido (DAF) da Fluence \u00e9 um processo de clarifica\u00e7\u00e3o de alta qualidade de efluentes, apresentando uma eficiente remo\u00e7\u00e3o de s\u00f3lidos suspensos<\/p>\n<p>[\/et_pb_text][\/et_pb_column][\/et_pb_row][\/et_pb_section][et_pb_section bb_built=&#8221;1&#8243; custom_padding=&#8221;0px||0px|&#8221; _builder_version=&#8221;3.0.59&#8243; prev_background_color=&#8221;#f4f4f4&#8243; inner_width=&#8221;auto&#8221; inner_max_width=&#8221;none&#8221;][et_pb_row _builder_version=&#8221;3.0.47&#8243; background_size=&#8221;initial&#8221; background_position=&#8221;top_left&#8221; background_repeat=&#8221;repeat&#8221; width=&#8221;80%&#8221; max_width=&#8221;1080px&#8221;][et_pb_column type=&#8221;2_3&#8243;][et_pb_text admin_label=&#8221;Main Body Text&#8221; _builder_version=&#8221;3.20.2&#8243;]<\/p>\n<div id=\"attachment_35718\" style=\"width: 810px\" class=\"wp-caption aligncenter\"><img decoding=\"async\" aria-describedby=\"caption-attachment-35718\" class=\"size-full wp-image-35718\" src=\"https:\/\/www.fluencecorp.com\/wp-content\/uploads\/2017\/07\/daf-system.jpg\" alt=\"Quick Removal of Oils and Buoyant Particles\" width=\"800\" height=\"401\"><p id=\"caption-attachment-35718\" class=\"wp-caption-text\">A flota\u00e7\u00e3o por ar dissolvido (DAF, na sigla em ingl\u00eas) usa bolhas de microfina para aplicar graxas, \u00f3leos e s\u00f3lidos \u00e0 superf\u00edcie, de onde s\u00e3o removidos.<\/p><\/div>\n<p>A Fluence tem desenvolvido e aperfei\u00e7oado sistemas de flota\u00e7\u00e3o por ar dissolvido (DAF) por d\u00e9cadas, e implementou com sucesso plantas para diferentes aplica\u00e7\u00f5es.<\/p>\n<p>A DAF \u00e9 um processo de clarifica\u00e7\u00e3o de efluentes com a finalidade de separa\u00e7\u00e3o de s\u00f3lidos, \u00f3leos e graxas. Produz um lodo mais concentrado, remove uma grande variedade de s\u00f3lidos suspensos (gorduras, \u00f3leo e graxa) e proporciona uma redu\u00e7\u00e3o da DQO e DBO. A nossa tecnologia de flota\u00e7\u00e3o por ar dissolvido tem uma eficiente clarifica\u00e7\u00e3o de alta qualidade.<\/p>\n<p>A opera\u00e7\u00e3o do DAF tem um fluxo de bolhas micro finas que se agregam aos s\u00f3lidos e os carregam para a superf\u00edcie, onde ser\u00e3o removidos por um raspador de lodo superficial.<\/p>\n<p>[\/et_pb_text][et_pb_toggle admin_label=&#8221;Extensive Applications&#8221; title=&#8221;Aplica\u00e7\u00f5es Variadas&#8221; open_toggle_text_color=&#8221;#84c7bb&#8221; closed_toggle_text_color=&#8221;#4d5fab&#8221; _builder_version=&#8221;3.22.4&#8243; title_font_size=&#8221;18&#8243; title_text_color=&#8221;#4d5fab&#8221; background_image=&#8221;https:\/\/www.fluencecorp.com\/wp-content\/uploads\/2017\/07\/droplet-pattern.png&#8221; background_size=&#8221;initial&#8221; background_position=&#8221;center_right&#8221; text_shadow_horizontal_length=&#8221;text_shadow_style,%91object Object%93&#8243; text_shadow_vertical_length=&#8221;text_shadow_style,%91object Object%93&#8243; text_shadow_blur_strength=&#8221;text_shadow_style,%91object Object%93&#8243; title_text_shadow_horizontal_length=&#8221;title_text_shadow_style,%91object Object%93&#8243; title_text_shadow_vertical_length=&#8221;title_text_shadow_style,%91object Object%93&#8243; title_text_shadow_blur_strength=&#8221;title_text_shadow_style,%91object Object%93&#8243; body_text_shadow_horizontal_length=&#8221;body_text_shadow_style,%91object Object%93&#8243; body_text_shadow_vertical_length=&#8221;body_text_shadow_style,%91object Object%93&#8243; body_text_shadow_blur_strength=&#8221;body_text_shadow_style,%91object Object%93&#8243; z_index_tablet=&#8221;500&#8243;]<\/p>\n<p>O DAF pode ser aplicado como um pr\u00e9-tratamento para atender os limites espec\u00edficos de \u00f3leos, graxas ou s\u00f3lidos em suspens\u00e3o de munic\u00edpios, ou para remover contaminantes que poderiam impactar negativamente um sistema industrial de <a href=\"https:\/\/www.fluencecorp.com\/pt\/solucoes-tratamento-efluentes\/\" target=\"_blank\" rel=\"noopener noreferrer\">tratamento biol\u00f3gico de efluentes<\/a>.<\/p>\n<p>A tecnologia DAF \u00e9 ideal para part\u00edculas com densidade neutra e aquelas que s\u00e3o flutuantes ou de lenta decanta\u00e7\u00e3o. Isto \u00e9 particularmente relevante para a ind\u00fastria de alimentos e empresas que produzem s\u00f3lidos leves de dif\u00edcil decanta\u00e7\u00e3o. O DAF tamb\u00e9m requer uma superf\u00edcie equivalente menor em 25% quando comparada com tecnologias de clarifica\u00e7\u00e3o convencionais.<\/p>\n<p>O DAF \u00e9 um processo f\u00edsico-qu\u00edmico comprovado, robusto e eficaz, comumente usada em v\u00e1rias aplica\u00e7\u00f5es industriais e municipais como:<\/p>\n<ul>\n<li>Recupera\u00e7\u00e3o ou re\u00faso<\/li>\n<li>Pr\u00e9-tratamento de esgoto sanit\u00e1rio para atender a limites de descarga<\/li>\n<li>Pr\u00e9-tratamento para reduzir a carga na \u00e0 jusante de sistemas biol\u00f3gicos<\/li>\n<li>Polimento do tratamento biol\u00f3gico de efluente<\/li>\n<li>Remo\u00e7\u00e3o de lodo e graxa de \u00e1gua industrial<\/li>\n<\/ul>\n<p>A tecnologia DAF se utiliza com muita frequ\u00eancia nas seguintes ind\u00fastrias:<\/p>\n<ul>\n<li>Carne, aves e processamento de pescado<\/li>\n<li>Latic\u00ednios<\/li>\n<li>Petroqu\u00edmica<\/li>\n<li>Papel e celulose<\/li>\n<li>Alimentos e bebidas<\/li>\n<\/ul>\n<p>[\/et_pb_toggle][et_pb_toggle admin_label=&#8221;How Dissolved Air Flotation Works&#8221; title=&#8221;Como Funciona a Flota\u00e7\u00e3o por Ar Dissolvido&#8221; open_toggle_text_color=&#8221;#84c7bb&#8221; _builder_version=&#8221;3.20.2&#8243; title_font_size=&#8221;18&#8243; title_text_color=&#8221;#4d5fab&#8221; background_image=&#8221;https:\/\/www.fluencecorp.com\/wp-content\/uploads\/2017\/07\/droplet-pattern.png&#8221; background_size=&#8221;initial&#8221; background_position=&#8221;center_right&#8221;]<\/p>\n<p>O processo de flota\u00e7\u00e3o \u00e9 baseado em mecanismos de coagula\u00e7\u00e3o e flocula\u00e7\u00e3o. Adicionando produtos qu\u00edmicos espec\u00edficos, tais como cloreto de ferro ou sulfato de alum\u00ednio ou outros coagulantes, part\u00edculas coloidais s\u00e3o desestabilizadas e assim ocorre a forma\u00e7\u00e3o de flocos. A flocula\u00e7\u00e3o ocorre com adi\u00e7\u00e3o de outros produtos qu\u00edmicos, como polieletr\u00f3lito, que facilita a colis\u00e3o entre o suspenso desestabilizado e as part\u00edculas coloidais para formar flocos maiores que podem ser facilmente removidos.<\/p>\n<p>O processo separa part\u00edculas s\u00f3lidas das l\u00edquidas. Inicialmente a \u00e1gua \u00e9 saturada com ar dissolvido sob press\u00e3o. Este fluxo supersaturado \u00e9 recirculado (pressurizado de 4 a 6 bar), e ent\u00e3o misturado com o efluente em um contato interno, onde a c\u00e2mara de bolhas microsc\u00f3picas fixa-se aos s\u00f3lidos e os eleva at\u00e9 a superf\u00edcie, formando um leito flutuante de lodo.<\/p>\n<p>Um raspador superficial remove o lodo formado na superf\u00edcie, de onde ele \u00e9 direcionado um para tratamento de lodo. A corrente tratada \u00e9 descartada ou direcionada para outras etapas de processos de tratamento.<\/p>\n<p>[\/et_pb_toggle][et_pb_toggle admin_label=&#8221;Solution Architecture&#8221; title=&#8221;Componentes Principais e Suas Caracter\u00edsticas&#8221; open_toggle_text_color=&#8221;#84c7bb&#8221; _builder_version=&#8221;3.20.2&#8243; title_font_size=&#8221;18&#8243; title_text_color=&#8221;#4d5fab&#8221; background_image=&#8221;https:\/\/www.fluencecorp.com\/wp-content\/uploads\/2017\/07\/droplet-pattern.png&#8221; background_size=&#8221;initial&#8221; background_position=&#8221;center_right&#8221;]<\/p>\n<ul>\n<li>O flotador \u00e9 fabricado em a\u00e7o inoxid\u00e1vel AISI 304, dotado de uma bacia de ac\u00famulo de flotado<\/li>\n<li>O raspador do flotado \u00e9 dotado de um eixo de transmiss\u00e3o com duas engrenagens nas suas extremidades; um eixo secund\u00e1rio, tamb\u00e9m com duas engrenagens; duas correntes de transmiss\u00e3o que transmitem o movimento do eixo de acionamento at\u00e9 o eixo secund\u00e1rio; e quatro l\u00e2minas raspadoras de borracha nas duas correntes<\/li>\n<li>O processo de supersatura\u00e7\u00e3o \u00e9 composto de uma bomba centr\u00edfuga de rotor equipado com v\u00e1lvulas e uma tubula\u00e7\u00e3o dedicada. A unidade de reserva ser\u00e1 fornecida, mas n\u00e3o montada. Os motores el\u00e9tricos das bombas n\u00e3o est\u00e3o inclu\u00eddos<\/li>\n<li>Um dispositivo de inje\u00e7\u00e3o de ar \u00e9 fornecido no corpo da bomba<\/li>\n<\/ul>\n<p>[\/et_pb_toggle][et_pb_toggle admin_label=&#8221;Key DAF Features&#8221; title=&#8221;Caracter\u00edsticas Chave da Tecnologia DAF&#8221; open_toggle_text_color=&#8221;#84c7bb&#8221; _builder_version=&#8221;3.20.2&#8243; title_font_size=&#8221;18&#8243; title_text_color=&#8221;#4d5fab&#8221; background_image=&#8221;https:\/\/www.fluencecorp.com\/wp-content\/uploads\/2017\/07\/droplet-pattern.png&#8221; background_size=&#8221;initial&#8221; background_position=&#8221;center_right&#8221; custom_css_main_element=&#8221;margin-bottom: 4.242%!important;&#8221;]<\/p>\n<ul>\n<li>Redu\u00e7\u00e3o de total de s\u00f3lidos dissolvidos (TDS) em at\u00e9 97%<\/li>\n<li>Remo\u00e7\u00e3o da demanda qu\u00edmica de oxig\u00eanio (DQO) em at\u00e9 85%<\/li>\n<li>Baixo custo de opera\u00e7\u00e3o e manuten\u00e7\u00e3o<\/li>\n<li>Unidades padr\u00e3o e personalizadas atendem a uma variedade de aplica\u00e7\u00f5es e capacidades<\/li>\n<li>Projetado para se ter uma instala\u00e7\u00e3o e opera\u00e7\u00e3o simplificada<\/li>\n<li>Adequado para \u00e1gua de alta salinidade<\/li>\n<\/ul>\n<p>[\/et_pb_toggle][et_pb_text admin_label=&#8221;TEXT&#8221; _builder_version=&#8221;3.20.2&#8243; background_color=&#8221;#fefefe&#8221; background_image=&#8221;https:\/\/www.fluencecorp.com\/wp-content\/uploads\/2017\/07\/droplet-pattern.png&#8221; background_size=&#8221;initial&#8221;]<\/p>\n<h3>Sistemas de Flota\u00e7\u00e3o por Ar Dissolvido Eficientes<\/h3>\n<p>Na Fluence, os especialistas de nosso departamento de engenharia e operadores de campo est\u00e3o capacitados para dar suporte em todas as fases do projeto, desde a concep\u00e7\u00e3o preliminar at\u00e9 o comissionamento e opera\u00e7\u00e3o. Nossas solu\u00e7\u00f5es altamente confi\u00e1veis s\u00e3o projetadas e personalizadas para lidar com uma grande variedade de qualidade e capacidades. Nossas solu\u00e7\u00f5es DAF s\u00e3o robustas e compactas. F\u00e1ceis de instalar, operar e manter.<\/p>\n<p><a href=\"https:\/\/www.fluencecorp.com\/pt\/contato\/\">Contate-nos<\/a> para obter mais informa\u00e7\u00f5es sobre o flotador por ar dissolvido.<\/p>\n<p>[\/et_pb_text][\/et_pb_column][et_pb_column type=&#8221;1_3&#8243;][et_pb_blurb admin_label=&#8221;WASTEWATER TREATMENT CHALLENGES?&#8221; title=&#8221;DESAFIOS NO TRATAMENTO DE EFLUENTES?&#8221; url=&#8221;#&#8221; image=&#8221;https:\/\/www.fluencecorp.com\/wp-content\/uploads\/2017\/07\/wastewater_treatment_02.svg&#8221; animation=&#8221;off&#8221; text_orientation=&#8221;center&#8221; module_class=&#8221;fluenceblurb&#8221; _builder_version=&#8221;3.20.2&#8243; use_border_color=&#8221;on&#8221; custom_padding=&#8221;30px|20px|30px|20px&#8221; image_max_width=&#8221;80px&#8221; border_color_all=&#8221;#7fc8bd&#8221; border_width_all=&#8221;1px&#8221; max_width_tablet=&#8221;50px&#8221;]<\/p>\n<p>Contate-nos para saber mais sobre nossas solu\u00e7\u00f5es de tratamento de efluentes, ou discutir detalhes espec\u00edficos de seu projeto. Estamos aqui para ajudar!<\/p>\n<p><a class=\"et_pb_promo_button et_pb_button\" href=\"\/pt\/contato\/\">ENTRE EM CONTATO<\/a><\/p>\n<p>[\/et_pb_blurb][et_pb_text admin_label=&#8221;QUICK LINKS&#8221; _builder_version=&#8221;3.21.4&#8243; header_font_size=&#8221;20px&#8221; header_text_color=&#8221;#0b3a5d&#8221; background_color=&#8221;#f4f4f4&#8243; background_size=&#8221;initial&#8221; background_position=&#8221;center_right&#8221; background_blend=&#8221;overlay&#8221; custom_padding=&#8221;30px|30px|30px|30px&#8221; disabled=&#8221;on&#8221; disabled_on=&#8221;on|on|on&#8221; z_index_tablet=&#8221;500&#8243;]<\/p>\n<h1>LINKS R\u00c1PIDOS<\/h1>\n<ul>\n<li><a href=\"#\" target=\"_blank\" rel=\"noopener noreferrer\">Showroom de Tecnologia<\/a><\/li>\n<\/ul>\n<p>[\/et_pb_text][\/et_pb_column][\/et_pb_row][\/et_pb_section]<\/p>\n","protected":false},"excerpt":{"rendered":"<p>Flota\u00e7\u00e3o por Ar Dissolvido (DAF) O sistema de flota\u00e7\u00e3o por ar dissolvido (DAF) da Fluence \u00e9 um processo de clarifica\u00e7\u00e3o de alta qualidade de efluentes, apresentando uma eficiente remo\u00e7\u00e3o de s\u00f3lidos suspensos A Fluence tem desenvolvido e aperfei\u00e7oado sistemas de flota\u00e7\u00e3o por ar dissolvido (DAF) por d\u00e9cadas, e implementou com sucesso plantas para diferentes aplica\u00e7\u00f5es. [&hellip;]<\/p>\n","protected":false},"author":2,"featured_media":46069,"parent":0,"menu_order":0,"comment_status":"closed","ping_status":"closed","template":"","meta":{"_et_pb_use_builder":"on","_et_pb_old_content":"","_et_gb_content_width":"","_relevanssi_hide_post":"","_relevanssi_hide_content":"","_relevanssi_pin_for_all":"","_relevanssi_pin_keywords":"","_relevanssi_unpin_keywords":"","_relevanssi_related_keywords":"","_relevanssi_related_include_ids":"","_relevanssi_related_exclude_ids":"","_relevanssi_related_no_append":"","_relevanssi_related_not_related":"","_relevanssi_related_posts":"","_relevanssi_noindex_reason":"","inline_featured_image":false,"footnotes":"","_links_to":"","_links_to_target":""},"coauthors":[],"class_list":["post-46068","page","type-page","status-publish","has-post-thumbnail","hentry"],"yoast_head":"<!-- This site is optimized with the Yoast SEO plugin v27.3 - https:\/\/yoast.com\/product\/yoast-seo-wordpress\/ -->\n<title>Flota\u00e7\u00e3o por Ar Dissolvido (DAF) | Fluence<\/title>\n<meta name=\"robots\" content=\"index, follow, max-snippet:-1, max-image-preview:large, max-video-preview:-1\" \/>\n<link rel=\"canonical\" href=\"https:\/\/www.fluencecorp.com\/pt\/flotacao-ar-dissolvido\/\" \/>\n<meta property=\"og:locale\" content=\"pt_BR\" \/>\n<meta property=\"og:type\" content=\"article\" \/>\n<meta property=\"og:title\" content=\"Flota\u00e7\u00e3o por Ar Dissolvido (DAF) | Fluence\" \/>\n<meta property=\"og:description\" content=\"Flota\u00e7\u00e3o por Ar Dissolvido (DAF) O sistema de flota\u00e7\u00e3o por ar dissolvido (DAF) da Fluence \u00e9 um processo de clarifica\u00e7\u00e3o de alta qualidade de efluentes, apresentando uma eficiente remo\u00e7\u00e3o de s\u00f3lidos suspensos A Fluence tem desenvolvido e aperfei\u00e7oado sistemas de flota\u00e7\u00e3o por ar dissolvido (DAF) por d\u00e9cadas, e implementou com sucesso plantas para diferentes aplica\u00e7\u00f5es. [&hellip;]\" \/>\n<meta property=\"og:url\" content=\"https:\/\/www.fluencecorp.com\/pt\/flotacao-ar-dissolvido\/\" \/>\n<meta property=\"article:publisher\" content=\"https:\/\/www.facebook.com\/FluenceCorp\" \/>\n<meta property=\"article:modified_time\" content=\"2019-04-22T19:33:53+00:00\" \/>\n<meta property=\"og:image\" content=\"https:\/\/www.fluencecorp.com\/wp-content\/uploads\/2017\/07\/daf-system.jpg\" \/>\n\t<meta property=\"og:image:width\" content=\"800\" \/>\n\t<meta property=\"og:image:height\" content=\"401\" \/>\n\t<meta property=\"og:image:type\" content=\"image\/jpeg\" \/>\n<meta name=\"twitter:card\" content=\"summary_large_image\" \/>\n<meta name=\"twitter:site\" content=\"@FluenceCorp\" \/>\n<meta name=\"twitter:label1\" content=\"Est. tempo de leitura\" \/>\n\t<meta name=\"twitter:data1\" content=\"8 minutos\" \/>\n\t<meta name=\"twitter:label2\" content=\"Written by\" \/>\n\t<meta name=\"twitter:data2\" content=\"David Reich\" \/>\n<script type=\"application\/ld+json\" class=\"yoast-schema-graph\">{\"@context\":\"https:\\\/\\\/schema.org\",\"@graph\":[{\"@type\":\"WebPage\",\"@id\":\"https:\\\/\\\/www.fluencecorp.com\\\/pt\\\/flotacao-ar-dissolvido\\\/\",\"url\":\"https:\\\/\\\/www.fluencecorp.com\\\/pt\\\/flotacao-ar-dissolvido\\\/\",\"name\":\"Flota\u00e7\u00e3o por Ar Dissolvido (DAF) | Fluence\",\"isPartOf\":{\"@id\":\"https:\\\/\\\/www.fluencecorp.com\\\/pt\\\/#website\"},\"primaryImageOfPage\":{\"@id\":\"https:\\\/\\\/www.fluencecorp.com\\\/pt\\\/flotacao-ar-dissolvido\\\/#primaryimage\"},\"image\":{\"@id\":\"https:\\\/\\\/www.fluencecorp.com\\\/pt\\\/flotacao-ar-dissolvido\\\/#primaryimage\"},\"thumbnailUrl\":\"https:\\\/\\\/www.fluencecorp.com\\\/wp-content\\\/uploads\\\/2017\\\/07\\\/daf-system.jpg\",\"datePublished\":\"2017-07-11T14:31:51+00:00\",\"dateModified\":\"2019-04-22T19:33:53+00:00\",\"breadcrumb\":{\"@id\":\"https:\\\/\\\/www.fluencecorp.com\\\/pt\\\/flotacao-ar-dissolvido\\\/#breadcrumb\"},\"inLanguage\":\"pt-BR\",\"potentialAction\":[{\"@type\":\"ReadAction\",\"target\":[\"https:\\\/\\\/www.fluencecorp.com\\\/pt\\\/flotacao-ar-dissolvido\\\/\"]}]},{\"@type\":\"ImageObject\",\"inLanguage\":\"pt-BR\",\"@id\":\"https:\\\/\\\/www.fluencecorp.com\\\/pt\\\/flotacao-ar-dissolvido\\\/#primaryimage\",\"url\":\"https:\\\/\\\/www.fluencecorp.com\\\/wp-content\\\/uploads\\\/2017\\\/07\\\/daf-system.jpg\",\"contentUrl\":\"https:\\\/\\\/www.fluencecorp.com\\\/wp-content\\\/uploads\\\/2017\\\/07\\\/daf-system.jpg\",\"width\":800,\"height\":401,\"caption\":\"Dissolved air flotation (DAF) uses microfine bubbles to float greases, oils and solids to the surface, from where they're removed.\"},{\"@type\":\"BreadcrumbList\",\"@id\":\"https:\\\/\\\/www.fluencecorp.com\\\/pt\\\/flotacao-ar-dissolvido\\\/#breadcrumb\",\"itemListElement\":[{\"@type\":\"ListItem\",\"position\":1,\"name\":\"Home\",\"item\":\"https:\\\/\\\/www.fluencecorp.com\\\/pt\\\/\"},{\"@type\":\"ListItem\",\"position\":2,\"name\":\"Flota\u00e7\u00e3o por Ar Dissolvido (DAF)\"}]},{\"@type\":\"WebSite\",\"@id\":\"https:\\\/\\\/www.fluencecorp.com\\\/pt\\\/#website\",\"url\":\"https:\\\/\\\/www.fluencecorp.com\\\/pt\\\/\",\"name\":\"Fluence Corporation\",\"description\":\"\",\"publisher\":{\"@id\":\"https:\\\/\\\/www.fluencecorp.com\\\/pt\\\/#organization\"},\"potentialAction\":[{\"@type\":\"SearchAction\",\"target\":{\"@type\":\"EntryPoint\",\"urlTemplate\":\"https:\\\/\\\/www.fluencecorp.com\\\/pt\\\/?s={search_term_string}\"},\"query-input\":{\"@type\":\"PropertyValueSpecification\",\"valueRequired\":true,\"valueName\":\"search_term_string\"}}],\"inLanguage\":\"pt-BR\"},{\"@type\":\"Organization\",\"@id\":\"https:\\\/\\\/www.fluencecorp.com\\\/pt\\\/#organization\",\"name\":\"Fluence\",\"url\":\"https:\\\/\\\/www.fluencecorp.com\\\/pt\\\/\",\"logo\":{\"@type\":\"ImageObject\",\"inLanguage\":\"pt-BR\",\"@id\":\"https:\\\/\\\/www.fluencecorp.com\\\/pt\\\/#\\\/schema\\\/logo\\\/image\\\/\",\"url\":\"https:\\\/\\\/www.fluencecorp.com\\\/wp-content\\\/uploads\\\/2018\\\/03\\\/fluence-seo-logo.png\",\"contentUrl\":\"https:\\\/\\\/www.fluencecorp.com\\\/wp-content\\\/uploads\\\/2018\\\/03\\\/fluence-seo-logo.png\",\"width\":523,\"height\":181,\"caption\":\"Fluence\"},\"image\":{\"@id\":\"https:\\\/\\\/www.fluencecorp.com\\\/pt\\\/#\\\/schema\\\/logo\\\/image\\\/\"},\"sameAs\":[\"https:\\\/\\\/www.facebook.com\\\/FluenceCorp\",\"https:\\\/\\\/x.com\\\/FluenceCorp\",\"https:\\\/\\\/www.linkedin.com\\\/company-beta\\\/18150486\\\/\"]}]}<\/script>\n<!-- \/ Yoast SEO plugin. -->","yoast_head_json":{"title":"Flota\u00e7\u00e3o por Ar Dissolvido (DAF) | Fluence","robots":{"index":"index","follow":"follow","max-snippet":"max-snippet:-1","max-image-preview":"max-image-preview:large","max-video-preview":"max-video-preview:-1"},"canonical":"https:\/\/www.fluencecorp.com\/pt\/flotacao-ar-dissolvido\/","og_locale":"pt_BR","og_type":"article","og_title":"Flota\u00e7\u00e3o por Ar Dissolvido (DAF) | Fluence","og_description":"Flota\u00e7\u00e3o por Ar Dissolvido (DAF) O sistema de flota\u00e7\u00e3o por ar dissolvido (DAF) da Fluence \u00e9 um processo de clarifica\u00e7\u00e3o de alta qualidade de efluentes, apresentando uma eficiente remo\u00e7\u00e3o de s\u00f3lidos suspensos A Fluence tem desenvolvido e aperfei\u00e7oado sistemas de flota\u00e7\u00e3o por ar dissolvido (DAF) por d\u00e9cadas, e implementou com sucesso plantas para diferentes aplica\u00e7\u00f5es. [&hellip;]","og_url":"https:\/\/www.fluencecorp.com\/pt\/flotacao-ar-dissolvido\/","article_publisher":"https:\/\/www.facebook.com\/FluenceCorp","article_modified_time":"2019-04-22T19:33:53+00:00","og_image":[{"width":800,"height":401,"url":"https:\/\/www.fluencecorp.com\/wp-content\/uploads\/2017\/07\/daf-system.jpg","type":"image\/jpeg"}],"twitter_card":"summary_large_image","twitter_site":"@FluenceCorp","twitter_misc":{"Est. tempo de leitura":"8 minutos","Written by":"David Reich"},"schema":{"@context":"https:\/\/schema.org","@graph":[{"@type":"WebPage","@id":"https:\/\/www.fluencecorp.com\/pt\/flotacao-ar-dissolvido\/","url":"https:\/\/www.fluencecorp.com\/pt\/flotacao-ar-dissolvido\/","name":"Flota\u00e7\u00e3o por Ar Dissolvido (DAF) | Fluence","isPartOf":{"@id":"https:\/\/www.fluencecorp.com\/pt\/#website"},"primaryImageOfPage":{"@id":"https:\/\/www.fluencecorp.com\/pt\/flotacao-ar-dissolvido\/#primaryimage"},"image":{"@id":"https:\/\/www.fluencecorp.com\/pt\/flotacao-ar-dissolvido\/#primaryimage"},"thumbnailUrl":"https:\/\/www.fluencecorp.com\/wp-content\/uploads\/2017\/07\/daf-system.jpg","datePublished":"2017-07-11T14:31:51+00:00","dateModified":"2019-04-22T19:33:53+00:00","breadcrumb":{"@id":"https:\/\/www.fluencecorp.com\/pt\/flotacao-ar-dissolvido\/#breadcrumb"},"inLanguage":"pt-BR","potentialAction":[{"@type":"ReadAction","target":["https:\/\/www.fluencecorp.com\/pt\/flotacao-ar-dissolvido\/"]}]},{"@type":"ImageObject","inLanguage":"pt-BR","@id":"https:\/\/www.fluencecorp.com\/pt\/flotacao-ar-dissolvido\/#primaryimage","url":"https:\/\/www.fluencecorp.com\/wp-content\/uploads\/2017\/07\/daf-system.jpg","contentUrl":"https:\/\/www.fluencecorp.com\/wp-content\/uploads\/2017\/07\/daf-system.jpg","width":800,"height":401,"caption":"Dissolved air flotation (DAF) uses microfine bubbles to float greases, oils and solids to the surface, from where they're removed."},{"@type":"BreadcrumbList","@id":"https:\/\/www.fluencecorp.com\/pt\/flotacao-ar-dissolvido\/#breadcrumb","itemListElement":[{"@type":"ListItem","position":1,"name":"Home","item":"https:\/\/www.fluencecorp.com\/pt\/"},{"@type":"ListItem","position":2,"name":"Flota\u00e7\u00e3o por Ar Dissolvido (DAF)"}]},{"@type":"WebSite","@id":"https:\/\/www.fluencecorp.com\/pt\/#website","url":"https:\/\/www.fluencecorp.com\/pt\/","name":"Fluence Corporation","description":"","publisher":{"@id":"https:\/\/www.fluencecorp.com\/pt\/#organization"},"potentialAction":[{"@type":"SearchAction","target":{"@type":"EntryPoint","urlTemplate":"https:\/\/www.fluencecorp.com\/pt\/?s={search_term_string}"},"query-input":{"@type":"PropertyValueSpecification","valueRequired":true,"valueName":"search_term_string"}}],"inLanguage":"pt-BR"},{"@type":"Organization","@id":"https:\/\/www.fluencecorp.com\/pt\/#organization","name":"Fluence","url":"https:\/\/www.fluencecorp.com\/pt\/","logo":{"@type":"ImageObject","inLanguage":"pt-BR","@id":"https:\/\/www.fluencecorp.com\/pt\/#\/schema\/logo\/image\/","url":"https:\/\/www.fluencecorp.com\/wp-content\/uploads\/2018\/03\/fluence-seo-logo.png","contentUrl":"https:\/\/www.fluencecorp.com\/wp-content\/uploads\/2018\/03\/fluence-seo-logo.png","width":523,"height":181,"caption":"Fluence"},"image":{"@id":"https:\/\/www.fluencecorp.com\/pt\/#\/schema\/logo\/image\/"},"sameAs":["https:\/\/www.facebook.com\/FluenceCorp","https:\/\/x.com\/FluenceCorp","https:\/\/www.linkedin.com\/company-beta\/18150486\/"]}]}},"_links":{"self":[{"href":"https:\/\/www.fluencecorp.com\/pt\/wp-json\/wp\/v2\/pages\/46068","targetHints":{"allow":["GET"]}}],"collection":[{"href":"https:\/\/www.fluencecorp.com\/pt\/wp-json\/wp\/v2\/pages"}],"about":[{"href":"https:\/\/www.fluencecorp.com\/pt\/wp-json\/wp\/v2\/types\/page"}],"author":[{"embeddable":true,"href":"https:\/\/www.fluencecorp.com\/pt\/wp-json\/wp\/v2\/users\/2"}],"replies":[{"embeddable":true,"href":"https:\/\/www.fluencecorp.com\/pt\/wp-json\/wp\/v2\/comments?post=46068"}],"version-history":[{"count":0,"href":"https:\/\/www.fluencecorp.com\/pt\/wp-json\/wp\/v2\/pages\/46068\/revisions"}],"wp:featuredmedia":[{"embeddable":true,"href":"https:\/\/www.fluencecorp.com\/pt\/wp-json\/wp\/v2\/media\/46069"}],"wp:attachment":[{"href":"https:\/\/www.fluencecorp.com\/pt\/wp-json\/wp\/v2\/media?parent=46068"}],"wp:term":[{"taxonomy":"author","embeddable":true,"href":"https:\/\/www.fluencecorp.com\/pt\/wp-json\/wp\/v2\/coauthors?post=46068"}],"curies":[{"name":"wp","href":"https:\/\/api.w.org\/{rel}","templated":true}]}}