{"id":46039,"date":"2017-07-11T23:33:22","date_gmt":"2017-07-11T13:33:22","guid":{"rendered":"https:\/\/www.fluencecorp.com\/smart-operations\/"},"modified":"2019-11-23T07:10:06","modified_gmt":"2019-11-22T20:10:06","slug":"smart-operations","status":"publish","type":"page","link":"https:\/\/www.fluencecorp.com\/pt\/smart-operations\/","title":{"rendered":"Smart Operations"},"content":{"rendered":"<p>[et_pb_section fb_built=&#8221;1&#8243; _builder_version=&#8221;3.22&#8243; background_color=&#8221;#f4f4f4&#8243; background_blend=&#8221;multiply&#8221; custom_padding=&#8221;0px||0px|&#8221;][et_pb_row _builder_version=&#8221;3.25&#8243; background_size=&#8221;initial&#8221; background_position=&#8221;top_left&#8221; background_repeat=&#8221;repeat&#8221; custom_margin=&#8221;0px||0px|&#8221; custom_padding=&#8221;0px||0px|&#8221;][et_pb_column type=&#8221;4_4&#8243; _builder_version=&#8221;3.25&#8243; background_position=&#8221;top_left&#8221; custom_padding=&#8221;|||&#8221; custom_padding__hover=&#8221;|||&#8221;][et_pb_text admin_label=&#8221;Header with Grey Background&#8221; _builder_version=&#8221;3.27.4&#8243; text_text_color=&#8221;#778591&#8243; text_font_size=&#8221;24&#8243; header_font=&#8221;|on|||&#8221; header_text_color=&#8221;#0b3a5d&#8221; header_font_size=&#8221;52px&#8221; custom_margin=&#8221;10px||10px|&#8221; custom_padding=&#8221;44px||44px|&#8221; text_font_size_tablet=&#8221;16&#8243; text_font_size_phone=&#8221;&#8221; text_font_size_last_edited=&#8221;on|phone&#8221; header_font_size_tablet=&#8221;35px&#8221; header_font_size_phone=&#8221;28px&#8221; header_font_size_last_edited=&#8221;on|phone&#8221;]<\/p>\n<h1>Smart Operations<\/h1>\n<p>Nosso software de an\u00e1lise de dados de opera\u00e7\u00e3o chamado \u201cSmart Operations\u201d, ajuda a controlar os processos de uma planta de tratamento, gerando economia.<br \/>\n[\/et_pb_text][\/et_pb_column][\/et_pb_row][\/et_pb_section][et_pb_section fb_built=&#8221;1&#8243; _builder_version=&#8221;3.22&#8243; custom_padding=&#8221;0px||0px|&#8221;][et_pb_row _builder_version=&#8221;3.25&#8243; background_size=&#8221;initial&#8221; background_position=&#8221;top_left&#8221; background_repeat=&#8221;repeat&#8221; column_structure=&#8221;2_3,1_3&#8243;][et_pb_column type=&#8221;2_3&#8243; _builder_version=&#8221;3.25&#8243; custom_padding=&#8221;|||&#8221; custom_padding__hover=&#8221;|||&#8221;][et_pb_text admin_label=&#8221;Main Body Text&#8221; _builder_version=&#8221;3.27.4&#8243; z_index_tablet=&#8221;500&#8243;]A Fluence est\u00e1 focada em manter a satisfa\u00e7\u00e3o do cliente ap\u00f3s a venda, e em garantir que o sistema continue a operar dentro dos par\u00e2metros iniciais de projeto dia ap\u00f3s dia. Com este prop\u00f3sito, nosso software Smart Operations coleta dados, monitora e otimiza o desempenho da planta.<\/p>\n<p>Este software ajuda a gerentes, engenheiros e operadores de plantas de tratamento a analisar e solucionar rapidamente problemas de opera\u00e7\u00e3o e desempenho. O Smart Operations reduz os custos de opera\u00e7\u00e3o e melhora a qualidade do servi\u00e7o.<\/p>\n<p>O software usa algoritmos pr\u00f3prios para gerar relat\u00f3rios e an\u00e1lises detalhadas do desempenho de sistemas de tratamento em tempo real. Ele identifica problemas de desempenho latentes, diminui\u00e7\u00e3o de desempenho, e transforma a planta em uma instala\u00e7\u00e3o mais inteligente por, em \u00faltima an\u00e1lise, recomendar medidas corretivas e ajustes para aumentar o desempenho.<\/p>\n<p>O software otimiza continuamente as condi\u00e7\u00f5es de opera\u00e7\u00e3o da planta para atingir consistentemente o menor custo de produ\u00e7\u00e3o, o que resulta em significativa economia de opera\u00e7\u00e3o e manuten\u00e7\u00e3o atrav\u00e9s de:<\/p>\n<ul>\n<li>Aloca\u00e7\u00e3o de m\u00e3o de obra mais eficiente<\/li>\n<li>Maior disponibilidade e confiabilidade da planta<\/li>\n<li>Consumo de qu\u00edmicos reduzido<\/li>\n<li>Menor consumo de energia atrav\u00e9s da otimiza\u00e7\u00e3o do processo<\/li>\n<li>Manuten\u00e7\u00e3o aprimorada dos equipamentos para aumentar a sua vida \u00fatil<\/li>\n<\/ul>\n<p>O Smart Operations \u00e9 ideal para <a href=\"https:\/\/www.fluencecorp.com\/pt\/descentralizado-tratamento\/\" target=\"_blank\" rel=\"noopener noreferrer\">plantas de tratamento descentralizado<\/a> em que n\u00e3o \u00e9 poss\u00edvel empregar grandes equipes de manuten\u00e7\u00e3o, e onde v\u00e1rios m\u00f3dulos integrados est\u00e3o operando como um \u00fanico sistema.<\/p>\n<h3>Benef\u00edcios do Smart Operations<\/h3>\n<ul>\n<li>Impede poss\u00edveis paradas por avarias e aumenta a confiabilidade do servi\u00e7o<\/li>\n<li>Permite o monitoramento e an\u00e1lise de eventos em tempo real<\/li>\n<li>Fornece automaticamente diagn\u00f3sticos e relat\u00f3rios de desempenho em tempo real, que permitem ajustar o sistema para maximizar a efici\u00eancia operacional<\/li>\n<li>Amplia a vida \u00fatil da planta<\/li>\n<li>Reduz custos operacionais e de m\u00e3o de obra<\/li>\n<li>Melhora a experi\u00eancia do cliente<\/li>\n<\/ul>\n<h3>Otimizando Suas Plantas com o Smart Operations<\/h3>\n<p>Voc\u00ea est\u00e1 procurando uma maneira de otimizar o desempenho da sua planta de tratamento de \u00e1gua? <a href=\"https:\/\/www.fluencecorp.com\/pt\/contato\/\">Contate nossos especialistas<\/a> para obter mais informa\u00e7\u00f5es sobre como nosso software de an\u00e1lise de dados Smart Operations pode ajud\u00e1-lo a melhorar seu desempenho e poupar dinheiro.<br \/>\n[\/et_pb_text][\/et_pb_column][et_pb_column type=&#8221;1_3&#8243; _builder_version=&#8221;3.25&#8243; custom_padding=&#8221;|||&#8221; custom_padding__hover=&#8221;|||&#8221;][et_pb_blurb title=&#8221;OTIMIZANDO O DESEMPENHO&#8221; url=&#8221;#&#8221; image=&#8221;https:\/\/www.fluencecorp.com\/wp-content\/uploads\/2017\/07\/smart_02.svg&#8221; image_max_width=&#8221;80px&#8221; admin_label=&#8221;FINANCING CHALLENGES?&#8221; module_class=&#8221;fluenceblurb&#8221; _builder_version=&#8221;3.20.2&#8243; text_orientation=&#8221;center&#8221; max_width_tablet=&#8221;50px&#8221; custom_padding=&#8221;30px|20px|30px|20px&#8221; animation=&#8221;off&#8221; border_width_all=&#8221;1px&#8221; border_color_all=&#8221;#7fc8bd&#8221; use_border_color=&#8221;on&#8221;]Contate-nos para saber mais sobre o software de an\u00e1lise de dados Smart Operations ou para discutir seu pr\u00f3ximo projeto com nossos especialistas.<\/p>\n<p><a class=\"et_pb_promo_button et_pb_button\" href=\"\/contact\/\">ENTRE EM CONTATO<\/a><br \/>\n[\/et_pb_blurb][et_pb_text disabled_on=&#8221;on|on|on&#8221; admin_label=&#8221;QUICK LINKS&#8221; _builder_version=&#8221;3.27.4&#8243; header_text_color=&#8221;#0b3a5d&#8221; header_font_size=&#8221;20px&#8221; background_color=&#8221;#f4f4f4&#8243; background_size=&#8221;initial&#8221; background_position=&#8221;center_right&#8221; background_blend=&#8221;overlay&#8221; custom_padding=&#8221;30px|30px|30px|30px&#8221; z_index_tablet=&#8221;500&#8243; disabled=&#8221;on&#8221;]<\/p>\n<h1>LINKS R\u00c1PIDOS<\/h1>\n<ul>\n<li><a href=\"#\" target=\"_blank\" rel=\"noopener noreferrer\">Financiamento de Projetos<\/a><\/li>\n<li><a href=\"#\" target=\"_blank\" rel=\"noopener noreferrer\">Suporte de P\u00f3s-Venda<\/a><\/li>\n<\/ul>\n<p>[\/et_pb_text][et_pb_image src=&#8221;https:\/\/www.fluencecorp.com\/wp-content\/uploads\/2019\/11\/Design-Now-Widget-Blue-Portuguese-@2x.png?_t=1574452907&#8243; url=&#8221;\/design\/&#8221; admin_label=&#8221;designFluence PT Image&#8221; _builder_version=&#8221;4.0.6&#8243; locked=&#8221;off&#8221;][\/et_pb_image][\/et_pb_column][\/et_pb_row][\/et_pb_section]<\/p>\n","protected":false},"excerpt":{"rendered":"<p>Smart Operations Nosso software de an\u00e1lise de dados de opera\u00e7\u00e3o chamado \u201cSmart Operations\u201d, ajuda a controlar os processos de uma planta de tratamento, gerando economia. A Fluence est\u00e1 focada em manter a satisfa\u00e7\u00e3o do cliente ap\u00f3s a venda, e em garantir que o sistema continue a operar dentro dos par\u00e2metros iniciais de projeto dia ap\u00f3s [&hellip;]<\/p>\n","protected":false},"author":2,"featured_media":45773,"parent":0,"menu_order":0,"comment_status":"closed","ping_status":"closed","template":"","meta":{"_et_pb_use_builder":"on","_et_pb_old_content":"","_et_gb_content_width":"","_relevanssi_hide_post":"","_relevanssi_hide_content":"","_relevanssi_pin_for_all":"","_relevanssi_pin_keywords":"","_relevanssi_unpin_keywords":"","_relevanssi_related_keywords":"","_relevanssi_related_include_ids":"","_relevanssi_related_exclude_ids":"","_relevanssi_related_no_append":"","_relevanssi_related_not_related":"","_relevanssi_related_posts":"","_relevanssi_noindex_reason":"","inline_featured_image":false,"footnotes":"","_links_to":"","_links_to_target":""},"coauthors":[],"class_list":["post-46039","page","type-page","status-publish","has-post-thumbnail","hentry"],"yoast_head":"<!-- This site is optimized with the Yoast SEO plugin v27.4 - https:\/\/yoast.com\/product\/yoast-seo-wordpress\/ -->\n<title>Smart Operations | Fluence<\/title>\n<meta name=\"robots\" content=\"index, follow, max-snippet:-1, max-image-preview:large, max-video-preview:-1\" \/>\n<link rel=\"canonical\" href=\"https:\/\/www.fluencecorp.com\/pt\/smart-operations\/\" \/>\n<meta property=\"og:locale\" content=\"pt_BR\" \/>\n<meta property=\"og:type\" content=\"article\" \/>\n<meta property=\"og:title\" content=\"Smart Operations | Fluence\" \/>\n<meta property=\"og:description\" content=\"Smart Operations Nosso software de an\u00e1lise de dados de opera\u00e7\u00e3o chamado \u201cSmart Operations\u201d, ajuda a controlar os processos de uma planta de tratamento, gerando economia. A Fluence est\u00e1 focada em manter a satisfa\u00e7\u00e3o do cliente ap\u00f3s a venda, e em garantir que o sistema continue a operar dentro dos par\u00e2metros iniciais de projeto dia ap\u00f3s [&hellip;]\" \/>\n<meta property=\"og:url\" content=\"https:\/\/www.fluencecorp.com\/pt\/smart-operations\/\" \/>\n<meta property=\"article:publisher\" content=\"https:\/\/www.facebook.com\/FluenceCorp\" \/>\n<meta property=\"article:modified_time\" content=\"2019-11-22T20:10:06+00:00\" \/>\n<meta property=\"og:image\" content=\"https:\/\/www.fluencecorp.com\/wp-content\/uploads\/2017\/07\/droplet-pattern.png\" \/>\n\t<meta property=\"og:image:width\" content=\"347\" \/>\n\t<meta property=\"og:image:height\" content=\"231\" \/>\n\t<meta property=\"og:image:type\" content=\"image\/png\" \/>\n<meta name=\"twitter:card\" content=\"summary_large_image\" \/>\n<meta name=\"twitter:site\" content=\"@FluenceCorp\" \/>\n<meta name=\"twitter:label1\" content=\"Est. tempo de leitura\" \/>\n\t<meta name=\"twitter:data1\" content=\"4 minutos\" \/>\n\t<meta name=\"twitter:label2\" content=\"Written by\" \/>\n\t<meta name=\"twitter:data2\" content=\"David Reich\" \/>\n<script type=\"application\/ld+json\" class=\"yoast-schema-graph\">{\"@context\":\"https:\\\/\\\/schema.org\",\"@graph\":[{\"@type\":\"WebPage\",\"@id\":\"https:\\\/\\\/www.fluencecorp.com\\\/pt\\\/smart-operations\\\/\",\"url\":\"https:\\\/\\\/www.fluencecorp.com\\\/pt\\\/smart-operations\\\/\",\"name\":\"Smart Operations | Fluence\",\"isPartOf\":{\"@id\":\"https:\\\/\\\/www.fluencecorp.com\\\/pt\\\/#website\"},\"primaryImageOfPage\":{\"@id\":\"https:\\\/\\\/www.fluencecorp.com\\\/pt\\\/smart-operations\\\/#primaryimage\"},\"image\":{\"@id\":\"https:\\\/\\\/www.fluencecorp.com\\\/pt\\\/smart-operations\\\/#primaryimage\"},\"thumbnailUrl\":\"https:\\\/\\\/www.fluencecorp.com\\\/wp-content\\\/uploads\\\/2017\\\/07\\\/droplet-pattern.png\",\"datePublished\":\"2017-07-11T13:33:22+00:00\",\"dateModified\":\"2019-11-22T20:10:06+00:00\",\"breadcrumb\":{\"@id\":\"https:\\\/\\\/www.fluencecorp.com\\\/pt\\\/smart-operations\\\/#breadcrumb\"},\"inLanguage\":\"pt-BR\",\"potentialAction\":[{\"@type\":\"ReadAction\",\"target\":[\"https:\\\/\\\/www.fluencecorp.com\\\/pt\\\/smart-operations\\\/\"]}]},{\"@type\":\"ImageObject\",\"inLanguage\":\"pt-BR\",\"@id\":\"https:\\\/\\\/www.fluencecorp.com\\\/pt\\\/smart-operations\\\/#primaryimage\",\"url\":\"https:\\\/\\\/www.fluencecorp.com\\\/wp-content\\\/uploads\\\/2017\\\/07\\\/droplet-pattern.png\",\"contentUrl\":\"https:\\\/\\\/www.fluencecorp.com\\\/wp-content\\\/uploads\\\/2017\\\/07\\\/droplet-pattern.png\",\"width\":347,\"height\":231},{\"@type\":\"BreadcrumbList\",\"@id\":\"https:\\\/\\\/www.fluencecorp.com\\\/pt\\\/smart-operations\\\/#breadcrumb\",\"itemListElement\":[{\"@type\":\"ListItem\",\"position\":1,\"name\":\"Home\",\"item\":\"https:\\\/\\\/www.fluencecorp.com\\\/pt\\\/\"},{\"@type\":\"ListItem\",\"position\":2,\"name\":\"Smart Operations\"}]},{\"@type\":\"WebSite\",\"@id\":\"https:\\\/\\\/www.fluencecorp.com\\\/pt\\\/#website\",\"url\":\"https:\\\/\\\/www.fluencecorp.com\\\/pt\\\/\",\"name\":\"Fluence Corporation\",\"description\":\"\",\"publisher\":{\"@id\":\"https:\\\/\\\/www.fluencecorp.com\\\/pt\\\/#organization\"},\"potentialAction\":[{\"@type\":\"SearchAction\",\"target\":{\"@type\":\"EntryPoint\",\"urlTemplate\":\"https:\\\/\\\/www.fluencecorp.com\\\/pt\\\/?s={search_term_string}\"},\"query-input\":{\"@type\":\"PropertyValueSpecification\",\"valueRequired\":true,\"valueName\":\"search_term_string\"}}],\"inLanguage\":\"pt-BR\"},{\"@type\":\"Organization\",\"@id\":\"https:\\\/\\\/www.fluencecorp.com\\\/pt\\\/#organization\",\"name\":\"Fluence\",\"url\":\"https:\\\/\\\/www.fluencecorp.com\\\/pt\\\/\",\"logo\":{\"@type\":\"ImageObject\",\"inLanguage\":\"pt-BR\",\"@id\":\"https:\\\/\\\/www.fluencecorp.com\\\/pt\\\/#\\\/schema\\\/logo\\\/image\\\/\",\"url\":\"https:\\\/\\\/www.fluencecorp.com\\\/wp-content\\\/uploads\\\/2018\\\/03\\\/fluence-seo-logo.png\",\"contentUrl\":\"https:\\\/\\\/www.fluencecorp.com\\\/wp-content\\\/uploads\\\/2018\\\/03\\\/fluence-seo-logo.png\",\"width\":523,\"height\":181,\"caption\":\"Fluence\"},\"image\":{\"@id\":\"https:\\\/\\\/www.fluencecorp.com\\\/pt\\\/#\\\/schema\\\/logo\\\/image\\\/\"},\"sameAs\":[\"https:\\\/\\\/www.facebook.com\\\/FluenceCorp\",\"https:\\\/\\\/x.com\\\/FluenceCorp\",\"https:\\\/\\\/www.linkedin.com\\\/company-beta\\\/18150486\\\/\"]}]}<\/script>\n<!-- \/ Yoast SEO plugin. -->","yoast_head_json":{"title":"Smart Operations | Fluence","robots":{"index":"index","follow":"follow","max-snippet":"max-snippet:-1","max-image-preview":"max-image-preview:large","max-video-preview":"max-video-preview:-1"},"canonical":"https:\/\/www.fluencecorp.com\/pt\/smart-operations\/","og_locale":"pt_BR","og_type":"article","og_title":"Smart Operations | Fluence","og_description":"Smart Operations Nosso software de an\u00e1lise de dados de opera\u00e7\u00e3o chamado \u201cSmart Operations\u201d, ajuda a controlar os processos de uma planta de tratamento, gerando economia. A Fluence est\u00e1 focada em manter a satisfa\u00e7\u00e3o do cliente ap\u00f3s a venda, e em garantir que o sistema continue a operar dentro dos par\u00e2metros iniciais de projeto dia ap\u00f3s [&hellip;]","og_url":"https:\/\/www.fluencecorp.com\/pt\/smart-operations\/","article_publisher":"https:\/\/www.facebook.com\/FluenceCorp","article_modified_time":"2019-11-22T20:10:06+00:00","og_image":[{"width":347,"height":231,"url":"https:\/\/www.fluencecorp.com\/wp-content\/uploads\/2017\/07\/droplet-pattern.png","type":"image\/png"}],"twitter_card":"summary_large_image","twitter_site":"@FluenceCorp","twitter_misc":{"Est. tempo de leitura":"4 minutos","Written by":"David Reich"},"schema":{"@context":"https:\/\/schema.org","@graph":[{"@type":"WebPage","@id":"https:\/\/www.fluencecorp.com\/pt\/smart-operations\/","url":"https:\/\/www.fluencecorp.com\/pt\/smart-operations\/","name":"Smart Operations | Fluence","isPartOf":{"@id":"https:\/\/www.fluencecorp.com\/pt\/#website"},"primaryImageOfPage":{"@id":"https:\/\/www.fluencecorp.com\/pt\/smart-operations\/#primaryimage"},"image":{"@id":"https:\/\/www.fluencecorp.com\/pt\/smart-operations\/#primaryimage"},"thumbnailUrl":"https:\/\/www.fluencecorp.com\/wp-content\/uploads\/2017\/07\/droplet-pattern.png","datePublished":"2017-07-11T13:33:22+00:00","dateModified":"2019-11-22T20:10:06+00:00","breadcrumb":{"@id":"https:\/\/www.fluencecorp.com\/pt\/smart-operations\/#breadcrumb"},"inLanguage":"pt-BR","potentialAction":[{"@type":"ReadAction","target":["https:\/\/www.fluencecorp.com\/pt\/smart-operations\/"]}]},{"@type":"ImageObject","inLanguage":"pt-BR","@id":"https:\/\/www.fluencecorp.com\/pt\/smart-operations\/#primaryimage","url":"https:\/\/www.fluencecorp.com\/wp-content\/uploads\/2017\/07\/droplet-pattern.png","contentUrl":"https:\/\/www.fluencecorp.com\/wp-content\/uploads\/2017\/07\/droplet-pattern.png","width":347,"height":231},{"@type":"BreadcrumbList","@id":"https:\/\/www.fluencecorp.com\/pt\/smart-operations\/#breadcrumb","itemListElement":[{"@type":"ListItem","position":1,"name":"Home","item":"https:\/\/www.fluencecorp.com\/pt\/"},{"@type":"ListItem","position":2,"name":"Smart Operations"}]},{"@type":"WebSite","@id":"https:\/\/www.fluencecorp.com\/pt\/#website","url":"https:\/\/www.fluencecorp.com\/pt\/","name":"Fluence Corporation","description":"","publisher":{"@id":"https:\/\/www.fluencecorp.com\/pt\/#organization"},"potentialAction":[{"@type":"SearchAction","target":{"@type":"EntryPoint","urlTemplate":"https:\/\/www.fluencecorp.com\/pt\/?s={search_term_string}"},"query-input":{"@type":"PropertyValueSpecification","valueRequired":true,"valueName":"search_term_string"}}],"inLanguage":"pt-BR"},{"@type":"Organization","@id":"https:\/\/www.fluencecorp.com\/pt\/#organization","name":"Fluence","url":"https:\/\/www.fluencecorp.com\/pt\/","logo":{"@type":"ImageObject","inLanguage":"pt-BR","@id":"https:\/\/www.fluencecorp.com\/pt\/#\/schema\/logo\/image\/","url":"https:\/\/www.fluencecorp.com\/wp-content\/uploads\/2018\/03\/fluence-seo-logo.png","contentUrl":"https:\/\/www.fluencecorp.com\/wp-content\/uploads\/2018\/03\/fluence-seo-logo.png","width":523,"height":181,"caption":"Fluence"},"image":{"@id":"https:\/\/www.fluencecorp.com\/pt\/#\/schema\/logo\/image\/"},"sameAs":["https:\/\/www.facebook.com\/FluenceCorp","https:\/\/x.com\/FluenceCorp","https:\/\/www.linkedin.com\/company-beta\/18150486\/"]}]}},"_links":{"self":[{"href":"https:\/\/www.fluencecorp.com\/pt\/wp-json\/wp\/v2\/pages\/46039","targetHints":{"allow":["GET"]}}],"collection":[{"href":"https:\/\/www.fluencecorp.com\/pt\/wp-json\/wp\/v2\/pages"}],"about":[{"href":"https:\/\/www.fluencecorp.com\/pt\/wp-json\/wp\/v2\/types\/page"}],"author":[{"embeddable":true,"href":"https:\/\/www.fluencecorp.com\/pt\/wp-json\/wp\/v2\/users\/2"}],"replies":[{"embeddable":true,"href":"https:\/\/www.fluencecorp.com\/pt\/wp-json\/wp\/v2\/comments?post=46039"}],"version-history":[{"count":0,"href":"https:\/\/www.fluencecorp.com\/pt\/wp-json\/wp\/v2\/pages\/46039\/revisions"}],"wp:featuredmedia":[{"embeddable":true,"href":"https:\/\/www.fluencecorp.com\/pt\/wp-json\/wp\/v2\/media\/45773"}],"wp:attachment":[{"href":"https:\/\/www.fluencecorp.com\/pt\/wp-json\/wp\/v2\/media?parent=46039"}],"wp:term":[{"taxonomy":"author","embeddable":true,"href":"https:\/\/www.fluencecorp.com\/pt\/wp-json\/wp\/v2\/coauthors?post=46039"}],"curies":[{"name":"wp","href":"https:\/\/api.w.org\/{rel}","templated":true}]}}