{"id":45792,"date":"2021-06-01T23:00:04","date_gmt":"2021-06-01T13:00:04","guid":{"rendered":"https:\/\/www.fluencecorp.com\/board-of-directors\/"},"modified":"2025-02-14T03:36:19","modified_gmt":"2025-02-13T16:36:19","slug":"conselho-administracao","status":"publish","type":"page","link":"https:\/\/www.fluencecorp.com\/pt\/conselho-administracao\/","title":{"rendered":"Conselho de Administra\u00e7\u00e3o"},"content":{"rendered":"<p>[et_pb_section fb_built=&#8221;1&#8243; _builder_version=&#8221;4.16&#8243; background_color=&#8221;#f4f4f4&#8243; custom_padding=&#8221;20px||60px|&#8221; da_disable_devices=&#8221;off|off|off&#8221; global_colors_info=&#8221;{}&#8221; da_is_popup=&#8221;off&#8221; da_exit_intent=&#8221;off&#8221; da_has_close=&#8221;on&#8221; da_alt_close=&#8221;off&#8221; da_dark_close=&#8221;off&#8221; da_not_modal=&#8221;on&#8221; da_is_singular=&#8221;off&#8221; da_with_loader=&#8221;off&#8221; da_has_shadow=&#8221;on&#8221;][et_pb_row _builder_version=&#8221;4.16&#8243; background_size=&#8221;initial&#8221; background_position=&#8221;top_left&#8221; background_repeat=&#8221;repeat&#8221; custom_padding=&#8221;30px||10px|&#8221; global_colors_info=&#8221;{}&#8221;][et_pb_column type=&#8221;4_4&#8243; _builder_version=&#8221;4.16&#8243; custom_padding=&#8221;|||&#8221; global_colors_info=&#8221;{}&#8221; custom_padding__hover=&#8221;|||&#8221;][et_pb_text _builder_version=&#8221;4.16&#8243; header_font=&#8221;|on|||&#8221; header_text_color=&#8221;#0b3a5d&#8221; header_font_size=&#8221;52px&#8221; text_orientation=&#8221;center&#8221; module_alignment=&#8221;center&#8221; custom_margin=&#8221;0px||0px|&#8221; custom_padding=&#8221;0px||0px|&#8221; header_font_size_tablet=&#8221;35px&#8221; header_font_size_phone=&#8221;28px&#8221; header_font_size_last_edited=&#8221;on|phone&#8221; global_colors_info=&#8221;{}&#8221;]<\/p>\n<h1>Conselho de Administra\u00e7\u00e3o<\/h1>\n<p>[\/et_pb_text][\/et_pb_column][\/et_pb_row][et_pb_row column_structure=&#8221;1_2,1_2&#8243; use_custom_gutter=&#8221;on&#8221; gutter_width=&#8221;2&#8243; _builder_version=&#8221;4.16&#8243; global_colors_info=&#8221;{}&#8221;][et_pb_column type=&#8221;1_2&#8243; _builder_version=&#8221;4.16&#8243; background_position=&#8221;top_left&#8221; custom_padding=&#8221;|||&#8221; global_colors_info=&#8221;{}&#8221; custom_padding__hover=&#8221;|||&#8221;][et_pb_team_member name=&#8221;Mel Ashton&#8221; position=&#8221;DIRETOR N\u00c3O EXECUTIVO&#8221; image_url=&#8221;https:\/\/www.fluencecorp.com\/wp-content\/uploads\/2023\/08\/Mel-Ashton-03.png&#8221; admin_label=&#8221;Paul Donnelly&#8221; _builder_version=&#8221;4.22.1&#8243; background_color=&#8221;#ffffff&#8221; custom_padding=&#8221;30px|30px|30px|30px&#8221; global_colors_info=&#8221;{}&#8221;][\/et_pb_team_member][et_pb_team_member name=&#8221;Melanie Leydin&#8221; position=&#8221;Secret\u00e1ria da Empresa&#8221; image_url=&#8221;https:\/\/www.fluencecorp.com\/wp-content\/uploads\/2021\/01\/Melanie-Leydin.png?_t=1609620156&#8243; disabled_on=&#8221;off|off|off&#8221; admin_label=&#8221;Melanie Leydin&#8221; _builder_version=&#8221;4.16&#8243; position_font=&#8221;|||on|||||&#8221; background_color=&#8221;#ffffff&#8221; custom_padding=&#8221;30px|30px|30px|30px&#8221; border_style=&#8221;solid&#8221; locked=&#8221;off&#8221; global_colors_info=&#8221;{}&#8221;]Melanie Leydin atua como secret\u00e1ria na Fluence Corporation. Revisora \u200b\u200boficial de contas e auditora registrada, a Sra. Leydin tem 25 anos de experi\u00eancia na profiss\u00e3o cont\u00e1bil e 20 anos de experi\u00eancia em servi\u00e7os de secretariado de empresas. A Sra. Leydin \u00e9 cofundadora da Leydin Freyer, uma empresa l\u00edder de servi\u00e7os terceirizados de contabilidade e secretariado de empresas com sede em Melbourne, Austr\u00e1lia.<\/p>\n<p>A Sra. Leydin \u00e9 Bacharel em Neg\u00f3cios em Contabilidade e Direito Corporativo pela Swinburne University. Ela tamb\u00e9m \u00e9 membro do Governance Institute of Australia, uma associa\u00e7\u00e3o profissional independente para secret\u00e1rios de empresas, consultores de governan\u00e7a e gerentes de risco na Austr\u00e1lia, comprometida em promover pr\u00e1ticas s\u00f3lidas em governan\u00e7a e gest\u00e3o de risco.[\/et_pb_team_member][\/et_pb_column][et_pb_column type=&#8221;1_2&#8243; _builder_version=&#8221;4.16&#8243; background_position=&#8221;top_left&#8221; custom_padding=&#8221;|||&#8221; global_colors_info=&#8221;{}&#8221; custom_padding__hover=&#8221;|||&#8221;][et_pb_team_member name=&#8221;Paul Donnelly&#8221; position=&#8221;DIRETOR N\u00c3O EXECUTIVO&#8221; image_url=&#8221;https:\/\/www.fluencecorp.com\/wp-content\/uploads\/2018\/08\/paul-donnelly.png&#8221; admin_label=&#8221;Paul Donnelly&#8221; _builder_version=&#8221;4.16&#8243; background_color=&#8221;#ffffff&#8221; custom_padding=&#8221;30px|30px|30px|30px&#8221; global_colors_info=&#8221;{}&#8221;]Paul Donnelly atua como Diretor N\u00e3o Executivo da Fluence Corporation. O Sr. Donnelly \u00e9 um executivo de servi\u00e7os financeiros, com experi\u00eancia internacional em todos os aspectos dos mercados de capital.<\/p>\n<p>O Sr. Donnelly \u00e9 Diretor Executivo da Flagstaff Partners, uma empresa de consultoria corporativa independente.<\/p>\n<p>Anteriormente, Donnelly foi Diretor Executivo da Macquarie Capital, onde trabalhou por 25 anos em v\u00e1rios cargos, incluindo Presidente e CEO das opera\u00e7\u00f5es canadenses da Macquarie, e Diretor Global da Carteira de A\u00e7\u00f5es e Mercado de Capitais de D\u00edvida.<\/p>\n<p>O Sr. Donnelly possui uma vasta experi\u00eancia em bancos de investimento na Austr\u00e1lia e internacionalmente, com habilidades espec\u00edficas no mercado de capital. Ao longo de sua carreira de trinta anos, ele acumulou profunda experi\u00eancia operacional prestando consultoria em transa\u00e7\u00f5es significativas e complexas para as principais empresas australianas e internacionais.[\/et_pb_team_member][\/et_pb_column][\/et_pb_row][\/et_pb_section]<\/p>\n","protected":false},"excerpt":{"rendered":"<p>Conselho de Administra\u00e7\u00e3o Melanie Leydin atua como secret\u00e1ria na Fluence Corporation. Revisora \u200b\u200boficial de contas e auditora registrada, a Sra. Leydin tem 25 anos de experi\u00eancia na profiss\u00e3o cont\u00e1bil e 20 anos de experi\u00eancia em servi\u00e7os de secretariado de empresas. A Sra. Leydin \u00e9 cofundadora da Leydin Freyer, uma empresa l\u00edder de servi\u00e7os terceirizados de [&hellip;]<\/p>\n","protected":false},"author":1,"featured_media":61461,"parent":0,"menu_order":0,"comment_status":"closed","ping_status":"closed","template":"","meta":{"_et_pb_use_builder":"on","_et_pb_old_content":"","_et_gb_content_width":"","_relevanssi_hide_post":"","_relevanssi_hide_content":"","_relevanssi_pin_for_all":"","_relevanssi_pin_keywords":"","_relevanssi_unpin_keywords":"","_relevanssi_related_keywords":"","_relevanssi_related_include_ids":"","_relevanssi_related_exclude_ids":"","_relevanssi_related_no_append":"","_relevanssi_related_not_related":"","_relevanssi_related_posts":"","_relevanssi_noindex_reason":"","inline_featured_image":false,"footnotes":"","_links_to":"","_links_to_target":""},"coauthors":[],"class_list":["post-45792","page","type-page","status-publish","has-post-thumbnail","hentry"],"yoast_head":"<!-- This site is optimized with the Yoast SEO plugin v27.4 - https:\/\/yoast.com\/product\/yoast-seo-wordpress\/ -->\n<title>Conselho de Administra\u00e7\u00e3o | Fluence<\/title>\n<meta name=\"robots\" content=\"index, follow, max-snippet:-1, max-image-preview:large, max-video-preview:-1\" \/>\n<link rel=\"canonical\" href=\"https:\/\/www.fluencecorp.com\/pt\/conselho-administracao\/\" \/>\n<meta property=\"og:locale\" content=\"pt_BR\" \/>\n<meta property=\"og:type\" content=\"article\" \/>\n<meta property=\"og:title\" content=\"Conselho de Administra\u00e7\u00e3o | Fluence\" \/>\n<meta property=\"og:description\" content=\"Conselho de Administra\u00e7\u00e3o Melanie Leydin atua como secret\u00e1ria na Fluence Corporation. Revisora \u200b\u200boficial de contas e auditora registrada, a Sra. Leydin tem 25 anos de experi\u00eancia na profiss\u00e3o cont\u00e1bil e 20 anos de experi\u00eancia em servi\u00e7os de secretariado de empresas. A Sra. Leydin \u00e9 cofundadora da Leydin Freyer, uma empresa l\u00edder de servi\u00e7os terceirizados de [&hellip;]\" \/>\n<meta property=\"og:url\" content=\"https:\/\/www.fluencecorp.com\/pt\/conselho-administracao\/\" \/>\n<meta property=\"article:publisher\" content=\"https:\/\/www.facebook.com\/FluenceCorp\" \/>\n<meta property=\"article:modified_time\" content=\"2025-02-13T16:36:19+00:00\" \/>\n<meta name=\"twitter:card\" content=\"summary_large_image\" \/>\n<meta name=\"twitter:site\" content=\"@FluenceCorp\" \/>\n<meta name=\"twitter:label1\" content=\"Est. tempo de leitura\" \/>\n\t<meta name=\"twitter:data1\" content=\"5 minutos\" \/>\n\t<meta name=\"twitter:label2\" content=\"Written by\" \/>\n\t<meta name=\"twitter:data2\" content=\"sysop\" \/>\n<script type=\"application\/ld+json\" class=\"yoast-schema-graph\">{\"@context\":\"https:\\\/\\\/schema.org\",\"@graph\":[{\"@type\":\"WebPage\",\"@id\":\"https:\\\/\\\/www.fluencecorp.com\\\/pt\\\/conselho-administracao\\\/\",\"url\":\"https:\\\/\\\/www.fluencecorp.com\\\/pt\\\/conselho-administracao\\\/\",\"name\":\"Conselho de Administra\u00e7\u00e3o | Fluence\",\"isPartOf\":{\"@id\":\"https:\\\/\\\/www.fluencecorp.com\\\/pt\\\/#website\"},\"primaryImageOfPage\":{\"@id\":\"https:\\\/\\\/www.fluencecorp.com\\\/pt\\\/conselho-administracao\\\/#primaryimage\"},\"image\":{\"@id\":\"https:\\\/\\\/www.fluencecorp.com\\\/pt\\\/conselho-administracao\\\/#primaryimage\"},\"thumbnailUrl\":\"https:\\\/\\\/www.fluencecorp.com\\\/wp-content\\\/uploads\\\/2017\\\/07\\\/fluencelogo-1.svg\",\"datePublished\":\"2021-06-01T13:00:04+00:00\",\"dateModified\":\"2025-02-13T16:36:19+00:00\",\"breadcrumb\":{\"@id\":\"https:\\\/\\\/www.fluencecorp.com\\\/pt\\\/conselho-administracao\\\/#breadcrumb\"},\"inLanguage\":\"pt-BR\",\"potentialAction\":[{\"@type\":\"ReadAction\",\"target\":[\"https:\\\/\\\/www.fluencecorp.com\\\/pt\\\/conselho-administracao\\\/\"]}]},{\"@type\":\"ImageObject\",\"inLanguage\":\"pt-BR\",\"@id\":\"https:\\\/\\\/www.fluencecorp.com\\\/pt\\\/conselho-administracao\\\/#primaryimage\",\"url\":\"https:\\\/\\\/www.fluencecorp.com\\\/wp-content\\\/uploads\\\/2017\\\/07\\\/fluencelogo-1.svg\",\"contentUrl\":\"https:\\\/\\\/www.fluencecorp.com\\\/wp-content\\\/uploads\\\/2017\\\/07\\\/fluencelogo-1.svg\"},{\"@type\":\"BreadcrumbList\",\"@id\":\"https:\\\/\\\/www.fluencecorp.com\\\/pt\\\/conselho-administracao\\\/#breadcrumb\",\"itemListElement\":[{\"@type\":\"ListItem\",\"position\":1,\"name\":\"Home\",\"item\":\"https:\\\/\\\/www.fluencecorp.com\\\/pt\\\/\"},{\"@type\":\"ListItem\",\"position\":2,\"name\":\"Conselho de Administra\u00e7\u00e3o\"}]},{\"@type\":\"WebSite\",\"@id\":\"https:\\\/\\\/www.fluencecorp.com\\\/pt\\\/#website\",\"url\":\"https:\\\/\\\/www.fluencecorp.com\\\/pt\\\/\",\"name\":\"Fluence Corporation\",\"description\":\"\",\"publisher\":{\"@id\":\"https:\\\/\\\/www.fluencecorp.com\\\/pt\\\/#organization\"},\"potentialAction\":[{\"@type\":\"SearchAction\",\"target\":{\"@type\":\"EntryPoint\",\"urlTemplate\":\"https:\\\/\\\/www.fluencecorp.com\\\/pt\\\/?s={search_term_string}\"},\"query-input\":{\"@type\":\"PropertyValueSpecification\",\"valueRequired\":true,\"valueName\":\"search_term_string\"}}],\"inLanguage\":\"pt-BR\"},{\"@type\":\"Organization\",\"@id\":\"https:\\\/\\\/www.fluencecorp.com\\\/pt\\\/#organization\",\"name\":\"Fluence\",\"url\":\"https:\\\/\\\/www.fluencecorp.com\\\/pt\\\/\",\"logo\":{\"@type\":\"ImageObject\",\"inLanguage\":\"pt-BR\",\"@id\":\"https:\\\/\\\/www.fluencecorp.com\\\/pt\\\/#\\\/schema\\\/logo\\\/image\\\/\",\"url\":\"https:\\\/\\\/www.fluencecorp.com\\\/wp-content\\\/uploads\\\/2018\\\/03\\\/fluence-seo-logo.png\",\"contentUrl\":\"https:\\\/\\\/www.fluencecorp.com\\\/wp-content\\\/uploads\\\/2018\\\/03\\\/fluence-seo-logo.png\",\"width\":523,\"height\":181,\"caption\":\"Fluence\"},\"image\":{\"@id\":\"https:\\\/\\\/www.fluencecorp.com\\\/pt\\\/#\\\/schema\\\/logo\\\/image\\\/\"},\"sameAs\":[\"https:\\\/\\\/www.facebook.com\\\/FluenceCorp\",\"https:\\\/\\\/x.com\\\/FluenceCorp\",\"https:\\\/\\\/www.linkedin.com\\\/company-beta\\\/18150486\\\/\"]}]}<\/script>\n<!-- \/ Yoast SEO plugin. -->","yoast_head_json":{"title":"Conselho de Administra\u00e7\u00e3o | Fluence","robots":{"index":"index","follow":"follow","max-snippet":"max-snippet:-1","max-image-preview":"max-image-preview:large","max-video-preview":"max-video-preview:-1"},"canonical":"https:\/\/www.fluencecorp.com\/pt\/conselho-administracao\/","og_locale":"pt_BR","og_type":"article","og_title":"Conselho de Administra\u00e7\u00e3o | Fluence","og_description":"Conselho de Administra\u00e7\u00e3o Melanie Leydin atua como secret\u00e1ria na Fluence Corporation. Revisora \u200b\u200boficial de contas e auditora registrada, a Sra. Leydin tem 25 anos de experi\u00eancia na profiss\u00e3o cont\u00e1bil e 20 anos de experi\u00eancia em servi\u00e7os de secretariado de empresas. A Sra. Leydin \u00e9 cofundadora da Leydin Freyer, uma empresa l\u00edder de servi\u00e7os terceirizados de [&hellip;]","og_url":"https:\/\/www.fluencecorp.com\/pt\/conselho-administracao\/","article_publisher":"https:\/\/www.facebook.com\/FluenceCorp","article_modified_time":"2025-02-13T16:36:19+00:00","twitter_card":"summary_large_image","twitter_site":"@FluenceCorp","twitter_misc":{"Est. tempo de leitura":"5 minutos","Written by":"sysop"},"schema":{"@context":"https:\/\/schema.org","@graph":[{"@type":"WebPage","@id":"https:\/\/www.fluencecorp.com\/pt\/conselho-administracao\/","url":"https:\/\/www.fluencecorp.com\/pt\/conselho-administracao\/","name":"Conselho de Administra\u00e7\u00e3o | Fluence","isPartOf":{"@id":"https:\/\/www.fluencecorp.com\/pt\/#website"},"primaryImageOfPage":{"@id":"https:\/\/www.fluencecorp.com\/pt\/conselho-administracao\/#primaryimage"},"image":{"@id":"https:\/\/www.fluencecorp.com\/pt\/conselho-administracao\/#primaryimage"},"thumbnailUrl":"https:\/\/www.fluencecorp.com\/wp-content\/uploads\/2017\/07\/fluencelogo-1.svg","datePublished":"2021-06-01T13:00:04+00:00","dateModified":"2025-02-13T16:36:19+00:00","breadcrumb":{"@id":"https:\/\/www.fluencecorp.com\/pt\/conselho-administracao\/#breadcrumb"},"inLanguage":"pt-BR","potentialAction":[{"@type":"ReadAction","target":["https:\/\/www.fluencecorp.com\/pt\/conselho-administracao\/"]}]},{"@type":"ImageObject","inLanguage":"pt-BR","@id":"https:\/\/www.fluencecorp.com\/pt\/conselho-administracao\/#primaryimage","url":"https:\/\/www.fluencecorp.com\/wp-content\/uploads\/2017\/07\/fluencelogo-1.svg","contentUrl":"https:\/\/www.fluencecorp.com\/wp-content\/uploads\/2017\/07\/fluencelogo-1.svg"},{"@type":"BreadcrumbList","@id":"https:\/\/www.fluencecorp.com\/pt\/conselho-administracao\/#breadcrumb","itemListElement":[{"@type":"ListItem","position":1,"name":"Home","item":"https:\/\/www.fluencecorp.com\/pt\/"},{"@type":"ListItem","position":2,"name":"Conselho de Administra\u00e7\u00e3o"}]},{"@type":"WebSite","@id":"https:\/\/www.fluencecorp.com\/pt\/#website","url":"https:\/\/www.fluencecorp.com\/pt\/","name":"Fluence Corporation","description":"","publisher":{"@id":"https:\/\/www.fluencecorp.com\/pt\/#organization"},"potentialAction":[{"@type":"SearchAction","target":{"@type":"EntryPoint","urlTemplate":"https:\/\/www.fluencecorp.com\/pt\/?s={search_term_string}"},"query-input":{"@type":"PropertyValueSpecification","valueRequired":true,"valueName":"search_term_string"}}],"inLanguage":"pt-BR"},{"@type":"Organization","@id":"https:\/\/www.fluencecorp.com\/pt\/#organization","name":"Fluence","url":"https:\/\/www.fluencecorp.com\/pt\/","logo":{"@type":"ImageObject","inLanguage":"pt-BR","@id":"https:\/\/www.fluencecorp.com\/pt\/#\/schema\/logo\/image\/","url":"https:\/\/www.fluencecorp.com\/wp-content\/uploads\/2018\/03\/fluence-seo-logo.png","contentUrl":"https:\/\/www.fluencecorp.com\/wp-content\/uploads\/2018\/03\/fluence-seo-logo.png","width":523,"height":181,"caption":"Fluence"},"image":{"@id":"https:\/\/www.fluencecorp.com\/pt\/#\/schema\/logo\/image\/"},"sameAs":["https:\/\/www.facebook.com\/FluenceCorp","https:\/\/x.com\/FluenceCorp","https:\/\/www.linkedin.com\/company-beta\/18150486\/"]}]}},"_links":{"self":[{"href":"https:\/\/www.fluencecorp.com\/pt\/wp-json\/wp\/v2\/pages\/45792","targetHints":{"allow":["GET"]}}],"collection":[{"href":"https:\/\/www.fluencecorp.com\/pt\/wp-json\/wp\/v2\/pages"}],"about":[{"href":"https:\/\/www.fluencecorp.com\/pt\/wp-json\/wp\/v2\/types\/page"}],"author":[{"embeddable":true,"href":"https:\/\/www.fluencecorp.com\/pt\/wp-json\/wp\/v2\/users\/1"}],"replies":[{"embeddable":true,"href":"https:\/\/www.fluencecorp.com\/pt\/wp-json\/wp\/v2\/comments?post=45792"}],"version-history":[{"count":0,"href":"https:\/\/www.fluencecorp.com\/pt\/wp-json\/wp\/v2\/pages\/45792\/revisions"}],"wp:featuredmedia":[{"embeddable":true,"href":"https:\/\/www.fluencecorp.com\/pt\/wp-json\/wp\/v2\/media\/61461"}],"wp:attachment":[{"href":"https:\/\/www.fluencecorp.com\/pt\/wp-json\/wp\/v2\/media?parent=45792"}],"wp:term":[{"taxonomy":"author","embeddable":true,"href":"https:\/\/www.fluencecorp.com\/pt\/wp-json\/wp\/v2\/coauthors?post=45792"}],"curies":[{"name":"wp","href":"https:\/\/api.w.org\/{rel}","templated":true}]}}