{"id":45777,"date":"2018-07-29T08:00:01","date_gmt":"2018-07-28T22:00:01","guid":{"rendered":"https:\/\/www.fluencecorp.com\/management-team\/"},"modified":"2023-08-01T01:19:23","modified_gmt":"2023-07-31T15:19:23","slug":"equipe-gestora","status":"publish","type":"page","link":"https:\/\/www.fluencecorp.com\/pt\/equipe-gestora\/","title":{"rendered":"Equipe Gestora"},"content":{"rendered":"<p>[et_pb_section fb_built=&#8221;1&#8243; _builder_version=&#8221;4.16&#8243; background_color=&#8221;#f4f4f4&#8243; custom_padding=&#8221;20px||20px|&#8221; da_disable_devices=&#8221;off|off|off&#8221; global_colors_info=&#8221;{}&#8221; da_is_popup=&#8221;off&#8221; da_exit_intent=&#8221;off&#8221; da_has_close=&#8221;on&#8221; da_alt_close=&#8221;off&#8221; da_dark_close=&#8221;off&#8221; da_not_modal=&#8221;on&#8221; da_is_singular=&#8221;off&#8221; da_with_loader=&#8221;off&#8221; da_has_shadow=&#8221;on&#8221;][et_pb_row _builder_version=&#8221;4.16&#8243; background_size=&#8221;initial&#8221; background_position=&#8221;top_left&#8221; background_repeat=&#8221;repeat&#8221; global_colors_info=&#8221;{}&#8221;][et_pb_column type=&#8221;4_4&#8243; _builder_version=&#8221;4.16&#8243; custom_padding=&#8221;|||&#8221; global_colors_info=&#8221;{}&#8221; custom_padding__hover=&#8221;|||&#8221;][et_pb_text _builder_version=&#8221;4.16&#8243; header_font=&#8221;|on|||&#8221; header_text_color=&#8221;#0b3a5d&#8221; header_font_size=&#8221;52px&#8221; text_orientation=&#8221;center&#8221; module_alignment=&#8221;center&#8221; header_font_size_tablet=&#8221;35px&#8221; header_font_size_phone=&#8221;28px&#8221; header_font_size_last_edited=&#8221;on|phone&#8221; global_colors_info=&#8221;{}&#8221;]<\/p>\n<h1>Equipe Gestora<\/h1>\n<p>[\/et_pb_text][\/et_pb_column][\/et_pb_row][et_pb_row column_structure=&#8221;1_2,1_2&#8243; use_custom_gutter=&#8221;on&#8221; gutter_width=&#8221;2&#8243; _builder_version=&#8221;4.16&#8243; locked=&#8221;off&#8221; global_colors_info=&#8221;{}&#8221;][et_pb_column type=&#8221;1_2&#8243; _builder_version=&#8221;4.16&#8243; background_position=&#8221;top_left&#8221; custom_padding=&#8221;|||&#8221; global_colors_info=&#8221;{}&#8221; custom_padding__hover=&#8221;|||&#8221;][et_pb_team_member name=&#8221;Tom Pokorsky&#8221; position=&#8221;CEO Y DIRECTOR GENERAL&#8221; image_url=&#8221;https:\/\/www.fluencecorp.com\/wp-content\/uploads\/2022\/03\/Tom-Pokorsky.jpg&#8221; admin_label=&#8221;Tom Pokorsky&#8221; _builder_version=&#8221;4.19.4&#8243; background_color=&#8221;#ffffff&#8221; custom_padding=&#8221;30px|30px|30px|30px&#8221; locked=&#8221;off&#8221; global_colors_info=&#8221;{}&#8221;]Tom Pokorsky es CEO y Director General de Fluence Corporation. El Sr. Pokorsky tiene 35 a\u00f1os de exitosa experiencia ejecutiva en la industria del agua, incluyendo 15 a\u00f1os como CEO trabajando en Am\u00e9rica del Norte, con actividad en Europa, China e Israel.  El Sr. Pokorsky ha dirigido empresas p\u00fablicas y privadas, logrando rendimientos de 5\u201310x con TIRs (Tasas Internas de Rentabilidad- IRRs por sus siglas en ingl\u00e9s) de hasta el 50%. Fund\u00f3 y cultiv\u00f3 Nexom en el sector de aguas residuales, con un crecimiento anual de los ingresos del 25% y un crecimiento del EBITDA del 50%, lo cual llev\u00f3 a la venta de la compa\u00f1\u00eda a KKR. En Water Pollution Control Corporation (m\u00e1s tarde &#8220;Sanitaire&#8221;), Tom duplic\u00f3 los ingresos y las ganancias, negoci\u00f3 su venta a ITT Industries, y luego hizo crecer su grupo de Tratamiento Avanzado de Agua (ahora parte de Xylem) de $60 millones a $350 millones en cuatro a\u00f1os, incluyendo $100 millones en crecimiento org\u00e1nico y cinco adquisiciones exitosas en tres continentes.[\/et_pb_team_member][et_pb_team_member name=&#8221;Natalya Medinina&#8221; position=&#8221;CONTROLADOR CORPORATIVO VP&#8221; image_url=&#8221;https:\/\/www.fluencecorp.com\/wp-content\/uploads\/2021\/11\/natalya-medinina-headshot.png?_t=1637039091&#8243; admin_label=&#8221;Natalya Medinina&#8221; _builder_version=&#8221;4.19.4&#8243; background_color=&#8221;#ffffff&#8221; custom_padding=&#8221;30px|30px|30px|30px&#8221; border_style=&#8221;solid&#8221; locked=&#8221;off&#8221; global_colors_info=&#8221;{}&#8221;]Natalya\u00a0Medinina se desempe\u00f1a como vicepresidenta y controladora corporativa de Fluence, donde es responsable de las operaciones contables, incluidos los informes financieros, los controles internos y presupuestos.<\/p>\n<p>La se\u00f1ora Medinina\u00a0tiene 20 a\u00f1os de experiencia en US GAAP y reportes IFRS, contabilidad t\u00e9cnica, controles internos y FP&amp;A.<\/p>\n<p>Antes de unirse a Fluence, fue responsable de consolidaci\u00f3n e informes internos como gerente senior de contabilidad en Sojitz Corporation of America, una subsidiaria estadounidense de la compa\u00f1\u00eda japonesa de comercio global integrado. Antes de eso, Medinina trabaj\u00f3\u00a0como gerente de auditor\u00eda interna y gerente de consolidaci\u00f3n e informes internos para Quintiles Transnational Corporation (ahora iQVIA), una compa\u00f1\u00eda multinacional estadounidense que presta servicios a las industrias combinadas de tecnolog\u00eda de la informaci\u00f3n de salud e investigaci\u00f3n cl\u00ednica. Medinina\u00a0comenz\u00f3 su carrera como contadora p\u00fablica en KPMG.<\/p>\n<p>Medinina\u00a0es contadora p\u00fablica del estado de Nueva York y contadora certificada (ACCA). Recibi\u00f3 su licenciatura en Contabilidad de la Universidad Estatal de Ivanovo, Rusia.[\/et_pb_team_member][et_pb_team_member name=&#8221;Richard Cisterna&#8221; position=&#8221;Diretor Comercial&#8221; image_url=&#8221;https:\/\/www.fluencecorp.com\/wp-content\/uploads\/2021\/12\/Cisterna-Photo.png?_t=1639417618&#8243; admin_label=&#8221;Richard Cisterna&#8221; _builder_version=&#8221;4.21.0&#8243; background_color=&#8221;#ffffff&#8221; custom_padding=&#8221;30px|30px|30px|30px&#8221; hover_enabled=&#8221;0&#8243; border_style=&#8221;solid&#8221; locked=&#8221;off&#8221; global_colors_info=&#8221;{}&#8221; position_font=&#8221;|||on|||||&#8221; sticky_enabled=&#8221;0&#8243;]<\/p>\n<p>Richard Cisterna se desempe\u00f1a como Director de Estrategias de Fluence y es responsable de la estrategia corporativa, el desarrollo comercial y de mercado, asociaciones y adquisiciones de Fluence para impulsar el crecimiento empresarial. \u00a0\u00a0El Sr. Cisterna tiene 30 a\u00f1os de liderazgo ejecutivo y experiencia en desarrollo de negocios en el mercado de agua y efluentes y ha liderado el desarrollo de m\u00e1s de US$ 1 mil millones en proyectos para clientes municipales, industriales y comerciales.<\/p>\n<p>Es el fundador y presidente de Renewable Organics Infrastructure, una empresa de consultor\u00eda y asesoramiento que se centra en proyectos y tecnolog\u00edas de infraestructura sostenibles.\u00a0 Antes de ROI, el Sr. Cisterna se desempe\u00f1\u00f3 como Vicepresidente Ejecutivo de Desarrollo de Negocios en Natural Systems Utilities y como parte del equipo de liderazgo ejecutivo, donde dirigi\u00f3 el desarrollo de la firma de soluciones descentralizadas de infraestructura de agua. Anteriormente fue socio de Hazen and Sawyer, una firma internacional de consultor\u00eda en ingenier\u00eda de agua y efluentes, donde dirigi\u00f3 el desarrollo de negocios en varias regiones geogr\u00e1ficas y se desempe\u00f1\u00f3 en el comit\u00e9 de planificaci\u00f3n estrat\u00e9gica corporativa.<\/p>\n<p>El Sr. Cisterna recibi\u00f3 su maestr\u00eda en Ingenier\u00eda Ambiental en la Universidad de Stanford y su licenciatura en Ingenier\u00eda Civil en la Universidad de Nevada, Reno.\u00a0 Es ingeniero profesional con licencia en el estado de Nueva York.<\/p>\n<p>[\/et_pb_team_member][\/et_pb_column][et_pb_column type=&#8221;1_2&#8243; _builder_version=&#8221;4.16&#8243; background_position=&#8221;top_left&#8221; custom_padding=&#8221;|||&#8221; global_colors_info=&#8221;{}&#8221; custom_padding__hover=&#8221;|||&#8221;][et_pb_team_member name=&#8221;Ben Fash&#8221; position=&#8221;DIRECTOR FINANCIERO&#8221; image_url=&#8221;https:\/\/www.fluencecorp.com\/wp-content\/uploads\/2022\/12\/Ben-Fash-headshot.png&#8221; admin_label=&#8221;Ben Fash&#8221; _builder_version=&#8221;4.19.4&#8243; background_color=&#8221;#ffffff&#8221; custom_padding=&#8221;30px|30px|30px|30px&#8221; locked=&#8221;off&#8221; global_colors_info=&#8221;{}&#8221;]Ben Fash es el Director Financiero de Fluence y es responsable de todos los aspectos financieros, contables, de desarrollo corporativo, de tecnolog\u00eda de la informaci\u00f3n, de recursos humanos y administrativos de Fluence.<\/p>\n<p>El Sr. Fash tiene m\u00e1s de 10 a\u00f1os de liderazgo estrat\u00e9gico financiero y operativo, principalmente en la industria de equipos y servicios de tratamiento de agua, habiendo pasado previamente 8 a\u00f1os en capital privado y banca de inversi\u00f3n. Su experiencia incluye una combinaci\u00f3n \u00fanica de experiencia operativa financiera, adem\u00e1s de la ejecuci\u00f3n de fusiones y adquisiciones, la captaci\u00f3n de capital, la creaci\u00f3n de empresas y la toma de decisiones estrat\u00e9gicas.<\/p>\n<p>Antes de unirse a Fluence, el Sr. Fash fue director financiero de Dumas Mining, un proveedor de servicios subterr\u00e1neos de nicho en la industria minera. Antes de Dumas, el Sr. Fash fue vicepresidente ejecutivo y director financiero de Newterra, un l\u00edder mundial en el suministro de agua modular y equipos y servicios de tratamiento de efluentes.  Al asociarse con sus propietarios de capital privado, Ben form\u00f3 parte del equipo ejecutivo que llev\u00f3 a Newterra a duplicar el tama\u00f1o del negocio, al tiempo que aumentaba la rentabilidad y mejoraba la gesti\u00f3n del flujo de caja en todos los segmentos del negocio, lo que finalmente condujo a una salida exitosa en 2020.<\/p>\n<p>Antes de unirse a Newterra en 2012, el Sr. Fash trabaj\u00f3 en Birch Hill Equity Partners, la destacada empresa canadiense de capital privado de mercado medio, donde form\u00f3 parte de varias adquisiciones de plataformas y apoy\u00f3 a una variedad de compa\u00f1\u00edas de cartera existentes. Adem\u00e1s, el Sr. Fash comenz\u00f3 su carrera en banca de inversi\u00f3n, pasando varios a\u00f1os en Credit Suisse y RBC Capital Markets.<\/p>\n<p>El Sr. Fash se gradu\u00f3 con un t\u00edtulo en Econom\u00eda y Derecho del Williams College de Massachusetts.[\/et_pb_team_member][et_pb_team_member name=&#8221;Spencer D. Smith, Esq.&#8221; position=&#8221;DIRETOR JUR\u00cdDICO&#8221; image_url=&#8221;https:\/\/www.fluencecorp.com\/wp-content\/uploads\/2017\/07\/spencer-d-smith.png&#8221; admin_label=&#8221;Spencer D. Smith, Esq.&#8221; _builder_version=&#8221;4.16&#8243; background_color=&#8221;#ffffff&#8221; custom_padding=&#8221;30px|30px|30px|30px&#8221; global_colors_info=&#8221;{}&#8221;]Spencer D. Smith atua como Diretor Jur\u00eddico da Fluence sendo o respons\u00e1vel pelos assuntos jur\u00eddicos da empresa e por fornecer assessoria jur\u00eddica ao Conselho de Diretores da companhia, ao CEO e aos outros membros da ger\u00eancia s\u00eanior. Antes da Fluence, o Sr. Smith trabalhou como conselheiro geral da RWL Water.<\/p>\n<p>Antes de entrar para a RWL Water em 2016, o Sr. Smith trabalhava com direito societ\u00e1rio na Akin Gump Strauss Hauer &amp; Feld LLP, em Nova York, onde atuou como o principal conselheiro legal externo para a RWL Water. Enquanto estava na Akin Gump, o Sr. Smith manteve uma pr\u00e1tica de transa\u00e7\u00f5es corporativas bastante ativa e diversificada, focada na representa\u00e7\u00e3o de empresas p\u00fablicas e privadas, empresas de ativos privados, fundos de alto risco e escrit\u00f3rios familiares com liga\u00e7\u00e3o significativa a eventos corporativos, incluindo fus\u00f5es e aquisi\u00e7\u00f5es, aliena\u00e7\u00f5es, cons\u00f3rcio, reestrutura\u00e7\u00f5es, venda de ativos depreciados e contratos comerciais. O Sr. Smith tamb\u00e9m assessorou regularmente os conselhos de administra\u00e7\u00e3o, gerentes s\u00eaniores, acionistas e credores, em todos os aspectos da governan\u00e7a corporativa. Antes de entrar para a Akin Gump em 2011, trabalhou para o IAP Worldwide Services, uma empresa contratada pelo governo e que fez parte do portf\u00f3lio da Cerberus, e exerceu advocacia em Tweed, Hadley &amp; McCloy LLP, em Nova York.<\/p>\n<p>Graduou-se na Colgate University com bacharelado em Ci\u00eancia Pol\u00edtica e recebeu o grau de Juris Doctor da Fordham University School of Law. Ele \u00e9 membro da Ordem de Advogados de Nova York.<br \/>\n[\/et_pb_team_member][\/et_pb_column][\/et_pb_row][\/et_pb_section]<\/p>\n","protected":false},"excerpt":{"rendered":"<p>Equipe Gestora Tom Pokorsky es CEO y Director General de Fluence Corporation. El Sr. Pokorsky tiene 35 a\u00f1os de exitosa experiencia ejecutiva en la industria del agua, incluyendo 15 a\u00f1os como CEO trabajando en Am\u00e9rica del Norte, con actividad en Europa, China e Israel. El Sr. Pokorsky ha dirigido empresas p\u00fablicas y privadas, logrando rendimientos [&hellip;]<\/p>\n","protected":false},"author":1,"featured_media":61461,"parent":0,"menu_order":0,"comment_status":"closed","ping_status":"closed","template":"","meta":{"_et_pb_use_builder":"on","_et_pb_old_content":"","_et_gb_content_width":"","_relevanssi_hide_post":"","_relevanssi_hide_content":"","_relevanssi_pin_for_all":"","_relevanssi_pin_keywords":"","_relevanssi_unpin_keywords":"","_relevanssi_related_keywords":"","_relevanssi_related_include_ids":"","_relevanssi_related_exclude_ids":"","_relevanssi_related_no_append":"","_relevanssi_related_not_related":"","_relevanssi_related_posts":"","_relevanssi_noindex_reason":"","inline_featured_image":false,"footnotes":"","_links_to":"","_links_to_target":""},"coauthors":[],"class_list":["post-45777","page","type-page","status-publish","has-post-thumbnail","hentry"],"yoast_head":"<!-- This site is optimized with the Yoast SEO plugin v27.4 - https:\/\/yoast.com\/product\/yoast-seo-wordpress\/ -->\n<title>Equipe Gestora | Fluence<\/title>\n<meta name=\"robots\" content=\"index, follow, max-snippet:-1, max-image-preview:large, max-video-preview:-1\" \/>\n<link rel=\"canonical\" href=\"https:\/\/www.fluencecorp.com\/pt\/equipe-gestora\/\" \/>\n<meta property=\"og:locale\" content=\"pt_BR\" \/>\n<meta property=\"og:type\" content=\"article\" \/>\n<meta property=\"og:title\" content=\"Equipe Gestora | Fluence\" \/>\n<meta property=\"og:description\" content=\"Equipe Gestora Tom Pokorsky es CEO y Director General de Fluence Corporation. El Sr. Pokorsky tiene 35 a\u00f1os de exitosa experiencia ejecutiva en la industria del agua, incluyendo 15 a\u00f1os como CEO trabajando en Am\u00e9rica del Norte, con actividad en Europa, China e Israel. El Sr. Pokorsky ha dirigido empresas p\u00fablicas y privadas, logrando rendimientos [&hellip;]\" \/>\n<meta property=\"og:url\" content=\"https:\/\/www.fluencecorp.com\/pt\/equipe-gestora\/\" \/>\n<meta property=\"article:publisher\" content=\"https:\/\/www.facebook.com\/FluenceCorp\" \/>\n<meta property=\"article:modified_time\" content=\"2023-07-31T15:19:23+00:00\" \/>\n<meta name=\"twitter:card\" content=\"summary_large_image\" \/>\n<meta name=\"twitter:site\" content=\"@FluenceCorp\" \/>\n<meta name=\"twitter:label1\" content=\"Est. tempo de leitura\" \/>\n\t<meta name=\"twitter:data1\" content=\"3 minutos\" \/>\n\t<meta name=\"twitter:label2\" content=\"Written by\" \/>\n\t<meta name=\"twitter:data2\" content=\"sysop\" \/>\n<script type=\"application\/ld+json\" class=\"yoast-schema-graph\">{\"@context\":\"https:\\\/\\\/schema.org\",\"@graph\":[{\"@type\":\"WebPage\",\"@id\":\"https:\\\/\\\/www.fluencecorp.com\\\/pt\\\/equipe-gestora\\\/\",\"url\":\"https:\\\/\\\/www.fluencecorp.com\\\/pt\\\/equipe-gestora\\\/\",\"name\":\"Equipe Gestora | Fluence\",\"isPartOf\":{\"@id\":\"https:\\\/\\\/www.fluencecorp.com\\\/pt\\\/#website\"},\"primaryImageOfPage\":{\"@id\":\"https:\\\/\\\/www.fluencecorp.com\\\/pt\\\/equipe-gestora\\\/#primaryimage\"},\"image\":{\"@id\":\"https:\\\/\\\/www.fluencecorp.com\\\/pt\\\/equipe-gestora\\\/#primaryimage\"},\"thumbnailUrl\":\"https:\\\/\\\/www.fluencecorp.com\\\/wp-content\\\/uploads\\\/2017\\\/07\\\/fluencelogo-1.svg\",\"datePublished\":\"2018-07-28T22:00:01+00:00\",\"dateModified\":\"2023-07-31T15:19:23+00:00\",\"breadcrumb\":{\"@id\":\"https:\\\/\\\/www.fluencecorp.com\\\/pt\\\/equipe-gestora\\\/#breadcrumb\"},\"inLanguage\":\"pt-BR\",\"potentialAction\":[{\"@type\":\"ReadAction\",\"target\":[\"https:\\\/\\\/www.fluencecorp.com\\\/pt\\\/equipe-gestora\\\/\"]}]},{\"@type\":\"ImageObject\",\"inLanguage\":\"pt-BR\",\"@id\":\"https:\\\/\\\/www.fluencecorp.com\\\/pt\\\/equipe-gestora\\\/#primaryimage\",\"url\":\"https:\\\/\\\/www.fluencecorp.com\\\/wp-content\\\/uploads\\\/2017\\\/07\\\/fluencelogo-1.svg\",\"contentUrl\":\"https:\\\/\\\/www.fluencecorp.com\\\/wp-content\\\/uploads\\\/2017\\\/07\\\/fluencelogo-1.svg\"},{\"@type\":\"BreadcrumbList\",\"@id\":\"https:\\\/\\\/www.fluencecorp.com\\\/pt\\\/equipe-gestora\\\/#breadcrumb\",\"itemListElement\":[{\"@type\":\"ListItem\",\"position\":1,\"name\":\"Home\",\"item\":\"https:\\\/\\\/www.fluencecorp.com\\\/pt\\\/\"},{\"@type\":\"ListItem\",\"position\":2,\"name\":\"Equipe Gestora\"}]},{\"@type\":\"WebSite\",\"@id\":\"https:\\\/\\\/www.fluencecorp.com\\\/pt\\\/#website\",\"url\":\"https:\\\/\\\/www.fluencecorp.com\\\/pt\\\/\",\"name\":\"Fluence Corporation\",\"description\":\"\",\"publisher\":{\"@id\":\"https:\\\/\\\/www.fluencecorp.com\\\/pt\\\/#organization\"},\"potentialAction\":[{\"@type\":\"SearchAction\",\"target\":{\"@type\":\"EntryPoint\",\"urlTemplate\":\"https:\\\/\\\/www.fluencecorp.com\\\/pt\\\/?s={search_term_string}\"},\"query-input\":{\"@type\":\"PropertyValueSpecification\",\"valueRequired\":true,\"valueName\":\"search_term_string\"}}],\"inLanguage\":\"pt-BR\"},{\"@type\":\"Organization\",\"@id\":\"https:\\\/\\\/www.fluencecorp.com\\\/pt\\\/#organization\",\"name\":\"Fluence\",\"url\":\"https:\\\/\\\/www.fluencecorp.com\\\/pt\\\/\",\"logo\":{\"@type\":\"ImageObject\",\"inLanguage\":\"pt-BR\",\"@id\":\"https:\\\/\\\/www.fluencecorp.com\\\/pt\\\/#\\\/schema\\\/logo\\\/image\\\/\",\"url\":\"https:\\\/\\\/www.fluencecorp.com\\\/wp-content\\\/uploads\\\/2018\\\/03\\\/fluence-seo-logo.png\",\"contentUrl\":\"https:\\\/\\\/www.fluencecorp.com\\\/wp-content\\\/uploads\\\/2018\\\/03\\\/fluence-seo-logo.png\",\"width\":523,\"height\":181,\"caption\":\"Fluence\"},\"image\":{\"@id\":\"https:\\\/\\\/www.fluencecorp.com\\\/pt\\\/#\\\/schema\\\/logo\\\/image\\\/\"},\"sameAs\":[\"https:\\\/\\\/www.facebook.com\\\/FluenceCorp\",\"https:\\\/\\\/x.com\\\/FluenceCorp\",\"https:\\\/\\\/www.linkedin.com\\\/company-beta\\\/18150486\\\/\"]}]}<\/script>\n<!-- \/ Yoast SEO plugin. -->","yoast_head_json":{"title":"Equipe Gestora | Fluence","robots":{"index":"index","follow":"follow","max-snippet":"max-snippet:-1","max-image-preview":"max-image-preview:large","max-video-preview":"max-video-preview:-1"},"canonical":"https:\/\/www.fluencecorp.com\/pt\/equipe-gestora\/","og_locale":"pt_BR","og_type":"article","og_title":"Equipe Gestora | Fluence","og_description":"Equipe Gestora Tom Pokorsky es CEO y Director General de Fluence Corporation. El Sr. Pokorsky tiene 35 a\u00f1os de exitosa experiencia ejecutiva en la industria del agua, incluyendo 15 a\u00f1os como CEO trabajando en Am\u00e9rica del Norte, con actividad en Europa, China e Israel. El Sr. Pokorsky ha dirigido empresas p\u00fablicas y privadas, logrando rendimientos [&hellip;]","og_url":"https:\/\/www.fluencecorp.com\/pt\/equipe-gestora\/","article_publisher":"https:\/\/www.facebook.com\/FluenceCorp","article_modified_time":"2023-07-31T15:19:23+00:00","twitter_card":"summary_large_image","twitter_site":"@FluenceCorp","twitter_misc":{"Est. tempo de leitura":"3 minutos","Written by":"sysop"},"schema":{"@context":"https:\/\/schema.org","@graph":[{"@type":"WebPage","@id":"https:\/\/www.fluencecorp.com\/pt\/equipe-gestora\/","url":"https:\/\/www.fluencecorp.com\/pt\/equipe-gestora\/","name":"Equipe Gestora | Fluence","isPartOf":{"@id":"https:\/\/www.fluencecorp.com\/pt\/#website"},"primaryImageOfPage":{"@id":"https:\/\/www.fluencecorp.com\/pt\/equipe-gestora\/#primaryimage"},"image":{"@id":"https:\/\/www.fluencecorp.com\/pt\/equipe-gestora\/#primaryimage"},"thumbnailUrl":"https:\/\/www.fluencecorp.com\/wp-content\/uploads\/2017\/07\/fluencelogo-1.svg","datePublished":"2018-07-28T22:00:01+00:00","dateModified":"2023-07-31T15:19:23+00:00","breadcrumb":{"@id":"https:\/\/www.fluencecorp.com\/pt\/equipe-gestora\/#breadcrumb"},"inLanguage":"pt-BR","potentialAction":[{"@type":"ReadAction","target":["https:\/\/www.fluencecorp.com\/pt\/equipe-gestora\/"]}]},{"@type":"ImageObject","inLanguage":"pt-BR","@id":"https:\/\/www.fluencecorp.com\/pt\/equipe-gestora\/#primaryimage","url":"https:\/\/www.fluencecorp.com\/wp-content\/uploads\/2017\/07\/fluencelogo-1.svg","contentUrl":"https:\/\/www.fluencecorp.com\/wp-content\/uploads\/2017\/07\/fluencelogo-1.svg"},{"@type":"BreadcrumbList","@id":"https:\/\/www.fluencecorp.com\/pt\/equipe-gestora\/#breadcrumb","itemListElement":[{"@type":"ListItem","position":1,"name":"Home","item":"https:\/\/www.fluencecorp.com\/pt\/"},{"@type":"ListItem","position":2,"name":"Equipe Gestora"}]},{"@type":"WebSite","@id":"https:\/\/www.fluencecorp.com\/pt\/#website","url":"https:\/\/www.fluencecorp.com\/pt\/","name":"Fluence Corporation","description":"","publisher":{"@id":"https:\/\/www.fluencecorp.com\/pt\/#organization"},"potentialAction":[{"@type":"SearchAction","target":{"@type":"EntryPoint","urlTemplate":"https:\/\/www.fluencecorp.com\/pt\/?s={search_term_string}"},"query-input":{"@type":"PropertyValueSpecification","valueRequired":true,"valueName":"search_term_string"}}],"inLanguage":"pt-BR"},{"@type":"Organization","@id":"https:\/\/www.fluencecorp.com\/pt\/#organization","name":"Fluence","url":"https:\/\/www.fluencecorp.com\/pt\/","logo":{"@type":"ImageObject","inLanguage":"pt-BR","@id":"https:\/\/www.fluencecorp.com\/pt\/#\/schema\/logo\/image\/","url":"https:\/\/www.fluencecorp.com\/wp-content\/uploads\/2018\/03\/fluence-seo-logo.png","contentUrl":"https:\/\/www.fluencecorp.com\/wp-content\/uploads\/2018\/03\/fluence-seo-logo.png","width":523,"height":181,"caption":"Fluence"},"image":{"@id":"https:\/\/www.fluencecorp.com\/pt\/#\/schema\/logo\/image\/"},"sameAs":["https:\/\/www.facebook.com\/FluenceCorp","https:\/\/x.com\/FluenceCorp","https:\/\/www.linkedin.com\/company-beta\/18150486\/"]}]}},"_links":{"self":[{"href":"https:\/\/www.fluencecorp.com\/pt\/wp-json\/wp\/v2\/pages\/45777","targetHints":{"allow":["GET"]}}],"collection":[{"href":"https:\/\/www.fluencecorp.com\/pt\/wp-json\/wp\/v2\/pages"}],"about":[{"href":"https:\/\/www.fluencecorp.com\/pt\/wp-json\/wp\/v2\/types\/page"}],"author":[{"embeddable":true,"href":"https:\/\/www.fluencecorp.com\/pt\/wp-json\/wp\/v2\/users\/1"}],"replies":[{"embeddable":true,"href":"https:\/\/www.fluencecorp.com\/pt\/wp-json\/wp\/v2\/comments?post=45777"}],"version-history":[{"count":0,"href":"https:\/\/www.fluencecorp.com\/pt\/wp-json\/wp\/v2\/pages\/45777\/revisions"}],"wp:featuredmedia":[{"embeddable":true,"href":"https:\/\/www.fluencecorp.com\/pt\/wp-json\/wp\/v2\/media\/61461"}],"wp:attachment":[{"href":"https:\/\/www.fluencecorp.com\/pt\/wp-json\/wp\/v2\/media?parent=45777"}],"wp:term":[{"taxonomy":"author","embeddable":true,"href":"https:\/\/www.fluencecorp.com\/pt\/wp-json\/wp\/v2\/coauthors?post=45777"}],"curies":[{"name":"wp","href":"https:\/\/api.w.org\/{rel}","templated":true}]}}