{"id":45772,"date":"2017-07-10T05:50:53","date_gmt":"2017-07-09T19:50:53","guid":{"rendered":"https:\/\/www.fluencecorp.com\/about\/"},"modified":"2020-02-13T06:32:29","modified_gmt":"2020-02-12T19:32:29","slug":"sobre-nos","status":"publish","type":"page","link":"https:\/\/www.fluencecorp.com\/pt\/sobre-nos\/","title":{"rendered":"Sobre N\u00f3s"},"content":{"rendered":"<p>[et_pb_section fb_built=&#8221;1&#8243; _builder_version=&#8221;3.22&#8243; background_color=&#8221;#f4f4f4&#8243; background_blend=&#8221;multiply&#8221; custom_padding=&#8221;0px||0px|&#8221;][et_pb_row _builder_version=&#8221;3.25&#8243; custom_margin=&#8221;0px||0px|&#8221; custom_padding=&#8221;0px||0px|&#8221;][et_pb_column type=&#8221;4_4&#8243; _builder_version=&#8221;3.25&#8243; background_position=&#8221;top_left&#8221; custom_padding=&#8221;|||&#8221; custom_padding__hover=&#8221;|||&#8221;][et_pb_text admin_label=&#8221;Header with Grey Background&#8221; _builder_version=&#8221;3.27.4&#8243; text_text_color=&#8221;#778591&#8243; text_font_size=&#8221;24&#8243; header_font=&#8221;|on|||&#8221; header_text_color=&#8221;#0b3a5d&#8221; header_font_size=&#8221;52px&#8221; custom_margin=&#8221;10px||10px|&#8221; custom_padding=&#8221;44px||44px|&#8221; text_font_size_tablet=&#8221;16&#8243; text_font_size_phone=&#8221;&#8221; text_font_size_last_edited=&#8221;on|phone&#8221; header_font_size_tablet=&#8221;35px&#8221; header_font_size_phone=&#8221;28px&#8221; header_font_size_last_edited=&#8221;on|phone&#8221;]<\/p>\n<h1>Sobre N\u00f3s<\/h1>\n<p>Com mais de 7.000 refer\u00eancias em 60 pa\u00edses, a Fluence est\u00e1 empenhada em se tornar a l\u00edder mundial em solu\u00e7\u00f5es de tratamento descentralizado de \u00e1gua e efluentes<br \/>\n[\/et_pb_text][\/et_pb_column][\/et_pb_row][\/et_pb_section][et_pb_section fb_built=&#8221;1&#8243; _builder_version=&#8221;3.22&#8243; custom_padding=&#8221;0px||0px|&#8221;][et_pb_row column_structure=&#8221;2_3,1_3&#8243; _builder_version=&#8221;3.25&#8243; background_size=&#8221;initial&#8221; background_position=&#8221;top_left&#8221; background_repeat=&#8221;repeat&#8221;][et_pb_column type=&#8221;2_3&#8243; _builder_version=&#8221;3.25&#8243; custom_padding=&#8221;|||&#8221; custom_padding__hover=&#8221;|||&#8221;][et_pb_text admin_label=&#8221;Main Body Text&#8221; _builder_version=&#8221;4.2.2&#8243;]Fluence Corporation foi criada em 2017 ap\u00f3s algumas fus\u00f5es e aquisi\u00e7\u00f5es para se converter no fornecedor global l\u00edder em solu\u00e7\u00f5es de tratamento de \u00e1gua e efluentes, r\u00e1pidas de implementar, descentralizadas e compactas. Com uma equipe de profissionais do ramo da \u00e1gua altamente treinados e com experi\u00eancia, operando em dezenas de pa\u00edses ao redor do mundo, a Fluence oferece solu\u00e7\u00f5es de tratamento de \u00e1gua e re\u00faso, locais e sustent\u00e1veis, aonde quer que seja necess\u00e1rio.<\/p>\n<p>A Fluence oferece uma gama de servi\u00e7os integrados em todo ciclo da \u00e1gua, desde avalia\u00e7\u00e3o inicial, passando pelo projeto e entrega, at\u00e9 suporte cont\u00ednuo e otimiza\u00e7\u00e3o de ativos relacionados \u00e0 \u00e1gua. Com base de opera\u00e7\u00f5es na Am\u00e9rica do Norte, Am\u00e9rica do Sul, Oriente M\u00e9dio e Europa, a Fluence est\u00e1 em expans\u00e3o ao mercado de tratamento de efluentes rurais na China.<\/p>\n<h3>Nossa Miss\u00e3o<\/h3>\n<p>A Fluence re\u00fane tecnologias avan\u00e7adas para tratamento de \u00e1gua e solu\u00e7\u00f5es comprovadas para otimizar o ciclo da \u00e1gua no s\u00e9culo XXI. Oferecemos ao mercado de m\u00e9dio porte solu\u00e7\u00f5es locais, sustent\u00e1veis e de f\u00e1cil implementa\u00e7\u00e3o em tratamentos de \u00e1gua, efluentes e re\u00faso, permitindo que empresas e comunidades de todo o mundo aproveitem ao m\u00e1ximo seus recursos h\u00eddricos.<\/p>\n<h3>Solu\u00e7\u00f5es Para o Ciclo Completo da \u00c1gua<\/h3>\n<p>A Fluence oferece uma ampla gama de servi\u00e7os que abrangem todo o ciclo da \u00e1gua, desde a avalia\u00e7\u00e3o da fonte de origem, passando pelo desenho, sua posterior entrega, suporte t\u00e9cnico permanente p\u00f3s-venda at\u00e9 a otimiza\u00e7\u00e3o dos recursos relacionados \u00e0 \u00e1gua. Nossas solu\u00e7\u00f5es incluem:<\/p>\n<ul>\n<li>Tecnologia de baixo consumo energ\u00e9tico que reduz o CAPEX e o OPEX<\/li>\n<li>Solu\u00e7\u00f5es de tratamento descentralizadas, compactas e pr\u00e9-projetadas para r\u00e1pida instala\u00e7\u00e3o<\/li>\n<li>Pacotes de financiamento sob medida para financiar plantas de tratamento de \u00e1gua e efluentes<\/li>\n<li>Constru\u00e7\u00e3o e opera\u00e7\u00e3o de ativos h\u00eddricos sob a modalidade de constru\u00e7\u00e3o-opera\u00e7\u00e3o-transfer\u00eancia (BOT), alugu\u00e9is, leasing e financiamento, e \u201cRe\u00faso como Servi\u00e7o\u201d (RaaS)<\/li>\n<\/ul>\n<h3>O que nos Torna \u00danicos?<\/h3>\n<p>A Fluence \u00e9 l\u00edder global em solu\u00e7\u00f5es descentralizadas de \u00e1gua e efluentes de m\u00e9dio porte. A Fluence se destaca em competir por:<\/p>\n<ul>\n<li>Fornecer solu\u00e7\u00f5es de tratamento altamente eficientes, integradas e pr\u00e9-projetadas<\/li>\n<li>Oferecer uma linha de produtos diferenciada<\/li>\n<li>Contar com profissionais especializados, altamente eficientes e com experi\u00eancia internacional no mercado de \u00e1gua descentralizada<\/li>\n<li>Servir todos os aspectos da cadeia de valor do mercado \u00e1gua<\/li>\n<\/ul>\n<h3>Base Global<\/h3>\n<p>Com sede em Nova York, a Fluence possui uma equipe global de mais de 300 profissionais altamente treinados, uma diretoria e equipe administrativa experiente e estabelecida, e mais de 7.000 refer\u00eancias em 60 pa\u00edses. A empresa possui opera\u00e7\u00f5es ativas em diversos pa\u00edses, e as principais est\u00e3o localizadas na Am\u00e9rica do Norte, Am\u00e9rica do Sul, Oriente M\u00e9dio e Europa. A Fluence est\u00e1, atualmente, expandindo-se para o extenso mercado de tratamento de efluentes rurais na China.[\/et_pb_text][\/et_pb_column][et_pb_column type=&#8221;1_3&#8243; _builder_version=&#8221;3.25&#8243; custom_padding=&#8221;|||&#8221; custom_padding__hover=&#8221;|||&#8221;][et_pb_blurb title=&#8221;DESAFIOS NO TRATAMENTO DE \u00c1GUA?&#8221; image=&#8221;https:\/\/www.fluencecorp.com\/wp-content\/uploads\/2017\/07\/water_treatment_02.svg&#8221; image_max_width=&#8221;80px&#8221; admin_label=&#8221;WATER CHALLENGES?&#8221; module_class=&#8221;fluenceblurb&#8221; _builder_version=&#8221;3.20.1&#8243; text_orientation=&#8221;center&#8221; max_width_tablet=&#8221;50px&#8221; custom_padding=&#8221;30px|20px|30px|20px&#8221; animation=&#8221;off&#8221; border_width_all=&#8221;1px&#8221; border_color_all=&#8221;#7fc8bd&#8221; use_border_color=&#8221;on&#8221;]Entre em contato conosco para conhecer mais sobre nossas solu\u00e7\u00f5es para tratamento de \u00e1gua e efluentes, ou para discutir seu pr\u00f3ximo projeto com nossos especialistas. Estamos aqui para ajudar!<\/p>\n<p><a class=\"et_pb_promo_button et_pb_button\" href=\"\/pt\/contato\/\">ENTRE EM CONTATO<\/a><br \/>\n[\/et_pb_blurb][et_pb_image src=&#8221;https:\/\/www.fluencecorp.com\/wp-content\/uploads\/2019\/11\/Design-Now-Widget-Blue-Portuguese-@2x.png?_t=1574452907&#8243; url=&#8221;\/design\/&#8221; admin_label=&#8221;designFluence PT Image&#8221; _builder_version=&#8221;4.0.6&#8243; locked=&#8221;off&#8221;][\/et_pb_image][\/et_pb_column][\/et_pb_row][\/et_pb_section]<\/p>\n","protected":false},"excerpt":{"rendered":"<p>Sobre N\u00f3s Com mais de 7.000 refer\u00eancias em 60 pa\u00edses, a Fluence est\u00e1 empenhada em se tornar a l\u00edder mundial em solu\u00e7\u00f5es de tratamento descentralizado de \u00e1gua e efluentes Fluence Corporation foi criada em 2017 ap\u00f3s algumas fus\u00f5es e aquisi\u00e7\u00f5es para se converter no fornecedor global l\u00edder em solu\u00e7\u00f5es de tratamento de \u00e1gua e efluentes, [&hellip;]<\/p>\n","protected":false},"author":2,"featured_media":56489,"parent":0,"menu_order":0,"comment_status":"closed","ping_status":"closed","template":"","meta":{"_et_pb_use_builder":"on","_et_pb_old_content":"","_et_gb_content_width":"","_relevanssi_hide_post":"","_relevanssi_hide_content":"","_relevanssi_pin_for_all":"","_relevanssi_pin_keywords":"","_relevanssi_unpin_keywords":"","_relevanssi_related_keywords":"","_relevanssi_related_include_ids":"","_relevanssi_related_exclude_ids":"","_relevanssi_related_no_append":"","_relevanssi_related_not_related":"","_relevanssi_related_posts":"","_relevanssi_noindex_reason":"","inline_featured_image":false,"footnotes":"","_links_to":"","_links_to_target":""},"coauthors":[],"class_list":["post-45772","page","type-page","status-publish","has-post-thumbnail","hentry"],"yoast_head":"<!-- This site is optimized with the Yoast SEO plugin v27.4 - https:\/\/yoast.com\/product\/yoast-seo-wordpress\/ -->\n<title>Sobre N\u00f3s | Fluence<\/title>\n<meta name=\"robots\" content=\"index, follow, max-snippet:-1, max-image-preview:large, max-video-preview:-1\" \/>\n<link rel=\"canonical\" href=\"https:\/\/www.fluencecorp.com\/pt\/sobre-nos\/\" \/>\n<meta property=\"og:locale\" content=\"pt_BR\" \/>\n<meta property=\"og:type\" content=\"article\" \/>\n<meta property=\"og:title\" content=\"Sobre N\u00f3s | Fluence\" \/>\n<meta property=\"og:description\" content=\"Sobre N\u00f3s Com mais de 7.000 refer\u00eancias em 60 pa\u00edses, a Fluence est\u00e1 empenhada em se tornar a l\u00edder mundial em solu\u00e7\u00f5es de tratamento descentralizado de \u00e1gua e efluentes Fluence Corporation foi criada em 2017 ap\u00f3s algumas fus\u00f5es e aquisi\u00e7\u00f5es para se converter no fornecedor global l\u00edder em solu\u00e7\u00f5es de tratamento de \u00e1gua e efluentes, [&hellip;]\" \/>\n<meta property=\"og:url\" content=\"https:\/\/www.fluencecorp.com\/pt\/sobre-nos\/\" \/>\n<meta property=\"article:publisher\" content=\"https:\/\/www.facebook.com\/FluenceCorp\" \/>\n<meta property=\"article:modified_time\" content=\"2020-02-12T19:32:29+00:00\" \/>\n<meta property=\"og:image\" content=\"https:\/\/www.fluencecorp.com\/wp-content\/uploads\/2020\/04\/fluence-site-logo.png\" \/>\n\t<meta property=\"og:image:width\" content=\"512\" \/>\n\t<meta property=\"og:image:height\" content=\"512\" \/>\n\t<meta property=\"og:image:type\" content=\"image\/png\" \/>\n<meta name=\"twitter:card\" content=\"summary_large_image\" \/>\n<meta name=\"twitter:site\" content=\"@FluenceCorp\" \/>\n<meta name=\"twitter:label1\" content=\"Est. tempo de leitura\" \/>\n\t<meta name=\"twitter:data1\" content=\"4 minutos\" \/>\n\t<meta name=\"twitter:label2\" content=\"Written by\" \/>\n\t<meta name=\"twitter:data2\" content=\"David Reich\" \/>\n<script type=\"application\/ld+json\" class=\"yoast-schema-graph\">{\"@context\":\"https:\\\/\\\/schema.org\",\"@graph\":[{\"@type\":\"WebPage\",\"@id\":\"https:\\\/\\\/www.fluencecorp.com\\\/pt\\\/sobre-nos\\\/\",\"url\":\"https:\\\/\\\/www.fluencecorp.com\\\/pt\\\/sobre-nos\\\/\",\"name\":\"Sobre N\u00f3s | Fluence\",\"isPartOf\":{\"@id\":\"https:\\\/\\\/www.fluencecorp.com\\\/pt\\\/#website\"},\"primaryImageOfPage\":{\"@id\":\"https:\\\/\\\/www.fluencecorp.com\\\/pt\\\/sobre-nos\\\/#primaryimage\"},\"image\":{\"@id\":\"https:\\\/\\\/www.fluencecorp.com\\\/pt\\\/sobre-nos\\\/#primaryimage\"},\"thumbnailUrl\":\"https:\\\/\\\/www.fluencecorp.com\\\/wp-content\\\/uploads\\\/2020\\\/04\\\/fluence-site-logo.png\",\"datePublished\":\"2017-07-09T19:50:53+00:00\",\"dateModified\":\"2020-02-12T19:32:29+00:00\",\"breadcrumb\":{\"@id\":\"https:\\\/\\\/www.fluencecorp.com\\\/pt\\\/sobre-nos\\\/#breadcrumb\"},\"inLanguage\":\"pt-BR\",\"potentialAction\":[{\"@type\":\"ReadAction\",\"target\":[\"https:\\\/\\\/www.fluencecorp.com\\\/pt\\\/sobre-nos\\\/\"]}]},{\"@type\":\"ImageObject\",\"inLanguage\":\"pt-BR\",\"@id\":\"https:\\\/\\\/www.fluencecorp.com\\\/pt\\\/sobre-nos\\\/#primaryimage\",\"url\":\"https:\\\/\\\/www.fluencecorp.com\\\/wp-content\\\/uploads\\\/2020\\\/04\\\/fluence-site-logo.png\",\"contentUrl\":\"https:\\\/\\\/www.fluencecorp.com\\\/wp-content\\\/uploads\\\/2020\\\/04\\\/fluence-site-logo.png\",\"width\":512,\"height\":512},{\"@type\":\"BreadcrumbList\",\"@id\":\"https:\\\/\\\/www.fluencecorp.com\\\/pt\\\/sobre-nos\\\/#breadcrumb\",\"itemListElement\":[{\"@type\":\"ListItem\",\"position\":1,\"name\":\"Home\",\"item\":\"https:\\\/\\\/www.fluencecorp.com\\\/pt\\\/\"},{\"@type\":\"ListItem\",\"position\":2,\"name\":\"Sobre N\u00f3s\"}]},{\"@type\":\"WebSite\",\"@id\":\"https:\\\/\\\/www.fluencecorp.com\\\/pt\\\/#website\",\"url\":\"https:\\\/\\\/www.fluencecorp.com\\\/pt\\\/\",\"name\":\"Fluence Corporation\",\"description\":\"\",\"publisher\":{\"@id\":\"https:\\\/\\\/www.fluencecorp.com\\\/pt\\\/#organization\"},\"potentialAction\":[{\"@type\":\"SearchAction\",\"target\":{\"@type\":\"EntryPoint\",\"urlTemplate\":\"https:\\\/\\\/www.fluencecorp.com\\\/pt\\\/?s={search_term_string}\"},\"query-input\":{\"@type\":\"PropertyValueSpecification\",\"valueRequired\":true,\"valueName\":\"search_term_string\"}}],\"inLanguage\":\"pt-BR\"},{\"@type\":\"Organization\",\"@id\":\"https:\\\/\\\/www.fluencecorp.com\\\/pt\\\/#organization\",\"name\":\"Fluence\",\"url\":\"https:\\\/\\\/www.fluencecorp.com\\\/pt\\\/\",\"logo\":{\"@type\":\"ImageObject\",\"inLanguage\":\"pt-BR\",\"@id\":\"https:\\\/\\\/www.fluencecorp.com\\\/pt\\\/#\\\/schema\\\/logo\\\/image\\\/\",\"url\":\"https:\\\/\\\/www.fluencecorp.com\\\/wp-content\\\/uploads\\\/2018\\\/03\\\/fluence-seo-logo.png\",\"contentUrl\":\"https:\\\/\\\/www.fluencecorp.com\\\/wp-content\\\/uploads\\\/2018\\\/03\\\/fluence-seo-logo.png\",\"width\":523,\"height\":181,\"caption\":\"Fluence\"},\"image\":{\"@id\":\"https:\\\/\\\/www.fluencecorp.com\\\/pt\\\/#\\\/schema\\\/logo\\\/image\\\/\"},\"sameAs\":[\"https:\\\/\\\/www.facebook.com\\\/FluenceCorp\",\"https:\\\/\\\/x.com\\\/FluenceCorp\",\"https:\\\/\\\/www.linkedin.com\\\/company-beta\\\/18150486\\\/\"]}]}<\/script>\n<!-- \/ Yoast SEO plugin. -->","yoast_head_json":{"title":"Sobre N\u00f3s | Fluence","robots":{"index":"index","follow":"follow","max-snippet":"max-snippet:-1","max-image-preview":"max-image-preview:large","max-video-preview":"max-video-preview:-1"},"canonical":"https:\/\/www.fluencecorp.com\/pt\/sobre-nos\/","og_locale":"pt_BR","og_type":"article","og_title":"Sobre N\u00f3s | Fluence","og_description":"Sobre N\u00f3s Com mais de 7.000 refer\u00eancias em 60 pa\u00edses, a Fluence est\u00e1 empenhada em se tornar a l\u00edder mundial em solu\u00e7\u00f5es de tratamento descentralizado de \u00e1gua e efluentes Fluence Corporation foi criada em 2017 ap\u00f3s algumas fus\u00f5es e aquisi\u00e7\u00f5es para se converter no fornecedor global l\u00edder em solu\u00e7\u00f5es de tratamento de \u00e1gua e efluentes, [&hellip;]","og_url":"https:\/\/www.fluencecorp.com\/pt\/sobre-nos\/","article_publisher":"https:\/\/www.facebook.com\/FluenceCorp","article_modified_time":"2020-02-12T19:32:29+00:00","og_image":[{"width":512,"height":512,"url":"https:\/\/www.fluencecorp.com\/wp-content\/uploads\/2020\/04\/fluence-site-logo.png","type":"image\/png"}],"twitter_card":"summary_large_image","twitter_site":"@FluenceCorp","twitter_misc":{"Est. tempo de leitura":"4 minutos","Written by":"David Reich"},"schema":{"@context":"https:\/\/schema.org","@graph":[{"@type":"WebPage","@id":"https:\/\/www.fluencecorp.com\/pt\/sobre-nos\/","url":"https:\/\/www.fluencecorp.com\/pt\/sobre-nos\/","name":"Sobre N\u00f3s | Fluence","isPartOf":{"@id":"https:\/\/www.fluencecorp.com\/pt\/#website"},"primaryImageOfPage":{"@id":"https:\/\/www.fluencecorp.com\/pt\/sobre-nos\/#primaryimage"},"image":{"@id":"https:\/\/www.fluencecorp.com\/pt\/sobre-nos\/#primaryimage"},"thumbnailUrl":"https:\/\/www.fluencecorp.com\/wp-content\/uploads\/2020\/04\/fluence-site-logo.png","datePublished":"2017-07-09T19:50:53+00:00","dateModified":"2020-02-12T19:32:29+00:00","breadcrumb":{"@id":"https:\/\/www.fluencecorp.com\/pt\/sobre-nos\/#breadcrumb"},"inLanguage":"pt-BR","potentialAction":[{"@type":"ReadAction","target":["https:\/\/www.fluencecorp.com\/pt\/sobre-nos\/"]}]},{"@type":"ImageObject","inLanguage":"pt-BR","@id":"https:\/\/www.fluencecorp.com\/pt\/sobre-nos\/#primaryimage","url":"https:\/\/www.fluencecorp.com\/wp-content\/uploads\/2020\/04\/fluence-site-logo.png","contentUrl":"https:\/\/www.fluencecorp.com\/wp-content\/uploads\/2020\/04\/fluence-site-logo.png","width":512,"height":512},{"@type":"BreadcrumbList","@id":"https:\/\/www.fluencecorp.com\/pt\/sobre-nos\/#breadcrumb","itemListElement":[{"@type":"ListItem","position":1,"name":"Home","item":"https:\/\/www.fluencecorp.com\/pt\/"},{"@type":"ListItem","position":2,"name":"Sobre N\u00f3s"}]},{"@type":"WebSite","@id":"https:\/\/www.fluencecorp.com\/pt\/#website","url":"https:\/\/www.fluencecorp.com\/pt\/","name":"Fluence Corporation","description":"","publisher":{"@id":"https:\/\/www.fluencecorp.com\/pt\/#organization"},"potentialAction":[{"@type":"SearchAction","target":{"@type":"EntryPoint","urlTemplate":"https:\/\/www.fluencecorp.com\/pt\/?s={search_term_string}"},"query-input":{"@type":"PropertyValueSpecification","valueRequired":true,"valueName":"search_term_string"}}],"inLanguage":"pt-BR"},{"@type":"Organization","@id":"https:\/\/www.fluencecorp.com\/pt\/#organization","name":"Fluence","url":"https:\/\/www.fluencecorp.com\/pt\/","logo":{"@type":"ImageObject","inLanguage":"pt-BR","@id":"https:\/\/www.fluencecorp.com\/pt\/#\/schema\/logo\/image\/","url":"https:\/\/www.fluencecorp.com\/wp-content\/uploads\/2018\/03\/fluence-seo-logo.png","contentUrl":"https:\/\/www.fluencecorp.com\/wp-content\/uploads\/2018\/03\/fluence-seo-logo.png","width":523,"height":181,"caption":"Fluence"},"image":{"@id":"https:\/\/www.fluencecorp.com\/pt\/#\/schema\/logo\/image\/"},"sameAs":["https:\/\/www.facebook.com\/FluenceCorp","https:\/\/x.com\/FluenceCorp","https:\/\/www.linkedin.com\/company-beta\/18150486\/"]}]}},"_links":{"self":[{"href":"https:\/\/www.fluencecorp.com\/pt\/wp-json\/wp\/v2\/pages\/45772","targetHints":{"allow":["GET"]}}],"collection":[{"href":"https:\/\/www.fluencecorp.com\/pt\/wp-json\/wp\/v2\/pages"}],"about":[{"href":"https:\/\/www.fluencecorp.com\/pt\/wp-json\/wp\/v2\/types\/page"}],"author":[{"embeddable":true,"href":"https:\/\/www.fluencecorp.com\/pt\/wp-json\/wp\/v2\/users\/2"}],"replies":[{"embeddable":true,"href":"https:\/\/www.fluencecorp.com\/pt\/wp-json\/wp\/v2\/comments?post=45772"}],"version-history":[{"count":0,"href":"https:\/\/www.fluencecorp.com\/pt\/wp-json\/wp\/v2\/pages\/45772\/revisions"}],"wp:featuredmedia":[{"embeddable":true,"href":"https:\/\/www.fluencecorp.com\/pt\/wp-json\/wp\/v2\/media\/56489"}],"wp:attachment":[{"href":"https:\/\/www.fluencecorp.com\/pt\/wp-json\/wp\/v2\/media?parent=45772"}],"wp:term":[{"taxonomy":"author","embeddable":true,"href":"https:\/\/www.fluencecorp.com\/pt\/wp-json\/wp\/v2\/coauthors?post=45772"}],"curies":[{"name":"wp","href":"https:\/\/api.w.org\/{rel}","templated":true}]}}