{"id":91038,"date":"2026-02-17T07:54:53","date_gmt":"2026-02-16T20:54:53","guid":{"rendered":"https:\/\/www.fluencecorp.com\/?page_id=91038"},"modified":"2026-02-17T07:55:03","modified_gmt":"2026-02-16T20:55:03","slug":"auditoria-diagnostico-optimizacion","status":"publish","type":"page","link":"https:\/\/www.fluencecorp.com\/es\/auditoria-diagnostico-optimizacion\/","title":{"rendered":"Soluciones para Miner\u00eda y Extracci\u00f3n de Litio"},"content":{"rendered":"<p>[et_pb_section fb_built=\u00bb1&#8243; _builder_version=\u00bb4.16&#8243; background_color=\u00bb#f4f4f4&#8243; background_blend=\u00bbmultiply\u00bb custom_padding=\u00bb0px||0px|\u00bb da_disable_devices=\u00bboff|off|off\u00bb global_colors_info=\u00bb{}\u00bb da_is_popup=\u00bboff\u00bb da_exit_intent=\u00bboff\u00bb da_has_close=\u00bbon\u00bb da_alt_close=\u00bboff\u00bb da_dark_close=\u00bboff\u00bb da_not_modal=\u00bbon\u00bb da_is_singular=\u00bboff\u00bb da_with_loader=\u00bboff\u00bb da_has_shadow=\u00bbon\u00bb][et_pb_row _builder_version=\u00bb4.16&#8243; custom_margin=\u00bb0px||0px|\u00bb custom_padding=\u00bb0px||0px|\u00bb global_colors_info=\u00bb{}\u00bb][et_pb_column type=\u00bb4_4&#8243; _builder_version=\u00bb4.16&#8243; background_position=\u00bbtop_left\u00bb custom_padding=\u00bb|||\u00bb global_colors_info=\u00bb{}\u00bb custom_padding__hover=\u00bb|||\u00bb][et_pb_text admin_label=\u00bbHeader with Grey Background\u00bb _builder_version=\u00bb4.27.5&#8243; text_text_color=\u00bb#778591&#8243; text_font_size=\u00bb24&#8243; header_font=\u00bb|on|||\u00bb header_text_color=\u00bb#0b3a5d\u00bb header_font_size=\u00bb52px\u00bb custom_margin=\u00bb10px||10px|\u00bb custom_padding=\u00bb44px||44px|\u00bb text_font_size_tablet=\u00bb16&#8243; text_font_size_phone=\u00bb\u00bb text_font_size_last_edited=\u00bbon|phone\u00bb header_font_size_tablet=\u00bb35px\u00bb header_font_size_phone=\u00bb28px\u00bb header_font_size_last_edited=\u00bbon|phone\u00bb global_colors_info=\u00bb{}\u00bb]<\/p>\n<h1>Servicio de Auditor\u00eda &#038; Diagn\u00f3stico para la Optimizaci\u00f3n de Plantas de Agua<\/h1>\n<h2>Identific\u00e1 oportunidades. Reduc\u00ed costos. Maximiz\u00e1 resultados.<\/h2>\n<p>[\/et_pb_text][\/et_pb_column][\/et_pb_row][\/et_pb_section][et_pb_section fb_built=\u00bb1&#8243; _builder_version=\u00bb4.16&#8243; custom_padding=\u00bb0px||0px|\u00bb da_disable_devices=\u00bboff|off|off\u00bb global_colors_info=\u00bb{}\u00bb da_is_popup=\u00bboff\u00bb da_exit_intent=\u00bboff\u00bb da_has_close=\u00bbon\u00bb da_alt_close=\u00bboff\u00bb da_dark_close=\u00bboff\u00bb da_not_modal=\u00bbon\u00bb da_is_singular=\u00bboff\u00bb da_with_loader=\u00bboff\u00bb da_has_shadow=\u00bbon\u00bb][et_pb_row column_structure=\u00bb1_2,1_2&#8243; _builder_version=\u00bb4.27.5&#8243; _module_preset=\u00bbdefault\u00bb global_colors_info=\u00bb{}\u00bb][et_pb_column type=\u00bb1_2&#8243; _builder_version=\u00bb4.27.5&#8243; _module_preset=\u00bbdefault\u00bb global_colors_info=\u00bb{}\u00bb][et_pb_text _builder_version=\u00bb4.27.5&#8243; _module_preset=\u00bbdefault\u00bb global_colors_info=\u00bb{}\u00bb]<\/p>\n<h3>\u00bfPor qu\u00e9 contratar este servicio?<\/h3>\n<p>En un contexto donde cada recurso cuenta, asegurar la eficiencia operativa de tu planta no es una opci\u00f3n: es una necesidad.<\/p>\n<p>Nuestro servicio de Auditor\u00eda &amp; Diagn\u00f3stico est\u00e1 dise\u00f1ado para brindarte una visi\u00f3n experta y objetiva del estado real de tu planta de agua, efluentes o re\u00faso.<\/p>\n<ul>\n<li>Detect\u00e1 desv\u00edos o fallas antes de que se conviertan en problemas.<\/li>\n<li>Mejor\u00e1 el rendimiento de tus procesos y sistemas.<\/li>\n<li>Us\u00e1 el diagn\u00f3stico como base para tomar decisiones t\u00e9cnicas y estrat\u00e9gicas.<\/li>\n<\/ul>\n<p>[\/et_pb_text][\/et_pb_column][et_pb_column type=\u00bb1_2&#8243; _builder_version=\u00bb4.27.5&#8243; _module_preset=\u00bbdefault\u00bb global_colors_info=\u00bb{}\u00bb][et_pb_image src=\u00bbhttps:\/\/www.fluencecorp.com\/wp-content\/uploads\/2026\/02\/Servicio-de-Auditoria-Diagnostico-img.jpg\u00bb alt=\u00bbServicio de Auditor\u00eda &#038; Diagn\u00f3stico \u00bb title_text=\u00bbServicio de Auditor\u00eda &#038; Diagn\u00f3stico para la Optimizaci\u00f3n de Plantas de Agua\u00bb _builder_version=\u00bb4.27.5&#8243; _module_preset=\u00bbdefault\u00bb global_colors_info=\u00bb{}\u00bb][\/et_pb_image][\/et_pb_column][\/et_pb_row][et_pb_row column_structure=\u00bb2_3,1_3&#8243; _builder_version=\u00bb4.16&#8243; background_size=\u00bbinitial\u00bb background_position=\u00bbtop_left\u00bb background_repeat=\u00bbrepeat\u00bb global_colors_info=\u00bb{}\u00bb][et_pb_column type=\u00bb2_3&#8243; _builder_version=\u00bb4.16&#8243; custom_padding=\u00bb|||\u00bb global_colors_info=\u00bb{}\u00bb custom_padding__hover=\u00bb|||\u00bb][et_pb_text admin_label=\u00bbMain Body Text\u00bb _builder_version=\u00bb4.27.5&#8243; global_colors_info=\u00bb{}\u00bb]<\/p>\n<h3>\u00bfQu\u00e9 incluye el servicio?<\/h3>\n<ol>\n<li>Visita t\u00e9cnica a planta.<\/li>\n<li>An\u00e1lisis t\u00e9cnico y diagn\u00f3stico.<\/li>\n<li>Informe t\u00e9cnico con recomendaciones.<\/li>\n<\/ol>\n<p>Aplicable a:<br \/>Plantas de <a href=\"https:\/\/www.fluencecorp.com\/es\/tratamiento-agua-soluciones\/\" target=\"_blank\" rel=\"noopener\">tratamiento de agua<\/a> (UF, RO, EDI, etc.).<\/p>\n<p>Plantas de <a href=\"https:\/\/www.fluencecorp.com\/es\/reuso-de-agua\/\" target=\"_blank\" rel=\"noopener\">re\u00faso<\/a> o efluentes (MBR).<\/p>\n<p>Sistemas nuevos o existentes.<\/p>\n<h3>Beneficios concretos para tu empresa<\/h3>\n<ul>\n<li>Ahorro de costos en energ\u00eda, qu\u00edmicos y mantenimiento.<\/li>\n<li>Mayor confiabilidad operativa: menos paradas, m\u00e1s estabilidad y robustez.<\/li>\n<li>Extensi\u00f3n de vida \u00fatil de equipos clave (membranas, filtros, v\u00e1lvulas).<\/li>\n<li>Mejora en calidad de agua tratada o efluente.<\/li>\n<li>Base t\u00e9cnica para planificar inversiones.<\/li>\n<li>Soporte experto desde el diagn\u00f3stico hasta la implementaci\u00f3n.<\/li>\n<\/ul>\n<p>Coordinemos una visita t\u00e9cnica y comencemos el diagn\u00f3stico para evaluar tu planta y poder elaborar un informe con oportunidades de mejora. <a href=\"https:\/\/www.fluencecorp.com\/es\/contacto\/\" target=\"_blank\" rel=\"noopener\">Comunicate con nuestro equipo de profesionales.<\/a><\/p>\n<p>[\/et_pb_text][\/et_pb_column][et_pb_column type=\u00bb1_3&#8243; _builder_version=\u00bb4.16&#8243; custom_padding=\u00bb|||\u00bb global_colors_info=\u00bb{}\u00bb custom_padding__hover=\u00bb|||\u00bb][et_pb_blurb title=\u00bbPERFORMANCE DE PLANTA OPTIMIZADA\u00bb image=\u00bbhttps:\/\/www.fluencecorp.com\/wp-content\/uploads\/2017\/07\/smart_02.svg\u00bb admin_label=\u00bbWASTE-TO-ENERGY CHALLENGES &#8211; ES\u00bb module_class=\u00bbfluenceblurb\u00bb _builder_version=\u00bb4.27.5&#8243; text_orientation=\u00bbcenter\u00bb max_width_tablet=\u00bb50px\u00bb custom_padding=\u00bb30px|20px|30px|20px\u00bb animation=\u00bboff\u00bb border_radii=\u00bbon|3px|3px|3px|3px\u00bb border_width_all=\u00bb1px\u00bb border_color_all=\u00bb#7fc8bd\u00bb use_border_color=\u00bbon\u00bb use_circle=\u00bboff\u00bb use_circle_border=\u00bboff\u00bb global_colors_info=\u00bb{}\u00bb]Comun\u00edquese con Fluence para obtener m\u00e1s informaci\u00f3n sobre la monitorizaci\u00f3n remota TAMI\u2122 o para analizar detalles espec\u00edficos de su proyecto.<\/p>\n<p><a class=\"et_pb_promo_button et_pb_button\" href=\"\/es\/contacto\/\">CONT\u00c1CTESE<\/a>[\/et_pb_blurb][et_pb_image src=\u00bbhttps:\/\/www.fluencecorp.com\/wp-content\/uploads\/2019\/11\/Design-Now-Widget-Blue-Spanish@2x.png?_t=1574706535&#8243; url=\u00bb\/design\/\u00bb admin_label=\u00bbdesignFluence Widget Image\u00bb _builder_version=\u00bb4.16&#8243; saved_tabs=\u00bball\u00bb locked=\u00bboff\u00bb global_colors_info=\u00bb{}\u00bb][\/et_pb_image][\/et_pb_column][\/et_pb_row][\/et_pb_section]<\/p>\n","protected":false},"excerpt":{"rendered":"<p>En un contexto donde cada recurso cuenta, asegurar la eficiencia operativa de tu planta no es una opci\u00f3n: es una necesidad.<\/p>\n","protected":false},"author":1,"featured_media":34297,"parent":0,"menu_order":0,"comment_status":"closed","ping_status":"closed","template":"","meta":{"_et_pb_use_builder":"on","_et_pb_old_content":"","_et_gb_content_width":"","_relevanssi_hide_post":"","_relevanssi_hide_content":"","_relevanssi_pin_for_all":"","_relevanssi_pin_keywords":"","_relevanssi_unpin_keywords":"","_relevanssi_related_keywords":"","_relevanssi_related_include_ids":"","_relevanssi_related_exclude_ids":"","_relevanssi_related_no_append":"","_relevanssi_related_not_related":"","_relevanssi_related_posts":"","_relevanssi_noindex_reason":"","inline_featured_image":false,"footnotes":"","_links_to":"","_links_to_target":""},"coauthors":[266],"class_list":["post-91038","page","type-page","status-publish","has-post-thumbnail","hentry"],"yoast_head":"<!-- This site is optimized with the Yoast SEO plugin v27.4 - https:\/\/yoast.com\/product\/yoast-seo-wordpress\/ -->\n<title>Servicio de Auditor\u00eda &amp; Diagn\u00f3stico para la Optimizaci\u00f3n de Plantas de Agua | Fluence<\/title>\n<meta name=\"description\" content=\"En un contexto donde cada recurso cuenta, asegurar la eficiencia operativa de tu planta no es una opci\u00f3n: es una necesidad.\" \/>\n<meta name=\"robots\" content=\"index, follow, max-snippet:-1, max-image-preview:large, max-video-preview:-1\" \/>\n<link rel=\"canonical\" href=\"https:\/\/www.fluencecorp.com\/es\/auditoria-diagnostico-optimizacion\/\" \/>\n<meta property=\"og:locale\" content=\"es_ES\" \/>\n<meta property=\"og:type\" content=\"article\" \/>\n<meta property=\"og:title\" content=\"Servicio de Auditor\u00eda &amp; Diagn\u00f3stico para la Optimizaci\u00f3n de Plantas de Agua\" \/>\n<meta property=\"og:description\" content=\"En un contexto donde cada recurso cuenta, asegurar la eficiencia operativa de tu planta no es una opci\u00f3n: es una necesidad.\" \/>\n<meta property=\"og:url\" content=\"https:\/\/www.fluencecorp.com\/es\/auditoria-diagnostico-optimizacion\/\" \/>\n<meta property=\"article:publisher\" content=\"https:\/\/www.facebook.com\/FluenceCorp\" \/>\n<meta property=\"article:modified_time\" content=\"2026-02-16T20:55:03+00:00\" \/>\n<meta property=\"og:image\" content=\"https:\/\/www.fluencecorp.com\/wp-content\/uploads\/2017\/07\/droplet-pattern.png\" \/>\n\t<meta property=\"og:image:width\" content=\"347\" \/>\n\t<meta property=\"og:image:height\" content=\"231\" \/>\n\t<meta property=\"og:image:type\" content=\"image\/png\" \/>\n<meta name=\"twitter:card\" content=\"summary_large_image\" \/>\n<meta name=\"twitter:title\" content=\"Servicio de Auditor\u00eda &amp; Diagn\u00f3stico para la Optimizaci\u00f3n de Plantas de Agua\" \/>\n<meta name=\"twitter:site\" content=\"@FluenceCorp\" \/>\n<meta name=\"twitter:label1\" content=\"Tiempo de lectura\" \/>\n\t<meta name=\"twitter:data1\" content=\"2 minutos\" \/>\n\t<meta name=\"twitter:label2\" content=\"Written by\" \/>\n\t<meta name=\"twitter:data2\" content=\"sysop\" \/>\n<script type=\"application\/ld+json\" class=\"yoast-schema-graph\">{\"@context\":\"https:\\\/\\\/schema.org\",\"@graph\":[{\"@type\":\"WebPage\",\"@id\":\"https:\\\/\\\/www.fluencecorp.com\\\/es\\\/auditoria-diagnostico-optimizacion\\\/\",\"url\":\"https:\\\/\\\/www.fluencecorp.com\\\/es\\\/auditoria-diagnostico-optimizacion\\\/\",\"name\":\"Servicio de Auditor\u00eda & Diagn\u00f3stico para la Optimizaci\u00f3n de Plantas de Agua | Fluence\",\"isPartOf\":{\"@id\":\"https:\\\/\\\/www.fluencecorp.com\\\/es\\\/#website\"},\"primaryImageOfPage\":{\"@id\":\"https:\\\/\\\/www.fluencecorp.com\\\/es\\\/auditoria-diagnostico-optimizacion\\\/#primaryimage\"},\"image\":{\"@id\":\"https:\\\/\\\/www.fluencecorp.com\\\/es\\\/auditoria-diagnostico-optimizacion\\\/#primaryimage\"},\"thumbnailUrl\":\"https:\\\/\\\/www.fluencecorp.com\\\/wp-content\\\/uploads\\\/2017\\\/07\\\/droplet-pattern.png\",\"datePublished\":\"2026-02-16T20:54:53+00:00\",\"dateModified\":\"2026-02-16T20:55:03+00:00\",\"description\":\"En un contexto donde cada recurso cuenta, asegurar la eficiencia operativa de tu planta no es una opci\u00f3n: es una necesidad.\",\"breadcrumb\":{\"@id\":\"https:\\\/\\\/www.fluencecorp.com\\\/es\\\/auditoria-diagnostico-optimizacion\\\/#breadcrumb\"},\"inLanguage\":\"es\",\"potentialAction\":[{\"@type\":\"ReadAction\",\"target\":[\"https:\\\/\\\/www.fluencecorp.com\\\/es\\\/auditoria-diagnostico-optimizacion\\\/\"]}]},{\"@type\":\"ImageObject\",\"inLanguage\":\"es\",\"@id\":\"https:\\\/\\\/www.fluencecorp.com\\\/es\\\/auditoria-diagnostico-optimizacion\\\/#primaryimage\",\"url\":\"https:\\\/\\\/www.fluencecorp.com\\\/wp-content\\\/uploads\\\/2017\\\/07\\\/droplet-pattern.png\",\"contentUrl\":\"https:\\\/\\\/www.fluencecorp.com\\\/wp-content\\\/uploads\\\/2017\\\/07\\\/droplet-pattern.png\",\"width\":347,\"height\":231},{\"@type\":\"BreadcrumbList\",\"@id\":\"https:\\\/\\\/www.fluencecorp.com\\\/es\\\/auditoria-diagnostico-optimizacion\\\/#breadcrumb\",\"itemListElement\":[{\"@type\":\"ListItem\",\"position\":1,\"name\":\"Home\",\"item\":\"https:\\\/\\\/www.fluencecorp.com\\\/es\\\/\"},{\"@type\":\"ListItem\",\"position\":2,\"name\":\"Soluciones para Miner\u00eda y Extracci\u00f3n de Litio\"}]},{\"@type\":\"WebSite\",\"@id\":\"https:\\\/\\\/www.fluencecorp.com\\\/es\\\/#website\",\"url\":\"https:\\\/\\\/www.fluencecorp.com\\\/es\\\/\",\"name\":\"Fluence Corporation\",\"description\":\"\",\"publisher\":{\"@id\":\"https:\\\/\\\/www.fluencecorp.com\\\/es\\\/#organization\"},\"potentialAction\":[{\"@type\":\"SearchAction\",\"target\":{\"@type\":\"EntryPoint\",\"urlTemplate\":\"https:\\\/\\\/www.fluencecorp.com\\\/es\\\/?s={search_term_string}\"},\"query-input\":{\"@type\":\"PropertyValueSpecification\",\"valueRequired\":true,\"valueName\":\"search_term_string\"}}],\"inLanguage\":\"es\"},{\"@type\":\"Organization\",\"@id\":\"https:\\\/\\\/www.fluencecorp.com\\\/es\\\/#organization\",\"name\":\"Fluence\",\"url\":\"https:\\\/\\\/www.fluencecorp.com\\\/es\\\/\",\"logo\":{\"@type\":\"ImageObject\",\"inLanguage\":\"es\",\"@id\":\"https:\\\/\\\/www.fluencecorp.com\\\/es\\\/#\\\/schema\\\/logo\\\/image\\\/\",\"url\":\"https:\\\/\\\/www.fluencecorp.com\\\/wp-content\\\/uploads\\\/2018\\\/03\\\/fluence-seo-logo.png\",\"contentUrl\":\"https:\\\/\\\/www.fluencecorp.com\\\/wp-content\\\/uploads\\\/2018\\\/03\\\/fluence-seo-logo.png\",\"width\":523,\"height\":181,\"caption\":\"Fluence\"},\"image\":{\"@id\":\"https:\\\/\\\/www.fluencecorp.com\\\/es\\\/#\\\/schema\\\/logo\\\/image\\\/\"},\"sameAs\":[\"https:\\\/\\\/www.facebook.com\\\/FluenceCorp\",\"https:\\\/\\\/x.com\\\/FluenceCorp\",\"https:\\\/\\\/www.linkedin.com\\\/company-beta\\\/18150486\\\/\"]}]}<\/script>\n<!-- \/ Yoast SEO plugin. -->","yoast_head_json":{"title":"Servicio de Auditor\u00eda & Diagn\u00f3stico para la Optimizaci\u00f3n de Plantas de Agua | Fluence","description":"En un contexto donde cada recurso cuenta, asegurar la eficiencia operativa de tu planta no es una opci\u00f3n: es una necesidad.","robots":{"index":"index","follow":"follow","max-snippet":"max-snippet:-1","max-image-preview":"max-image-preview:large","max-video-preview":"max-video-preview:-1"},"canonical":"https:\/\/www.fluencecorp.com\/es\/auditoria-diagnostico-optimizacion\/","og_locale":"es_ES","og_type":"article","og_title":"Servicio de Auditor\u00eda & Diagn\u00f3stico para la Optimizaci\u00f3n de Plantas de Agua","og_description":"En un contexto donde cada recurso cuenta, asegurar la eficiencia operativa de tu planta no es una opci\u00f3n: es una necesidad.","og_url":"https:\/\/www.fluencecorp.com\/es\/auditoria-diagnostico-optimizacion\/","article_publisher":"https:\/\/www.facebook.com\/FluenceCorp","article_modified_time":"2026-02-16T20:55:03+00:00","og_image":[{"width":347,"height":231,"url":"https:\/\/www.fluencecorp.com\/wp-content\/uploads\/2017\/07\/droplet-pattern.png","type":"image\/png"}],"twitter_card":"summary_large_image","twitter_title":"Servicio de Auditor\u00eda & Diagn\u00f3stico para la Optimizaci\u00f3n de Plantas de Agua","twitter_site":"@FluenceCorp","twitter_misc":{"Tiempo de lectura":"2 minutos","Written by":"sysop"},"schema":{"@context":"https:\/\/schema.org","@graph":[{"@type":"WebPage","@id":"https:\/\/www.fluencecorp.com\/es\/auditoria-diagnostico-optimizacion\/","url":"https:\/\/www.fluencecorp.com\/es\/auditoria-diagnostico-optimizacion\/","name":"Servicio de Auditor\u00eda & Diagn\u00f3stico para la Optimizaci\u00f3n de Plantas de Agua | Fluence","isPartOf":{"@id":"https:\/\/www.fluencecorp.com\/es\/#website"},"primaryImageOfPage":{"@id":"https:\/\/www.fluencecorp.com\/es\/auditoria-diagnostico-optimizacion\/#primaryimage"},"image":{"@id":"https:\/\/www.fluencecorp.com\/es\/auditoria-diagnostico-optimizacion\/#primaryimage"},"thumbnailUrl":"https:\/\/www.fluencecorp.com\/wp-content\/uploads\/2017\/07\/droplet-pattern.png","datePublished":"2026-02-16T20:54:53+00:00","dateModified":"2026-02-16T20:55:03+00:00","description":"En un contexto donde cada recurso cuenta, asegurar la eficiencia operativa de tu planta no es una opci\u00f3n: es una necesidad.","breadcrumb":{"@id":"https:\/\/www.fluencecorp.com\/es\/auditoria-diagnostico-optimizacion\/#breadcrumb"},"inLanguage":"es","potentialAction":[{"@type":"ReadAction","target":["https:\/\/www.fluencecorp.com\/es\/auditoria-diagnostico-optimizacion\/"]}]},{"@type":"ImageObject","inLanguage":"es","@id":"https:\/\/www.fluencecorp.com\/es\/auditoria-diagnostico-optimizacion\/#primaryimage","url":"https:\/\/www.fluencecorp.com\/wp-content\/uploads\/2017\/07\/droplet-pattern.png","contentUrl":"https:\/\/www.fluencecorp.com\/wp-content\/uploads\/2017\/07\/droplet-pattern.png","width":347,"height":231},{"@type":"BreadcrumbList","@id":"https:\/\/www.fluencecorp.com\/es\/auditoria-diagnostico-optimizacion\/#breadcrumb","itemListElement":[{"@type":"ListItem","position":1,"name":"Home","item":"https:\/\/www.fluencecorp.com\/es\/"},{"@type":"ListItem","position":2,"name":"Soluciones para Miner\u00eda y Extracci\u00f3n de Litio"}]},{"@type":"WebSite","@id":"https:\/\/www.fluencecorp.com\/es\/#website","url":"https:\/\/www.fluencecorp.com\/es\/","name":"Fluence Corporation","description":"","publisher":{"@id":"https:\/\/www.fluencecorp.com\/es\/#organization"},"potentialAction":[{"@type":"SearchAction","target":{"@type":"EntryPoint","urlTemplate":"https:\/\/www.fluencecorp.com\/es\/?s={search_term_string}"},"query-input":{"@type":"PropertyValueSpecification","valueRequired":true,"valueName":"search_term_string"}}],"inLanguage":"es"},{"@type":"Organization","@id":"https:\/\/www.fluencecorp.com\/es\/#organization","name":"Fluence","url":"https:\/\/www.fluencecorp.com\/es\/","logo":{"@type":"ImageObject","inLanguage":"es","@id":"https:\/\/www.fluencecorp.com\/es\/#\/schema\/logo\/image\/","url":"https:\/\/www.fluencecorp.com\/wp-content\/uploads\/2018\/03\/fluence-seo-logo.png","contentUrl":"https:\/\/www.fluencecorp.com\/wp-content\/uploads\/2018\/03\/fluence-seo-logo.png","width":523,"height":181,"caption":"Fluence"},"image":{"@id":"https:\/\/www.fluencecorp.com\/es\/#\/schema\/logo\/image\/"},"sameAs":["https:\/\/www.facebook.com\/FluenceCorp","https:\/\/x.com\/FluenceCorp","https:\/\/www.linkedin.com\/company-beta\/18150486\/"]}]}},"_links":{"self":[{"href":"https:\/\/www.fluencecorp.com\/es\/wp-json\/wp\/v2\/pages\/91038","targetHints":{"allow":["GET"]}}],"collection":[{"href":"https:\/\/www.fluencecorp.com\/es\/wp-json\/wp\/v2\/pages"}],"about":[{"href":"https:\/\/www.fluencecorp.com\/es\/wp-json\/wp\/v2\/types\/page"}],"author":[{"embeddable":true,"href":"https:\/\/www.fluencecorp.com\/es\/wp-json\/wp\/v2\/users\/1"}],"replies":[{"embeddable":true,"href":"https:\/\/www.fluencecorp.com\/es\/wp-json\/wp\/v2\/comments?post=91038"}],"version-history":[{"count":0,"href":"https:\/\/www.fluencecorp.com\/es\/wp-json\/wp\/v2\/pages\/91038\/revisions"}],"wp:featuredmedia":[{"embeddable":true,"href":"https:\/\/www.fluencecorp.com\/es\/wp-json\/wp\/v2\/media\/34297"}],"wp:attachment":[{"href":"https:\/\/www.fluencecorp.com\/es\/wp-json\/wp\/v2\/media?parent=91038"}],"wp:term":[{"taxonomy":"author","embeddable":true,"href":"https:\/\/www.fluencecorp.com\/es\/wp-json\/wp\/v2\/coauthors?post=91038"}],"curies":[{"name":"wp","href":"https:\/\/api.w.org\/{rel}","templated":true}]}}