{"id":90995,"date":"2026-02-17T07:43:51","date_gmt":"2026-02-16T20:43:51","guid":{"rendered":"https:\/\/www.fluencecorp.com\/?page_id=90995"},"modified":"2026-02-17T07:44:01","modified_gmt":"2026-02-16T20:44:01","slug":"monitoreo-remoto-tami","status":"publish","type":"page","link":"https:\/\/www.fluencecorp.com\/es\/monitoreo-remoto-tami\/","title":{"rendered":"Monitoreo Remoto TAMI\u2122"},"content":{"rendered":"<p>[et_pb_section fb_built=\u00bb1&#8243; _builder_version=\u00bb4.16&#8243; background_color=\u00bb#f4f4f4&#8243; background_blend=\u00bbmultiply\u00bb custom_padding=\u00bb0px||0px|\u00bb da_disable_devices=\u00bboff|off|off\u00bb global_colors_info=\u00bb{}\u00bb da_is_popup=\u00bboff\u00bb da_exit_intent=\u00bboff\u00bb da_has_close=\u00bbon\u00bb da_alt_close=\u00bboff\u00bb da_dark_close=\u00bboff\u00bb da_not_modal=\u00bbon\u00bb da_is_singular=\u00bboff\u00bb da_with_loader=\u00bboff\u00bb da_has_shadow=\u00bbon\u00bb][et_pb_row _builder_version=\u00bb4.16&#8243; custom_margin=\u00bb0px||0px|\u00bb custom_padding=\u00bb0px||0px|\u00bb global_colors_info=\u00bb{}\u00bb][et_pb_column type=\u00bb4_4&#8243; _builder_version=\u00bb4.16&#8243; background_position=\u00bbtop_left\u00bb custom_padding=\u00bb|||\u00bb global_colors_info=\u00bb{}\u00bb custom_padding__hover=\u00bb|||\u00bb][et_pb_text admin_label=\u00bbHeader with Grey Background\u00bb _builder_version=\u00bb4.27.5&#8243; text_text_color=\u00bb#778591&#8243; text_font_size=\u00bb24&#8243; header_font=\u00bb|on|||\u00bb header_text_color=\u00bb#0b3a5d\u00bb header_font_size=\u00bb52px\u00bb custom_margin=\u00bb10px||10px|\u00bb custom_padding=\u00bb44px||44px|\u00bb text_font_size_tablet=\u00bb16&#8243; text_font_size_phone=\u00bb\u00bb text_font_size_last_edited=\u00bbon|phone\u00bb header_font_size_tablet=\u00bb35px\u00bb header_font_size_phone=\u00bb28px\u00bb header_font_size_last_edited=\u00bbon|phone\u00bb global_colors_info=\u00bb{}\u00bb]<\/p>\n<h1>Monitoreo Remoto TAMI\u2122<\/h1>\n<h2>Un especialista al alcance de tu mano<\/h2>\n<p>[\/et_pb_text][\/et_pb_column][\/et_pb_row][\/et_pb_section][et_pb_section fb_built=\u00bb1&#8243; _builder_version=\u00bb4.16&#8243; custom_padding=\u00bb0px||0px|\u00bb da_disable_devices=\u00bboff|off|off\u00bb global_colors_info=\u00bb{}\u00bb da_is_popup=\u00bboff\u00bb da_exit_intent=\u00bboff\u00bb da_has_close=\u00bbon\u00bb da_alt_close=\u00bboff\u00bb da_dark_close=\u00bboff\u00bb da_not_modal=\u00bbon\u00bb da_is_singular=\u00bboff\u00bb da_with_loader=\u00bboff\u00bb da_has_shadow=\u00bbon\u00bb][et_pb_row column_structure=\u00bb1_2,1_2&#8243; _builder_version=\u00bb4.27.5&#8243; _module_preset=\u00bbdefault\u00bb global_colors_info=\u00bb{}\u00bb][et_pb_column type=\u00bb1_2&#8243; _builder_version=\u00bb4.27.5&#8243; _module_preset=\u00bbdefault\u00bb global_colors_info=\u00bb{}\u00bb][et_pb_text _builder_version=\u00bb4.27.5&#8243; _module_preset=\u00bbdefault\u00bb global_colors_info=\u00bb{}\u00bb]<\/p>\n<h3>Operaciones Inteligentes: Un enfoque tecnol\u00f3gico integrado<\/h3>\n<p>Fluence desarroll\u00f3 una herramienta innovadora que permite conectar y monitorear en forma digital los equipos para asegurar su mejor funcionamiento y gestionar un mantenimiento predictivo y preventivo eficiente de manera remota.<\/p>\n<p><strong>A partir de una simple instalaci\u00f3n se podr\u00e1 contar con:<\/strong><\/p>\n<ul>\n<li>Acceso a la informaci\u00f3n de los equipos en tiempo real. Adem\u00e1s de contar con el historial en forma remota.<\/li>\n<li>Monitoreo digital de los equipos, en forma simple y automatizada, evitando traslados f\u00edsicos y registros manuales.<\/li>\n<li>Alertas tempranas que faciliten la optimizaci\u00f3n del mantenimiento predictivo y preventivo, facilitando la planificaci\u00f3n de acciones y su seguimiento.<\/li>\n<\/ul>\n<p>[\/et_pb_text][\/et_pb_column][et_pb_column type=\u00bb1_2&#8243; _builder_version=\u00bb4.27.5&#8243; _module_preset=\u00bbdefault\u00bb global_colors_info=\u00bb{}\u00bb][et_pb_image src=\u00bbhttps:\/\/www.fluencecorp.com\/wp-content\/uploads\/2026\/02\/Tami-1-img.jpg\u00bb alt=\u00bbOperaciones Inteligentes\u00bb title_text=\u00bbCentro de Monitoreo a Distancia\u00bb _builder_version=\u00bb4.27.5&#8243; _module_preset=\u00bbdefault\u00bb global_colors_info=\u00bb{}\u00bb][\/et_pb_image][\/et_pb_column][\/et_pb_row][et_pb_row column_structure=\u00bb1_2,1_2&#8243; admin_label=\u00bbRow\u00bb _builder_version=\u00bb4.27.5&#8243; _module_preset=\u00bbdefault\u00bb global_colors_info=\u00bb{}\u00bb][et_pb_column type=\u00bb1_2&#8243; _builder_version=\u00bb4.27.5&#8243; _module_preset=\u00bbdefault\u00bb global_colors_info=\u00bb{}\u00bb][et_pb_image src=\u00bbhttps:\/\/www.fluencecorp.com\/wp-content\/uploads\/2026\/02\/Tami-2-img.png\u00bb alt=\u00bbMonitoreo Remoto TAMI\u2122\u00bb title_text=\u00bbVentajas de Monitoreo Remoto TAMI\u2122\u00bb _builder_version=\u00bb4.27.5&#8243; _module_preset=\u00bbdefault\u00bb global_colors_info=\u00bb{}\u00bb][\/et_pb_image][\/et_pb_column][et_pb_column type=\u00bb1_2&#8243; _builder_version=\u00bb4.27.5&#8243; _module_preset=\u00bbdefault\u00bb global_colors_info=\u00bb{}\u00bb][et_pb_text _builder_version=\u00bb4.27.5&#8243; _module_preset=\u00bbdefault\u00bb global_colors_info=\u00bb{}\u00bb]<\/p>\n<h3>Ventajas<\/h3>\n<p>TAMI es una herramienta 100% configurable y customizable a las necesidades de cada sistema permitiendo una optimizaci\u00f3n en la toma de decisiones brindando:<\/p>\n<ul>\n<li>Acceso a la informaci\u00f3n on-line 24&#215;7.<\/li>\n<li>Obtenci\u00f3n de datos en tiempo real.<\/li>\n<li>Mejor capacidad de planificaci\u00f3n evitando paradas no programadas.<\/li>\n<li>Mejoras en la vida \u00fatil de los equipos.<\/li>\n<li>Acceso a las caracter\u00edsticas constructivas del equipo.<\/li>\n<li>Detecci\u00f3n de fallas recurrentes.<\/li>\n<li>Datos hist\u00f3ricos de funcionamiento y producci\u00f3n.<\/li>\n<li>Reportes mensuales autom\u00e1ticos: valores hist\u00f3ricos descargables en formato Excel.<\/li>\n<li>Punto de acceso para programaci\u00f3n\/modificaci\u00f3n de PLC \/ HMI.<\/li>\n<\/ul>\n<p>[\/et_pb_text][\/et_pb_column][\/et_pb_row][et_pb_row column_structure=\u00bb2_3,1_3&#8243; _builder_version=\u00bb4.16&#8243; background_size=\u00bbinitial\u00bb background_position=\u00bbtop_left\u00bb background_repeat=\u00bbrepeat\u00bb global_colors_info=\u00bb{}\u00bb][et_pb_column type=\u00bb2_3&#8243; _builder_version=\u00bb4.16&#8243; custom_padding=\u00bb|||\u00bb global_colors_info=\u00bb{}\u00bb custom_padding__hover=\u00bb|||\u00bb][et_pb_text admin_label=\u00bbMain Body Text\u00bb _builder_version=\u00bb4.27.5&#8243; global_colors_info=\u00bb{}\u00bb]<\/p>\n<h3>Centro de Monitoreo a Distancia<\/h3>\n<p><strong>Contamos con un Centro de Monitoreo a Distancia, que garantiza un seguimiento remoto de los equipos y plantas, acompa\u00f1ando t\u00e9cnicamente a nuestros clientes.<\/strong><\/p>\n<p>Este Centro de Monitoreo nos brinda la posibilidad de acceder a la informaci\u00f3n de los equipos instalados en tiempo real, lo que nos permite conocer su estado de funcionamiento y facilitar la planificaci\u00f3n de acciones, as\u00ed como optimizar la toma de decisiones.<\/p>\n<p><strong>Optimice sus Instalaciones Mediante Monitoreo Remoto TAMI<sup>TM<\/sup><\/strong><br \/>\n\u00bfEst\u00e1 buscando una forma de optimizar el rendimiento de su planta de tratamiento de aguas?\u00a0<a href=\"https:\/\/www.fluencecorp.com\/es\/contacto\/\" target=\"_blank\" rel=\"noopener\">Cont\u00e1ctese con nuestros expertos<\/a>\u00a0para obtener m\u00e1s informaci\u00f3n sobre c\u00f3mo nuestro sistema TAMI<sup>TM<\/sup> puede ayudarlo a optimizar el rendimiento de su planta y a la vez, ahorrar dinero.[\/et_pb_text][\/et_pb_column][et_pb_column type=\u00bb1_3&#8243; _builder_version=\u00bb4.16&#8243; custom_padding=\u00bb|||\u00bb global_colors_info=\u00bb{}\u00bb custom_padding__hover=\u00bb|||\u00bb][et_pb_blurb title=\u00bbPERFORMANCE DE PLANTA OPTIMIZADA\u00bb image=\u00bbhttps:\/\/www.fluencecorp.com\/wp-content\/uploads\/2017\/07\/smart_02.svg\u00bb admin_label=\u00bbWASTE-TO-ENERGY CHALLENGES &#8211; ES\u00bb module_class=\u00bbfluenceblurb\u00bb _builder_version=\u00bb4.27.5&#8243; text_orientation=\u00bbcenter\u00bb max_width_tablet=\u00bb50px\u00bb custom_padding=\u00bb30px|20px|30px|20px\u00bb animation=\u00bboff\u00bb border_radii=\u00bbon|3px|3px|3px|3px\u00bb border_width_all=\u00bb1px\u00bb border_color_all=\u00bb#7fc8bd\u00bb use_border_color=\u00bbon\u00bb use_circle=\u00bboff\u00bb use_circle_border=\u00bboff\u00bb global_colors_info=\u00bb{}\u00bb]Comun\u00edquese con Fluence para obtener m\u00e1s informaci\u00f3n sobre la monitorizaci\u00f3n remota TAMI\u2122 o para analizar detalles espec\u00edficos de su proyecto.<\/p>\n<p><a class=\"et_pb_promo_button et_pb_button\" href=\"\/es\/contacto\/\">CONT\u00c1CTESE<\/a>[\/et_pb_blurb][\/et_pb_column][\/et_pb_row][\/et_pb_section]<\/p>\n","protected":false},"excerpt":{"rendered":"<p>Fluence desarroll\u00f3 una herramienta innovadora que permite conectar y monitorear en forma digital los equipos para asegurar su mejor funcionamiento y gestionar un mantenimiento predictivo y preventivo eficiente de manera remota.<\/p>\n","protected":false},"author":1,"featured_media":34297,"parent":0,"menu_order":0,"comment_status":"closed","ping_status":"closed","template":"","meta":{"_et_pb_use_builder":"on","_et_pb_old_content":"","_et_gb_content_width":"","_relevanssi_hide_post":"","_relevanssi_hide_content":"","_relevanssi_pin_for_all":"","_relevanssi_pin_keywords":"","_relevanssi_unpin_keywords":"","_relevanssi_related_keywords":"","_relevanssi_related_include_ids":"","_relevanssi_related_exclude_ids":"","_relevanssi_related_no_append":"","_relevanssi_related_not_related":"","_relevanssi_related_posts":"","_relevanssi_noindex_reason":"","inline_featured_image":false,"footnotes":"","_links_to":"","_links_to_target":""},"coauthors":[266],"class_list":["post-90995","page","type-page","status-publish","has-post-thumbnail","hentry"],"yoast_head":"<!-- This site is optimized with the Yoast SEO plugin v27.4 - https:\/\/yoast.com\/product\/yoast-seo-wordpress\/ -->\n<title>Monitoreo Remoto TAMI\u2122 | Fluence<\/title>\n<meta name=\"description\" content=\"Fluence desarroll\u00f3 una herramienta innovadora que permite conectar y monitorear en forma digital los equipos para asegurar su mejor funcionamiento y gestionar un mantenimiento predictivo y preventivo eficiente de manera remota.\" \/>\n<meta name=\"robots\" content=\"index, follow, max-snippet:-1, max-image-preview:large, max-video-preview:-1\" \/>\n<link rel=\"canonical\" href=\"https:\/\/www.fluencecorp.com\/es\/monitoreo-remoto-tami\/\" \/>\n<meta property=\"og:locale\" content=\"es_ES\" \/>\n<meta property=\"og:type\" content=\"article\" \/>\n<meta property=\"og:title\" content=\"Monitoreo Remoto TAMI\u2122\" \/>\n<meta property=\"og:description\" content=\"Fluence desarroll\u00f3 una herramienta innovadora que permite conectar y monitorear en forma digital los equipos para asegurar su mejor funcionamiento y gestionar un mantenimiento predictivo y preventivo eficiente de manera remota.\" \/>\n<meta property=\"og:url\" content=\"https:\/\/www.fluencecorp.com\/es\/monitoreo-remoto-tami\/\" \/>\n<meta property=\"article:publisher\" content=\"https:\/\/www.facebook.com\/FluenceCorp\" \/>\n<meta property=\"article:modified_time\" content=\"2026-02-16T20:44:01+00:00\" \/>\n<meta property=\"og:image\" content=\"https:\/\/www.fluencecorp.com\/wp-content\/uploads\/2017\/07\/droplet-pattern.png\" \/>\n\t<meta property=\"og:image:width\" content=\"347\" \/>\n\t<meta property=\"og:image:height\" content=\"231\" \/>\n\t<meta property=\"og:image:type\" content=\"image\/png\" \/>\n<meta name=\"twitter:card\" content=\"summary_large_image\" \/>\n<meta name=\"twitter:title\" content=\"Monitoreo Remoto TAMI\u2122\" \/>\n<meta name=\"twitter:site\" content=\"@FluenceCorp\" \/>\n<meta name=\"twitter:label1\" content=\"Tiempo de lectura\" \/>\n\t<meta name=\"twitter:data1\" content=\"3 minutos\" \/>\n\t<meta name=\"twitter:label2\" content=\"Written by\" \/>\n\t<meta name=\"twitter:data2\" content=\"sysop\" \/>\n<script type=\"application\/ld+json\" class=\"yoast-schema-graph\">{\"@context\":\"https:\\\/\\\/schema.org\",\"@graph\":[{\"@type\":\"WebPage\",\"@id\":\"https:\\\/\\\/www.fluencecorp.com\\\/es\\\/monitoreo-remoto-tami\\\/\",\"url\":\"https:\\\/\\\/www.fluencecorp.com\\\/es\\\/monitoreo-remoto-tami\\\/\",\"name\":\"Monitoreo Remoto TAMI\u2122 | Fluence\",\"isPartOf\":{\"@id\":\"https:\\\/\\\/www.fluencecorp.com\\\/es\\\/#website\"},\"primaryImageOfPage\":{\"@id\":\"https:\\\/\\\/www.fluencecorp.com\\\/es\\\/monitoreo-remoto-tami\\\/#primaryimage\"},\"image\":{\"@id\":\"https:\\\/\\\/www.fluencecorp.com\\\/es\\\/monitoreo-remoto-tami\\\/#primaryimage\"},\"thumbnailUrl\":\"https:\\\/\\\/www.fluencecorp.com\\\/wp-content\\\/uploads\\\/2017\\\/07\\\/droplet-pattern.png\",\"datePublished\":\"2026-02-16T20:43:51+00:00\",\"dateModified\":\"2026-02-16T20:44:01+00:00\",\"description\":\"Fluence desarroll\u00f3 una herramienta innovadora que permite conectar y monitorear en forma digital los equipos para asegurar su mejor funcionamiento y gestionar un mantenimiento predictivo y preventivo eficiente de manera remota.\",\"breadcrumb\":{\"@id\":\"https:\\\/\\\/www.fluencecorp.com\\\/es\\\/monitoreo-remoto-tami\\\/#breadcrumb\"},\"inLanguage\":\"es\",\"potentialAction\":[{\"@type\":\"ReadAction\",\"target\":[\"https:\\\/\\\/www.fluencecorp.com\\\/es\\\/monitoreo-remoto-tami\\\/\"]}]},{\"@type\":\"ImageObject\",\"inLanguage\":\"es\",\"@id\":\"https:\\\/\\\/www.fluencecorp.com\\\/es\\\/monitoreo-remoto-tami\\\/#primaryimage\",\"url\":\"https:\\\/\\\/www.fluencecorp.com\\\/wp-content\\\/uploads\\\/2017\\\/07\\\/droplet-pattern.png\",\"contentUrl\":\"https:\\\/\\\/www.fluencecorp.com\\\/wp-content\\\/uploads\\\/2017\\\/07\\\/droplet-pattern.png\",\"width\":347,\"height\":231},{\"@type\":\"BreadcrumbList\",\"@id\":\"https:\\\/\\\/www.fluencecorp.com\\\/es\\\/monitoreo-remoto-tami\\\/#breadcrumb\",\"itemListElement\":[{\"@type\":\"ListItem\",\"position\":1,\"name\":\"Home\",\"item\":\"https:\\\/\\\/www.fluencecorp.com\\\/es\\\/\"},{\"@type\":\"ListItem\",\"position\":2,\"name\":\"Monitoreo Remoto TAMI\u2122\"}]},{\"@type\":\"WebSite\",\"@id\":\"https:\\\/\\\/www.fluencecorp.com\\\/es\\\/#website\",\"url\":\"https:\\\/\\\/www.fluencecorp.com\\\/es\\\/\",\"name\":\"Fluence Corporation\",\"description\":\"\",\"publisher\":{\"@id\":\"https:\\\/\\\/www.fluencecorp.com\\\/es\\\/#organization\"},\"potentialAction\":[{\"@type\":\"SearchAction\",\"target\":{\"@type\":\"EntryPoint\",\"urlTemplate\":\"https:\\\/\\\/www.fluencecorp.com\\\/es\\\/?s={search_term_string}\"},\"query-input\":{\"@type\":\"PropertyValueSpecification\",\"valueRequired\":true,\"valueName\":\"search_term_string\"}}],\"inLanguage\":\"es\"},{\"@type\":\"Organization\",\"@id\":\"https:\\\/\\\/www.fluencecorp.com\\\/es\\\/#organization\",\"name\":\"Fluence\",\"url\":\"https:\\\/\\\/www.fluencecorp.com\\\/es\\\/\",\"logo\":{\"@type\":\"ImageObject\",\"inLanguage\":\"es\",\"@id\":\"https:\\\/\\\/www.fluencecorp.com\\\/es\\\/#\\\/schema\\\/logo\\\/image\\\/\",\"url\":\"https:\\\/\\\/www.fluencecorp.com\\\/wp-content\\\/uploads\\\/2018\\\/03\\\/fluence-seo-logo.png\",\"contentUrl\":\"https:\\\/\\\/www.fluencecorp.com\\\/wp-content\\\/uploads\\\/2018\\\/03\\\/fluence-seo-logo.png\",\"width\":523,\"height\":181,\"caption\":\"Fluence\"},\"image\":{\"@id\":\"https:\\\/\\\/www.fluencecorp.com\\\/es\\\/#\\\/schema\\\/logo\\\/image\\\/\"},\"sameAs\":[\"https:\\\/\\\/www.facebook.com\\\/FluenceCorp\",\"https:\\\/\\\/x.com\\\/FluenceCorp\",\"https:\\\/\\\/www.linkedin.com\\\/company-beta\\\/18150486\\\/\"]}]}<\/script>\n<!-- \/ Yoast SEO plugin. -->","yoast_head_json":{"title":"Monitoreo Remoto TAMI\u2122 | Fluence","description":"Fluence desarroll\u00f3 una herramienta innovadora que permite conectar y monitorear en forma digital los equipos para asegurar su mejor funcionamiento y gestionar un mantenimiento predictivo y preventivo eficiente de manera remota.","robots":{"index":"index","follow":"follow","max-snippet":"max-snippet:-1","max-image-preview":"max-image-preview:large","max-video-preview":"max-video-preview:-1"},"canonical":"https:\/\/www.fluencecorp.com\/es\/monitoreo-remoto-tami\/","og_locale":"es_ES","og_type":"article","og_title":"Monitoreo Remoto TAMI\u2122","og_description":"Fluence desarroll\u00f3 una herramienta innovadora que permite conectar y monitorear en forma digital los equipos para asegurar su mejor funcionamiento y gestionar un mantenimiento predictivo y preventivo eficiente de manera remota.","og_url":"https:\/\/www.fluencecorp.com\/es\/monitoreo-remoto-tami\/","article_publisher":"https:\/\/www.facebook.com\/FluenceCorp","article_modified_time":"2026-02-16T20:44:01+00:00","og_image":[{"width":347,"height":231,"url":"https:\/\/www.fluencecorp.com\/wp-content\/uploads\/2017\/07\/droplet-pattern.png","type":"image\/png"}],"twitter_card":"summary_large_image","twitter_title":"Monitoreo Remoto TAMI\u2122","twitter_site":"@FluenceCorp","twitter_misc":{"Tiempo de lectura":"3 minutos","Written by":"sysop"},"schema":{"@context":"https:\/\/schema.org","@graph":[{"@type":"WebPage","@id":"https:\/\/www.fluencecorp.com\/es\/monitoreo-remoto-tami\/","url":"https:\/\/www.fluencecorp.com\/es\/monitoreo-remoto-tami\/","name":"Monitoreo Remoto TAMI\u2122 | Fluence","isPartOf":{"@id":"https:\/\/www.fluencecorp.com\/es\/#website"},"primaryImageOfPage":{"@id":"https:\/\/www.fluencecorp.com\/es\/monitoreo-remoto-tami\/#primaryimage"},"image":{"@id":"https:\/\/www.fluencecorp.com\/es\/monitoreo-remoto-tami\/#primaryimage"},"thumbnailUrl":"https:\/\/www.fluencecorp.com\/wp-content\/uploads\/2017\/07\/droplet-pattern.png","datePublished":"2026-02-16T20:43:51+00:00","dateModified":"2026-02-16T20:44:01+00:00","description":"Fluence desarroll\u00f3 una herramienta innovadora que permite conectar y monitorear en forma digital los equipos para asegurar su mejor funcionamiento y gestionar un mantenimiento predictivo y preventivo eficiente de manera remota.","breadcrumb":{"@id":"https:\/\/www.fluencecorp.com\/es\/monitoreo-remoto-tami\/#breadcrumb"},"inLanguage":"es","potentialAction":[{"@type":"ReadAction","target":["https:\/\/www.fluencecorp.com\/es\/monitoreo-remoto-tami\/"]}]},{"@type":"ImageObject","inLanguage":"es","@id":"https:\/\/www.fluencecorp.com\/es\/monitoreo-remoto-tami\/#primaryimage","url":"https:\/\/www.fluencecorp.com\/wp-content\/uploads\/2017\/07\/droplet-pattern.png","contentUrl":"https:\/\/www.fluencecorp.com\/wp-content\/uploads\/2017\/07\/droplet-pattern.png","width":347,"height":231},{"@type":"BreadcrumbList","@id":"https:\/\/www.fluencecorp.com\/es\/monitoreo-remoto-tami\/#breadcrumb","itemListElement":[{"@type":"ListItem","position":1,"name":"Home","item":"https:\/\/www.fluencecorp.com\/es\/"},{"@type":"ListItem","position":2,"name":"Monitoreo Remoto TAMI\u2122"}]},{"@type":"WebSite","@id":"https:\/\/www.fluencecorp.com\/es\/#website","url":"https:\/\/www.fluencecorp.com\/es\/","name":"Fluence Corporation","description":"","publisher":{"@id":"https:\/\/www.fluencecorp.com\/es\/#organization"},"potentialAction":[{"@type":"SearchAction","target":{"@type":"EntryPoint","urlTemplate":"https:\/\/www.fluencecorp.com\/es\/?s={search_term_string}"},"query-input":{"@type":"PropertyValueSpecification","valueRequired":true,"valueName":"search_term_string"}}],"inLanguage":"es"},{"@type":"Organization","@id":"https:\/\/www.fluencecorp.com\/es\/#organization","name":"Fluence","url":"https:\/\/www.fluencecorp.com\/es\/","logo":{"@type":"ImageObject","inLanguage":"es","@id":"https:\/\/www.fluencecorp.com\/es\/#\/schema\/logo\/image\/","url":"https:\/\/www.fluencecorp.com\/wp-content\/uploads\/2018\/03\/fluence-seo-logo.png","contentUrl":"https:\/\/www.fluencecorp.com\/wp-content\/uploads\/2018\/03\/fluence-seo-logo.png","width":523,"height":181,"caption":"Fluence"},"image":{"@id":"https:\/\/www.fluencecorp.com\/es\/#\/schema\/logo\/image\/"},"sameAs":["https:\/\/www.facebook.com\/FluenceCorp","https:\/\/x.com\/FluenceCorp","https:\/\/www.linkedin.com\/company-beta\/18150486\/"]}]}},"_links":{"self":[{"href":"https:\/\/www.fluencecorp.com\/es\/wp-json\/wp\/v2\/pages\/90995","targetHints":{"allow":["GET"]}}],"collection":[{"href":"https:\/\/www.fluencecorp.com\/es\/wp-json\/wp\/v2\/pages"}],"about":[{"href":"https:\/\/www.fluencecorp.com\/es\/wp-json\/wp\/v2\/types\/page"}],"author":[{"embeddable":true,"href":"https:\/\/www.fluencecorp.com\/es\/wp-json\/wp\/v2\/users\/1"}],"replies":[{"embeddable":true,"href":"https:\/\/www.fluencecorp.com\/es\/wp-json\/wp\/v2\/comments?post=90995"}],"version-history":[{"count":0,"href":"https:\/\/www.fluencecorp.com\/es\/wp-json\/wp\/v2\/pages\/90995\/revisions"}],"wp:featuredmedia":[{"embeddable":true,"href":"https:\/\/www.fluencecorp.com\/es\/wp-json\/wp\/v2\/media\/34297"}],"wp:attachment":[{"href":"https:\/\/www.fluencecorp.com\/es\/wp-json\/wp\/v2\/media?parent=90995"}],"wp:term":[{"taxonomy":"author","embeddable":true,"href":"https:\/\/www.fluencecorp.com\/es\/wp-json\/wp\/v2\/coauthors?post=90995"}],"curies":[{"name":"wp","href":"https:\/\/api.w.org\/{rel}","templated":true}]}}