{"id":85682,"date":"2024-08-23T04:29:03","date_gmt":"2024-08-22T18:29:03","guid":{"rendered":"https:\/\/www.fluencecorp.com\/folletos\/municipal-water-wastewater\/"},"modified":"2024-09-19T12:26:52","modified_gmt":"2024-09-19T02:26:52","slug":"aguas-municipales-residuales","status":"publish","type":"page","link":"https:\/\/www.fluencecorp.com\/es\/folletos\/aguas-municipales-residuales\/","title":{"rendered":"Brochures &#8211;  Tratamiento de aguas y aguas residuales municipales"},"content":{"rendered":"<p>[et_pb_section fb_built=\u00bb1&#8243; _builder_version=\u00bb4.16&#8243; background_color=\u00bb#f4f4f4&#8243; custom_padding=\u00bb30px||30px|\u00bb da_disable_devices=\u00bboff|off|off\u00bb global_colors_info=\u00bb{}\u00bb da_is_popup=\u00bboff\u00bb da_exit_intent=\u00bboff\u00bb da_has_close=\u00bbon\u00bb da_alt_close=\u00bboff\u00bb da_dark_close=\u00bboff\u00bb da_not_modal=\u00bbon\u00bb da_is_singular=\u00bboff\u00bb da_with_loader=\u00bboff\u00bb da_has_shadow=\u00bbon\u00bb][et_pb_row make_equal=\u00bbon\u00bb _builder_version=\u00bb4.16&#8243; width_unit=\u00bboff\u00bb custom_width_px=\u00bb1440px\u00bb global_colors_info=\u00bb{}\u00bb][et_pb_column type=\u00bb4_4&#8243; _builder_version=\u00bb4.16&#8243; background_position=\u00bbtop_left\u00bb custom_padding=\u00bb|||\u00bb global_colors_info=\u00bb{}\u00bb custom_padding__hover=\u00bb|||\u00bb][et_pb_text _builder_version=\u00bb4.27.0&#8243; text_font_size=\u00bb24&#8243; header_text_color=\u00bb#0b3a5d\u00bb header_font_size=\u00bb52px\u00bb module_alignment=\u00bbleft\u00bb header_font_size_tablet=\u00bb48px\u00bb header_font_size_phone=\u00bb36px\u00bb header_font_size_last_edited=\u00bbon|phone\u00bb border_style=\u00bbsolid\u00bb global_colors_info=\u00bb{}\u00bb]<\/p>\n<h1>Cat\u00e1logo de Folletos<\/h1>\n<p>Explore nuestro cat\u00e1logo de folletos para obtener m\u00e1s informaci\u00f3n sobre los productos y soluciones sostenibles de Fluence.[\/et_pb_text][et_pb_code admin_label=\u00bbCase Studies Menu\u00bb module_class=\u00bbcasestudiesmenu\u00bb _builder_version=\u00bb4.27.0&#8243; saved_tabs=\u00bball\u00bb global_colors_info=\u00bb{}\u00bb]<\/p>\n<nav><!-- [et_pb_line_break_holder] --><\/p>\n<ul><!-- [et_pb_line_break_holder] --><\/p>\n<li><!-- [et_pb_line_break_holder] --><a href=\"#\" title=\"Para municipios, entidades gubernamentales, hoteles y resorts, desarrolladores, paradas de descanso, campamentos de veh\u00edculos recreativos y m\u00e1s.\">Tratamiento de aguas y aguas residuales municipales<\/a><!-- [et_pb_line_break_holder] -->\n<ul class=\"fallback\"><!-- [et_pb_line_break_holder] --><\/p>\n<li><a href=\"\/es\/folletos\/\">Mostrar todo<\/a><\/li>\n<p><!-- [et_pb_line_break_holder] --><\/p>\n<li><a href=\"\/es\/folletos\/agua-industrial\/\" title=\"Para empresas que buscan tratar agua con fines industriales, como agua de proceso, re\u00faeso, alimentaci\u00f3n de calderas y extracci\u00f3n de litio.\">Tratamiento de aguas industriales<\/a><\/li>\n<p><!-- [et_pb_line_break_holder] --><\/p>\n<li><a href=\"\/es\/folletos\/aguas-residuales-industriales\/\" title=\"Para empresas que buscan tratar aguas residuales industriales para su descarga o generaci\u00f3n de biog\u00e1s que cumplan con la normativa.\">Tratamiento de aguas residuales industriales<\/a><\/li>\n<p><!-- [et_pb_line_break_holder] --><\/ul>\n<p><!-- [et_pb_line_break_holder] --><\/li>\n<p><!-- [et_pb_line_break_holder] --><\/ul>\n<p><!-- [et_pb_line_break_holder] --><\/nav>\n<p>[\/et_pb_code][et_pb_dpblog_portfolio posts_number=\u00bb999&#8243; orderby=\u00bbtitle\u00bb order=\u00bbASC\u00bb custom_post_types=\u00bbbrochures\u00bb include_categories=\u00bb256&#8243; show_categories=\u00bboff\u00bb url_new_window=\u00bbon\u00bb use_overlay=\u00bboff\u00bb fullwidth=\u00bboff\u00bb _builder_version=\u00bb4.27.0&#8243; title_text_align=\u00bbcenter\u00bb caption_text_align=\u00bbcenter\u00bb excerpt_text_align=\u00bbcenter\u00bb text_orientation=\u00bbcenter\u00bb global_colors_info=\u00bb{}\u00bb][\/et_pb_dpblog_portfolio][et_pb_code _builder_version=\u00bb4.27.0&#8243; _module_preset=\u00bbdefault\u00bb global_colors_info=\u00bb{}\u00bb]<\/p>\n<style><!-- [et_pb_line_break_holder] -->.casestudiesmenu nav {<!-- [et_pb_line_break_holder] -->background-position: calc(100% - 20px) calc(100% - 30px) !important;<!-- [et_pb_line_break_holder] -->height: 70px !important;<!-- [et_pb_line_break_holder] -->}<!-- [et_pb_line_break_holder] -->.casestudiesmenu nav ul li a {<!-- [et_pb_line_break_holder] -->width: 290px !important;<!-- [et_pb_line_break_holder] -->}<!-- [et_pb_line_break_holder] --><\/style>\n<p>[\/et_pb_code][\/et_pb_column][\/et_pb_row][et_pb_row column_structure=\u00bb1_2,1_2&#8243; disabled_on=\u00bboff|off|off\u00bb _builder_version=\u00bb4.27.0&#8243; _module_preset=\u00bbdefault\u00bb width_tablet=\u00bb\u00bb width_phone=\u00bb90%\u00bb width_last_edited=\u00bbon|phone\u00bb custom_margin=\u00bb0px||||false|false\u00bb custom_padding=\u00bb0px||||false|false\u00bb custom_css_main_element=\u00bbdisplay:flex;\u00bb locked=\u00bboff\u00bb global_colors_info=\u00bb{}\u00bb custom_css_main_element_last_edited=\u00bbon|phone\u00bb custom_css_main_element_phone=\u00bbdisplay:block;\u00bb custom_css_main_element_tablet=\u00bbdisplay:flex;\u00bb][et_pb_column type=\u00bb1_2&#8243; _builder_version=\u00bb4.27.0&#8243; _module_preset=\u00bbdefault\u00bb global_colors_info=\u00bb{}\u00bb][et_pb_button button_url=\u00bb\/es\/casos\/\u00bb button_text=\u00bbCasos de Estudio\u00bb button_alignment=\u00bbcenter\u00bb admin_label=\u00bbCase Studies Button\u00bb _builder_version=\u00bb4.27.0&#8243; _module_preset=\u00bbdefault\u00bb custom_button=\u00bbon\u00bb button_text_size=\u00bb24px\u00bb button_text_color=\u00bb#FFFFFF\u00bb button_bg_color=\u00bb#4d5fab\u00bb button_border_color=\u00bb#4d5fab\u00bb hover_enabled=\u00bb0&#8243; custom_css_main_element=\u00bbwidth:100%;||text-align:center;\u00bb global_colors_info=\u00bb{}\u00bb button_bg_color__hover_enabled=\u00bbon|hover\u00bb button_bg_color__hover=\u00bb#29bbae\u00bb button_bg_enable_color__hover=\u00bbon\u00bb button_border_color__hover_enabled=\u00bbon|hover\u00bb button_border_color__hover=\u00bb#29bbae\u00bb custom_css_main_element_last_edited=\u00bboff|desktop\u00bb custom_css_main_element_phone=\u00bbwidth:100%;||text-align:center;\u00bb sticky_enabled=\u00bb0&#8243;][\/et_pb_button][\/et_pb_column][et_pb_column type=\u00bb1_2&#8243; _builder_version=\u00bb4.27.0&#8243; _module_preset=\u00bbdefault\u00bb global_colors_info=\u00bb{}\u00bb][et_pb_button button_url=\u00bb\/es\/contacto\/\u00bb button_text=\u00bbCont\u00e1ctese\u00bb button_alignment=\u00bbcenter\u00bb admin_label=\u00bbContact Us Button\u00bb _builder_version=\u00bb4.27.0&#8243; _module_preset=\u00bbdefault\u00bb custom_button=\u00bbon\u00bb button_text_size=\u00bb24px\u00bb button_text_color=\u00bb#FFFFFF\u00bb button_bg_color=\u00bb#29bbae\u00bb button_border_color=\u00bb#29bbae\u00bb button_border_color_last_edited=\u00bboff|desktop\u00bb custom_css_main_element=\u00bbwidth:100%;||text-align:center;\u00bb global_colors_info=\u00bb{}\u00bb custom_css_main_element_last_edited=\u00bboff|desktop\u00bb custom_css_main_element_phone=\u00bbwidth:100%;||text-align:center;\u00bb button_border_color__hover_enabled=\u00bbon|hover\u00bb button_bg_color__hover_enabled=\u00bbon|hover\u00bb button_bg_color__hover=\u00bb#4d5fab\u00bb button_bg_enable_color__hover=\u00bbon\u00bb button_border_color__hover=\u00bb#4d5fab\u00bb][\/et_pb_button][\/et_pb_column][\/et_pb_row][\/et_pb_section]<\/p>\n","protected":false},"excerpt":{"rendered":"<p>Cat\u00e1logo de Folletos Explore nuestro cat\u00e1logo de folletos para obtener m\u00e1s informaci\u00f3n sobre los productos y soluciones sostenibles de Fluence.<\/p>\n","protected":false},"author":1,"featured_media":0,"parent":43736,"menu_order":0,"comment_status":"closed","ping_status":"closed","template":"page-template-brochure.php","meta":{"_et_pb_use_builder":"on","_et_pb_old_content":"","_et_gb_content_width":"","_relevanssi_hide_post":"","_relevanssi_hide_content":"","_relevanssi_pin_for_all":"","_relevanssi_pin_keywords":"","_relevanssi_unpin_keywords":"","_relevanssi_related_keywords":"","_relevanssi_related_include_ids":"","_relevanssi_related_exclude_ids":"","_relevanssi_related_no_append":"","_relevanssi_related_not_related":"","_relevanssi_related_posts":"","_relevanssi_noindex_reason":"","inline_featured_image":false,"footnotes":"","_links_to":"","_links_to_target":""},"coauthors":[239],"class_list":["post-85682","page","type-page","status-publish","hentry"],"yoast_head":"<!-- This site is optimized with the Yoast SEO plugin v27.4 - https:\/\/yoast.com\/product\/yoast-seo-wordpress\/ -->\n<title>Folletos de Tratamiento de aguas y aguas residuales municipales | Fluence<\/title>\n<meta name=\"robots\" content=\"index, follow, max-snippet:-1, max-image-preview:large, max-video-preview:-1\" \/>\n<link rel=\"canonical\" href=\"https:\/\/www.fluencecorp.com\/es\/folletos\/aguas-municipales-residuales\/\" \/>\n<meta property=\"og:locale\" content=\"es_ES\" \/>\n<meta property=\"og:type\" content=\"article\" \/>\n<meta property=\"og:title\" content=\"Folletos de Tratamiento de aguas y aguas residuales municipales | Fluence\" \/>\n<meta property=\"og:description\" content=\"Cat\u00e1logo de Folletos Explore nuestro cat\u00e1logo de folletos para obtener m\u00e1s informaci\u00f3n sobre los productos y soluciones sostenibles de Fluence.\" \/>\n<meta property=\"og:url\" content=\"https:\/\/www.fluencecorp.com\/es\/folletos\/aguas-municipales-residuales\/\" \/>\n<meta property=\"article:publisher\" content=\"https:\/\/www.facebook.com\/FluenceCorp\" \/>\n<meta property=\"article:modified_time\" content=\"2024-09-19T02:26:52+00:00\" \/>\n<meta name=\"twitter:card\" content=\"summary_large_image\" \/>\n<meta name=\"twitter:site\" content=\"@FluenceCorp\" \/>\n<meta name=\"twitter:label1\" content=\"Tiempo de lectura\" \/>\n\t<meta name=\"twitter:data1\" content=\"2 minutos\" \/>\n\t<meta name=\"twitter:label2\" content=\"Written by\" \/>\n\t<meta name=\"twitter:data2\" content=\"sysop\" \/>\n<script type=\"application\/ld+json\" class=\"yoast-schema-graph\">{\"@context\":\"https:\\\/\\\/schema.org\",\"@graph\":[{\"@type\":\"WebPage\",\"@id\":\"https:\\\/\\\/www.fluencecorp.com\\\/es\\\/folletos\\\/aguas-municipales-residuales\\\/\",\"url\":\"https:\\\/\\\/www.fluencecorp.com\\\/es\\\/folletos\\\/aguas-municipales-residuales\\\/\",\"name\":\"Folletos de Tratamiento de aguas y aguas residuales municipales | Fluence\",\"isPartOf\":{\"@id\":\"https:\\\/\\\/www.fluencecorp.com\\\/es\\\/#website\"},\"datePublished\":\"2024-08-22T18:29:03+00:00\",\"dateModified\":\"2024-09-19T02:26:52+00:00\",\"breadcrumb\":{\"@id\":\"https:\\\/\\\/www.fluencecorp.com\\\/es\\\/folletos\\\/aguas-municipales-residuales\\\/#breadcrumb\"},\"inLanguage\":\"es\",\"potentialAction\":[{\"@type\":\"ReadAction\",\"target\":[\"https:\\\/\\\/www.fluencecorp.com\\\/es\\\/folletos\\\/aguas-municipales-residuales\\\/\"]}]},{\"@type\":\"BreadcrumbList\",\"@id\":\"https:\\\/\\\/www.fluencecorp.com\\\/es\\\/folletos\\\/aguas-municipales-residuales\\\/#breadcrumb\",\"itemListElement\":[{\"@type\":\"ListItem\",\"position\":1,\"name\":\"Home\",\"item\":\"https:\\\/\\\/www.fluencecorp.com\\\/es\\\/\"},{\"@type\":\"ListItem\",\"position\":2,\"name\":\"Cat\u00e1logo de Folletos\",\"item\":\"https:\\\/\\\/www.fluencecorp.com\\\/es\\\/folletos\\\/\"},{\"@type\":\"ListItem\",\"position\":3,\"name\":\"Brochures &#8211; Tratamiento de aguas y aguas residuales municipales\"}]},{\"@type\":\"WebSite\",\"@id\":\"https:\\\/\\\/www.fluencecorp.com\\\/es\\\/#website\",\"url\":\"https:\\\/\\\/www.fluencecorp.com\\\/es\\\/\",\"name\":\"Fluence Corporation\",\"description\":\"\",\"publisher\":{\"@id\":\"https:\\\/\\\/www.fluencecorp.com\\\/es\\\/#organization\"},\"potentialAction\":[{\"@type\":\"SearchAction\",\"target\":{\"@type\":\"EntryPoint\",\"urlTemplate\":\"https:\\\/\\\/www.fluencecorp.com\\\/es\\\/?s={search_term_string}\"},\"query-input\":{\"@type\":\"PropertyValueSpecification\",\"valueRequired\":true,\"valueName\":\"search_term_string\"}}],\"inLanguage\":\"es\"},{\"@type\":\"Organization\",\"@id\":\"https:\\\/\\\/www.fluencecorp.com\\\/es\\\/#organization\",\"name\":\"Fluence\",\"url\":\"https:\\\/\\\/www.fluencecorp.com\\\/es\\\/\",\"logo\":{\"@type\":\"ImageObject\",\"inLanguage\":\"es\",\"@id\":\"https:\\\/\\\/www.fluencecorp.com\\\/es\\\/#\\\/schema\\\/logo\\\/image\\\/\",\"url\":\"https:\\\/\\\/www.fluencecorp.com\\\/wp-content\\\/uploads\\\/2018\\\/03\\\/fluence-seo-logo.png\",\"contentUrl\":\"https:\\\/\\\/www.fluencecorp.com\\\/wp-content\\\/uploads\\\/2018\\\/03\\\/fluence-seo-logo.png\",\"width\":523,\"height\":181,\"caption\":\"Fluence\"},\"image\":{\"@id\":\"https:\\\/\\\/www.fluencecorp.com\\\/es\\\/#\\\/schema\\\/logo\\\/image\\\/\"},\"sameAs\":[\"https:\\\/\\\/www.facebook.com\\\/FluenceCorp\",\"https:\\\/\\\/x.com\\\/FluenceCorp\",\"https:\\\/\\\/www.linkedin.com\\\/company-beta\\\/18150486\\\/\"]}]}<\/script>\n<!-- \/ Yoast SEO plugin. -->","yoast_head_json":{"title":"Folletos de Tratamiento de aguas y aguas residuales municipales | Fluence","robots":{"index":"index","follow":"follow","max-snippet":"max-snippet:-1","max-image-preview":"max-image-preview:large","max-video-preview":"max-video-preview:-1"},"canonical":"https:\/\/www.fluencecorp.com\/es\/folletos\/aguas-municipales-residuales\/","og_locale":"es_ES","og_type":"article","og_title":"Folletos de Tratamiento de aguas y aguas residuales municipales | Fluence","og_description":"Cat\u00e1logo de Folletos Explore nuestro cat\u00e1logo de folletos para obtener m\u00e1s informaci\u00f3n sobre los productos y soluciones sostenibles de Fluence.","og_url":"https:\/\/www.fluencecorp.com\/es\/folletos\/aguas-municipales-residuales\/","article_publisher":"https:\/\/www.facebook.com\/FluenceCorp","article_modified_time":"2024-09-19T02:26:52+00:00","twitter_card":"summary_large_image","twitter_site":"@FluenceCorp","twitter_misc":{"Tiempo de lectura":"2 minutos","Written by":"sysop"},"schema":{"@context":"https:\/\/schema.org","@graph":[{"@type":"WebPage","@id":"https:\/\/www.fluencecorp.com\/es\/folletos\/aguas-municipales-residuales\/","url":"https:\/\/www.fluencecorp.com\/es\/folletos\/aguas-municipales-residuales\/","name":"Folletos de Tratamiento de aguas y aguas residuales municipales | Fluence","isPartOf":{"@id":"https:\/\/www.fluencecorp.com\/es\/#website"},"datePublished":"2024-08-22T18:29:03+00:00","dateModified":"2024-09-19T02:26:52+00:00","breadcrumb":{"@id":"https:\/\/www.fluencecorp.com\/es\/folletos\/aguas-municipales-residuales\/#breadcrumb"},"inLanguage":"es","potentialAction":[{"@type":"ReadAction","target":["https:\/\/www.fluencecorp.com\/es\/folletos\/aguas-municipales-residuales\/"]}]},{"@type":"BreadcrumbList","@id":"https:\/\/www.fluencecorp.com\/es\/folletos\/aguas-municipales-residuales\/#breadcrumb","itemListElement":[{"@type":"ListItem","position":1,"name":"Home","item":"https:\/\/www.fluencecorp.com\/es\/"},{"@type":"ListItem","position":2,"name":"Cat\u00e1logo de Folletos","item":"https:\/\/www.fluencecorp.com\/es\/folletos\/"},{"@type":"ListItem","position":3,"name":"Brochures &#8211; Tratamiento de aguas y aguas residuales municipales"}]},{"@type":"WebSite","@id":"https:\/\/www.fluencecorp.com\/es\/#website","url":"https:\/\/www.fluencecorp.com\/es\/","name":"Fluence Corporation","description":"","publisher":{"@id":"https:\/\/www.fluencecorp.com\/es\/#organization"},"potentialAction":[{"@type":"SearchAction","target":{"@type":"EntryPoint","urlTemplate":"https:\/\/www.fluencecorp.com\/es\/?s={search_term_string}"},"query-input":{"@type":"PropertyValueSpecification","valueRequired":true,"valueName":"search_term_string"}}],"inLanguage":"es"},{"@type":"Organization","@id":"https:\/\/www.fluencecorp.com\/es\/#organization","name":"Fluence","url":"https:\/\/www.fluencecorp.com\/es\/","logo":{"@type":"ImageObject","inLanguage":"es","@id":"https:\/\/www.fluencecorp.com\/es\/#\/schema\/logo\/image\/","url":"https:\/\/www.fluencecorp.com\/wp-content\/uploads\/2018\/03\/fluence-seo-logo.png","contentUrl":"https:\/\/www.fluencecorp.com\/wp-content\/uploads\/2018\/03\/fluence-seo-logo.png","width":523,"height":181,"caption":"Fluence"},"image":{"@id":"https:\/\/www.fluencecorp.com\/es\/#\/schema\/logo\/image\/"},"sameAs":["https:\/\/www.facebook.com\/FluenceCorp","https:\/\/x.com\/FluenceCorp","https:\/\/www.linkedin.com\/company-beta\/18150486\/"]}]}},"_links":{"self":[{"href":"https:\/\/www.fluencecorp.com\/es\/wp-json\/wp\/v2\/pages\/85682","targetHints":{"allow":["GET"]}}],"collection":[{"href":"https:\/\/www.fluencecorp.com\/es\/wp-json\/wp\/v2\/pages"}],"about":[{"href":"https:\/\/www.fluencecorp.com\/es\/wp-json\/wp\/v2\/types\/page"}],"author":[{"embeddable":true,"href":"https:\/\/www.fluencecorp.com\/es\/wp-json\/wp\/v2\/users\/1"}],"replies":[{"embeddable":true,"href":"https:\/\/www.fluencecorp.com\/es\/wp-json\/wp\/v2\/comments?post=85682"}],"version-history":[{"count":0,"href":"https:\/\/www.fluencecorp.com\/es\/wp-json\/wp\/v2\/pages\/85682\/revisions"}],"up":[{"embeddable":true,"href":"https:\/\/www.fluencecorp.com\/es\/wp-json\/wp\/v2\/pages\/43736"}],"wp:attachment":[{"href":"https:\/\/www.fluencecorp.com\/es\/wp-json\/wp\/v2\/media?parent=85682"}],"wp:term":[{"taxonomy":"author","embeddable":true,"href":"https:\/\/www.fluencecorp.com\/es\/wp-json\/wp\/v2\/coauthors?post=85682"}],"curies":[{"name":"wp","href":"https:\/\/api.w.org\/{rel}","templated":true}]}}