{"id":53105,"date":"2020-03-10T06:24:44","date_gmt":"2020-03-09T19:24:44","guid":{"rendered":"https:\/\/www.fluencecorp.com\/subre\/"},"modified":"2020-03-11T03:21:38","modified_gmt":"2020-03-10T16:21:38","slug":"subre","status":"publish","type":"page","link":"https:\/\/www.fluencecorp.com\/es\/subre\/","title":{"rendered":"SUBRE"},"content":{"rendered":"<p>[et_pb_section fb_built=\u00bb1&#8243; disabled_on=\u00bbon|on|\u00bb _builder_version=\u00bb4.4.0&#8243; background_color=\u00bbrgba(0,0,0,0.4)\u00bb background_image=\u00bbhttps:\/\/www.fluencecorp.com\/wp-content\/uploads\/2020\/03\/SUBRE-MABR.jpg?_t=1583779887&#8243; background_blend=\u00bboverlay\u00bb custom_padding=\u00bb0px||0px|\u00bb hover_enabled=\u00bb0&#8243; locked=\u00bboff\u00bb][et_pb_row _builder_version=\u00bb4.4.0&#8243; custom_padding=\u00bb4%||8%||false|false\u00bb][et_pb_column type=\u00bb4_4&#8243; _builder_version=\u00bb3.25&#8243; background_position=\u00bbtop_left\u00bb custom_padding=\u00bb|||\u00bb custom_padding__hover=\u00bb|||\u00bb][et_pb_text module_class=\u00bbhomeheader\u00bb _builder_version=\u00bb4.4.0&#8243; text_font_size=\u00bb40&#8243; text_line_height=\u00bb1em\u00bb text_orientation=\u00bbcenter\u00bb background_layout=\u00bbdark\u00bb module_alignment=\u00bbcenter\u00bb hover_enabled=\u00bb0&#8243; custom_css_main_element=\u00bbtext-shadow: 0 2px 4px rgba(0, 0, 0, 0.3);\u00bb]<img decoding=\"async\" class=\"wp-image-53007 aligncenter size-full\" src=\"https:\/\/www.fluencecorp.com\/wp-content\/uploads\/2020\/03\/subre-logo-w.png?_t=1583779906\" alt=\"\" width=\"286\" height=\"100\" \/><\/p>\n<p>Actualizaci\u00f3n de Plantas de Tratamiento de Aguas Residuales con Tecnolog\u00eda MABR Sumergida<\/p>\n<p><a class=\"et_pb_button et_pb_button2a et_pb_button_biga\" href=\"\/es\/contacto\/\">REQUEST QUOTE<\/a>[\/et_pb_text][\/et_pb_column][\/et_pb_row][\/et_pb_section][et_pb_section fb_built=\u00bb1&#8243; disabled_on=\u00bboff|off|on\u00bb _builder_version=\u00bb3.22&#8243; background_color=\u00bbrgba(0,0,0,0.4)\u00bb background_image=\u00bbhttps:\/\/www.fluencecorp.com\/wp-content\/uploads\/2017\/07\/nirobox-water-treatment.jpg\u00bb background_blend=\u00bboverlay\u00bb custom_padding=\u00bb0px||0px|\u00bb locked=\u00bboff\u00bb][et_pb_row _builder_version=\u00bb4.4.0&#8243; custom_padding=\u00bb4%||8%||false|false\u00bb][et_pb_column type=\u00bb4_4&#8243; _builder_version=\u00bb3.25&#8243; background_position=\u00bbtop_left\u00bb custom_padding=\u00bb|||\u00bb custom_padding__hover=\u00bb|||\u00bb][et_pb_text module_class=\u00bbhomeheader\u00bb _builder_version=\u00bb4.4.0&#8243; text_font_size=\u00bb40&#8243; text_line_height=\u00bb1em\u00bb text_orientation=\u00bbcenter\u00bb background_layout=\u00bbdark\u00bb module_alignment=\u00bbcenter\u00bb hover_enabled=\u00bb0&#8243; custom_css_main_element=\u00bbtext-shadow: 0 2px 4px rgba(0, 0, 0, 0.3);\u00bb border_style=\u00bbsolid\u00bb]<img decoding=\"async\" class=\"wp-image-53007 aligncenter size-full\" src=\"https:\/\/www.fluencecorp.com\/wp-content\/uploads\/2020\/03\/subre-logo-w.png?_t=1583779906\" alt=\"\" width=\"286\" height=\"100\" \/><\/p>\n<p>Actualizaci\u00f3n de Plantas de Tratamiento de Aguas Residuales con Tecnolog\u00eda MABR Sumergida<\/p>\n<p><a class=\"et_pb_button et_pb_button2a et_pb_button_biga\" href=\"\/es\/contacto\/\">REQUEST QUOTE<\/a>[\/et_pb_text][\/et_pb_column][\/et_pb_row][\/et_pb_section][et_pb_section fb_built=\u00bb1&#8243; _builder_version=\u00bb3.22&#8243; custom_padding=\u00bb0px||0px|\u00bb][et_pb_row column_structure=\u00bb2_3,1_3&#8243; _builder_version=\u00bb3.25&#8243; background_size=\u00bbinitial\u00bb background_position=\u00bbtop_left\u00bb background_repeat=\u00bbrepeat\u00bb][et_pb_column type=\u00bb2_3&#8243; _builder_version=\u00bb3.25&#8243; custom_padding=\u00bb|||\u00bb custom_padding__hover=\u00bb|||\u00bb][et_pb_text admin_label=\u00bbMain Body Text\u00bb _builder_version=\u00bb4.4.0&#8243; hover_enabled=\u00bb0&#8243; border_style=\u00bbsolid\u00bb]<\/p>\n<h2>Con el aumento de la urbanizaci\u00f3n, las plantas de tratamiento de aguas residuales enfrentan nuevos desaf\u00edos<\/h2>\n<p>Cuando una planta de tratamiento de efluentes de lodo activado convencional alcanza su l\u00edmite, SUBRE de Fluence puede acudir al rescate. En lugar de ampliar las plantas existentes y construir nuevos estanques, los m\u00f3dulos SUBRE se sumergen en estanques existentes, mejorando la calidad del efluente, reduciendo el uso de qu\u00edmicos, ahorrando energ\u00eda y costos operacionales y aumentando la capacidad. SUBRE mejora las plantas de tratamiento de aguas residuales mediante el uso de modulos del reactor de biofilm de membrana aireada (MABR). SUBRE est\u00e1 dise\u00f1ado para mejorar cuencas existentes con capacidades de 2,000-100,000 m &sup3;\/d (0.5-22 MGD) o mejorar las cualidades de los efluentes cumpliendo con las estrictas regulaciones de nutrientes.<\/p>\n<p>SUBRE permite:<\/p>\n<ul>\n<li><strong>Aumentar la capacidad del tratamiento<\/strong> para acomodar aFluences m\u00e1s altas<\/li>\n<li><strong>Reducir el TN y TP en efluentes<\/strong> de agua (eliminaci\u00f3n de nutrientes biol\u00f3gicos)<\/li>\n<li>Avanzar hacia el tratamiento de <strong>neutralidad energ\u00e9tica<\/strong><\/li>\n<\/ul>\n<p>En una actualizaci\u00f3n de SUBRE, las torres de hasta cuatro niveles de m\u00f3dulos MABR est\u00e1n sumergidos en la zona an\u00f3xica de las WWTP (en un reactor completamente aireado sin ninguna zona an\u00f3xica, donde ser\u00e1 necesario la construcci\u00f3n de un muro de separaci\u00f3n).<\/p>\n<p>Los m\u00f3dulos MABR son de f\u00e1cil instalaci\u00f3n, energ\u00e9ticamente eficientes y rentables y aseguran una alta calidad del efluente debido al simult\u00e1neo proceso de nitrificaci\u00f3n-desnitrificaci\u00f3n. Las torres SUBRE son adecuadas para su instalaci\u00f3n en cuencas que van desde 1,5m a 6m (5-20 pies) de profundidad. Los m\u00f3dulos se anclan en el suelo de la cuenca y son aireados por un soplador separado de bajo flujo y de baja presi\u00f3n. Los difusores de burbuja gruesa se utilizan para mezclar peri\u00f3dicamente la biomasa suspendida (si es posible, utilizando sopladores de aireaci\u00f3n existentes).<\/p>\n<p>El acondicionamiento se puede realizar con una interrupci\u00f3n m\u00ednima, un lavabo a la vez. Los resultados vistos en una a tres semanas incluyen una mejora en la calidad del efluente o aumento en la capacidad y una disminuci\u00f3n de hasta un 30% de uso total de energ\u00eda en la planta. Y, SUBRE ahorrar\u00e1 mucho en gastos operativos.<\/p>\n<p><strong>Una actualizaci\u00f3n SUBRE lograr\u00e1:<\/strong><\/p>\n<ul>\n<li>Eliminaci\u00f3n mejorada de Nitr\u00f3geno <\/li>\n<li>Eliminaci\u00f3n mejorada de Bio-F\u00f3sforo<\/li>\n<li>Incremento de la capacidad<\/li>\n<li>Mejora en la calidad del efluente<\/li>\n<li>Una disminuci\u00f3n en los costos operativos de hasta un 30%<\/li>\n<\/ul>\n<p><strong>Los m\u00f3dulos MABR superan las soluciones de crecimiento adjuntas tales como MBBR e IFAS con:<\/strong><\/p>\n<ul>\n<li>Mayor \u00edndice de nitrificaci\u00f3n logrado en un proceso directo<\/li>\n<li>Eliminaci\u00f3n biol\u00f3gica mejorada de f\u00f3sforo<\/li>\n<li>Reducci\u00f3n de costos energ\u00e9ticos<\/li>\n<li>Menor uso de qu\u00edmicos<\/li>\n<\/ul>\n<h3>Mejore la Capacidad y Eficiencia del Tratamiento de Aguas Residuales con SUBRE<\/h3>\n<p>\u00bfEst\u00e1 buscando maneras de obtener mayor rendimiento de su planta de tratamiento de efluentes existente? <a href=\"https:\/\/www.fluencecorp.com\/es\/contacto\/\" target=\"_blank\" rel=\"noopener noreferrer\">Contacte a nuestros expertos<\/a> en Fluence para obtener m\u00e1s informaci\u00f3n sobre c\u00f3mo puede aumentar la capacidad, reducir el uso de energ\u00eda y mejorar la calidad de efluentes con SUBRE.<\/p>\n<p>Busca un nuevo sistema de tratamiento de aguas residuales? Encuentre m\u00e1s informaci\u00f3n sobre <a href=\"https:\/\/www.fluencecorp.com\/aspiral\/\" target=\"_blank\" rel=\"noopener noreferrer\">Plantas MABR Paquetizadas Inteligenes Aspiral\u2122<\/a>.[\/et_pb_text][\/et_pb_column][et_pb_column type=\u00bb1_3&#8243; _builder_version=\u00bb3.25&#8243; custom_padding=\u00bb|||\u00bb custom_padding__hover=\u00bb|||\u00bb][et_pb_video src=\u00bbhttps:\/\/www.youtube.com\/watch?v=EEKBCtRLiSo\u00bb thumbnail_overlay_color=\u00bbrgba(255,255,255,0)\u00bb _builder_version=\u00bb4.4.0&#8243; background_color=\u00bb#f4f4f4&#8243; custom_margin=\u00bb0px|0px|0px|0px|true|true\u00bb custom_padding=\u00bb0px|0px|0px|0px|true|true\u00bb][\/et_pb_video][et_pb_text module_class=\u00bbfluenceblurb\u00bb _builder_version=\u00bb4.4.0&#8243; text_font_size=\u00bb14px\u00bb text_line_height=\u00bb1.31em\u00bb background_color=\u00bb#f4f4f4&#8243; custom_padding=\u00bb20px|20px|20px|20px|true|true\u00bb hover_enabled=\u00bb0&#8243;]<\/p>\n<h3>Caracter\u00edsticas y Beneficios de SUBRE<\/h3>\n<ul>\n<li>Actualiza las Plantas de Tratamiento de Aguas Residuales existentes con capacidades de cuenca de 2,000-100,000 m&sup3;\/d (0.5-22 MGD)<\/li>\n<li>Disponible en torres de uno a cuatro m\u00f3dulos MABR<\/li>\n<li>Ideal para ampliar la capacidad de tratamiento de las plantas sin ampliar la huella.<\/li>\n<li>Hasta un 80% de eliminaci\u00f3n de TP en la etapa biol\u00f3gica.<\/li>\n<li>La calidad del efluente estable cumple con las estrictas regulaciones vigentes.<\/li>\n<li>Hasta un 20% de reducci\u00f3n de OPEX.<\/li>\n<li>Reduce la adici\u00f3n de carbono hasta en un 30%<\/li>\n<li>Garant\u00eda de membrana y soporte t\u00e9cnico completo.<\/li>\n<li>Huella cero \u2013sin construcci\u00f3n adicional.<\/li>\n<li>Simple de operar<\/li>\n<li>Avance hacia el tratamiento de neutralidad energ\u00e9tica.<\/li>\n<\/ul>\n<p style=\"text-align: center; margin: 0 auto;\"><a class=\"et_pb_promo_button et_pb_button\" href=\"\/es\/contacto\/\" target=\"_blank\" rel=\"noopener noreferrer\">P\u00d3NGASE EN CONTACTO CON NUESTROS EXPERTOS<\/a><\/p>\n<p style=\"text-align: center; margin: 0 auto;\"><a class=\"et_pb_promo_button et_pb_button et_pb_button3\" href=\"https:\/\/www.fluencecorp.com\/wp-content\/uploads\/2019\/08\/Brochure-SUBRE_Espa%C3%B1ol.pdf\" target=\"_blank\" rel=\"noopener noreferrer\">DESCARGAR FOLLETO<\/a><\/p>\n<p>[\/et_pb_text][et_pb_image src=\u00bbhttps:\/\/www.fluencecorp.com\/wp-content\/uploads\/2019\/11\/Design-Now-Widget-Blue-Spanish@2x.png?_t=1574451132&#8243; url=\u00bb\/design\/\u00bb admin_label=\u00bbdesignFluence Spanish Widget\u00bb _builder_version=\u00bb4.0.6&#8243; saved_tabs=\u00bball\u00bb locked=\u00bboff\u00bb][\/et_pb_image][\/et_pb_column][\/et_pb_row][\/et_pb_section]<\/p>\n","protected":false},"excerpt":{"rendered":"<p>Actualizaci\u00f3n de Plantas de Tratamiento de Aguas Residuales con Tecnolog\u00eda MABR Sumergida REQUEST QUOTE Actualizaci\u00f3n de Plantas de Tratamiento de Aguas Residuales con Tecnolog\u00eda MABR Sumergida REQUEST QUOTECon el aumento de la urbanizaci\u00f3n, las plantas de tratamiento de aguas residuales enfrentan nuevos desaf\u00edos Cuando una planta de tratamiento de efluentes de lodo activado convencional alcanza [&hellip;]<\/p>\n","protected":false},"author":1,"featured_media":78080,"parent":0,"menu_order":0,"comment_status":"closed","ping_status":"closed","template":"","meta":{"_et_pb_use_builder":"on","_et_pb_old_content":"","_et_gb_content_width":"","_relevanssi_hide_post":"","_relevanssi_hide_content":"","_relevanssi_pin_for_all":"","_relevanssi_pin_keywords":"","_relevanssi_unpin_keywords":"","_relevanssi_related_keywords":"","_relevanssi_related_include_ids":"","_relevanssi_related_exclude_ids":"","_relevanssi_related_no_append":"","_relevanssi_related_not_related":"","_relevanssi_related_posts":"","_relevanssi_noindex_reason":"","inline_featured_image":false,"footnotes":"","_links_to":"","_links_to_target":""},"coauthors":[239,266],"class_list":["post-53105","page","type-page","status-publish","has-post-thumbnail","hentry"],"yoast_head":"<!-- This site is optimized with the Yoast SEO plugin v27.3 - https:\/\/yoast.com\/product\/yoast-seo-wordpress\/ -->\n<title>Mejoras en Planta de Tratamiento de Aguas Residuales SUBRE MABR | Fluence<\/title>\n<meta name=\"description\" content=\"Cuando una WWTP (Planta de Tratamiento de Aguas Residuales por sus siglas en ingl\u00e9s) convencional ha logrado m\u00e1xima capacidad o necesita mejorar la calidad del efluente, una actualizaci\u00f3n SUBRE MABR puede hacer ambas cosas en la misma huella.\" \/>\n<meta name=\"robots\" content=\"index, follow, max-snippet:-1, max-image-preview:large, max-video-preview:-1\" \/>\n<link rel=\"canonical\" href=\"https:\/\/www.fluencecorp.com\/es\/subre\/\" \/>\n<meta property=\"og:locale\" content=\"es_ES\" \/>\n<meta property=\"og:type\" content=\"article\" \/>\n<meta property=\"og:title\" content=\"Mejoras en Planta de Tratamiento de Aguas Residuales SUBRE MABR\" \/>\n<meta property=\"og:description\" content=\"Cuando una WWTP (Planta de Tratamiento de Aguas Residuales por sus siglas en ingl\u00e9s) convencional ha logrado m\u00e1xima capacidad o necesita mejorar la calidad del efluente, una actualizaci\u00f3n SUBRE MABR puede hacer ambas cosas en la misma huella.\" \/>\n<meta property=\"og:url\" content=\"https:\/\/www.fluencecorp.com\/es\/subre\/\" \/>\n<meta property=\"article:publisher\" content=\"https:\/\/www.facebook.com\/FluenceCorp\" \/>\n<meta property=\"article:modified_time\" content=\"2020-03-10T16:21:38+00:00\" \/>\n<meta property=\"og:image\" content=\"https:\/\/www.fluencecorp.com\/wp-content\/uploads\/2019\/06\/subre-logo.png\" \/>\n\t<meta property=\"og:image:width\" content=\"286\" \/>\n\t<meta property=\"og:image:height\" content=\"100\" \/>\n\t<meta property=\"og:image:type\" content=\"image\/png\" \/>\n<meta name=\"twitter:card\" content=\"summary_large_image\" \/>\n<meta name=\"twitter:title\" content=\"Mejoras en Planta de Tratamiento de Aguas Residuales SUBRE MABR\" \/>\n<meta name=\"twitter:description\" content=\"Cuando una WWTP (Planta de Tratamiento de Aguas Residuales por sus siglas en ingl\u00e9s) convencional ha logrado m\u00e1xima capacidad o necesita mejorar la calidad del efluente, una actualizaci\u00f3n SUBRE MABR puede hacer ambas cosas en la misma huella.\" \/>\n<meta name=\"twitter:image\" content=\"https:\/\/www.fluencecorp.com\/wp-content\/uploads\/2019\/06\/subre-logo.png\" \/>\n<meta name=\"twitter:site\" content=\"@FluenceCorp\" \/>\n<meta name=\"twitter:label1\" content=\"Tiempo de lectura\" \/>\n\t<meta name=\"twitter:data1\" content=\"5 minutos\" \/>\n\t<meta name=\"twitter:label2\" content=\"Written by\" \/>\n\t<meta name=\"twitter:data2\" content=\"sysop\" \/>\n<script type=\"application\/ld+json\" class=\"yoast-schema-graph\">{\"@context\":\"https:\\\/\\\/schema.org\",\"@graph\":[{\"@type\":\"WebPage\",\"@id\":\"https:\\\/\\\/www.fluencecorp.com\\\/es\\\/subre\\\/\",\"url\":\"https:\\\/\\\/www.fluencecorp.com\\\/es\\\/subre\\\/\",\"name\":\"Mejoras en Planta de Tratamiento de Aguas Residuales SUBRE MABR | Fluence\",\"isPartOf\":{\"@id\":\"https:\\\/\\\/www.fluencecorp.com\\\/es\\\/#website\"},\"primaryImageOfPage\":{\"@id\":\"https:\\\/\\\/www.fluencecorp.com\\\/es\\\/subre\\\/#primaryimage\"},\"image\":{\"@id\":\"https:\\\/\\\/www.fluencecorp.com\\\/es\\\/subre\\\/#primaryimage\"},\"thumbnailUrl\":\"https:\\\/\\\/www.fluencecorp.com\\\/wp-content\\\/uploads\\\/2019\\\/03\\\/SUBRE-MABR-Technology.jpg\",\"datePublished\":\"2020-03-09T19:24:44+00:00\",\"dateModified\":\"2020-03-10T16:21:38+00:00\",\"description\":\"Cuando una WWTP (Planta de Tratamiento de Aguas Residuales por sus siglas en ingl\u00e9s) convencional ha logrado m\u00e1xima capacidad o necesita mejorar la calidad del efluente, una actualizaci\u00f3n SUBRE MABR puede hacer ambas cosas en la misma huella.\",\"breadcrumb\":{\"@id\":\"https:\\\/\\\/www.fluencecorp.com\\\/es\\\/subre\\\/#breadcrumb\"},\"inLanguage\":\"es\",\"potentialAction\":[{\"@type\":\"ReadAction\",\"target\":[\"https:\\\/\\\/www.fluencecorp.com\\\/es\\\/subre\\\/\"]}]},{\"@type\":\"ImageObject\",\"inLanguage\":\"es\",\"@id\":\"https:\\\/\\\/www.fluencecorp.com\\\/es\\\/subre\\\/#primaryimage\",\"url\":\"https:\\\/\\\/www.fluencecorp.com\\\/wp-content\\\/uploads\\\/2019\\\/03\\\/SUBRE-MABR-Technology.jpg\",\"contentUrl\":\"https:\\\/\\\/www.fluencecorp.com\\\/wp-content\\\/uploads\\\/2019\\\/03\\\/SUBRE-MABR-Technology.jpg\",\"width\":800,\"height\":400,\"caption\":\"Fluence's MABR product line includes SUBRE, which uses towers of MABR units to retrofit existing wastewater treatment plants, increasing capacity and nutrient removal.\"},{\"@type\":\"BreadcrumbList\",\"@id\":\"https:\\\/\\\/www.fluencecorp.com\\\/es\\\/subre\\\/#breadcrumb\",\"itemListElement\":[{\"@type\":\"ListItem\",\"position\":1,\"name\":\"Home\",\"item\":\"https:\\\/\\\/www.fluencecorp.com\\\/es\\\/\"},{\"@type\":\"ListItem\",\"position\":2,\"name\":\"SUBRE\"}]},{\"@type\":\"WebSite\",\"@id\":\"https:\\\/\\\/www.fluencecorp.com\\\/es\\\/#website\",\"url\":\"https:\\\/\\\/www.fluencecorp.com\\\/es\\\/\",\"name\":\"Fluence Corporation\",\"description\":\"\",\"publisher\":{\"@id\":\"https:\\\/\\\/www.fluencecorp.com\\\/es\\\/#organization\"},\"potentialAction\":[{\"@type\":\"SearchAction\",\"target\":{\"@type\":\"EntryPoint\",\"urlTemplate\":\"https:\\\/\\\/www.fluencecorp.com\\\/es\\\/?s={search_term_string}\"},\"query-input\":{\"@type\":\"PropertyValueSpecification\",\"valueRequired\":true,\"valueName\":\"search_term_string\"}}],\"inLanguage\":\"es\"},{\"@type\":\"Organization\",\"@id\":\"https:\\\/\\\/www.fluencecorp.com\\\/es\\\/#organization\",\"name\":\"Fluence\",\"url\":\"https:\\\/\\\/www.fluencecorp.com\\\/es\\\/\",\"logo\":{\"@type\":\"ImageObject\",\"inLanguage\":\"es\",\"@id\":\"https:\\\/\\\/www.fluencecorp.com\\\/es\\\/#\\\/schema\\\/logo\\\/image\\\/\",\"url\":\"https:\\\/\\\/www.fluencecorp.com\\\/wp-content\\\/uploads\\\/2018\\\/03\\\/fluence-seo-logo.png\",\"contentUrl\":\"https:\\\/\\\/www.fluencecorp.com\\\/wp-content\\\/uploads\\\/2018\\\/03\\\/fluence-seo-logo.png\",\"width\":523,\"height\":181,\"caption\":\"Fluence\"},\"image\":{\"@id\":\"https:\\\/\\\/www.fluencecorp.com\\\/es\\\/#\\\/schema\\\/logo\\\/image\\\/\"},\"sameAs\":[\"https:\\\/\\\/www.facebook.com\\\/FluenceCorp\",\"https:\\\/\\\/x.com\\\/FluenceCorp\",\"https:\\\/\\\/www.linkedin.com\\\/company-beta\\\/18150486\\\/\"]}]}<\/script>\n<!-- \/ Yoast SEO plugin. -->","yoast_head_json":{"title":"Mejoras en Planta de Tratamiento de Aguas Residuales SUBRE MABR | Fluence","description":"Cuando una WWTP (Planta de Tratamiento de Aguas Residuales por sus siglas en ingl\u00e9s) convencional ha logrado m\u00e1xima capacidad o necesita mejorar la calidad del efluente, una actualizaci\u00f3n SUBRE MABR puede hacer ambas cosas en la misma huella.","robots":{"index":"index","follow":"follow","max-snippet":"max-snippet:-1","max-image-preview":"max-image-preview:large","max-video-preview":"max-video-preview:-1"},"canonical":"https:\/\/www.fluencecorp.com\/es\/subre\/","og_locale":"es_ES","og_type":"article","og_title":"Mejoras en Planta de Tratamiento de Aguas Residuales SUBRE MABR","og_description":"Cuando una WWTP (Planta de Tratamiento de Aguas Residuales por sus siglas en ingl\u00e9s) convencional ha logrado m\u00e1xima capacidad o necesita mejorar la calidad del efluente, una actualizaci\u00f3n SUBRE MABR puede hacer ambas cosas en la misma huella.","og_url":"https:\/\/www.fluencecorp.com\/es\/subre\/","article_publisher":"https:\/\/www.facebook.com\/FluenceCorp","article_modified_time":"2020-03-10T16:21:38+00:00","og_image":[{"width":286,"height":100,"url":"https:\/\/www.fluencecorp.com\/wp-content\/uploads\/2019\/06\/subre-logo.png","type":"image\/png"}],"twitter_card":"summary_large_image","twitter_title":"Mejoras en Planta de Tratamiento de Aguas Residuales SUBRE MABR","twitter_description":"Cuando una WWTP (Planta de Tratamiento de Aguas Residuales por sus siglas en ingl\u00e9s) convencional ha logrado m\u00e1xima capacidad o necesita mejorar la calidad del efluente, una actualizaci\u00f3n SUBRE MABR puede hacer ambas cosas en la misma huella.","twitter_image":"https:\/\/www.fluencecorp.com\/wp-content\/uploads\/2019\/06\/subre-logo.png","twitter_site":"@FluenceCorp","twitter_misc":{"Tiempo de lectura":"5 minutos","Written by":"sysop"},"schema":{"@context":"https:\/\/schema.org","@graph":[{"@type":"WebPage","@id":"https:\/\/www.fluencecorp.com\/es\/subre\/","url":"https:\/\/www.fluencecorp.com\/es\/subre\/","name":"Mejoras en Planta de Tratamiento de Aguas Residuales SUBRE MABR | Fluence","isPartOf":{"@id":"https:\/\/www.fluencecorp.com\/es\/#website"},"primaryImageOfPage":{"@id":"https:\/\/www.fluencecorp.com\/es\/subre\/#primaryimage"},"image":{"@id":"https:\/\/www.fluencecorp.com\/es\/subre\/#primaryimage"},"thumbnailUrl":"https:\/\/www.fluencecorp.com\/wp-content\/uploads\/2019\/03\/SUBRE-MABR-Technology.jpg","datePublished":"2020-03-09T19:24:44+00:00","dateModified":"2020-03-10T16:21:38+00:00","description":"Cuando una WWTP (Planta de Tratamiento de Aguas Residuales por sus siglas en ingl\u00e9s) convencional ha logrado m\u00e1xima capacidad o necesita mejorar la calidad del efluente, una actualizaci\u00f3n SUBRE MABR puede hacer ambas cosas en la misma huella.","breadcrumb":{"@id":"https:\/\/www.fluencecorp.com\/es\/subre\/#breadcrumb"},"inLanguage":"es","potentialAction":[{"@type":"ReadAction","target":["https:\/\/www.fluencecorp.com\/es\/subre\/"]}]},{"@type":"ImageObject","inLanguage":"es","@id":"https:\/\/www.fluencecorp.com\/es\/subre\/#primaryimage","url":"https:\/\/www.fluencecorp.com\/wp-content\/uploads\/2019\/03\/SUBRE-MABR-Technology.jpg","contentUrl":"https:\/\/www.fluencecorp.com\/wp-content\/uploads\/2019\/03\/SUBRE-MABR-Technology.jpg","width":800,"height":400,"caption":"Fluence's MABR product line includes SUBRE, which uses towers of MABR units to retrofit existing wastewater treatment plants, increasing capacity and nutrient removal."},{"@type":"BreadcrumbList","@id":"https:\/\/www.fluencecorp.com\/es\/subre\/#breadcrumb","itemListElement":[{"@type":"ListItem","position":1,"name":"Home","item":"https:\/\/www.fluencecorp.com\/es\/"},{"@type":"ListItem","position":2,"name":"SUBRE"}]},{"@type":"WebSite","@id":"https:\/\/www.fluencecorp.com\/es\/#website","url":"https:\/\/www.fluencecorp.com\/es\/","name":"Fluence Corporation","description":"","publisher":{"@id":"https:\/\/www.fluencecorp.com\/es\/#organization"},"potentialAction":[{"@type":"SearchAction","target":{"@type":"EntryPoint","urlTemplate":"https:\/\/www.fluencecorp.com\/es\/?s={search_term_string}"},"query-input":{"@type":"PropertyValueSpecification","valueRequired":true,"valueName":"search_term_string"}}],"inLanguage":"es"},{"@type":"Organization","@id":"https:\/\/www.fluencecorp.com\/es\/#organization","name":"Fluence","url":"https:\/\/www.fluencecorp.com\/es\/","logo":{"@type":"ImageObject","inLanguage":"es","@id":"https:\/\/www.fluencecorp.com\/es\/#\/schema\/logo\/image\/","url":"https:\/\/www.fluencecorp.com\/wp-content\/uploads\/2018\/03\/fluence-seo-logo.png","contentUrl":"https:\/\/www.fluencecorp.com\/wp-content\/uploads\/2018\/03\/fluence-seo-logo.png","width":523,"height":181,"caption":"Fluence"},"image":{"@id":"https:\/\/www.fluencecorp.com\/es\/#\/schema\/logo\/image\/"},"sameAs":["https:\/\/www.facebook.com\/FluenceCorp","https:\/\/x.com\/FluenceCorp","https:\/\/www.linkedin.com\/company-beta\/18150486\/"]}]}},"_links":{"self":[{"href":"https:\/\/www.fluencecorp.com\/es\/wp-json\/wp\/v2\/pages\/53105","targetHints":{"allow":["GET"]}}],"collection":[{"href":"https:\/\/www.fluencecorp.com\/es\/wp-json\/wp\/v2\/pages"}],"about":[{"href":"https:\/\/www.fluencecorp.com\/es\/wp-json\/wp\/v2\/types\/page"}],"author":[{"embeddable":true,"href":"https:\/\/www.fluencecorp.com\/es\/wp-json\/wp\/v2\/users\/1"}],"replies":[{"embeddable":true,"href":"https:\/\/www.fluencecorp.com\/es\/wp-json\/wp\/v2\/comments?post=53105"}],"version-history":[{"count":0,"href":"https:\/\/www.fluencecorp.com\/es\/wp-json\/wp\/v2\/pages\/53105\/revisions"}],"wp:featuredmedia":[{"embeddable":true,"href":"https:\/\/www.fluencecorp.com\/es\/wp-json\/wp\/v2\/media\/78080"}],"wp:attachment":[{"href":"https:\/\/www.fluencecorp.com\/es\/wp-json\/wp\/v2\/media?parent=53105"}],"wp:term":[{"taxonomy":"author","embeddable":true,"href":"https:\/\/www.fluencecorp.com\/es\/wp-json\/wp\/v2\/coauthors?post=53105"}],"curies":[{"name":"wp","href":"https:\/\/api.w.org\/{rel}","templated":true}]}}