{"id":52966,"date":"2020-03-03T08:20:09","date_gmt":"2020-03-02T21:20:09","guid":{"rendered":"https:\/\/www.fluencecorp.com\/worker-encampments\/"},"modified":"2020-03-10T02:37:31","modified_gmt":"2020-03-09T15:37:31","slug":"campamentos-trabajadores","status":"publish","type":"page","link":"https:\/\/www.fluencecorp.com\/es\/campamentos-trabajadores\/","title":{"rendered":"Tratamiento de Aguas Residuales Descentralizado para Campamentos de Trabajadores"},"content":{"rendered":"<p>[et_pb_section fb_built=\u00bb1&#8243; _builder_version=\u00bb4.3.4&#8243; background_color=\u00bbrgba(0,0,0,0.4)\u00bb background_image=\u00bbhttps:\/\/www.fluencecorp.com\/wp-content\/uploads\/2020\/03\/wastewater-treatment-for-worker-camps.jpg?_t=1583185188&#8243; background_blend=\u00bboverlay\u00bb][et_pb_row _builder_version=\u00bb3.25&#8243;][et_pb_column type=\u00bb4_4&#8243; _builder_version=\u00bb3.25&#8243; background_position=\u00bbtop_left\u00bb custom_padding=\u00bb|||\u00bb custom_padding__hover=\u00bb|||\u00bb][et_pb_text admin_label=\u00bbHeader with Background Image\u00bb _builder_version=\u00bb4.4.0&#8243; text_font_size=\u00bb24&#8243; background_layout=\u00bbdark\u00bb custom_css_main_element=\u00bbtext-shadow: 0 2px 5px rgba(0, 0, 0, 0.3);\u00bb header_text_shadow_style=\u00bbpreset1&#8243; border_style=\u00bbsolid\u00bb]<\/p>\n<h1>Tratamiento de Aguas Residuales Descentralizado para Campamentos de Trabajadores<\/h1>\n<p>[\/et_pb_text][\/et_pb_column][\/et_pb_row][\/et_pb_section][et_pb_section fb_built=\u00bb1&#8243; _builder_version=\u00bb3.22&#8243; custom_padding=\u00bb0px||0px|\u00bb][et_pb_row column_structure=\u00bb2_3,1_3&#8243; _builder_version=\u00bb3.25&#8243; background_size=\u00bbinitial\u00bb background_position=\u00bbtop_left\u00bb background_repeat=\u00bbrepeat\u00bb][et_pb_column type=\u00bb2_3&#8243; _builder_version=\u00bb3.25&#8243; custom_padding=\u00bb|||\u00bb custom_padding__hover=\u00bb|||\u00bb][et_pb_text admin_label=\u00bbMain Body Text\u00bb _builder_version=\u00bb4.4.0&#8243; border_style=\u00bbsolid\u00bb]<\/p>\n<h2>Con las plantas Paquetizadas Inteligentes Aspiral\u2122, las instalaciones pueden cumplir incluso con las regulaciones de efluentes m\u00e1s estrictas y fomentar buenas relaciones con las comunidades vecinas<\/h2>\n<p>La industria de extracci\u00f3n de petr\u00f3leo y gas natural est\u00e1 floreciente y donde hay auge, hay una fuerza de trabajo que necesita refugio. Por lo general, la vivienda improvisada surge para satisfacer una necesidad, pero a menudo, estos llamados \u00abcampamentos de hombres\u00bb sobrecargan la infraestructura sanitaria de las ciudades cercanas o funcionan sin tratamiento de aguas residuales por completo, poniendo en peligro la salud humana y el medio ambiente.<\/p>\n<h3>Planta de Tratamiento de Efluentes Paquetizados Inteligentes Aspiral\u2122<\/h3>\n<p>Este es exactamente el escenario en el que las plantas de tratamiento de aguas residuales Paquetizadas Inteligentes Aspiral \u2122 de Fluence pueden acudir al rescate.  Cuando un parque de casas rodantes para trabajadores de campos petroleros en Carlsbad, Nuevo M\u00e9xico, necesitaba cumplir con la disposici\u00f3n de sus aguas residuales, instal\u00f3 una planta Paquetizada Inteligente Aspiral , cumpliendo con las regulaciones y produciendo agua para el control del polvo.<\/p>\n<p>Usando la mejor tecnolog\u00eda MABR de Fluence en su clase, la eliminaci\u00f3n excepcional de nutrientes de Aspiral produce un efluente que es adecuado para el riego o la liberaci\u00f3n directa al medio ambiente, as\u00ed como tambi\u00e9n para el control de polvo, la descarga del inodoro y otros usos no potables. Y, las bajas necesidades de mantenimiento y operaci\u00f3n de Aspiral permiten a los operadores de petr\u00f3leo y gas concentrarse en su misi\u00f3n.<\/p>\n<p>[\/et_pb_text][et_pb_text admin_label=\u00bbBenefits\u00bb _builder_version=\u00bb4.4.0&#8243; background_color=\u00bb#fefefe\u00bb background_image=\u00bbhttps:\/\/www.fluencecorp.com\/wp-content\/uploads\/2017\/07\/droplet-pattern.png\u00bb background_size=\u00bbinitial\u00bb border_style=\u00bbsolid\u00bb]<\/p>\n<h3>Los beneficios de Aspiral\u2122 para Campamentos de Trabajadores<\/h3>\n<ul>\n<li><strong>Eliminaci\u00f3n de Alto Contenido de Nutrientes<\/strong><br \/>Aspiral utiliza tecnolog\u00eda MABR, incluida la nitrificaci\u00f3n-desnitrificaci\u00f3n simult\u00e1nea, para la eliminaci\u00f3n de nutrientes que cumple con los est\u00e1ndares, incluidos el T\u00edtulo 22 de California y las Clases 1A y IV de China. El resultado es un efluente adecuado para el riego o la liberaci\u00f3n al medio ambiente.<\/li>\n<li><strong>Ahorro de energ\u00eda<\/strong><br \/>Los m\u00f3dulos MABR de Fluence utilizan aireaci\u00f3n pasiva de baja presi\u00f3n, lo cual reduce la energ\u00eda utilizada para la aireaci\u00f3n hasta en un 90%. Este consumo de baja energ\u00eda permite el tratamiento descentralizado independiente de la red el\u00e9ctrica.<\/li>\n<li><strong>Operaci\u00f3n Convivencia Amistosa<\/strong><br \/>Aspiral funciona produciendo una huella peque\u00f1a y su bajo olor y ruido generan una convivencia amistosa con los vecinos. Produce agua apta para su re\u00faso, reduciendo la competencia para los recursos de agua dulce.<\/li>\n<li><strong>Reducir Gastos de Tuber\u00eda<\/strong><br \/>Las plantas Aspiral son ideales para la descentralizaci\u00f3n, lo que significa que llevan el tratamiento al punto donde es necesario, de manera que el efluente no tenga que ser canalizado a una planta distante.<\/li>\n<li><strong>Implementaci\u00f3n R\u00e1pida<\/strong><br \/>Las unidades Aspiral se empaquetan en contenedores de env\u00edo est\u00e1ndar para una r\u00e1pida implementaci\u00f3n y puesta en servicio.<\/li>\n<li><strong>Flexibilidad y Adaptabilidad<\/strong><br \/>Las unidades Aspiral est\u00e1n disponibles en varios tama\u00f1os y se pueden usar en conjunto para aumentar la capacidad. Si las necesidades cambian, las unidades se pueden redistribuir o vender f\u00e1cilmente.<\/li>\n<\/ul>\n<p>\u00bfEst\u00e1 buscando un tratamiento eficiente de aguas residuales para viviendas para trabajadores? <a href=\"https:\/\/www.fluencecorp.com\/contact\/\" target=\"_blank\" rel=\"noopener noreferrer\">P\u00f3ngase en contacto con los expertos de Fluence<\/a> para obtener m\u00e1s informaci\u00f3n acerca de nuestras soluciones sostenibles y los paquetes de financiaci\u00f3n para hacerlas realidad.<\/p>\n<p>[\/et_pb_text][\/et_pb_column][et_pb_column type=\u00bb1_3&#8243; _builder_version=\u00bb3.25&#8243; custom_padding=\u00bb|||\u00bb custom_padding__hover=\u00bb|||\u00bb][et_pb_video src=\u00bbhttps:\/\/www.youtube.com\/watch?v=gYMpkna22eU\u00bb thumbnail_overlay_color=\u00bbrgba(255,255,255,0)\u00bb _builder_version=\u00bb4.3.4&#8243; background_color=\u00bb#f4f4f4&#8243; custom_margin=\u00bb0px|0px|0px|0px|true|true\u00bb custom_padding=\u00bb0px|0px|0px|0px|true|true\u00bb][\/et_pb_video][et_pb_text module_class=\u00bbfluenceblurb\u00bb _builder_version=\u00bb4.4.0&#8243; text_font_size=\u00bb14px\u00bb text_line_height=\u00bb1.31em\u00bb background_color=\u00bb#f4f4f4&#8243; custom_padding=\u00bb20px|20px|20px|20px|true|true\u00bb]<\/p>\n<h3>\u00bfQu\u00e9 es Aspiral\u2122?<\/h3>\n<p><a target=\"_blank\" rel=\"noopener noreferrer\" href=\"https:\/\/www.fluencecorp.com\/es\/mabr\/#aspiral\">Aspiral de Fluence<\/a> es una soluci\u00f3n de tratamiento de efluentes inteligente que contiene nuestra innovadora <a target=\"_blank\" rel=\"noopener noreferrer\" href=\"https:\/\/www.fluencecorp.com\/es\/mabr\/\">tecnolog\u00eda MABR<\/a> en contenedores de env\u00edo est\u00e1ndar. Esta soluci\u00f3n modular utiliza nitrificaci\u00f3n-desnitrificaci\u00f3n simult\u00e1nea para una alta eliminaci\u00f3n de nutrientes y reduce el uso de energ\u00eda para la aireaci\u00f3n hasta en un 90% en comparaci\u00f3n con los m\u00e9todos convencionales.<\/p>\n<p>La Familia de soluciones Aspiral ofrece varios tama\u00f1os y configuraciones con capacidades de tratamiento que comienzan en 20 m&sup3;\/d. Se pueden conectar varios contenedores en paralelo para manejar cantidades m\u00e1s grandes de efluentes, hasta 250 m&sup3;\/d. Para un funcionamiento m\u00e1s f\u00e1cil, los sistemas se pueden monitorear y controlar en forma remota.<\/p>\n<p style=\"text-align: center; margin: 0 auto;\"><a class=\"et_pb_promo_button et_pb_button\" target=\"_blank\" rel=\"noopener noreferrer\" href=\"\/es\/contacto\/\">CONT\u00c1CTESE CON NUESTROS EXPERTOS<\/a><\/p>\n<p>[\/et_pb_text][et_pb_blurb title=\u00bbWASTE-TO-ENERGY CHALLENGES?\u00bb url=\u00bb#\u00bb image=\u00bb\/wp-content\/themes\/Fluence\/images\/solutions-icons\/waste_energy_02.svg\u00bb image_max_width=\u00bb80px\u00bb disabled_on=\u00bbon|on|on\u00bb admin_label=\u00bbWASTE-TO-ENERGY CHALLENGES?\u00bb module_class=\u00bbfluenceblurb\u00bb _builder_version=\u00bb4.3.4&#8243; text_orientation=\u00bbcenter\u00bb max_width_tablet=\u00bb50px\u00bb custom_padding=\u00bb30px|20px|30px|20px\u00bb animation=\u00bboff\u00bb border_width_all=\u00bb1px\u00bb border_color_all=\u00bb#7fc8bd\u00bb use_border_color=\u00bbon\u00bb disabled=\u00bbon\u00bb saved_tabs=\u00bball\u00bb]We\u2019re here to help! Contact us to learn more about our solutions or to discuss your next project with our experts.<\/p>\n<p><a class=\"et_pb_promo_button et_pb_button\" href=\"\/contact\/\">CONTACT OUR EXPERTS<\/a><br \/>\n[\/et_pb_blurb][et_pb_text admin_label=\u00bbQUICK LINKS\u00bb _builder_version=\u00bb4.4.0&#8243; header_text_color=\u00bb#0b3a5d\u00bb header_font_size=\u00bb22px\u00bb header_line_height=\u00bb1.2em\u00bb background_color=\u00bb#f4f4f4&#8243; background_size=\u00bbinitial\u00bb background_position=\u00bbcenter_right\u00bb background_blend=\u00bboverlay\u00bb custom_padding=\u00bb30px|30px|30px|30px\u00bb z_index_tablet=\u00bb500&#8243; saved_tabs=\u00bball\u00bb]<\/p>\n<h1>Recursos de MABR<\/h1>\n<ul>\n<li><a target=\"_blank\" rel=\"noopener noreferrer\" href=\"https:\/\/www.fluencecorp.com\/es\/que-es-mabr\/\">Qu\u00e9 es MABR?<\/a><\/li>\n<li><a target=\"_blank\" rel=\"noopener noreferrer\" href=\"https:\/\/www.fluencecorp.com\/es\/como-funciona-mabr\/\">C\u00f3mo funciona MABR?<\/a><\/li>\n<li><a target=\"_blank\" rel=\"noopener noreferrer\" href=\"https:\/\/www.fluencecorp.com\/es\/mabr-white-paper\/\">Informe T\u00e9cnico MABRE<\/a><\/li>\n<li><a target=\"_blank\" rel=\"noopener noreferrer\" href=\"https:\/\/www.fluencecorp.com\/wp-content\/uploads\/2019\/08\/Brochure-MABR_Espa%C3%B1ol.pdf\">Folleto MABR<\/a><\/li>\n<li><a target=\"_blank\" rel=\"noopener noreferrer\" href=\"https:\/\/www.fluencecorp.com\/es\/mabr\/#aspiral\">MABR Paquetizado Inteligente Aspiral\u2122<\/a><\/li>\n<\/ul>\n<p>[\/et_pb_text][et_pb_image src=\u00bbhttps:\/\/www.fluencecorp.com\/wp-content\/uploads\/2019\/11\/Design-Now-Widget-Blue-Spanish@2x.png?_t=1574451132&#8243; url=\u00bb\/design\/\u00bb admin_label=\u00bbdesignFluence Spanish Widget\u00bb _builder_version=\u00bb4.0.6&#8243; saved_tabs=\u00bball\u00bb locked=\u00bboff\u00bb][\/et_pb_image][\/et_pb_column][\/et_pb_row][\/et_pb_section]<\/p>\n","protected":false},"excerpt":{"rendered":"<p>Las viviendas improvisadas para los trabajadores a menudo carecen de un tratamiento adecuado de las aguas residuales. Las unidades descentralizadas de Aspiral pueden ayudar a poner los campamentos en conformidad con las regulaciones de efluentes.<\/p>\n","protected":false},"author":2,"featured_media":56525,"parent":0,"menu_order":0,"comment_status":"closed","ping_status":"closed","template":"","meta":{"_et_pb_use_builder":"on","_et_pb_old_content":"","_et_gb_content_width":"","_relevanssi_hide_post":"","_relevanssi_hide_content":"","_relevanssi_pin_for_all":"","_relevanssi_pin_keywords":"","_relevanssi_unpin_keywords":"","_relevanssi_related_keywords":"","_relevanssi_related_include_ids":"","_relevanssi_related_exclude_ids":"","_relevanssi_related_no_append":"","_relevanssi_related_not_related":"","_relevanssi_related_posts":"","_relevanssi_noindex_reason":"","inline_featured_image":false,"footnotes":"","_links_to":"","_links_to_target":""},"coauthors":[],"class_list":["post-52966","page","type-page","status-publish","has-post-thumbnail","hentry"],"yoast_head":"<!-- This site is optimized with the Yoast SEO plugin v27.4 - https:\/\/yoast.com\/product\/yoast-seo-wordpress\/ -->\n<title>Tratamiento de Aguas Residuales en Campamentos para Trabajadores | Fluence<\/title>\n<meta name=\"description\" content=\"Las viviendas improvisadas para los trabajadores a menudo carecen de un tratamiento adecuado de las aguas residuales. Las unidades descentralizadas de Aspiral pueden ayudar a poner los campamentos en conformidad con las regulaciones de efluentes.\" \/>\n<meta name=\"robots\" content=\"index, follow, max-snippet:-1, max-image-preview:large, max-video-preview:-1\" \/>\n<link rel=\"canonical\" href=\"https:\/\/www.fluencecorp.com\/es\/campamentos-trabajadores\/\" \/>\n<meta property=\"og:locale\" content=\"es_ES\" \/>\n<meta property=\"og:type\" content=\"article\" \/>\n<meta property=\"og:title\" content=\"Tratamiento de Aguas Residuales en Campamentos para Trabajadores\" \/>\n<meta property=\"og:description\" content=\"Las viviendas improvisadas para los trabajadores a menudo carecen de un tratamiento adecuado de las aguas residuales. Las unidades descentralizadas de Aspiral pueden ayudar a poner los campamentos en conformidad con las regulaciones de efluentes.\" \/>\n<meta property=\"og:url\" content=\"https:\/\/www.fluencecorp.com\/es\/campamentos-trabajadores\/\" \/>\n<meta property=\"article:publisher\" content=\"https:\/\/www.facebook.com\/FluenceCorp\" \/>\n<meta property=\"article:modified_time\" content=\"2020-03-09T15:37:31+00:00\" \/>\n<meta property=\"og:image\" content=\"https:\/\/www.fluencecorp.com\/wp-content\/uploads\/2017\/06\/waste-to-energy.jpg\" \/>\n\t<meta property=\"og:image:width\" content=\"2592\" \/>\n\t<meta property=\"og:image:height\" content=\"1944\" \/>\n\t<meta property=\"og:image:type\" content=\"image\/jpeg\" \/>\n<meta name=\"twitter:card\" content=\"summary_large_image\" \/>\n<meta name=\"twitter:title\" content=\"Tratamiento de Aguas Residuales en Campamentos para Trabajadores\" \/>\n<meta name=\"twitter:description\" content=\"Las viviendas improvisadas para los trabajadores a menudo carecen de un tratamiento adecuado de las aguas residuales. Las unidades descentralizadas de Aspiral pueden ayudar a poner los campamentos en conformidad con las regulaciones de efluentes.\" \/>\n<meta name=\"twitter:image\" content=\"https:\/\/www.fluencecorp.com\/wp-content\/uploads\/2017\/06\/waste-to-energy.jpg\" \/>\n<meta name=\"twitter:site\" content=\"@FluenceCorp\" \/>\n<meta name=\"twitter:label1\" content=\"Tiempo de lectura\" \/>\n\t<meta name=\"twitter:data1\" content=\"6 minutos\" \/>\n\t<meta name=\"twitter:label2\" content=\"Written by\" \/>\n\t<meta name=\"twitter:data2\" content=\"David Reich\" \/>\n<script type=\"application\/ld+json\" class=\"yoast-schema-graph\">{\"@context\":\"https:\\\/\\\/schema.org\",\"@graph\":[{\"@type\":\"WebPage\",\"@id\":\"https:\\\/\\\/www.fluencecorp.com\\\/es\\\/campamentos-trabajadores\\\/\",\"url\":\"https:\\\/\\\/www.fluencecorp.com\\\/es\\\/campamentos-trabajadores\\\/\",\"name\":\"Tratamiento de Aguas Residuales en Campamentos para Trabajadores | Fluence\",\"isPartOf\":{\"@id\":\"https:\\\/\\\/www.fluencecorp.com\\\/es\\\/#website\"},\"primaryImageOfPage\":{\"@id\":\"https:\\\/\\\/www.fluencecorp.com\\\/es\\\/campamentos-trabajadores\\\/#primaryimage\"},\"image\":{\"@id\":\"https:\\\/\\\/www.fluencecorp.com\\\/es\\\/campamentos-trabajadores\\\/#primaryimage\"},\"thumbnailUrl\":\"https:\\\/\\\/www.fluencecorp.com\\\/wp-content\\\/uploads\\\/2020\\\/04\\\/wastewater-treatment-for-worker-camps-case-thumb.jpg\",\"datePublished\":\"2020-03-02T21:20:09+00:00\",\"dateModified\":\"2020-03-09T15:37:31+00:00\",\"description\":\"Las viviendas improvisadas para los trabajadores a menudo carecen de un tratamiento adecuado de las aguas residuales. Las unidades descentralizadas de Aspiral pueden ayudar a poner los campamentos en conformidad con las regulaciones de efluentes.\",\"breadcrumb\":{\"@id\":\"https:\\\/\\\/www.fluencecorp.com\\\/es\\\/campamentos-trabajadores\\\/#breadcrumb\"},\"inLanguage\":\"es\",\"potentialAction\":[{\"@type\":\"ReadAction\",\"target\":[\"https:\\\/\\\/www.fluencecorp.com\\\/es\\\/campamentos-trabajadores\\\/\"]}]},{\"@type\":\"ImageObject\",\"inLanguage\":\"es\",\"@id\":\"https:\\\/\\\/www.fluencecorp.com\\\/es\\\/campamentos-trabajadores\\\/#primaryimage\",\"url\":\"https:\\\/\\\/www.fluencecorp.com\\\/wp-content\\\/uploads\\\/2020\\\/04\\\/wastewater-treatment-for-worker-camps-case-thumb.jpg\",\"contentUrl\":\"https:\\\/\\\/www.fluencecorp.com\\\/wp-content\\\/uploads\\\/2020\\\/04\\\/wastewater-treatment-for-worker-camps-case-thumb.jpg\",\"width\":338,\"height\":200,\"caption\":\"smart wastewater treatment for worker camps\"},{\"@type\":\"BreadcrumbList\",\"@id\":\"https:\\\/\\\/www.fluencecorp.com\\\/es\\\/campamentos-trabajadores\\\/#breadcrumb\",\"itemListElement\":[{\"@type\":\"ListItem\",\"position\":1,\"name\":\"Home\",\"item\":\"https:\\\/\\\/www.fluencecorp.com\\\/es\\\/\"},{\"@type\":\"ListItem\",\"position\":2,\"name\":\"Tratamiento de Aguas Residuales Descentralizado para Campamentos de Trabajadores\"}]},{\"@type\":\"WebSite\",\"@id\":\"https:\\\/\\\/www.fluencecorp.com\\\/es\\\/#website\",\"url\":\"https:\\\/\\\/www.fluencecorp.com\\\/es\\\/\",\"name\":\"Fluence Corporation\",\"description\":\"\",\"publisher\":{\"@id\":\"https:\\\/\\\/www.fluencecorp.com\\\/es\\\/#organization\"},\"potentialAction\":[{\"@type\":\"SearchAction\",\"target\":{\"@type\":\"EntryPoint\",\"urlTemplate\":\"https:\\\/\\\/www.fluencecorp.com\\\/es\\\/?s={search_term_string}\"},\"query-input\":{\"@type\":\"PropertyValueSpecification\",\"valueRequired\":true,\"valueName\":\"search_term_string\"}}],\"inLanguage\":\"es\"},{\"@type\":\"Organization\",\"@id\":\"https:\\\/\\\/www.fluencecorp.com\\\/es\\\/#organization\",\"name\":\"Fluence\",\"url\":\"https:\\\/\\\/www.fluencecorp.com\\\/es\\\/\",\"logo\":{\"@type\":\"ImageObject\",\"inLanguage\":\"es\",\"@id\":\"https:\\\/\\\/www.fluencecorp.com\\\/es\\\/#\\\/schema\\\/logo\\\/image\\\/\",\"url\":\"https:\\\/\\\/www.fluencecorp.com\\\/wp-content\\\/uploads\\\/2018\\\/03\\\/fluence-seo-logo.png\",\"contentUrl\":\"https:\\\/\\\/www.fluencecorp.com\\\/wp-content\\\/uploads\\\/2018\\\/03\\\/fluence-seo-logo.png\",\"width\":523,\"height\":181,\"caption\":\"Fluence\"},\"image\":{\"@id\":\"https:\\\/\\\/www.fluencecorp.com\\\/es\\\/#\\\/schema\\\/logo\\\/image\\\/\"},\"sameAs\":[\"https:\\\/\\\/www.facebook.com\\\/FluenceCorp\",\"https:\\\/\\\/x.com\\\/FluenceCorp\",\"https:\\\/\\\/www.linkedin.com\\\/company-beta\\\/18150486\\\/\"]}]}<\/script>\n<!-- \/ Yoast SEO plugin. -->","yoast_head_json":{"title":"Tratamiento de Aguas Residuales en Campamentos para Trabajadores | Fluence","description":"Las viviendas improvisadas para los trabajadores a menudo carecen de un tratamiento adecuado de las aguas residuales. Las unidades descentralizadas de Aspiral pueden ayudar a poner los campamentos en conformidad con las regulaciones de efluentes.","robots":{"index":"index","follow":"follow","max-snippet":"max-snippet:-1","max-image-preview":"max-image-preview:large","max-video-preview":"max-video-preview:-1"},"canonical":"https:\/\/www.fluencecorp.com\/es\/campamentos-trabajadores\/","og_locale":"es_ES","og_type":"article","og_title":"Tratamiento de Aguas Residuales en Campamentos para Trabajadores","og_description":"Las viviendas improvisadas para los trabajadores a menudo carecen de un tratamiento adecuado de las aguas residuales. Las unidades descentralizadas de Aspiral pueden ayudar a poner los campamentos en conformidad con las regulaciones de efluentes.","og_url":"https:\/\/www.fluencecorp.com\/es\/campamentos-trabajadores\/","article_publisher":"https:\/\/www.facebook.com\/FluenceCorp","article_modified_time":"2020-03-09T15:37:31+00:00","og_image":[{"width":2592,"height":1944,"url":"https:\/\/www.fluencecorp.com\/wp-content\/uploads\/2017\/06\/waste-to-energy.jpg","type":"image\/jpeg"}],"twitter_card":"summary_large_image","twitter_title":"Tratamiento de Aguas Residuales en Campamentos para Trabajadores","twitter_description":"Las viviendas improvisadas para los trabajadores a menudo carecen de un tratamiento adecuado de las aguas residuales. Las unidades descentralizadas de Aspiral pueden ayudar a poner los campamentos en conformidad con las regulaciones de efluentes.","twitter_image":"https:\/\/www.fluencecorp.com\/wp-content\/uploads\/2017\/06\/waste-to-energy.jpg","twitter_site":"@FluenceCorp","twitter_misc":{"Tiempo de lectura":"6 minutos","Written by":"David Reich"},"schema":{"@context":"https:\/\/schema.org","@graph":[{"@type":"WebPage","@id":"https:\/\/www.fluencecorp.com\/es\/campamentos-trabajadores\/","url":"https:\/\/www.fluencecorp.com\/es\/campamentos-trabajadores\/","name":"Tratamiento de Aguas Residuales en Campamentos para Trabajadores | Fluence","isPartOf":{"@id":"https:\/\/www.fluencecorp.com\/es\/#website"},"primaryImageOfPage":{"@id":"https:\/\/www.fluencecorp.com\/es\/campamentos-trabajadores\/#primaryimage"},"image":{"@id":"https:\/\/www.fluencecorp.com\/es\/campamentos-trabajadores\/#primaryimage"},"thumbnailUrl":"https:\/\/www.fluencecorp.com\/wp-content\/uploads\/2020\/04\/wastewater-treatment-for-worker-camps-case-thumb.jpg","datePublished":"2020-03-02T21:20:09+00:00","dateModified":"2020-03-09T15:37:31+00:00","description":"Las viviendas improvisadas para los trabajadores a menudo carecen de un tratamiento adecuado de las aguas residuales. Las unidades descentralizadas de Aspiral pueden ayudar a poner los campamentos en conformidad con las regulaciones de efluentes.","breadcrumb":{"@id":"https:\/\/www.fluencecorp.com\/es\/campamentos-trabajadores\/#breadcrumb"},"inLanguage":"es","potentialAction":[{"@type":"ReadAction","target":["https:\/\/www.fluencecorp.com\/es\/campamentos-trabajadores\/"]}]},{"@type":"ImageObject","inLanguage":"es","@id":"https:\/\/www.fluencecorp.com\/es\/campamentos-trabajadores\/#primaryimage","url":"https:\/\/www.fluencecorp.com\/wp-content\/uploads\/2020\/04\/wastewater-treatment-for-worker-camps-case-thumb.jpg","contentUrl":"https:\/\/www.fluencecorp.com\/wp-content\/uploads\/2020\/04\/wastewater-treatment-for-worker-camps-case-thumb.jpg","width":338,"height":200,"caption":"smart wastewater treatment for worker camps"},{"@type":"BreadcrumbList","@id":"https:\/\/www.fluencecorp.com\/es\/campamentos-trabajadores\/#breadcrumb","itemListElement":[{"@type":"ListItem","position":1,"name":"Home","item":"https:\/\/www.fluencecorp.com\/es\/"},{"@type":"ListItem","position":2,"name":"Tratamiento de Aguas Residuales Descentralizado para Campamentos de Trabajadores"}]},{"@type":"WebSite","@id":"https:\/\/www.fluencecorp.com\/es\/#website","url":"https:\/\/www.fluencecorp.com\/es\/","name":"Fluence Corporation","description":"","publisher":{"@id":"https:\/\/www.fluencecorp.com\/es\/#organization"},"potentialAction":[{"@type":"SearchAction","target":{"@type":"EntryPoint","urlTemplate":"https:\/\/www.fluencecorp.com\/es\/?s={search_term_string}"},"query-input":{"@type":"PropertyValueSpecification","valueRequired":true,"valueName":"search_term_string"}}],"inLanguage":"es"},{"@type":"Organization","@id":"https:\/\/www.fluencecorp.com\/es\/#organization","name":"Fluence","url":"https:\/\/www.fluencecorp.com\/es\/","logo":{"@type":"ImageObject","inLanguage":"es","@id":"https:\/\/www.fluencecorp.com\/es\/#\/schema\/logo\/image\/","url":"https:\/\/www.fluencecorp.com\/wp-content\/uploads\/2018\/03\/fluence-seo-logo.png","contentUrl":"https:\/\/www.fluencecorp.com\/wp-content\/uploads\/2018\/03\/fluence-seo-logo.png","width":523,"height":181,"caption":"Fluence"},"image":{"@id":"https:\/\/www.fluencecorp.com\/es\/#\/schema\/logo\/image\/"},"sameAs":["https:\/\/www.facebook.com\/FluenceCorp","https:\/\/x.com\/FluenceCorp","https:\/\/www.linkedin.com\/company-beta\/18150486\/"]}]}},"_links":{"self":[{"href":"https:\/\/www.fluencecorp.com\/es\/wp-json\/wp\/v2\/pages\/52966","targetHints":{"allow":["GET"]}}],"collection":[{"href":"https:\/\/www.fluencecorp.com\/es\/wp-json\/wp\/v2\/pages"}],"about":[{"href":"https:\/\/www.fluencecorp.com\/es\/wp-json\/wp\/v2\/types\/page"}],"author":[{"embeddable":true,"href":"https:\/\/www.fluencecorp.com\/es\/wp-json\/wp\/v2\/users\/2"}],"replies":[{"embeddable":true,"href":"https:\/\/www.fluencecorp.com\/es\/wp-json\/wp\/v2\/comments?post=52966"}],"version-history":[{"count":0,"href":"https:\/\/www.fluencecorp.com\/es\/wp-json\/wp\/v2\/pages\/52966\/revisions"}],"wp:featuredmedia":[{"embeddable":true,"href":"https:\/\/www.fluencecorp.com\/es\/wp-json\/wp\/v2\/media\/56525"}],"wp:attachment":[{"href":"https:\/\/www.fluencecorp.com\/es\/wp-json\/wp\/v2\/media?parent=52966"}],"wp:term":[{"taxonomy":"author","embeddable":true,"href":"https:\/\/www.fluencecorp.com\/es\/wp-json\/wp\/v2\/coauthors?post=52966"}],"curies":[{"name":"wp","href":"https:\/\/api.w.org\/{rel}","templated":true}]}}