{"id":43745,"date":"2018-05-17T16:33:00","date_gmt":"2018-05-17T06:33:00","guid":{"rendered":"https:\/\/www.fluencecorp.com\/folletos\/solutions\/"},"modified":"2022-05-09T04:04:56","modified_gmt":"2022-05-08T18:04:56","slug":"soluciones","status":"publish","type":"page","link":"https:\/\/www.fluencecorp.com\/es\/folletos\/soluciones\/","title":{"rendered":"Brochures &#8211; Soluciones"},"content":{"rendered":"<p>[et_pb_section fb_built=\u00bb1&#8243; _builder_version=\u00bb4.16&#8243; background_color=\u00bb#f4f4f4&#8243; custom_padding=\u00bb30px||30px|\u00bb global_colors_info=\u00bb{}\u00bb da_is_popup=\u00bboff\u00bb da_exit_intent=\u00bboff\u00bb da_has_close=\u00bbon\u00bb da_alt_close=\u00bboff\u00bb da_dark_close=\u00bboff\u00bb da_not_modal=\u00bbon\u00bb da_is_singular=\u00bboff\u00bb da_with_loader=\u00bboff\u00bb da_has_shadow=\u00bbon\u00bb da_disable_devices=\u00bboff|off|off\u00bb][et_pb_row make_equal=\u00bbon\u00bb _builder_version=\u00bb4.16&#8243; width_unit=\u00bboff\u00bb custom_width_px=\u00bb1440px\u00bb global_colors_info=\u00bb{}\u00bb][et_pb_column type=\u00bb4_4&#8243; _builder_version=\u00bb4.16&#8243; background_position=\u00bbtop_left\u00bb custom_padding=\u00bb|||\u00bb global_colors_info=\u00bb{}\u00bb custom_padding__hover=\u00bb|||\u00bb][et_pb_text _builder_version=\u00bb4.16&#8243; text_font_size=\u00bb24&#8243; header_text_color=\u00bb#0b3a5d\u00bb header_font_size=\u00bb52px\u00bb module_alignment=\u00bbleft\u00bb header_font_size_tablet=\u00bb48px\u00bb header_font_size_phone=\u00bb36px\u00bb header_font_size_last_edited=\u00bbon|phone\u00bb border_style=\u00bbsolid\u00bb global_colors_info=\u00bb{}\u00bb]<\/p>\n<h1>Cat\u00e1logo de Folletos<\/h1>\n<p>Explore nuestro cat\u00e1logo de folletos para obtener m\u00e1s informaci\u00f3n sobre los productos y soluciones sostenibles de Fluence.<br \/>\n[\/et_pb_text][et_pb_code admin_label=\u00bbCase Studies Menu\u00bb module_class=\u00bbcasestudiesmenu\u00bb _builder_version=\u00bb4.17.3&#8243; hover_enabled=\u00bb0&#8243; saved_tabs=\u00bball\u00bb global_colors_info=\u00bb{}\u00bb sticky_enabled=\u00bb0&#8243;]<\/p>\n<nav><!-- [et_pb_line_break_holder] --><\/p>\n<ul><!-- [et_pb_line_break_holder] --><\/p>\n<li><!-- [et_pb_line_break_holder] --><a href=\"#\">Soluciones<\/a><!-- [et_pb_line_break_holder] -->\n<ul class=\"fallback\"><!-- [et_pb_line_break_holder] --><\/p>\n<li><a href=\"\/es\/folletos\/\">Mostrar todo<\/a><\/li>\n<p><!-- [et_pb_line_break_holder] --><\/p>\n<li><a href=\"\/es\/folletos\/productos\/\">Productos<\/a><\/li>\n<p><!-- [et_pb_line_break_holder] --><\/p>\n<li><a href=\"\/es\/folletos\/industrias\/\">Industrias<\/a><\/li>\n<p><!-- [et_pb_line_break_holder] --><\/ul>\n<p><!-- [et_pb_line_break_holder] --><\/li>\n<p><!-- [et_pb_line_break_holder] --><\/ul>\n<p><!-- [et_pb_line_break_holder] --><\/nav>\n<p>[\/et_pb_code][et_pb_dpblog_portfolio posts_number=\u00bb999&#8243; orderby=\u00bbtitle\u00bb order=\u00bbASC\u00bb custom_post_types=\u00bbbrochures\u00bb include_categories=\u00bb95&#8243; show_categories=\u00bboff\u00bb url_new_window=\u00bbon\u00bb use_overlay=\u00bboff\u00bb fullwidth=\u00bboff\u00bb _builder_version=\u00bb4.16&#8243; title_text_align=\u00bbcenter\u00bb caption_text_align=\u00bbcenter\u00bb excerpt_text_align=\u00bbcenter\u00bb text_orientation=\u00bbcenter\u00bb global_colors_info=\u00bb{}\u00bb][\/et_pb_dpblog_portfolio][\/et_pb_column][\/et_pb_row][\/et_pb_section]<\/p>\n","protected":false},"excerpt":{"rendered":"<p>Cat\u00e1logo de Folletos Explore nuestro cat\u00e1logo de folletos para obtener m\u00e1s informaci\u00f3n sobre los productos y soluciones sostenibles de Fluence.<\/p>\n","protected":false},"author":1,"featured_media":0,"parent":43736,"menu_order":0,"comment_status":"closed","ping_status":"closed","template":"page-template-brochure.php","meta":{"_et_pb_use_builder":"on","_et_pb_old_content":"","_et_gb_content_width":"","_relevanssi_hide_post":"","_relevanssi_hide_content":"","_relevanssi_pin_for_all":"","_relevanssi_pin_keywords":"","_relevanssi_unpin_keywords":"","_relevanssi_related_keywords":"","_relevanssi_related_include_ids":"","_relevanssi_related_exclude_ids":"","_relevanssi_related_no_append":"","_relevanssi_related_not_related":"","_relevanssi_related_posts":"","_relevanssi_noindex_reason":"","inline_featured_image":false,"footnotes":"","_links_to":"","_links_to_target":""},"coauthors":[],"class_list":["post-43745","page","type-page","status-publish","hentry"],"yoast_head":"<!-- This site is optimized with the Yoast SEO plugin v27.3 - https:\/\/yoast.com\/product\/yoast-seo-wordpress\/ -->\n<title>Folletos - Soluciones | Fluence<\/title>\n<meta name=\"robots\" content=\"index, follow, max-snippet:-1, max-image-preview:large, max-video-preview:-1\" \/>\n<link rel=\"canonical\" href=\"https:\/\/www.fluencecorp.com\/es\/folletos\/soluciones\/\" \/>\n<meta property=\"og:locale\" content=\"es_ES\" \/>\n<meta property=\"og:type\" content=\"article\" \/>\n<meta property=\"og:title\" content=\"Folletos - Soluciones | Fluence\" \/>\n<meta property=\"og:description\" content=\"Cat\u00e1logo de Folletos Explore nuestro cat\u00e1logo de folletos para obtener m\u00e1s informaci\u00f3n sobre los productos y soluciones sostenibles de Fluence.\" \/>\n<meta property=\"og:url\" content=\"https:\/\/www.fluencecorp.com\/es\/folletos\/soluciones\/\" \/>\n<meta property=\"article:publisher\" content=\"https:\/\/www.facebook.com\/FluenceCorp\" \/>\n<meta property=\"article:modified_time\" content=\"2022-05-08T18:04:56+00:00\" \/>\n<meta name=\"twitter:card\" content=\"summary_large_image\" \/>\n<meta name=\"twitter:site\" content=\"@FluenceCorp\" \/>\n<meta name=\"twitter:label1\" content=\"Tiempo de lectura\" \/>\n\t<meta name=\"twitter:data1\" content=\"1 minuto\" \/>\n\t<meta name=\"twitter:label2\" content=\"Written by\" \/>\n\t<meta name=\"twitter:data2\" content=\"sysop\" \/>\n<script type=\"application\/ld+json\" class=\"yoast-schema-graph\">{\"@context\":\"https:\\\/\\\/schema.org\",\"@graph\":[{\"@type\":\"WebPage\",\"@id\":\"https:\\\/\\\/www.fluencecorp.com\\\/es\\\/folletos\\\/soluciones\\\/\",\"url\":\"https:\\\/\\\/www.fluencecorp.com\\\/es\\\/folletos\\\/soluciones\\\/\",\"name\":\"Folletos - Soluciones | Fluence\",\"isPartOf\":{\"@id\":\"https:\\\/\\\/www.fluencecorp.com\\\/es\\\/#website\"},\"datePublished\":\"2018-05-17T06:33:00+00:00\",\"dateModified\":\"2022-05-08T18:04:56+00:00\",\"breadcrumb\":{\"@id\":\"https:\\\/\\\/www.fluencecorp.com\\\/es\\\/folletos\\\/soluciones\\\/#breadcrumb\"},\"inLanguage\":\"es\",\"potentialAction\":[{\"@type\":\"ReadAction\",\"target\":[\"https:\\\/\\\/www.fluencecorp.com\\\/es\\\/folletos\\\/soluciones\\\/\"]}]},{\"@type\":\"BreadcrumbList\",\"@id\":\"https:\\\/\\\/www.fluencecorp.com\\\/es\\\/folletos\\\/soluciones\\\/#breadcrumb\",\"itemListElement\":[{\"@type\":\"ListItem\",\"position\":1,\"name\":\"Home\",\"item\":\"https:\\\/\\\/www.fluencecorp.com\\\/es\\\/\"},{\"@type\":\"ListItem\",\"position\":2,\"name\":\"Cat\u00e1logo de Folletos\",\"item\":\"https:\\\/\\\/www.fluencecorp.com\\\/es\\\/folletos\\\/\"},{\"@type\":\"ListItem\",\"position\":3,\"name\":\"Brochures &#8211; Soluciones\"}]},{\"@type\":\"WebSite\",\"@id\":\"https:\\\/\\\/www.fluencecorp.com\\\/es\\\/#website\",\"url\":\"https:\\\/\\\/www.fluencecorp.com\\\/es\\\/\",\"name\":\"Fluence Corporation\",\"description\":\"\",\"publisher\":{\"@id\":\"https:\\\/\\\/www.fluencecorp.com\\\/es\\\/#organization\"},\"potentialAction\":[{\"@type\":\"SearchAction\",\"target\":{\"@type\":\"EntryPoint\",\"urlTemplate\":\"https:\\\/\\\/www.fluencecorp.com\\\/es\\\/?s={search_term_string}\"},\"query-input\":{\"@type\":\"PropertyValueSpecification\",\"valueRequired\":true,\"valueName\":\"search_term_string\"}}],\"inLanguage\":\"es\"},{\"@type\":\"Organization\",\"@id\":\"https:\\\/\\\/www.fluencecorp.com\\\/es\\\/#organization\",\"name\":\"Fluence\",\"url\":\"https:\\\/\\\/www.fluencecorp.com\\\/es\\\/\",\"logo\":{\"@type\":\"ImageObject\",\"inLanguage\":\"es\",\"@id\":\"https:\\\/\\\/www.fluencecorp.com\\\/es\\\/#\\\/schema\\\/logo\\\/image\\\/\",\"url\":\"https:\\\/\\\/www.fluencecorp.com\\\/wp-content\\\/uploads\\\/2018\\\/03\\\/fluence-seo-logo.png\",\"contentUrl\":\"https:\\\/\\\/www.fluencecorp.com\\\/wp-content\\\/uploads\\\/2018\\\/03\\\/fluence-seo-logo.png\",\"width\":523,\"height\":181,\"caption\":\"Fluence\"},\"image\":{\"@id\":\"https:\\\/\\\/www.fluencecorp.com\\\/es\\\/#\\\/schema\\\/logo\\\/image\\\/\"},\"sameAs\":[\"https:\\\/\\\/www.facebook.com\\\/FluenceCorp\",\"https:\\\/\\\/x.com\\\/FluenceCorp\",\"https:\\\/\\\/www.linkedin.com\\\/company-beta\\\/18150486\\\/\"]}]}<\/script>\n<!-- \/ Yoast SEO plugin. -->","yoast_head_json":{"title":"Folletos - Soluciones | Fluence","robots":{"index":"index","follow":"follow","max-snippet":"max-snippet:-1","max-image-preview":"max-image-preview:large","max-video-preview":"max-video-preview:-1"},"canonical":"https:\/\/www.fluencecorp.com\/es\/folletos\/soluciones\/","og_locale":"es_ES","og_type":"article","og_title":"Folletos - Soluciones | Fluence","og_description":"Cat\u00e1logo de Folletos Explore nuestro cat\u00e1logo de folletos para obtener m\u00e1s informaci\u00f3n sobre los productos y soluciones sostenibles de Fluence.","og_url":"https:\/\/www.fluencecorp.com\/es\/folletos\/soluciones\/","article_publisher":"https:\/\/www.facebook.com\/FluenceCorp","article_modified_time":"2022-05-08T18:04:56+00:00","twitter_card":"summary_large_image","twitter_site":"@FluenceCorp","twitter_misc":{"Tiempo de lectura":"1 minuto","Written by":"sysop"},"schema":{"@context":"https:\/\/schema.org","@graph":[{"@type":"WebPage","@id":"https:\/\/www.fluencecorp.com\/es\/folletos\/soluciones\/","url":"https:\/\/www.fluencecorp.com\/es\/folletos\/soluciones\/","name":"Folletos - Soluciones | Fluence","isPartOf":{"@id":"https:\/\/www.fluencecorp.com\/es\/#website"},"datePublished":"2018-05-17T06:33:00+00:00","dateModified":"2022-05-08T18:04:56+00:00","breadcrumb":{"@id":"https:\/\/www.fluencecorp.com\/es\/folletos\/soluciones\/#breadcrumb"},"inLanguage":"es","potentialAction":[{"@type":"ReadAction","target":["https:\/\/www.fluencecorp.com\/es\/folletos\/soluciones\/"]}]},{"@type":"BreadcrumbList","@id":"https:\/\/www.fluencecorp.com\/es\/folletos\/soluciones\/#breadcrumb","itemListElement":[{"@type":"ListItem","position":1,"name":"Home","item":"https:\/\/www.fluencecorp.com\/es\/"},{"@type":"ListItem","position":2,"name":"Cat\u00e1logo de Folletos","item":"https:\/\/www.fluencecorp.com\/es\/folletos\/"},{"@type":"ListItem","position":3,"name":"Brochures &#8211; Soluciones"}]},{"@type":"WebSite","@id":"https:\/\/www.fluencecorp.com\/es\/#website","url":"https:\/\/www.fluencecorp.com\/es\/","name":"Fluence Corporation","description":"","publisher":{"@id":"https:\/\/www.fluencecorp.com\/es\/#organization"},"potentialAction":[{"@type":"SearchAction","target":{"@type":"EntryPoint","urlTemplate":"https:\/\/www.fluencecorp.com\/es\/?s={search_term_string}"},"query-input":{"@type":"PropertyValueSpecification","valueRequired":true,"valueName":"search_term_string"}}],"inLanguage":"es"},{"@type":"Organization","@id":"https:\/\/www.fluencecorp.com\/es\/#organization","name":"Fluence","url":"https:\/\/www.fluencecorp.com\/es\/","logo":{"@type":"ImageObject","inLanguage":"es","@id":"https:\/\/www.fluencecorp.com\/es\/#\/schema\/logo\/image\/","url":"https:\/\/www.fluencecorp.com\/wp-content\/uploads\/2018\/03\/fluence-seo-logo.png","contentUrl":"https:\/\/www.fluencecorp.com\/wp-content\/uploads\/2018\/03\/fluence-seo-logo.png","width":523,"height":181,"caption":"Fluence"},"image":{"@id":"https:\/\/www.fluencecorp.com\/es\/#\/schema\/logo\/image\/"},"sameAs":["https:\/\/www.facebook.com\/FluenceCorp","https:\/\/x.com\/FluenceCorp","https:\/\/www.linkedin.com\/company-beta\/18150486\/"]}]}},"_links":{"self":[{"href":"https:\/\/www.fluencecorp.com\/es\/wp-json\/wp\/v2\/pages\/43745","targetHints":{"allow":["GET"]}}],"collection":[{"href":"https:\/\/www.fluencecorp.com\/es\/wp-json\/wp\/v2\/pages"}],"about":[{"href":"https:\/\/www.fluencecorp.com\/es\/wp-json\/wp\/v2\/types\/page"}],"author":[{"embeddable":true,"href":"https:\/\/www.fluencecorp.com\/es\/wp-json\/wp\/v2\/users\/1"}],"replies":[{"embeddable":true,"href":"https:\/\/www.fluencecorp.com\/es\/wp-json\/wp\/v2\/comments?post=43745"}],"version-history":[{"count":0,"href":"https:\/\/www.fluencecorp.com\/es\/wp-json\/wp\/v2\/pages\/43745\/revisions"}],"up":[{"embeddable":true,"href":"https:\/\/www.fluencecorp.com\/es\/wp-json\/wp\/v2\/pages\/43736"}],"wp:attachment":[{"href":"https:\/\/www.fluencecorp.com\/es\/wp-json\/wp\/v2\/media?parent=43745"}],"wp:term":[{"taxonomy":"author","embeddable":true,"href":"https:\/\/www.fluencecorp.com\/es\/wp-json\/wp\/v2\/coauthors?post=43745"}],"curies":[{"name":"wp","href":"https:\/\/api.w.org\/{rel}","templated":true}]}}