{"id":41717,"date":"2018-01-11T16:59:20","date_gmt":"2018-01-11T21:59:20","guid":{"rendered":"https:\/\/www.fluencecorp.com\/?page_id=41717"},"modified":"2019-04-09T04:31:07","modified_gmt":"2019-04-08T18:31:07","slug":"ultravioleta","status":"publish","type":"page","link":"https:\/\/www.fluencecorp.com\/es\/ultravioleta\/","title":{"rendered":"Ultravioleta"},"content":{"rendered":"<p>[et_pb_section bb_built=\u00bb1&#8243; fullwidth=\u00bboff\u00bb specialty=\u00bboff\u00bb _builder_version=\u00bb3.0.61&#8243; background_color=\u00bb#f4f4f4&#8243; background_blend=\u00bbmultiply\u00bb custom_padding=\u00bb0px||0px|\u00bb next_background_color=\u00bb#ffffff\u00bb][et_pb_row _builder_version=\u00bb3.0.60&#8243; background_position_1=\u00bbtop_left\u00bb background_repeat_1=\u00bbno-repeat\u00bb custom_margin=\u00bb0px||0px|\u00bb custom_padding=\u00bb0px||0px|\u00bb][et_pb_column type=\u00bb4_4&#8243;][et_pb_text admin_label=\u00bbHeader with Grey Background\u00bb _builder_version=\u00bb3.0.95&#8243; background_layout=\u00bblight\u00bb text_font_size=\u00bb24&#8243; header_text_color=\u00bb#0b3a5d\u00bb header_font_size=\u00bb52px\u00bb text_text_color=\u00bb#778591&#8243; custom_margin=\u00bb10px||10px|\u00bb custom_padding=\u00bb44px||44px|\u00bb header_font=\u00bb|on|||\u00bb text_font_size_tablet=\u00bb16&#8243; text_font_size_last_edited=\u00bbon|phone\u00bb header_font_size_tablet=\u00bb35px\u00bb header_font_size_phone=\u00bb28px\u00bb header_font_size_last_edited=\u00bbon|phone\u00bb]<\/p>\n<h1>Ultravioleta<\/h1>\n<p>[\/et_pb_text][\/et_pb_column][\/et_pb_row][\/et_pb_section][et_pb_section bb_built=\u00bb1&#8243; _builder_version=\u00bb3.0.59&#8243; custom_padding=\u00bb0px||0px|\u00bb prev_background_color=\u00bb#f4f4f4&#8243;][et_pb_row][et_pb_column type=\u00bb2_3&#8243;][et_pb_text admin_label=\u00bbMain Body Text\u00bb _builder_version=\u00bb3.0.95&#8243; background_layout=\u00bblight\u00bb]<\/p>\n<p>Fluence, l\u00edder mundial en soluciones descentralizadas de tratamiento de aguas y efluentes, cuenta entre las tecnolog\u00edas que componen su porfolio de productos con equipos de tratamiento mediante radiaci\u00f3n UV de la empresa Atlantium, en su car\u00e1cter de distribuidor autorizado.<\/p>\n<p>Esta condici\u00f3n permite asegurar a sus clientes un amplio, seguro y eficiente servicio de postventa, asegurando no solo la provisi\u00f3n de repuestos e insumos, sino tambi\u00e9n el poder contar con el apoyo t\u00e9cnico de esta empresa de origen israel\u00ed.<\/p>\n<p>Esta tecnolog\u00eda ofrece como ventaja de ser muy r\u00e1pida, no necesitando la incorporaci\u00f3n de ning\u00fan tipo de compuesto qu\u00edmico o elemento adicional, eliminando los microorganismos presentes en el agua cruda, utiliz\u00e1ndose una l\u00e1mpara de radiaci\u00f3n ultravioleta de media presi\u00f3n, la cual genera una dosis de radiaci\u00f3n letal para bacterias, hongos, virus y otros microorganismos comunes de origen h\u00eddrico.<\/p>\n<p>Estas l\u00e1mparas se utilizan en hospitales, laboratorios, procesos farmac\u00e9uticos, alimenticios, etc., estando indicadas para la prevenci\u00f3n de contagio de infecciones y contaminaciones.<\/p>\n<p>La desinfecci\u00f3n de agua por radiaci\u00f3n ultravioleta es un procedimiento f\u00edsico, el cual no altera la composici\u00f3n qu\u00edmica, el sabor o el olor del agua. La seguridad de la desinfecci\u00f3n mediante radiaci\u00f3n ultravioleta constituye una alternativa segura, eficaz, econ\u00f3mica y ecol\u00f3gica frente a otros m\u00e9todos de desinfecci\u00f3n del agua, como por ejemplo la cloraci\u00f3n.<\/p>\n<p>El sistema de desinfecci\u00f3n hidro-\u00f3ptico (Hydro-Optic Disinfection &#8211; HOD), exclusivo de Atlantium garantiza una dosis m\u00ednima que asegura los resultados esperados en forma confiable y con control on line de la misma.<\/p>\n<p>Configuraci\u00f3n de los sensores duales de la HOD:<br \/>\nmedici\u00f3n directa y en tiempo real de la luz.<\/p>\n<p>El sistema de HOD detecta la disminuci\u00f3n de la dosis y ajusta autom\u00e1ticamente la potencia de la l\u00e1mpara para mantener la dosis de UV necesaria.<\/p>\n<p>La irradiaci\u00f3n de los g\u00e9rmenes presentes en el agua con rayos ultravioleta altera el ADN de las c\u00e9lulas, impidiendo la divisi\u00f3n celular o reproducci\u00f3n, as\u00ed como otras funciones vitales esenciales para su crecimiento asegurando m\u00ednimo recuento y controlando la eventual formaci\u00f3n de biofilm.<\/p>\n<h3>M\u00e1s Desinfecci\u00f3n con Menor Potencia Requerida<\/h3>\n<p>Las l\u00e1mparas UV de presi\u00f3n media ofrecen mejores prestaciones<\/p>\n<ul>\n<li>Proporcionan una mejor desinfecci\u00f3n que las l\u00e1mparas de baja presi\u00f3n.<\/li>\n<li>Su amplio espectro germicida ataca diferentes partes del microorganismo.<\/li>\n<li>Destruye sus mecanismos de reparaci\u00f3n, de modo que no hay peligro de que los microorganismos se rejuvenezcan y comprometan su producto m\u00e1s a futuro.<\/li>\n<li>Mayor eficiencia en la inactivaci\u00f3n de virus, incluyendo aquellos microorganismos resistentes a otros m\u00e9todos de desinfecci\u00f3n como el cloro, el calor y los rayos UV de baja presi\u00f3n.<\/li>\n<li>Menor consumo de energ\u00eda UV comparado con sistemas de baja presi\u00f3n, a igualdad de resultados.<\/li>\n<li>Optimo rendimiento tanto en agua fr\u00eda o tibia, a diferencia de los sistemas con lamparas de baja presi\u00f3n UV.<\/li>\n<\/ul>\n<h3>Eficiencia UV Optimizada<\/h3>\n<p>La c\u00e1mara de desinfecci\u00f3n de agua de cuarzo de alta calidad rodeada por un bloque de aire utiliza principios de fibra \u00f3ptica para reciclar fotones de luz.<\/p>\n<ul>\n<li>Los fotones de luz UV emitidos por la l\u00e1mpara no pueden penetrar en el bloque de aire y son repetidamente devueltos al agua (un fen\u00f3meno presente en la transmisi\u00f3n por fibra \u00f3ptica conocido como reflexi\u00f3n interna total), a la vez que se distribuyen uniformemente por todo el volumen de agua, de manera de alcanzar e inactivar a todos los microorganismos irradiados.<\/li>\n<li>Una mayor eficiencia de cada fot\u00f3n UV significa que se necesita emitir menos radiaci\u00f3n UV para lograr los mismos resultados.<\/li>\n<li>Sistema hidr\u00e1ulico optimizado: el flujo de agua se monitorea para que coincida con el patr\u00f3n de distribuci\u00f3n de luz UV.<\/li>\n<\/ul>\n<p>La secci\u00f3n transversal de la unidad muestra una c\u00e1mara de desinfecci\u00f3n de agua de cuarzo de alta calidad con gruesos tubos de l\u00e1mparas que separan las l\u00e1mparas UV del agua.<\/p>\n<h3>Mayor Seguridad Funcional<\/h3>\n<ul>\n<li>Los gruesos tubos de cuarzo protegen las l\u00e1mparas y el agua.<\/li>\n<li>No hay posibilidad de vidrios rotos o mercurio en el agua, en el caso improbable de que se rompa la l\u00e1mpara UV.<\/li>\n<li>Algunos sistemas usan l\u00e1mparas muy largas que son mucho m\u00e1s susceptibles a la rotura. Estas l\u00e1mparas tienen el peligro de grandes \u00abderrames\u00bb de mercurio cuando se rompen.<\/li>\n<\/ul>\n<h3>Aplicaciones<\/h3>\n<ul>\n<li>Control de bio-fouling para protecci\u00f3n de membranas RO\/ torres de enfriamiento.<\/li>\n<li>Decloraci\u00f3n de agua de alimentaci\u00f3n a membranas RO sin uso de productos qu\u00edmicos.<\/li>\n<li>Procesos de Oxidaci\u00f3n Avanzada (AOP) para remoci\u00f3n de micro-contaminantes.<\/li>\n<li>Desinfecci\u00f3n agua y efluentes municipales e industriales.<\/li>\n<li>Control de especies invasoras (macro-fouling) ejemplo: <a href=\"https:\/\/www.fluencecorp.com\/es\/remocion-de-mejillon-dorado\/\" target=\"_blank\" rel=\"noopener noreferrer\">mejill\u00f3n dorado<\/a>.<\/li>\n<\/ul>\n<h3>Tipos de Equipos \/ L\u00e1mparas UV<\/h3>\n<p>Existen diversos tipos de equipos UV, que se clasifican de acuerdo con la l\u00e1mpara que utilizan en:<\/p>\n<ul>\n<li>L\u00e1mparas de baja presi\u00f3n<\/li>\n<li>L\u00e1mparas de media presi\u00f3n<\/li>\n<li>L\u00e1mparas de amalgama, siendo estas \u00faltimas las menos utilizadas<\/li>\n<\/ul>\n<p>Las l\u00e1mparas de media presi\u00f3n, sumadas al sistema HOD, permiten una menor dosis de luz UV que las de baja presi\u00f3n para entregar una dosis m\u00ednima garantizada que proporcione igual capacidad germicida. Los sistemas convencionales con l\u00e1mparas de baja presi\u00f3n operan con dosis promedio. A modo de ejemplo, se suele establecer como requerimiento de dosis UV: 120.000 \u00b5J\/cm\u00b2 para l\u00e1mparas de media presi\u00f3n y 186.000 \u00b5J\/cm\u00b2 para l\u00e1mparas de baja presi\u00f3n, en aplicaciones de desinfecci\u00f3n de agua para bebidas.<\/p>\n<p><i>Dependiendo del caudal de operaci\u00f3n puede ser m\u00e1s conveniente trabajar con menor cantidad de l\u00e1mparas de media presi\u00f3n, o mayor cantidad de l\u00e1mparas de baja presi\u00f3n. Estas \u00faltimas suelen ser m\u00e1s econ\u00f3micas para bajos caudales de agua.<\/i><br \/>\nDetalles Constructivos<\/p>\n<p>La c\u00e1mara y los accesorios est\u00e1n construidos en acero inoxidable calidad 316, la zona de irradiaci\u00f3n consiste en un tubo de cuarzo lo que asegura reflexi\u00f3n total de los fotones e inexistencia de corrosi\u00f3n.<\/p>\n<p>[\/et_pb_text][\/et_pb_column][et_pb_column type=\u00bb1_3&#8243;][et_pb_blurb admin_label=\u00bbWASTE-TO-ENERGY CHALLENGES &#8211; ES\u00bb _builder_version=\u00bb3.0.100&#8243; title=\u00bb\u00bfDESAF\u00cdOS DE TRATAMIENTO DE EFLUENTES?\u00bb url_new_window=\u00bboff\u00bb use_icon=\u00bboff\u00bb image=\u00bbhttps:\/\/www.fluencecorp.com\/wp-content\/uploads\/2017\/07\/wastewater_treatment_02.svg\u00bb use_circle=\u00bboff\u00bb use_circle_border=\u00bboff\u00bb icon_placement=\u00bbtop\u00bb use_icon_font_size=\u00bboff\u00bb background_layout=\u00bblight\u00bb text_orientation=\u00bbcenter\u00bb use_border_color=\u00bbon\u00bb custom_padding=\u00bb30px|20px|30px|20px\u00bb module_class=\u00bbfluenceblurb\u00bb animation=\u00bboff\u00bb border_color_all=\u00bb#7fc8bd\u00bb max_width_tablet=\u00bb50px\u00bb border_radii=\u00bbon|3px|3px|3px|3px\u00bb border_width_all=\u00bb1px\u00bb]<\/p>\n<p>\u00a1Estamos para ayudarlo! Contacte Fluence para conocer m\u00e1s sobre nuestras soluciones de tratamiento de efluentes o discutir detalles espec\u00edficos de su proyecto.<\/p>\n<p><a class=\"et_pb_promo_button et_pb_button\" href=\"\/es\/contacto\/\">CONT\u00c1CTESE<\/a><\/p>\n<p>[\/et_pb_blurb][et_pb_text admin_label=\u00bbQUICK LINKS &#8211; ES\u00bb _builder_version=\u00bb3.21.4&#8243; background_color=\u00bb#f4f4f4&#8243; background_size=\u00bbinitial\u00bb background_position=\u00bbcenter_right\u00bb background_blend=\u00bboverlay\u00bb header_font_size=\u00bb20px\u00bb header_text_color=\u00bb#0b3a5d\u00bb custom_padding=\u00bb30px|30px|30px|30px\u00bb z_index_tablet=\u00bb500&#8243;]<\/p>\n<h1>ENLACES R\u00c1PIDOS<\/h1>\n<ul>\n<li><a href=\"\/es\/cases\/\">Casos de Estudio<\/a><\/li>\n<li><a href=\"\/es\/newsroom\/\">Sala de Prensa<\/a><\/li>\n<\/ul>\n<p>[\/et_pb_text][\/et_pb_column][\/et_pb_row][\/et_pb_section]<\/p>\n","protected":false},"excerpt":{"rendered":"<p>Ultravioleta <div class=\"et_pb_row et_pb_row_0 et_pb_row_empty\">\n\t\t\t\t\n\t\t\t\t\n\t\t\t\t\n\t\t\t\t\n\t\t\t\t\n\t\t\t<\/div> Fluence, l\u00edder mundial en soluciones descentralizadas de tratamiento de aguas y efluentes, cuenta entre las tecnolog\u00edas que componen su porfolio de productos con equipos de tratamiento mediante radiaci\u00f3n UV de la empresa Atlantium, en su car\u00e1cter de distribuidor autorizado. Esta condici\u00f3n permite asegurar a sus clientes un amplio, seguro y eficiente servicio de [&hellip;]<\/p>\n","protected":false},"author":1,"featured_media":34297,"parent":0,"menu_order":0,"comment_status":"closed","ping_status":"closed","template":"","meta":{"_et_pb_use_builder":"on","_et_pb_old_content":"","_et_gb_content_width":"","_relevanssi_hide_post":"","_relevanssi_hide_content":"","_relevanssi_pin_for_all":"","_relevanssi_pin_keywords":"","_relevanssi_unpin_keywords":"","_relevanssi_related_keywords":"","_relevanssi_related_include_ids":"","_relevanssi_related_exclude_ids":"","_relevanssi_related_no_append":"","_relevanssi_related_not_related":"","_relevanssi_related_posts":"","_relevanssi_noindex_reason":"","inline_featured_image":false,"footnotes":"","_links_to":"","_links_to_target":""},"coauthors":[],"class_list":["post-41717","page","type-page","status-publish","has-post-thumbnail","hentry"],"yoast_head":"<!-- This site is optimized with the Yoast SEO plugin v27.3 - https:\/\/yoast.com\/product\/yoast-seo-wordpress\/ -->\n<title>Ultravioleta | Fluence<\/title>\n<meta name=\"description\" content=\"Desinfecci\u00f3n por ultravioleta, ventajas del m\u00e9todo ultravioleta, tipos de equipos, l\u00e1mparas UV.\" \/>\n<meta name=\"robots\" content=\"index, follow, max-snippet:-1, max-image-preview:large, max-video-preview:-1\" \/>\n<link rel=\"canonical\" href=\"https:\/\/www.fluencecorp.com\/es\/ultravioleta\/\" \/>\n<meta property=\"og:locale\" content=\"es_ES\" \/>\n<meta property=\"og:type\" content=\"article\" \/>\n<meta property=\"og:title\" content=\"Sistemas de \u00d3smosis Inversa\" \/>\n<meta property=\"og:description\" content=\"Desinfecci\u00f3n por ultravioleta, ventajas del m\u00e9todo ultravioleta, tipos de equipos, l\u00e1mparas UV.\" \/>\n<meta property=\"og:url\" content=\"https:\/\/www.fluencecorp.com\/es\/ultravioleta\/\" \/>\n<meta property=\"article:publisher\" content=\"https:\/\/www.facebook.com\/FluenceCorp\" \/>\n<meta property=\"article:modified_time\" content=\"2019-04-08T18:31:07+00:00\" \/>\n<meta property=\"og:image\" content=\"https:\/\/www.fluencecorp.com\/wp-content\/uploads\/2017\/07\/droplet-pattern.png\" \/>\n\t<meta property=\"og:image:width\" content=\"347\" \/>\n\t<meta property=\"og:image:height\" content=\"231\" \/>\n\t<meta property=\"og:image:type\" content=\"image\/png\" \/>\n<meta name=\"twitter:card\" content=\"summary_large_image\" \/>\n<meta name=\"twitter:site\" content=\"@FluenceCorp\" \/>\n<meta name=\"twitter:label1\" content=\"Tiempo de lectura\" \/>\n\t<meta name=\"twitter:data1\" content=\"7 minutos\" \/>\n\t<meta name=\"twitter:label2\" content=\"Written by\" \/>\n\t<meta name=\"twitter:data2\" content=\"sysop\" \/>\n<script type=\"application\/ld+json\" class=\"yoast-schema-graph\">{\"@context\":\"https:\\\/\\\/schema.org\",\"@graph\":[{\"@type\":\"WebPage\",\"@id\":\"https:\\\/\\\/www.fluencecorp.com\\\/es\\\/ultravioleta\\\/\",\"url\":\"https:\\\/\\\/www.fluencecorp.com\\\/es\\\/ultravioleta\\\/\",\"name\":\"Ultravioleta | Fluence\",\"isPartOf\":{\"@id\":\"https:\\\/\\\/www.fluencecorp.com\\\/es\\\/#website\"},\"primaryImageOfPage\":{\"@id\":\"https:\\\/\\\/www.fluencecorp.com\\\/es\\\/ultravioleta\\\/#primaryimage\"},\"image\":{\"@id\":\"https:\\\/\\\/www.fluencecorp.com\\\/es\\\/ultravioleta\\\/#primaryimage\"},\"thumbnailUrl\":\"https:\\\/\\\/www.fluencecorp.com\\\/wp-content\\\/uploads\\\/2017\\\/07\\\/droplet-pattern.png\",\"datePublished\":\"2018-01-11T21:59:20+00:00\",\"dateModified\":\"2019-04-08T18:31:07+00:00\",\"description\":\"Desinfecci\u00f3n por ultravioleta, ventajas del m\u00e9todo ultravioleta, tipos de equipos, l\u00e1mparas UV.\",\"breadcrumb\":{\"@id\":\"https:\\\/\\\/www.fluencecorp.com\\\/es\\\/ultravioleta\\\/#breadcrumb\"},\"inLanguage\":\"es\",\"potentialAction\":[{\"@type\":\"ReadAction\",\"target\":[\"https:\\\/\\\/www.fluencecorp.com\\\/es\\\/ultravioleta\\\/\"]}]},{\"@type\":\"ImageObject\",\"inLanguage\":\"es\",\"@id\":\"https:\\\/\\\/www.fluencecorp.com\\\/es\\\/ultravioleta\\\/#primaryimage\",\"url\":\"https:\\\/\\\/www.fluencecorp.com\\\/wp-content\\\/uploads\\\/2017\\\/07\\\/droplet-pattern.png\",\"contentUrl\":\"https:\\\/\\\/www.fluencecorp.com\\\/wp-content\\\/uploads\\\/2017\\\/07\\\/droplet-pattern.png\",\"width\":347,\"height\":231},{\"@type\":\"BreadcrumbList\",\"@id\":\"https:\\\/\\\/www.fluencecorp.com\\\/es\\\/ultravioleta\\\/#breadcrumb\",\"itemListElement\":[{\"@type\":\"ListItem\",\"position\":1,\"name\":\"Home\",\"item\":\"https:\\\/\\\/www.fluencecorp.com\\\/es\\\/\"},{\"@type\":\"ListItem\",\"position\":2,\"name\":\"Ultravioleta\"}]},{\"@type\":\"WebSite\",\"@id\":\"https:\\\/\\\/www.fluencecorp.com\\\/es\\\/#website\",\"url\":\"https:\\\/\\\/www.fluencecorp.com\\\/es\\\/\",\"name\":\"Fluence Corporation\",\"description\":\"\",\"publisher\":{\"@id\":\"https:\\\/\\\/www.fluencecorp.com\\\/es\\\/#organization\"},\"potentialAction\":[{\"@type\":\"SearchAction\",\"target\":{\"@type\":\"EntryPoint\",\"urlTemplate\":\"https:\\\/\\\/www.fluencecorp.com\\\/es\\\/?s={search_term_string}\"},\"query-input\":{\"@type\":\"PropertyValueSpecification\",\"valueRequired\":true,\"valueName\":\"search_term_string\"}}],\"inLanguage\":\"es\"},{\"@type\":\"Organization\",\"@id\":\"https:\\\/\\\/www.fluencecorp.com\\\/es\\\/#organization\",\"name\":\"Fluence\",\"url\":\"https:\\\/\\\/www.fluencecorp.com\\\/es\\\/\",\"logo\":{\"@type\":\"ImageObject\",\"inLanguage\":\"es\",\"@id\":\"https:\\\/\\\/www.fluencecorp.com\\\/es\\\/#\\\/schema\\\/logo\\\/image\\\/\",\"url\":\"https:\\\/\\\/www.fluencecorp.com\\\/wp-content\\\/uploads\\\/2018\\\/03\\\/fluence-seo-logo.png\",\"contentUrl\":\"https:\\\/\\\/www.fluencecorp.com\\\/wp-content\\\/uploads\\\/2018\\\/03\\\/fluence-seo-logo.png\",\"width\":523,\"height\":181,\"caption\":\"Fluence\"},\"image\":{\"@id\":\"https:\\\/\\\/www.fluencecorp.com\\\/es\\\/#\\\/schema\\\/logo\\\/image\\\/\"},\"sameAs\":[\"https:\\\/\\\/www.facebook.com\\\/FluenceCorp\",\"https:\\\/\\\/x.com\\\/FluenceCorp\",\"https:\\\/\\\/www.linkedin.com\\\/company-beta\\\/18150486\\\/\"]}]}<\/script>\n<!-- \/ Yoast SEO plugin. -->","yoast_head_json":{"title":"Ultravioleta | Fluence","description":"Desinfecci\u00f3n por ultravioleta, ventajas del m\u00e9todo ultravioleta, tipos de equipos, l\u00e1mparas UV.","robots":{"index":"index","follow":"follow","max-snippet":"max-snippet:-1","max-image-preview":"max-image-preview:large","max-video-preview":"max-video-preview:-1"},"canonical":"https:\/\/www.fluencecorp.com\/es\/ultravioleta\/","og_locale":"es_ES","og_type":"article","og_title":"Sistemas de \u00d3smosis Inversa","og_description":"Desinfecci\u00f3n por ultravioleta, ventajas del m\u00e9todo ultravioleta, tipos de equipos, l\u00e1mparas UV.","og_url":"https:\/\/www.fluencecorp.com\/es\/ultravioleta\/","article_publisher":"https:\/\/www.facebook.com\/FluenceCorp","article_modified_time":"2019-04-08T18:31:07+00:00","og_image":[{"width":347,"height":231,"url":"https:\/\/www.fluencecorp.com\/wp-content\/uploads\/2017\/07\/droplet-pattern.png","type":"image\/png"}],"twitter_card":"summary_large_image","twitter_site":"@FluenceCorp","twitter_misc":{"Tiempo de lectura":"7 minutos","Written by":"sysop"},"schema":{"@context":"https:\/\/schema.org","@graph":[{"@type":"WebPage","@id":"https:\/\/www.fluencecorp.com\/es\/ultravioleta\/","url":"https:\/\/www.fluencecorp.com\/es\/ultravioleta\/","name":"Ultravioleta | Fluence","isPartOf":{"@id":"https:\/\/www.fluencecorp.com\/es\/#website"},"primaryImageOfPage":{"@id":"https:\/\/www.fluencecorp.com\/es\/ultravioleta\/#primaryimage"},"image":{"@id":"https:\/\/www.fluencecorp.com\/es\/ultravioleta\/#primaryimage"},"thumbnailUrl":"https:\/\/www.fluencecorp.com\/wp-content\/uploads\/2017\/07\/droplet-pattern.png","datePublished":"2018-01-11T21:59:20+00:00","dateModified":"2019-04-08T18:31:07+00:00","description":"Desinfecci\u00f3n por ultravioleta, ventajas del m\u00e9todo ultravioleta, tipos de equipos, l\u00e1mparas UV.","breadcrumb":{"@id":"https:\/\/www.fluencecorp.com\/es\/ultravioleta\/#breadcrumb"},"inLanguage":"es","potentialAction":[{"@type":"ReadAction","target":["https:\/\/www.fluencecorp.com\/es\/ultravioleta\/"]}]},{"@type":"ImageObject","inLanguage":"es","@id":"https:\/\/www.fluencecorp.com\/es\/ultravioleta\/#primaryimage","url":"https:\/\/www.fluencecorp.com\/wp-content\/uploads\/2017\/07\/droplet-pattern.png","contentUrl":"https:\/\/www.fluencecorp.com\/wp-content\/uploads\/2017\/07\/droplet-pattern.png","width":347,"height":231},{"@type":"BreadcrumbList","@id":"https:\/\/www.fluencecorp.com\/es\/ultravioleta\/#breadcrumb","itemListElement":[{"@type":"ListItem","position":1,"name":"Home","item":"https:\/\/www.fluencecorp.com\/es\/"},{"@type":"ListItem","position":2,"name":"Ultravioleta"}]},{"@type":"WebSite","@id":"https:\/\/www.fluencecorp.com\/es\/#website","url":"https:\/\/www.fluencecorp.com\/es\/","name":"Fluence Corporation","description":"","publisher":{"@id":"https:\/\/www.fluencecorp.com\/es\/#organization"},"potentialAction":[{"@type":"SearchAction","target":{"@type":"EntryPoint","urlTemplate":"https:\/\/www.fluencecorp.com\/es\/?s={search_term_string}"},"query-input":{"@type":"PropertyValueSpecification","valueRequired":true,"valueName":"search_term_string"}}],"inLanguage":"es"},{"@type":"Organization","@id":"https:\/\/www.fluencecorp.com\/es\/#organization","name":"Fluence","url":"https:\/\/www.fluencecorp.com\/es\/","logo":{"@type":"ImageObject","inLanguage":"es","@id":"https:\/\/www.fluencecorp.com\/es\/#\/schema\/logo\/image\/","url":"https:\/\/www.fluencecorp.com\/wp-content\/uploads\/2018\/03\/fluence-seo-logo.png","contentUrl":"https:\/\/www.fluencecorp.com\/wp-content\/uploads\/2018\/03\/fluence-seo-logo.png","width":523,"height":181,"caption":"Fluence"},"image":{"@id":"https:\/\/www.fluencecorp.com\/es\/#\/schema\/logo\/image\/"},"sameAs":["https:\/\/www.facebook.com\/FluenceCorp","https:\/\/x.com\/FluenceCorp","https:\/\/www.linkedin.com\/company-beta\/18150486\/"]}]}},"_links":{"self":[{"href":"https:\/\/www.fluencecorp.com\/es\/wp-json\/wp\/v2\/pages\/41717","targetHints":{"allow":["GET"]}}],"collection":[{"href":"https:\/\/www.fluencecorp.com\/es\/wp-json\/wp\/v2\/pages"}],"about":[{"href":"https:\/\/www.fluencecorp.com\/es\/wp-json\/wp\/v2\/types\/page"}],"author":[{"embeddable":true,"href":"https:\/\/www.fluencecorp.com\/es\/wp-json\/wp\/v2\/users\/1"}],"replies":[{"embeddable":true,"href":"https:\/\/www.fluencecorp.com\/es\/wp-json\/wp\/v2\/comments?post=41717"}],"version-history":[{"count":0,"href":"https:\/\/www.fluencecorp.com\/es\/wp-json\/wp\/v2\/pages\/41717\/revisions"}],"wp:featuredmedia":[{"embeddable":true,"href":"https:\/\/www.fluencecorp.com\/es\/wp-json\/wp\/v2\/media\/34297"}],"wp:attachment":[{"href":"https:\/\/www.fluencecorp.com\/es\/wp-json\/wp\/v2\/media?parent=41717"}],"wp:term":[{"taxonomy":"author","embeddable":true,"href":"https:\/\/www.fluencecorp.com\/es\/wp-json\/wp\/v2\/coauthors?post=41717"}],"curies":[{"name":"wp","href":"https:\/\/api.w.org\/{rel}","templated":true}]}}