{"id":41714,"date":"2018-01-11T16:50:22","date_gmt":"2018-01-11T21:50:22","guid":{"rendered":"https:\/\/www.fluencecorp.com\/?page_id=41714"},"modified":"2019-08-10T04:51:56","modified_gmt":"2019-08-09T18:51:56","slug":"generadores-de-ozono","status":"publish","type":"page","link":"https:\/\/www.fluencecorp.com\/es\/generadores-de-ozono\/","title":{"rendered":"Generadores de Ozono"},"content":{"rendered":"<p>[et_pb_section bb_built=\u00bb1&#8243; fullwidth=\u00bboff\u00bb specialty=\u00bboff\u00bb _builder_version=\u00bb3.0.61&#8243; background_color=\u00bb#f4f4f4&#8243; background_blend=\u00bbmultiply\u00bb custom_padding=\u00bb0px||0px|\u00bb next_background_color=\u00bb#ffffff\u00bb inner_width=\u00bbauto\u00bb inner_max_width=\u00bb1080px\u00bb][et_pb_row _builder_version=\u00bb3.0.60&#8243; custom_margin=\u00bb0px||0px|\u00bb custom_padding=\u00bb0px||0px|\u00bb width=\u00bb80%\u00bb max_width=\u00bb1080px\u00bb][et_pb_column type=\u00bb4_4&#8243; background_position=\u00bbtop_left\u00bb custom_padding__hover=\u00bb|||\u00bb custom_padding=\u00bb|||\u00bb][et_pb_text admin_label=\u00bbHeader with Grey Background\u00bb _builder_version=\u00bb3.0.95&#8243; background_layout=\u00bblight\u00bb text_font_size=\u00bb24&#8243; header_text_color=\u00bb#0b3a5d\u00bb header_font_size=\u00bb52px\u00bb text_text_color=\u00bb#778591&#8243; custom_margin=\u00bb10px||10px|\u00bb custom_padding=\u00bb44px||44px|\u00bb header_font=\u00bb|on|||\u00bb text_font_size_tablet=\u00bb16&#8243; text_font_size_last_edited=\u00bbon|phone\u00bb header_font_size_tablet=\u00bb35px\u00bb header_font_size_phone=\u00bb28px\u00bb header_font_size_last_edited=\u00bbon|phone\u00bb]<\/p>\n<h1>Generadores de Ozono<\/h1>\n<p>[\/et_pb_text][\/et_pb_column][\/et_pb_row][\/et_pb_section][et_pb_section bb_built=\u00bb1&#8243; _builder_version=\u00bb3.0.59&#8243; custom_padding=\u00bb0px||0px|\u00bb prev_background_color=\u00bb#f4f4f4&#8243; inner_width=\u00bbauto\u00bb inner_max_width=\u00bb1080px\u00bb][et_pb_row][et_pb_column type=\u00bb2_3&#8243; custom_padding__hover=\u00bb|||\u00bb custom_padding=\u00bb|||\u00bb][et_pb_text admin_label=\u00bbMain Body Text\u00bb _builder_version=\u00bb3.0.95&#8243; background_layout=\u00bblight\u00bb]<\/p>\n<p>Fluence es miembro de la International Ozone Association (IOA), fundada en 1973 con el objetivo de conectar profesionales alrededor del mundo, involucrados e interesados en las diferentes aplicaciones del ozono. Dise\u00f1amos, fabricamos, y comercializamos esta tecnolog\u00eda a todo el mundo, ofreciendo una alternativa confiable, desde el asesoramiento para las diferentes aplicaciones, hasta el mantenimiento de las unidades.<\/p>\n<h3>Gas Ozono<\/h3>\n<p>El ozono, uno de los elementos b\u00e1sicos de la naturaleza, es un gas oxidante muy poderoso. Consiste de una mol\u00e9cula de ox\u00edgeno con un \u00e1tomo adicional de ox\u00edgeno. Su gran poder bactericida es muy superior al cloro, y su r\u00e1pida descomposici\u00f3n a ox\u00edgeno le ha permitido adecuarse perfectamente a la industria alimenticia, dado que no deja subproductos indeseables en el producto final. Es ampliamente utilizado como sanitizante de ca\u00f1er\u00edas y superficies en varios procesos. Esta \u00faltima aplicaci\u00f3n ha sido muy bien aceptada por la industria ya que minimiza la utilizaci\u00f3n de productos qu\u00edmicos sanitizantes y el volumen de agua a utilizar.<\/p>\n<p>La Food and Drug Administration (FDA) lo aprob\u00f3 como agente anti-microbiano en el a\u00f1o 1997 bajo la denominaci\u00f3n Generally Recognized as Safe (GRAS) para el tratamiento, almacenamiento y procesamiento de alimentos en fase l\u00edquida y gaseosa.<\/p>\n<h3>Ventajas de Nuestros Generadores de Ozono<\/h3>\n<ul>\n<li>Dise\u00f1o compacto<\/li>\n<li>Construcci\u00f3n en acero inoxidable<\/li>\n<li>Servicio t\u00e9cnico especializado 24\/7<\/li>\n<li>Stock permanente de repuestos<\/li>\n<li>Know how y fabricaci\u00f3n propia<\/li>\n<li>Muy bajo mantenimiento<\/li>\n<\/ul>\n<p>Nuestros equipos centralizan el comando del generador de ozono y el lazo de control de ozono disuelto en un \u00fanico panel de control. Esto hace posible que el sistema de ozonizaci\u00f3n completo pueda ser monitoreado desde una PC.<\/p>\n<h3>Ventajas con Otros Oxidantes y Desinfectantes<\/h3>\n<p>El ozono presenta significativas ventajas frente a las alternativas qu\u00edmicas entre las cuales cabe destacar:<\/p>\n<ul>\n<li>El ozono es generado in-situ<\/li>\n<li>Es uno de los m\u00e1s activos agentes oxidantes disponibles<\/li>\n<li>Se transforma r\u00e1pidamente en oxigeno sin dejar trazas<\/li>\n<li>En su reacci\u00f3n no produce compuestos t\u00f3xicos halogenados<\/li>\n<li>Destruye eficazmente todos los g\u00e9rmenes pat\u00f3genos incluso los m\u00e1s extra\u00f1os virus<\/li>\n<\/ul>\n<h3>Aplicaciones<\/h3>\n<ul>\n<li>Procesos de producci\u00f3n de aguas y bebidas<\/li>\n<li>Industria farmac\u00e9utica<\/li>\n<li>Procesos industriales<\/li>\n<li>CIP (Clean in Place)<\/li>\n<li>Tratamiento de efluentes<\/li>\n<li>Aplicaci\u00f3n de tratamiento de vahos de industria pesquera (harinoil)<\/li>\n<\/ul>\n<p>El ozono es un eficiente desinfectante de efluentes municipales e industriales recomendado para el uso en las normas EPA para los pre tratamientos est\u00e1ndares. El ozono es efectivo en el tratamiento de numerosos y complejos compuestos contaminantes qu\u00edmicos entre los cuales se incluyen: (lista original EPA) Hydrogen Cyanide, Acetic Acid, Propane, Formaldehyde, Liquefied petroleum gas, Butoxythanol, Isopropyl Alcohol, Methyl-Ethyl Ketone, Benzene, n-Butyl Phthalate Camphor, Para-Phenylenediamone, Styrene, Xylene, Acetone, Cetyl Alcohol, Glycerol, Propylene Glycol, Benzyl Alcohol, n-Butyl Acetate, Mythelacrylic Acid, Triccresyl Phosphate, Toluene, Mineral Spirits, Ammonia, Ammonium Persulfate and Non-Ionic Detergents.<\/p>\n<p>Debido a la diversidad de aplicaciones y a las infinitas reacciones qu\u00edmicas en competencia en procesos de alta complejidad, es posible se requieran pruebas piloto para el dimensionamiento del sistema. Para ello contamos con unidades m\u00f3viles espec\u00edficamente dise\u00f1adas para esta necesidad.<\/p>\n<p><a href=\"https:\/\/www.fluencecorp.com\/es\/contacto\/\" target=\"_blank\" rel=\"noopener noreferrer\">Cont\u00e1ctese con nuestros expertos<\/a> para tratar los detalles de su proyecto, y para conocer c\u00f3mo los generadores de ozono pueden ayudarle a alcanzar sus metas.<\/p>\n<p>[\/et_pb_text][\/et_pb_column][et_pb_column type=\u00bb1_3&#8243; custom_padding__hover=\u00bb|||\u00bb custom_padding=\u00bb|||\u00bb][et_pb_blurb admin_label=\u00bbWASTE-TO-ENERGY CHALLENGES &#8211; ES\u00bb _builder_version=\u00bb3.26.6&#8243; title=\u00bb\u00bfDESAF\u00cdOS DE TRATAMIENTO DE EFLUENTES?\u00bb image=\u00bbhttps:\/\/www.fluencecorp.com\/wp-content\/uploads\/2017\/07\/wastewater_treatment_02.svg\u00bb text_orientation=\u00bbcenter\u00bb use_border_color=\u00bbon\u00bb custom_padding=\u00bb30px|20px|30px|20px\u00bb module_class=\u00bbfluenceblurb\u00bb animation=\u00bboff\u00bb border_color_all=\u00bb#7fc8bd\u00bb max_width_tablet=\u00bb50px\u00bb border_radii=\u00bbon|3px|3px|3px|3px\u00bb border_width_all=\u00bb1px\u00bb box_shadow_horizontal_image_tablet=\u00bb0px\u00bb box_shadow_vertical_image_tablet=\u00bb0px\u00bb box_shadow_blur_image_tablet=\u00bb40px\u00bb box_shadow_spread_image_tablet=\u00bb0px\u00bb text_shadow_horizontal_length=\u00bbtext_shadow_style,%91object Object%93&#8243; text_shadow_horizontal_length_tablet=\u00bb0px\u00bb text_shadow_vertical_length=\u00bbtext_shadow_style,%91object Object%93&#8243; text_shadow_vertical_length_tablet=\u00bb0px\u00bb text_shadow_blur_strength=\u00bbtext_shadow_style,%91object Object%93&#8243; text_shadow_blur_strength_tablet=\u00bb1px\u00bb header_text_shadow_horizontal_length=\u00bbheader_text_shadow_style,%91object Object%93&#8243; header_text_shadow_horizontal_length_tablet=\u00bb0px\u00bb header_text_shadow_vertical_length=\u00bbheader_text_shadow_style,%91object Object%93&#8243; header_text_shadow_vertical_length_tablet=\u00bb0px\u00bb header_text_shadow_blur_strength=\u00bbheader_text_shadow_style,%91object Object%93&#8243; header_text_shadow_blur_strength_tablet=\u00bb1px\u00bb body_text_shadow_horizontal_length=\u00bbbody_text_shadow_style,%91object Object%93&#8243; body_text_shadow_horizontal_length_tablet=\u00bb0px\u00bb body_text_shadow_vertical_length=\u00bbbody_text_shadow_style,%91object Object%93&#8243; body_text_shadow_vertical_length_tablet=\u00bb0px\u00bb body_text_shadow_blur_strength=\u00bbbody_text_shadow_style,%91object Object%93&#8243; body_text_shadow_blur_strength_tablet=\u00bb1px\u00bb body_link_text_shadow_horizontal_length=\u00bbbody_link_text_shadow_style,%91object Object%93&#8243; body_link_text_shadow_horizontal_length_tablet=\u00bb0px\u00bb body_link_text_shadow_vertical_length=\u00bbbody_link_text_shadow_style,%91object Object%93&#8243; body_link_text_shadow_vertical_length_tablet=\u00bb0px\u00bb body_link_text_shadow_blur_strength=\u00bbbody_link_text_shadow_style,%91object Object%93&#8243; body_link_text_shadow_blur_strength_tablet=\u00bb1px\u00bb body_ul_text_shadow_horizontal_length=\u00bbbody_ul_text_shadow_style,%91object Object%93&#8243; body_ul_text_shadow_horizontal_length_tablet=\u00bb0px\u00bb body_ul_text_shadow_vertical_length=\u00bbbody_ul_text_shadow_style,%91object Object%93&#8243; body_ul_text_shadow_vertical_length_tablet=\u00bb0px\u00bb body_ul_text_shadow_blur_strength=\u00bbbody_ul_text_shadow_style,%91object Object%93&#8243; body_ul_text_shadow_blur_strength_tablet=\u00bb1px\u00bb body_ol_text_shadow_horizontal_length=\u00bbbody_ol_text_shadow_style,%91object Object%93&#8243; body_ol_text_shadow_horizontal_length_tablet=\u00bb0px\u00bb body_ol_text_shadow_vertical_length=\u00bbbody_ol_text_shadow_style,%91object Object%93&#8243; body_ol_text_shadow_vertical_length_tablet=\u00bb0px\u00bb body_ol_text_shadow_blur_strength=\u00bbbody_ol_text_shadow_style,%91object Object%93&#8243; body_ol_text_shadow_blur_strength_tablet=\u00bb1px\u00bb body_quote_text_shadow_horizontal_length=\u00bbbody_quote_text_shadow_style,%91object Object%93&#8243; body_quote_text_shadow_horizontal_length_tablet=\u00bb0px\u00bb body_quote_text_shadow_vertical_length=\u00bbbody_quote_text_shadow_style,%91object Object%93&#8243; body_quote_text_shadow_vertical_length_tablet=\u00bb0px\u00bb body_quote_text_shadow_blur_strength=\u00bbbody_quote_text_shadow_style,%91object Object%93&#8243; body_quote_text_shadow_blur_strength_tablet=\u00bb1px\u00bb box_shadow_horizontal_tablet=\u00bb0px\u00bb box_shadow_vertical_tablet=\u00bb0px\u00bb box_shadow_blur_tablet=\u00bb40px\u00bb box_shadow_spread_tablet=\u00bb0px\u00bb z_index_tablet=\u00bb500&#8243;]<\/p>\n<p>\u00a1Estamos para ayudarlo! Contacte Fluence para conocer m\u00e1s sobre nuestras soluciones de tratamiento de efluentes o discutir detalles espec\u00edficos de su proyecto.<\/p>\n<div class=\"et_pb_button_module_wrapper et_pb_module et_pb_button_alignment_center\" style=\"margin-top:15px;margin-bottom: 15px!important;\"><a class=\"et_pb_button et_pb_button_ghost et_pb_module et_pb_bg_layout_dark\" style=\"width: 100%;\" href=\"\/es\/contacto\/\" target=\"_blank\" rel=\"noopener noreferrer\">CONT\u00c1CTESE<\/a><\/div>\n<div class=\"et_pb_button_module_wrapper et_pb_module et_pb_button_alignment_center\" \"=\"\"><a class=\"et_pb_promo_button et_pb_button et_pb_button3\" style=\"width: 100%;\" href=\"https:\/\/www.fluencecorp.com\/wp-content\/uploads\/2018\/06\/2018_05_17_Flyer_Ozone-Generators_LoRes_Spanish.pdf\" target=\"_blank\" rel=\"noopener noreferrer\">DESCARGAR FOLLETO<\/a><\/div>\n<p>[\/et_pb_blurb][et_pb_text admin_label=\u00bbQUICK LINKS &#8211; ES\u00bb _builder_version=\u00bb3.21.4&#8243; background_color=\u00bb#f4f4f4&#8243; background_size=\u00bbinitial\u00bb background_position=\u00bbcenter_right\u00bb background_blend=\u00bboverlay\u00bb header_font_size=\u00bb20px\u00bb header_text_color=\u00bb#0b3a5d\u00bb custom_padding=\u00bb30px|30px|30px|30px\u00bb z_index_tablet=\u00bb500&#8243;]<\/p>\n<h1>ENLACES R\u00c1PIDOS<\/h1>\n<ul>\n<li><a href=\"\/es\/cases\/\">Casos de Estudio<\/a><\/li>\n<li><a href=\"\/es\/newsroom\/\">Sala de Prensa<\/a><\/li>\n<\/ul>\n<p>[\/et_pb_text][\/et_pb_column][\/et_pb_row][\/et_pb_section]<\/p>\n","protected":false},"excerpt":{"rendered":"<p>Generadores de Ozono <div class=\"et_pb_row et_pb_row_0 et_pb_row_empty\">\n\t\t\t\t\n\t\t\t\t\n\t\t\t\t\n\t\t\t\t\n\t\t\t\t\n\t\t\t<\/div> Fluence es miembro de la International Ozone Association (IOA), fundada en 1973 con el objetivo de conectar profesionales alrededor del mundo, involucrados e interesados en las diferentes aplicaciones del ozono. Dise\u00f1amos, fabricamos, y comercializamos esta tecnolog\u00eda a todo el mundo, ofreciendo una alternativa confiable, desde el asesoramiento para las diferentes aplicaciones, [&hellip;]<\/p>\n","protected":false},"author":1,"featured_media":34297,"parent":0,"menu_order":0,"comment_status":"closed","ping_status":"closed","template":"","meta":{"_et_pb_use_builder":"on","_et_pb_old_content":"","_et_gb_content_width":"","_relevanssi_hide_post":"","_relevanssi_hide_content":"","_relevanssi_pin_for_all":"","_relevanssi_pin_keywords":"","_relevanssi_unpin_keywords":"","_relevanssi_related_keywords":"","_relevanssi_related_include_ids":"","_relevanssi_related_exclude_ids":"","_relevanssi_related_no_append":"","_relevanssi_related_not_related":"","_relevanssi_related_posts":"","_relevanssi_noindex_reason":"","inline_featured_image":false,"footnotes":"","_links_to":"","_links_to_target":""},"coauthors":[],"class_list":["post-41714","page","type-page","status-publish","has-post-thumbnail","hentry"],"yoast_head":"<!-- This site is optimized with the Yoast SEO plugin v27.4 - https:\/\/yoast.com\/product\/yoast-seo-wordpress\/ -->\n<title>Generadores de Ozono | Fluence<\/title>\n<meta name=\"description\" content=\"Generadores de ozono\u00a0de Fluence para la industria de aguas embotelladas para bebidas, torres de enfriamiento, industria farmac\u00e9utica, tratamiento de efluentes.\" \/>\n<meta name=\"robots\" content=\"index, follow, max-snippet:-1, max-image-preview:large, max-video-preview:-1\" \/>\n<link rel=\"canonical\" href=\"https:\/\/www.fluencecorp.com\/es\/generadores-de-ozono\/\" \/>\n<meta property=\"og:locale\" content=\"es_ES\" \/>\n<meta property=\"og:type\" content=\"article\" \/>\n<meta property=\"og:title\" content=\"Sistemas de \u00d3smosis Inversa\" \/>\n<meta property=\"og:description\" content=\"Generadores de ozono\u00a0de Fluence para la industria de aguas embotelladas para bebidas, torres de enfriamiento, industria farmac\u00e9utica, tratamiento de efluentes.\" \/>\n<meta property=\"og:url\" content=\"https:\/\/www.fluencecorp.com\/es\/generadores-de-ozono\/\" \/>\n<meta property=\"article:publisher\" content=\"https:\/\/www.facebook.com\/FluenceCorp\" \/>\n<meta property=\"article:modified_time\" content=\"2019-08-09T18:51:56+00:00\" \/>\n<meta property=\"og:image\" content=\"https:\/\/www.fluencecorp.com\/wp-content\/uploads\/2017\/07\/droplet-pattern.png\" \/>\n\t<meta property=\"og:image:width\" content=\"347\" \/>\n\t<meta property=\"og:image:height\" content=\"231\" \/>\n\t<meta property=\"og:image:type\" content=\"image\/png\" \/>\n<meta name=\"twitter:card\" content=\"summary_large_image\" \/>\n<meta name=\"twitter:site\" content=\"@FluenceCorp\" \/>\n<meta name=\"twitter:label1\" content=\"Tiempo de lectura\" \/>\n\t<meta name=\"twitter:data1\" content=\"7 minutos\" \/>\n\t<meta name=\"twitter:label2\" content=\"Written by\" \/>\n\t<meta name=\"twitter:data2\" content=\"sysop\" \/>\n<script type=\"application\/ld+json\" class=\"yoast-schema-graph\">{\"@context\":\"https:\\\/\\\/schema.org\",\"@graph\":[{\"@type\":\"WebPage\",\"@id\":\"https:\\\/\\\/www.fluencecorp.com\\\/es\\\/generadores-de-ozono\\\/\",\"url\":\"https:\\\/\\\/www.fluencecorp.com\\\/es\\\/generadores-de-ozono\\\/\",\"name\":\"Generadores de Ozono | Fluence\",\"isPartOf\":{\"@id\":\"https:\\\/\\\/www.fluencecorp.com\\\/es\\\/#website\"},\"primaryImageOfPage\":{\"@id\":\"https:\\\/\\\/www.fluencecorp.com\\\/es\\\/generadores-de-ozono\\\/#primaryimage\"},\"image\":{\"@id\":\"https:\\\/\\\/www.fluencecorp.com\\\/es\\\/generadores-de-ozono\\\/#primaryimage\"},\"thumbnailUrl\":\"https:\\\/\\\/www.fluencecorp.com\\\/wp-content\\\/uploads\\\/2017\\\/07\\\/droplet-pattern.png\",\"datePublished\":\"2018-01-11T21:50:22+00:00\",\"dateModified\":\"2019-08-09T18:51:56+00:00\",\"description\":\"Generadores de ozono\u00a0de Fluence para la industria de aguas embotelladas para bebidas, torres de enfriamiento, industria farmac\u00e9utica, tratamiento de efluentes.\",\"breadcrumb\":{\"@id\":\"https:\\\/\\\/www.fluencecorp.com\\\/es\\\/generadores-de-ozono\\\/#breadcrumb\"},\"inLanguage\":\"es\",\"potentialAction\":[{\"@type\":\"ReadAction\",\"target\":[\"https:\\\/\\\/www.fluencecorp.com\\\/es\\\/generadores-de-ozono\\\/\"]}]},{\"@type\":\"ImageObject\",\"inLanguage\":\"es\",\"@id\":\"https:\\\/\\\/www.fluencecorp.com\\\/es\\\/generadores-de-ozono\\\/#primaryimage\",\"url\":\"https:\\\/\\\/www.fluencecorp.com\\\/wp-content\\\/uploads\\\/2017\\\/07\\\/droplet-pattern.png\",\"contentUrl\":\"https:\\\/\\\/www.fluencecorp.com\\\/wp-content\\\/uploads\\\/2017\\\/07\\\/droplet-pattern.png\",\"width\":347,\"height\":231},{\"@type\":\"BreadcrumbList\",\"@id\":\"https:\\\/\\\/www.fluencecorp.com\\\/es\\\/generadores-de-ozono\\\/#breadcrumb\",\"itemListElement\":[{\"@type\":\"ListItem\",\"position\":1,\"name\":\"Home\",\"item\":\"https:\\\/\\\/www.fluencecorp.com\\\/es\\\/\"},{\"@type\":\"ListItem\",\"position\":2,\"name\":\"Generadores de Ozono\"}]},{\"@type\":\"WebSite\",\"@id\":\"https:\\\/\\\/www.fluencecorp.com\\\/es\\\/#website\",\"url\":\"https:\\\/\\\/www.fluencecorp.com\\\/es\\\/\",\"name\":\"Fluence Corporation\",\"description\":\"\",\"publisher\":{\"@id\":\"https:\\\/\\\/www.fluencecorp.com\\\/es\\\/#organization\"},\"potentialAction\":[{\"@type\":\"SearchAction\",\"target\":{\"@type\":\"EntryPoint\",\"urlTemplate\":\"https:\\\/\\\/www.fluencecorp.com\\\/es\\\/?s={search_term_string}\"},\"query-input\":{\"@type\":\"PropertyValueSpecification\",\"valueRequired\":true,\"valueName\":\"search_term_string\"}}],\"inLanguage\":\"es\"},{\"@type\":\"Organization\",\"@id\":\"https:\\\/\\\/www.fluencecorp.com\\\/es\\\/#organization\",\"name\":\"Fluence\",\"url\":\"https:\\\/\\\/www.fluencecorp.com\\\/es\\\/\",\"logo\":{\"@type\":\"ImageObject\",\"inLanguage\":\"es\",\"@id\":\"https:\\\/\\\/www.fluencecorp.com\\\/es\\\/#\\\/schema\\\/logo\\\/image\\\/\",\"url\":\"https:\\\/\\\/www.fluencecorp.com\\\/wp-content\\\/uploads\\\/2018\\\/03\\\/fluence-seo-logo.png\",\"contentUrl\":\"https:\\\/\\\/www.fluencecorp.com\\\/wp-content\\\/uploads\\\/2018\\\/03\\\/fluence-seo-logo.png\",\"width\":523,\"height\":181,\"caption\":\"Fluence\"},\"image\":{\"@id\":\"https:\\\/\\\/www.fluencecorp.com\\\/es\\\/#\\\/schema\\\/logo\\\/image\\\/\"},\"sameAs\":[\"https:\\\/\\\/www.facebook.com\\\/FluenceCorp\",\"https:\\\/\\\/x.com\\\/FluenceCorp\",\"https:\\\/\\\/www.linkedin.com\\\/company-beta\\\/18150486\\\/\"]}]}<\/script>\n<!-- \/ Yoast SEO plugin. -->","yoast_head_json":{"title":"Generadores de Ozono | Fluence","description":"Generadores de ozono\u00a0de Fluence para la industria de aguas embotelladas para bebidas, torres de enfriamiento, industria farmac\u00e9utica, tratamiento de efluentes.","robots":{"index":"index","follow":"follow","max-snippet":"max-snippet:-1","max-image-preview":"max-image-preview:large","max-video-preview":"max-video-preview:-1"},"canonical":"https:\/\/www.fluencecorp.com\/es\/generadores-de-ozono\/","og_locale":"es_ES","og_type":"article","og_title":"Sistemas de \u00d3smosis Inversa","og_description":"Generadores de ozono\u00a0de Fluence para la industria de aguas embotelladas para bebidas, torres de enfriamiento, industria farmac\u00e9utica, tratamiento de efluentes.","og_url":"https:\/\/www.fluencecorp.com\/es\/generadores-de-ozono\/","article_publisher":"https:\/\/www.facebook.com\/FluenceCorp","article_modified_time":"2019-08-09T18:51:56+00:00","og_image":[{"width":347,"height":231,"url":"https:\/\/www.fluencecorp.com\/wp-content\/uploads\/2017\/07\/droplet-pattern.png","type":"image\/png"}],"twitter_card":"summary_large_image","twitter_site":"@FluenceCorp","twitter_misc":{"Tiempo de lectura":"7 minutos","Written by":"sysop"},"schema":{"@context":"https:\/\/schema.org","@graph":[{"@type":"WebPage","@id":"https:\/\/www.fluencecorp.com\/es\/generadores-de-ozono\/","url":"https:\/\/www.fluencecorp.com\/es\/generadores-de-ozono\/","name":"Generadores de Ozono | Fluence","isPartOf":{"@id":"https:\/\/www.fluencecorp.com\/es\/#website"},"primaryImageOfPage":{"@id":"https:\/\/www.fluencecorp.com\/es\/generadores-de-ozono\/#primaryimage"},"image":{"@id":"https:\/\/www.fluencecorp.com\/es\/generadores-de-ozono\/#primaryimage"},"thumbnailUrl":"https:\/\/www.fluencecorp.com\/wp-content\/uploads\/2017\/07\/droplet-pattern.png","datePublished":"2018-01-11T21:50:22+00:00","dateModified":"2019-08-09T18:51:56+00:00","description":"Generadores de ozono\u00a0de Fluence para la industria de aguas embotelladas para bebidas, torres de enfriamiento, industria farmac\u00e9utica, tratamiento de efluentes.","breadcrumb":{"@id":"https:\/\/www.fluencecorp.com\/es\/generadores-de-ozono\/#breadcrumb"},"inLanguage":"es","potentialAction":[{"@type":"ReadAction","target":["https:\/\/www.fluencecorp.com\/es\/generadores-de-ozono\/"]}]},{"@type":"ImageObject","inLanguage":"es","@id":"https:\/\/www.fluencecorp.com\/es\/generadores-de-ozono\/#primaryimage","url":"https:\/\/www.fluencecorp.com\/wp-content\/uploads\/2017\/07\/droplet-pattern.png","contentUrl":"https:\/\/www.fluencecorp.com\/wp-content\/uploads\/2017\/07\/droplet-pattern.png","width":347,"height":231},{"@type":"BreadcrumbList","@id":"https:\/\/www.fluencecorp.com\/es\/generadores-de-ozono\/#breadcrumb","itemListElement":[{"@type":"ListItem","position":1,"name":"Home","item":"https:\/\/www.fluencecorp.com\/es\/"},{"@type":"ListItem","position":2,"name":"Generadores de Ozono"}]},{"@type":"WebSite","@id":"https:\/\/www.fluencecorp.com\/es\/#website","url":"https:\/\/www.fluencecorp.com\/es\/","name":"Fluence Corporation","description":"","publisher":{"@id":"https:\/\/www.fluencecorp.com\/es\/#organization"},"potentialAction":[{"@type":"SearchAction","target":{"@type":"EntryPoint","urlTemplate":"https:\/\/www.fluencecorp.com\/es\/?s={search_term_string}"},"query-input":{"@type":"PropertyValueSpecification","valueRequired":true,"valueName":"search_term_string"}}],"inLanguage":"es"},{"@type":"Organization","@id":"https:\/\/www.fluencecorp.com\/es\/#organization","name":"Fluence","url":"https:\/\/www.fluencecorp.com\/es\/","logo":{"@type":"ImageObject","inLanguage":"es","@id":"https:\/\/www.fluencecorp.com\/es\/#\/schema\/logo\/image\/","url":"https:\/\/www.fluencecorp.com\/wp-content\/uploads\/2018\/03\/fluence-seo-logo.png","contentUrl":"https:\/\/www.fluencecorp.com\/wp-content\/uploads\/2018\/03\/fluence-seo-logo.png","width":523,"height":181,"caption":"Fluence"},"image":{"@id":"https:\/\/www.fluencecorp.com\/es\/#\/schema\/logo\/image\/"},"sameAs":["https:\/\/www.facebook.com\/FluenceCorp","https:\/\/x.com\/FluenceCorp","https:\/\/www.linkedin.com\/company-beta\/18150486\/"]}]}},"_links":{"self":[{"href":"https:\/\/www.fluencecorp.com\/es\/wp-json\/wp\/v2\/pages\/41714","targetHints":{"allow":["GET"]}}],"collection":[{"href":"https:\/\/www.fluencecorp.com\/es\/wp-json\/wp\/v2\/pages"}],"about":[{"href":"https:\/\/www.fluencecorp.com\/es\/wp-json\/wp\/v2\/types\/page"}],"author":[{"embeddable":true,"href":"https:\/\/www.fluencecorp.com\/es\/wp-json\/wp\/v2\/users\/1"}],"replies":[{"embeddable":true,"href":"https:\/\/www.fluencecorp.com\/es\/wp-json\/wp\/v2\/comments?post=41714"}],"version-history":[{"count":0,"href":"https:\/\/www.fluencecorp.com\/es\/wp-json\/wp\/v2\/pages\/41714\/revisions"}],"wp:featuredmedia":[{"embeddable":true,"href":"https:\/\/www.fluencecorp.com\/es\/wp-json\/wp\/v2\/media\/34297"}],"wp:attachment":[{"href":"https:\/\/www.fluencecorp.com\/es\/wp-json\/wp\/v2\/media?parent=41714"}],"wp:term":[{"taxonomy":"author","embeddable":true,"href":"https:\/\/www.fluencecorp.com\/es\/wp-json\/wp\/v2\/coauthors?post=41714"}],"curies":[{"name":"wp","href":"https:\/\/api.w.org\/{rel}","templated":true}]}}