{"id":41330,"date":"2017-12-14T15:44:23","date_gmt":"2017-12-14T20:44:23","guid":{"rendered":"https:\/\/www.fluencecorp.com\/?page_id=41330"},"modified":"2019-04-09T04:31:47","modified_gmt":"2019-04-08T18:31:47","slug":"remocion-de-mejillon-dorado","status":"publish","type":"page","link":"https:\/\/www.fluencecorp.com\/es\/remocion-de-mejillon-dorado\/","title":{"rendered":"Remoci\u00f3n de Mejill\u00f3n Dorado"},"content":{"rendered":"<p>[et_pb_section bb_built=\u00bb1&#8243; fullwidth=\u00bboff\u00bb specialty=\u00bboff\u00bb _builder_version=\u00bb3.0.61&#8243; background_color=\u00bb#f4f4f4&#8243; background_blend=\u00bbmultiply\u00bb custom_padding=\u00bb0px||0px|\u00bb next_background_color=\u00bb#ffffff\u00bb][et_pb_row _builder_version=\u00bb3.0.60&#8243; background_position_1=\u00bbtop_left\u00bb background_repeat_1=\u00bbno-repeat\u00bb custom_margin=\u00bb0px||0px|\u00bb custom_padding=\u00bb0px||0px|\u00bb][et_pb_column type=\u00bb4_4&#8243;][et_pb_text admin_label=\u00bbHeader with Grey Background\u00bb _builder_version=\u00bb3.0.91&#8243; background_layout=\u00bblight\u00bb text_font_size=\u00bb24&#8243; header_text_color=\u00bb#0b3a5d\u00bb header_font_size=\u00bb52px\u00bb text_text_color=\u00bb#778591&#8243; custom_margin=\u00bb10px||10px|\u00bb custom_padding=\u00bb44px||44px|\u00bb header_font=\u00bb|on|||\u00bb text_font_size_tablet=\u00bb16&#8243; text_font_size_last_edited=\u00bbon|phone\u00bb header_font_size_tablet=\u00bb35px\u00bb header_font_size_phone=\u00bb28px\u00bb header_font_size_last_edited=\u00bbon|phone\u00bb]<\/p>\n<h1>Remoci\u00f3n de Mejill\u00f3n Dorado<\/h1>\n<p>[\/et_pb_text][\/et_pb_column][\/et_pb_row][\/et_pb_section][et_pb_section bb_built=\u00bb1&#8243; _builder_version=\u00bb3.0.59&#8243; custom_padding=\u00bb0px||0px|\u00bb prev_background_color=\u00bb#f4f4f4&#8243;][et_pb_row][et_pb_column type=\u00bb2_3&#8243;][et_pb_text admin_label=\u00bbMain Body Text\u00bb _builder_version=\u00bb3.0.95&#8243; background_layout=\u00bblight\u00bb]<\/p>\n<p>El mejill\u00f3n dorado es una especie proveniente de Asia, fue detectado por primera vez en el R\u00edo de la Plata a principios de los 90. Su transporte desde Asia puede haberse realizado en el estado larval por medio de las embarcaciones comerciales cuyos tanques de lastre eran vaciados en los puertos de destino sin tratamiento biol\u00f3gico adecuado. Desde 1991 este molusco se ha expandido, llegando desde el R\u00edo de la Plata a lugares tan lejanos del punto de origen como C\u00f3rdoba, Paraguay, Uruguay o Sao Paulo, en Brasil, generando grandes problemas en industrias y centrales hidroel\u00e9ctricas, as\u00ed como en plantas de agua para potabilizaci\u00f3n.<\/p>\n<p>En esta especie la fertilizaci\u00f3n de la larva se produce libremente en el medio acu\u00e1tico, lo que les permite movilizarse y dirigirse a cualquier ca\u00f1er\u00eda que est\u00e9 en contacto con el r\u00edo, siendo muy dif\u00edciles de retener por filtraci\u00f3n, dado su peque\u00f1o tama\u00f1o en esta etapa del desarrollo (etapa planct\u00f3nica).<\/p>\n<p>Su alta tasa de proliferaci\u00f3n, corto ciclo de vida, temprana madurez sexual y comportamiento gregario, llevan a una r\u00e1pida formaci\u00f3n de colonias. En estas colonias las generaciones se suceden capa sobre capa a gran velocidad, generando macrofouling. Este tipo de fouling genera taponamiento y p\u00e9rdida de eficiencia por ca\u00edda de capacidad de transferencia en sistemas de enfriamiento que emplean las centrales hidroel\u00e9ctricas para su refrigeraci\u00f3n.<\/p>\n<h3>Consecuencias econ\u00f3micas:<\/h3>\n<ul>\n<li>Compromiso de las plantas hidroel\u00e9ctricas, plantas de tratamiento de aguas, alcantarillado y redes fluviales, etc.<\/li>\n<li>Oclusi\u00f3n de tomas de agua.<\/li>\n<li>Oclusi\u00f3n de filtros, reducci\u00f3n de secci\u00f3n y\/u obstrucci\u00f3n de las tuber\u00edas.<\/li>\n<li>Aumento de frecuencia y duraci\u00f3n de las paradas para limpieza y mantenimiento.<\/li>\n<li>Reducci\u00f3n de la tasa de transferencia de calor y eficiencia en los intercambiadores de calor del sistema de refrigeraci\u00f3n.<\/li>\n<li>Reducci\u00f3n de la vida de los equipos debido al aumento de la manipulaci\u00f3n durante el mantenimiento.<\/li>\n<li>Aumento de corrosi\u00f3n microbiana de materiales met\u00e1licos.<\/li>\n<\/ul>\n<p>En su etapa planct\u00f3nica el mejill\u00f3n dorado tiene un tama\u00f1o menor a 130 micrones, lo que hace que las barreras de filtraci\u00f3n convencional sean inefectivas, permitiendo la migraci\u00f3n hacia y dentro del sistema de los espec\u00edmenes j\u00f3venes.<\/p>\n<p>La desinfecci\u00f3n por radiaci\u00f3n <a href=\"https:\/\/www.fluencecorp.com\/es\/ultravioleta\/\" target=\"_blank\" rel=\"noopener noreferrer\">UV<\/a> es un m\u00e9todo proactivo, act\u00faa eliminando los huevos, y espec\u00edmenes j\u00f3venes sin adici\u00f3n de qu\u00edmicos, lo cual permite una total remoci\u00f3n del esp\u00e9cimen en el agua al combinarlo con filtraci\u00f3n (a fin de remover aquellos ya protegidos por el caparaz\u00f3n de la radiaci\u00f3n UV y la acci\u00f3n de los qu\u00edmicos).<\/p>\n<p>Los sistemas UV pueden implementarse a modo preventivo tanto en la toma de agua, a fin de evitar nuevas intrusiones, como en la recirculaci\u00f3n de la misma, para evitar la proliferaci\u00f3n de las posibles colonias.<\/p>\n<p><a href=\"https:\/\/www.fluencecorp.com\/es\/contacto\/\" target=\"_blank\" rel=\"noopener noreferrer\">Cont\u00e1ctese con nuestros expertos<\/a>para tratar los detalles de su proyecto, y para conocer c\u00f3mo nuestras soluciones pueden ayudarle a alcanzar sus metas.<\/p>\n<p>[\/et_pb_text][\/et_pb_column][et_pb_column type=\u00bb1_3&#8243;][et_pb_blurb admin_label=\u00bbWASTE-TO-ENERGY CHALLENGES &#8211; ES\u00bb _builder_version=\u00bb3.0.100&#8243; title=\u00bb\u00bfDESAF\u00cdOS DE TRATAMIENTO DE AGUAS O EFLUENTES?\u00bb url_new_window=\u00bboff\u00bb use_icon=\u00bboff\u00bb image=\u00bbhttps:\/\/www.fluencecorp.com\/wp-content\/uploads\/2017\/07\/water_treatment_02.svg\u00bb use_circle=\u00bboff\u00bb use_circle_border=\u00bboff\u00bb icon_placement=\u00bbtop\u00bb use_icon_font_size=\u00bboff\u00bb background_layout=\u00bblight\u00bb text_orientation=\u00bbcenter\u00bb use_border_color=\u00bbon\u00bb custom_padding=\u00bb30px|20px|30px|20px\u00bb module_class=\u00bbfluenceblurb\u00bb animation=\u00bboff\u00bb border_color_all=\u00bb#7fc8bd\u00bb max_width_tablet=\u00bb50px\u00bb border_radii=\u00bbon|3px|3px|3px|3px\u00bb border_width_all=\u00bb1px\u00bb]<\/p>\n<p>\u00a1Estamos para ayudarlo! Contacte Fluence para conocer m\u00e1s sobre nuestras soluciones de tratamiento de aguas y efluentes o discutir detalles espec\u00edficos de su proyecto.<\/p>\n<p><a class=\"et_pb_promo_button et_pb_button\" href=\"\/es\/contacto\/\">CONT\u00c1CTESE<\/a><\/p>\n<p>[\/et_pb_blurb][et_pb_text admin_label=\u00bbQUICK LINKS &#8211; ES\u00bb _builder_version=\u00bb3.21.4&#8243; background_color=\u00bb#f4f4f4&#8243; background_size=\u00bbinitial\u00bb background_position=\u00bbcenter_right\u00bb background_blend=\u00bboverlay\u00bb header_font_size=\u00bb20px\u00bb header_text_color=\u00bb#0b3a5d\u00bb custom_padding=\u00bb30px|30px|30px|30px\u00bb z_index_tablet=\u00bb500&#8243;]<\/p>\n<h1>ENLACES R\u00c1PIDOS<\/h1>\n<ul>\n<li><a href=\"\/es\/cases\/\">Casos de Estudio<\/a><\/li>\n<li><a href=\"\/es\/newsroom\/\">Sala de Prensa<\/a><\/li>\n<\/ul>\n<p>[\/et_pb_text][\/et_pb_column][\/et_pb_row][\/et_pb_section]<\/p>\n","protected":false},"excerpt":{"rendered":"<p>Remoci\u00f3n de Mejill\u00f3n Dorado <div class=\"et_pb_row et_pb_row_0 et_pb_row_empty\">\n\t\t\t\t\n\t\t\t\t\n\t\t\t\t\n\t\t\t\t\n\t\t\t\t\n\t\t\t<\/div> El mejill\u00f3n dorado es una especie proveniente de Asia, fue detectado por primera vez en el R\u00edo de la Plata a principios de los 90. Su transporte desde Asia puede haberse realizado en el estado larval por medio de las embarcaciones comerciales cuyos tanques de lastre eran vaciados en los [&hellip;]<\/p>\n","protected":false},"author":1,"featured_media":34297,"parent":0,"menu_order":0,"comment_status":"closed","ping_status":"closed","template":"","meta":{"_et_pb_use_builder":"on","_et_pb_old_content":"","_et_gb_content_width":"","_relevanssi_hide_post":"","_relevanssi_hide_content":"","_relevanssi_pin_for_all":"","_relevanssi_pin_keywords":"","_relevanssi_unpin_keywords":"","_relevanssi_related_keywords":"","_relevanssi_related_include_ids":"","_relevanssi_related_exclude_ids":"","_relevanssi_related_no_append":"","_relevanssi_related_not_related":"","_relevanssi_related_posts":"","_relevanssi_noindex_reason":"","inline_featured_image":false,"footnotes":"","_links_to":"","_links_to_target":""},"coauthors":[],"class_list":["post-41330","page","type-page","status-publish","has-post-thumbnail","hentry"],"yoast_head":"<!-- This site is optimized with the Yoast SEO plugin v27.3 - https:\/\/yoast.com\/product\/yoast-seo-wordpress\/ -->\n<title>Remoci\u00f3n de Mejill\u00f3n Dorado | Fluence<\/title>\n<meta name=\"description\" content=\"Conozca m\u00e1s sobre la utilizaci\u00f3n de rayos ultravioleta (UV) para remoci\u00f3n de mejill\u00f3n dorado.\" \/>\n<meta name=\"robots\" content=\"index, follow, max-snippet:-1, max-image-preview:large, max-video-preview:-1\" \/>\n<link rel=\"canonical\" href=\"https:\/\/www.fluencecorp.com\/es\/remocion-de-mejillon-dorado\/\" \/>\n<meta property=\"og:locale\" content=\"es_ES\" \/>\n<meta property=\"og:type\" content=\"article\" \/>\n<meta property=\"og:title\" content=\"Sistemas de \u00d3smosis Inversa\" \/>\n<meta property=\"og:description\" content=\"Conozca m\u00e1s sobre la utilizaci\u00f3n de rayos ultravioleta (UV) para remoci\u00f3n de mejill\u00f3n dorado.\" \/>\n<meta property=\"og:url\" content=\"https:\/\/www.fluencecorp.com\/es\/remocion-de-mejillon-dorado\/\" \/>\n<meta property=\"article:publisher\" content=\"https:\/\/www.facebook.com\/FluenceCorp\" \/>\n<meta property=\"article:modified_time\" content=\"2019-04-08T18:31:47+00:00\" \/>\n<meta property=\"og:image\" content=\"https:\/\/www.fluencecorp.com\/wp-content\/uploads\/2017\/07\/droplet-pattern.png\" \/>\n\t<meta property=\"og:image:width\" content=\"347\" \/>\n\t<meta property=\"og:image:height\" content=\"231\" \/>\n\t<meta property=\"og:image:type\" content=\"image\/png\" \/>\n<meta name=\"twitter:card\" content=\"summary_large_image\" \/>\n<meta name=\"twitter:site\" content=\"@FluenceCorp\" \/>\n<meta name=\"twitter:label1\" content=\"Tiempo de lectura\" \/>\n\t<meta name=\"twitter:data1\" content=\"4 minutos\" \/>\n\t<meta name=\"twitter:label2\" content=\"Written by\" \/>\n\t<meta name=\"twitter:data2\" content=\"sysop\" \/>\n<script type=\"application\/ld+json\" class=\"yoast-schema-graph\">{\"@context\":\"https:\\\/\\\/schema.org\",\"@graph\":[{\"@type\":\"WebPage\",\"@id\":\"https:\\\/\\\/www.fluencecorp.com\\\/es\\\/remocion-de-mejillon-dorado\\\/\",\"url\":\"https:\\\/\\\/www.fluencecorp.com\\\/es\\\/remocion-de-mejillon-dorado\\\/\",\"name\":\"Remoci\u00f3n de Mejill\u00f3n Dorado | Fluence\",\"isPartOf\":{\"@id\":\"https:\\\/\\\/www.fluencecorp.com\\\/es\\\/#website\"},\"primaryImageOfPage\":{\"@id\":\"https:\\\/\\\/www.fluencecorp.com\\\/es\\\/remocion-de-mejillon-dorado\\\/#primaryimage\"},\"image\":{\"@id\":\"https:\\\/\\\/www.fluencecorp.com\\\/es\\\/remocion-de-mejillon-dorado\\\/#primaryimage\"},\"thumbnailUrl\":\"https:\\\/\\\/www.fluencecorp.com\\\/wp-content\\\/uploads\\\/2017\\\/07\\\/droplet-pattern.png\",\"datePublished\":\"2017-12-14T20:44:23+00:00\",\"dateModified\":\"2019-04-08T18:31:47+00:00\",\"description\":\"Conozca m\u00e1s sobre la utilizaci\u00f3n de rayos ultravioleta (UV) para remoci\u00f3n de mejill\u00f3n dorado.\",\"breadcrumb\":{\"@id\":\"https:\\\/\\\/www.fluencecorp.com\\\/es\\\/remocion-de-mejillon-dorado\\\/#breadcrumb\"},\"inLanguage\":\"es\",\"potentialAction\":[{\"@type\":\"ReadAction\",\"target\":[\"https:\\\/\\\/www.fluencecorp.com\\\/es\\\/remocion-de-mejillon-dorado\\\/\"]}]},{\"@type\":\"ImageObject\",\"inLanguage\":\"es\",\"@id\":\"https:\\\/\\\/www.fluencecorp.com\\\/es\\\/remocion-de-mejillon-dorado\\\/#primaryimage\",\"url\":\"https:\\\/\\\/www.fluencecorp.com\\\/wp-content\\\/uploads\\\/2017\\\/07\\\/droplet-pattern.png\",\"contentUrl\":\"https:\\\/\\\/www.fluencecorp.com\\\/wp-content\\\/uploads\\\/2017\\\/07\\\/droplet-pattern.png\",\"width\":347,\"height\":231},{\"@type\":\"BreadcrumbList\",\"@id\":\"https:\\\/\\\/www.fluencecorp.com\\\/es\\\/remocion-de-mejillon-dorado\\\/#breadcrumb\",\"itemListElement\":[{\"@type\":\"ListItem\",\"position\":1,\"name\":\"Home\",\"item\":\"https:\\\/\\\/www.fluencecorp.com\\\/es\\\/\"},{\"@type\":\"ListItem\",\"position\":2,\"name\":\"Remoci\u00f3n de Mejill\u00f3n Dorado\"}]},{\"@type\":\"WebSite\",\"@id\":\"https:\\\/\\\/www.fluencecorp.com\\\/es\\\/#website\",\"url\":\"https:\\\/\\\/www.fluencecorp.com\\\/es\\\/\",\"name\":\"Fluence Corporation\",\"description\":\"\",\"publisher\":{\"@id\":\"https:\\\/\\\/www.fluencecorp.com\\\/es\\\/#organization\"},\"potentialAction\":[{\"@type\":\"SearchAction\",\"target\":{\"@type\":\"EntryPoint\",\"urlTemplate\":\"https:\\\/\\\/www.fluencecorp.com\\\/es\\\/?s={search_term_string}\"},\"query-input\":{\"@type\":\"PropertyValueSpecification\",\"valueRequired\":true,\"valueName\":\"search_term_string\"}}],\"inLanguage\":\"es\"},{\"@type\":\"Organization\",\"@id\":\"https:\\\/\\\/www.fluencecorp.com\\\/es\\\/#organization\",\"name\":\"Fluence\",\"url\":\"https:\\\/\\\/www.fluencecorp.com\\\/es\\\/\",\"logo\":{\"@type\":\"ImageObject\",\"inLanguage\":\"es\",\"@id\":\"https:\\\/\\\/www.fluencecorp.com\\\/es\\\/#\\\/schema\\\/logo\\\/image\\\/\",\"url\":\"https:\\\/\\\/www.fluencecorp.com\\\/wp-content\\\/uploads\\\/2018\\\/03\\\/fluence-seo-logo.png\",\"contentUrl\":\"https:\\\/\\\/www.fluencecorp.com\\\/wp-content\\\/uploads\\\/2018\\\/03\\\/fluence-seo-logo.png\",\"width\":523,\"height\":181,\"caption\":\"Fluence\"},\"image\":{\"@id\":\"https:\\\/\\\/www.fluencecorp.com\\\/es\\\/#\\\/schema\\\/logo\\\/image\\\/\"},\"sameAs\":[\"https:\\\/\\\/www.facebook.com\\\/FluenceCorp\",\"https:\\\/\\\/x.com\\\/FluenceCorp\",\"https:\\\/\\\/www.linkedin.com\\\/company-beta\\\/18150486\\\/\"]}]}<\/script>\n<!-- \/ Yoast SEO plugin. -->","yoast_head_json":{"title":"Remoci\u00f3n de Mejill\u00f3n Dorado | Fluence","description":"Conozca m\u00e1s sobre la utilizaci\u00f3n de rayos ultravioleta (UV) para remoci\u00f3n de mejill\u00f3n dorado.","robots":{"index":"index","follow":"follow","max-snippet":"max-snippet:-1","max-image-preview":"max-image-preview:large","max-video-preview":"max-video-preview:-1"},"canonical":"https:\/\/www.fluencecorp.com\/es\/remocion-de-mejillon-dorado\/","og_locale":"es_ES","og_type":"article","og_title":"Sistemas de \u00d3smosis Inversa","og_description":"Conozca m\u00e1s sobre la utilizaci\u00f3n de rayos ultravioleta (UV) para remoci\u00f3n de mejill\u00f3n dorado.","og_url":"https:\/\/www.fluencecorp.com\/es\/remocion-de-mejillon-dorado\/","article_publisher":"https:\/\/www.facebook.com\/FluenceCorp","article_modified_time":"2019-04-08T18:31:47+00:00","og_image":[{"width":347,"height":231,"url":"https:\/\/www.fluencecorp.com\/wp-content\/uploads\/2017\/07\/droplet-pattern.png","type":"image\/png"}],"twitter_card":"summary_large_image","twitter_site":"@FluenceCorp","twitter_misc":{"Tiempo de lectura":"4 minutos","Written by":"sysop"},"schema":{"@context":"https:\/\/schema.org","@graph":[{"@type":"WebPage","@id":"https:\/\/www.fluencecorp.com\/es\/remocion-de-mejillon-dorado\/","url":"https:\/\/www.fluencecorp.com\/es\/remocion-de-mejillon-dorado\/","name":"Remoci\u00f3n de Mejill\u00f3n Dorado | Fluence","isPartOf":{"@id":"https:\/\/www.fluencecorp.com\/es\/#website"},"primaryImageOfPage":{"@id":"https:\/\/www.fluencecorp.com\/es\/remocion-de-mejillon-dorado\/#primaryimage"},"image":{"@id":"https:\/\/www.fluencecorp.com\/es\/remocion-de-mejillon-dorado\/#primaryimage"},"thumbnailUrl":"https:\/\/www.fluencecorp.com\/wp-content\/uploads\/2017\/07\/droplet-pattern.png","datePublished":"2017-12-14T20:44:23+00:00","dateModified":"2019-04-08T18:31:47+00:00","description":"Conozca m\u00e1s sobre la utilizaci\u00f3n de rayos ultravioleta (UV) para remoci\u00f3n de mejill\u00f3n dorado.","breadcrumb":{"@id":"https:\/\/www.fluencecorp.com\/es\/remocion-de-mejillon-dorado\/#breadcrumb"},"inLanguage":"es","potentialAction":[{"@type":"ReadAction","target":["https:\/\/www.fluencecorp.com\/es\/remocion-de-mejillon-dorado\/"]}]},{"@type":"ImageObject","inLanguage":"es","@id":"https:\/\/www.fluencecorp.com\/es\/remocion-de-mejillon-dorado\/#primaryimage","url":"https:\/\/www.fluencecorp.com\/wp-content\/uploads\/2017\/07\/droplet-pattern.png","contentUrl":"https:\/\/www.fluencecorp.com\/wp-content\/uploads\/2017\/07\/droplet-pattern.png","width":347,"height":231},{"@type":"BreadcrumbList","@id":"https:\/\/www.fluencecorp.com\/es\/remocion-de-mejillon-dorado\/#breadcrumb","itemListElement":[{"@type":"ListItem","position":1,"name":"Home","item":"https:\/\/www.fluencecorp.com\/es\/"},{"@type":"ListItem","position":2,"name":"Remoci\u00f3n de Mejill\u00f3n Dorado"}]},{"@type":"WebSite","@id":"https:\/\/www.fluencecorp.com\/es\/#website","url":"https:\/\/www.fluencecorp.com\/es\/","name":"Fluence Corporation","description":"","publisher":{"@id":"https:\/\/www.fluencecorp.com\/es\/#organization"},"potentialAction":[{"@type":"SearchAction","target":{"@type":"EntryPoint","urlTemplate":"https:\/\/www.fluencecorp.com\/es\/?s={search_term_string}"},"query-input":{"@type":"PropertyValueSpecification","valueRequired":true,"valueName":"search_term_string"}}],"inLanguage":"es"},{"@type":"Organization","@id":"https:\/\/www.fluencecorp.com\/es\/#organization","name":"Fluence","url":"https:\/\/www.fluencecorp.com\/es\/","logo":{"@type":"ImageObject","inLanguage":"es","@id":"https:\/\/www.fluencecorp.com\/es\/#\/schema\/logo\/image\/","url":"https:\/\/www.fluencecorp.com\/wp-content\/uploads\/2018\/03\/fluence-seo-logo.png","contentUrl":"https:\/\/www.fluencecorp.com\/wp-content\/uploads\/2018\/03\/fluence-seo-logo.png","width":523,"height":181,"caption":"Fluence"},"image":{"@id":"https:\/\/www.fluencecorp.com\/es\/#\/schema\/logo\/image\/"},"sameAs":["https:\/\/www.facebook.com\/FluenceCorp","https:\/\/x.com\/FluenceCorp","https:\/\/www.linkedin.com\/company-beta\/18150486\/"]}]}},"_links":{"self":[{"href":"https:\/\/www.fluencecorp.com\/es\/wp-json\/wp\/v2\/pages\/41330","targetHints":{"allow":["GET"]}}],"collection":[{"href":"https:\/\/www.fluencecorp.com\/es\/wp-json\/wp\/v2\/pages"}],"about":[{"href":"https:\/\/www.fluencecorp.com\/es\/wp-json\/wp\/v2\/types\/page"}],"author":[{"embeddable":true,"href":"https:\/\/www.fluencecorp.com\/es\/wp-json\/wp\/v2\/users\/1"}],"replies":[{"embeddable":true,"href":"https:\/\/www.fluencecorp.com\/es\/wp-json\/wp\/v2\/comments?post=41330"}],"version-history":[{"count":0,"href":"https:\/\/www.fluencecorp.com\/es\/wp-json\/wp\/v2\/pages\/41330\/revisions"}],"wp:featuredmedia":[{"embeddable":true,"href":"https:\/\/www.fluencecorp.com\/es\/wp-json\/wp\/v2\/media\/34297"}],"wp:attachment":[{"href":"https:\/\/www.fluencecorp.com\/es\/wp-json\/wp\/v2\/media?parent=41330"}],"wp:term":[{"taxonomy":"author","embeddable":true,"href":"https:\/\/www.fluencecorp.com\/es\/wp-json\/wp\/v2\/coauthors?post=41330"}],"curies":[{"name":"wp","href":"https:\/\/api.w.org\/{rel}","templated":true}]}}