{"id":41327,"date":"2017-12-14T15:43:08","date_gmt":"2017-12-14T20:43:08","guid":{"rendered":"https:\/\/www.fluencecorp.com\/?page_id=41327"},"modified":"2019-04-09T04:16:37","modified_gmt":"2019-04-08T18:16:37","slug":"tratamiento-de-agua-industrial","status":"publish","type":"page","link":"https:\/\/www.fluencecorp.com\/es\/tratamiento-de-agua-industrial\/","title":{"rendered":"Tratamiento de Agua Industrial"},"content":{"rendered":"<p>[et_pb_section bb_built=\u00bb1&#8243; fullwidth=\u00bboff\u00bb specialty=\u00bboff\u00bb _builder_version=\u00bb3.0.61&#8243; background_color=\u00bb#f4f4f4&#8243; background_blend=\u00bbmultiply\u00bb custom_padding=\u00bb0px||0px|\u00bb next_background_color=\u00bb#ffffff\u00bb][et_pb_row _builder_version=\u00bb3.0.60&#8243; background_position_1=\u00bbtop_left\u00bb background_repeat_1=\u00bbno-repeat\u00bb custom_margin=\u00bb0px||0px|\u00bb custom_padding=\u00bb0px||0px|\u00bb][et_pb_column type=\u00bb4_4&#8243;][et_pb_text admin_label=\u00bbHeader with Grey Background\u00bb _builder_version=\u00bb3.0.91&#8243; background_layout=\u00bblight\u00bb text_font_size=\u00bb24&#8243; header_text_color=\u00bb#0b3a5d\u00bb header_font_size=\u00bb52px\u00bb text_text_color=\u00bb#778591&#8243; custom_margin=\u00bb10px||10px|\u00bb custom_padding=\u00bb44px||44px|\u00bb header_font=\u00bb|on|||\u00bb text_font_size_tablet=\u00bb16&#8243; text_font_size_last_edited=\u00bbon|phone\u00bb header_font_size_tablet=\u00bb35px\u00bb header_font_size_phone=\u00bb28px\u00bb header_font_size_last_edited=\u00bbon|phone\u00bb]<\/p>\n<h1>Tratamiento de Agua Industrial<\/h1>\n<p>[\/et_pb_text][\/et_pb_column][\/et_pb_row][\/et_pb_section][et_pb_section bb_built=\u00bb1&#8243; _builder_version=\u00bb3.0.59&#8243; custom_padding=\u00bb0px||0px|\u00bb prev_background_color=\u00bb#f4f4f4&#8243;][et_pb_row][et_pb_column type=\u00bb2_3&#8243;][et_pb_text admin_label=\u00bbMain Body Text\u00bb _builder_version=\u00bb3.0.95&#8243; background_layout=\u00bblight\u00bb]<\/p>\n<h3>Procesos Industriales<\/h3>\n<p>Las aguas naturales rara vez se encuentran en condiciones de ser utilizadas directamente en los procesos industriales, tanto si se destinan a generaci\u00f3n de vapor, se emplean como medio de refrigeraci\u00f3n, o van a ser consumidas directamente en el proceso. El contenido en impurezas, aun siendo casi siempre muy peque\u00f1o en relaci\u00f3n al volumen de agua, suele ser inadecuado o excesivo para poder emplear el agua directamente en la aplicaci\u00f3n prevista.<\/p>\n<p>Antes de poder decidir sobre el tratamiento los especialistas necesitan tener informaci\u00f3n suficiente acerca de las calidades del agua disponible y exigida en el proceso. La primera se obtendr\u00e1 realizando un an\u00e1lisis que determine todos los par\u00e1metros relevantes.<\/p>\n<p>Si el agua tiene su origen en la red municipal conviene verificar que se dispone de datos de las aguas de los distintos or\u00edgenes que puedan llegar como suministro. Cuando existen grandes dep\u00f3sitos intermedios que realizan una homogeneizaci\u00f3n de las aguas es posible que se simplifique el tratamiento. Los contenidos en materia org\u00e1nica, si los hay, pueden ser muy irregulares y conviene estar seguros de disponer de los m\u00e1ximos anuales.<\/p>\n<p>Para realizar an\u00e1lisis en el laboratorio es muy importante que las muestras obtenidas sean representativas y est\u00e9n correctamente conservadas y que los mismos se realicen dentro de los tiempos m\u00e1ximos de conservaci\u00f3n.<\/p>\n<p>Un factor muy importante en la decisi\u00f3n es el grado de pureza requerida en el agua tratada. Mientras el coste del tratamiento es, en cierta medida, proporcional al contenido en impurezas, a partir de ciertos niveles el crecimiento de calidad en el agua tratada representar\u00e1 un incremento exponencial del coste. La calidad de salida puede ser una exigencia por razones de seguridad, una especificaci\u00f3n del proceso de fabricaci\u00f3n o simplemente una decisi\u00f3n econ\u00f3mica.<\/p>\n<p>Las aguas consumidas como materia prima de un proceso han de ser purificadas siempre de forma preliminar a su uso y mediante un tratamiento espec\u00edfico del proceso de fabricaci\u00f3n que se trate. Pero las aguas utilizadas en calderas y circuitos de refrigeraci\u00f3n tienen l\u00edneas de tratamiento bastante comunes y existen dos posibilidades, seg\u00fan se realice el tratamiento previamente a la utilizaci\u00f3n del agua o simult\u00e1neamente con la aplicaci\u00f3n.<\/p>\n<p>Lo mismo que para el agua potable, la desmineralizaci\u00f3n por \u00f3smosis inversa ha sido utilizada en varias industrias desde los a\u00f1os 60:<\/p>\n<ul>\n<li>Electr\u00f3nicas para agua ultrapura<\/li>\n<li>Farmac\u00e9uticas para aportaci\u00f3n a ba\u00f1os de di\u00e1lisis<\/li>\n<li>Alimentarias para preparaci\u00f3n de bebidas carb\u00f3nicas<\/li>\n<li>Centrales para agua de aportaci\u00f3n de calderas<\/li>\n<\/ul>\n<p>El agua ultrapura es un ejemplo t\u00edpico que ilustra la contribuci\u00f3n de las membranas al crecimiento de la industria electr\u00f3nica. La industria de los semiconductores ha requerido ampliamente agua que sea qu\u00edmica, f\u00edsica y biol\u00f3gicamente muy pura; por otra parte, la miniaturizaci\u00f3n extremadamente avanzada de los componentes y circuitos integrados ha tra\u00eddo consigo una normativa m\u00e1s exigente sobre la calidad del agua ultrapura. La parte qu\u00edmica de estas normas ha evolucionado de forma ligera (18 Mohms\/cm est\u00e1 muy cerca del l\u00edmite te\u00f3rico). Los requerimientos de los caracteres f\u00edsicos y biol\u00f3gicos se han vuelto mucho m\u00e1s estrictos.<\/p>\n<p>El carbono org\u00e1nico total (COT) debe reducirse a 50 \u00b5g\/l e incluso a 20 \u00b5g\/l en vez de a los 0,5 a 1 mg\/l previos.<\/p>\n<p>El n\u00famero de bacterias debe ser menor de 10 por litro.<\/p>\n<p>El tama\u00f1o de las part\u00edculas tomadas en consideraci\u00f3n ha sido de 0,5 a 0,1 e incluso a 0,05 microM.<\/p>\n<p>En procesos t\u00edpicos de tratamiento, las membranas se combinan con otros tratamientos m\u00e1s convencionales para dar al sistema una fiabilidad excepcional, incluso con aguas de alimentaci\u00f3n, cuya composici\u00f3n es cambiante con el tiempo y no es totalmente conocida.<\/p>\n<p>Los compuestos inorg\u00e1nicos en disoluci\u00f3n se eliminan hasta un nivel del 90% al 95% del contenido inicial mediante \u00f3smosis inversa. Debe puntualizarse que un permeado absolutamente exento de sales no puede producirse por esta t\u00e9cnica. Sin embargo, la \u00f3smosis inversa descarga a los intercambiadores i\u00f3nicos localizados, aguas abajo. Esto es muy importante, ya que la regeneraci\u00f3n de los intercambiadores i\u00f3nicos introduce impurezas.<\/p>\n<p>La poluci\u00f3n por part\u00edculas, la org\u00e1nica y la bacteriol\u00f3gica se tratan mediante una combinaci\u00f3n de dos tipos de procesos:<\/p>\n<p>Procesos de desinfecci\u00f3n\/oxidaci\u00f3n (<a href=\"https:\/\/www.fluencecorp.com\/es\/generadores-de-ozono\/\" target=\"_blank\" rel=\"noopener noreferrer\">ozono<\/a> y radiaci\u00f3n <a href=\"https:\/\/www.fluencecorp.com\/es\/ultravioleta\/\" target=\"_blank\" rel=\"noopener noreferrer\">ultravioleta<\/a>) que destruyen las bacterias y oxidan la materia org\u00e1nica.<\/p>\n<p>Procesos de membrana que eliminan las part\u00edculas y la poluci\u00f3n org\u00e1nica.<\/p>\n<p>La <a href=\"https:\/\/www.fluencecorp.com\/es\/microfiltracion\/\" target=\"_blank\" rel=\"noopener noreferrer\">microfiltraci\u00f3n<\/a> (mediante cartuchos) se usa en tres puntos del diagrama de flujos:<\/p>\n<p>Como precauci\u00f3n de seguridad aguas arriba del tratamiento por <a href=\"https:\/\/www.fluencecorp.com\/es\/sistemas-osmosis-inversa\/\" target=\"_blank\" rel=\"noopener noreferrer\">\u00f3smosis inversa<\/a> de agua de aportaci\u00f3n.<\/p>\n<p>Aguas abajo de los intercambiadores i\u00f3nicos para retener todo lo posible los finos de las resinas.<\/p>\n<p>En el lugar de utilizaci\u00f3n para retener bacterias y part\u00edculas.<\/p>\n<p>La <a href=\"https:\/\/www.fluencecorp.com\/es\/ultrafiltracion\/\" target=\"_blank\" rel=\"noopener noreferrer\">ultrafiltraci\u00f3n<\/a> se usa en el bucle de producci\u00f3n y al final del tratamiento para detener virus, macromol\u00e9culas (incluso pat\u00f3genas) y part\u00edculas. Las plantas m\u00e1s modernas han adoptado la ultrafiltraci\u00f3n en vez de la microfiltraci\u00f3n en el punto de utilizaci\u00f3n (del agua).<\/p>\n<p>La \u00f3smosis inversa se est\u00e1 usando m\u00e1s y m\u00e1s cada vez en el bucle de producci\u00f3n en vez de ultrafiltraci\u00f3n o microfiltraci\u00f3n para reducir la poluci\u00f3n de materia org\u00e1nica disuelta (MOD).<\/p>\n<p><a href=\"https:\/\/www.fluencecorp.com\/es\/contacto\/\" target=\"_blank\" rel=\"noopener noreferrer\">Cont\u00e1ctese con nuestros expertos<\/a>para tratar los detalles de su proyecto, y para conocer c\u00f3mo nuestras soluciones pueden ayudarle a alcanzar sus metas.<\/p>\n<p>[\/et_pb_text][\/et_pb_column][et_pb_column type=\u00bb1_3&#8243;][et_pb_blurb admin_label=\u00bbWASTE-TO-ENERGY CHALLENGES &#8211; ES\u00bb _builder_version=\u00bb3.0.100&#8243; title=\u00bb\u00bfDESAF\u00cdOS DE TRATAMIENTO DE AGUAS?\u00bb url_new_window=\u00bboff\u00bb use_icon=\u00bboff\u00bb image=\u00bbhttps:\/\/www.fluencecorp.com\/wp-content\/uploads\/2017\/07\/water_treatment_02.svg\u00bb use_circle=\u00bboff\u00bb use_circle_border=\u00bboff\u00bb icon_placement=\u00bbtop\u00bb use_icon_font_size=\u00bboff\u00bb background_layout=\u00bblight\u00bb text_orientation=\u00bbcenter\u00bb use_border_color=\u00bbon\u00bb custom_padding=\u00bb30px|20px|30px|20px\u00bb module_class=\u00bbfluenceblurb\u00bb animation=\u00bboff\u00bb border_color_all=\u00bb#7fc8bd\u00bb border_width_all=\u00bb1px\u00bb max_width_tablet=\u00bb50px\u00bb border_radii=\u00bbon|3px|3px|3px|3px\u00bb]<\/p>\n<p>\u00a1Estamos para ayudarlo! Contacte Fluence para conocer m\u00e1s sobre nuestras soluciones de tratamiento de aguas o discutir detalles espec\u00edficos de su proyecto.<\/p>\n<p><a class=\"et_pb_promo_button et_pb_button\" href=\"\/es\/contacto\/\">CONT\u00c1CTESE<\/a><\/p>\n<p>[\/et_pb_blurb][et_pb_text admin_label=\u00bbQUICK LINKS &#8211; ES\u00bb _builder_version=\u00bb3.21.4&#8243; background_color=\u00bb#f4f4f4&#8243; background_size=\u00bbinitial\u00bb background_position=\u00bbcenter_right\u00bb background_blend=\u00bboverlay\u00bb header_font_size=\u00bb20px\u00bb header_text_color=\u00bb#0b3a5d\u00bb custom_padding=\u00bb30px|30px|30px|30px\u00bb z_index_tablet=\u00bb500&#8243;]<\/p>\n<h1>ENLACES R\u00c1PIDOS<\/h1>\n<ul>\n<li><a href=\"\/es\/cases\/\">Casos de Estudio<\/a><\/li>\n<li><a href=\"\/es\/newsroom\/\">Sala de Prensa<\/a><\/li>\n<\/ul>\n<p>[\/et_pb_text][\/et_pb_column][\/et_pb_row][\/et_pb_section]<\/p>\n","protected":false},"excerpt":{"rendered":"<p>Tratamiento de Agua Industrial <div class=\"et_pb_row et_pb_row_0 et_pb_row_empty\">\n\t\t\t\t\n\t\t\t\t\n\t\t\t\t\n\t\t\t\t\n\t\t\t\t\n\t\t\t<\/div> Procesos Industriales Las aguas naturales rara vez se encuentran en condiciones de ser utilizadas directamente en los procesos industriales, tanto si se destinan a generaci\u00f3n de vapor, se emplean como medio de refrigeraci\u00f3n, o van a ser consumidas directamente en el proceso. El contenido en impurezas, aun siendo casi siempre [&hellip;]<\/p>\n","protected":false},"author":1,"featured_media":34297,"parent":0,"menu_order":0,"comment_status":"closed","ping_status":"closed","template":"","meta":{"_et_pb_use_builder":"on","_et_pb_old_content":"","_et_gb_content_width":"","_relevanssi_hide_post":"","_relevanssi_hide_content":"","_relevanssi_pin_for_all":"","_relevanssi_pin_keywords":"","_relevanssi_unpin_keywords":"","_relevanssi_related_keywords":"","_relevanssi_related_include_ids":"","_relevanssi_related_exclude_ids":"","_relevanssi_related_no_append":"","_relevanssi_related_not_related":"","_relevanssi_related_posts":"","_relevanssi_noindex_reason":"","inline_featured_image":false,"footnotes":"","_links_to":"","_links_to_target":""},"coauthors":[],"class_list":["post-41327","page","type-page","status-publish","has-post-thumbnail","hentry"],"yoast_head":"<!-- This site is optimized with the Yoast SEO plugin v27.5 - https:\/\/yoast.com\/product\/yoast-seo-wordpress\/ -->\n<title>Tratamiento de Agua Industrial | Fluence<\/title>\n<meta name=\"description\" content=\"Conozca m\u00e1s sobre las opciones de tratamiento de agua industrial: \u00f3smosis inversa, microfiltraci\u00f3n, nanofiltraci\u00f3n.\" \/>\n<meta name=\"robots\" content=\"index, follow, max-snippet:-1, max-image-preview:large, max-video-preview:-1\" \/>\n<link rel=\"canonical\" href=\"https:\/\/www.fluencecorp.com\/es\/tratamiento-de-agua-industrial\/\" \/>\n<meta property=\"og:locale\" content=\"es_ES\" \/>\n<meta property=\"og:type\" content=\"article\" \/>\n<meta property=\"og:title\" content=\"Sistemas de \u00d3smosis Inversa\" \/>\n<meta property=\"og:description\" content=\"Conozca m\u00e1s sobre las opciones de tratamiento de agua industrial: \u00f3smosis inversa, microfiltraci\u00f3n, nanofiltraci\u00f3n.\" \/>\n<meta property=\"og:url\" content=\"https:\/\/www.fluencecorp.com\/es\/tratamiento-de-agua-industrial\/\" \/>\n<meta property=\"article:publisher\" content=\"https:\/\/www.facebook.com\/FluenceCorp\" \/>\n<meta property=\"article:modified_time\" content=\"2019-04-08T18:16:37+00:00\" \/>\n<meta property=\"og:image\" content=\"https:\/\/www.fluencecorp.com\/wp-content\/uploads\/2017\/07\/droplet-pattern.png\" \/>\n\t<meta property=\"og:image:width\" content=\"347\" \/>\n\t<meta property=\"og:image:height\" content=\"231\" \/>\n\t<meta property=\"og:image:type\" content=\"image\/png\" \/>\n<meta name=\"twitter:card\" content=\"summary_large_image\" \/>\n<meta name=\"twitter:site\" content=\"@FluenceCorp\" \/>\n<meta name=\"twitter:label1\" content=\"Tiempo de lectura\" \/>\n\t<meta name=\"twitter:data1\" content=\"7 minutos\" \/>\n\t<meta name=\"twitter:label2\" content=\"Written by\" \/>\n\t<meta name=\"twitter:data2\" content=\"sysop\" \/>\n<script type=\"application\/ld+json\" class=\"yoast-schema-graph\">{\"@context\":\"https:\\\/\\\/schema.org\",\"@graph\":[{\"@type\":\"WebPage\",\"@id\":\"https:\\\/\\\/www.fluencecorp.com\\\/es\\\/tratamiento-de-agua-industrial\\\/\",\"url\":\"https:\\\/\\\/www.fluencecorp.com\\\/es\\\/tratamiento-de-agua-industrial\\\/\",\"name\":\"Tratamiento de Agua Industrial | Fluence\",\"isPartOf\":{\"@id\":\"https:\\\/\\\/www.fluencecorp.com\\\/es\\\/#website\"},\"primaryImageOfPage\":{\"@id\":\"https:\\\/\\\/www.fluencecorp.com\\\/es\\\/tratamiento-de-agua-industrial\\\/#primaryimage\"},\"image\":{\"@id\":\"https:\\\/\\\/www.fluencecorp.com\\\/es\\\/tratamiento-de-agua-industrial\\\/#primaryimage\"},\"thumbnailUrl\":\"https:\\\/\\\/www.fluencecorp.com\\\/wp-content\\\/uploads\\\/2017\\\/07\\\/droplet-pattern.png\",\"datePublished\":\"2017-12-14T20:43:08+00:00\",\"dateModified\":\"2019-04-08T18:16:37+00:00\",\"description\":\"Conozca m\u00e1s sobre las opciones de tratamiento de agua industrial: \u00f3smosis inversa, microfiltraci\u00f3n, nanofiltraci\u00f3n.\",\"breadcrumb\":{\"@id\":\"https:\\\/\\\/www.fluencecorp.com\\\/es\\\/tratamiento-de-agua-industrial\\\/#breadcrumb\"},\"inLanguage\":\"es\",\"potentialAction\":[{\"@type\":\"ReadAction\",\"target\":[\"https:\\\/\\\/www.fluencecorp.com\\\/es\\\/tratamiento-de-agua-industrial\\\/\"]}]},{\"@type\":\"ImageObject\",\"inLanguage\":\"es\",\"@id\":\"https:\\\/\\\/www.fluencecorp.com\\\/es\\\/tratamiento-de-agua-industrial\\\/#primaryimage\",\"url\":\"https:\\\/\\\/www.fluencecorp.com\\\/wp-content\\\/uploads\\\/2017\\\/07\\\/droplet-pattern.png\",\"contentUrl\":\"https:\\\/\\\/www.fluencecorp.com\\\/wp-content\\\/uploads\\\/2017\\\/07\\\/droplet-pattern.png\",\"width\":347,\"height\":231},{\"@type\":\"BreadcrumbList\",\"@id\":\"https:\\\/\\\/www.fluencecorp.com\\\/es\\\/tratamiento-de-agua-industrial\\\/#breadcrumb\",\"itemListElement\":[{\"@type\":\"ListItem\",\"position\":1,\"name\":\"Home\",\"item\":\"https:\\\/\\\/www.fluencecorp.com\\\/es\\\/\"},{\"@type\":\"ListItem\",\"position\":2,\"name\":\"Tratamiento de Agua Industrial\"}]},{\"@type\":\"WebSite\",\"@id\":\"https:\\\/\\\/www.fluencecorp.com\\\/es\\\/#website\",\"url\":\"https:\\\/\\\/www.fluencecorp.com\\\/es\\\/\",\"name\":\"Fluence Corporation\",\"description\":\"\",\"publisher\":{\"@id\":\"https:\\\/\\\/www.fluencecorp.com\\\/es\\\/#organization\"},\"potentialAction\":[{\"@type\":\"SearchAction\",\"target\":{\"@type\":\"EntryPoint\",\"urlTemplate\":\"https:\\\/\\\/www.fluencecorp.com\\\/es\\\/?s={search_term_string}\"},\"query-input\":{\"@type\":\"PropertyValueSpecification\",\"valueRequired\":true,\"valueName\":\"search_term_string\"}}],\"inLanguage\":\"es\"},{\"@type\":\"Organization\",\"@id\":\"https:\\\/\\\/www.fluencecorp.com\\\/es\\\/#organization\",\"name\":\"Fluence\",\"url\":\"https:\\\/\\\/www.fluencecorp.com\\\/es\\\/\",\"logo\":{\"@type\":\"ImageObject\",\"inLanguage\":\"es\",\"@id\":\"https:\\\/\\\/www.fluencecorp.com\\\/es\\\/#\\\/schema\\\/logo\\\/image\\\/\",\"url\":\"https:\\\/\\\/www.fluencecorp.com\\\/wp-content\\\/uploads\\\/2018\\\/03\\\/fluence-seo-logo.png\",\"contentUrl\":\"https:\\\/\\\/www.fluencecorp.com\\\/wp-content\\\/uploads\\\/2018\\\/03\\\/fluence-seo-logo.png\",\"width\":523,\"height\":181,\"caption\":\"Fluence\"},\"image\":{\"@id\":\"https:\\\/\\\/www.fluencecorp.com\\\/es\\\/#\\\/schema\\\/logo\\\/image\\\/\"},\"sameAs\":[\"https:\\\/\\\/www.facebook.com\\\/FluenceCorp\",\"https:\\\/\\\/x.com\\\/FluenceCorp\",\"https:\\\/\\\/www.linkedin.com\\\/company-beta\\\/18150486\\\/\"]}]}<\/script>\n<!-- \/ Yoast SEO plugin. -->","yoast_head_json":{"title":"Tratamiento de Agua Industrial | Fluence","description":"Conozca m\u00e1s sobre las opciones de tratamiento de agua industrial: \u00f3smosis inversa, microfiltraci\u00f3n, nanofiltraci\u00f3n.","robots":{"index":"index","follow":"follow","max-snippet":"max-snippet:-1","max-image-preview":"max-image-preview:large","max-video-preview":"max-video-preview:-1"},"canonical":"https:\/\/www.fluencecorp.com\/es\/tratamiento-de-agua-industrial\/","og_locale":"es_ES","og_type":"article","og_title":"Sistemas de \u00d3smosis Inversa","og_description":"Conozca m\u00e1s sobre las opciones de tratamiento de agua industrial: \u00f3smosis inversa, microfiltraci\u00f3n, nanofiltraci\u00f3n.","og_url":"https:\/\/www.fluencecorp.com\/es\/tratamiento-de-agua-industrial\/","article_publisher":"https:\/\/www.facebook.com\/FluenceCorp","article_modified_time":"2019-04-08T18:16:37+00:00","og_image":[{"width":347,"height":231,"url":"https:\/\/www.fluencecorp.com\/wp-content\/uploads\/2017\/07\/droplet-pattern.png","type":"image\/png"}],"twitter_card":"summary_large_image","twitter_site":"@FluenceCorp","twitter_misc":{"Tiempo de lectura":"7 minutos","Written by":"sysop"},"schema":{"@context":"https:\/\/schema.org","@graph":[{"@type":"WebPage","@id":"https:\/\/www.fluencecorp.com\/es\/tratamiento-de-agua-industrial\/","url":"https:\/\/www.fluencecorp.com\/es\/tratamiento-de-agua-industrial\/","name":"Tratamiento de Agua Industrial | Fluence","isPartOf":{"@id":"https:\/\/www.fluencecorp.com\/es\/#website"},"primaryImageOfPage":{"@id":"https:\/\/www.fluencecorp.com\/es\/tratamiento-de-agua-industrial\/#primaryimage"},"image":{"@id":"https:\/\/www.fluencecorp.com\/es\/tratamiento-de-agua-industrial\/#primaryimage"},"thumbnailUrl":"https:\/\/www.fluencecorp.com\/wp-content\/uploads\/2017\/07\/droplet-pattern.png","datePublished":"2017-12-14T20:43:08+00:00","dateModified":"2019-04-08T18:16:37+00:00","description":"Conozca m\u00e1s sobre las opciones de tratamiento de agua industrial: \u00f3smosis inversa, microfiltraci\u00f3n, nanofiltraci\u00f3n.","breadcrumb":{"@id":"https:\/\/www.fluencecorp.com\/es\/tratamiento-de-agua-industrial\/#breadcrumb"},"inLanguage":"es","potentialAction":[{"@type":"ReadAction","target":["https:\/\/www.fluencecorp.com\/es\/tratamiento-de-agua-industrial\/"]}]},{"@type":"ImageObject","inLanguage":"es","@id":"https:\/\/www.fluencecorp.com\/es\/tratamiento-de-agua-industrial\/#primaryimage","url":"https:\/\/www.fluencecorp.com\/wp-content\/uploads\/2017\/07\/droplet-pattern.png","contentUrl":"https:\/\/www.fluencecorp.com\/wp-content\/uploads\/2017\/07\/droplet-pattern.png","width":347,"height":231},{"@type":"BreadcrumbList","@id":"https:\/\/www.fluencecorp.com\/es\/tratamiento-de-agua-industrial\/#breadcrumb","itemListElement":[{"@type":"ListItem","position":1,"name":"Home","item":"https:\/\/www.fluencecorp.com\/es\/"},{"@type":"ListItem","position":2,"name":"Tratamiento de Agua Industrial"}]},{"@type":"WebSite","@id":"https:\/\/www.fluencecorp.com\/es\/#website","url":"https:\/\/www.fluencecorp.com\/es\/","name":"Fluence Corporation","description":"","publisher":{"@id":"https:\/\/www.fluencecorp.com\/es\/#organization"},"potentialAction":[{"@type":"SearchAction","target":{"@type":"EntryPoint","urlTemplate":"https:\/\/www.fluencecorp.com\/es\/?s={search_term_string}"},"query-input":{"@type":"PropertyValueSpecification","valueRequired":true,"valueName":"search_term_string"}}],"inLanguage":"es"},{"@type":"Organization","@id":"https:\/\/www.fluencecorp.com\/es\/#organization","name":"Fluence","url":"https:\/\/www.fluencecorp.com\/es\/","logo":{"@type":"ImageObject","inLanguage":"es","@id":"https:\/\/www.fluencecorp.com\/es\/#\/schema\/logo\/image\/","url":"https:\/\/www.fluencecorp.com\/wp-content\/uploads\/2018\/03\/fluence-seo-logo.png","contentUrl":"https:\/\/www.fluencecorp.com\/wp-content\/uploads\/2018\/03\/fluence-seo-logo.png","width":523,"height":181,"caption":"Fluence"},"image":{"@id":"https:\/\/www.fluencecorp.com\/es\/#\/schema\/logo\/image\/"},"sameAs":["https:\/\/www.facebook.com\/FluenceCorp","https:\/\/x.com\/FluenceCorp","https:\/\/www.linkedin.com\/company-beta\/18150486\/"]}]}},"_links":{"self":[{"href":"https:\/\/www.fluencecorp.com\/es\/wp-json\/wp\/v2\/pages\/41327","targetHints":{"allow":["GET"]}}],"collection":[{"href":"https:\/\/www.fluencecorp.com\/es\/wp-json\/wp\/v2\/pages"}],"about":[{"href":"https:\/\/www.fluencecorp.com\/es\/wp-json\/wp\/v2\/types\/page"}],"author":[{"embeddable":true,"href":"https:\/\/www.fluencecorp.com\/es\/wp-json\/wp\/v2\/users\/1"}],"replies":[{"embeddable":true,"href":"https:\/\/www.fluencecorp.com\/es\/wp-json\/wp\/v2\/comments?post=41327"}],"version-history":[{"count":0,"href":"https:\/\/www.fluencecorp.com\/es\/wp-json\/wp\/v2\/pages\/41327\/revisions"}],"wp:featuredmedia":[{"embeddable":true,"href":"https:\/\/www.fluencecorp.com\/es\/wp-json\/wp\/v2\/media\/34297"}],"wp:attachment":[{"href":"https:\/\/www.fluencecorp.com\/es\/wp-json\/wp\/v2\/media?parent=41327"}],"wp:term":[{"taxonomy":"author","embeddable":true,"href":"https:\/\/www.fluencecorp.com\/es\/wp-json\/wp\/v2\/coauthors?post=41327"}],"curies":[{"name":"wp","href":"https:\/\/api.w.org\/{rel}","templated":true}]}}