{"id":41323,"date":"2017-12-14T15:40:41","date_gmt":"2017-12-14T20:40:41","guid":{"rendered":"https:\/\/www.fluencecorp.com\/?page_id=41323"},"modified":"2019-04-09T04:14:47","modified_gmt":"2019-04-08T18:14:47","slug":"tratamiento-de-agua-para-cogeneracion","status":"publish","type":"page","link":"https:\/\/www.fluencecorp.com\/es\/tratamiento-de-agua-para-cogeneracion\/","title":{"rendered":"Tratamiento de Agua para Cogeneraci\u00f3n"},"content":{"rendered":"<p>[et_pb_section bb_built=\u00bb1&#8243; fullwidth=\u00bboff\u00bb specialty=\u00bboff\u00bb _builder_version=\u00bb3.0.61&#8243; background_color=\u00bb#f4f4f4&#8243; background_blend=\u00bbmultiply\u00bb custom_padding=\u00bb0px||0px|\u00bb next_background_color=\u00bb#ffffff\u00bb][et_pb_row _builder_version=\u00bb3.0.60&#8243; background_position_1=\u00bbtop_left\u00bb background_repeat_1=\u00bbno-repeat\u00bb custom_margin=\u00bb0px||0px|\u00bb custom_padding=\u00bb0px||0px|\u00bb][et_pb_column type=\u00bb4_4&#8243;][et_pb_text admin_label=\u00bbHeader with Grey Background\u00bb _builder_version=\u00bb3.0.91&#8243; background_layout=\u00bblight\u00bb text_font_size=\u00bb24&#8243; header_text_color=\u00bb#0b3a5d\u00bb header_font_size=\u00bb52px\u00bb text_text_color=\u00bb#778591&#8243; custom_margin=\u00bb10px||10px|\u00bb custom_padding=\u00bb44px||44px|\u00bb header_font=\u00bb|on|||\u00bb text_font_size_tablet=\u00bb16&#8243; text_font_size_last_edited=\u00bbon|phone\u00bb header_font_size_tablet=\u00bb35px\u00bb header_font_size_phone=\u00bb28px\u00bb header_font_size_last_edited=\u00bbon|phone\u00bb]<\/p>\n<h1>Tratamiento de Agua para Cogeneraci\u00f3n<\/h1>\n<p>[\/et_pb_text][\/et_pb_column][\/et_pb_row][\/et_pb_section][et_pb_section bb_built=\u00bb1&#8243; _builder_version=\u00bb3.0.59&#8243; custom_padding=\u00bb0px||0px|\u00bb prev_background_color=\u00bb#f4f4f4&#8243;][et_pb_row][et_pb_column type=\u00bb2_3&#8243;][et_pb_text admin_label=\u00bbMain Body Text\u00bb _builder_version=\u00bb3.0.95&#8243; background_layout=\u00bblight\u00bb]<\/p>\n<h3>Tratamiento de Agua Para Calderas de Alta Presi\u00f3n<\/h3>\n<p>Los principales problemas a considerar para este tipo de aplicaciones son: la prevenci\u00f3n de incrustaci\u00f3n, la protecci\u00f3n de corrosi\u00f3n y el control de paradas.<\/p>\n<table class=\"tg\">\n<tbody>\n<tr>\n<td valign=\"middle\"><b>Problema<\/b><\/td>\n<td valign=\"middle\"><b>Causa<\/b><\/td>\n<td valign=\"middle\"><b>Soluci\u00f3n<\/b><\/td>\n<\/tr>\n<tr>\n<td valign=\"middle\">Incrustaci\u00f3n, s\u00edlice, TOC<\/td>\n<td valign=\"middle\">Agua dura, evaporaci\u00f3n<\/td>\n<td valign=\"middle\"><a href=\"https:\/\/www.fluencecorp.com\/es\/ablandadores\/\" target=\"_blank\" rel=\"noopener noreferrer\">Ablandador<\/a>, \u00f3smosis inversa<\/td>\n<\/tr>\n<tr>\n<td valign=\"middle\">Corrosi\u00f3n, s\u00edlice, TOC<\/td>\n<td valign=\"middle\">Ox\u00edgeno, TDS<\/td>\n<td valign=\"middle\">\u00d3smosis inversa, bomba vac\u00edo, desgasificador<\/td>\n<\/tr>\n<tr>\n<td valign=\"middle\">Paradas frecuentes<\/td>\n<td valign=\"middle\">TDS<\/td>\n<td valign=\"middle\">\u00d3smosis inversa, intercambio I\u00f3nico<\/td>\n<\/tr>\n<\/tbody>\n<\/table>\n<p>Aunque esta descripci\u00f3n puede ser muy resumida, muchos de estos problemas pueden ser resueltos controlando la dureza, alcalinidad, concentraci\u00f3n de s\u00edlice y s\u00f3lidos totales en el agua de proceso. El m\u00e9todo de soluci\u00f3n m\u00e1s simple es la <a href=\"https:\/\/www.fluencecorp.com\/es\/sistemas-osmosis-inversa\/\" target=\"_blank\" rel=\"noopener noreferrer\">\u00f3smosis inversa<\/a>. Esta tecnolog\u00eda puede reducir la frecuencia de paradas en un factor superior a 10.<\/p>\n<h3>Generaci\u00f3n de Vapor de Alta Presi\u00f3n<\/h3>\n<p><strong>Pretratamiento<\/strong><\/p>\n<ul>\n<li>Sistema de dosificaci\u00f3n qu\u00edmica para inyecci\u00f3n de cloro<\/li>\n<li>Suavizador de 24 horas de operaci\u00f3n<\/li>\n<li>Sistema de inyecci\u00f3n qu\u00edmica para regulaci\u00f3n de pH y sulfito de sodio<\/li>\n<\/ul>\n<p><strong>Tratamiento<\/strong><\/p>\n<ul>\n<li>Sistema de \u00f3smosis inversa<\/li>\n<\/ul>\n<p><strong>Distribuci\u00f3n y Almacenamiento<\/strong><\/p>\n<ul>\n<li>Tanque de almacenamiento con filtro de venteo de 0,2 micrones absoluto<\/li>\n<li>Control de nivel<\/li>\n<li>Sistema de distribuci\u00f3n y bombeo en acero inoxidable<\/li>\n<\/ul>\n<p><strong>Postratamiento<\/strong><\/p>\n<ul>\n<li>Lecho de intercambio i\u00f3nico (resina cati\u00f3nica)<\/li>\n<li>Desgasificador<\/li>\n<li>Lecho de intercambio i\u00f3nico (resina ani\u00f3nica)<\/li>\n<li>Lecho mixto pulidor<\/li>\n<\/ul>\n<p><strong>Auxiliares<\/strong><\/p>\n<ul>\n<li>Indicador y controlador de pH<\/li>\n<li>Unidad CIP<\/li>\n<li>Medidor de conductividad port\u00e1til<\/li>\n<li>Kit de pH<\/li>\n<li>Kit de testeo de cloro<\/li>\n<li>Sistema de inyecci\u00f3n de cloro<\/li>\n<\/ul>\n<h3>Agua Potable &#8211; Calderas &#8211; Humidificaci\u00f3n &#8211; Enjuagues en General<\/h3>\n<p><strong>Pretratamiento<\/strong><\/p>\n<ul>\n<li>Sistema de dosificaci\u00f3n qu\u00edmica para inyecci\u00f3n de cloro<\/li>\n<li>Suavizador de 24 horas de operaci\u00f3n<\/li>\n<li>Sistema de inyecci\u00f3n qu\u00edmica para regulaci\u00f3n de pH<\/li>\n<\/ul>\n<p><strong>Tratamiento<\/strong><\/p>\n<ul>\n<li>Sistema de \u00f3smosis inversa<\/li>\n<\/ul>\n<p><strong>Distribuci\u00f3n y almacenamiento<\/strong><\/p>\n<ul>\n<li>Tanque de almacenamiento con filtro de venteo de 0,2 micrones absoluto<\/li>\n<li>Control de nivel<\/li>\n<li>Sistema de distribuci\u00f3n y bombeo en acero inoxidable<\/li>\n<li>Tanque de acumulaci\u00f3n<\/li>\n<\/ul>\n<p><strong>Auxiliares<\/strong><\/p>\n<ul>\n<li>Indicador y controlador de pH<\/li>\n<li>Unidad CIP<\/li>\n<li>Medidor de conductividad port\u00e1til<\/li>\n<li>Kit de pH<\/li>\n<li>Kit de testeo de cloro<\/li>\n<li>Sistema de inyecci\u00f3n de cloro<\/li>\n<\/ul>\n<h3>Agua Para Turbinas de Inyecci\u00f3n<\/h3>\n<p>El agua tratada para esta aplicaci\u00f3n es inyectada en la c\u00e1mara de la turbina para reducir la temperatura de combusti\u00f3n.<\/p>\n<p>De esta forma disminuye la emisi\u00f3n de NOx en la atm\u00f3sfera y provoca un importante aumento en la eficiencia de la turbina.<\/p>\n<p>Cuando el agua es inyectada dentro de la c\u00e1mara de combusti\u00f3n, \u00e9sta es instant\u00e1neamente evaporada, dejando cualquier tipo de impureza presente en el agua, sobre la superficie interna de la c\u00e1mara. Los diversos tipos de aguas contienen numerosas impurezas con carga el\u00e9ctrica o iones (calcio, magnesio, s\u00edlice reactiva), los cuales causar\u00e1n problemas si se permite que \u00e9stos se depositen en los \u00e1labes de las turbinas. Es por esta raz\u00f3n que el agua debe ser desmineralizada.<\/p>\n<p>El primer paso del tratamiento es filtrar el agua ya clorada mediante un filtro de grava, arena y antracita seguido por un filtro de <a href=\"https:\/\/www.fluencecorp.com\/es\/carbon-activado\/\" target=\"_blank\" rel=\"noopener noreferrer\">carb\u00f3n activado<\/a> para la remoci\u00f3n de cloro. Luego, el agua es ablandada mediante un sistema suavizador para ingresar a la unidad de \u00f3smosis inversa. El proceso de \u00f3smosis inversa no permite el paso de bicarbonatos (alcalinidad) al igual que ning\u00fan otro ion a trav\u00e9s de la membrana; pero se produce una disminuci\u00f3n en el valor de pH, dej\u00e1ndolo en el rango \u00e1cido, lo que le da al agua un car\u00e1cter muy corrosivo.<\/p>\n<p>Debido a ello se realiza la inyecci\u00f3n de soda c\u00e1ustica para elevar el pH en la alimentaci\u00f3n y obtener un valor cercano a 6,6 en el agua desmineralizada. Finalmente el agua es \u00abpulida\u00bb a trav\u00e9s de un desmineralizador de lecho mixto en el cual se eliminan trazas de cualquier ion que haya podido difundir a trav\u00e9s de la membrana. Luego del <a href=\"https:\/\/www.fluencecorp.com\/es\/lecho-mixto\/\" target=\"_blank\" rel=\"noopener noreferrer\">lecho mixto<\/a> el agua deber\u00eda contar con una resistividad de 18,0 Megohms.<br \/>\nEl agua ya tratada, almacenada en atm\u00f3sfera inerte es enviada hacia la turbina por una bomba centr\u00edfuga de simple etapa.<\/p>\n<p>Un chequeo de conductividad es llevado a cabo para asegurar la pureza antes del ingreso a la turbina. Como medida de seguridad a la salida del lecho de intercambio se instala un detector de s\u00edlice y sodio, los cuales alertan un mal funcionamiento del sistema de membranas o un agotamiento prematuro del lecho. Se eligen estos iones ya que son los primeros en fugarse del lecho agotado.<\/p>\n<p><a href=\"https:\/\/www.fluencecorp.com\/es\/contacto\/\" target=\"_blank\" rel=\"noopener noreferrer\">Cont\u00e1ctese con nuestros expertos<\/a>para tratar los detalles de su proyecto, y para conocer m\u00e1s sobre el tratamiento de agua para cogeneraci\u00f3n.<\/p>\n<p>[\/et_pb_text][\/et_pb_column][et_pb_column type=\u00bb1_3&#8243;][et_pb_blurb admin_label=\u00bbWASTE-TO-ENERGY CHALLENGES &#8211; ES\u00bb _builder_version=\u00bb3.0.100&#8243; title=\u00bb\u00bfDESAF\u00cdOS DE TRATAMIENTO DE AGUAS?\u00bb url_new_window=\u00bboff\u00bb use_icon=\u00bboff\u00bb image=\u00bbhttps:\/\/www.fluencecorp.com\/wp-content\/uploads\/2017\/07\/water_treatment_02.svg\u00bb use_circle=\u00bboff\u00bb use_circle_border=\u00bboff\u00bb icon_placement=\u00bbtop\u00bb use_icon_font_size=\u00bboff\u00bb background_layout=\u00bblight\u00bb text_orientation=\u00bbcenter\u00bb use_border_color=\u00bbon\u00bb custom_padding=\u00bb30px|20px|30px|20px\u00bb module_class=\u00bbfluenceblurb\u00bb animation=\u00bboff\u00bb border_color_all=\u00bb#7fc8bd\u00bb border_width_all=\u00bb1px\u00bb max_width_tablet=\u00bb50px\u00bb border_radii=\u00bbon|3px|3px|3px|3px\u00bb]<\/p>\n<p>\u00a1Estamos para ayudarlo! Contacte Fluence para conocer m\u00e1s sobre nuestras soluciones de tratamiento de aguas o discutir detalles espec\u00edficos de su proyecto.<\/p>\n<p><a class=\"et_pb_promo_button et_pb_button\" href=\"\/es\/contacto\/\">CONT\u00c1CTESE<\/a><\/p>\n<p>[\/et_pb_blurb][et_pb_text admin_label=\u00bbQUICK LINKS &#8211; ES\u00bb _builder_version=\u00bb3.21.4&#8243; background_color=\u00bb#f4f4f4&#8243; background_size=\u00bbinitial\u00bb background_position=\u00bbcenter_right\u00bb background_blend=\u00bboverlay\u00bb header_font_size=\u00bb20px\u00bb header_text_color=\u00bb#0b3a5d\u00bb custom_padding=\u00bb30px|30px|30px|30px\u00bb z_index_tablet=\u00bb500&#8243;]<\/p>\n<h1>ENLACES R\u00c1PIDOS<\/h1>\n<ul>\n<li><a href=\"\/es\/cases\/\">Casos de Estudio<\/a><\/li>\n<li><a href=\"\/es\/newsroom\/\">Sala de Prensa<\/a><\/li>\n<\/ul>\n<p>[\/et_pb_text][\/et_pb_column][\/et_pb_row][\/et_pb_section]<\/p>\n","protected":false},"excerpt":{"rendered":"<p>Tratamiento de Agua para Cogeneraci\u00f3n <div class=\"et_pb_row et_pb_row_0 et_pb_row_empty\">\n\t\t\t\t\n\t\t\t\t\n\t\t\t\t\n\t\t\t\t\n\t\t\t\t\n\t\t\t<\/div> Tratamiento de Agua Para Calderas de Alta Presi\u00f3n Los principales problemas a considerar para este tipo de aplicaciones son: la prevenci\u00f3n de incrustaci\u00f3n, la protecci\u00f3n de corrosi\u00f3n y el control de paradas. Problema Causa Soluci\u00f3n Incrustaci\u00f3n, s\u00edlice, TOC Agua dura, evaporaci\u00f3n Ablandador, \u00f3smosis inversa Corrosi\u00f3n, s\u00edlice, TOC Ox\u00edgeno, TDS [&hellip;]<\/p>\n","protected":false},"author":1,"featured_media":34297,"parent":0,"menu_order":0,"comment_status":"closed","ping_status":"closed","template":"","meta":{"_et_pb_use_builder":"on","_et_pb_old_content":"","_et_gb_content_width":"","_relevanssi_hide_post":"","_relevanssi_hide_content":"","_relevanssi_pin_for_all":"","_relevanssi_pin_keywords":"","_relevanssi_unpin_keywords":"","_relevanssi_related_keywords":"","_relevanssi_related_include_ids":"","_relevanssi_related_exclude_ids":"","_relevanssi_related_no_append":"","_relevanssi_related_not_related":"","_relevanssi_related_posts":"","_relevanssi_noindex_reason":"","inline_featured_image":false,"footnotes":"","_links_to":"","_links_to_target":""},"coauthors":[],"class_list":["post-41323","page","type-page","status-publish","has-post-thumbnail","hentry"],"yoast_head":"<!-- This site is optimized with the Yoast SEO plugin v27.5 - https:\/\/yoast.com\/product\/yoast-seo-wordpress\/ -->\n<title>Tratamiento de Agua para Cogeneraci\u00f3n | Fluence<\/title>\n<meta name=\"description\" content=\"Conozca m\u00e1s sobre las opciones de ultrafiltraci\u00f3n, \u00f3smosis inversa y lecho mixto para tratamiento de agua para cogeneraci\u00f3n.\" \/>\n<meta name=\"robots\" content=\"index, follow, max-snippet:-1, max-image-preview:large, max-video-preview:-1\" \/>\n<link rel=\"canonical\" href=\"https:\/\/www.fluencecorp.com\/es\/tratamiento-de-agua-para-cogeneracion\/\" \/>\n<meta property=\"og:locale\" content=\"es_ES\" \/>\n<meta property=\"og:type\" content=\"article\" \/>\n<meta property=\"og:title\" content=\"Sistemas de \u00d3smosis Inversa\" \/>\n<meta property=\"og:description\" content=\"Conozca m\u00e1s sobre las opciones de ultrafiltraci\u00f3n, \u00f3smosis inversa y lecho mixto para tratamiento de agua para cogeneraci\u00f3n.\" \/>\n<meta property=\"og:url\" content=\"https:\/\/www.fluencecorp.com\/es\/tratamiento-de-agua-para-cogeneracion\/\" \/>\n<meta property=\"article:publisher\" content=\"https:\/\/www.facebook.com\/FluenceCorp\" \/>\n<meta property=\"article:modified_time\" content=\"2019-04-08T18:14:47+00:00\" \/>\n<meta property=\"og:image\" content=\"https:\/\/www.fluencecorp.com\/wp-content\/uploads\/2017\/07\/droplet-pattern.png\" \/>\n\t<meta property=\"og:image:width\" content=\"347\" \/>\n\t<meta property=\"og:image:height\" content=\"231\" \/>\n\t<meta property=\"og:image:type\" content=\"image\/png\" \/>\n<meta name=\"twitter:card\" content=\"summary_large_image\" \/>\n<meta name=\"twitter:site\" content=\"@FluenceCorp\" \/>\n<meta name=\"twitter:label1\" content=\"Tiempo de lectura\" \/>\n\t<meta name=\"twitter:data1\" content=\"6 minutos\" \/>\n\t<meta name=\"twitter:label2\" content=\"Written by\" \/>\n\t<meta name=\"twitter:data2\" content=\"sysop\" \/>\n<script type=\"application\/ld+json\" class=\"yoast-schema-graph\">{\"@context\":\"https:\\\/\\\/schema.org\",\"@graph\":[{\"@type\":\"WebPage\",\"@id\":\"https:\\\/\\\/www.fluencecorp.com\\\/es\\\/tratamiento-de-agua-para-cogeneracion\\\/\",\"url\":\"https:\\\/\\\/www.fluencecorp.com\\\/es\\\/tratamiento-de-agua-para-cogeneracion\\\/\",\"name\":\"Tratamiento de Agua para Cogeneraci\u00f3n | Fluence\",\"isPartOf\":{\"@id\":\"https:\\\/\\\/www.fluencecorp.com\\\/es\\\/#website\"},\"primaryImageOfPage\":{\"@id\":\"https:\\\/\\\/www.fluencecorp.com\\\/es\\\/tratamiento-de-agua-para-cogeneracion\\\/#primaryimage\"},\"image\":{\"@id\":\"https:\\\/\\\/www.fluencecorp.com\\\/es\\\/tratamiento-de-agua-para-cogeneracion\\\/#primaryimage\"},\"thumbnailUrl\":\"https:\\\/\\\/www.fluencecorp.com\\\/wp-content\\\/uploads\\\/2017\\\/07\\\/droplet-pattern.png\",\"datePublished\":\"2017-12-14T20:40:41+00:00\",\"dateModified\":\"2019-04-08T18:14:47+00:00\",\"description\":\"Conozca m\u00e1s sobre las opciones de ultrafiltraci\u00f3n, \u00f3smosis inversa y lecho mixto para tratamiento de agua para cogeneraci\u00f3n.\",\"breadcrumb\":{\"@id\":\"https:\\\/\\\/www.fluencecorp.com\\\/es\\\/tratamiento-de-agua-para-cogeneracion\\\/#breadcrumb\"},\"inLanguage\":\"es\",\"potentialAction\":[{\"@type\":\"ReadAction\",\"target\":[\"https:\\\/\\\/www.fluencecorp.com\\\/es\\\/tratamiento-de-agua-para-cogeneracion\\\/\"]}]},{\"@type\":\"ImageObject\",\"inLanguage\":\"es\",\"@id\":\"https:\\\/\\\/www.fluencecorp.com\\\/es\\\/tratamiento-de-agua-para-cogeneracion\\\/#primaryimage\",\"url\":\"https:\\\/\\\/www.fluencecorp.com\\\/wp-content\\\/uploads\\\/2017\\\/07\\\/droplet-pattern.png\",\"contentUrl\":\"https:\\\/\\\/www.fluencecorp.com\\\/wp-content\\\/uploads\\\/2017\\\/07\\\/droplet-pattern.png\",\"width\":347,\"height\":231},{\"@type\":\"BreadcrumbList\",\"@id\":\"https:\\\/\\\/www.fluencecorp.com\\\/es\\\/tratamiento-de-agua-para-cogeneracion\\\/#breadcrumb\",\"itemListElement\":[{\"@type\":\"ListItem\",\"position\":1,\"name\":\"Home\",\"item\":\"https:\\\/\\\/www.fluencecorp.com\\\/es\\\/\"},{\"@type\":\"ListItem\",\"position\":2,\"name\":\"Tratamiento de Agua para Cogeneraci\u00f3n\"}]},{\"@type\":\"WebSite\",\"@id\":\"https:\\\/\\\/www.fluencecorp.com\\\/es\\\/#website\",\"url\":\"https:\\\/\\\/www.fluencecorp.com\\\/es\\\/\",\"name\":\"Fluence Corporation\",\"description\":\"\",\"publisher\":{\"@id\":\"https:\\\/\\\/www.fluencecorp.com\\\/es\\\/#organization\"},\"potentialAction\":[{\"@type\":\"SearchAction\",\"target\":{\"@type\":\"EntryPoint\",\"urlTemplate\":\"https:\\\/\\\/www.fluencecorp.com\\\/es\\\/?s={search_term_string}\"},\"query-input\":{\"@type\":\"PropertyValueSpecification\",\"valueRequired\":true,\"valueName\":\"search_term_string\"}}],\"inLanguage\":\"es\"},{\"@type\":\"Organization\",\"@id\":\"https:\\\/\\\/www.fluencecorp.com\\\/es\\\/#organization\",\"name\":\"Fluence\",\"url\":\"https:\\\/\\\/www.fluencecorp.com\\\/es\\\/\",\"logo\":{\"@type\":\"ImageObject\",\"inLanguage\":\"es\",\"@id\":\"https:\\\/\\\/www.fluencecorp.com\\\/es\\\/#\\\/schema\\\/logo\\\/image\\\/\",\"url\":\"https:\\\/\\\/www.fluencecorp.com\\\/wp-content\\\/uploads\\\/2018\\\/03\\\/fluence-seo-logo.png\",\"contentUrl\":\"https:\\\/\\\/www.fluencecorp.com\\\/wp-content\\\/uploads\\\/2018\\\/03\\\/fluence-seo-logo.png\",\"width\":523,\"height\":181,\"caption\":\"Fluence\"},\"image\":{\"@id\":\"https:\\\/\\\/www.fluencecorp.com\\\/es\\\/#\\\/schema\\\/logo\\\/image\\\/\"},\"sameAs\":[\"https:\\\/\\\/www.facebook.com\\\/FluenceCorp\",\"https:\\\/\\\/x.com\\\/FluenceCorp\",\"https:\\\/\\\/www.linkedin.com\\\/company-beta\\\/18150486\\\/\"]}]}<\/script>\n<!-- \/ Yoast SEO plugin. -->","yoast_head_json":{"title":"Tratamiento de Agua para Cogeneraci\u00f3n | Fluence","description":"Conozca m\u00e1s sobre las opciones de ultrafiltraci\u00f3n, \u00f3smosis inversa y lecho mixto para tratamiento de agua para cogeneraci\u00f3n.","robots":{"index":"index","follow":"follow","max-snippet":"max-snippet:-1","max-image-preview":"max-image-preview:large","max-video-preview":"max-video-preview:-1"},"canonical":"https:\/\/www.fluencecorp.com\/es\/tratamiento-de-agua-para-cogeneracion\/","og_locale":"es_ES","og_type":"article","og_title":"Sistemas de \u00d3smosis Inversa","og_description":"Conozca m\u00e1s sobre las opciones de ultrafiltraci\u00f3n, \u00f3smosis inversa y lecho mixto para tratamiento de agua para cogeneraci\u00f3n.","og_url":"https:\/\/www.fluencecorp.com\/es\/tratamiento-de-agua-para-cogeneracion\/","article_publisher":"https:\/\/www.facebook.com\/FluenceCorp","article_modified_time":"2019-04-08T18:14:47+00:00","og_image":[{"width":347,"height":231,"url":"https:\/\/www.fluencecorp.com\/wp-content\/uploads\/2017\/07\/droplet-pattern.png","type":"image\/png"}],"twitter_card":"summary_large_image","twitter_site":"@FluenceCorp","twitter_misc":{"Tiempo de lectura":"6 minutos","Written by":"sysop"},"schema":{"@context":"https:\/\/schema.org","@graph":[{"@type":"WebPage","@id":"https:\/\/www.fluencecorp.com\/es\/tratamiento-de-agua-para-cogeneracion\/","url":"https:\/\/www.fluencecorp.com\/es\/tratamiento-de-agua-para-cogeneracion\/","name":"Tratamiento de Agua para Cogeneraci\u00f3n | Fluence","isPartOf":{"@id":"https:\/\/www.fluencecorp.com\/es\/#website"},"primaryImageOfPage":{"@id":"https:\/\/www.fluencecorp.com\/es\/tratamiento-de-agua-para-cogeneracion\/#primaryimage"},"image":{"@id":"https:\/\/www.fluencecorp.com\/es\/tratamiento-de-agua-para-cogeneracion\/#primaryimage"},"thumbnailUrl":"https:\/\/www.fluencecorp.com\/wp-content\/uploads\/2017\/07\/droplet-pattern.png","datePublished":"2017-12-14T20:40:41+00:00","dateModified":"2019-04-08T18:14:47+00:00","description":"Conozca m\u00e1s sobre las opciones de ultrafiltraci\u00f3n, \u00f3smosis inversa y lecho mixto para tratamiento de agua para cogeneraci\u00f3n.","breadcrumb":{"@id":"https:\/\/www.fluencecorp.com\/es\/tratamiento-de-agua-para-cogeneracion\/#breadcrumb"},"inLanguage":"es","potentialAction":[{"@type":"ReadAction","target":["https:\/\/www.fluencecorp.com\/es\/tratamiento-de-agua-para-cogeneracion\/"]}]},{"@type":"ImageObject","inLanguage":"es","@id":"https:\/\/www.fluencecorp.com\/es\/tratamiento-de-agua-para-cogeneracion\/#primaryimage","url":"https:\/\/www.fluencecorp.com\/wp-content\/uploads\/2017\/07\/droplet-pattern.png","contentUrl":"https:\/\/www.fluencecorp.com\/wp-content\/uploads\/2017\/07\/droplet-pattern.png","width":347,"height":231},{"@type":"BreadcrumbList","@id":"https:\/\/www.fluencecorp.com\/es\/tratamiento-de-agua-para-cogeneracion\/#breadcrumb","itemListElement":[{"@type":"ListItem","position":1,"name":"Home","item":"https:\/\/www.fluencecorp.com\/es\/"},{"@type":"ListItem","position":2,"name":"Tratamiento de Agua para Cogeneraci\u00f3n"}]},{"@type":"WebSite","@id":"https:\/\/www.fluencecorp.com\/es\/#website","url":"https:\/\/www.fluencecorp.com\/es\/","name":"Fluence Corporation","description":"","publisher":{"@id":"https:\/\/www.fluencecorp.com\/es\/#organization"},"potentialAction":[{"@type":"SearchAction","target":{"@type":"EntryPoint","urlTemplate":"https:\/\/www.fluencecorp.com\/es\/?s={search_term_string}"},"query-input":{"@type":"PropertyValueSpecification","valueRequired":true,"valueName":"search_term_string"}}],"inLanguage":"es"},{"@type":"Organization","@id":"https:\/\/www.fluencecorp.com\/es\/#organization","name":"Fluence","url":"https:\/\/www.fluencecorp.com\/es\/","logo":{"@type":"ImageObject","inLanguage":"es","@id":"https:\/\/www.fluencecorp.com\/es\/#\/schema\/logo\/image\/","url":"https:\/\/www.fluencecorp.com\/wp-content\/uploads\/2018\/03\/fluence-seo-logo.png","contentUrl":"https:\/\/www.fluencecorp.com\/wp-content\/uploads\/2018\/03\/fluence-seo-logo.png","width":523,"height":181,"caption":"Fluence"},"image":{"@id":"https:\/\/www.fluencecorp.com\/es\/#\/schema\/logo\/image\/"},"sameAs":["https:\/\/www.facebook.com\/FluenceCorp","https:\/\/x.com\/FluenceCorp","https:\/\/www.linkedin.com\/company-beta\/18150486\/"]}]}},"_links":{"self":[{"href":"https:\/\/www.fluencecorp.com\/es\/wp-json\/wp\/v2\/pages\/41323","targetHints":{"allow":["GET"]}}],"collection":[{"href":"https:\/\/www.fluencecorp.com\/es\/wp-json\/wp\/v2\/pages"}],"about":[{"href":"https:\/\/www.fluencecorp.com\/es\/wp-json\/wp\/v2\/types\/page"}],"author":[{"embeddable":true,"href":"https:\/\/www.fluencecorp.com\/es\/wp-json\/wp\/v2\/users\/1"}],"replies":[{"embeddable":true,"href":"https:\/\/www.fluencecorp.com\/es\/wp-json\/wp\/v2\/comments?post=41323"}],"version-history":[{"count":0,"href":"https:\/\/www.fluencecorp.com\/es\/wp-json\/wp\/v2\/pages\/41323\/revisions"}],"wp:featuredmedia":[{"embeddable":true,"href":"https:\/\/www.fluencecorp.com\/es\/wp-json\/wp\/v2\/media\/34297"}],"wp:attachment":[{"href":"https:\/\/www.fluencecorp.com\/es\/wp-json\/wp\/v2\/media?parent=41323"}],"wp:term":[{"taxonomy":"author","embeddable":true,"href":"https:\/\/www.fluencecorp.com\/es\/wp-json\/wp\/v2\/coauthors?post=41323"}],"curies":[{"name":"wp","href":"https:\/\/api.w.org\/{rel}","templated":true}]}}