{"id":41316,"date":"2017-12-14T15:36:31","date_gmt":"2017-12-14T20:36:31","guid":{"rendered":"https:\/\/www.fluencecorp.com\/?page_id=41316"},"modified":"2019-04-09T04:14:56","modified_gmt":"2019-04-08T18:14:56","slug":"tratamiento-de-agua-para-residencias-y-hoteles","status":"publish","type":"page","link":"https:\/\/www.fluencecorp.com\/es\/tratamiento-de-agua-para-residencias-y-hoteles\/","title":{"rendered":"Tratamiento de Agua Para Residencias y Hoteles"},"content":{"rendered":"<p>[et_pb_section bb_built=\u00bb1&#8243; fullwidth=\u00bboff\u00bb specialty=\u00bboff\u00bb _builder_version=\u00bb3.0.61&#8243; background_color=\u00bb#f4f4f4&#8243; background_blend=\u00bbmultiply\u00bb custom_padding=\u00bb0px||0px|\u00bb next_background_color=\u00bb#ffffff\u00bb][et_pb_row _builder_version=\u00bb3.0.60&#8243; background_position_1=\u00bbtop_left\u00bb background_repeat_1=\u00bbno-repeat\u00bb custom_margin=\u00bb0px||0px|\u00bb custom_padding=\u00bb0px||0px|\u00bb][et_pb_column type=\u00bb4_4&#8243;][et_pb_text admin_label=\u00bbHeader with Grey Background\u00bb _builder_version=\u00bb3.0.91&#8243; background_layout=\u00bblight\u00bb text_font_size=\u00bb24&#8243; header_text_color=\u00bb#0b3a5d\u00bb header_font_size=\u00bb52px\u00bb text_text_color=\u00bb#778591&#8243; custom_margin=\u00bb10px||10px|\u00bb custom_padding=\u00bb44px||44px|\u00bb header_font=\u00bb|on|||\u00bb text_font_size_tablet=\u00bb16&#8243; text_font_size_last_edited=\u00bbon|phone\u00bb header_font_size_tablet=\u00bb35px\u00bb header_font_size_phone=\u00bb28px\u00bb header_font_size_last_edited=\u00bbon|phone\u00bb]<\/p>\n<h1>Tratamiento de Agua Para Residencias y Hoteles<\/h1>\n<p>[\/et_pb_text][\/et_pb_column][\/et_pb_row][\/et_pb_section][et_pb_section bb_built=\u00bb1&#8243; _builder_version=\u00bb3.0.59&#8243; custom_padding=\u00bb0px||0px|\u00bb prev_background_color=\u00bb#f4f4f4&#8243;][et_pb_row][et_pb_column type=\u00bb2_3&#8243;][et_pb_text admin_label=\u00bbMain Body Text\u00bb _builder_version=\u00bb3.0.91&#8243; background_layout=\u00bblight\u00bb]<\/p>\n<p>En este caso nos referiremos a los requerimientos en el agua tratada para no industriales como hospitales, edificios, escuelas, universidades, hoteles, restaurantes, shoppings, etc. Los sistemas que requieren tratamiento de agua en cada establecimiento son calentadores, torres de enfriamiento, piletas de nataci\u00f3n, lavados de cristales y agua para uso en barrios privados.<\/p>\n<p>La incrustaci\u00f3n en los sistemas de agua caliente ocurre en las tuber\u00edas del calentador, y es causada por la precipitaci\u00f3n de CaCO<sub>3<\/sub> (dureza). La soluci\u00f3n a este problema es el ablandamiento del agua. De esta forma puede evitarse el taponamiento de hidromasajes, calderas, termo-tanques, etc. La inversi\u00f3n m\u00ednima para una producci\u00f3n de 1.000 l\/h se encuentra en el orden de USD 700 m\u00e1s los gastos relacionados a la instalaci\u00f3n.<\/p>\n<p>Otro tipo de aplicaci\u00f3n residencial es la eliminaci\u00f3n de contaminantes disueltos en el agua por medio de <a href=\"https:\/\/www.fluencecorp.com\/es\/sistemas-osmosis-inversa\/\" target=\"_blank\" rel=\"noopener noreferrer\">\u00f3smosis inversa<\/a> (ars\u00e9nico, nitrato, etc). Los sistemas comercializados por Fluence son exclusivamente para edificios, casas con gran cantidad de habitaciones, hoteles, o barrios privados, ya que la inversi\u00f3n de este tipo de sistemas debe ser prorrateada por los litros diarios producidos. La inversi\u00f3n m\u00ednima para una producci\u00f3n de 6.000 l\/d se encuentra en el orden de USD 4.500 m\u00e1s los gastos relacionados a la instalaci\u00f3n.<\/p>\n<p>De acuerdo a las exigencias y la amplitud del mercado en que Fluence comercializa sus equipos, ofrecemos la posibilidad de instalaci\u00f3n mediante el asesoramiento a distancia de nuestro personal t\u00e9cnico.<\/p>\n<p><a href=\"https:\/\/www.fluencecorp.com\/es\/contacto\/\" target=\"_blank\" rel=\"noopener noreferrer\">Cont\u00e1ctese con nuestros expertos<\/a>\u00a0para tratar los detalles de su proyecto, y para conocer c\u00f3mo nuestras soluciones pueden ayudarle a alcanzar sus metas.<\/p>\n<p>[\/et_pb_text][\/et_pb_column][et_pb_column type=\u00bb1_3&#8243;][et_pb_blurb admin_label=\u00bbWASTE-TO-ENERGY CHALLENGES &#8211; ES\u00bb _builder_version=\u00bb3.0.100&#8243; title=\u00bb\u00bfDESAF\u00cdOS DE TRATAMIENTO DE AGUAS O EFLUENTES?\u00bb url_new_window=\u00bboff\u00bb use_icon=\u00bboff\u00bb image=\u00bbhttps:\/\/www.fluencecorp.com\/wp-content\/uploads\/2017\/07\/water_treatment_02.svg\u00bb use_circle=\u00bboff\u00bb use_circle_border=\u00bboff\u00bb icon_placement=\u00bbtop\u00bb use_icon_font_size=\u00bboff\u00bb background_layout=\u00bblight\u00bb text_orientation=\u00bbcenter\u00bb use_border_color=\u00bbon\u00bb custom_padding=\u00bb30px|20px|30px|20px\u00bb module_class=\u00bbfluenceblurb\u00bb animation=\u00bboff\u00bb border_color_all=\u00bb#7fc8bd\u00bb max_width_tablet=\u00bb50px\u00bb border_radii=\u00bbon|3px|3px|3px|3px\u00bb border_width_all=\u00bb1px\u00bb]<\/p>\n<p>\u00a1Estamos para ayudarlo! Contacte Fluence para conocer m\u00e1s sobre nuestras soluciones de tratamiento de aguas y efluentes o discutir detalles espec\u00edficos de su proyecto.<\/p>\n<p><a class=\"et_pb_promo_button et_pb_button\" href=\"\/es\/contacto\/\">CONT\u00c1CTESE<\/a><\/p>\n<p>[\/et_pb_blurb][et_pb_text admin_label=\u00bbQUICK LINKS &#8211; ES\u00bb _builder_version=\u00bb3.21.4&#8243; background_color=\u00bb#f4f4f4&#8243; background_size=\u00bbinitial\u00bb background_position=\u00bbcenter_right\u00bb background_blend=\u00bboverlay\u00bb header_font_size=\u00bb20px\u00bb header_text_color=\u00bb#0b3a5d\u00bb custom_padding=\u00bb30px|30px|30px|30px\u00bb z_index_tablet=\u00bb500&#8243;]<\/p>\n<h1>ENLACES R\u00c1PIDOS<\/h1>\n<ul>\n<li><a href=\"\/es\/cases\/\">Casos de Estudio<\/a><\/li>\n<li><a href=\"\/es\/newsroom\/\">Sala de Prensa<\/a><\/li>\n<\/ul>\n<p>[\/et_pb_text][\/et_pb_column][\/et_pb_row][\/et_pb_section]<\/p>\n","protected":false},"excerpt":{"rendered":"<p>Tratamiento de Agua Para Residencias y Hoteles <div class=\"et_pb_row et_pb_row_0 et_pb_row_empty\">\n\t\t\t\t\n\t\t\t\t\n\t\t\t\t\n\t\t\t\t\n\t\t\t\t\n\t\t\t<\/div> En este caso nos referiremos a los requerimientos en el agua tratada para no industriales como hospitales, edificios, escuelas, universidades, hoteles, restaurantes, shoppings, etc. Los sistemas que requieren tratamiento de agua en cada establecimiento son calentadores, torres de enfriamiento, piletas de nataci\u00f3n, lavados de cristales y agua [&hellip;]<\/p>\n","protected":false},"author":1,"featured_media":34297,"parent":0,"menu_order":0,"comment_status":"closed","ping_status":"closed","template":"","meta":{"_et_pb_use_builder":"on","_et_pb_old_content":"","_et_gb_content_width":"","_relevanssi_hide_post":"","_relevanssi_hide_content":"","_relevanssi_pin_for_all":"","_relevanssi_pin_keywords":"","_relevanssi_unpin_keywords":"","_relevanssi_related_keywords":"","_relevanssi_related_include_ids":"","_relevanssi_related_exclude_ids":"","_relevanssi_related_no_append":"","_relevanssi_related_not_related":"","_relevanssi_related_posts":"","_relevanssi_noindex_reason":"","inline_featured_image":false,"footnotes":"","_links_to":"","_links_to_target":""},"coauthors":[],"class_list":["post-41316","page","type-page","status-publish","has-post-thumbnail","hentry"],"yoast_head":"<!-- This site is optimized with the Yoast SEO plugin v27.3 - https:\/\/yoast.com\/product\/yoast-seo-wordpress\/ -->\n<title>Tratamiento de Agua Para Residencias y Hoteles | Fluence<\/title>\n<meta name=\"description\" content=\"Ablandadores Fluence para tratamiento de agua para hoteles, edificios, escuelas, universidades, restaurantes, shoppings.\" \/>\n<meta name=\"robots\" content=\"index, follow, max-snippet:-1, max-image-preview:large, max-video-preview:-1\" \/>\n<link rel=\"canonical\" href=\"https:\/\/www.fluencecorp.com\/es\/tratamiento-de-agua-para-residencias-y-hoteles\/\" \/>\n<meta property=\"og:locale\" content=\"es_ES\" \/>\n<meta property=\"og:type\" content=\"article\" \/>\n<meta property=\"og:title\" content=\"Sistemas de \u00d3smosis Inversa\" \/>\n<meta property=\"og:description\" content=\"Ablandadores Fluence para tratamiento de agua para hoteles, edificios, escuelas, universidades, restaurantes, shoppings.\" \/>\n<meta property=\"og:url\" content=\"https:\/\/www.fluencecorp.com\/es\/tratamiento-de-agua-para-residencias-y-hoteles\/\" \/>\n<meta property=\"article:publisher\" content=\"https:\/\/www.facebook.com\/FluenceCorp\" \/>\n<meta property=\"article:modified_time\" content=\"2019-04-08T18:14:56+00:00\" \/>\n<meta property=\"og:image\" content=\"https:\/\/www.fluencecorp.com\/wp-content\/uploads\/2017\/07\/droplet-pattern.png\" \/>\n\t<meta property=\"og:image:width\" content=\"347\" \/>\n\t<meta property=\"og:image:height\" content=\"231\" \/>\n\t<meta property=\"og:image:type\" content=\"image\/png\" \/>\n<meta name=\"twitter:card\" content=\"summary_large_image\" \/>\n<meta name=\"twitter:site\" content=\"@FluenceCorp\" \/>\n<meta name=\"twitter:label1\" content=\"Tiempo de lectura\" \/>\n\t<meta name=\"twitter:data1\" content=\"3 minutos\" \/>\n\t<meta name=\"twitter:label2\" content=\"Written by\" \/>\n\t<meta name=\"twitter:data2\" content=\"sysop\" \/>\n<script type=\"application\/ld+json\" class=\"yoast-schema-graph\">{\"@context\":\"https:\\\/\\\/schema.org\",\"@graph\":[{\"@type\":\"WebPage\",\"@id\":\"https:\\\/\\\/www.fluencecorp.com\\\/es\\\/tratamiento-de-agua-para-residencias-y-hoteles\\\/\",\"url\":\"https:\\\/\\\/www.fluencecorp.com\\\/es\\\/tratamiento-de-agua-para-residencias-y-hoteles\\\/\",\"name\":\"Tratamiento de Agua Para Residencias y Hoteles | Fluence\",\"isPartOf\":{\"@id\":\"https:\\\/\\\/www.fluencecorp.com\\\/es\\\/#website\"},\"primaryImageOfPage\":{\"@id\":\"https:\\\/\\\/www.fluencecorp.com\\\/es\\\/tratamiento-de-agua-para-residencias-y-hoteles\\\/#primaryimage\"},\"image\":{\"@id\":\"https:\\\/\\\/www.fluencecorp.com\\\/es\\\/tratamiento-de-agua-para-residencias-y-hoteles\\\/#primaryimage\"},\"thumbnailUrl\":\"https:\\\/\\\/www.fluencecorp.com\\\/wp-content\\\/uploads\\\/2017\\\/07\\\/droplet-pattern.png\",\"datePublished\":\"2017-12-14T20:36:31+00:00\",\"dateModified\":\"2019-04-08T18:14:56+00:00\",\"description\":\"Ablandadores Fluence para tratamiento de agua para hoteles, edificios, escuelas, universidades, restaurantes, shoppings.\",\"breadcrumb\":{\"@id\":\"https:\\\/\\\/www.fluencecorp.com\\\/es\\\/tratamiento-de-agua-para-residencias-y-hoteles\\\/#breadcrumb\"},\"inLanguage\":\"es\",\"potentialAction\":[{\"@type\":\"ReadAction\",\"target\":[\"https:\\\/\\\/www.fluencecorp.com\\\/es\\\/tratamiento-de-agua-para-residencias-y-hoteles\\\/\"]}]},{\"@type\":\"ImageObject\",\"inLanguage\":\"es\",\"@id\":\"https:\\\/\\\/www.fluencecorp.com\\\/es\\\/tratamiento-de-agua-para-residencias-y-hoteles\\\/#primaryimage\",\"url\":\"https:\\\/\\\/www.fluencecorp.com\\\/wp-content\\\/uploads\\\/2017\\\/07\\\/droplet-pattern.png\",\"contentUrl\":\"https:\\\/\\\/www.fluencecorp.com\\\/wp-content\\\/uploads\\\/2017\\\/07\\\/droplet-pattern.png\",\"width\":347,\"height\":231},{\"@type\":\"BreadcrumbList\",\"@id\":\"https:\\\/\\\/www.fluencecorp.com\\\/es\\\/tratamiento-de-agua-para-residencias-y-hoteles\\\/#breadcrumb\",\"itemListElement\":[{\"@type\":\"ListItem\",\"position\":1,\"name\":\"Home\",\"item\":\"https:\\\/\\\/www.fluencecorp.com\\\/es\\\/\"},{\"@type\":\"ListItem\",\"position\":2,\"name\":\"Tratamiento de Agua Para Residencias y Hoteles\"}]},{\"@type\":\"WebSite\",\"@id\":\"https:\\\/\\\/www.fluencecorp.com\\\/es\\\/#website\",\"url\":\"https:\\\/\\\/www.fluencecorp.com\\\/es\\\/\",\"name\":\"Fluence Corporation\",\"description\":\"\",\"publisher\":{\"@id\":\"https:\\\/\\\/www.fluencecorp.com\\\/es\\\/#organization\"},\"potentialAction\":[{\"@type\":\"SearchAction\",\"target\":{\"@type\":\"EntryPoint\",\"urlTemplate\":\"https:\\\/\\\/www.fluencecorp.com\\\/es\\\/?s={search_term_string}\"},\"query-input\":{\"@type\":\"PropertyValueSpecification\",\"valueRequired\":true,\"valueName\":\"search_term_string\"}}],\"inLanguage\":\"es\"},{\"@type\":\"Organization\",\"@id\":\"https:\\\/\\\/www.fluencecorp.com\\\/es\\\/#organization\",\"name\":\"Fluence\",\"url\":\"https:\\\/\\\/www.fluencecorp.com\\\/es\\\/\",\"logo\":{\"@type\":\"ImageObject\",\"inLanguage\":\"es\",\"@id\":\"https:\\\/\\\/www.fluencecorp.com\\\/es\\\/#\\\/schema\\\/logo\\\/image\\\/\",\"url\":\"https:\\\/\\\/www.fluencecorp.com\\\/wp-content\\\/uploads\\\/2018\\\/03\\\/fluence-seo-logo.png\",\"contentUrl\":\"https:\\\/\\\/www.fluencecorp.com\\\/wp-content\\\/uploads\\\/2018\\\/03\\\/fluence-seo-logo.png\",\"width\":523,\"height\":181,\"caption\":\"Fluence\"},\"image\":{\"@id\":\"https:\\\/\\\/www.fluencecorp.com\\\/es\\\/#\\\/schema\\\/logo\\\/image\\\/\"},\"sameAs\":[\"https:\\\/\\\/www.facebook.com\\\/FluenceCorp\",\"https:\\\/\\\/x.com\\\/FluenceCorp\",\"https:\\\/\\\/www.linkedin.com\\\/company-beta\\\/18150486\\\/\"]}]}<\/script>\n<!-- \/ Yoast SEO plugin. -->","yoast_head_json":{"title":"Tratamiento de Agua Para Residencias y Hoteles | Fluence","description":"Ablandadores Fluence para tratamiento de agua para hoteles, edificios, escuelas, universidades, restaurantes, shoppings.","robots":{"index":"index","follow":"follow","max-snippet":"max-snippet:-1","max-image-preview":"max-image-preview:large","max-video-preview":"max-video-preview:-1"},"canonical":"https:\/\/www.fluencecorp.com\/es\/tratamiento-de-agua-para-residencias-y-hoteles\/","og_locale":"es_ES","og_type":"article","og_title":"Sistemas de \u00d3smosis Inversa","og_description":"Ablandadores Fluence para tratamiento de agua para hoteles, edificios, escuelas, universidades, restaurantes, shoppings.","og_url":"https:\/\/www.fluencecorp.com\/es\/tratamiento-de-agua-para-residencias-y-hoteles\/","article_publisher":"https:\/\/www.facebook.com\/FluenceCorp","article_modified_time":"2019-04-08T18:14:56+00:00","og_image":[{"width":347,"height":231,"url":"https:\/\/www.fluencecorp.com\/wp-content\/uploads\/2017\/07\/droplet-pattern.png","type":"image\/png"}],"twitter_card":"summary_large_image","twitter_site":"@FluenceCorp","twitter_misc":{"Tiempo de lectura":"3 minutos","Written by":"sysop"},"schema":{"@context":"https:\/\/schema.org","@graph":[{"@type":"WebPage","@id":"https:\/\/www.fluencecorp.com\/es\/tratamiento-de-agua-para-residencias-y-hoteles\/","url":"https:\/\/www.fluencecorp.com\/es\/tratamiento-de-agua-para-residencias-y-hoteles\/","name":"Tratamiento de Agua Para Residencias y Hoteles | Fluence","isPartOf":{"@id":"https:\/\/www.fluencecorp.com\/es\/#website"},"primaryImageOfPage":{"@id":"https:\/\/www.fluencecorp.com\/es\/tratamiento-de-agua-para-residencias-y-hoteles\/#primaryimage"},"image":{"@id":"https:\/\/www.fluencecorp.com\/es\/tratamiento-de-agua-para-residencias-y-hoteles\/#primaryimage"},"thumbnailUrl":"https:\/\/www.fluencecorp.com\/wp-content\/uploads\/2017\/07\/droplet-pattern.png","datePublished":"2017-12-14T20:36:31+00:00","dateModified":"2019-04-08T18:14:56+00:00","description":"Ablandadores Fluence para tratamiento de agua para hoteles, edificios, escuelas, universidades, restaurantes, shoppings.","breadcrumb":{"@id":"https:\/\/www.fluencecorp.com\/es\/tratamiento-de-agua-para-residencias-y-hoteles\/#breadcrumb"},"inLanguage":"es","potentialAction":[{"@type":"ReadAction","target":["https:\/\/www.fluencecorp.com\/es\/tratamiento-de-agua-para-residencias-y-hoteles\/"]}]},{"@type":"ImageObject","inLanguage":"es","@id":"https:\/\/www.fluencecorp.com\/es\/tratamiento-de-agua-para-residencias-y-hoteles\/#primaryimage","url":"https:\/\/www.fluencecorp.com\/wp-content\/uploads\/2017\/07\/droplet-pattern.png","contentUrl":"https:\/\/www.fluencecorp.com\/wp-content\/uploads\/2017\/07\/droplet-pattern.png","width":347,"height":231},{"@type":"BreadcrumbList","@id":"https:\/\/www.fluencecorp.com\/es\/tratamiento-de-agua-para-residencias-y-hoteles\/#breadcrumb","itemListElement":[{"@type":"ListItem","position":1,"name":"Home","item":"https:\/\/www.fluencecorp.com\/es\/"},{"@type":"ListItem","position":2,"name":"Tratamiento de Agua Para Residencias y Hoteles"}]},{"@type":"WebSite","@id":"https:\/\/www.fluencecorp.com\/es\/#website","url":"https:\/\/www.fluencecorp.com\/es\/","name":"Fluence Corporation","description":"","publisher":{"@id":"https:\/\/www.fluencecorp.com\/es\/#organization"},"potentialAction":[{"@type":"SearchAction","target":{"@type":"EntryPoint","urlTemplate":"https:\/\/www.fluencecorp.com\/es\/?s={search_term_string}"},"query-input":{"@type":"PropertyValueSpecification","valueRequired":true,"valueName":"search_term_string"}}],"inLanguage":"es"},{"@type":"Organization","@id":"https:\/\/www.fluencecorp.com\/es\/#organization","name":"Fluence","url":"https:\/\/www.fluencecorp.com\/es\/","logo":{"@type":"ImageObject","inLanguage":"es","@id":"https:\/\/www.fluencecorp.com\/es\/#\/schema\/logo\/image\/","url":"https:\/\/www.fluencecorp.com\/wp-content\/uploads\/2018\/03\/fluence-seo-logo.png","contentUrl":"https:\/\/www.fluencecorp.com\/wp-content\/uploads\/2018\/03\/fluence-seo-logo.png","width":523,"height":181,"caption":"Fluence"},"image":{"@id":"https:\/\/www.fluencecorp.com\/es\/#\/schema\/logo\/image\/"},"sameAs":["https:\/\/www.facebook.com\/FluenceCorp","https:\/\/x.com\/FluenceCorp","https:\/\/www.linkedin.com\/company-beta\/18150486\/"]}]}},"_links":{"self":[{"href":"https:\/\/www.fluencecorp.com\/es\/wp-json\/wp\/v2\/pages\/41316","targetHints":{"allow":["GET"]}}],"collection":[{"href":"https:\/\/www.fluencecorp.com\/es\/wp-json\/wp\/v2\/pages"}],"about":[{"href":"https:\/\/www.fluencecorp.com\/es\/wp-json\/wp\/v2\/types\/page"}],"author":[{"embeddable":true,"href":"https:\/\/www.fluencecorp.com\/es\/wp-json\/wp\/v2\/users\/1"}],"replies":[{"embeddable":true,"href":"https:\/\/www.fluencecorp.com\/es\/wp-json\/wp\/v2\/comments?post=41316"}],"version-history":[{"count":0,"href":"https:\/\/www.fluencecorp.com\/es\/wp-json\/wp\/v2\/pages\/41316\/revisions"}],"wp:featuredmedia":[{"embeddable":true,"href":"https:\/\/www.fluencecorp.com\/es\/wp-json\/wp\/v2\/media\/34297"}],"wp:attachment":[{"href":"https:\/\/www.fluencecorp.com\/es\/wp-json\/wp\/v2\/media?parent=41316"}],"wp:term":[{"taxonomy":"author","embeddable":true,"href":"https:\/\/www.fluencecorp.com\/es\/wp-json\/wp\/v2\/coauthors?post=41316"}],"curies":[{"name":"wp","href":"https:\/\/api.w.org\/{rel}","templated":true}]}}