{"id":41312,"date":"2017-12-14T15:33:55","date_gmt":"2017-12-14T20:33:55","guid":{"rendered":"https:\/\/www.fluencecorp.com\/?page_id=41312"},"modified":"2019-04-09T04:09:58","modified_gmt":"2019-04-08T18:09:58","slug":"potabilizacion-de-agua-en-comunas-y-municipios","status":"publish","type":"page","link":"https:\/\/www.fluencecorp.com\/es\/potabilizacion-de-agua-en-comunas-y-municipios\/","title":{"rendered":"Potabilizaci\u00f3n de Agua en Comunas y Municipios"},"content":{"rendered":"<p>[et_pb_section bb_built=\u00bb1&#8243; fullwidth=\u00bboff\u00bb specialty=\u00bboff\u00bb _builder_version=\u00bb3.0.61&#8243; background_color=\u00bb#f4f4f4&#8243; background_blend=\u00bbmultiply\u00bb custom_padding=\u00bb0px||0px|\u00bb next_background_color=\u00bb#ffffff\u00bb][et_pb_row _builder_version=\u00bb3.0.60&#8243; background_position_1=\u00bbtop_left\u00bb background_repeat_1=\u00bbno-repeat\u00bb custom_margin=\u00bb0px||0px|\u00bb custom_padding=\u00bb0px||0px|\u00bb][et_pb_column type=\u00bb4_4&#8243;][et_pb_text admin_label=\u00bbHeader with Grey Background\u00bb _builder_version=\u00bb3.0.91&#8243; background_layout=\u00bblight\u00bb text_font_size=\u00bb24&#8243; header_text_color=\u00bb#0b3a5d\u00bb header_font_size=\u00bb52px\u00bb text_text_color=\u00bb#778591&#8243; custom_margin=\u00bb10px||10px|\u00bb custom_padding=\u00bb44px||44px|\u00bb header_font=\u00bb|on|||\u00bb text_font_size_tablet=\u00bb16&#8243; text_font_size_last_edited=\u00bbon|phone\u00bb header_font_size_tablet=\u00bb35px\u00bb header_font_size_phone=\u00bb28px\u00bb header_font_size_last_edited=\u00bbon|phone\u00bb]<\/p>\n<h1>Potabilizaci\u00f3n de Agua en Comunas y Municipios<\/h1>\n<p>[\/et_pb_text][\/et_pb_column][\/et_pb_row][\/et_pb_section][et_pb_section bb_built=\u00bb1&#8243; _builder_version=\u00bb3.0.59&#8243; custom_padding=\u00bb0px||0px|\u00bb prev_background_color=\u00bb#f4f4f4&#8243;][et_pb_row][et_pb_column type=\u00bb2_3&#8243;][et_pb_text admin_label=\u00bbMain Body Text\u00bb _builder_version=\u00bb3.0.95&#8243; background_layout=\u00bblight\u00bb]<\/p>\n<p>Seg\u00fan la Organizaci\u00f3n de las Naciones Unidas (ONU), en la actualidad, de los 6.250 millones de habitantes, 1.100 millones no tienen acceso al agua potable y 2.400 millones carecen de un saneamiento adecuado. Las cifras involucran en valores aproximados al 40% de la poblaci\u00f3n mundial. Las p\u00e1ginas m\u00e1s negras del informe dan cuenta de que cinco millones de personas, la mayor\u00eda ni\u00f1os, mueren cada a\u00f1o por beber agua contaminada.<\/p>\n<p>Fluence, alineada a los objetivos de la ONU, cuenta con un plantel de profesionales dedicados exclusivamente a desarrollar tecnolog\u00edas adecuadas a esta problem\u00e1tica mundial. Desde el tratamiento del agua mediante un amplio abanico de tecnolog\u00edas, la gesti\u00f3n eficiente del recurso, hasta el re\u00faso del agua y su m\u00e1ximo aprovechamiento.<\/p>\n<p>Si bien ante la problem\u00e1tica de la falta de agua potable muchas comunas y municipios optan por la soluci\u00f3n m\u00e1s r\u00e1pida, o econ\u00f3mica, dejan a un lado que pueden estar contaminando m\u00e1s agua que la que potabilizan, siendo esto un gran problema para su futuro. Es por ello que Fluence ofrece:<\/p>\n<ul>\n<li>Pre-ingenier\u00eda y estudio de cada caso<\/li>\n<li><a href=\"https:\/\/www.fluencecorp.com\/es\/reuso-de-agua\/\" target=\"_blank\" rel=\"noopener noreferrer\">Re\u00faso de agua<\/a><\/li>\n<li>Tratamiento y venta de agua In Situ<\/li>\n<li>Sistema de tratamiento de agua para emergencias clim\u00e1ticas<\/li>\n<li>Proceso DLC<sup>\u00ae<\/sup> que minimiza el efluente de cada tratamiento<\/li>\n<\/ul>\n<p>A continuaci\u00f3n presentaremos algunas de las etapas de potabilizaci\u00f3n que pueden ser parte del dise\u00f1o de una planta de tratamiento de agua, para comunas, municipios y ciudades.<\/p>\n<h3>Algunas Etapas de Potabilizaci\u00f3n<\/h3>\n<p>Cloraci\u00f3n es el nombre que se da al procedimiento para desinfectar el agua m\u00e1s com\u00fanmente usado, utilizando el cloro o algunos de sus derivados como los hipocloritos de sodio o de calcio. Es el proceso m\u00e1s sencillo de esterilizaci\u00f3n y barato, la acci\u00f3n del cloro es de poca profundidad y las part\u00edculas en suspensi\u00f3n la dificultan.<\/p>\n<p>Los filtros de arenas y multimedia poseen cierta acci\u00f3n eliminadora de bacterias, pero no como para ser considerados un tratamiento bacteriol\u00f3gico. Estos filtros retienen tierra, arena y algunas impurezas, pero dejan pasar algunos microorganismos y sustancias qu\u00edmicas disueltas.<\/p>\n<p>En cuanto a los s\u00f3lidos disueltos la tecnolog\u00eda aplicada para su remoci\u00f3n es la <a href=\"https:\/\/www.fluencecorp.com\/es\/sistemas-osmosis-inversa\/\" target=\"_blank\" rel=\"noopener noreferrer\">\u00f3smosis inversa<\/a>. En esta etapa eliminaremos contaminantes tales como, ars\u00e9nico, nitratos, boro, cianuro, etc.<\/p>\n<p>Si el agua pre-clorada no se encuentra muy cargada de materias en suspensi\u00f3n, puede bastar un filtrado como \u00fanica depuraci\u00f3n. Para cantidades peque\u00f1as se fabrican plantas port\u00e1tiles que pueden transportarse con todos sus accesorios.<\/p>\n<p>Para aplicaciones en desastres naturales, donde la carga de material en suspensi\u00f3n puede tener grandes variaciones, es necesario la utilizaci\u00f3n de membranas de <a href=\"https:\/\/www.fluencecorp.com\/es\/ultrafiltracion\/\" target=\"_blank\" rel=\"noopener noreferrer\">ultrafiltraci\u00f3n<\/a>, ya que otorga una filtraci\u00f3n absoluta, por lo tanto una calidad de agua tratada constante, sin importar la calidad de agua de alimentaci\u00f3n. Adem\u00e1s, de ofrecer una calidad de agua \u00f3ptima para la post-cloraci\u00f3n, debido a que remueve 99,99% de virus y 99,9999% de bacterias.<\/p>\n<p>Radiaci\u00f3n <a href=\"https:\/\/www.fluencecorp.com\/es\/ultravioleta\/\" target=\"_blank\" rel=\"noopener noreferrer\">ultravioleta<\/a>: por medio de una l\u00e1mpara de cuarzo llena de vapor de mercurio se pueden producir rayos ultravioleta. Estos rayos destruyen el ADN de las bacterias, impidiendo su crecimiento exponencial. Esta etapa es altamente recomendable como pretratamiento de sistemas de membranas, tales como la \u00f3smosis inversa o ultrafiltraci\u00f3n. De esta forma evitaremos el desarrollo de biofilms en la superficie de las membranas.<\/p>\n<p><a href=\"https:\/\/www.fluencecorp.com\/es\/generadores-de-ozono\/\" target=\"_blank\" rel=\"noopener noreferrer\">Ozonizaci\u00f3n<\/a>: el ozono en contacto con sustancias oxidables se descompone r\u00e1pidamente en ox\u00edgeno naciente y ox\u00edgeno diat\u00f3mico inactivo. El primero es quien destruye la materia org\u00e1nica. Generalmente este es utilizado para aplicaciones de comunas y municipios cuando no existe una red de distribuci\u00f3n y el agua es entregada en bidones o recipientes cerrados asegurando la esterilidad del agua hasta su consumo.<\/p>\n<p>Aun cuando el t\u00e9rmino \u00abagua potable\u00bb es de uso cotidiano, es importante tener en cuenta que la definici\u00f3n de este concepto var\u00eda con el tiempo: es funci\u00f3n de las t\u00e9cnicas anal\u00edticas disponibles para medir los contaminantes, cambia con los conocimientos referentes a la toxicidad y depende de la legislaci\u00f3n de cada pa\u00eds. Es por ello que, para cualquier proyecto nuestro departamento de ingenier\u00eda requerir\u00e1 el perfil fisicoqu\u00edmico completo del agua a tratar.<\/p>\n<p>Una planta de tratamiento de agua nunca se dimensiona para la demanda de caudal actual, sino que por el contrario se debe preparar para crecimientos futuros programados, ya sea mediante la instalaci\u00f3n de una planta de mayor capacidad inicial o de tipo modular que permita sencillamente aumentar el caudal de agua producto.<\/p>\n<p><a href=\"https:\/\/www.fluencecorp.com\/es\/contacto\/\" target=\"_blank\" rel=\"noopener noreferrer\">Cont\u00e1ctese con nuestros expertos<\/a>para tratar los detalles de su proyecto, y conocer m\u00e1s sobre potabilizaci\u00f3n de agua en comunas y municipios.<\/p>\n<p>[\/et_pb_text][\/et_pb_column][et_pb_column type=\u00bb1_3&#8243;][et_pb_blurb admin_label=\u00bbWASTE-TO-ENERGY CHALLENGES &#8211; ES\u00bb _builder_version=\u00bb3.0.100&#8243; title=\u00bb\u00bfDESAF\u00cdOS DE TRATAMIENTO DE AGUAS O EFLUENTES?\u00bb url_new_window=\u00bboff\u00bb use_icon=\u00bboff\u00bb image=\u00bbhttps:\/\/www.fluencecorp.com\/wp-content\/uploads\/2017\/07\/water_treatment_02.svg\u00bb use_circle=\u00bboff\u00bb use_circle_border=\u00bboff\u00bb icon_placement=\u00bbtop\u00bb use_icon_font_size=\u00bboff\u00bb background_layout=\u00bblight\u00bb text_orientation=\u00bbcenter\u00bb use_border_color=\u00bbon\u00bb custom_padding=\u00bb30px|20px|30px|20px\u00bb module_class=\u00bbfluenceblurb\u00bb animation=\u00bboff\u00bb border_color_all=\u00bb#7fc8bd\u00bb max_width_tablet=\u00bb50px\u00bb border_radii=\u00bbon|3px|3px|3px|3px\u00bb border_width_all=\u00bb1px\u00bb]<\/p>\n<p>\u00a1Estamos para ayudarlo! Contacte Fluence para conocer m\u00e1s sobre nuestras soluciones de tratamiento de aguas y efluentes o discutir detalles espec\u00edficos de su proyecto.<\/p>\n<p><a class=\"et_pb_promo_button et_pb_button\" href=\"\/es\/contacto\/\">CONT\u00c1CTESE<\/a><\/p>\n<p>[\/et_pb_blurb][et_pb_text admin_label=\u00bbQUICK LINKS &#8211; ES\u00bb _builder_version=\u00bb3.21.4&#8243; background_color=\u00bb#f4f4f4&#8243; background_size=\u00bbinitial\u00bb background_position=\u00bbcenter_right\u00bb background_blend=\u00bboverlay\u00bb header_font_size=\u00bb20px\u00bb header_text_color=\u00bb#0b3a5d\u00bb custom_padding=\u00bb30px|30px|30px|30px\u00bb z_index_tablet=\u00bb500&#8243;]<\/p>\n<h1>ENLACES R\u00c1PIDOS<\/h1>\n<ul>\n<li><a href=\"\/es\/cases\/\">Casos de Estudio<\/a><\/li>\n<li><a href=\"\/es\/newsroom\/\">Sala de Prensa<\/a><\/li>\n<\/ul>\n<p>[\/et_pb_text][\/et_pb_column][\/et_pb_row][\/et_pb_section]<\/p>\n","protected":false},"excerpt":{"rendered":"<p>Potabilizaci\u00f3n de Agua en Comunas y Municipios <div class=\"et_pb_row et_pb_row_0 et_pb_row_empty\">\n\t\t\t\t\n\t\t\t\t\n\t\t\t\t\n\t\t\t\t\n\t\t\t\t\n\t\t\t<\/div> Seg\u00fan la Organizaci\u00f3n de las Naciones Unidas (ONU), en la actualidad, de los 6.250 millones de habitantes, 1.100 millones no tienen acceso al agua potable y 2.400 millones carecen de un saneamiento adecuado. Las cifras involucran en valores aproximados al 40% de la poblaci\u00f3n mundial. Las p\u00e1ginas [&hellip;]<\/p>\n","protected":false},"author":1,"featured_media":34297,"parent":0,"menu_order":0,"comment_status":"closed","ping_status":"closed","template":"","meta":{"_et_pb_use_builder":"on","_et_pb_old_content":"","_et_gb_content_width":"","_relevanssi_hide_post":"","_relevanssi_hide_content":"","_relevanssi_pin_for_all":"","_relevanssi_pin_keywords":"","_relevanssi_unpin_keywords":"","_relevanssi_related_keywords":"","_relevanssi_related_include_ids":"","_relevanssi_related_exclude_ids":"","_relevanssi_related_no_append":"","_relevanssi_related_not_related":"","_relevanssi_related_posts":"","_relevanssi_noindex_reason":"","inline_featured_image":false,"footnotes":"","_links_to":"","_links_to_target":""},"coauthors":[],"class_list":["post-41312","page","type-page","status-publish","has-post-thumbnail","hentry"],"yoast_head":"<!-- This site is optimized with the Yoast SEO plugin v27.5 - https:\/\/yoast.com\/product\/yoast-seo-wordpress\/ -->\n<title>Potabilizaci\u00f3n de Agua en Comunas y Municipios | Fluence<\/title>\n<meta name=\"description\" content=\"Conozca m\u00e1s sobre las alternativas Fluence para potabilizaci\u00f3n de\u00a0agua\u00a0de\u00a0comunas y municipios.\" \/>\n<meta name=\"robots\" content=\"index, follow, max-snippet:-1, max-image-preview:large, max-video-preview:-1\" \/>\n<link rel=\"canonical\" href=\"https:\/\/www.fluencecorp.com\/es\/potabilizacion-de-agua-en-comunas-y-municipios\/\" \/>\n<meta property=\"og:locale\" content=\"es_ES\" \/>\n<meta property=\"og:type\" content=\"article\" \/>\n<meta property=\"og:title\" content=\"Sistemas de \u00d3smosis Inversa\" \/>\n<meta property=\"og:description\" content=\"Conozca m\u00e1s sobre las alternativas Fluence para potabilizaci\u00f3n de\u00a0agua\u00a0de\u00a0comunas y municipios.\" \/>\n<meta property=\"og:url\" content=\"https:\/\/www.fluencecorp.com\/es\/potabilizacion-de-agua-en-comunas-y-municipios\/\" \/>\n<meta property=\"article:publisher\" content=\"https:\/\/www.facebook.com\/FluenceCorp\" \/>\n<meta property=\"article:modified_time\" content=\"2019-04-08T18:09:58+00:00\" \/>\n<meta property=\"og:image\" content=\"https:\/\/www.fluencecorp.com\/wp-content\/uploads\/2017\/07\/droplet-pattern.png\" \/>\n\t<meta property=\"og:image:width\" content=\"347\" \/>\n\t<meta property=\"og:image:height\" content=\"231\" \/>\n\t<meta property=\"og:image:type\" content=\"image\/png\" \/>\n<meta name=\"twitter:card\" content=\"summary_large_image\" \/>\n<meta name=\"twitter:site\" content=\"@FluenceCorp\" \/>\n<meta name=\"twitter:label1\" content=\"Tiempo de lectura\" \/>\n\t<meta name=\"twitter:data1\" content=\"6 minutos\" \/>\n\t<meta name=\"twitter:label2\" content=\"Written by\" \/>\n\t<meta name=\"twitter:data2\" content=\"sysop\" \/>\n<script type=\"application\/ld+json\" class=\"yoast-schema-graph\">{\"@context\":\"https:\\\/\\\/schema.org\",\"@graph\":[{\"@type\":\"WebPage\",\"@id\":\"https:\\\/\\\/www.fluencecorp.com\\\/es\\\/potabilizacion-de-agua-en-comunas-y-municipios\\\/\",\"url\":\"https:\\\/\\\/www.fluencecorp.com\\\/es\\\/potabilizacion-de-agua-en-comunas-y-municipios\\\/\",\"name\":\"Potabilizaci\u00f3n de Agua en Comunas y Municipios | Fluence\",\"isPartOf\":{\"@id\":\"https:\\\/\\\/www.fluencecorp.com\\\/es\\\/#website\"},\"primaryImageOfPage\":{\"@id\":\"https:\\\/\\\/www.fluencecorp.com\\\/es\\\/potabilizacion-de-agua-en-comunas-y-municipios\\\/#primaryimage\"},\"image\":{\"@id\":\"https:\\\/\\\/www.fluencecorp.com\\\/es\\\/potabilizacion-de-agua-en-comunas-y-municipios\\\/#primaryimage\"},\"thumbnailUrl\":\"https:\\\/\\\/www.fluencecorp.com\\\/wp-content\\\/uploads\\\/2017\\\/07\\\/droplet-pattern.png\",\"datePublished\":\"2017-12-14T20:33:55+00:00\",\"dateModified\":\"2019-04-08T18:09:58+00:00\",\"description\":\"Conozca m\u00e1s sobre las alternativas Fluence para potabilizaci\u00f3n de\u00a0agua\u00a0de\u00a0comunas y municipios.\",\"breadcrumb\":{\"@id\":\"https:\\\/\\\/www.fluencecorp.com\\\/es\\\/potabilizacion-de-agua-en-comunas-y-municipios\\\/#breadcrumb\"},\"inLanguage\":\"es\",\"potentialAction\":[{\"@type\":\"ReadAction\",\"target\":[\"https:\\\/\\\/www.fluencecorp.com\\\/es\\\/potabilizacion-de-agua-en-comunas-y-municipios\\\/\"]}]},{\"@type\":\"ImageObject\",\"inLanguage\":\"es\",\"@id\":\"https:\\\/\\\/www.fluencecorp.com\\\/es\\\/potabilizacion-de-agua-en-comunas-y-municipios\\\/#primaryimage\",\"url\":\"https:\\\/\\\/www.fluencecorp.com\\\/wp-content\\\/uploads\\\/2017\\\/07\\\/droplet-pattern.png\",\"contentUrl\":\"https:\\\/\\\/www.fluencecorp.com\\\/wp-content\\\/uploads\\\/2017\\\/07\\\/droplet-pattern.png\",\"width\":347,\"height\":231},{\"@type\":\"BreadcrumbList\",\"@id\":\"https:\\\/\\\/www.fluencecorp.com\\\/es\\\/potabilizacion-de-agua-en-comunas-y-municipios\\\/#breadcrumb\",\"itemListElement\":[{\"@type\":\"ListItem\",\"position\":1,\"name\":\"Home\",\"item\":\"https:\\\/\\\/www.fluencecorp.com\\\/es\\\/\"},{\"@type\":\"ListItem\",\"position\":2,\"name\":\"Potabilizaci\u00f3n de Agua en Comunas y Municipios\"}]},{\"@type\":\"WebSite\",\"@id\":\"https:\\\/\\\/www.fluencecorp.com\\\/es\\\/#website\",\"url\":\"https:\\\/\\\/www.fluencecorp.com\\\/es\\\/\",\"name\":\"Fluence Corporation\",\"description\":\"\",\"publisher\":{\"@id\":\"https:\\\/\\\/www.fluencecorp.com\\\/es\\\/#organization\"},\"potentialAction\":[{\"@type\":\"SearchAction\",\"target\":{\"@type\":\"EntryPoint\",\"urlTemplate\":\"https:\\\/\\\/www.fluencecorp.com\\\/es\\\/?s={search_term_string}\"},\"query-input\":{\"@type\":\"PropertyValueSpecification\",\"valueRequired\":true,\"valueName\":\"search_term_string\"}}],\"inLanguage\":\"es\"},{\"@type\":\"Organization\",\"@id\":\"https:\\\/\\\/www.fluencecorp.com\\\/es\\\/#organization\",\"name\":\"Fluence\",\"url\":\"https:\\\/\\\/www.fluencecorp.com\\\/es\\\/\",\"logo\":{\"@type\":\"ImageObject\",\"inLanguage\":\"es\",\"@id\":\"https:\\\/\\\/www.fluencecorp.com\\\/es\\\/#\\\/schema\\\/logo\\\/image\\\/\",\"url\":\"https:\\\/\\\/www.fluencecorp.com\\\/wp-content\\\/uploads\\\/2018\\\/03\\\/fluence-seo-logo.png\",\"contentUrl\":\"https:\\\/\\\/www.fluencecorp.com\\\/wp-content\\\/uploads\\\/2018\\\/03\\\/fluence-seo-logo.png\",\"width\":523,\"height\":181,\"caption\":\"Fluence\"},\"image\":{\"@id\":\"https:\\\/\\\/www.fluencecorp.com\\\/es\\\/#\\\/schema\\\/logo\\\/image\\\/\"},\"sameAs\":[\"https:\\\/\\\/www.facebook.com\\\/FluenceCorp\",\"https:\\\/\\\/x.com\\\/FluenceCorp\",\"https:\\\/\\\/www.linkedin.com\\\/company-beta\\\/18150486\\\/\"]}]}<\/script>\n<!-- \/ Yoast SEO plugin. -->","yoast_head_json":{"title":"Potabilizaci\u00f3n de Agua en Comunas y Municipios | Fluence","description":"Conozca m\u00e1s sobre las alternativas Fluence para potabilizaci\u00f3n de\u00a0agua\u00a0de\u00a0comunas y municipios.","robots":{"index":"index","follow":"follow","max-snippet":"max-snippet:-1","max-image-preview":"max-image-preview:large","max-video-preview":"max-video-preview:-1"},"canonical":"https:\/\/www.fluencecorp.com\/es\/potabilizacion-de-agua-en-comunas-y-municipios\/","og_locale":"es_ES","og_type":"article","og_title":"Sistemas de \u00d3smosis Inversa","og_description":"Conozca m\u00e1s sobre las alternativas Fluence para potabilizaci\u00f3n de\u00a0agua\u00a0de\u00a0comunas y municipios.","og_url":"https:\/\/www.fluencecorp.com\/es\/potabilizacion-de-agua-en-comunas-y-municipios\/","article_publisher":"https:\/\/www.facebook.com\/FluenceCorp","article_modified_time":"2019-04-08T18:09:58+00:00","og_image":[{"width":347,"height":231,"url":"https:\/\/www.fluencecorp.com\/wp-content\/uploads\/2017\/07\/droplet-pattern.png","type":"image\/png"}],"twitter_card":"summary_large_image","twitter_site":"@FluenceCorp","twitter_misc":{"Tiempo de lectura":"6 minutos","Written by":"sysop"},"schema":{"@context":"https:\/\/schema.org","@graph":[{"@type":"WebPage","@id":"https:\/\/www.fluencecorp.com\/es\/potabilizacion-de-agua-en-comunas-y-municipios\/","url":"https:\/\/www.fluencecorp.com\/es\/potabilizacion-de-agua-en-comunas-y-municipios\/","name":"Potabilizaci\u00f3n de Agua en Comunas y Municipios | Fluence","isPartOf":{"@id":"https:\/\/www.fluencecorp.com\/es\/#website"},"primaryImageOfPage":{"@id":"https:\/\/www.fluencecorp.com\/es\/potabilizacion-de-agua-en-comunas-y-municipios\/#primaryimage"},"image":{"@id":"https:\/\/www.fluencecorp.com\/es\/potabilizacion-de-agua-en-comunas-y-municipios\/#primaryimage"},"thumbnailUrl":"https:\/\/www.fluencecorp.com\/wp-content\/uploads\/2017\/07\/droplet-pattern.png","datePublished":"2017-12-14T20:33:55+00:00","dateModified":"2019-04-08T18:09:58+00:00","description":"Conozca m\u00e1s sobre las alternativas Fluence para potabilizaci\u00f3n de\u00a0agua\u00a0de\u00a0comunas y municipios.","breadcrumb":{"@id":"https:\/\/www.fluencecorp.com\/es\/potabilizacion-de-agua-en-comunas-y-municipios\/#breadcrumb"},"inLanguage":"es","potentialAction":[{"@type":"ReadAction","target":["https:\/\/www.fluencecorp.com\/es\/potabilizacion-de-agua-en-comunas-y-municipios\/"]}]},{"@type":"ImageObject","inLanguage":"es","@id":"https:\/\/www.fluencecorp.com\/es\/potabilizacion-de-agua-en-comunas-y-municipios\/#primaryimage","url":"https:\/\/www.fluencecorp.com\/wp-content\/uploads\/2017\/07\/droplet-pattern.png","contentUrl":"https:\/\/www.fluencecorp.com\/wp-content\/uploads\/2017\/07\/droplet-pattern.png","width":347,"height":231},{"@type":"BreadcrumbList","@id":"https:\/\/www.fluencecorp.com\/es\/potabilizacion-de-agua-en-comunas-y-municipios\/#breadcrumb","itemListElement":[{"@type":"ListItem","position":1,"name":"Home","item":"https:\/\/www.fluencecorp.com\/es\/"},{"@type":"ListItem","position":2,"name":"Potabilizaci\u00f3n de Agua en Comunas y Municipios"}]},{"@type":"WebSite","@id":"https:\/\/www.fluencecorp.com\/es\/#website","url":"https:\/\/www.fluencecorp.com\/es\/","name":"Fluence Corporation","description":"","publisher":{"@id":"https:\/\/www.fluencecorp.com\/es\/#organization"},"potentialAction":[{"@type":"SearchAction","target":{"@type":"EntryPoint","urlTemplate":"https:\/\/www.fluencecorp.com\/es\/?s={search_term_string}"},"query-input":{"@type":"PropertyValueSpecification","valueRequired":true,"valueName":"search_term_string"}}],"inLanguage":"es"},{"@type":"Organization","@id":"https:\/\/www.fluencecorp.com\/es\/#organization","name":"Fluence","url":"https:\/\/www.fluencecorp.com\/es\/","logo":{"@type":"ImageObject","inLanguage":"es","@id":"https:\/\/www.fluencecorp.com\/es\/#\/schema\/logo\/image\/","url":"https:\/\/www.fluencecorp.com\/wp-content\/uploads\/2018\/03\/fluence-seo-logo.png","contentUrl":"https:\/\/www.fluencecorp.com\/wp-content\/uploads\/2018\/03\/fluence-seo-logo.png","width":523,"height":181,"caption":"Fluence"},"image":{"@id":"https:\/\/www.fluencecorp.com\/es\/#\/schema\/logo\/image\/"},"sameAs":["https:\/\/www.facebook.com\/FluenceCorp","https:\/\/x.com\/FluenceCorp","https:\/\/www.linkedin.com\/company-beta\/18150486\/"]}]}},"_links":{"self":[{"href":"https:\/\/www.fluencecorp.com\/es\/wp-json\/wp\/v2\/pages\/41312","targetHints":{"allow":["GET"]}}],"collection":[{"href":"https:\/\/www.fluencecorp.com\/es\/wp-json\/wp\/v2\/pages"}],"about":[{"href":"https:\/\/www.fluencecorp.com\/es\/wp-json\/wp\/v2\/types\/page"}],"author":[{"embeddable":true,"href":"https:\/\/www.fluencecorp.com\/es\/wp-json\/wp\/v2\/users\/1"}],"replies":[{"embeddable":true,"href":"https:\/\/www.fluencecorp.com\/es\/wp-json\/wp\/v2\/comments?post=41312"}],"version-history":[{"count":0,"href":"https:\/\/www.fluencecorp.com\/es\/wp-json\/wp\/v2\/pages\/41312\/revisions"}],"wp:featuredmedia":[{"embeddable":true,"href":"https:\/\/www.fluencecorp.com\/es\/wp-json\/wp\/v2\/media\/34297"}],"wp:attachment":[{"href":"https:\/\/www.fluencecorp.com\/es\/wp-json\/wp\/v2\/media?parent=41312"}],"wp:term":[{"taxonomy":"author","embeddable":true,"href":"https:\/\/www.fluencecorp.com\/es\/wp-json\/wp\/v2\/coauthors?post=41312"}],"curies":[{"name":"wp","href":"https:\/\/api.w.org\/{rel}","templated":true}]}}