{"id":41310,"date":"2017-12-14T15:32:34","date_gmt":"2017-12-14T20:32:34","guid":{"rendered":"https:\/\/www.fluencecorp.com\/?page_id=41310"},"modified":"2019-04-09T04:10:20","modified_gmt":"2019-04-08T18:10:20","slug":"clarificacion-de-aguas-y-efluentes","status":"publish","type":"page","link":"https:\/\/www.fluencecorp.com\/es\/clarificacion-de-aguas-y-efluentes\/","title":{"rendered":"Clarificaci\u00f3n de Aguas y Efluentes"},"content":{"rendered":"<p>[et_pb_section bb_built=\u00bb1&#8243; fullwidth=\u00bboff\u00bb specialty=\u00bboff\u00bb _builder_version=\u00bb3.0.61&#8243; background_color=\u00bb#f4f4f4&#8243; background_blend=\u00bbmultiply\u00bb custom_padding=\u00bb0px||0px|\u00bb next_background_color=\u00bb#ffffff\u00bb][et_pb_row _builder_version=\u00bb3.0.60&#8243; background_position_1=\u00bbtop_left\u00bb background_repeat_1=\u00bbno-repeat\u00bb custom_margin=\u00bb0px||0px|\u00bb custom_padding=\u00bb0px||0px|\u00bb][et_pb_column type=\u00bb4_4&#8243;][et_pb_text admin_label=\u00bbHeader with Grey Background\u00bb _builder_version=\u00bb3.0.91&#8243; background_layout=\u00bblight\u00bb text_font_size=\u00bb24&#8243; header_text_color=\u00bb#0b3a5d\u00bb header_font_size=\u00bb52px\u00bb text_text_color=\u00bb#778591&#8243; custom_margin=\u00bb10px||10px|\u00bb custom_padding=\u00bb44px||44px|\u00bb header_font=\u00bb|on|||\u00bb text_font_size_tablet=\u00bb16&#8243; text_font_size_last_edited=\u00bbon|phone\u00bb header_font_size_tablet=\u00bb35px\u00bb header_font_size_phone=\u00bb28px\u00bb header_font_size_last_edited=\u00bbon|phone\u00bb]<\/p>\n<h1>Clarificaci\u00f3n de Aguas y Efluentes<\/h1>\n<p>[\/et_pb_text][\/et_pb_column][\/et_pb_row][\/et_pb_section][et_pb_section bb_built=\u00bb1&#8243; _builder_version=\u00bb3.0.59&#8243; custom_padding=\u00bb0px||0px|\u00bb prev_background_color=\u00bb#f4f4f4&#8243;][et_pb_row][et_pb_column type=\u00bb2_3&#8243;][et_pb_text admin_label=\u00bbMain Body Text\u00bb _builder_version=\u00bb3.0.91&#8243; background_layout=\u00bblight\u00bb]<\/p>\n<p>La t\u00e9cnica de clarificaci\u00f3n es ampliamente difundida en la remoci\u00f3n de turbiedad y color del agua e implica la utilizaci\u00f3n de coagulantes o polielectrolitos. Estos provocan que las finas part\u00edculas que determinan la turbiedad se agrupen, formando fl\u00f3culos cuya precipitaci\u00f3n y remoci\u00f3n son mucho m\u00e1s simples. Sin la formaci\u00f3n de fl\u00f3culos de tama\u00f1o similar al de las part\u00edculas del manto de arena &#8211; del orden de 500 \u00b5m o 0,5 mm &#8211; las filtraciones r\u00e1pidas no podr\u00edan llevarse a cabo mediante el proceso de filtraci\u00f3n convencional.<\/p>\n<p>Debido a las caracter\u00edsticas que enumeraremos a continuaci\u00f3n, la clarificaci\u00f3n de agua y efluentes biol\u00f3gicamente tratados se transforman en una aplicaci\u00f3n perfecta para el proceso de <a href=\"https:\/\/www.fluencecorp.com\/es\/ultrafiltracion\/\">ultrafiltraci\u00f3n.<\/a><\/p>\n<h3>Ventajas de la Ultrafiltraci\u00f3n<\/h3>\n<ul>\n<li>Requiere menor cantidad de uso de qu\u00edmicos, o de la ausencia total de ellos<\/li>\n<li>\u00c1rea de implantaci\u00f3n menor<\/li>\n<li>Mayor remoci\u00f3n de materia org\u00e1nica<\/li>\n<li>Estabilidad en el producto ante cambios en la calidad de agua de alimentaci\u00f3n<\/li>\n<li>Menor descarte de agua (mayor frecuencia de contralavados con menor cantidad de agua)<\/li>\n<li>Remoci\u00f3n de virus y bacterias<\/li>\n<li>Control total del proceso con registro del 100% de los datos<\/li>\n<li>F\u00e1cil ampliaci\u00f3n de unidades existentes (construcci\u00f3n en skids)<\/li>\n<li>Limpieza autom\u00e1tica del sistema diariamente<\/li>\n<\/ul>\n<h3>Ultrafiltraci\u00f3n vs Filtraci\u00f3n Convencional<\/h3>\n<table class=\"tg\">\n<tbody>\n<tr>\n<td valign=\"top\"><\/td>\n<td valign=\"top\"><b>Ultrafiltraci\u00f3n<\/b><\/td>\n<td valign=\"top\"><b>Convencional<\/b><\/td>\n<\/tr>\n<tr>\n<td valign=\"top\"><b>Superficie<\/b><\/td>\n<td valign=\"top\"><b>X<\/b><\/td>\n<td valign=\"top\"><b>1,33 \u2013 1,5 X<\/b><\/td>\n<\/tr>\n<tr>\n<td valign=\"top\"><b>Inversi\u00f3n para 1.000 l\/h<\/b><\/td>\n<td valign=\"top\"><b>1,3 X<\/b><\/td>\n<td valign=\"top\"><b>X<\/b><\/td>\n<\/tr>\n<tr>\n<td valign=\"top\"><b>Inversi\u00f3n para 50.000 l\/h<\/b><\/td>\n<td valign=\"top\"><b>X<\/b><\/td>\n<td valign=\"top\"><b>1,2 X<\/b><\/td>\n<\/tr>\n<tr>\n<td valign=\"top\"><b>Inversi\u00f3n para 100.000 l\/h<\/b><\/td>\n<td valign=\"top\"><b>X<\/b><\/td>\n<td valign=\"top\"><b>1,3 X<\/b><\/td>\n<\/tr>\n<tr>\n<td valign=\"middle\"><b>Remoci\u00f3n bacteriol\u00f3gica<\/b><\/td>\n<td valign=\"middle\"><b>6 Log<\/b><\/td>\n<td valign=\"middle\"><b>Pobre<\/b><\/td>\n<\/tr>\n<tr>\n<td valign=\"middle\"><b>Remoci\u00f3n virus<\/b><\/td>\n<td valign=\"middle\"><b>4 Log<\/b><\/td>\n<td valign=\"middle\"><b>Pobre<\/b><\/td>\n<\/tr>\n<tr>\n<td valign=\"middle\"><b>Calidad de agua tratada<\/b><\/td>\n<td valign=\"middle\"><b>&lt; 0,1 NTU<\/b><\/td>\n<td valign=\"middle\"><b>&lt; 5 &#8211; 10 NTU<\/b><\/td>\n<\/tr>\n<tr>\n<td valign=\"middle\"><b>Consumo de coagulantes<\/b><\/td>\n<td valign=\"middle\"><b>1 &#8211; 3 ppm<\/b><\/td>\n<td valign=\"middle\"><b>5 &#8211; 20 ppm<\/b><\/td>\n<\/tr>\n<tr>\n<td valign=\"middle\"><b>Consumo de cloro en proceso<\/b><\/td>\n<td valign=\"middle\"><b>0,01 ppm<\/b><\/td>\n<td valign=\"middle\"><b>0,3 a 3 ppm<\/b><\/td>\n<\/tr>\n<tr>\n<td valign=\"middle\"><b>Costo operativo<\/b><\/td>\n<td valign=\"middle\"><b>0,05 \u2013 0,1 U$S\/m<\/b><b><sup>3<\/sup><\/b><\/td>\n<td valign=\"middle\"><b>U$S 0,1 \u2013 0,15<\/b><\/td>\n<\/tr>\n<\/tbody>\n<\/table>\n<p>Para la siguiente tabla se han tenido en cuenta precios orientativos de mercado. Para el caso de la filtraci\u00f3n convencional nos referimos al proceso de floculaci\u00f3n, sedimentaci\u00f3n y filtro de arena.<\/p>\n<p><a href=\"https:\/\/www.fluencecorp.com\/es\/contacto\/\" target=\"_blank\" rel=\"noopener noreferrer\">Cont\u00e1ctese con nuestros expertos<\/a>\u00a0para tratar los detalles de su proyecto, y para conocer m\u00e1s sobre la clarificaci\u00f3n de aguas y efluentes.<\/p>\n<p>[\/et_pb_text][\/et_pb_column][et_pb_column type=\u00bb1_3&#8243;][et_pb_blurb admin_label=\u00bbWASTE-TO-ENERGY CHALLENGES &#8211; ES\u00bb _builder_version=\u00bb3.0.100&#8243; title=\u00bb\u00bfDESAF\u00cdOS DE TRATAMIENTO DE AGUAS O EFLUENTES?\u00bb url_new_window=\u00bboff\u00bb use_icon=\u00bboff\u00bb image=\u00bbhttps:\/\/www.fluencecorp.com\/wp-content\/uploads\/2017\/07\/water_treatment_02.svg\u00bb use_circle=\u00bboff\u00bb use_circle_border=\u00bboff\u00bb icon_placement=\u00bbtop\u00bb use_icon_font_size=\u00bboff\u00bb background_layout=\u00bblight\u00bb text_orientation=\u00bbcenter\u00bb use_border_color=\u00bbon\u00bb custom_padding=\u00bb30px|20px|30px|20px\u00bb module_class=\u00bbfluenceblurb\u00bb animation=\u00bboff\u00bb border_color_all=\u00bb#7fc8bd\u00bb max_width_tablet=\u00bb50px\u00bb border_radii=\u00bbon|3px|3px|3px|3px\u00bb border_width_all=\u00bb1px\u00bb]<\/p>\n<p>\u00a1Estamos para ayudarlo! Contacte Fluence para conocer m\u00e1s sobre nuestras soluciones de tratamiento de aguas y efluentes o discutir detalles espec\u00edficos de su proyecto.<\/p>\n<p><a class=\"et_pb_promo_button et_pb_button\" href=\"\/es\/contacto\/\">CONT\u00c1CTESE<\/a><\/p>\n<p>[\/et_pb_blurb][et_pb_text admin_label=\u00bbQUICK LINKS &#8211; ES\u00bb _builder_version=\u00bb3.21.4&#8243; background_color=\u00bb#f4f4f4&#8243; background_size=\u00bbinitial\u00bb background_position=\u00bbcenter_right\u00bb background_blend=\u00bboverlay\u00bb header_font_size=\u00bb20px\u00bb header_text_color=\u00bb#0b3a5d\u00bb custom_padding=\u00bb30px|30px|30px|30px\u00bb z_index_tablet=\u00bb500&#8243;]<\/p>\n<h1>ENLACES R\u00c1PIDOS<\/h1>\n<ul>\n<li><a href=\"\/es\/cases\/\">Casos de Estudio<\/a><\/li>\n<li><a href=\"\/es\/newsroom\/\">Sala de Prensa<\/a><\/li>\n<\/ul>\n<p>[\/et_pb_text][\/et_pb_column][\/et_pb_row][\/et_pb_section]<\/p>\n","protected":false},"excerpt":{"rendered":"<p>Clarificaci\u00f3n de Aguas y Efluentes <div class=\"et_pb_row et_pb_row_0 et_pb_row_empty\">\n\t\t\t\t\n\t\t\t\t\n\t\t\t\t\n\t\t\t\t\n\t\t\t\t\n\t\t\t<\/div> La t\u00e9cnica de clarificaci\u00f3n es ampliamente difundida en la remoci\u00f3n de turbiedad y color del agua e implica la utilizaci\u00f3n de coagulantes o polielectrolitos. Estos provocan que las finas part\u00edculas que determinan la turbiedad se agrupen, formando fl\u00f3culos cuya precipitaci\u00f3n y remoci\u00f3n son mucho m\u00e1s simples. Sin la formaci\u00f3n [&hellip;]<\/p>\n","protected":false},"author":1,"featured_media":34297,"parent":0,"menu_order":0,"comment_status":"closed","ping_status":"closed","template":"","meta":{"_et_pb_use_builder":"on","_et_pb_old_content":"","_et_gb_content_width":"","_relevanssi_hide_post":"","_relevanssi_hide_content":"","_relevanssi_pin_for_all":"","_relevanssi_pin_keywords":"","_relevanssi_unpin_keywords":"","_relevanssi_related_keywords":"","_relevanssi_related_include_ids":"","_relevanssi_related_exclude_ids":"","_relevanssi_related_no_append":"","_relevanssi_related_not_related":"","_relevanssi_related_posts":"","_relevanssi_noindex_reason":"","inline_featured_image":false,"footnotes":"","_links_to":"","_links_to_target":""},"coauthors":[],"class_list":["post-41310","page","type-page","status-publish","has-post-thumbnail","hentry"],"yoast_head":"<!-- This site is optimized with the Yoast SEO plugin v27.3 - https:\/\/yoast.com\/product\/yoast-seo-wordpress\/ -->\n<title>Clarificaci\u00f3n de Aguas y Efluentes | Fluence<\/title>\n<meta name=\"description\" content=\"Conozca m\u00e1s sobre clarificaci\u00f3n de aguas y de efluentes, potabilizaci\u00f3n de\u00a0agua y ventajas de la ultrafiltraci\u00f3n.\" \/>\n<meta name=\"robots\" content=\"index, follow, max-snippet:-1, max-image-preview:large, max-video-preview:-1\" \/>\n<link rel=\"canonical\" href=\"https:\/\/www.fluencecorp.com\/es\/clarificacion-de-aguas-y-efluentes\/\" \/>\n<meta property=\"og:locale\" content=\"es_ES\" \/>\n<meta property=\"og:type\" content=\"article\" \/>\n<meta property=\"og:title\" content=\"Sistemas de \u00d3smosis Inversa\" \/>\n<meta property=\"og:description\" content=\"Conozca m\u00e1s sobre clarificaci\u00f3n de aguas y de efluentes, potabilizaci\u00f3n de\u00a0agua y ventajas de la ultrafiltraci\u00f3n.\" \/>\n<meta property=\"og:url\" content=\"https:\/\/www.fluencecorp.com\/es\/clarificacion-de-aguas-y-efluentes\/\" \/>\n<meta property=\"article:publisher\" content=\"https:\/\/www.facebook.com\/FluenceCorp\" \/>\n<meta property=\"article:modified_time\" content=\"2019-04-08T18:10:20+00:00\" \/>\n<meta property=\"og:image\" content=\"https:\/\/www.fluencecorp.com\/wp-content\/uploads\/2017\/07\/droplet-pattern.png\" \/>\n\t<meta property=\"og:image:width\" content=\"347\" \/>\n\t<meta property=\"og:image:height\" content=\"231\" \/>\n\t<meta property=\"og:image:type\" content=\"image\/png\" \/>\n<meta name=\"twitter:card\" content=\"summary_large_image\" \/>\n<meta name=\"twitter:site\" content=\"@FluenceCorp\" \/>\n<meta name=\"twitter:label1\" content=\"Tiempo de lectura\" \/>\n\t<meta name=\"twitter:data1\" content=\"4 minutos\" \/>\n\t<meta name=\"twitter:label2\" content=\"Written by\" \/>\n\t<meta name=\"twitter:data2\" content=\"sysop\" \/>\n<script type=\"application\/ld+json\" class=\"yoast-schema-graph\">{\"@context\":\"https:\\\/\\\/schema.org\",\"@graph\":[{\"@type\":\"WebPage\",\"@id\":\"https:\\\/\\\/www.fluencecorp.com\\\/es\\\/clarificacion-de-aguas-y-efluentes\\\/\",\"url\":\"https:\\\/\\\/www.fluencecorp.com\\\/es\\\/clarificacion-de-aguas-y-efluentes\\\/\",\"name\":\"Clarificaci\u00f3n de Aguas y Efluentes | Fluence\",\"isPartOf\":{\"@id\":\"https:\\\/\\\/www.fluencecorp.com\\\/es\\\/#website\"},\"primaryImageOfPage\":{\"@id\":\"https:\\\/\\\/www.fluencecorp.com\\\/es\\\/clarificacion-de-aguas-y-efluentes\\\/#primaryimage\"},\"image\":{\"@id\":\"https:\\\/\\\/www.fluencecorp.com\\\/es\\\/clarificacion-de-aguas-y-efluentes\\\/#primaryimage\"},\"thumbnailUrl\":\"https:\\\/\\\/www.fluencecorp.com\\\/wp-content\\\/uploads\\\/2017\\\/07\\\/droplet-pattern.png\",\"datePublished\":\"2017-12-14T20:32:34+00:00\",\"dateModified\":\"2019-04-08T18:10:20+00:00\",\"description\":\"Conozca m\u00e1s sobre clarificaci\u00f3n de aguas y de efluentes, potabilizaci\u00f3n de\u00a0agua y ventajas de la ultrafiltraci\u00f3n.\",\"breadcrumb\":{\"@id\":\"https:\\\/\\\/www.fluencecorp.com\\\/es\\\/clarificacion-de-aguas-y-efluentes\\\/#breadcrumb\"},\"inLanguage\":\"es\",\"potentialAction\":[{\"@type\":\"ReadAction\",\"target\":[\"https:\\\/\\\/www.fluencecorp.com\\\/es\\\/clarificacion-de-aguas-y-efluentes\\\/\"]}]},{\"@type\":\"ImageObject\",\"inLanguage\":\"es\",\"@id\":\"https:\\\/\\\/www.fluencecorp.com\\\/es\\\/clarificacion-de-aguas-y-efluentes\\\/#primaryimage\",\"url\":\"https:\\\/\\\/www.fluencecorp.com\\\/wp-content\\\/uploads\\\/2017\\\/07\\\/droplet-pattern.png\",\"contentUrl\":\"https:\\\/\\\/www.fluencecorp.com\\\/wp-content\\\/uploads\\\/2017\\\/07\\\/droplet-pattern.png\",\"width\":347,\"height\":231},{\"@type\":\"BreadcrumbList\",\"@id\":\"https:\\\/\\\/www.fluencecorp.com\\\/es\\\/clarificacion-de-aguas-y-efluentes\\\/#breadcrumb\",\"itemListElement\":[{\"@type\":\"ListItem\",\"position\":1,\"name\":\"Home\",\"item\":\"https:\\\/\\\/www.fluencecorp.com\\\/es\\\/\"},{\"@type\":\"ListItem\",\"position\":2,\"name\":\"Clarificaci\u00f3n de Aguas y Efluentes\"}]},{\"@type\":\"WebSite\",\"@id\":\"https:\\\/\\\/www.fluencecorp.com\\\/es\\\/#website\",\"url\":\"https:\\\/\\\/www.fluencecorp.com\\\/es\\\/\",\"name\":\"Fluence Corporation\",\"description\":\"\",\"publisher\":{\"@id\":\"https:\\\/\\\/www.fluencecorp.com\\\/es\\\/#organization\"},\"potentialAction\":[{\"@type\":\"SearchAction\",\"target\":{\"@type\":\"EntryPoint\",\"urlTemplate\":\"https:\\\/\\\/www.fluencecorp.com\\\/es\\\/?s={search_term_string}\"},\"query-input\":{\"@type\":\"PropertyValueSpecification\",\"valueRequired\":true,\"valueName\":\"search_term_string\"}}],\"inLanguage\":\"es\"},{\"@type\":\"Organization\",\"@id\":\"https:\\\/\\\/www.fluencecorp.com\\\/es\\\/#organization\",\"name\":\"Fluence\",\"url\":\"https:\\\/\\\/www.fluencecorp.com\\\/es\\\/\",\"logo\":{\"@type\":\"ImageObject\",\"inLanguage\":\"es\",\"@id\":\"https:\\\/\\\/www.fluencecorp.com\\\/es\\\/#\\\/schema\\\/logo\\\/image\\\/\",\"url\":\"https:\\\/\\\/www.fluencecorp.com\\\/wp-content\\\/uploads\\\/2018\\\/03\\\/fluence-seo-logo.png\",\"contentUrl\":\"https:\\\/\\\/www.fluencecorp.com\\\/wp-content\\\/uploads\\\/2018\\\/03\\\/fluence-seo-logo.png\",\"width\":523,\"height\":181,\"caption\":\"Fluence\"},\"image\":{\"@id\":\"https:\\\/\\\/www.fluencecorp.com\\\/es\\\/#\\\/schema\\\/logo\\\/image\\\/\"},\"sameAs\":[\"https:\\\/\\\/www.facebook.com\\\/FluenceCorp\",\"https:\\\/\\\/x.com\\\/FluenceCorp\",\"https:\\\/\\\/www.linkedin.com\\\/company-beta\\\/18150486\\\/\"]}]}<\/script>\n<!-- \/ Yoast SEO plugin. -->","yoast_head_json":{"title":"Clarificaci\u00f3n de Aguas y Efluentes | Fluence","description":"Conozca m\u00e1s sobre clarificaci\u00f3n de aguas y de efluentes, potabilizaci\u00f3n de\u00a0agua y ventajas de la ultrafiltraci\u00f3n.","robots":{"index":"index","follow":"follow","max-snippet":"max-snippet:-1","max-image-preview":"max-image-preview:large","max-video-preview":"max-video-preview:-1"},"canonical":"https:\/\/www.fluencecorp.com\/es\/clarificacion-de-aguas-y-efluentes\/","og_locale":"es_ES","og_type":"article","og_title":"Sistemas de \u00d3smosis Inversa","og_description":"Conozca m\u00e1s sobre clarificaci\u00f3n de aguas y de efluentes, potabilizaci\u00f3n de\u00a0agua y ventajas de la ultrafiltraci\u00f3n.","og_url":"https:\/\/www.fluencecorp.com\/es\/clarificacion-de-aguas-y-efluentes\/","article_publisher":"https:\/\/www.facebook.com\/FluenceCorp","article_modified_time":"2019-04-08T18:10:20+00:00","og_image":[{"width":347,"height":231,"url":"https:\/\/www.fluencecorp.com\/wp-content\/uploads\/2017\/07\/droplet-pattern.png","type":"image\/png"}],"twitter_card":"summary_large_image","twitter_site":"@FluenceCorp","twitter_misc":{"Tiempo de lectura":"4 minutos","Written by":"sysop"},"schema":{"@context":"https:\/\/schema.org","@graph":[{"@type":"WebPage","@id":"https:\/\/www.fluencecorp.com\/es\/clarificacion-de-aguas-y-efluentes\/","url":"https:\/\/www.fluencecorp.com\/es\/clarificacion-de-aguas-y-efluentes\/","name":"Clarificaci\u00f3n de Aguas y Efluentes | Fluence","isPartOf":{"@id":"https:\/\/www.fluencecorp.com\/es\/#website"},"primaryImageOfPage":{"@id":"https:\/\/www.fluencecorp.com\/es\/clarificacion-de-aguas-y-efluentes\/#primaryimage"},"image":{"@id":"https:\/\/www.fluencecorp.com\/es\/clarificacion-de-aguas-y-efluentes\/#primaryimage"},"thumbnailUrl":"https:\/\/www.fluencecorp.com\/wp-content\/uploads\/2017\/07\/droplet-pattern.png","datePublished":"2017-12-14T20:32:34+00:00","dateModified":"2019-04-08T18:10:20+00:00","description":"Conozca m\u00e1s sobre clarificaci\u00f3n de aguas y de efluentes, potabilizaci\u00f3n de\u00a0agua y ventajas de la ultrafiltraci\u00f3n.","breadcrumb":{"@id":"https:\/\/www.fluencecorp.com\/es\/clarificacion-de-aguas-y-efluentes\/#breadcrumb"},"inLanguage":"es","potentialAction":[{"@type":"ReadAction","target":["https:\/\/www.fluencecorp.com\/es\/clarificacion-de-aguas-y-efluentes\/"]}]},{"@type":"ImageObject","inLanguage":"es","@id":"https:\/\/www.fluencecorp.com\/es\/clarificacion-de-aguas-y-efluentes\/#primaryimage","url":"https:\/\/www.fluencecorp.com\/wp-content\/uploads\/2017\/07\/droplet-pattern.png","contentUrl":"https:\/\/www.fluencecorp.com\/wp-content\/uploads\/2017\/07\/droplet-pattern.png","width":347,"height":231},{"@type":"BreadcrumbList","@id":"https:\/\/www.fluencecorp.com\/es\/clarificacion-de-aguas-y-efluentes\/#breadcrumb","itemListElement":[{"@type":"ListItem","position":1,"name":"Home","item":"https:\/\/www.fluencecorp.com\/es\/"},{"@type":"ListItem","position":2,"name":"Clarificaci\u00f3n de Aguas y Efluentes"}]},{"@type":"WebSite","@id":"https:\/\/www.fluencecorp.com\/es\/#website","url":"https:\/\/www.fluencecorp.com\/es\/","name":"Fluence Corporation","description":"","publisher":{"@id":"https:\/\/www.fluencecorp.com\/es\/#organization"},"potentialAction":[{"@type":"SearchAction","target":{"@type":"EntryPoint","urlTemplate":"https:\/\/www.fluencecorp.com\/es\/?s={search_term_string}"},"query-input":{"@type":"PropertyValueSpecification","valueRequired":true,"valueName":"search_term_string"}}],"inLanguage":"es"},{"@type":"Organization","@id":"https:\/\/www.fluencecorp.com\/es\/#organization","name":"Fluence","url":"https:\/\/www.fluencecorp.com\/es\/","logo":{"@type":"ImageObject","inLanguage":"es","@id":"https:\/\/www.fluencecorp.com\/es\/#\/schema\/logo\/image\/","url":"https:\/\/www.fluencecorp.com\/wp-content\/uploads\/2018\/03\/fluence-seo-logo.png","contentUrl":"https:\/\/www.fluencecorp.com\/wp-content\/uploads\/2018\/03\/fluence-seo-logo.png","width":523,"height":181,"caption":"Fluence"},"image":{"@id":"https:\/\/www.fluencecorp.com\/es\/#\/schema\/logo\/image\/"},"sameAs":["https:\/\/www.facebook.com\/FluenceCorp","https:\/\/x.com\/FluenceCorp","https:\/\/www.linkedin.com\/company-beta\/18150486\/"]}]}},"_links":{"self":[{"href":"https:\/\/www.fluencecorp.com\/es\/wp-json\/wp\/v2\/pages\/41310","targetHints":{"allow":["GET"]}}],"collection":[{"href":"https:\/\/www.fluencecorp.com\/es\/wp-json\/wp\/v2\/pages"}],"about":[{"href":"https:\/\/www.fluencecorp.com\/es\/wp-json\/wp\/v2\/types\/page"}],"author":[{"embeddable":true,"href":"https:\/\/www.fluencecorp.com\/es\/wp-json\/wp\/v2\/users\/1"}],"replies":[{"embeddable":true,"href":"https:\/\/www.fluencecorp.com\/es\/wp-json\/wp\/v2\/comments?post=41310"}],"version-history":[{"count":0,"href":"https:\/\/www.fluencecorp.com\/es\/wp-json\/wp\/v2\/pages\/41310\/revisions"}],"wp:featuredmedia":[{"embeddable":true,"href":"https:\/\/www.fluencecorp.com\/es\/wp-json\/wp\/v2\/media\/34297"}],"wp:attachment":[{"href":"https:\/\/www.fluencecorp.com\/es\/wp-json\/wp\/v2\/media?parent=41310"}],"wp:term":[{"taxonomy":"author","embeddable":true,"href":"https:\/\/www.fluencecorp.com\/es\/wp-json\/wp\/v2\/coauthors?post=41310"}],"curies":[{"name":"wp","href":"https:\/\/api.w.org\/{rel}","templated":true}]}}