{"id":41307,"date":"2017-12-14T15:30:24","date_gmt":"2017-12-14T20:30:24","guid":{"rendered":"https:\/\/www.fluencecorp.com\/?page_id=41307"},"modified":"2024-12-27T07:19:22","modified_gmt":"2024-12-26T20:19:22","slug":"reactor-biologico-con-membranas-mbr","status":"publish","type":"page","link":"https:\/\/www.fluencecorp.com\/es\/reactor-biologico-con-membranas-mbr\/","title":{"rendered":"Reactor Biol\u00f3gico con Membranas (MBR)"},"content":{"rendered":"<p>[et_pb_section fb_built=\u00bb1&#8243; _builder_version=\u00bb4.16&#8243; background_color=\u00bb#f4f4f4&#8243; background_blend=\u00bbmultiply\u00bb custom_padding=\u00bb0px||0px|\u00bb global_colors_info=\u00bb{}\u00bb da_is_popup=\u00bboff\u00bb da_exit_intent=\u00bboff\u00bb da_has_close=\u00bbon\u00bb da_alt_close=\u00bboff\u00bb da_dark_close=\u00bboff\u00bb da_not_modal=\u00bbon\u00bb da_is_singular=\u00bboff\u00bb da_with_loader=\u00bboff\u00bb da_has_shadow=\u00bbon\u00bb da_disable_devices=\u00bboff|off|off\u00bb][et_pb_row _builder_version=\u00bb4.16&#8243; custom_margin=\u00bb0px||0px|\u00bb custom_padding=\u00bb0px||0px|\u00bb global_colors_info=\u00bb{}\u00bb][et_pb_column type=\u00bb4_4&#8243; _builder_version=\u00bb4.16&#8243; background_position=\u00bbtop_left\u00bb custom_padding=\u00bb|||\u00bb global_colors_info=\u00bb{}\u00bb custom_padding__hover=\u00bb|||\u00bb][et_pb_text admin_label=\u00bbHeader with Grey Background\u00bb _builder_version=\u00bb4.16&#8243; text_text_color=\u00bb#778591&#8243; text_font_size=\u00bb24&#8243; header_font=\u00bb|on|||\u00bb header_text_color=\u00bb#0b3a5d\u00bb header_font_size=\u00bb52px\u00bb custom_margin=\u00bb10px||10px|\u00bb custom_padding=\u00bb44px||44px|\u00bb text_font_size_tablet=\u00bb16&#8243; text_font_size_phone=\u00bb\u00bb text_font_size_last_edited=\u00bbon|phone\u00bb header_font_size_tablet=\u00bb35px\u00bb header_font_size_phone=\u00bb28px\u00bb header_font_size_last_edited=\u00bbon|phone\u00bb global_colors_info=\u00bb{}\u00bb]<\/p>\n<h1>Reactor Biol\u00f3gico con Membranas (MBR)<\/h1>\n<p>[\/et_pb_text][\/et_pb_column][\/et_pb_row][\/et_pb_section][et_pb_section fb_built=\u00bb1&#8243; _builder_version=\u00bb4.16&#8243; custom_padding=\u00bb0px||0px|\u00bb global_colors_info=\u00bb{}\u00bb da_is_popup=\u00bboff\u00bb da_exit_intent=\u00bboff\u00bb da_has_close=\u00bbon\u00bb da_alt_close=\u00bboff\u00bb da_dark_close=\u00bboff\u00bb da_not_modal=\u00bbon\u00bb da_is_singular=\u00bboff\u00bb da_with_loader=\u00bboff\u00bb da_has_shadow=\u00bbon\u00bb da_disable_devices=\u00bboff|off|off\u00bb][et_pb_row _builder_version=\u00bb4.16&#8243; background_size=\u00bbinitial\u00bb background_position=\u00bbtop_left\u00bb background_repeat=\u00bbrepeat\u00bb global_colors_info=\u00bb{}\u00bb column_structure=\u00bb2_3,1_3&#8243;][et_pb_column type=\u00bb2_3&#8243; _builder_version=\u00bb4.16&#8243; custom_padding=\u00bb|||\u00bb global_colors_info=\u00bb{}\u00bb custom_padding__hover=\u00bb|||\u00bb][et_pb_text admin_label=\u00bbMain Body Text\u00bb _builder_version=\u00bb4.27.4&#8243; hover_enabled=\u00bb0&#8243; global_colors_info=\u00bb{}\u00bb sticky_enabled=\u00bb0&#8243;]La tendencia creciente de una mayor conciencia medioambiental conlleva regulaciones cada vez m\u00e1s estrictas en materia de vertido de efluentes y limitaciones en la explotaci\u00f3n de acu\u00edferos, con el consecuente incremento de los costos de abastecimiento del agua y disposici\u00f3n final de las aguas residuales.<\/p>\n<p>Ante este panorama, resulta creciente la necesidad de ciclos de agua cada vez m\u00e1s cerrados y rentable la alternativa del re\u00faso de aguas.<\/p>\n<p>Con la finalidad de lograr un tratamiento m\u00e1s efectivo de efluentes se desarroll\u00f3 la tecnolog\u00eda MBR.<\/p>\n<h3>\u00bfQu\u00e9 Es el MBR?<\/h3>\n<ul>\n<li>Reactor biol\u00f3gico con membranas (MBR) es el nombre que se le da a la ultrafiltraci\u00f3n aplicada como parte del tratamiento secundario de efluentes.<\/li>\n<li>Se trata de membranas de UF de similares caracter\u00edsticas que las utilizadas para tratamiento de agua.<\/li>\n<li>Se utiliza como reemplazo de la etapa de clarificaci\u00f3n en una planta de tratamiento de efluentes de lodos activados convencional.<\/li>\n<\/ul>\n<h3>Sistema Biol\u00f3gico Convencional<\/h3>\n<p><img decoding=\"async\" src=\"https:\/\/www.fluencecorp.com\/wp-content\/uploads\/2018\/01\/MBR-Externo.png\" alt=\"\" width=\"475\" height=\"143\" class=\"alignnone size-full wp-image-41668\" \/><\/p>\n<h3>Sistema Biol\u00f3gico conMBR (Externo)<\/h3>\n<p><img decoding=\"async\" src=\"https:\/\/www.fluencecorp.com\/wp-content\/uploads\/2018\/01\/MBR-Convencional.png\" alt=\"\" width=\"475\" height=\"129\" class=\"alignnone size-full wp-image-41666\" \/><\/p>\n<h3>Ventajas del Tratamiento con MBR vs. Convencional:<\/h3>\n<ul>\n<li>Permite operar el reactor biol\u00f3gico con mayor MLSS (8-20 g\/l vs 3-5 g\/l).<\/li>\n<li>Menor \u00e1rea de implantaci\u00f3n y obras civiles m\u00e1s reducidas (eliminaci\u00f3n del clarificador y volumen reducido del reactor).<\/li>\n<li>Mejora en la eficiencia de degradaci\u00f3n biol\u00f3gica (universo amplio de bacterias vs. bacterias formadoras de floc).<\/li>\n<li>Efluente de mejor calidad, libre de s\u00f3lidos suspendidos.<\/li>\n<li>Mayor estabilidad operativa (disminuci\u00f3n de riesgos de efluente fuera de especificaci\u00f3n).<\/li>\n<li>Efluente apto para re\u00faso directo o previo postratamiento (<a href=\"https:\/\/www.fluencecorp.com\/es\/sistemas-osmosis-inversa\/\" target=\"_blank\" rel=\"noopener noreferrer\">\u00f3smosis inversa<\/a>, carb\u00f3n activado o UV, dependiendo de la calidad final requerida).<\/li>\n<\/ul>\n<h3>Casos m\u00e1s Usuales de Aplicaci\u00f3n de MBR:<\/h3>\n<ul>\n<li>En las plantas de tratamiento de efluentes nuevas dise\u00f1adas con el concepto de re\u00faso de aguas.<\/li>\n<li>Escaso espacio f\u00edsico disponible.<\/li>\n<li>Ampliaci\u00f3n en la capacidad de las plantas de tratamiento de efluentes existentes, manteniendo las dimensiones del reactor.<\/li>\n<\/ul>\n<p><a href=\"https:\/\/www.fluencecorp.com\/es\/contacto\/\" target=\"_blank\" rel=\"noopener noreferrer\">Cont\u00e1ctese con nuestros expertos<\/a>para tratar los detalles de su proyecto, y para conocer c\u00f3mo nuestros reactores biol\u00f3gicos con membranas (MBR) pueden ayudarle a alcanzar sus metas.<br \/>\n[\/et_pb_text][\/et_pb_column][et_pb_column type=\u00bb1_3&#8243; _builder_version=\u00bb4.16&#8243; custom_padding=\u00bb|||\u00bb global_colors_info=\u00bb{}\u00bb custom_padding__hover=\u00bb|||\u00bb][et_pb_blurb title=\u00bb\u00bfDESAF\u00cdOS DE TRATAMIENTO DE EFLUENTES?\u00bb image=\u00bbhttps:\/\/www.fluencecorp.com\/wp-content\/uploads\/2017\/07\/wastewater_treatment_02.svg\u00bb admin_label=\u00bbWASTE-TO-ENERGY CHALLENGES &#8211; ES\u00bb module_class=\u00bbfluenceblurb\u00bb _builder_version=\u00bb4.16&#8243; text_orientation=\u00bbcenter\u00bb max_width_tablet=\u00bb50px\u00bb custom_padding=\u00bb30px|20px|30px|20px\u00bb animation=\u00bboff\u00bb border_radii=\u00bbon|3px|3px|3px|3px\u00bb border_width_all=\u00bb1px\u00bb border_color_all=\u00bb#7fc8bd\u00bb use_border_color=\u00bbon\u00bb use_circle=\u00bboff\u00bb use_circle_border=\u00bboff\u00bb global_colors_info=\u00bb{}\u00bb]\u00a1Estamos para ayudarlo! Contacte Fluence para conocer m\u00e1s sobre nuestras soluciones de tratamiento de efluentes o discutir detalles espec\u00edficos de su proyecto.<\/p>\n<p><a class=\"et_pb_promo_button et_pb_button\" href=\"\/es\/contacto\/\">CONT\u00c1CTESE<\/a><br \/>\n[\/et_pb_blurb][et_pb_text admin_label=\u00bbQUICK LINKS &#8211; ES\u00bb _builder_version=\u00bb4.16&#8243; header_text_color=\u00bb#0b3a5d\u00bb header_font_size=\u00bb20px\u00bb background_color=\u00bb#f4f4f4&#8243; background_size=\u00bbinitial\u00bb background_position=\u00bbcenter_right\u00bb background_blend=\u00bboverlay\u00bb custom_padding=\u00bb30px|30px|30px|30px\u00bb z_index_tablet=\u00bb500&#8243; global_colors_info=\u00bb{}\u00bb]<\/p>\n<h1>ENLACES R\u00c1PIDOS<\/h1>\n<ul>\n<li><a href=\"\/es\/cases\/\">Casos de Estudio<\/a><\/li>\n<li><a href=\"\/es\/newsroom\/\">Sala de Prensa<\/a><\/li>\n<\/ul>\n<p>[\/et_pb_text][\/et_pb_column][\/et_pb_row][\/et_pb_section]<\/p>\n","protected":false},"excerpt":{"rendered":"<p>Reactor Biol\u00f3gico con Membranas (MBR) La tendencia creciente de una mayor conciencia medioambiental conlleva regulaciones cada vez m\u00e1s estrictas en materia de vertido de efluentes y limitaciones en la explotaci\u00f3n de acu\u00edferos, con el consecuente incremento de los costos de abastecimiento del agua y disposici\u00f3n final de las aguas residuales. Ante este panorama, resulta creciente [&hellip;]<\/p>\n","protected":false},"author":1,"featured_media":34297,"parent":0,"menu_order":0,"comment_status":"closed","ping_status":"closed","template":"","meta":{"_et_pb_use_builder":"on","_et_pb_old_content":"","_et_gb_content_width":"","_relevanssi_hide_post":"","_relevanssi_hide_content":"","_relevanssi_pin_for_all":"","_relevanssi_pin_keywords":"","_relevanssi_unpin_keywords":"","_relevanssi_related_keywords":"","_relevanssi_related_include_ids":"","_relevanssi_related_exclude_ids":"","_relevanssi_related_no_append":"","_relevanssi_related_not_related":"","_relevanssi_related_posts":"","_relevanssi_noindex_reason":"","inline_featured_image":false,"footnotes":"","_links_to":"","_links_to_target":""},"coauthors":[239],"class_list":["post-41307","page","type-page","status-publish","has-post-thumbnail","hentry"],"yoast_head":"<!-- This site is optimized with the Yoast SEO plugin v27.5 - https:\/\/yoast.com\/product\/yoast-seo-wordpress\/ -->\n<title>Reactor Biol\u00f3gico con Membranas (MBR) | Fluence<\/title>\n<meta name=\"description\" content=\"Conozca la tecnolog\u00eda de MBR: tratamiento bacteriol\u00f3gico por Ultrafiltraci\u00f3n utilizando menor \u00e1rea de implantaci\u00f3n y obteniendo efluentes de mejor calidad.\" \/>\n<meta name=\"robots\" content=\"index, follow, max-snippet:-1, max-image-preview:large, max-video-preview:-1\" \/>\n<link rel=\"canonical\" href=\"https:\/\/www.fluencecorp.com\/es\/reactor-biologico-con-membranas-mbr\/\" \/>\n<meta property=\"og:locale\" content=\"es_ES\" \/>\n<meta property=\"og:type\" content=\"article\" \/>\n<meta property=\"og:title\" content=\"Sistemas de \u00d3smosis Inversa\" \/>\n<meta property=\"og:description\" content=\"Conozca la tecnolog\u00eda de MBR: tratamiento bacteriol\u00f3gico por Ultrafiltraci\u00f3n utilizando menor \u00e1rea de implantaci\u00f3n y obteniendo efluentes de mejor calidad.\" \/>\n<meta property=\"og:url\" content=\"https:\/\/www.fluencecorp.com\/es\/reactor-biologico-con-membranas-mbr\/\" \/>\n<meta property=\"article:publisher\" content=\"https:\/\/www.facebook.com\/FluenceCorp\" \/>\n<meta property=\"article:modified_time\" content=\"2024-12-26T20:19:22+00:00\" \/>\n<meta property=\"og:image\" content=\"https:\/\/www.fluencecorp.com\/wp-content\/uploads\/2017\/07\/droplet-pattern.png\" \/>\n\t<meta property=\"og:image:width\" content=\"347\" \/>\n\t<meta property=\"og:image:height\" content=\"231\" \/>\n\t<meta property=\"og:image:type\" content=\"image\/png\" \/>\n<meta name=\"twitter:card\" content=\"summary_large_image\" \/>\n<meta name=\"twitter:site\" content=\"@FluenceCorp\" \/>\n<meta name=\"twitter:label1\" content=\"Tiempo de lectura\" \/>\n\t<meta name=\"twitter:data1\" content=\"3 minutos\" \/>\n\t<meta name=\"twitter:label2\" content=\"Written by\" \/>\n\t<meta name=\"twitter:data2\" content=\"sysop\" \/>\n<script type=\"application\/ld+json\" class=\"yoast-schema-graph\">{\"@context\":\"https:\\\/\\\/schema.org\",\"@graph\":[{\"@type\":\"WebPage\",\"@id\":\"https:\\\/\\\/www.fluencecorp.com\\\/es\\\/reactor-biologico-con-membranas-mbr\\\/\",\"url\":\"https:\\\/\\\/www.fluencecorp.com\\\/es\\\/reactor-biologico-con-membranas-mbr\\\/\",\"name\":\"Reactor Biol\u00f3gico con Membranas (MBR) | Fluence\",\"isPartOf\":{\"@id\":\"https:\\\/\\\/www.fluencecorp.com\\\/es\\\/#website\"},\"primaryImageOfPage\":{\"@id\":\"https:\\\/\\\/www.fluencecorp.com\\\/es\\\/reactor-biologico-con-membranas-mbr\\\/#primaryimage\"},\"image\":{\"@id\":\"https:\\\/\\\/www.fluencecorp.com\\\/es\\\/reactor-biologico-con-membranas-mbr\\\/#primaryimage\"},\"thumbnailUrl\":\"https:\\\/\\\/www.fluencecorp.com\\\/wp-content\\\/uploads\\\/2017\\\/07\\\/droplet-pattern.png\",\"datePublished\":\"2017-12-14T20:30:24+00:00\",\"dateModified\":\"2024-12-26T20:19:22+00:00\",\"description\":\"Conozca la tecnolog\u00eda de MBR: tratamiento bacteriol\u00f3gico por Ultrafiltraci\u00f3n utilizando menor \u00e1rea de implantaci\u00f3n y obteniendo efluentes de mejor calidad.\",\"breadcrumb\":{\"@id\":\"https:\\\/\\\/www.fluencecorp.com\\\/es\\\/reactor-biologico-con-membranas-mbr\\\/#breadcrumb\"},\"inLanguage\":\"es\",\"potentialAction\":[{\"@type\":\"ReadAction\",\"target\":[\"https:\\\/\\\/www.fluencecorp.com\\\/es\\\/reactor-biologico-con-membranas-mbr\\\/\"]}]},{\"@type\":\"ImageObject\",\"inLanguage\":\"es\",\"@id\":\"https:\\\/\\\/www.fluencecorp.com\\\/es\\\/reactor-biologico-con-membranas-mbr\\\/#primaryimage\",\"url\":\"https:\\\/\\\/www.fluencecorp.com\\\/wp-content\\\/uploads\\\/2017\\\/07\\\/droplet-pattern.png\",\"contentUrl\":\"https:\\\/\\\/www.fluencecorp.com\\\/wp-content\\\/uploads\\\/2017\\\/07\\\/droplet-pattern.png\",\"width\":347,\"height\":231},{\"@type\":\"BreadcrumbList\",\"@id\":\"https:\\\/\\\/www.fluencecorp.com\\\/es\\\/reactor-biologico-con-membranas-mbr\\\/#breadcrumb\",\"itemListElement\":[{\"@type\":\"ListItem\",\"position\":1,\"name\":\"Home\",\"item\":\"https:\\\/\\\/www.fluencecorp.com\\\/es\\\/\"},{\"@type\":\"ListItem\",\"position\":2,\"name\":\"Reactor Biol\u00f3gico con Membranas (MBR)\"}]},{\"@type\":\"WebSite\",\"@id\":\"https:\\\/\\\/www.fluencecorp.com\\\/es\\\/#website\",\"url\":\"https:\\\/\\\/www.fluencecorp.com\\\/es\\\/\",\"name\":\"Fluence Corporation\",\"description\":\"\",\"publisher\":{\"@id\":\"https:\\\/\\\/www.fluencecorp.com\\\/es\\\/#organization\"},\"potentialAction\":[{\"@type\":\"SearchAction\",\"target\":{\"@type\":\"EntryPoint\",\"urlTemplate\":\"https:\\\/\\\/www.fluencecorp.com\\\/es\\\/?s={search_term_string}\"},\"query-input\":{\"@type\":\"PropertyValueSpecification\",\"valueRequired\":true,\"valueName\":\"search_term_string\"}}],\"inLanguage\":\"es\"},{\"@type\":\"Organization\",\"@id\":\"https:\\\/\\\/www.fluencecorp.com\\\/es\\\/#organization\",\"name\":\"Fluence\",\"url\":\"https:\\\/\\\/www.fluencecorp.com\\\/es\\\/\",\"logo\":{\"@type\":\"ImageObject\",\"inLanguage\":\"es\",\"@id\":\"https:\\\/\\\/www.fluencecorp.com\\\/es\\\/#\\\/schema\\\/logo\\\/image\\\/\",\"url\":\"https:\\\/\\\/www.fluencecorp.com\\\/wp-content\\\/uploads\\\/2018\\\/03\\\/fluence-seo-logo.png\",\"contentUrl\":\"https:\\\/\\\/www.fluencecorp.com\\\/wp-content\\\/uploads\\\/2018\\\/03\\\/fluence-seo-logo.png\",\"width\":523,\"height\":181,\"caption\":\"Fluence\"},\"image\":{\"@id\":\"https:\\\/\\\/www.fluencecorp.com\\\/es\\\/#\\\/schema\\\/logo\\\/image\\\/\"},\"sameAs\":[\"https:\\\/\\\/www.facebook.com\\\/FluenceCorp\",\"https:\\\/\\\/x.com\\\/FluenceCorp\",\"https:\\\/\\\/www.linkedin.com\\\/company-beta\\\/18150486\\\/\"]}]}<\/script>\n<!-- \/ Yoast SEO plugin. -->","yoast_head_json":{"title":"Reactor Biol\u00f3gico con Membranas (MBR) | Fluence","description":"Conozca la tecnolog\u00eda de MBR: tratamiento bacteriol\u00f3gico por Ultrafiltraci\u00f3n utilizando menor \u00e1rea de implantaci\u00f3n y obteniendo efluentes de mejor calidad.","robots":{"index":"index","follow":"follow","max-snippet":"max-snippet:-1","max-image-preview":"max-image-preview:large","max-video-preview":"max-video-preview:-1"},"canonical":"https:\/\/www.fluencecorp.com\/es\/reactor-biologico-con-membranas-mbr\/","og_locale":"es_ES","og_type":"article","og_title":"Sistemas de \u00d3smosis Inversa","og_description":"Conozca la tecnolog\u00eda de MBR: tratamiento bacteriol\u00f3gico por Ultrafiltraci\u00f3n utilizando menor \u00e1rea de implantaci\u00f3n y obteniendo efluentes de mejor calidad.","og_url":"https:\/\/www.fluencecorp.com\/es\/reactor-biologico-con-membranas-mbr\/","article_publisher":"https:\/\/www.facebook.com\/FluenceCorp","article_modified_time":"2024-12-26T20:19:22+00:00","og_image":[{"width":347,"height":231,"url":"https:\/\/www.fluencecorp.com\/wp-content\/uploads\/2017\/07\/droplet-pattern.png","type":"image\/png"}],"twitter_card":"summary_large_image","twitter_site":"@FluenceCorp","twitter_misc":{"Tiempo de lectura":"3 minutos","Written by":"sysop"},"schema":{"@context":"https:\/\/schema.org","@graph":[{"@type":"WebPage","@id":"https:\/\/www.fluencecorp.com\/es\/reactor-biologico-con-membranas-mbr\/","url":"https:\/\/www.fluencecorp.com\/es\/reactor-biologico-con-membranas-mbr\/","name":"Reactor Biol\u00f3gico con Membranas (MBR) | Fluence","isPartOf":{"@id":"https:\/\/www.fluencecorp.com\/es\/#website"},"primaryImageOfPage":{"@id":"https:\/\/www.fluencecorp.com\/es\/reactor-biologico-con-membranas-mbr\/#primaryimage"},"image":{"@id":"https:\/\/www.fluencecorp.com\/es\/reactor-biologico-con-membranas-mbr\/#primaryimage"},"thumbnailUrl":"https:\/\/www.fluencecorp.com\/wp-content\/uploads\/2017\/07\/droplet-pattern.png","datePublished":"2017-12-14T20:30:24+00:00","dateModified":"2024-12-26T20:19:22+00:00","description":"Conozca la tecnolog\u00eda de MBR: tratamiento bacteriol\u00f3gico por Ultrafiltraci\u00f3n utilizando menor \u00e1rea de implantaci\u00f3n y obteniendo efluentes de mejor calidad.","breadcrumb":{"@id":"https:\/\/www.fluencecorp.com\/es\/reactor-biologico-con-membranas-mbr\/#breadcrumb"},"inLanguage":"es","potentialAction":[{"@type":"ReadAction","target":["https:\/\/www.fluencecorp.com\/es\/reactor-biologico-con-membranas-mbr\/"]}]},{"@type":"ImageObject","inLanguage":"es","@id":"https:\/\/www.fluencecorp.com\/es\/reactor-biologico-con-membranas-mbr\/#primaryimage","url":"https:\/\/www.fluencecorp.com\/wp-content\/uploads\/2017\/07\/droplet-pattern.png","contentUrl":"https:\/\/www.fluencecorp.com\/wp-content\/uploads\/2017\/07\/droplet-pattern.png","width":347,"height":231},{"@type":"BreadcrumbList","@id":"https:\/\/www.fluencecorp.com\/es\/reactor-biologico-con-membranas-mbr\/#breadcrumb","itemListElement":[{"@type":"ListItem","position":1,"name":"Home","item":"https:\/\/www.fluencecorp.com\/es\/"},{"@type":"ListItem","position":2,"name":"Reactor Biol\u00f3gico con Membranas (MBR)"}]},{"@type":"WebSite","@id":"https:\/\/www.fluencecorp.com\/es\/#website","url":"https:\/\/www.fluencecorp.com\/es\/","name":"Fluence Corporation","description":"","publisher":{"@id":"https:\/\/www.fluencecorp.com\/es\/#organization"},"potentialAction":[{"@type":"SearchAction","target":{"@type":"EntryPoint","urlTemplate":"https:\/\/www.fluencecorp.com\/es\/?s={search_term_string}"},"query-input":{"@type":"PropertyValueSpecification","valueRequired":true,"valueName":"search_term_string"}}],"inLanguage":"es"},{"@type":"Organization","@id":"https:\/\/www.fluencecorp.com\/es\/#organization","name":"Fluence","url":"https:\/\/www.fluencecorp.com\/es\/","logo":{"@type":"ImageObject","inLanguage":"es","@id":"https:\/\/www.fluencecorp.com\/es\/#\/schema\/logo\/image\/","url":"https:\/\/www.fluencecorp.com\/wp-content\/uploads\/2018\/03\/fluence-seo-logo.png","contentUrl":"https:\/\/www.fluencecorp.com\/wp-content\/uploads\/2018\/03\/fluence-seo-logo.png","width":523,"height":181,"caption":"Fluence"},"image":{"@id":"https:\/\/www.fluencecorp.com\/es\/#\/schema\/logo\/image\/"},"sameAs":["https:\/\/www.facebook.com\/FluenceCorp","https:\/\/x.com\/FluenceCorp","https:\/\/www.linkedin.com\/company-beta\/18150486\/"]}]}},"_links":{"self":[{"href":"https:\/\/www.fluencecorp.com\/es\/wp-json\/wp\/v2\/pages\/41307","targetHints":{"allow":["GET"]}}],"collection":[{"href":"https:\/\/www.fluencecorp.com\/es\/wp-json\/wp\/v2\/pages"}],"about":[{"href":"https:\/\/www.fluencecorp.com\/es\/wp-json\/wp\/v2\/types\/page"}],"author":[{"embeddable":true,"href":"https:\/\/www.fluencecorp.com\/es\/wp-json\/wp\/v2\/users\/1"}],"replies":[{"embeddable":true,"href":"https:\/\/www.fluencecorp.com\/es\/wp-json\/wp\/v2\/comments?post=41307"}],"version-history":[{"count":0,"href":"https:\/\/www.fluencecorp.com\/es\/wp-json\/wp\/v2\/pages\/41307\/revisions"}],"wp:featuredmedia":[{"embeddable":true,"href":"https:\/\/www.fluencecorp.com\/es\/wp-json\/wp\/v2\/media\/34297"}],"wp:attachment":[{"href":"https:\/\/www.fluencecorp.com\/es\/wp-json\/wp\/v2\/media?parent=41307"}],"wp:term":[{"taxonomy":"author","embeddable":true,"href":"https:\/\/www.fluencecorp.com\/es\/wp-json\/wp\/v2\/coauthors?post=41307"}],"curies":[{"name":"wp","href":"https:\/\/api.w.org\/{rel}","templated":true}]}}