{"id":41305,"date":"2017-12-14T15:27:47","date_gmt":"2017-12-14T20:27:47","guid":{"rendered":"https:\/\/www.fluencecorp.com\/?page_id=41305"},"modified":"2019-04-09T04:11:11","modified_gmt":"2019-04-08T18:11:11","slug":"microfiltracion","status":"publish","type":"page","link":"https:\/\/www.fluencecorp.com\/es\/microfiltracion\/","title":{"rendered":"Microfiltraci\u00f3n"},"content":{"rendered":"<p>[et_pb_section bb_built=\u00bb1&#8243; fullwidth=\u00bboff\u00bb specialty=\u00bboff\u00bb _builder_version=\u00bb3.0.61&#8243; background_color=\u00bb#f4f4f4&#8243; background_blend=\u00bbmultiply\u00bb custom_padding=\u00bb0px||0px|\u00bb next_background_color=\u00bb#ffffff\u00bb][et_pb_row _builder_version=\u00bb3.0.60&#8243; background_position_1=\u00bbtop_left\u00bb background_repeat_1=\u00bbno-repeat\u00bb custom_margin=\u00bb0px||0px|\u00bb custom_padding=\u00bb0px||0px|\u00bb][et_pb_column type=\u00bb4_4&#8243;][et_pb_text admin_label=\u00bbHeader with Grey Background\u00bb _builder_version=\u00bb3.0.91&#8243; background_layout=\u00bblight\u00bb text_font_size=\u00bb24&#8243; header_text_color=\u00bb#0b3a5d\u00bb header_font_size=\u00bb52px\u00bb text_text_color=\u00bb#778591&#8243; custom_margin=\u00bb10px||10px|\u00bb custom_padding=\u00bb44px||44px|\u00bb header_font=\u00bb|on|||\u00bb text_font_size_tablet=\u00bb16&#8243; text_font_size_last_edited=\u00bbon|phone\u00bb header_font_size_tablet=\u00bb35px\u00bb header_font_size_phone=\u00bb28px\u00bb header_font_size_last_edited=\u00bbon|phone\u00bb]<\/p>\n<h1>Microfiltraci\u00f3n<\/h1>\n<p>[\/et_pb_text][\/et_pb_column][\/et_pb_row][\/et_pb_section][et_pb_section bb_built=\u00bb1&#8243; _builder_version=\u00bb3.0.59&#8243; custom_padding=\u00bb0px||0px|\u00bb prev_background_color=\u00bb#f4f4f4&#8243;][et_pb_row][et_pb_column type=\u00bb2_3&#8243;][et_pb_text admin_label=\u00bbMain Body Text\u00bb _builder_version=\u00bb3.0.95&#8243; background_layout=\u00bblight\u00bb]<\/p>\n<p>Este tipo de filtraci\u00f3n agrupa a los filtros que retienen part\u00edculas del orden de los micrones, de pesos moleculares mayores a 100.000 Da.<\/p>\n<p>Se utilizan para remover s\u00f3lidos en suspensi\u00f3n hasta bacterias del agua a tratar. Parte de la contaminaci\u00f3n viral es atrapada, a pesar de que los virus son m\u00e1s peque\u00f1os que los poros de la membrana de microfiltraci\u00f3n, ya que pueden acoplarse a las bacterias y quedar retenidos en conjunto. Logran reducir significativamente la turbidez del agua.<\/p>\n<p>La retenci\u00f3n puede producirse por el paso del agua a trav\u00e9s de un material poroso o de una membrana; y puede producirse en dos formas de flujo distintas: \u00abdead end\u00bb o \u00abcrossflow\u00bb. Los filtros dead end funcionan de la misma forma que los <a href=\"https:\/\/www.fluencecorp.com\/es\/filtros-multimedia\/\" target=\"_blank\" rel=\"noopener noreferrer\">filtros multimedia<\/a>: cuando una corriente de agua pasa a trav\u00e9s de ellos se acumulan los s\u00f3lidos sobre la superficie y en el interior del medio filtrante, y se obtiene una corriente de agua de producto. Los filtros crossflow (siempre de membranas) permiten obtener dos corrientes al pasar un caudal de agua a trav\u00e9s del filtro: una que fluye paralela a la membrana arrastrando los s\u00f3lidos retenidos, y la otra, purificada, que pasa a trav\u00e9s de ella.<\/p>\n<p>Los filtros de cartucho (tipo dead end) son muy utilizados como protecci\u00f3n a equipos que est\u00e9n aguas abajo, como puede ser una <a href=\"https:\/\/www.fluencecorp.com\/es\/sistemas-osmosis-inversa\/\" target=\"_blank\" rel=\"noopener noreferrer\">\u00f3smosis inversa<\/a> o una nanofiltraci\u00f3n, y posteriores a equipos de filtraci\u00f3n por medios, como puede ser un multimedia. Estos es porque si el agua tuviera gran contenido de s\u00f3lidos se tapar\u00edan con facilidad, y debido a que no sirven como m\u00e9todo de remoci\u00f3n de s\u00f3lidos disueltos sino que solo remueven part\u00edculas en suspensi\u00f3n, como bacterias, macromol\u00e9culas, s\u00f3lidos en suspensi\u00f3n, dejando pasar coloides, virus, dureza, color, pesticidas y sales.<\/p>\n<p>Son muy sencillos ya que no requieren ning\u00fan tipo de mantenimiento, solo se recambian cada cierto periodo de tiempo (cada 3 meses es un periodo razonable) siempre dependiendo de las condiciones del agua que se est\u00e9 alimentando; un criterio para el recambio de los filtros de cartucho es hacerlo cuando la ca\u00edda de presi\u00f3n supere un valor determinado que est\u00e1 dado por las caracter\u00edsticas constructivas del filtro.<\/p>\n<p>El medio filtrante se construye en polipropileno, celulosa, fibra de vidrio, nylon, y las carcasas de los filtros de cartucho pueden estar construidas en acero inoxidable, pl\u00e1stico, acr\u00edlico, de acuerdo a las presiones y caudales que manejen. Pueden ser sanitarios, m\u00faltiples, absolutos, nominales, etc. Un filtro absoluto de, por ejemplo, 5 micrones, retiene cerca del 99,99 % de las part\u00edculas de dicho di\u00e1metro; mientras que un filtro nominal de 5 micrones retiene alrededor del 90 %. Esta diferencia se debe a que para el filtro nominal, el tama\u00f1o de retenci\u00f3n es un valor estad\u00edstico, que surge de una distribuci\u00f3n gaussiana de poros, a diferencia del filtro absoluto cuyo distribuci\u00f3n de poros es m\u00e1s o menos uniforme y el valor l\u00edmite de retenci\u00f3n es obtenido en condiciones de laboratorio como el di\u00e1metro de la mayor part\u00edcula que pasa a trav\u00e9s de \u00e9l.<\/p>\n<p>Los filtros de membranas, en cambio, se caracterizan por trabajar de modo tangencial; es decir que el fluido que ingresa se divide en dos corrientes, una que pasa a trav\u00e9s de la membrana, que la atraviesa en forma perpendicular, y otra que circula paralela a la superficie de la misma. Esta \u00faltima ayuda a remover los s\u00f3lidos que no filtran a trav\u00e9s de la membrana concentr\u00e1ndose en ellos, por lo cual se llama \u00abconcentrado\u00bb o corriente de rechazo. Sin embargo, en algunas aplicaciones como en la producci\u00f3n de jugos, esta corriente puede ser el producto deseado. Para que efectivamente el agua filtre a trav\u00e9s de la membrana es necesario generar una presi\u00f3n de trabajo (puede ser mediante el uso de una bomba); los equipos de microfiltraci\u00f3n pueden trabajar a presiones entre 1 y 25 kg\/cm<sup>2<\/sup>, dependiendo del fluido a filtrar. La presi\u00f3n a la que trabajan los medios filtrantes determina no solo el tipo de filtro a elegir, sino tambi\u00e9n el material de la carcasa del filtro, de forma de trabajar a esas presiones sin complicaciones.<\/p>\n<p>Com\u00fanmente en microfiltraci\u00f3n se utilizan membranas en configuraci\u00f3n de fibra hueca, ya que esta es la configuraci\u00f3n que requiere menor presi\u00f3n de trabajo y, por lo tanto, un menor costo de bombeo. El fluido circula a trav\u00e9s de membranas del tama\u00f1o de capilares que var\u00edan entre los 0,5 y 8 mm de di\u00e1metro. Dependiendo de la construcci\u00f3n se trabaja de adentro hacia afuera o viceversa, presentando en cada caso, ventajas y desventajas. Cuando el fluido circula desde el interior del filtro hacia afuera no existe riesgo de deformaci\u00f3n de la fibra, que si se presenta en el otro caso, ya que la presi\u00f3n externa puede compactar las fibras, reduciendo la capacidad de filtraci\u00f3n de la misma. Por otro lado, al hacer pasar agua desde afuera hacia adentro, las part\u00edculas filtradas quedan depositadas en la superficie externa y su remoci\u00f3n es bastante m\u00e1s sencilla que en el caso contrario.<\/p>\n<p>El caudal de agua que pasa a trav\u00e9s de la membrana es proporcional a la presi\u00f3n ejercida y a la superficie de la membrana e inversamente proporcional al espesor de la misma. Pueden estar construidas de materiales diversos, siempre que sean compatibles con la soluci\u00f3n alimentada y con los agentes de limpieza; se fabrican con acetato de celulosa (CA), PVC, poliacrilonitrilo, policarbonato y polisulfona. La polisulfona tiene especial inter\u00e9s porque resiste hasta 93 \u00baC, pHs desde 0,5 hasta 13 y gran variedad de agentes qu\u00edmicos.<\/p>\n<p>Las membranas de microfiltraci\u00f3n tienen poros de entre 0.3 y 10 micrones, y debido al car\u00e1cter abierto de las mismas, no sufren los efectos de polarizaci\u00f3n de la concentraci\u00f3n en forma tan acentuada como los equipos de nanofiltraci\u00f3n u \u00f3smosis inversa.<\/p>\n<p>Los lavados se realizan en contra-corriente con agua filtrada como primera etapa, pero en la mayor\u00eda de las aplicaciones es necesario aplicar otros m\u00e9todos para limpiar completamente la membrana. Debido a que algunas sustancias pueden quedar adheridas por medio de un proceso llamado adsorci\u00f3n (principalmente sustancias de origen org\u00e1nico o microbiano), es necesario recurrir a la aplicaci\u00f3n de contra-lavados con limpiadores qu\u00edmicos, los cuales var\u00edan dependiendo del proceso considerado. Las membranas se lavan in-situ, es decir que no es necesario quitarlas de la instalaci\u00f3n, lo que simplifica el proceso de lavado.<\/p>\n<p><a href=\"https:\/\/www.fluencecorp.com\/es\/contacto\/\" target=\"_blank\" rel=\"noopener noreferrer\">Cont\u00e1ctese con nuestros expertos<\/a>para tratar los detalles de su proyecto, y para conocer c\u00f3mo nuestros productos pueden ayudarle a alcanzar sus metas.<\/p>\n<p>[\/et_pb_text][\/et_pb_column][et_pb_column type=\u00bb1_3&#8243;][et_pb_blurb admin_label=\u00bbWASTE-TO-ENERGY CHALLENGES &#8211; ES\u00bb _builder_version=\u00bb3.0.100&#8243; title=\u00bb\u00bfDESAF\u00cdOS DE TRATAMIENTO DE AGUAS O EFLUENTES?\u00bb url_new_window=\u00bboff\u00bb use_icon=\u00bboff\u00bb image=\u00bbhttps:\/\/www.fluencecorp.com\/wp-content\/uploads\/2017\/07\/water_treatment_02.svg\u00bb use_circle=\u00bboff\u00bb use_circle_border=\u00bboff\u00bb icon_placement=\u00bbtop\u00bb use_icon_font_size=\u00bboff\u00bb background_layout=\u00bblight\u00bb text_orientation=\u00bbcenter\u00bb use_border_color=\u00bbon\u00bb custom_padding=\u00bb30px|20px|30px|20px\u00bb module_class=\u00bbfluenceblurb\u00bb animation=\u00bboff\u00bb border_color_all=\u00bb#7fc8bd\u00bb max_width_tablet=\u00bb50px\u00bb border_radii=\u00bbon|3px|3px|3px|3px\u00bb border_width_all=\u00bb1px\u00bb]<\/p>\n<p>\u00a1Estamos para ayudarlo! Contacte Fluence para conocer m\u00e1s sobre nuestras soluciones de tratamiento de aguas y efluentes o discutir detalles espec\u00edficos de su proyecto.<\/p>\n<p><a class=\"et_pb_promo_button et_pb_button\" href=\"\/es\/contacto\/\">CONT\u00c1CTESE<\/a><\/p>\n<p>[\/et_pb_blurb][et_pb_text admin_label=\u00bbQUICK LINKS &#8211; ES\u00bb _builder_version=\u00bb3.21.4&#8243; background_color=\u00bb#f4f4f4&#8243; background_size=\u00bbinitial\u00bb background_position=\u00bbcenter_right\u00bb background_blend=\u00bboverlay\u00bb header_font_size=\u00bb20px\u00bb header_text_color=\u00bb#0b3a5d\u00bb custom_padding=\u00bb30px|30px|30px|30px\u00bb z_index_tablet=\u00bb500&#8243;]<\/p>\n<h1>ENLACES R\u00c1PIDOS<\/h1>\n<ul>\n<li><a href=\"\/es\/cases\/\">Casos de Estudio<\/a><\/li>\n<li><a href=\"\/es\/newsroom\/\">Sala de Prensa<\/a><\/li>\n<\/ul>\n<p>[\/et_pb_text][\/et_pb_column][\/et_pb_row][\/et_pb_section]<\/p>\n","protected":false},"excerpt":{"rendered":"<p>Microfiltraci\u00f3n <div class=\"et_pb_row et_pb_row_0 et_pb_row_empty\">\n\t\t\t\t\n\t\t\t\t\n\t\t\t\t\n\t\t\t\t\n\t\t\t\t\n\t\t\t<\/div> Este tipo de filtraci\u00f3n agrupa a los filtros que retienen part\u00edculas del orden de los micrones, de pesos moleculares mayores a 100.000 Da. Se utilizan para remover s\u00f3lidos en suspensi\u00f3n hasta bacterias del agua a tratar. Parte de la contaminaci\u00f3n viral es atrapada, a pesar de que los virus son m\u00e1s peque\u00f1os que [&hellip;]<\/p>\n","protected":false},"author":1,"featured_media":34297,"parent":0,"menu_order":0,"comment_status":"closed","ping_status":"closed","template":"","meta":{"_et_pb_use_builder":"on","_et_pb_old_content":"","_et_gb_content_width":"","_relevanssi_hide_post":"","_relevanssi_hide_content":"","_relevanssi_pin_for_all":"","_relevanssi_pin_keywords":"","_relevanssi_unpin_keywords":"","_relevanssi_related_keywords":"","_relevanssi_related_include_ids":"","_relevanssi_related_exclude_ids":"","_relevanssi_related_no_append":"","_relevanssi_related_not_related":"","_relevanssi_related_posts":"","_relevanssi_noindex_reason":"","inline_featured_image":false,"footnotes":"","_links_to":"","_links_to_target":""},"coauthors":[],"class_list":["post-41305","page","type-page","status-publish","has-post-thumbnail","hentry"],"yoast_head":"<!-- This site is optimized with the Yoast SEO plugin v27.4 - https:\/\/yoast.com\/product\/yoast-seo-wordpress\/ -->\n<title>Microfiltraci\u00f3n | Fluence<\/title>\n<meta name=\"description\" content=\"Conozca m\u00e1s la tecnolog\u00eda de microfiltraci\u00f3n ofrecida por Fluence.\" \/>\n<meta name=\"robots\" content=\"index, follow, max-snippet:-1, max-image-preview:large, max-video-preview:-1\" \/>\n<link rel=\"canonical\" href=\"https:\/\/www.fluencecorp.com\/es\/microfiltracion\/\" \/>\n<meta property=\"og:locale\" content=\"es_ES\" \/>\n<meta property=\"og:type\" content=\"article\" \/>\n<meta property=\"og:title\" content=\"Sistemas de \u00d3smosis Inversa\" \/>\n<meta property=\"og:description\" content=\"Conozca m\u00e1s la tecnolog\u00eda de microfiltraci\u00f3n ofrecida por Fluence.\" \/>\n<meta property=\"og:url\" content=\"https:\/\/www.fluencecorp.com\/es\/microfiltracion\/\" \/>\n<meta property=\"article:publisher\" content=\"https:\/\/www.facebook.com\/FluenceCorp\" \/>\n<meta property=\"article:modified_time\" content=\"2019-04-08T18:11:11+00:00\" \/>\n<meta property=\"og:image\" content=\"https:\/\/www.fluencecorp.com\/wp-content\/uploads\/2017\/07\/droplet-pattern.png\" \/>\n\t<meta property=\"og:image:width\" content=\"347\" \/>\n\t<meta property=\"og:image:height\" content=\"231\" \/>\n\t<meta property=\"og:image:type\" content=\"image\/png\" \/>\n<meta name=\"twitter:card\" content=\"summary_large_image\" \/>\n<meta name=\"twitter:site\" content=\"@FluenceCorp\" \/>\n<meta name=\"twitter:label1\" content=\"Tiempo de lectura\" \/>\n\t<meta name=\"twitter:data1\" content=\"8 minutos\" \/>\n\t<meta name=\"twitter:label2\" content=\"Written by\" \/>\n\t<meta name=\"twitter:data2\" content=\"sysop\" \/>\n<script type=\"application\/ld+json\" class=\"yoast-schema-graph\">{\"@context\":\"https:\\\/\\\/schema.org\",\"@graph\":[{\"@type\":\"WebPage\",\"@id\":\"https:\\\/\\\/www.fluencecorp.com\\\/es\\\/microfiltracion\\\/\",\"url\":\"https:\\\/\\\/www.fluencecorp.com\\\/es\\\/microfiltracion\\\/\",\"name\":\"Microfiltraci\u00f3n | Fluence\",\"isPartOf\":{\"@id\":\"https:\\\/\\\/www.fluencecorp.com\\\/es\\\/#website\"},\"primaryImageOfPage\":{\"@id\":\"https:\\\/\\\/www.fluencecorp.com\\\/es\\\/microfiltracion\\\/#primaryimage\"},\"image\":{\"@id\":\"https:\\\/\\\/www.fluencecorp.com\\\/es\\\/microfiltracion\\\/#primaryimage\"},\"thumbnailUrl\":\"https:\\\/\\\/www.fluencecorp.com\\\/wp-content\\\/uploads\\\/2017\\\/07\\\/droplet-pattern.png\",\"datePublished\":\"2017-12-14T20:27:47+00:00\",\"dateModified\":\"2019-04-08T18:11:11+00:00\",\"description\":\"Conozca m\u00e1s la tecnolog\u00eda de microfiltraci\u00f3n ofrecida por Fluence.\",\"breadcrumb\":{\"@id\":\"https:\\\/\\\/www.fluencecorp.com\\\/es\\\/microfiltracion\\\/#breadcrumb\"},\"inLanguage\":\"es\",\"potentialAction\":[{\"@type\":\"ReadAction\",\"target\":[\"https:\\\/\\\/www.fluencecorp.com\\\/es\\\/microfiltracion\\\/\"]}]},{\"@type\":\"ImageObject\",\"inLanguage\":\"es\",\"@id\":\"https:\\\/\\\/www.fluencecorp.com\\\/es\\\/microfiltracion\\\/#primaryimage\",\"url\":\"https:\\\/\\\/www.fluencecorp.com\\\/wp-content\\\/uploads\\\/2017\\\/07\\\/droplet-pattern.png\",\"contentUrl\":\"https:\\\/\\\/www.fluencecorp.com\\\/wp-content\\\/uploads\\\/2017\\\/07\\\/droplet-pattern.png\",\"width\":347,\"height\":231},{\"@type\":\"BreadcrumbList\",\"@id\":\"https:\\\/\\\/www.fluencecorp.com\\\/es\\\/microfiltracion\\\/#breadcrumb\",\"itemListElement\":[{\"@type\":\"ListItem\",\"position\":1,\"name\":\"Home\",\"item\":\"https:\\\/\\\/www.fluencecorp.com\\\/es\\\/\"},{\"@type\":\"ListItem\",\"position\":2,\"name\":\"Microfiltraci\u00f3n\"}]},{\"@type\":\"WebSite\",\"@id\":\"https:\\\/\\\/www.fluencecorp.com\\\/es\\\/#website\",\"url\":\"https:\\\/\\\/www.fluencecorp.com\\\/es\\\/\",\"name\":\"Fluence Corporation\",\"description\":\"\",\"publisher\":{\"@id\":\"https:\\\/\\\/www.fluencecorp.com\\\/es\\\/#organization\"},\"potentialAction\":[{\"@type\":\"SearchAction\",\"target\":{\"@type\":\"EntryPoint\",\"urlTemplate\":\"https:\\\/\\\/www.fluencecorp.com\\\/es\\\/?s={search_term_string}\"},\"query-input\":{\"@type\":\"PropertyValueSpecification\",\"valueRequired\":true,\"valueName\":\"search_term_string\"}}],\"inLanguage\":\"es\"},{\"@type\":\"Organization\",\"@id\":\"https:\\\/\\\/www.fluencecorp.com\\\/es\\\/#organization\",\"name\":\"Fluence\",\"url\":\"https:\\\/\\\/www.fluencecorp.com\\\/es\\\/\",\"logo\":{\"@type\":\"ImageObject\",\"inLanguage\":\"es\",\"@id\":\"https:\\\/\\\/www.fluencecorp.com\\\/es\\\/#\\\/schema\\\/logo\\\/image\\\/\",\"url\":\"https:\\\/\\\/www.fluencecorp.com\\\/wp-content\\\/uploads\\\/2018\\\/03\\\/fluence-seo-logo.png\",\"contentUrl\":\"https:\\\/\\\/www.fluencecorp.com\\\/wp-content\\\/uploads\\\/2018\\\/03\\\/fluence-seo-logo.png\",\"width\":523,\"height\":181,\"caption\":\"Fluence\"},\"image\":{\"@id\":\"https:\\\/\\\/www.fluencecorp.com\\\/es\\\/#\\\/schema\\\/logo\\\/image\\\/\"},\"sameAs\":[\"https:\\\/\\\/www.facebook.com\\\/FluenceCorp\",\"https:\\\/\\\/x.com\\\/FluenceCorp\",\"https:\\\/\\\/www.linkedin.com\\\/company-beta\\\/18150486\\\/\"]}]}<\/script>\n<!-- \/ Yoast SEO plugin. -->","yoast_head_json":{"title":"Microfiltraci\u00f3n | Fluence","description":"Conozca m\u00e1s la tecnolog\u00eda de microfiltraci\u00f3n ofrecida por Fluence.","robots":{"index":"index","follow":"follow","max-snippet":"max-snippet:-1","max-image-preview":"max-image-preview:large","max-video-preview":"max-video-preview:-1"},"canonical":"https:\/\/www.fluencecorp.com\/es\/microfiltracion\/","og_locale":"es_ES","og_type":"article","og_title":"Sistemas de \u00d3smosis Inversa","og_description":"Conozca m\u00e1s la tecnolog\u00eda de microfiltraci\u00f3n ofrecida por Fluence.","og_url":"https:\/\/www.fluencecorp.com\/es\/microfiltracion\/","article_publisher":"https:\/\/www.facebook.com\/FluenceCorp","article_modified_time":"2019-04-08T18:11:11+00:00","og_image":[{"width":347,"height":231,"url":"https:\/\/www.fluencecorp.com\/wp-content\/uploads\/2017\/07\/droplet-pattern.png","type":"image\/png"}],"twitter_card":"summary_large_image","twitter_site":"@FluenceCorp","twitter_misc":{"Tiempo de lectura":"8 minutos","Written by":"sysop"},"schema":{"@context":"https:\/\/schema.org","@graph":[{"@type":"WebPage","@id":"https:\/\/www.fluencecorp.com\/es\/microfiltracion\/","url":"https:\/\/www.fluencecorp.com\/es\/microfiltracion\/","name":"Microfiltraci\u00f3n | Fluence","isPartOf":{"@id":"https:\/\/www.fluencecorp.com\/es\/#website"},"primaryImageOfPage":{"@id":"https:\/\/www.fluencecorp.com\/es\/microfiltracion\/#primaryimage"},"image":{"@id":"https:\/\/www.fluencecorp.com\/es\/microfiltracion\/#primaryimage"},"thumbnailUrl":"https:\/\/www.fluencecorp.com\/wp-content\/uploads\/2017\/07\/droplet-pattern.png","datePublished":"2017-12-14T20:27:47+00:00","dateModified":"2019-04-08T18:11:11+00:00","description":"Conozca m\u00e1s la tecnolog\u00eda de microfiltraci\u00f3n ofrecida por Fluence.","breadcrumb":{"@id":"https:\/\/www.fluencecorp.com\/es\/microfiltracion\/#breadcrumb"},"inLanguage":"es","potentialAction":[{"@type":"ReadAction","target":["https:\/\/www.fluencecorp.com\/es\/microfiltracion\/"]}]},{"@type":"ImageObject","inLanguage":"es","@id":"https:\/\/www.fluencecorp.com\/es\/microfiltracion\/#primaryimage","url":"https:\/\/www.fluencecorp.com\/wp-content\/uploads\/2017\/07\/droplet-pattern.png","contentUrl":"https:\/\/www.fluencecorp.com\/wp-content\/uploads\/2017\/07\/droplet-pattern.png","width":347,"height":231},{"@type":"BreadcrumbList","@id":"https:\/\/www.fluencecorp.com\/es\/microfiltracion\/#breadcrumb","itemListElement":[{"@type":"ListItem","position":1,"name":"Home","item":"https:\/\/www.fluencecorp.com\/es\/"},{"@type":"ListItem","position":2,"name":"Microfiltraci\u00f3n"}]},{"@type":"WebSite","@id":"https:\/\/www.fluencecorp.com\/es\/#website","url":"https:\/\/www.fluencecorp.com\/es\/","name":"Fluence Corporation","description":"","publisher":{"@id":"https:\/\/www.fluencecorp.com\/es\/#organization"},"potentialAction":[{"@type":"SearchAction","target":{"@type":"EntryPoint","urlTemplate":"https:\/\/www.fluencecorp.com\/es\/?s={search_term_string}"},"query-input":{"@type":"PropertyValueSpecification","valueRequired":true,"valueName":"search_term_string"}}],"inLanguage":"es"},{"@type":"Organization","@id":"https:\/\/www.fluencecorp.com\/es\/#organization","name":"Fluence","url":"https:\/\/www.fluencecorp.com\/es\/","logo":{"@type":"ImageObject","inLanguage":"es","@id":"https:\/\/www.fluencecorp.com\/es\/#\/schema\/logo\/image\/","url":"https:\/\/www.fluencecorp.com\/wp-content\/uploads\/2018\/03\/fluence-seo-logo.png","contentUrl":"https:\/\/www.fluencecorp.com\/wp-content\/uploads\/2018\/03\/fluence-seo-logo.png","width":523,"height":181,"caption":"Fluence"},"image":{"@id":"https:\/\/www.fluencecorp.com\/es\/#\/schema\/logo\/image\/"},"sameAs":["https:\/\/www.facebook.com\/FluenceCorp","https:\/\/x.com\/FluenceCorp","https:\/\/www.linkedin.com\/company-beta\/18150486\/"]}]}},"_links":{"self":[{"href":"https:\/\/www.fluencecorp.com\/es\/wp-json\/wp\/v2\/pages\/41305","targetHints":{"allow":["GET"]}}],"collection":[{"href":"https:\/\/www.fluencecorp.com\/es\/wp-json\/wp\/v2\/pages"}],"about":[{"href":"https:\/\/www.fluencecorp.com\/es\/wp-json\/wp\/v2\/types\/page"}],"author":[{"embeddable":true,"href":"https:\/\/www.fluencecorp.com\/es\/wp-json\/wp\/v2\/users\/1"}],"replies":[{"embeddable":true,"href":"https:\/\/www.fluencecorp.com\/es\/wp-json\/wp\/v2\/comments?post=41305"}],"version-history":[{"count":0,"href":"https:\/\/www.fluencecorp.com\/es\/wp-json\/wp\/v2\/pages\/41305\/revisions"}],"wp:featuredmedia":[{"embeddable":true,"href":"https:\/\/www.fluencecorp.com\/es\/wp-json\/wp\/v2\/media\/34297"}],"wp:attachment":[{"href":"https:\/\/www.fluencecorp.com\/es\/wp-json\/wp\/v2\/media?parent=41305"}],"wp:term":[{"taxonomy":"author","embeddable":true,"href":"https:\/\/www.fluencecorp.com\/es\/wp-json\/wp\/v2\/coauthors?post=41305"}],"curies":[{"name":"wp","href":"https:\/\/api.w.org\/{rel}","templated":true}]}}