{"id":41302,"date":"2017-12-14T15:26:24","date_gmt":"2017-12-14T20:26:24","guid":{"rendered":"https:\/\/www.fluencecorp.com\/?page_id=41302"},"modified":"2019-04-09T04:12:35","modified_gmt":"2019-04-08T18:12:35","slug":"filtros-multimedia","status":"publish","type":"page","link":"https:\/\/www.fluencecorp.com\/es\/filtros-multimedia\/","title":{"rendered":"Filtros Multimedia"},"content":{"rendered":"<p>[et_pb_section bb_built=\u00bb1&#8243; fullwidth=\u00bboff\u00bb specialty=\u00bboff\u00bb _builder_version=\u00bb3.0.61&#8243; background_color=\u00bb#f4f4f4&#8243; background_blend=\u00bbmultiply\u00bb custom_padding=\u00bb0px||0px|\u00bb next_background_color=\u00bb#ffffff\u00bb][et_pb_row _builder_version=\u00bb3.0.60&#8243; background_position_1=\u00bbtop_left\u00bb background_repeat_1=\u00bbno-repeat\u00bb custom_margin=\u00bb0px||0px|\u00bb custom_padding=\u00bb0px||0px|\u00bb][et_pb_column type=\u00bb4_4&#8243;][et_pb_text admin_label=\u00bbHeader with Grey Background\u00bb _builder_version=\u00bb3.0.91&#8243; background_layout=\u00bblight\u00bb text_font_size=\u00bb24&#8243; header_text_color=\u00bb#0b3a5d\u00bb header_font_size=\u00bb52px\u00bb text_text_color=\u00bb#778591&#8243; custom_margin=\u00bb10px||10px|\u00bb custom_padding=\u00bb44px||44px|\u00bb header_font=\u00bb|on|||\u00bb text_font_size_tablet=\u00bb16&#8243; text_font_size_last_edited=\u00bbon|phone\u00bb header_font_size_tablet=\u00bb35px\u00bb header_font_size_phone=\u00bb28px\u00bb header_font_size_last_edited=\u00bbon|phone\u00bb]<\/p>\n<h1>Filtros Multimedia<\/h1>\n<p>[\/et_pb_text][\/et_pb_column][\/et_pb_row][\/et_pb_section][et_pb_section bb_built=\u00bb1&#8243; _builder_version=\u00bb3.0.59&#8243; custom_padding=\u00bb0px||0px|\u00bb prev_background_color=\u00bb#f4f4f4&#8243;][et_pb_row][et_pb_column type=\u00bb2_3&#8243;][et_pb_text admin_label=\u00bbMain Body Text\u00bb _builder_version=\u00bb3.0.91&#8243; background_layout=\u00bblight\u00bb]<\/p>\n<p>Los filtros multimedia generalmente est\u00e1n compuestos por varias capas de medios filtrantes de diferentes densidades y tama\u00f1o de part\u00edculas, acomodados uno sobre el otro, o en algunos casos espec\u00edficos de medios de \u00faltima generaci\u00f3n de alto rendimiento, pueden llegar a usarse solo un medio de origen zeolita.<\/p>\n<p>En general se utiliza antracita, granate y arena, acomodados de arriba hacia abajo en ese orden. En la base se coloca grava como soporte de los dem\u00e1s medios filtrantes. Luego de un ciclo se retrolava el filtro con agua a un caudal un 20-25 % mayor que el caudal de circulaci\u00f3n normal, para permitir que durante el lavado el lecho se expanda y se reacomoden los medios filtrantes. Tambi\u00e9n se puede inyectar aire en el tanque desde la parte inferior para aumentar la turbulencia y acelerar la expansi\u00f3n del lecho. Los ciclos pueden durar entre 12 y 24 horas (autonom\u00eda) dependiendo del dise\u00f1o del filtro, y los retrolavados duran entre 15 y 60 minutos; durante ese tiempo no se produce agua filtrada, por lo que es recomendable, en caso de necesitar una provisi\u00f3n ininterrumpida de agua, contar con un tanque de almacenamiento de agua tratada para abastecer al proceso posterior.<\/p>\n<p>Es recomendable, en el caso de agua clorada como fuente de alimentaci\u00f3n, la decloraci\u00f3n sea posterior a esta etapa, as\u00ed de esta forma mantener las condiciones bacteriol\u00f3gicas del filtro.<\/p>\n<h3>Medios Filtrantes Especiales<\/h3>\n<h3>Antracita<\/h3>\n<p>Debido a su densidad \u00fanica, la antracita puede utilizarse en filtros multimedia. Con una densidad de 0,8 g\/cm<sup>3<\/sup> es adecuada hidr\u00e1ulicamente y quedar\u00e1 por encima de los medios m\u00e1s pesados como la arena o granate, brindado as\u00ed una capa de prefiltraci\u00f3n. Esto representa corridas m\u00e1s largas y menor p\u00e9rdida de carga, sin mencionar la reducci\u00f3n de retrolavados lo que se traduce en un enorme ahorro de agua para esta etapa.<\/p>\n<h3>Granate<\/h3>\n<p>Es un medio filtrante granular de alta densidad y dureza. Se utiliza normalmente como la filtraci\u00f3n m\u00e1s fina de un sistema de filtraci\u00f3n con una cama multimedia con flujo hacia abajo. Esta condici\u00f3n estable de granos grandes por encima de los m\u00e1s finos se logra utilizando materiales de diferentes tama\u00f1os y pesos espec\u00edficos. El granate con su alto peso espec\u00edfico de 4.0 forma la capa m\u00e1s baja de granos finos y su tama\u00f1o efectivo de 0,3 mm puede filtrar hasta un rango de 10-20 micrones.<\/p>\n<h3>Turbidex \/ Filter-AG<\/h3>\n<p>Un nuevo sistema de filtraci\u00f3n por medios, mucho m\u00e1s efectivo que los anteriores, es el filtro Turbidex. Est\u00e1 compuesto por un relleno mineral de aluminosilicatos de superficie irregular y gran porosidad que provee un excelente rendimiento en la filtraci\u00f3n de s\u00f3lidos suspendidos.<\/p>\n<p>Turbidex permite un filtrado m\u00e1s profundo que los m\u00e9todos de filtraci\u00f3n convencionales, reteniendo part\u00edculas en un rango de 3 a 5 micrones. Estos resultados se obtienen, no solo por separaci\u00f3n f\u00edsica sino tambi\u00e9n por absorci\u00f3n electrost\u00e1tica, floculaci\u00f3n e intercambio i\u00f3nico. Como resultado del paso por el filtro Turbidex, el agua producto alcanza un valor de turbidez de menos de 0,1 NTU.<\/p>\n<p>Una de las principales ventajas del filtro Turbidex es que el agua no requiere m\u00e9todos adicionales de filtraci\u00f3n para ser apta para el uso, como suele ocurrir con los filtros multimedia o de arena, luego de los cuales es necesaria la incorporaci\u00f3n de otros filtros.<\/p>\n<p>Por otra parte, esta tecnolog\u00eda permite disminuir los costos de qu\u00edmicos y cartuchos para filtros, adem\u00e1s de la limpieza y vida \u00fatil de membranas de equipos aguas abajo del filtro Turbidex. Otra ventaja es la simplicidad de trabajar con un solo medio filtrante y no capas de diferentes medios, con diferentes densidades, pesos, embalajes.<\/p>\n<p>En el dise\u00f1o de un filtro es importante tener en cuenta la autonom\u00eda, la velocidad lineal de circulaci\u00f3n del fluido (entre 12 y 30 m\/h), la altura del lecho (alrededor de 1 m), la altura disponible para la expansi\u00f3n del lecho (0,3 &#8211; 0,5 m), la proporci\u00f3n del medio filtrante y la capacidad de la bomba para generar la presi\u00f3n suficiente, trabajando tanto al caudal de servicio como al de retrolavado.<\/p>\n<p><a href=\"https:\/\/www.fluencecorp.com\/es\/contacto\/\" target=\"_blank\" rel=\"noopener noreferrer\">Cont\u00e1ctese con nuestros expertos<\/a>\u00a0para tratar los detalles de su proyecto, y para conocer c\u00f3mo los filtros multimedia pueden ayudarle a alcanzar sus metas.<\/p>\n<p>[\/et_pb_text][\/et_pb_column][et_pb_column type=\u00bb1_3&#8243;][et_pb_blurb admin_label=\u00bbWASTE-TO-ENERGY CHALLENGES &#8211; ES\u00bb _builder_version=\u00bb3.0.100&#8243; title=\u00bb\u00bfDESAF\u00cdOS DE TRATAMIENTO DE AGUAS O EFLUENTES?\u00bb url_new_window=\u00bboff\u00bb use_icon=\u00bboff\u00bb image=\u00bbhttps:\/\/www.fluencecorp.com\/wp-content\/uploads\/2017\/07\/water_treatment_02.svg\u00bb use_circle=\u00bboff\u00bb use_circle_border=\u00bboff\u00bb icon_placement=\u00bbtop\u00bb use_icon_font_size=\u00bboff\u00bb background_layout=\u00bblight\u00bb text_orientation=\u00bbcenter\u00bb use_border_color=\u00bbon\u00bb custom_padding=\u00bb30px|20px|30px|20px\u00bb module_class=\u00bbfluenceblurb\u00bb animation=\u00bboff\u00bb border_color_all=\u00bb#7fc8bd\u00bb max_width_tablet=\u00bb50px\u00bb border_radii=\u00bbon|3px|3px|3px|3px\u00bb border_width_all=\u00bb1px\u00bb]<\/p>\n<p>\u00a1Estamos para ayudarlo! Contacte Fluence para conocer m\u00e1s sobre nuestras soluciones de tratamiento de aguas y efluentes o discutir detalles espec\u00edficos de su proyecto.<\/p>\n<p><a class=\"et_pb_promo_button et_pb_button\" href=\"\/es\/contacto\/\">CONT\u00c1CTESE<\/a><\/p>\n<p>[\/et_pb_blurb][et_pb_text admin_label=\u00bbQUICK LINKS &#8211; ES\u00bb _builder_version=\u00bb3.21.4&#8243; background_color=\u00bb#f4f4f4&#8243; background_size=\u00bbinitial\u00bb background_position=\u00bbcenter_right\u00bb background_blend=\u00bboverlay\u00bb header_font_size=\u00bb20px\u00bb header_text_color=\u00bb#0b3a5d\u00bb custom_padding=\u00bb30px|30px|30px|30px\u00bb z_index_tablet=\u00bb500&#8243;]<\/p>\n<h1>ENLACES R\u00c1PIDOS<\/h1>\n<ul>\n<li><a href=\"\/es\/cases\/\">Casos de Estudio<\/a><\/li>\n<li><a href=\"\/es\/newsroom\/\">Sala de Prensa<\/a><\/li>\n<\/ul>\n<p>[\/et_pb_text][\/et_pb_column][\/et_pb_row][\/et_pb_section]<\/p>\n","protected":false},"excerpt":{"rendered":"<p>Filtros Multimedia <div class=\"et_pb_row et_pb_row_0 et_pb_row_empty\">\n\t\t\t\t\n\t\t\t\t\n\t\t\t\t\n\t\t\t\t\n\t\t\t\t\n\t\t\t<\/div> Los filtros multimedia generalmente est\u00e1n compuestos por varias capas de medios filtrantes de diferentes densidades y tama\u00f1o de part\u00edculas, acomodados uno sobre el otro, o en algunos casos espec\u00edficos de medios de \u00faltima generaci\u00f3n de alto rendimiento, pueden llegar a usarse solo un medio de origen zeolita. En general se utiliza antracita, [&hellip;]<\/p>\n","protected":false},"author":1,"featured_media":34297,"parent":0,"menu_order":0,"comment_status":"closed","ping_status":"closed","template":"","meta":{"_et_pb_use_builder":"on","_et_pb_old_content":"","_et_gb_content_width":"","_relevanssi_hide_post":"","_relevanssi_hide_content":"","_relevanssi_pin_for_all":"","_relevanssi_pin_keywords":"","_relevanssi_unpin_keywords":"","_relevanssi_related_keywords":"","_relevanssi_related_include_ids":"","_relevanssi_related_exclude_ids":"","_relevanssi_related_no_append":"","_relevanssi_related_not_related":"","_relevanssi_related_posts":"","_relevanssi_noindex_reason":"","inline_featured_image":false,"footnotes":"","_links_to":"","_links_to_target":""},"coauthors":[],"class_list":["post-41302","page","type-page","status-publish","has-post-thumbnail","hentry"],"yoast_head":"<!-- This site is optimized with the Yoast SEO plugin v27.4 - https:\/\/yoast.com\/product\/yoast-seo-wordpress\/ -->\n<title>Filtros Multimedia | Fluence<\/title>\n<meta name=\"description\" content=\"Conozca m\u00e1s sobre filtro multimedia para agua bebidas, Filter-Ag, rellenos, antracita, Turbidex y granate para filtros multimedia.\" \/>\n<meta name=\"robots\" content=\"index, follow, max-snippet:-1, max-image-preview:large, max-video-preview:-1\" \/>\n<link rel=\"canonical\" href=\"https:\/\/www.fluencecorp.com\/es\/filtros-multimedia\/\" \/>\n<meta property=\"og:locale\" content=\"es_ES\" \/>\n<meta property=\"og:type\" content=\"article\" \/>\n<meta property=\"og:title\" content=\"Sistemas de \u00d3smosis Inversa\" \/>\n<meta property=\"og:description\" content=\"Conozca m\u00e1s sobre filtro multimedia para agua bebidas, Filter-Ag, rellenos, antracita, Turbidex y granate para filtros multimedia.\" \/>\n<meta property=\"og:url\" content=\"https:\/\/www.fluencecorp.com\/es\/filtros-multimedia\/\" \/>\n<meta property=\"article:publisher\" content=\"https:\/\/www.facebook.com\/FluenceCorp\" \/>\n<meta property=\"article:modified_time\" content=\"2019-04-08T18:12:35+00:00\" \/>\n<meta property=\"og:image\" content=\"https:\/\/www.fluencecorp.com\/wp-content\/uploads\/2017\/07\/droplet-pattern.png\" \/>\n\t<meta property=\"og:image:width\" content=\"347\" \/>\n\t<meta property=\"og:image:height\" content=\"231\" \/>\n\t<meta property=\"og:image:type\" content=\"image\/png\" \/>\n<meta name=\"twitter:card\" content=\"summary_large_image\" \/>\n<meta name=\"twitter:site\" content=\"@FluenceCorp\" \/>\n<meta name=\"twitter:label1\" content=\"Tiempo de lectura\" \/>\n\t<meta name=\"twitter:data1\" content=\"6 minutos\" \/>\n\t<meta name=\"twitter:label2\" content=\"Written by\" \/>\n\t<meta name=\"twitter:data2\" content=\"sysop\" \/>\n<script type=\"application\/ld+json\" class=\"yoast-schema-graph\">{\"@context\":\"https:\\\/\\\/schema.org\",\"@graph\":[{\"@type\":\"WebPage\",\"@id\":\"https:\\\/\\\/www.fluencecorp.com\\\/es\\\/filtros-multimedia\\\/\",\"url\":\"https:\\\/\\\/www.fluencecorp.com\\\/es\\\/filtros-multimedia\\\/\",\"name\":\"Filtros Multimedia | Fluence\",\"isPartOf\":{\"@id\":\"https:\\\/\\\/www.fluencecorp.com\\\/es\\\/#website\"},\"primaryImageOfPage\":{\"@id\":\"https:\\\/\\\/www.fluencecorp.com\\\/es\\\/filtros-multimedia\\\/#primaryimage\"},\"image\":{\"@id\":\"https:\\\/\\\/www.fluencecorp.com\\\/es\\\/filtros-multimedia\\\/#primaryimage\"},\"thumbnailUrl\":\"https:\\\/\\\/www.fluencecorp.com\\\/wp-content\\\/uploads\\\/2017\\\/07\\\/droplet-pattern.png\",\"datePublished\":\"2017-12-14T20:26:24+00:00\",\"dateModified\":\"2019-04-08T18:12:35+00:00\",\"description\":\"Conozca m\u00e1s sobre filtro multimedia para agua bebidas, Filter-Ag, rellenos, antracita, Turbidex y granate para filtros multimedia.\",\"breadcrumb\":{\"@id\":\"https:\\\/\\\/www.fluencecorp.com\\\/es\\\/filtros-multimedia\\\/#breadcrumb\"},\"inLanguage\":\"es\",\"potentialAction\":[{\"@type\":\"ReadAction\",\"target\":[\"https:\\\/\\\/www.fluencecorp.com\\\/es\\\/filtros-multimedia\\\/\"]}]},{\"@type\":\"ImageObject\",\"inLanguage\":\"es\",\"@id\":\"https:\\\/\\\/www.fluencecorp.com\\\/es\\\/filtros-multimedia\\\/#primaryimage\",\"url\":\"https:\\\/\\\/www.fluencecorp.com\\\/wp-content\\\/uploads\\\/2017\\\/07\\\/droplet-pattern.png\",\"contentUrl\":\"https:\\\/\\\/www.fluencecorp.com\\\/wp-content\\\/uploads\\\/2017\\\/07\\\/droplet-pattern.png\",\"width\":347,\"height\":231},{\"@type\":\"BreadcrumbList\",\"@id\":\"https:\\\/\\\/www.fluencecorp.com\\\/es\\\/filtros-multimedia\\\/#breadcrumb\",\"itemListElement\":[{\"@type\":\"ListItem\",\"position\":1,\"name\":\"Home\",\"item\":\"https:\\\/\\\/www.fluencecorp.com\\\/es\\\/\"},{\"@type\":\"ListItem\",\"position\":2,\"name\":\"Filtros Multimedia\"}]},{\"@type\":\"WebSite\",\"@id\":\"https:\\\/\\\/www.fluencecorp.com\\\/es\\\/#website\",\"url\":\"https:\\\/\\\/www.fluencecorp.com\\\/es\\\/\",\"name\":\"Fluence Corporation\",\"description\":\"\",\"publisher\":{\"@id\":\"https:\\\/\\\/www.fluencecorp.com\\\/es\\\/#organization\"},\"potentialAction\":[{\"@type\":\"SearchAction\",\"target\":{\"@type\":\"EntryPoint\",\"urlTemplate\":\"https:\\\/\\\/www.fluencecorp.com\\\/es\\\/?s={search_term_string}\"},\"query-input\":{\"@type\":\"PropertyValueSpecification\",\"valueRequired\":true,\"valueName\":\"search_term_string\"}}],\"inLanguage\":\"es\"},{\"@type\":\"Organization\",\"@id\":\"https:\\\/\\\/www.fluencecorp.com\\\/es\\\/#organization\",\"name\":\"Fluence\",\"url\":\"https:\\\/\\\/www.fluencecorp.com\\\/es\\\/\",\"logo\":{\"@type\":\"ImageObject\",\"inLanguage\":\"es\",\"@id\":\"https:\\\/\\\/www.fluencecorp.com\\\/es\\\/#\\\/schema\\\/logo\\\/image\\\/\",\"url\":\"https:\\\/\\\/www.fluencecorp.com\\\/wp-content\\\/uploads\\\/2018\\\/03\\\/fluence-seo-logo.png\",\"contentUrl\":\"https:\\\/\\\/www.fluencecorp.com\\\/wp-content\\\/uploads\\\/2018\\\/03\\\/fluence-seo-logo.png\",\"width\":523,\"height\":181,\"caption\":\"Fluence\"},\"image\":{\"@id\":\"https:\\\/\\\/www.fluencecorp.com\\\/es\\\/#\\\/schema\\\/logo\\\/image\\\/\"},\"sameAs\":[\"https:\\\/\\\/www.facebook.com\\\/FluenceCorp\",\"https:\\\/\\\/x.com\\\/FluenceCorp\",\"https:\\\/\\\/www.linkedin.com\\\/company-beta\\\/18150486\\\/\"]}]}<\/script>\n<!-- \/ Yoast SEO plugin. -->","yoast_head_json":{"title":"Filtros Multimedia | Fluence","description":"Conozca m\u00e1s sobre filtro multimedia para agua bebidas, Filter-Ag, rellenos, antracita, Turbidex y granate para filtros multimedia.","robots":{"index":"index","follow":"follow","max-snippet":"max-snippet:-1","max-image-preview":"max-image-preview:large","max-video-preview":"max-video-preview:-1"},"canonical":"https:\/\/www.fluencecorp.com\/es\/filtros-multimedia\/","og_locale":"es_ES","og_type":"article","og_title":"Sistemas de \u00d3smosis Inversa","og_description":"Conozca m\u00e1s sobre filtro multimedia para agua bebidas, Filter-Ag, rellenos, antracita, Turbidex y granate para filtros multimedia.","og_url":"https:\/\/www.fluencecorp.com\/es\/filtros-multimedia\/","article_publisher":"https:\/\/www.facebook.com\/FluenceCorp","article_modified_time":"2019-04-08T18:12:35+00:00","og_image":[{"width":347,"height":231,"url":"https:\/\/www.fluencecorp.com\/wp-content\/uploads\/2017\/07\/droplet-pattern.png","type":"image\/png"}],"twitter_card":"summary_large_image","twitter_site":"@FluenceCorp","twitter_misc":{"Tiempo de lectura":"6 minutos","Written by":"sysop"},"schema":{"@context":"https:\/\/schema.org","@graph":[{"@type":"WebPage","@id":"https:\/\/www.fluencecorp.com\/es\/filtros-multimedia\/","url":"https:\/\/www.fluencecorp.com\/es\/filtros-multimedia\/","name":"Filtros Multimedia | Fluence","isPartOf":{"@id":"https:\/\/www.fluencecorp.com\/es\/#website"},"primaryImageOfPage":{"@id":"https:\/\/www.fluencecorp.com\/es\/filtros-multimedia\/#primaryimage"},"image":{"@id":"https:\/\/www.fluencecorp.com\/es\/filtros-multimedia\/#primaryimage"},"thumbnailUrl":"https:\/\/www.fluencecorp.com\/wp-content\/uploads\/2017\/07\/droplet-pattern.png","datePublished":"2017-12-14T20:26:24+00:00","dateModified":"2019-04-08T18:12:35+00:00","description":"Conozca m\u00e1s sobre filtro multimedia para agua bebidas, Filter-Ag, rellenos, antracita, Turbidex y granate para filtros multimedia.","breadcrumb":{"@id":"https:\/\/www.fluencecorp.com\/es\/filtros-multimedia\/#breadcrumb"},"inLanguage":"es","potentialAction":[{"@type":"ReadAction","target":["https:\/\/www.fluencecorp.com\/es\/filtros-multimedia\/"]}]},{"@type":"ImageObject","inLanguage":"es","@id":"https:\/\/www.fluencecorp.com\/es\/filtros-multimedia\/#primaryimage","url":"https:\/\/www.fluencecorp.com\/wp-content\/uploads\/2017\/07\/droplet-pattern.png","contentUrl":"https:\/\/www.fluencecorp.com\/wp-content\/uploads\/2017\/07\/droplet-pattern.png","width":347,"height":231},{"@type":"BreadcrumbList","@id":"https:\/\/www.fluencecorp.com\/es\/filtros-multimedia\/#breadcrumb","itemListElement":[{"@type":"ListItem","position":1,"name":"Home","item":"https:\/\/www.fluencecorp.com\/es\/"},{"@type":"ListItem","position":2,"name":"Filtros Multimedia"}]},{"@type":"WebSite","@id":"https:\/\/www.fluencecorp.com\/es\/#website","url":"https:\/\/www.fluencecorp.com\/es\/","name":"Fluence Corporation","description":"","publisher":{"@id":"https:\/\/www.fluencecorp.com\/es\/#organization"},"potentialAction":[{"@type":"SearchAction","target":{"@type":"EntryPoint","urlTemplate":"https:\/\/www.fluencecorp.com\/es\/?s={search_term_string}"},"query-input":{"@type":"PropertyValueSpecification","valueRequired":true,"valueName":"search_term_string"}}],"inLanguage":"es"},{"@type":"Organization","@id":"https:\/\/www.fluencecorp.com\/es\/#organization","name":"Fluence","url":"https:\/\/www.fluencecorp.com\/es\/","logo":{"@type":"ImageObject","inLanguage":"es","@id":"https:\/\/www.fluencecorp.com\/es\/#\/schema\/logo\/image\/","url":"https:\/\/www.fluencecorp.com\/wp-content\/uploads\/2018\/03\/fluence-seo-logo.png","contentUrl":"https:\/\/www.fluencecorp.com\/wp-content\/uploads\/2018\/03\/fluence-seo-logo.png","width":523,"height":181,"caption":"Fluence"},"image":{"@id":"https:\/\/www.fluencecorp.com\/es\/#\/schema\/logo\/image\/"},"sameAs":["https:\/\/www.facebook.com\/FluenceCorp","https:\/\/x.com\/FluenceCorp","https:\/\/www.linkedin.com\/company-beta\/18150486\/"]}]}},"_links":{"self":[{"href":"https:\/\/www.fluencecorp.com\/es\/wp-json\/wp\/v2\/pages\/41302","targetHints":{"allow":["GET"]}}],"collection":[{"href":"https:\/\/www.fluencecorp.com\/es\/wp-json\/wp\/v2\/pages"}],"about":[{"href":"https:\/\/www.fluencecorp.com\/es\/wp-json\/wp\/v2\/types\/page"}],"author":[{"embeddable":true,"href":"https:\/\/www.fluencecorp.com\/es\/wp-json\/wp\/v2\/users\/1"}],"replies":[{"embeddable":true,"href":"https:\/\/www.fluencecorp.com\/es\/wp-json\/wp\/v2\/comments?post=41302"}],"version-history":[{"count":0,"href":"https:\/\/www.fluencecorp.com\/es\/wp-json\/wp\/v2\/pages\/41302\/revisions"}],"wp:featuredmedia":[{"embeddable":true,"href":"https:\/\/www.fluencecorp.com\/es\/wp-json\/wp\/v2\/media\/34297"}],"wp:attachment":[{"href":"https:\/\/www.fluencecorp.com\/es\/wp-json\/wp\/v2\/media?parent=41302"}],"wp:term":[{"taxonomy":"author","embeddable":true,"href":"https:\/\/www.fluencecorp.com\/es\/wp-json\/wp\/v2\/coauthors?post=41302"}],"curies":[{"name":"wp","href":"https:\/\/api.w.org\/{rel}","templated":true}]}}