{"id":41296,"date":"2017-12-14T15:20:34","date_gmt":"2017-12-14T20:20:34","guid":{"rendered":"https:\/\/www.fluencecorp.com\/?page_id=41296"},"modified":"2019-04-09T04:33:29","modified_gmt":"2019-04-08T18:33:29","slug":"lecho-mixto","status":"publish","type":"page","link":"https:\/\/www.fluencecorp.com\/es\/lecho-mixto\/","title":{"rendered":"Lecho Mixto"},"content":{"rendered":"<p>[et_pb_section bb_built=\u00bb1&#8243; fullwidth=\u00bboff\u00bb specialty=\u00bboff\u00bb _builder_version=\u00bb3.0.61&#8243; background_color=\u00bb#f4f4f4&#8243; background_blend=\u00bbmultiply\u00bb custom_padding=\u00bb0px||0px|\u00bb next_background_color=\u00bb#ffffff\u00bb][et_pb_row _builder_version=\u00bb3.0.60&#8243; background_position_1=\u00bbtop_left\u00bb background_repeat_1=\u00bbno-repeat\u00bb custom_margin=\u00bb0px||0px|\u00bb custom_padding=\u00bb0px||0px|\u00bb][et_pb_column type=\u00bb4_4&#8243;][et_pb_text admin_label=\u00bbHeader with Grey Background\u00bb _builder_version=\u00bb3.0.91&#8243; background_layout=\u00bblight\u00bb text_font_size=\u00bb24&#8243; header_text_color=\u00bb#0b3a5d\u00bb header_font_size=\u00bb52px\u00bb text_text_color=\u00bb#778591&#8243; custom_margin=\u00bb10px||10px|\u00bb custom_padding=\u00bb44px||44px|\u00bb header_font=\u00bb|on|||\u00bb text_font_size_tablet=\u00bb16&#8243; text_font_size_last_edited=\u00bbon|phone\u00bb header_font_size_tablet=\u00bb35px\u00bb header_font_size_phone=\u00bb28px\u00bb header_font_size_last_edited=\u00bbon|phone\u00bb]<\/p>\n<h1>Lecho Mixto<\/h1>\n<p>[\/et_pb_text][\/et_pb_column][\/et_pb_row][\/et_pb_section][et_pb_section bb_built=\u00bb1&#8243; _builder_version=\u00bb3.0.59&#8243; custom_padding=\u00bb0px||0px|\u00bb prev_background_color=\u00bb#f4f4f4&#8243;][et_pb_row][et_pb_column type=\u00bb2_3&#8243;][et_pb_text admin_label=\u00bbMain Body Text\u00bb _builder_version=\u00bb3.0.91&#8243; background_layout=\u00bblight\u00bb]<\/p>\n<p>Las reacciones de intercambio i\u00f3nico son frecuentes en el recorrido subterr\u00e1neo de las aguas naturales, al encontrarse sustancias naturales con poder de intercambio, pero en las industrias se prefieren las resinas polim\u00e9ricas de fabricaci\u00f3n sint\u00e9tica, con claras ventajas de uso en los procesos de ablandamiento y desmineralizaci\u00f3n del agua, y en otros procesos especiales tales como la purificaci\u00f3n de ciertos productos qu\u00edmicos, la desmineralizaci\u00f3n de jarabes de az\u00facares, etc.<\/p>\n<p>Las resinas de intercambio i\u00f3nico, cati\u00f3nicas y ani\u00f3nicas mezcladas tienen la capacidad, en contacto con una soluci\u00f3n acuosa, de intercambiar los minerales disueltos por iones hidr\u00f3geno y aniones oxidrilos, cuando las mismas son regeneradas por \u00e1cido y base.\u00a0 Las resinas se comportan como un electrolito, con la particularidad que todos los grupos reactivos est\u00e1n unidos a un pol\u00edmero insoluble que forma la matriz de la resina. La acci\u00f3n de intercambio i\u00f3nico es una reacci\u00f3n reversible.<\/p>\n<p>Las ventajas del proceso i\u00f3nico en el tratamiento de aguas son las siguientes:<\/p>\n<ul>\n<li>Las resinas actuales tienen altas capacidades de intercambio que permiten conseguir procesos compactos requiriendo inversiones moderadas.<\/li>\n<li>Las resinas son estables qu\u00edmicamente, de larga duraci\u00f3n y f\u00e1cil regeneraci\u00f3n.<\/li>\n<li>Las instalaciones pueden ser autom\u00e1ticas o manuales para adaptarse a las condiciones espec\u00edficas.<\/li>\n<\/ul>\n<p>Es importante considerar que los vertidos de la regeneraci\u00f3n son corrosivos y en general, aun despu\u00e9s de mezclarlos, se precisar\u00e1 una neutralizaci\u00f3n previa al env\u00edo del efluente como vertido.<\/p>\n<p>La mayor\u00eda de las resinas empleadas hoy en d\u00eda son sint\u00e9ticas, basadas en un copol\u00edmero de estireno-divinilbenceno, tratado apropiadamente para agregarle los grupos funcionales. La sulfonaci\u00f3n da lugar a resinas cati\u00f3nicas y la aminaci\u00f3n a resinas ani\u00f3nicas.<\/p>\n<p>Existen cuatro tipos principales: cati\u00f3nica fuerte (CF), cati\u00f3nica d\u00e9bil (CD), ani\u00f3nica fuerte (AF) y ani\u00f3nica d\u00e9bil (AD).<\/p>\n<p>La diferencia m\u00e1s importante es que las resinas fuertes operan a cualquier pH y son m\u00e1s vers\u00e1tiles en cuanto a la captaci\u00f3n de todos los iones.<\/p>\n<h3>Resinas Cati\u00f3nicas Fuertes<\/h3>\n<p>Son capaces de eliminar todos los cationes del agua.<\/p>\n<p>Presentan m\u00e1xima selectividad para los cationes trivalentes, intermedia para los bivalentes e inferior para los monovalentes.<\/p>\n<p>La velocidad de intercambio es r\u00e1pida y da poca fuga i\u00f3nica. Son resinas muy estables y pueden durar hasta 20 a\u00f1os o m\u00e1s. Se expanden poco, menos del 8%, al pasar de la forma Na+ a la H+. Las resinas cati\u00f3nicas soportan temperaturas altas de m\u00e1s 100 grados cent\u00edgrados.<\/p>\n<h3>Resinas Ani\u00f3nicas Fuertes<\/h3>\n<p>Son capaces de eliminar todos los aniones de \u00e1cidos d\u00e9biles o fuertes operando a cualquier pH.<\/p>\n<p>Su selectividad para los aniones bivalentes es superior a los monovalentes. Son menos estables que las hom\u00f3logas cati\u00f3nicas, su duraci\u00f3n bastante inferior y resisten temperaturas l\u00edmites inferiores (35 a 60 \u00ba). La expansi\u00f3n al pasar a formar OH- es inferior al 12%.<\/p>\n<h3>Desmineralizaci\u00f3n<\/h3>\n<p>Existen m\u00faltiples maneras de combinar los cuatro tipos b\u00e1sicos de resinas (cati\u00f3nica y ani\u00f3nica fuertes y d\u00e9biles). Algunos son fundamentales para conseguir una calidad de requerida del agua a partir de una alimentaci\u00f3n determinada. Otros son combinaciones m\u00e1s complejas, o incluyen un desgasificador de CO<sub>2<\/sub>, para mejorar el rendimiento econ\u00f3mico.<\/p>\n<p>La operaci\u00f3n de intercambio i\u00f3nico simple debe ir precedida del pretratamiento adecuado ya que se debe eliminar la materia en suspensi\u00f3n y la materia coloidal que pueden ensuciar las resinas, reduciendo la cin\u00e9tica de difusi\u00f3n de los iones y colmatarlas creando caminos preferenciales con disminuci\u00f3n de la eficacia. Algo similar ocurre con los aceites y gases que puedan estar presentes en el agua de alimentaci\u00f3n de las resinas.<\/p>\n<p>Seg\u00fan sea la composici\u00f3n del agua pueden emplearse las cuatro resinas, en columnas independientes o dobles. Cuando se requieren calidades superiores de agua se utiliza un lecho mixto, en el cual las resinas ani\u00f3nicas y cati\u00f3nicas, ambas fuertes, van mezcladas en una columna. El lecho mixto se sit\u00faa como un pulido final.<\/p>\n<p>Con el lecho mixto final se consiguen calidades de agua con conductividades inferiores a 1 micro-siemens, y concentraciones de s\u00edlice entre 0,001 y 0,005 ppm.<\/p>\n<p><a href=\"https:\/\/www.fluencecorp.com\/es\/contacto\/\" target=\"_blank\" rel=\"noopener noreferrer\">Cont\u00e1ctese con nuestros expertos<\/a>\u00a0para tratar los detalles de su proyecto, y para conocer c\u00f3mo nuestros productos pueden ayudarle a alcanzar sus metas.<\/p>\n<p>[\/et_pb_text][\/et_pb_column][et_pb_column type=\u00bb1_3&#8243;][et_pb_blurb admin_label=\u00bbWASTE-TO-ENERGY CHALLENGES &#8211; ES\u00bb _builder_version=\u00bb3.0.100&#8243; title=\u00bb\u00bfDESAF\u00cdOS DE TRATAMIENTO DE EFLUENTES?\u00bb url_new_window=\u00bboff\u00bb use_icon=\u00bboff\u00bb image=\u00bbhttps:\/\/www.fluencecorp.com\/wp-content\/uploads\/2017\/07\/wastewater_treatment_02.svg\u00bb use_circle=\u00bboff\u00bb use_circle_border=\u00bboff\u00bb icon_placement=\u00bbtop\u00bb use_icon_font_size=\u00bboff\u00bb background_layout=\u00bblight\u00bb text_orientation=\u00bbcenter\u00bb use_border_color=\u00bbon\u00bb custom_padding=\u00bb30px|20px|30px|20px\u00bb module_class=\u00bbfluenceblurb\u00bb animation=\u00bboff\u00bb border_color_all=\u00bb#7fc8bd\u00bb max_width_tablet=\u00bb50px\u00bb border_radii=\u00bbon|3px|3px|3px|3px\u00bb border_width_all=\u00bb1px\u00bb]<\/p>\n<p>\u00a1Estamos para ayudarlo! Contacte Fluence para conocer m\u00e1s sobre nuestras soluciones de tratamiento de efluentes o discutir detalles espec\u00edficos de su proyecto.<\/p>\n<p><a class=\"et_pb_promo_button et_pb_button\" href=\"\/es\/contacto\/\">CONT\u00c1CTESE<\/a><\/p>\n<p>[\/et_pb_blurb][et_pb_text admin_label=\u00bbQUICK LINKS &#8211; ES\u00bb _builder_version=\u00bb3.21.4&#8243; background_color=\u00bb#f4f4f4&#8243; background_size=\u00bbinitial\u00bb background_position=\u00bbcenter_right\u00bb background_blend=\u00bboverlay\u00bb header_font_size=\u00bb20px\u00bb header_text_color=\u00bb#0b3a5d\u00bb custom_padding=\u00bb30px|30px|30px|30px\u00bb z_index_tablet=\u00bb500&#8243;]<\/p>\n<h1>ENLACES R\u00c1PIDOS<\/h1>\n<ul>\n<li><a href=\"\/es\/cases\/\">Casos de Estudio<\/a><\/li>\n<li><a href=\"\/es\/newsroom\/\">Sala de Prensa<\/a><\/li>\n<\/ul>\n<p>[\/et_pb_text][\/et_pb_column][\/et_pb_row][\/et_pb_section]<\/p>\n","protected":false},"excerpt":{"rendered":"<p>Lecho Mixto <div class=\"et_pb_row et_pb_row_0 et_pb_row_empty\">\n\t\t\t\t\n\t\t\t\t\n\t\t\t\t\n\t\t\t\t\n\t\t\t\t\n\t\t\t<\/div> Las reacciones de intercambio i\u00f3nico son frecuentes en el recorrido subterr\u00e1neo de las aguas naturales, al encontrarse sustancias naturales con poder de intercambio, pero en las industrias se prefieren las resinas polim\u00e9ricas de fabricaci\u00f3n sint\u00e9tica, con claras ventajas de uso en los procesos de ablandamiento y desmineralizaci\u00f3n del agua, y en otros [&hellip;]<\/p>\n","protected":false},"author":1,"featured_media":34297,"parent":0,"menu_order":0,"comment_status":"closed","ping_status":"closed","template":"","meta":{"_et_pb_use_builder":"on","_et_pb_old_content":"","_et_gb_content_width":"","_relevanssi_hide_post":"","_relevanssi_hide_content":"","_relevanssi_pin_for_all":"","_relevanssi_pin_keywords":"","_relevanssi_unpin_keywords":"","_relevanssi_related_keywords":"","_relevanssi_related_include_ids":"","_relevanssi_related_exclude_ids":"","_relevanssi_related_no_append":"","_relevanssi_related_not_related":"","_relevanssi_related_posts":"","_relevanssi_noindex_reason":"","inline_featured_image":false,"footnotes":"","_links_to":"","_links_to_target":""},"coauthors":[],"class_list":["post-41296","page","type-page","status-publish","has-post-thumbnail","hentry"],"yoast_head":"<!-- This site is optimized with the Yoast SEO plugin v27.5 - https:\/\/yoast.com\/product\/yoast-seo-wordpress\/ -->\n<title>Lecho Mixto | Fluence<\/title>\n<meta name=\"description\" content=\"Conozca m\u00e1s sobre los ablandadores\u00a0Fluence para agua para bebidas,\u00a0para hoteles,\u00a0calderas y torres de enfriamiento.\" \/>\n<meta name=\"robots\" content=\"index, follow, max-snippet:-1, max-image-preview:large, max-video-preview:-1\" \/>\n<link rel=\"canonical\" href=\"https:\/\/www.fluencecorp.com\/es\/lecho-mixto\/\" \/>\n<meta property=\"og:locale\" content=\"es_ES\" \/>\n<meta property=\"og:type\" content=\"article\" \/>\n<meta property=\"og:title\" content=\"Sistemas de \u00d3smosis Inversa\" \/>\n<meta property=\"og:description\" content=\"Conozca m\u00e1s sobre los ablandadores\u00a0Fluence para agua para bebidas,\u00a0para hoteles,\u00a0calderas y torres de enfriamiento.\" \/>\n<meta property=\"og:url\" content=\"https:\/\/www.fluencecorp.com\/es\/lecho-mixto\/\" \/>\n<meta property=\"article:publisher\" content=\"https:\/\/www.facebook.com\/FluenceCorp\" \/>\n<meta property=\"article:modified_time\" content=\"2019-04-08T18:33:29+00:00\" \/>\n<meta property=\"og:image\" content=\"https:\/\/www.fluencecorp.com\/wp-content\/uploads\/2017\/07\/droplet-pattern.png\" \/>\n\t<meta property=\"og:image:width\" content=\"347\" \/>\n\t<meta property=\"og:image:height\" content=\"231\" \/>\n\t<meta property=\"og:image:type\" content=\"image\/png\" \/>\n<meta name=\"twitter:card\" content=\"summary_large_image\" \/>\n<meta name=\"twitter:site\" content=\"@FluenceCorp\" \/>\n<meta name=\"twitter:label1\" content=\"Tiempo de lectura\" \/>\n\t<meta name=\"twitter:data1\" content=\"6 minutos\" \/>\n\t<meta name=\"twitter:label2\" content=\"Written by\" \/>\n\t<meta name=\"twitter:data2\" content=\"sysop\" \/>\n<script type=\"application\/ld+json\" class=\"yoast-schema-graph\">{\"@context\":\"https:\\\/\\\/schema.org\",\"@graph\":[{\"@type\":\"WebPage\",\"@id\":\"https:\\\/\\\/www.fluencecorp.com\\\/es\\\/lecho-mixto\\\/\",\"url\":\"https:\\\/\\\/www.fluencecorp.com\\\/es\\\/lecho-mixto\\\/\",\"name\":\"Lecho Mixto | Fluence\",\"isPartOf\":{\"@id\":\"https:\\\/\\\/www.fluencecorp.com\\\/es\\\/#website\"},\"primaryImageOfPage\":{\"@id\":\"https:\\\/\\\/www.fluencecorp.com\\\/es\\\/lecho-mixto\\\/#primaryimage\"},\"image\":{\"@id\":\"https:\\\/\\\/www.fluencecorp.com\\\/es\\\/lecho-mixto\\\/#primaryimage\"},\"thumbnailUrl\":\"https:\\\/\\\/www.fluencecorp.com\\\/wp-content\\\/uploads\\\/2017\\\/07\\\/droplet-pattern.png\",\"datePublished\":\"2017-12-14T20:20:34+00:00\",\"dateModified\":\"2019-04-08T18:33:29+00:00\",\"description\":\"Conozca m\u00e1s sobre los ablandadores\u00a0Fluence para agua para bebidas,\u00a0para hoteles,\u00a0calderas y torres de enfriamiento.\",\"breadcrumb\":{\"@id\":\"https:\\\/\\\/www.fluencecorp.com\\\/es\\\/lecho-mixto\\\/#breadcrumb\"},\"inLanguage\":\"es\",\"potentialAction\":[{\"@type\":\"ReadAction\",\"target\":[\"https:\\\/\\\/www.fluencecorp.com\\\/es\\\/lecho-mixto\\\/\"]}]},{\"@type\":\"ImageObject\",\"inLanguage\":\"es\",\"@id\":\"https:\\\/\\\/www.fluencecorp.com\\\/es\\\/lecho-mixto\\\/#primaryimage\",\"url\":\"https:\\\/\\\/www.fluencecorp.com\\\/wp-content\\\/uploads\\\/2017\\\/07\\\/droplet-pattern.png\",\"contentUrl\":\"https:\\\/\\\/www.fluencecorp.com\\\/wp-content\\\/uploads\\\/2017\\\/07\\\/droplet-pattern.png\",\"width\":347,\"height\":231},{\"@type\":\"BreadcrumbList\",\"@id\":\"https:\\\/\\\/www.fluencecorp.com\\\/es\\\/lecho-mixto\\\/#breadcrumb\",\"itemListElement\":[{\"@type\":\"ListItem\",\"position\":1,\"name\":\"Home\",\"item\":\"https:\\\/\\\/www.fluencecorp.com\\\/es\\\/\"},{\"@type\":\"ListItem\",\"position\":2,\"name\":\"Lecho Mixto\"}]},{\"@type\":\"WebSite\",\"@id\":\"https:\\\/\\\/www.fluencecorp.com\\\/es\\\/#website\",\"url\":\"https:\\\/\\\/www.fluencecorp.com\\\/es\\\/\",\"name\":\"Fluence Corporation\",\"description\":\"\",\"publisher\":{\"@id\":\"https:\\\/\\\/www.fluencecorp.com\\\/es\\\/#organization\"},\"potentialAction\":[{\"@type\":\"SearchAction\",\"target\":{\"@type\":\"EntryPoint\",\"urlTemplate\":\"https:\\\/\\\/www.fluencecorp.com\\\/es\\\/?s={search_term_string}\"},\"query-input\":{\"@type\":\"PropertyValueSpecification\",\"valueRequired\":true,\"valueName\":\"search_term_string\"}}],\"inLanguage\":\"es\"},{\"@type\":\"Organization\",\"@id\":\"https:\\\/\\\/www.fluencecorp.com\\\/es\\\/#organization\",\"name\":\"Fluence\",\"url\":\"https:\\\/\\\/www.fluencecorp.com\\\/es\\\/\",\"logo\":{\"@type\":\"ImageObject\",\"inLanguage\":\"es\",\"@id\":\"https:\\\/\\\/www.fluencecorp.com\\\/es\\\/#\\\/schema\\\/logo\\\/image\\\/\",\"url\":\"https:\\\/\\\/www.fluencecorp.com\\\/wp-content\\\/uploads\\\/2018\\\/03\\\/fluence-seo-logo.png\",\"contentUrl\":\"https:\\\/\\\/www.fluencecorp.com\\\/wp-content\\\/uploads\\\/2018\\\/03\\\/fluence-seo-logo.png\",\"width\":523,\"height\":181,\"caption\":\"Fluence\"},\"image\":{\"@id\":\"https:\\\/\\\/www.fluencecorp.com\\\/es\\\/#\\\/schema\\\/logo\\\/image\\\/\"},\"sameAs\":[\"https:\\\/\\\/www.facebook.com\\\/FluenceCorp\",\"https:\\\/\\\/x.com\\\/FluenceCorp\",\"https:\\\/\\\/www.linkedin.com\\\/company-beta\\\/18150486\\\/\"]}]}<\/script>\n<!-- \/ Yoast SEO plugin. -->","yoast_head_json":{"title":"Lecho Mixto | Fluence","description":"Conozca m\u00e1s sobre los ablandadores\u00a0Fluence para agua para bebidas,\u00a0para hoteles,\u00a0calderas y torres de enfriamiento.","robots":{"index":"index","follow":"follow","max-snippet":"max-snippet:-1","max-image-preview":"max-image-preview:large","max-video-preview":"max-video-preview:-1"},"canonical":"https:\/\/www.fluencecorp.com\/es\/lecho-mixto\/","og_locale":"es_ES","og_type":"article","og_title":"Sistemas de \u00d3smosis Inversa","og_description":"Conozca m\u00e1s sobre los ablandadores\u00a0Fluence para agua para bebidas,\u00a0para hoteles,\u00a0calderas y torres de enfriamiento.","og_url":"https:\/\/www.fluencecorp.com\/es\/lecho-mixto\/","article_publisher":"https:\/\/www.facebook.com\/FluenceCorp","article_modified_time":"2019-04-08T18:33:29+00:00","og_image":[{"width":347,"height":231,"url":"https:\/\/www.fluencecorp.com\/wp-content\/uploads\/2017\/07\/droplet-pattern.png","type":"image\/png"}],"twitter_card":"summary_large_image","twitter_site":"@FluenceCorp","twitter_misc":{"Tiempo de lectura":"6 minutos","Written by":"sysop"},"schema":{"@context":"https:\/\/schema.org","@graph":[{"@type":"WebPage","@id":"https:\/\/www.fluencecorp.com\/es\/lecho-mixto\/","url":"https:\/\/www.fluencecorp.com\/es\/lecho-mixto\/","name":"Lecho Mixto | Fluence","isPartOf":{"@id":"https:\/\/www.fluencecorp.com\/es\/#website"},"primaryImageOfPage":{"@id":"https:\/\/www.fluencecorp.com\/es\/lecho-mixto\/#primaryimage"},"image":{"@id":"https:\/\/www.fluencecorp.com\/es\/lecho-mixto\/#primaryimage"},"thumbnailUrl":"https:\/\/www.fluencecorp.com\/wp-content\/uploads\/2017\/07\/droplet-pattern.png","datePublished":"2017-12-14T20:20:34+00:00","dateModified":"2019-04-08T18:33:29+00:00","description":"Conozca m\u00e1s sobre los ablandadores\u00a0Fluence para agua para bebidas,\u00a0para hoteles,\u00a0calderas y torres de enfriamiento.","breadcrumb":{"@id":"https:\/\/www.fluencecorp.com\/es\/lecho-mixto\/#breadcrumb"},"inLanguage":"es","potentialAction":[{"@type":"ReadAction","target":["https:\/\/www.fluencecorp.com\/es\/lecho-mixto\/"]}]},{"@type":"ImageObject","inLanguage":"es","@id":"https:\/\/www.fluencecorp.com\/es\/lecho-mixto\/#primaryimage","url":"https:\/\/www.fluencecorp.com\/wp-content\/uploads\/2017\/07\/droplet-pattern.png","contentUrl":"https:\/\/www.fluencecorp.com\/wp-content\/uploads\/2017\/07\/droplet-pattern.png","width":347,"height":231},{"@type":"BreadcrumbList","@id":"https:\/\/www.fluencecorp.com\/es\/lecho-mixto\/#breadcrumb","itemListElement":[{"@type":"ListItem","position":1,"name":"Home","item":"https:\/\/www.fluencecorp.com\/es\/"},{"@type":"ListItem","position":2,"name":"Lecho Mixto"}]},{"@type":"WebSite","@id":"https:\/\/www.fluencecorp.com\/es\/#website","url":"https:\/\/www.fluencecorp.com\/es\/","name":"Fluence Corporation","description":"","publisher":{"@id":"https:\/\/www.fluencecorp.com\/es\/#organization"},"potentialAction":[{"@type":"SearchAction","target":{"@type":"EntryPoint","urlTemplate":"https:\/\/www.fluencecorp.com\/es\/?s={search_term_string}"},"query-input":{"@type":"PropertyValueSpecification","valueRequired":true,"valueName":"search_term_string"}}],"inLanguage":"es"},{"@type":"Organization","@id":"https:\/\/www.fluencecorp.com\/es\/#organization","name":"Fluence","url":"https:\/\/www.fluencecorp.com\/es\/","logo":{"@type":"ImageObject","inLanguage":"es","@id":"https:\/\/www.fluencecorp.com\/es\/#\/schema\/logo\/image\/","url":"https:\/\/www.fluencecorp.com\/wp-content\/uploads\/2018\/03\/fluence-seo-logo.png","contentUrl":"https:\/\/www.fluencecorp.com\/wp-content\/uploads\/2018\/03\/fluence-seo-logo.png","width":523,"height":181,"caption":"Fluence"},"image":{"@id":"https:\/\/www.fluencecorp.com\/es\/#\/schema\/logo\/image\/"},"sameAs":["https:\/\/www.facebook.com\/FluenceCorp","https:\/\/x.com\/FluenceCorp","https:\/\/www.linkedin.com\/company-beta\/18150486\/"]}]}},"_links":{"self":[{"href":"https:\/\/www.fluencecorp.com\/es\/wp-json\/wp\/v2\/pages\/41296","targetHints":{"allow":["GET"]}}],"collection":[{"href":"https:\/\/www.fluencecorp.com\/es\/wp-json\/wp\/v2\/pages"}],"about":[{"href":"https:\/\/www.fluencecorp.com\/es\/wp-json\/wp\/v2\/types\/page"}],"author":[{"embeddable":true,"href":"https:\/\/www.fluencecorp.com\/es\/wp-json\/wp\/v2\/users\/1"}],"replies":[{"embeddable":true,"href":"https:\/\/www.fluencecorp.com\/es\/wp-json\/wp\/v2\/comments?post=41296"}],"version-history":[{"count":0,"href":"https:\/\/www.fluencecorp.com\/es\/wp-json\/wp\/v2\/pages\/41296\/revisions"}],"wp:featuredmedia":[{"embeddable":true,"href":"https:\/\/www.fluencecorp.com\/es\/wp-json\/wp\/v2\/media\/34297"}],"wp:attachment":[{"href":"https:\/\/www.fluencecorp.com\/es\/wp-json\/wp\/v2\/media?parent=41296"}],"wp:term":[{"taxonomy":"author","embeddable":true,"href":"https:\/\/www.fluencecorp.com\/es\/wp-json\/wp\/v2\/coauthors?post=41296"}],"curies":[{"name":"wp","href":"https:\/\/api.w.org\/{rel}","templated":true}]}}