{"id":41291,"date":"2017-12-14T15:17:29","date_gmt":"2017-12-14T20:17:29","guid":{"rendered":"https:\/\/www.fluencecorp.com\/?page_id=41291"},"modified":"2019-04-09T04:33:00","modified_gmt":"2019-04-08T18:33:00","slug":"ablandadores","status":"publish","type":"page","link":"https:\/\/www.fluencecorp.com\/es\/ablandadores\/","title":{"rendered":"Ablandadores"},"content":{"rendered":"<p>[et_pb_section bb_built=\u00bb1&#8243; fullwidth=\u00bboff\u00bb specialty=\u00bboff\u00bb _builder_version=\u00bb3.0.61&#8243; background_color=\u00bb#f4f4f4&#8243; background_blend=\u00bbmultiply\u00bb custom_padding=\u00bb0px||0px|\u00bb next_background_color=\u00bb#ffffff\u00bb][et_pb_row _builder_version=\u00bb3.0.60&#8243; background_position_1=\u00bbtop_left\u00bb background_repeat_1=\u00bbno-repeat\u00bb custom_margin=\u00bb0px||0px|\u00bb custom_padding=\u00bb0px||0px|\u00bb][et_pb_column type=\u00bb4_4&#8243;][et_pb_text admin_label=\u00bbHeader with Grey Background\u00bb _builder_version=\u00bb3.0.91&#8243; background_layout=\u00bblight\u00bb text_font_size=\u00bb24&#8243; header_text_color=\u00bb#0b3a5d\u00bb header_font_size=\u00bb52px\u00bb text_text_color=\u00bb#778591&#8243; custom_margin=\u00bb10px||10px|\u00bb custom_padding=\u00bb44px||44px|\u00bb header_font=\u00bb|on|||\u00bb text_font_size_tablet=\u00bb16&#8243; text_font_size_last_edited=\u00bbon|phone\u00bb header_font_size_tablet=\u00bb35px\u00bb header_font_size_phone=\u00bb28px\u00bb header_font_size_last_edited=\u00bbon|phone\u00bb]<\/p>\n<h1>Ablandadores<\/h1>\n<p>[\/et_pb_text][\/et_pb_column][\/et_pb_row][\/et_pb_section][et_pb_section bb_built=\u00bb1&#8243; _builder_version=\u00bb3.0.59&#8243; custom_padding=\u00bb0px||0px|\u00bb prev_background_color=\u00bb#f4f4f4&#8243;][et_pb_row][et_pb_column type=\u00bb2_3&#8243;][et_pb_text admin_label=\u00bbMain Body Text\u00bb _builder_version=\u00bb3.0.91&#8243; background_layout=\u00bblight\u00bb]<\/p>\n<p>Nuestros sistemas de intercambio i\u00f3nico permiten eliminar iones calcio y magnesio, responsables de la dureza del agua (sarro) por iones sodio, en forma totalmente autom\u00e1tica.<\/p>\n<p>El ablandamiento del agua presenta las siguientes ventajas, entre otras:<\/p>\n<ul>\n<li>Debido al bajo nivel de incrustaci\u00f3n disminuye hasta el 25% de gasto energ\u00e9tico en procesos de transferencia de calor. (Investigaci\u00f3n realizada por Water Quality Research Council y Water Quality Association).<\/li>\n<li>Procesos de lavado con detergentes utilizan un 33% menos de producto para lograr un 45% m\u00e1s de poder blanqueador.<\/li>\n<li>Protege de incrustaciones a tuber\u00edas, procesos de concentraci\u00f3n de sales, etc.<\/li>\n<\/ul>\n<p>B\u00e1sicamente, el proceso de intercambio se produce sobre la superficie de una resina polim\u00e9rica, cuando esta \u00faltima queda saturada, es decir, cuando todos los iones sodio son intercambiados por los iones calcio y magnesio presentes en el agua de alimentaci\u00f3n, debe ser regenerada a trav\u00e9s del pasaje de una mezcla formada por cloruro de sodio (sal de mesa) y agua, com\u00fanmente denominada \u00absalmuera\u00bb.<\/p>\n<p>Nuestros sistemas exhiben las siguientes caracter\u00edsticas principales:<\/p>\n<ul>\n<li>Pocos elementos integrantes del sistema.<\/li>\n<li>Regeneraci\u00f3n Downflow\/Upflow.<\/li>\n<li>Llenado de regenerante con agua tratada.<\/li>\n<li>Microprocesador de f\u00e1cil programaci\u00f3n desde el panel de control.<\/li>\n<li>Almacenaje de datos de operaci\u00f3n y configuraci\u00f3n del sistema en memoria no vol\u00e1til.<\/li>\n<li>Back up de informaci\u00f3n de 8 horas con bater\u00eda de litio.<\/li>\n<li>El dise\u00f1o especial de nuestro pist\u00f3n permite el funcionamiento por muchos a\u00f1os sin mantenimiento.<\/li>\n<\/ul>\n<h3>Control Manual [UTK-AM]<\/h3>\n<p>El ciclo de regeneraci\u00f3n manual se produce por medio de un dispositivo de f\u00e1cil accionar o un cuadro de v\u00e1lvulas. La \u00fanica ventaja de esta opci\u00f3n es la inversi\u00f3n inicial. Esta configuraci\u00f3n es ofrecida por Fluence s\u00f3lo para aplicaciones industriales de grandes caudales, ya que para equipos peque\u00f1os no hay diferencia econ\u00f3mica entre una unidad automatizada y la manual.<\/p>\n<h3>Control Autom\u00e1tico Por Caudal o Tiempo [UTK-AT\/UTK-AC]<\/h3>\n<p>En la automatizaci\u00f3n por tiempo (AT) la resina se regenera con lavados cada cierto per\u00edodo establecido, independientemente de la necesidad real o no de la regeneraci\u00f3n. Esta configuraci\u00f3n se recomienda para procesos donde se dispone de un horario exacto y estrecho para la regeneraci\u00f3n de los lechos, aun cuando \u00e9stos no est\u00e9n agotados. Ejemplos: edificios donde durante la noche no hay consumo de agua, como pretratamiento de unidades que se detengan a horarios conocidos, etc.<\/p>\n<p>La automatizaci\u00f3n por caudal (AC) est\u00e1 determinada por un volumen fijo de circulaci\u00f3n, establecido en el momento de la instalaci\u00f3n. Una vez alcanzado el mismo, se inicia el proceso de regeneraci\u00f3n. Esta es la configuraci\u00f3n m\u00e1s eficiente desde el punto de vista energ\u00e9tico y consumo de sal, una de las desventajas es que puede realizarse en cualquier momento del d\u00eda.<\/p>\n<p>Ejemplo: casos donde el proceso de regeneraci\u00f3n no afecte el rendimiento de la planta, ya sea porque se cuenta con una cisterna con capacidad suficiente o porque el proceso admite periodos de inactividad.<\/p>\n<p>Nuestros cabezales ofrecen las siguientes ventajas competitivas:<\/p>\n<ul>\n<li>Programaci\u00f3n por tiempo o por caudal. Clack Corporation ofrece estas variantes de configuraci\u00f3n, sin diferencia de precio alguno.<\/li>\n<li>Repuestos comunes a todos los modelos, siendo los cabezales que menor cantidad de ellos emplean.<\/li>\n<li>La v\u00e1lvula de 3&#8243; (WS3) es la \u00fanica en el mercado que admite un caudal de retrolavado de 50 m\u00b3\/h, as\u00ed como tambi\u00e9n la \u00fanica que puede emplearse en tanques con un di\u00e1metro de hasta 96&#8243;.<\/li>\n<\/ul>\n<h3>Dise\u00f1o Twin \/ Triplex \/ Cuadruplex<\/h3>\n<p>Son dise\u00f1os que garantizan el abastecimiento de agua blanda las 24 h del d\u00eda los 365 d\u00edas del a\u00f1o. En todo momento hay un tanque en regeneraci\u00f3n \/ stand-by y el resto de los tanques est\u00e1n en funcionamiento. Cuando uno se satura, comienza a funcionar el equipo detenido sin cortar el proceso de producci\u00f3n de agua.<\/p>\n<p>Los sistemas Twin est\u00e1n conformados por dos tanques y admiten un caudal de operaci\u00f3n que va desde los 1,5 m\u00b3\/h hasta los 28 m\u00b3\/h.<\/p>\n<p>Los sistemas Triplex o Cuadruplex est\u00e1n constituidos por tres y cuatro tanques respectivamente, permiten tratar caudales superiores a los 30 m<sup>3<\/sup>\/h y su automatismo y regeneraci\u00f3n (por tiempo o caudal) puede ser usado de acuerdo a diferentes criterios (en paralelos, alternantes).<\/p>\n<p><a href=\"https:\/\/www.fluencecorp.com\/es\/contacto\/\" target=\"_blank\" rel=\"noopener noreferrer\">Cont\u00e1ctese con nuestros expertos<\/a>\u00a0para tratar los detalles de su proyecto, y para conocer c\u00f3mo los ablandadores pueden ayudarle a alcanzar sus metas.<\/p>\n<p>[\/et_pb_text][\/et_pb_column][et_pb_column type=\u00bb1_3&#8243;][et_pb_blurb admin_label=\u00bbWASTE-TO-ENERGY CHALLENGES &#8211; ES\u00bb _builder_version=\u00bb3.0.100&#8243; title=\u00bb\u00bfDESAF\u00cdOS DE TRATAMIENTO DE EFLUENTES?\u00bb url_new_window=\u00bboff\u00bb use_icon=\u00bboff\u00bb image=\u00bbhttps:\/\/www.fluencecorp.com\/wp-content\/uploads\/2017\/07\/wastewater_treatment_02.svg\u00bb use_circle=\u00bboff\u00bb use_circle_border=\u00bboff\u00bb icon_placement=\u00bbtop\u00bb use_icon_font_size=\u00bboff\u00bb background_layout=\u00bblight\u00bb text_orientation=\u00bbcenter\u00bb use_border_color=\u00bbon\u00bb custom_padding=\u00bb30px|20px|30px|20px\u00bb module_class=\u00bbfluenceblurb\u00bb animation=\u00bboff\u00bb border_color_all=\u00bb#7fc8bd\u00bb max_width_tablet=\u00bb50px\u00bb border_radii=\u00bbon|3px|3px|3px|3px\u00bb border_width_all=\u00bb1px\u00bb]<\/p>\n<p>\u00a1Estamos para ayudarlo! Contacte Fluence para conocer m\u00e1s sobre nuestras soluciones de tratamiento de efluentes o discutir detalles espec\u00edficos de su proyecto.<\/p>\n<p><a class=\"et_pb_promo_button et_pb_button\" href=\"\/es\/contacto\/\">CONT\u00c1CTESE<\/a><\/p>\n<p>[\/et_pb_blurb][et_pb_text admin_label=\u00bbQUICK LINKS &#8211; ES\u00bb _builder_version=\u00bb3.21.4&#8243; background_color=\u00bb#f4f4f4&#8243; background_size=\u00bbinitial\u00bb background_position=\u00bbcenter_right\u00bb background_blend=\u00bboverlay\u00bb header_font_size=\u00bb20px\u00bb header_text_color=\u00bb#0b3a5d\u00bb custom_padding=\u00bb30px|30px|30px|30px\u00bb z_index_tablet=\u00bb500&#8243;]<\/p>\n<h1>ENLACES R\u00c1PIDOS<\/h1>\n<ul>\n<li><a href=\"\/es\/cases\/\">Casos de Estudio<\/a><\/li>\n<li><a href=\"\/es\/newsroom\/\">Sala de Prensa<\/a><\/li>\n<\/ul>\n<p>[\/et_pb_text][\/et_pb_column][\/et_pb_row][\/et_pb_section]<\/p>\n","protected":false},"excerpt":{"rendered":"<p>Ablandadores <div class=\"et_pb_row et_pb_row_0 et_pb_row_empty\">\n\t\t\t\t\n\t\t\t\t\n\t\t\t\t\n\t\t\t\t\n\t\t\t\t\n\t\t\t<\/div> Nuestros sistemas de intercambio i\u00f3nico permiten eliminar iones calcio y magnesio, responsables de la dureza del agua (sarro) por iones sodio, en forma totalmente autom\u00e1tica. El ablandamiento del agua presenta las siguientes ventajas, entre otras: Debido al bajo nivel de incrustaci\u00f3n disminuye hasta el 25% de gasto energ\u00e9tico en procesos de transferencia de [&hellip;]<\/p>\n","protected":false},"author":1,"featured_media":34297,"parent":0,"menu_order":0,"comment_status":"closed","ping_status":"closed","template":"","meta":{"_et_pb_use_builder":"on","_et_pb_old_content":"","_et_gb_content_width":"","_relevanssi_hide_post":"","_relevanssi_hide_content":"","_relevanssi_pin_for_all":"","_relevanssi_pin_keywords":"","_relevanssi_unpin_keywords":"","_relevanssi_related_keywords":"","_relevanssi_related_include_ids":"","_relevanssi_related_exclude_ids":"","_relevanssi_related_no_append":"","_relevanssi_related_not_related":"","_relevanssi_related_posts":"","_relevanssi_noindex_reason":"","inline_featured_image":false,"footnotes":"","_links_to":"","_links_to_target":""},"coauthors":[],"class_list":["post-41291","page","type-page","status-publish","has-post-thumbnail","hentry"],"yoast_head":"<!-- This site is optimized with the Yoast SEO plugin v27.3 - https:\/\/yoast.com\/product\/yoast-seo-wordpress\/ -->\n<title>Ablandadores | Fluence<\/title>\n<meta name=\"description\" content=\"Conozca m\u00e1s sobre los ablandadores\u00a0Fluence para agua para bebidas,\u00a0para hoteles,\u00a0calderas y torres de enfriamiento.\" \/>\n<meta name=\"robots\" content=\"index, follow, max-snippet:-1, max-image-preview:large, max-video-preview:-1\" \/>\n<link rel=\"canonical\" href=\"https:\/\/www.fluencecorp.com\/es\/ablandadores\/\" \/>\n<meta property=\"og:locale\" content=\"es_ES\" \/>\n<meta property=\"og:type\" content=\"article\" \/>\n<meta property=\"og:title\" content=\"Sistemas de \u00d3smosis Inversa\" \/>\n<meta property=\"og:description\" content=\"Conozca m\u00e1s sobre los ablandadores\u00a0Fluence para agua para bebidas,\u00a0para hoteles,\u00a0calderas y torres de enfriamiento.\" \/>\n<meta property=\"og:url\" content=\"https:\/\/www.fluencecorp.com\/es\/ablandadores\/\" \/>\n<meta property=\"article:publisher\" content=\"https:\/\/www.facebook.com\/FluenceCorp\" \/>\n<meta property=\"article:modified_time\" content=\"2019-04-08T18:33:00+00:00\" \/>\n<meta property=\"og:image\" content=\"https:\/\/www.fluencecorp.com\/wp-content\/uploads\/2017\/07\/droplet-pattern.png\" \/>\n\t<meta property=\"og:image:width\" content=\"347\" \/>\n\t<meta property=\"og:image:height\" content=\"231\" \/>\n\t<meta property=\"og:image:type\" content=\"image\/png\" \/>\n<meta name=\"twitter:card\" content=\"summary_large_image\" \/>\n<meta name=\"twitter:site\" content=\"@FluenceCorp\" \/>\n<meta name=\"twitter:label1\" content=\"Tiempo de lectura\" \/>\n\t<meta name=\"twitter:data1\" content=\"6 minutos\" \/>\n\t<meta name=\"twitter:label2\" content=\"Written by\" \/>\n\t<meta name=\"twitter:data2\" content=\"sysop\" \/>\n<script type=\"application\/ld+json\" class=\"yoast-schema-graph\">{\"@context\":\"https:\\\/\\\/schema.org\",\"@graph\":[{\"@type\":\"WebPage\",\"@id\":\"https:\\\/\\\/www.fluencecorp.com\\\/es\\\/ablandadores\\\/\",\"url\":\"https:\\\/\\\/www.fluencecorp.com\\\/es\\\/ablandadores\\\/\",\"name\":\"Ablandadores | Fluence\",\"isPartOf\":{\"@id\":\"https:\\\/\\\/www.fluencecorp.com\\\/es\\\/#website\"},\"primaryImageOfPage\":{\"@id\":\"https:\\\/\\\/www.fluencecorp.com\\\/es\\\/ablandadores\\\/#primaryimage\"},\"image\":{\"@id\":\"https:\\\/\\\/www.fluencecorp.com\\\/es\\\/ablandadores\\\/#primaryimage\"},\"thumbnailUrl\":\"https:\\\/\\\/www.fluencecorp.com\\\/wp-content\\\/uploads\\\/2017\\\/07\\\/droplet-pattern.png\",\"datePublished\":\"2017-12-14T20:17:29+00:00\",\"dateModified\":\"2019-04-08T18:33:00+00:00\",\"description\":\"Conozca m\u00e1s sobre los ablandadores\u00a0Fluence para agua para bebidas,\u00a0para hoteles,\u00a0calderas y torres de enfriamiento.\",\"breadcrumb\":{\"@id\":\"https:\\\/\\\/www.fluencecorp.com\\\/es\\\/ablandadores\\\/#breadcrumb\"},\"inLanguage\":\"es\",\"potentialAction\":[{\"@type\":\"ReadAction\",\"target\":[\"https:\\\/\\\/www.fluencecorp.com\\\/es\\\/ablandadores\\\/\"]}]},{\"@type\":\"ImageObject\",\"inLanguage\":\"es\",\"@id\":\"https:\\\/\\\/www.fluencecorp.com\\\/es\\\/ablandadores\\\/#primaryimage\",\"url\":\"https:\\\/\\\/www.fluencecorp.com\\\/wp-content\\\/uploads\\\/2017\\\/07\\\/droplet-pattern.png\",\"contentUrl\":\"https:\\\/\\\/www.fluencecorp.com\\\/wp-content\\\/uploads\\\/2017\\\/07\\\/droplet-pattern.png\",\"width\":347,\"height\":231},{\"@type\":\"BreadcrumbList\",\"@id\":\"https:\\\/\\\/www.fluencecorp.com\\\/es\\\/ablandadores\\\/#breadcrumb\",\"itemListElement\":[{\"@type\":\"ListItem\",\"position\":1,\"name\":\"Home\",\"item\":\"https:\\\/\\\/www.fluencecorp.com\\\/es\\\/\"},{\"@type\":\"ListItem\",\"position\":2,\"name\":\"Ablandadores\"}]},{\"@type\":\"WebSite\",\"@id\":\"https:\\\/\\\/www.fluencecorp.com\\\/es\\\/#website\",\"url\":\"https:\\\/\\\/www.fluencecorp.com\\\/es\\\/\",\"name\":\"Fluence Corporation\",\"description\":\"\",\"publisher\":{\"@id\":\"https:\\\/\\\/www.fluencecorp.com\\\/es\\\/#organization\"},\"potentialAction\":[{\"@type\":\"SearchAction\",\"target\":{\"@type\":\"EntryPoint\",\"urlTemplate\":\"https:\\\/\\\/www.fluencecorp.com\\\/es\\\/?s={search_term_string}\"},\"query-input\":{\"@type\":\"PropertyValueSpecification\",\"valueRequired\":true,\"valueName\":\"search_term_string\"}}],\"inLanguage\":\"es\"},{\"@type\":\"Organization\",\"@id\":\"https:\\\/\\\/www.fluencecorp.com\\\/es\\\/#organization\",\"name\":\"Fluence\",\"url\":\"https:\\\/\\\/www.fluencecorp.com\\\/es\\\/\",\"logo\":{\"@type\":\"ImageObject\",\"inLanguage\":\"es\",\"@id\":\"https:\\\/\\\/www.fluencecorp.com\\\/es\\\/#\\\/schema\\\/logo\\\/image\\\/\",\"url\":\"https:\\\/\\\/www.fluencecorp.com\\\/wp-content\\\/uploads\\\/2018\\\/03\\\/fluence-seo-logo.png\",\"contentUrl\":\"https:\\\/\\\/www.fluencecorp.com\\\/wp-content\\\/uploads\\\/2018\\\/03\\\/fluence-seo-logo.png\",\"width\":523,\"height\":181,\"caption\":\"Fluence\"},\"image\":{\"@id\":\"https:\\\/\\\/www.fluencecorp.com\\\/es\\\/#\\\/schema\\\/logo\\\/image\\\/\"},\"sameAs\":[\"https:\\\/\\\/www.facebook.com\\\/FluenceCorp\",\"https:\\\/\\\/x.com\\\/FluenceCorp\",\"https:\\\/\\\/www.linkedin.com\\\/company-beta\\\/18150486\\\/\"]}]}<\/script>\n<!-- \/ Yoast SEO plugin. -->","yoast_head_json":{"title":"Ablandadores | Fluence","description":"Conozca m\u00e1s sobre los ablandadores\u00a0Fluence para agua para bebidas,\u00a0para hoteles,\u00a0calderas y torres de enfriamiento.","robots":{"index":"index","follow":"follow","max-snippet":"max-snippet:-1","max-image-preview":"max-image-preview:large","max-video-preview":"max-video-preview:-1"},"canonical":"https:\/\/www.fluencecorp.com\/es\/ablandadores\/","og_locale":"es_ES","og_type":"article","og_title":"Sistemas de \u00d3smosis Inversa","og_description":"Conozca m\u00e1s sobre los ablandadores\u00a0Fluence para agua para bebidas,\u00a0para hoteles,\u00a0calderas y torres de enfriamiento.","og_url":"https:\/\/www.fluencecorp.com\/es\/ablandadores\/","article_publisher":"https:\/\/www.facebook.com\/FluenceCorp","article_modified_time":"2019-04-08T18:33:00+00:00","og_image":[{"width":347,"height":231,"url":"https:\/\/www.fluencecorp.com\/wp-content\/uploads\/2017\/07\/droplet-pattern.png","type":"image\/png"}],"twitter_card":"summary_large_image","twitter_site":"@FluenceCorp","twitter_misc":{"Tiempo de lectura":"6 minutos","Written by":"sysop"},"schema":{"@context":"https:\/\/schema.org","@graph":[{"@type":"WebPage","@id":"https:\/\/www.fluencecorp.com\/es\/ablandadores\/","url":"https:\/\/www.fluencecorp.com\/es\/ablandadores\/","name":"Ablandadores | Fluence","isPartOf":{"@id":"https:\/\/www.fluencecorp.com\/es\/#website"},"primaryImageOfPage":{"@id":"https:\/\/www.fluencecorp.com\/es\/ablandadores\/#primaryimage"},"image":{"@id":"https:\/\/www.fluencecorp.com\/es\/ablandadores\/#primaryimage"},"thumbnailUrl":"https:\/\/www.fluencecorp.com\/wp-content\/uploads\/2017\/07\/droplet-pattern.png","datePublished":"2017-12-14T20:17:29+00:00","dateModified":"2019-04-08T18:33:00+00:00","description":"Conozca m\u00e1s sobre los ablandadores\u00a0Fluence para agua para bebidas,\u00a0para hoteles,\u00a0calderas y torres de enfriamiento.","breadcrumb":{"@id":"https:\/\/www.fluencecorp.com\/es\/ablandadores\/#breadcrumb"},"inLanguage":"es","potentialAction":[{"@type":"ReadAction","target":["https:\/\/www.fluencecorp.com\/es\/ablandadores\/"]}]},{"@type":"ImageObject","inLanguage":"es","@id":"https:\/\/www.fluencecorp.com\/es\/ablandadores\/#primaryimage","url":"https:\/\/www.fluencecorp.com\/wp-content\/uploads\/2017\/07\/droplet-pattern.png","contentUrl":"https:\/\/www.fluencecorp.com\/wp-content\/uploads\/2017\/07\/droplet-pattern.png","width":347,"height":231},{"@type":"BreadcrumbList","@id":"https:\/\/www.fluencecorp.com\/es\/ablandadores\/#breadcrumb","itemListElement":[{"@type":"ListItem","position":1,"name":"Home","item":"https:\/\/www.fluencecorp.com\/es\/"},{"@type":"ListItem","position":2,"name":"Ablandadores"}]},{"@type":"WebSite","@id":"https:\/\/www.fluencecorp.com\/es\/#website","url":"https:\/\/www.fluencecorp.com\/es\/","name":"Fluence Corporation","description":"","publisher":{"@id":"https:\/\/www.fluencecorp.com\/es\/#organization"},"potentialAction":[{"@type":"SearchAction","target":{"@type":"EntryPoint","urlTemplate":"https:\/\/www.fluencecorp.com\/es\/?s={search_term_string}"},"query-input":{"@type":"PropertyValueSpecification","valueRequired":true,"valueName":"search_term_string"}}],"inLanguage":"es"},{"@type":"Organization","@id":"https:\/\/www.fluencecorp.com\/es\/#organization","name":"Fluence","url":"https:\/\/www.fluencecorp.com\/es\/","logo":{"@type":"ImageObject","inLanguage":"es","@id":"https:\/\/www.fluencecorp.com\/es\/#\/schema\/logo\/image\/","url":"https:\/\/www.fluencecorp.com\/wp-content\/uploads\/2018\/03\/fluence-seo-logo.png","contentUrl":"https:\/\/www.fluencecorp.com\/wp-content\/uploads\/2018\/03\/fluence-seo-logo.png","width":523,"height":181,"caption":"Fluence"},"image":{"@id":"https:\/\/www.fluencecorp.com\/es\/#\/schema\/logo\/image\/"},"sameAs":["https:\/\/www.facebook.com\/FluenceCorp","https:\/\/x.com\/FluenceCorp","https:\/\/www.linkedin.com\/company-beta\/18150486\/"]}]}},"_links":{"self":[{"href":"https:\/\/www.fluencecorp.com\/es\/wp-json\/wp\/v2\/pages\/41291","targetHints":{"allow":["GET"]}}],"collection":[{"href":"https:\/\/www.fluencecorp.com\/es\/wp-json\/wp\/v2\/pages"}],"about":[{"href":"https:\/\/www.fluencecorp.com\/es\/wp-json\/wp\/v2\/types\/page"}],"author":[{"embeddable":true,"href":"https:\/\/www.fluencecorp.com\/es\/wp-json\/wp\/v2\/users\/1"}],"replies":[{"embeddable":true,"href":"https:\/\/www.fluencecorp.com\/es\/wp-json\/wp\/v2\/comments?post=41291"}],"version-history":[{"count":0,"href":"https:\/\/www.fluencecorp.com\/es\/wp-json\/wp\/v2\/pages\/41291\/revisions"}],"wp:featuredmedia":[{"embeddable":true,"href":"https:\/\/www.fluencecorp.com\/es\/wp-json\/wp\/v2\/media\/34297"}],"wp:attachment":[{"href":"https:\/\/www.fluencecorp.com\/es\/wp-json\/wp\/v2\/media?parent=41291"}],"wp:term":[{"taxonomy":"author","embeddable":true,"href":"https:\/\/www.fluencecorp.com\/es\/wp-json\/wp\/v2\/coauthors?post=41291"}],"curies":[{"name":"wp","href":"https:\/\/api.w.org\/{rel}","templated":true}]}}