{"id":39557,"date":"2017-07-13T17:17:26","date_gmt":"2017-07-13T07:17:26","guid":{"rendered":"https:\/\/www.fluencecorp.com\/terms-of-service\/"},"modified":"2019-04-09T04:31:40","modified_gmt":"2019-04-08T18:31:40","slug":"condiciones-de-uso","status":"publish","type":"page","link":"https:\/\/www.fluencecorp.com\/es\/condiciones-de-uso\/","title":{"rendered":"T\u00e9rminos de Uso y Pol\u00edtica de Privacidad"},"content":{"rendered":"<p>[et_pb_section bb_built=\u00bb1&#8243; fullwidth=\u00bboff\u00bb specialty=\u00bboff\u00bb _builder_version=\u00bb3.0.61&#8243; background_color=\u00bb#f4f4f4&#8243; background_blend=\u00bbmultiply\u00bb custom_padding=\u00bb0px||0px|\u00bb next_background_color=\u00bb#ffffff\u00bb][et_pb_row _builder_version=\u00bb3.0.60&#8243; background_position_1=\u00bbtop_left\u00bb background_repeat_1=\u00bbno-repeat\u00bb custom_margin=\u00bb0px||0px|\u00bb custom_padding=\u00bb0px||0px|\u00bb][et_pb_column type=\u00bb4_4&#8243;][et_pb_text admin_label=\u00bbHeader with Grey Background\u00bb _builder_version=\u00bb3.0.69&#8243; background_layout=\u00bblight\u00bb text_orientation=\u00bbleft\u00bb border_style=\u00bbsolid\u00bb text_font_size=\u00bb24&#8243; header_text_color=\u00bb#0b3a5d\u00bb header_font_size=\u00bb52px\u00bb text_text_color=\u00bb#778591&#8243; custom_margin=\u00bb10px||10px|\u00bb custom_padding=\u00bb44px||44px|\u00bb header_font=\u00bb|on|||\u00bb text_font_size_tablet=\u00bb16&#8243; text_font_size_last_edited=\u00bbon|phone\u00bb header_font_size_tablet=\u00bb35px\u00bb header_font_size_phone=\u00bb28px\u00bb header_font_size_last_edited=\u00bbon|phone\u00bb]<\/p>\n<h1>Condiciones de Uso y Pol\u00edtica de privacidad<\/h1>\n<p>[\/et_pb_text][\/et_pb_column][\/et_pb_row][\/et_pb_section][et_pb_section bb_built=\u00bb1&#8243; _builder_version=\u00bb3.0.59&#8243; custom_padding=\u00bb0px||0px|\u00bb prev_background_color=\u00bb#f4f4f4&#8243;][et_pb_row][et_pb_column type=\u00bb2_3&#8243;][et_pb_text admin_label=\u00bbMain Body Text\u00bb _builder_version=\u00bb3.0.69&#8243; background_layout=\u00bblight\u00bb text_orientation=\u00bbleft\u00bb border_style=\u00bbsolid\u00bb]<\/p>\n<p>Cualquier uso del sitio web de Fluence Corp est\u00e1 sujeto a los t\u00e9rminos de uso especificados en este documento y est\u00e1 sujeto a las leyes y reglamentos internacionales, federales, estatales y locales. El uso de este sitio web implica la aceptaci\u00f3n de estos t\u00e9rminos.<\/p>\n<p>Este sitio web no puede utilizarse de ninguna manera que pudiera da\u00f1ar, deshabilitar, sobrecargar o deteriorar el sitio web o conexi\u00f3n a la red de Fluence Corp, conexi\u00f3n al sitio web de Fluence Corp, o interferir con el uso de cualquier otra parte de este sitio Web.<\/p>\n<p>En cualquier momento sin previo aviso, Fluence Corp puede modificar la configuraci\u00f3n de este Sitio Web y su contenido.<\/p>\n<h3>Propiedad Intelectual<\/h3>\n<p>A menos que se especifique lo contrario, la informaci\u00f3n y contenidos en este sitio web es propiedad de Fluence Corp y\/o sus subsidiarias y est\u00e1 protegido por derechos de autor, marca registrada y otras leyes de propiedad intelectual.<\/p>\n<p>A menos que se especifique lo contrario, la informaci\u00f3n y contenidos en este sitio web no pueden ser modificados, copiados, publicados, distribuidos, reproducidos, exhibidos, vendidos, licenciados o de otra manera utilizados de manera alguna para prop\u00f3sitos p\u00fablicos o comerciales.<\/p>\n<p>Est\u00e1 estrictamente prohibido el uso no autorizado de la marca de Fluence Corp, marcas registradas, logotipos u otras caracter\u00edsticas de marca distintivas.<\/p>\n<p>Queda estrictamente prohibida toda reproducci\u00f3n, distribuci\u00f3n o uso de todo o parte del contenido de este sitio web sin el expreso consentimiento previo por escrito de Fluence Corp.<\/p>\n<h3>Enlaces a otros Sitios Web<\/h3>\n<p>Este sitio web puede contener enlaces a los sitios web de terceros. \u00a0Fluence Corp no ser\u00e1 responsable ni estar\u00e1 obligado por cualquier contenido en otros sitios web a trav\u00e9s de este sitio. El uso de dichos sitios web es a discreci\u00f3n \u00fanica del usuario.<\/p>\n<h3>Normas Aplicables<\/h3>\n<p>Los T\u00e9rminos de Uso especificados en este documento se regir\u00e1n conforme a las leyes del estado de Nueva York.<\/p>\n<p>Si tiene alguna pregunta sobre estos T\u00e9rminos de Uso, por favor dirigirse a: <a href=\"mailto:info@fluencecorp.com\">info@fluencecorp.com<\/a>.<\/p>\n<h1>Pol\u00edtica de Privacidad<\/h1>\n<h3>Recolecci\u00f3n de Datos Personales.<\/h3>\n<p>Es importante proteger la privacidad de nuestros usuarios de Fluence Corp. Fluence Corp toma todas las precauciones para proteger los datos personales de los usuarios de nuestro sitio Web. No recopilamos su informaci\u00f3n personal (por ejemplo, su nombre o direcci\u00f3n de e-mail) a menos que voluntariamente nos lo env\u00ede (por ejemplo, al registrarse o completar una encuesta). \u00a0Fluence Corp recolectar\u00e1, utilizar\u00e1 o divulgar\u00e1 la informaci\u00f3n que usted proporcione solamente para los prop\u00f3sitos que le sean revelados a usted.<\/p>\n<h3>Cookies<\/h3>\n<p>Este sitio web puede utilizar cookies para recopilar informaci\u00f3n acerca de c\u00f3mo se utiliza el sitio Web. Si usted no desea recibir cookies, configure su navegador de Internet en consecuencia.<\/p>\n<p>Si tiene cualquier pregunta sobre nuestra pol\u00edtica de privacidad, por favor dirigirse a: <a href=\"mailto:info@fluencecorp.com\">info@fluencecorp.com<\/a>.<\/p>\n<p>[\/et_pb_text][\/et_pb_column][et_pb_column type=\u00bb1_3&#8243;][et_pb_blurb admin_label=\u00bbWATER CHALLENGES?\u00bb _builder_version=\u00bb3.0.100&#8243; title=\u00bb\u00bfDESAF\u00cdOS DE TRATAMIENTO DE AGUAS?\u00bb url_new_window=\u00bboff\u00bb use_icon=\u00bboff\u00bb image=\u00bbhttps:\/\/www.fluencecorp.com\/wp-content\/uploads\/2017\/07\/water_treatment_02.svg\u00bb use_circle=\u00bboff\u00bb use_circle_border=\u00bboff\u00bb icon_placement=\u00bbtop\u00bb use_icon_font_size=\u00bboff\u00bb background_layout=\u00bblight\u00bb animation=\u00bboff\u00bb use_border_color=\u00bbon\u00bb custom_padding=\u00bb30px|20px|30px|20px\u00bb text_orientation=\u00bbcenter\u00bb module_class=\u00bbfluenceblurb\u00bb image_max_width=\u00bb80px\u00bb border_color_all=\u00bb#7fc8bd\u00bb border_width_all=\u00bb1px\u00bb max_width_tablet=\u00bb50px\u00bb border_radii=\u00bbon|3px|3px|3px|3px\u00bb]<\/p>\n<p>\u00a1Estamos para ayudarlo! Contacte Fluence para conocer m\u00e1s sobre nuestras soluciones de tratamiento de aguas o discutir detalles espec\u00edficos de su proyecto.<\/p>\n<p><a class=\"et_pb_promo_button et_pb_button\" href=\"\/es\/contacto\/\">CONT\u00c1CTESE<\/a><\/p>\n<p>[\/et_pb_blurb][et_pb_text admin_label=\u00bbQUICK LINKS &#8211; ES\u00bb _builder_version=\u00bb3.21.4&#8243; background_color=\u00bb#f4f4f4&#8243; background_position=\u00bbcenter_right\u00bb background_blend=\u00bboverlay\u00bb background_size=\u00bbinitial\u00bb custom_padding=\u00bb30px|30px|30px|30px\u00bb header_font_size=\u00bb20px\u00bb header_text_color=\u00bb#0b3a5d\u00bb saved_tabs=\u00bball\u00bb z_index_tablet=\u00bb500&#8243;]<\/p>\n<h1>ENLACES R\u00c1PIDOS<\/h1>\n<ul>\n<li><a href=\"https:\/\/www.fluencecorp.com\/es\/casos\/\" target=\"_blank\" rel=\"noopener noreferrer\">Casos de Estudio<\/a><\/li>\n<li><a href=\"https:\/\/www.fluencecorp.com\/es\/newsroom\/\" target=\"_blank\" rel=\"noopener noreferrer\">Sala de Prensa<\/a><\/li>\n<\/ul>\n<p>[\/et_pb_text][\/et_pb_column][\/et_pb_row][\/et_pb_section]<\/p>\n","protected":false},"excerpt":{"rendered":"<p>Condiciones de Uso y Pol\u00edtica de privacidad <div class=\"et_pb_row et_pb_row_0 et_pb_row_empty\">\n\t\t\t\t\n\t\t\t\t\n\t\t\t\t\n\t\t\t\t\n\t\t\t\t\n\t\t\t<\/div> Cualquier uso del sitio web de Fluence Corp est\u00e1 sujeto a los t\u00e9rminos de uso especificados en este documento y est\u00e1 sujeto a las leyes y reglamentos internacionales, federales, estatales y locales. El uso de este sitio web implica la aceptaci\u00f3n de estos t\u00e9rminos. Este sitio web [&hellip;]<\/p>\n","protected":false},"author":2,"featured_media":34297,"parent":0,"menu_order":0,"comment_status":"closed","ping_status":"closed","template":"","meta":{"_et_pb_use_builder":"on","_et_pb_old_content":"","_et_gb_content_width":"","_relevanssi_hide_post":"","_relevanssi_hide_content":"","_relevanssi_pin_for_all":"","_relevanssi_pin_keywords":"","_relevanssi_unpin_keywords":"","_relevanssi_related_keywords":"","_relevanssi_related_include_ids":"","_relevanssi_related_exclude_ids":"","_relevanssi_related_no_append":"","_relevanssi_related_not_related":"","_relevanssi_related_posts":"","_relevanssi_noindex_reason":"","inline_featured_image":false,"footnotes":"","_links_to":"","_links_to_target":""},"coauthors":[],"class_list":["post-39557","page","type-page","status-publish","has-post-thumbnail","hentry"],"yoast_head":"<!-- This site is optimized with the Yoast SEO plugin v27.5 - https:\/\/yoast.com\/product\/yoast-seo-wordpress\/ -->\n<title>Condiciones de Uso | Pol\u00edtica de privacidad | Fluence<\/title>\n<meta name=\"robots\" content=\"index, follow, max-snippet:-1, max-image-preview:large, max-video-preview:-1\" \/>\n<link rel=\"canonical\" href=\"https:\/\/www.fluencecorp.com\/es\/condiciones-de-uso\/\" \/>\n<meta property=\"og:locale\" content=\"es_ES\" \/>\n<meta property=\"og:type\" content=\"article\" \/>\n<meta property=\"og:title\" content=\"Condiciones de Uso | Pol\u00edtica de privacidad | Fluence\" \/>\n<meta property=\"og:description\" content=\"Condiciones de Uso y Pol\u00edtica de privacidad Cualquier uso del sitio web de Fluence Corp est\u00e1 sujeto a los t\u00e9rminos de uso especificados en este documento y est\u00e1 sujeto a las leyes y reglamentos internacionales, federales, estatales y locales. El uso de este sitio web implica la aceptaci\u00f3n de estos t\u00e9rminos. Este sitio web [&hellip;]\" \/>\n<meta property=\"og:url\" content=\"https:\/\/www.fluencecorp.com\/es\/condiciones-de-uso\/\" \/>\n<meta property=\"article:publisher\" content=\"https:\/\/www.facebook.com\/FluenceCorp\" \/>\n<meta property=\"article:modified_time\" content=\"2019-04-08T18:31:40+00:00\" \/>\n<meta property=\"og:image\" content=\"https:\/\/www.fluencecorp.com\/wp-content\/uploads\/2017\/07\/droplet-pattern.png\" \/>\n\t<meta property=\"og:image:width\" content=\"347\" \/>\n\t<meta property=\"og:image:height\" content=\"231\" \/>\n\t<meta property=\"og:image:type\" content=\"image\/png\" \/>\n<meta name=\"twitter:card\" content=\"summary_large_image\" \/>\n<meta name=\"twitter:site\" content=\"@FluenceCorp\" \/>\n<meta name=\"twitter:label1\" content=\"Tiempo de lectura\" \/>\n\t<meta name=\"twitter:data1\" content=\"4 minutos\" \/>\n\t<meta name=\"twitter:label2\" content=\"Written by\" \/>\n\t<meta name=\"twitter:data2\" content=\"David Reich\" \/>\n<script type=\"application\/ld+json\" class=\"yoast-schema-graph\">{\"@context\":\"https:\\\/\\\/schema.org\",\"@graph\":[{\"@type\":\"WebPage\",\"@id\":\"https:\\\/\\\/www.fluencecorp.com\\\/es\\\/condiciones-de-uso\\\/\",\"url\":\"https:\\\/\\\/www.fluencecorp.com\\\/es\\\/condiciones-de-uso\\\/\",\"name\":\"Condiciones de Uso | Pol\u00edtica de privacidad | Fluence\",\"isPartOf\":{\"@id\":\"https:\\\/\\\/www.fluencecorp.com\\\/es\\\/#website\"},\"primaryImageOfPage\":{\"@id\":\"https:\\\/\\\/www.fluencecorp.com\\\/es\\\/condiciones-de-uso\\\/#primaryimage\"},\"image\":{\"@id\":\"https:\\\/\\\/www.fluencecorp.com\\\/es\\\/condiciones-de-uso\\\/#primaryimage\"},\"thumbnailUrl\":\"https:\\\/\\\/www.fluencecorp.com\\\/wp-content\\\/uploads\\\/2017\\\/07\\\/droplet-pattern.png\",\"datePublished\":\"2017-07-13T07:17:26+00:00\",\"dateModified\":\"2019-04-08T18:31:40+00:00\",\"breadcrumb\":{\"@id\":\"https:\\\/\\\/www.fluencecorp.com\\\/es\\\/condiciones-de-uso\\\/#breadcrumb\"},\"inLanguage\":\"es\",\"potentialAction\":[{\"@type\":\"ReadAction\",\"target\":[\"https:\\\/\\\/www.fluencecorp.com\\\/es\\\/condiciones-de-uso\\\/\"]}]},{\"@type\":\"ImageObject\",\"inLanguage\":\"es\",\"@id\":\"https:\\\/\\\/www.fluencecorp.com\\\/es\\\/condiciones-de-uso\\\/#primaryimage\",\"url\":\"https:\\\/\\\/www.fluencecorp.com\\\/wp-content\\\/uploads\\\/2017\\\/07\\\/droplet-pattern.png\",\"contentUrl\":\"https:\\\/\\\/www.fluencecorp.com\\\/wp-content\\\/uploads\\\/2017\\\/07\\\/droplet-pattern.png\",\"width\":347,\"height\":231},{\"@type\":\"BreadcrumbList\",\"@id\":\"https:\\\/\\\/www.fluencecorp.com\\\/es\\\/condiciones-de-uso\\\/#breadcrumb\",\"itemListElement\":[{\"@type\":\"ListItem\",\"position\":1,\"name\":\"Home\",\"item\":\"https:\\\/\\\/www.fluencecorp.com\\\/es\\\/\"},{\"@type\":\"ListItem\",\"position\":2,\"name\":\"T\u00e9rminos de Uso y Pol\u00edtica de Privacidad\"}]},{\"@type\":\"WebSite\",\"@id\":\"https:\\\/\\\/www.fluencecorp.com\\\/es\\\/#website\",\"url\":\"https:\\\/\\\/www.fluencecorp.com\\\/es\\\/\",\"name\":\"Fluence Corporation\",\"description\":\"\",\"publisher\":{\"@id\":\"https:\\\/\\\/www.fluencecorp.com\\\/es\\\/#organization\"},\"potentialAction\":[{\"@type\":\"SearchAction\",\"target\":{\"@type\":\"EntryPoint\",\"urlTemplate\":\"https:\\\/\\\/www.fluencecorp.com\\\/es\\\/?s={search_term_string}\"},\"query-input\":{\"@type\":\"PropertyValueSpecification\",\"valueRequired\":true,\"valueName\":\"search_term_string\"}}],\"inLanguage\":\"es\"},{\"@type\":\"Organization\",\"@id\":\"https:\\\/\\\/www.fluencecorp.com\\\/es\\\/#organization\",\"name\":\"Fluence\",\"url\":\"https:\\\/\\\/www.fluencecorp.com\\\/es\\\/\",\"logo\":{\"@type\":\"ImageObject\",\"inLanguage\":\"es\",\"@id\":\"https:\\\/\\\/www.fluencecorp.com\\\/es\\\/#\\\/schema\\\/logo\\\/image\\\/\",\"url\":\"https:\\\/\\\/www.fluencecorp.com\\\/wp-content\\\/uploads\\\/2018\\\/03\\\/fluence-seo-logo.png\",\"contentUrl\":\"https:\\\/\\\/www.fluencecorp.com\\\/wp-content\\\/uploads\\\/2018\\\/03\\\/fluence-seo-logo.png\",\"width\":523,\"height\":181,\"caption\":\"Fluence\"},\"image\":{\"@id\":\"https:\\\/\\\/www.fluencecorp.com\\\/es\\\/#\\\/schema\\\/logo\\\/image\\\/\"},\"sameAs\":[\"https:\\\/\\\/www.facebook.com\\\/FluenceCorp\",\"https:\\\/\\\/x.com\\\/FluenceCorp\",\"https:\\\/\\\/www.linkedin.com\\\/company-beta\\\/18150486\\\/\"]}]}<\/script>\n<!-- \/ Yoast SEO plugin. -->","yoast_head_json":{"title":"Condiciones de Uso | Pol\u00edtica de privacidad | Fluence","robots":{"index":"index","follow":"follow","max-snippet":"max-snippet:-1","max-image-preview":"max-image-preview:large","max-video-preview":"max-video-preview:-1"},"canonical":"https:\/\/www.fluencecorp.com\/es\/condiciones-de-uso\/","og_locale":"es_ES","og_type":"article","og_title":"Condiciones de Uso | Pol\u00edtica de privacidad | Fluence","og_description":"Condiciones de Uso y Pol\u00edtica de privacidad Cualquier uso del sitio web de Fluence Corp est\u00e1 sujeto a los t\u00e9rminos de uso especificados en este documento y est\u00e1 sujeto a las leyes y reglamentos internacionales, federales, estatales y locales. El uso de este sitio web implica la aceptaci\u00f3n de estos t\u00e9rminos. Este sitio web [&hellip;]","og_url":"https:\/\/www.fluencecorp.com\/es\/condiciones-de-uso\/","article_publisher":"https:\/\/www.facebook.com\/FluenceCorp","article_modified_time":"2019-04-08T18:31:40+00:00","og_image":[{"width":347,"height":231,"url":"https:\/\/www.fluencecorp.com\/wp-content\/uploads\/2017\/07\/droplet-pattern.png","type":"image\/png"}],"twitter_card":"summary_large_image","twitter_site":"@FluenceCorp","twitter_misc":{"Tiempo de lectura":"4 minutos","Written by":"David Reich"},"schema":{"@context":"https:\/\/schema.org","@graph":[{"@type":"WebPage","@id":"https:\/\/www.fluencecorp.com\/es\/condiciones-de-uso\/","url":"https:\/\/www.fluencecorp.com\/es\/condiciones-de-uso\/","name":"Condiciones de Uso | Pol\u00edtica de privacidad | Fluence","isPartOf":{"@id":"https:\/\/www.fluencecorp.com\/es\/#website"},"primaryImageOfPage":{"@id":"https:\/\/www.fluencecorp.com\/es\/condiciones-de-uso\/#primaryimage"},"image":{"@id":"https:\/\/www.fluencecorp.com\/es\/condiciones-de-uso\/#primaryimage"},"thumbnailUrl":"https:\/\/www.fluencecorp.com\/wp-content\/uploads\/2017\/07\/droplet-pattern.png","datePublished":"2017-07-13T07:17:26+00:00","dateModified":"2019-04-08T18:31:40+00:00","breadcrumb":{"@id":"https:\/\/www.fluencecorp.com\/es\/condiciones-de-uso\/#breadcrumb"},"inLanguage":"es","potentialAction":[{"@type":"ReadAction","target":["https:\/\/www.fluencecorp.com\/es\/condiciones-de-uso\/"]}]},{"@type":"ImageObject","inLanguage":"es","@id":"https:\/\/www.fluencecorp.com\/es\/condiciones-de-uso\/#primaryimage","url":"https:\/\/www.fluencecorp.com\/wp-content\/uploads\/2017\/07\/droplet-pattern.png","contentUrl":"https:\/\/www.fluencecorp.com\/wp-content\/uploads\/2017\/07\/droplet-pattern.png","width":347,"height":231},{"@type":"BreadcrumbList","@id":"https:\/\/www.fluencecorp.com\/es\/condiciones-de-uso\/#breadcrumb","itemListElement":[{"@type":"ListItem","position":1,"name":"Home","item":"https:\/\/www.fluencecorp.com\/es\/"},{"@type":"ListItem","position":2,"name":"T\u00e9rminos de Uso y Pol\u00edtica de Privacidad"}]},{"@type":"WebSite","@id":"https:\/\/www.fluencecorp.com\/es\/#website","url":"https:\/\/www.fluencecorp.com\/es\/","name":"Fluence Corporation","description":"","publisher":{"@id":"https:\/\/www.fluencecorp.com\/es\/#organization"},"potentialAction":[{"@type":"SearchAction","target":{"@type":"EntryPoint","urlTemplate":"https:\/\/www.fluencecorp.com\/es\/?s={search_term_string}"},"query-input":{"@type":"PropertyValueSpecification","valueRequired":true,"valueName":"search_term_string"}}],"inLanguage":"es"},{"@type":"Organization","@id":"https:\/\/www.fluencecorp.com\/es\/#organization","name":"Fluence","url":"https:\/\/www.fluencecorp.com\/es\/","logo":{"@type":"ImageObject","inLanguage":"es","@id":"https:\/\/www.fluencecorp.com\/es\/#\/schema\/logo\/image\/","url":"https:\/\/www.fluencecorp.com\/wp-content\/uploads\/2018\/03\/fluence-seo-logo.png","contentUrl":"https:\/\/www.fluencecorp.com\/wp-content\/uploads\/2018\/03\/fluence-seo-logo.png","width":523,"height":181,"caption":"Fluence"},"image":{"@id":"https:\/\/www.fluencecorp.com\/es\/#\/schema\/logo\/image\/"},"sameAs":["https:\/\/www.facebook.com\/FluenceCorp","https:\/\/x.com\/FluenceCorp","https:\/\/www.linkedin.com\/company-beta\/18150486\/"]}]}},"_links":{"self":[{"href":"https:\/\/www.fluencecorp.com\/es\/wp-json\/wp\/v2\/pages\/39557","targetHints":{"allow":["GET"]}}],"collection":[{"href":"https:\/\/www.fluencecorp.com\/es\/wp-json\/wp\/v2\/pages"}],"about":[{"href":"https:\/\/www.fluencecorp.com\/es\/wp-json\/wp\/v2\/types\/page"}],"author":[{"embeddable":true,"href":"https:\/\/www.fluencecorp.com\/es\/wp-json\/wp\/v2\/users\/2"}],"replies":[{"embeddable":true,"href":"https:\/\/www.fluencecorp.com\/es\/wp-json\/wp\/v2\/comments?post=39557"}],"version-history":[{"count":0,"href":"https:\/\/www.fluencecorp.com\/es\/wp-json\/wp\/v2\/pages\/39557\/revisions"}],"wp:featuredmedia":[{"embeddable":true,"href":"https:\/\/www.fluencecorp.com\/es\/wp-json\/wp\/v2\/media\/34297"}],"wp:attachment":[{"href":"https:\/\/www.fluencecorp.com\/es\/wp-json\/wp\/v2\/media?parent=39557"}],"wp:term":[{"taxonomy":"author","embeddable":true,"href":"https:\/\/www.fluencecorp.com\/es\/wp-json\/wp\/v2\/coauthors?post=39557"}],"curies":[{"name":"wp","href":"https:\/\/api.w.org\/{rel}","templated":true}]}}