{"id":38148,"date":"2017-07-14T01:45:27","date_gmt":"2017-07-13T15:45:27","guid":{"rendered":"https:\/\/www.fluencecorp.com\/blog\/"},"modified":"2024-02-01T04:15:08","modified_gmt":"2024-01-31T17:15:08","slug":"blog-escasez-agua","status":"publish","type":"page","link":"https:\/\/www.fluencecorp.com\/es\/blog-escasez-agua\/","title":{"rendered":"Blog"},"content":{"rendered":"<p>[et_pb_section fb_built=\u00bb1&#8243; disabled_on=\u00bboff|off|off\u00bb _builder_version=\u00bb4.16&#8243; background_color=\u00bb#f4f4f4&#8243; custom_padding=\u00bb||0px|\u00bb da_disable_devices=\u00bboff|off|off\u00bb global_colors_info=\u00bb{}\u00bb da_is_popup=\u00bboff\u00bb da_exit_intent=\u00bboff\u00bb da_has_close=\u00bbon\u00bb da_alt_close=\u00bboff\u00bb da_dark_close=\u00bboff\u00bb da_not_modal=\u00bbon\u00bb da_is_singular=\u00bboff\u00bb da_with_loader=\u00bboff\u00bb da_has_shadow=\u00bbon\u00bb][et_pb_row make_equal=\u00bbon\u00bb _builder_version=\u00bb4.16&#8243; custom_margin=\u00bb0px||0px|\u00bb custom_padding=\u00bb0px||0px|\u00bb global_colors_info=\u00bb{}\u00bb][et_pb_column type=\u00bb4_4&#8243; _builder_version=\u00bb4.16&#8243; background_position=\u00bbtop_left\u00bb custom_padding=\u00bb|||\u00bb global_colors_info=\u00bb{}\u00bb custom_padding__hover=\u00bb|||\u00bb][et_pb_text _builder_version=\u00bb4.16&#8243; text_text_color=\u00bb#778591&#8243; text_font_size=\u00bb24&#8243; header_text_color=\u00bb#0b3a5d\u00bb header_font_size=\u00bb52px\u00bb text_font_size_tablet=\u00bb\u00bb text_font_size_phone=\u00bb20&#8243; text_font_size_last_edited=\u00bbon|phone\u00bb header_font_size_tablet=\u00bb42px\u00bb header_font_size_phone=\u00bb32px\u00bb header_font_size_last_edited=\u00bbon|tablet\u00bb global_colors_info=\u00bb{}\u00bb]<\/p>\n<h1>Blog sobre Sustentabilidad del Agua<\/h1>\n<p>Noticias sobre el recurso m\u00e1s precioso del mundo, incluyendo los \u00faltimos avances en investigaci\u00f3n, tendencias y tratamientos.<\/p>\n<p>[\/et_pb_text][\/et_pb_column][\/et_pb_row][\/et_pb_section][et_pb_section fb_built=\u00bb1&#8243; specialty=\u00bbon\u00bb background_repeat_1=\u00bbno-repeat\u00bb background_repeat_2=\u00bbno-repeat\u00bb background_position_1=\u00bbtop_left\u00bb background_position_2=\u00bbtop_left\u00bb padding_bottom_1=\u00bb0px\u00bb padding_bottom_2=\u00bb0px\u00bb disabled_on=\u00bbon|on|on\u00bb _builder_version=\u00bb4.16&#8243; background_color=\u00bb#f4f4f4&#8243; custom_padding=\u00bb0px||0px|\u00bb da_disable_devices=\u00bboff|off|off\u00bb disabled=\u00bbon\u00bb global_colors_info=\u00bb{}\u00bb da_is_popup=\u00bboff\u00bb da_exit_intent=\u00bboff\u00bb da_has_close=\u00bbon\u00bb da_alt_close=\u00bboff\u00bb da_dark_close=\u00bboff\u00bb da_not_modal=\u00bbon\u00bb da_is_singular=\u00bboff\u00bb da_with_loader=\u00bboff\u00bb da_has_shadow=\u00bbon\u00bb][et_pb_column type=\u00bb1_2&#8243; _builder_version=\u00bb4.16&#8243; custom_padding=\u00bb|||\u00bb global_colors_info=\u00bb{}\u00bb custom_padding__hover=\u00bb|||\u00bb][et_pb_code _builder_version=\u00bb4.16&#8243; global_colors_info=\u00bb{}\u00bb][et_pb_bigblog posts_number=\u00bb1&#8243; include_categories=\u00bb1&#8243; show_author=\u00bboff\u00bb show_categories=\u00bboff\u00bb show_pagination=\u00bboff\u00bb offset_number=\u00bb0&#8243; admin_label=\u00bbBig Blog\u00bb module_class=\u00bbbigfeaturedblog\u00bb _builder_version=\u00bb3.0.62&#8243; custom_css_main_element=\u00bbmax-width:530px;||max-height:420px;\u00bb][\/et_pb_bigblog][\/et_pb_code][\/et_pb_column][et_pb_column type=\u00bb1_2&#8243; specialty_columns=\u00bb2&#8243; _builder_version=\u00bb4.16&#8243; custom_padding=\u00bb|||\u00bb global_colors_info=\u00bb{}\u00bb custom_padding__hover=\u00bb|||\u00bb][et_pb_row_inner admin_label=\u00bbRow\u00bb _builder_version=\u00bb4.16&#8243; global_colors_info=\u00bb{}\u00bb][et_pb_column_inner saved_specialty_column_type=\u00bb1_2&#8243; _builder_version=\u00bb4.16&#8243; background_position=\u00bbtop_left\u00bb custom_padding=\u00bb|||\u00bb global_colors_info=\u00bb{}\u00bb custom_padding__hover=\u00bb|||\u00bb][et_pb_code _builder_version=\u00bb4.16&#8243; global_colors_info=\u00bb{}\u00bb][et_pb_smallblog posts_number=\u00bb1&#8243; include_categories=\u00bb1&#8243; show_author=\u00bboff\u00bb show_categories=\u00bboff\u00bb show_pagination=\u00bboff\u00bb offset_number=\u00bb1&#8243; admin_label=\u00bbSmall Blog1&#8243; module_class=\u00bbsmallfeaturedblog\u00bb _builder_version=\u00bb3.0.62&#8243; custom_css_main_element=\u00bbmax-width:530px;||max-height:200px;\u00bb][\/et_pb_smallblog][\/et_pb_code][et_pb_code _builder_version=\u00bb4.16&#8243; global_colors_info=\u00bb{}\u00bb][et_pb_smallblog posts_number=\u00bb1&#8243; include_categories=\u00bb1&#8243; show_author=\u00bboff\u00bb show_categories=\u00bboff\u00bb show_pagination=\u00bboff\u00bb offset_number=\u00bb2&#8243; admin_label=\u00bbSmall Blog1&#8243; module_class=\u00bbsmallfeaturedblog\u00bb _builder_version=\u00bb3.0.62&#8243; custom_css_main_element=\u00bbmax-width:530px;||max-height:200px;\u00bb][\/et_pb_smallblog][\/et_pb_code][\/et_pb_column_inner][\/et_pb_row_inner][\/et_pb_column][\/et_pb_section][et_pb_section fb_built=\u00bb1&#8243; _builder_version=\u00bb4.16&#8243; background_color=\u00bb#f4f4f4&#8243; custom_padding=\u00bb0px||0px|\u00bb da_disable_devices=\u00bboff|off|off\u00bb global_colors_info=\u00bb{}\u00bb da_is_popup=\u00bboff\u00bb da_exit_intent=\u00bboff\u00bb da_has_close=\u00bbon\u00bb da_alt_close=\u00bboff\u00bb da_dark_close=\u00bboff\u00bb da_not_modal=\u00bbon\u00bb da_is_singular=\u00bboff\u00bb da_with_loader=\u00bboff\u00bb da_has_shadow=\u00bbon\u00bb][et_pb_row column_structure=\u00bb2_3,1_3&#8243; _builder_version=\u00bb4.16&#8243; background_size=\u00bbinitial\u00bb background_position=\u00bbtop_left\u00bb background_repeat=\u00bbrepeat\u00bb global_colors_info=\u00bb{}\u00bb][et_pb_column type=\u00bb2_3&#8243; _builder_version=\u00bb4.16&#8243; custom_padding=\u00bb|||\u00bb global_colors_info=\u00bb{}\u00bb custom_padding__hover=\u00bb|||\u00bb][et_pb_blog fullwidth=\u00bboff\u00bb posts_number=\u00bb6&#8243; include_categories=\u00bb1&#8243; show_author=\u00bboff\u00bb show_categories=\u00bboff\u00bb _builder_version=\u00bb4.24.0&#8243; header_text_color=\u00bb#4d5fab\u00bb meta_text_color=\u00bb#29bbae\u00bb meta_font_size=\u00bb12&#8243; hover_enabled=\u00bb0&#8243; z_index_tablet=\u00bb500&#8243; global_colors_info=\u00bb{}\u00bb show_date=\u00bboff\u00bb sticky_enabled=\u00bb0&#8243;][\/et_pb_blog][\/et_pb_column][et_pb_column type=\u00bb1_3&#8243; _builder_version=\u00bb4.16&#8243; custom_padding=\u00bb|||\u00bb global_colors_info=\u00bb{}\u00bb custom_padding__hover=\u00bb|||\u00bb][et_pb_sidebar orientation=\u00bbright\u00bb area=\u00bbet_pb_widget_area_2&#8243; show_border=\u00bboff\u00bb _builder_version=\u00bb4.16&#8243; z_index_tablet=\u00bb500&#8243; global_colors_info=\u00bb{}\u00bb][\/et_pb_sidebar][\/et_pb_column][\/et_pb_row][\/et_pb_section]<\/p>\n","protected":false},"excerpt":{"rendered":"<p>Blog sobre Sustentabilidad del Agua Noticias sobre el recurso m\u00e1s precioso del mundo, incluyendo los \u00faltimos avances en investigaci\u00f3n, tendencias y tratamientos. [et_pb_bigblog posts_number=\u00bb1&#8243; include_categories=\u00bb1&#8243; show_author=\u00bboff\u00bb show_categories=\u00bboff\u00bb show_pagination=\u00bboff\u00bb offset_number=\u00bb0&#8243; admin_label=\u00bbBig Blog\u00bb module_class=\u00bbbigfeaturedblog\u00bb _builder_version=\u00bb3.0.62&#8243; custom_css_main_element=\u00bbmax-width:530px;||max-height:420px;\u00bb][\/et_pb_bigblog][et_pb_smallblog posts_number=\u00bb1&#8243; include_categories=\u00bb1&#8243; show_author=\u00bboff\u00bb show_categories=\u00bboff\u00bb show_pagination=\u00bboff\u00bb offset_number=\u00bb1&#8243; admin_label=\u00bbSmall Blog1&#8243; module_class=\u00bbsmallfeaturedblog\u00bb _builder_version=\u00bb3.0.62&#8243; custom_css_main_element=\u00bbmax-width:530px;||max-height:200px;\u00bb][\/et_pb_smallblog][et_pb_smallblog posts_number=\u00bb1&#8243; include_categories=\u00bb1&#8243; show_author=\u00bboff\u00bb show_categories=\u00bboff\u00bb show_pagination=\u00bboff\u00bb offset_number=\u00bb2&#8243; admin_label=\u00bbSmall Blog1&#8243; module_class=\u00bbsmallfeaturedblog\u00bb _builder_version=\u00bb3.0.62&#8243; [&hellip;]<\/p>\n","protected":false},"author":1,"featured_media":0,"parent":0,"menu_order":0,"comment_status":"closed","ping_status":"closed","template":"","meta":{"_et_pb_use_builder":"on","_et_pb_old_content":"","_et_gb_content_width":"","_relevanssi_hide_post":"","_relevanssi_hide_content":"","_relevanssi_pin_for_all":"","_relevanssi_pin_keywords":"","_relevanssi_unpin_keywords":"","_relevanssi_related_keywords":"","_relevanssi_related_include_ids":"","_relevanssi_related_exclude_ids":"","_relevanssi_related_no_append":"","_relevanssi_related_not_related":"","_relevanssi_related_posts":"","_relevanssi_noindex_reason":"","inline_featured_image":false,"footnotes":"","_links_to":"","_links_to_target":""},"coauthors":[],"class_list":["post-38148","page","type-page","status-publish","hentry"],"yoast_head":"<!-- This site is optimized with the Yoast SEO plugin v27.3 - https:\/\/yoast.com\/product\/yoast-seo-wordpress\/ -->\n<title>Blog sobre Sustentabilidad del Agua | Fluence<\/title>\n<meta name=\"robots\" content=\"index, follow, max-snippet:-1, max-image-preview:large, max-video-preview:-1\" \/>\n<link rel=\"canonical\" href=\"https:\/\/www.fluencecorp.com\/es\/blog-escasez-agua\/\" \/>\n<meta property=\"og:locale\" content=\"es_ES\" \/>\n<meta property=\"og:type\" content=\"article\" \/>\n<meta property=\"og:title\" content=\"Blog sobre Sustentabilidad del Agua | Fluence\" \/>\n<meta property=\"og:description\" content=\"Blog sobre Sustentabilidad del Agua Noticias sobre el recurso m\u00e1s precioso del mundo, incluyendo los \u00faltimos avances en investigaci\u00f3n, tendencias y tratamientos. [et_pb_bigblog posts_number=&quot;1&quot; include_categories=&quot;1&quot; show_author=&quot;off&quot; show_categories=&quot;off&quot; show_pagination=&quot;off&quot; offset_number=&quot;0&quot; admin_label=&quot;Big Blog&quot; module_class=&quot;bigfeaturedblog&quot; _builder_version=&quot;3.0.62&quot; custom_css_main_element=&quot;max-width:530px;||max-height:420px;&quot;][\/et_pb_bigblog][et_pb_smallblog posts_number=&quot;1&quot; include_categories=&quot;1&quot; show_author=&quot;off&quot; show_categories=&quot;off&quot; show_pagination=&quot;off&quot; offset_number=&quot;1&quot; admin_label=&quot;Small Blog1&quot; module_class=&quot;smallfeaturedblog&quot; _builder_version=&quot;3.0.62&quot; custom_css_main_element=&quot;max-width:530px;||max-height:200px;&quot;][\/et_pb_smallblog][et_pb_smallblog posts_number=&quot;1&quot; include_categories=&quot;1&quot; show_author=&quot;off&quot; show_categories=&quot;off&quot; show_pagination=&quot;off&quot; offset_number=&quot;2&quot; admin_label=&quot;Small Blog1&quot; module_class=&quot;smallfeaturedblog&quot; _builder_version=&quot;3.0.62&quot; [&hellip;]\" \/>\n<meta property=\"og:url\" content=\"https:\/\/www.fluencecorp.com\/es\/blog-escasez-agua\/\" \/>\n<meta property=\"article:publisher\" content=\"https:\/\/www.facebook.com\/FluenceCorp\" \/>\n<meta property=\"article:modified_time\" content=\"2024-01-31T17:15:08+00:00\" \/>\n<meta name=\"twitter:card\" content=\"summary_large_image\" \/>\n<meta name=\"twitter:site\" content=\"@FluenceCorp\" \/>\n<meta name=\"twitter:label1\" content=\"Tiempo de lectura\" \/>\n\t<meta name=\"twitter:data1\" content=\"8 minutos\" \/>\n\t<meta name=\"twitter:label2\" content=\"Written by\" \/>\n\t<meta name=\"twitter:data2\" content=\"sysop\" \/>\n<script type=\"application\/ld+json\" class=\"yoast-schema-graph\">{\"@context\":\"https:\\\/\\\/schema.org\",\"@graph\":[{\"@type\":\"WebPage\",\"@id\":\"https:\\\/\\\/www.fluencecorp.com\\\/es\\\/blog-escasez-agua\\\/\",\"url\":\"https:\\\/\\\/www.fluencecorp.com\\\/es\\\/blog-escasez-agua\\\/\",\"name\":\"Blog sobre Sustentabilidad del Agua | Fluence\",\"isPartOf\":{\"@id\":\"https:\\\/\\\/www.fluencecorp.com\\\/es\\\/#website\"},\"datePublished\":\"2017-07-13T15:45:27+00:00\",\"dateModified\":\"2024-01-31T17:15:08+00:00\",\"breadcrumb\":{\"@id\":\"https:\\\/\\\/www.fluencecorp.com\\\/es\\\/blog-escasez-agua\\\/#breadcrumb\"},\"inLanguage\":\"es\",\"potentialAction\":[{\"@type\":\"ReadAction\",\"target\":[\"https:\\\/\\\/www.fluencecorp.com\\\/es\\\/blog-escasez-agua\\\/\"]}]},{\"@type\":\"BreadcrumbList\",\"@id\":\"https:\\\/\\\/www.fluencecorp.com\\\/es\\\/blog-escasez-agua\\\/#breadcrumb\",\"itemListElement\":[{\"@type\":\"ListItem\",\"position\":1,\"name\":\"Home\",\"item\":\"https:\\\/\\\/www.fluencecorp.com\\\/es\\\/\"},{\"@type\":\"ListItem\",\"position\":2,\"name\":\"Blog\"}]},{\"@type\":\"WebSite\",\"@id\":\"https:\\\/\\\/www.fluencecorp.com\\\/es\\\/#website\",\"url\":\"https:\\\/\\\/www.fluencecorp.com\\\/es\\\/\",\"name\":\"Fluence Corporation\",\"description\":\"\",\"publisher\":{\"@id\":\"https:\\\/\\\/www.fluencecorp.com\\\/es\\\/#organization\"},\"potentialAction\":[{\"@type\":\"SearchAction\",\"target\":{\"@type\":\"EntryPoint\",\"urlTemplate\":\"https:\\\/\\\/www.fluencecorp.com\\\/es\\\/?s={search_term_string}\"},\"query-input\":{\"@type\":\"PropertyValueSpecification\",\"valueRequired\":true,\"valueName\":\"search_term_string\"}}],\"inLanguage\":\"es\"},{\"@type\":\"Organization\",\"@id\":\"https:\\\/\\\/www.fluencecorp.com\\\/es\\\/#organization\",\"name\":\"Fluence\",\"url\":\"https:\\\/\\\/www.fluencecorp.com\\\/es\\\/\",\"logo\":{\"@type\":\"ImageObject\",\"inLanguage\":\"es\",\"@id\":\"https:\\\/\\\/www.fluencecorp.com\\\/es\\\/#\\\/schema\\\/logo\\\/image\\\/\",\"url\":\"https:\\\/\\\/www.fluencecorp.com\\\/wp-content\\\/uploads\\\/2018\\\/03\\\/fluence-seo-logo.png\",\"contentUrl\":\"https:\\\/\\\/www.fluencecorp.com\\\/wp-content\\\/uploads\\\/2018\\\/03\\\/fluence-seo-logo.png\",\"width\":523,\"height\":181,\"caption\":\"Fluence\"},\"image\":{\"@id\":\"https:\\\/\\\/www.fluencecorp.com\\\/es\\\/#\\\/schema\\\/logo\\\/image\\\/\"},\"sameAs\":[\"https:\\\/\\\/www.facebook.com\\\/FluenceCorp\",\"https:\\\/\\\/x.com\\\/FluenceCorp\",\"https:\\\/\\\/www.linkedin.com\\\/company-beta\\\/18150486\\\/\"]}]}<\/script>\n<!-- \/ Yoast SEO plugin. -->","yoast_head_json":{"title":"Blog sobre Sustentabilidad del Agua | Fluence","robots":{"index":"index","follow":"follow","max-snippet":"max-snippet:-1","max-image-preview":"max-image-preview:large","max-video-preview":"max-video-preview:-1"},"canonical":"https:\/\/www.fluencecorp.com\/es\/blog-escasez-agua\/","og_locale":"es_ES","og_type":"article","og_title":"Blog sobre Sustentabilidad del Agua | Fluence","og_description":"Blog sobre Sustentabilidad del Agua Noticias sobre el recurso m\u00e1s precioso del mundo, incluyendo los \u00faltimos avances en investigaci\u00f3n, tendencias y tratamientos. [et_pb_bigblog posts_number=\"1\" include_categories=\"1\" show_author=\"off\" show_categories=\"off\" show_pagination=\"off\" offset_number=\"0\" admin_label=\"Big Blog\" module_class=\"bigfeaturedblog\" _builder_version=\"3.0.62\" custom_css_main_element=\"max-width:530px;||max-height:420px;\"][\/et_pb_bigblog][et_pb_smallblog posts_number=\"1\" include_categories=\"1\" show_author=\"off\" show_categories=\"off\" show_pagination=\"off\" offset_number=\"1\" admin_label=\"Small Blog1\" module_class=\"smallfeaturedblog\" _builder_version=\"3.0.62\" custom_css_main_element=\"max-width:530px;||max-height:200px;\"][\/et_pb_smallblog][et_pb_smallblog posts_number=\"1\" include_categories=\"1\" show_author=\"off\" show_categories=\"off\" show_pagination=\"off\" offset_number=\"2\" admin_label=\"Small Blog1\" module_class=\"smallfeaturedblog\" _builder_version=\"3.0.62\" [&hellip;]","og_url":"https:\/\/www.fluencecorp.com\/es\/blog-escasez-agua\/","article_publisher":"https:\/\/www.facebook.com\/FluenceCorp","article_modified_time":"2024-01-31T17:15:08+00:00","twitter_card":"summary_large_image","twitter_site":"@FluenceCorp","twitter_misc":{"Tiempo de lectura":"8 minutos","Written by":"sysop"},"schema":{"@context":"https:\/\/schema.org","@graph":[{"@type":"WebPage","@id":"https:\/\/www.fluencecorp.com\/es\/blog-escasez-agua\/","url":"https:\/\/www.fluencecorp.com\/es\/blog-escasez-agua\/","name":"Blog sobre Sustentabilidad del Agua | Fluence","isPartOf":{"@id":"https:\/\/www.fluencecorp.com\/es\/#website"},"datePublished":"2017-07-13T15:45:27+00:00","dateModified":"2024-01-31T17:15:08+00:00","breadcrumb":{"@id":"https:\/\/www.fluencecorp.com\/es\/blog-escasez-agua\/#breadcrumb"},"inLanguage":"es","potentialAction":[{"@type":"ReadAction","target":["https:\/\/www.fluencecorp.com\/es\/blog-escasez-agua\/"]}]},{"@type":"BreadcrumbList","@id":"https:\/\/www.fluencecorp.com\/es\/blog-escasez-agua\/#breadcrumb","itemListElement":[{"@type":"ListItem","position":1,"name":"Home","item":"https:\/\/www.fluencecorp.com\/es\/"},{"@type":"ListItem","position":2,"name":"Blog"}]},{"@type":"WebSite","@id":"https:\/\/www.fluencecorp.com\/es\/#website","url":"https:\/\/www.fluencecorp.com\/es\/","name":"Fluence Corporation","description":"","publisher":{"@id":"https:\/\/www.fluencecorp.com\/es\/#organization"},"potentialAction":[{"@type":"SearchAction","target":{"@type":"EntryPoint","urlTemplate":"https:\/\/www.fluencecorp.com\/es\/?s={search_term_string}"},"query-input":{"@type":"PropertyValueSpecification","valueRequired":true,"valueName":"search_term_string"}}],"inLanguage":"es"},{"@type":"Organization","@id":"https:\/\/www.fluencecorp.com\/es\/#organization","name":"Fluence","url":"https:\/\/www.fluencecorp.com\/es\/","logo":{"@type":"ImageObject","inLanguage":"es","@id":"https:\/\/www.fluencecorp.com\/es\/#\/schema\/logo\/image\/","url":"https:\/\/www.fluencecorp.com\/wp-content\/uploads\/2018\/03\/fluence-seo-logo.png","contentUrl":"https:\/\/www.fluencecorp.com\/wp-content\/uploads\/2018\/03\/fluence-seo-logo.png","width":523,"height":181,"caption":"Fluence"},"image":{"@id":"https:\/\/www.fluencecorp.com\/es\/#\/schema\/logo\/image\/"},"sameAs":["https:\/\/www.facebook.com\/FluenceCorp","https:\/\/x.com\/FluenceCorp","https:\/\/www.linkedin.com\/company-beta\/18150486\/"]}]}},"_links":{"self":[{"href":"https:\/\/www.fluencecorp.com\/es\/wp-json\/wp\/v2\/pages\/38148","targetHints":{"allow":["GET"]}}],"collection":[{"href":"https:\/\/www.fluencecorp.com\/es\/wp-json\/wp\/v2\/pages"}],"about":[{"href":"https:\/\/www.fluencecorp.com\/es\/wp-json\/wp\/v2\/types\/page"}],"author":[{"embeddable":true,"href":"https:\/\/www.fluencecorp.com\/es\/wp-json\/wp\/v2\/users\/1"}],"replies":[{"embeddable":true,"href":"https:\/\/www.fluencecorp.com\/es\/wp-json\/wp\/v2\/comments?post=38148"}],"version-history":[{"count":0,"href":"https:\/\/www.fluencecorp.com\/es\/wp-json\/wp\/v2\/pages\/38148\/revisions"}],"wp:attachment":[{"href":"https:\/\/www.fluencecorp.com\/es\/wp-json\/wp\/v2\/media?parent=38148"}],"wp:term":[{"taxonomy":"author","embeddable":true,"href":"https:\/\/www.fluencecorp.com\/es\/wp-json\/wp\/v2\/coauthors?post=38148"}],"curies":[{"name":"wp","href":"https:\/\/api.w.org\/{rel}","templated":true}]}}