{"id":37833,"date":"2017-07-10T23:28:28","date_gmt":"2017-07-10T13:28:28","guid":{"rendered":"https:\/\/www.fluencecorp.com\/power\/"},"modified":"2019-04-09T04:29:08","modified_gmt":"2019-04-08T18:29:08","slug":"energia","status":"publish","type":"page","link":"https:\/\/www.fluencecorp.com\/es\/energia\/","title":{"rendered":"Energ\u00eda"},"content":{"rendered":"<p>[et_pb_section bb_built=\u00bb1&#8243; fullwidth=\u00bboff\u00bb specialty=\u00bboff\u00bb _builder_version=\u00bb3.0.61&#8243; background_image=\u00bbhttps:\/\/www.fluencecorp.com\/wp-content\/uploads\/2017\/07\/power-industry-water-treatment.jpg\u00bb background_color=\u00bbrgba(0,0,0,0.4)\u00bb background_blend=\u00bboverlay\u00bb next_background_color=\u00bb#ffffff\u00bb][et_pb_row _builder_version=\u00bb3.0.60&#8243; background_position_1=\u00bbtop_left\u00bb background_repeat_1=\u00bbno-repeat\u00bb][et_pb_column type=\u00bb4_4&#8243;][et_pb_text admin_label=\u00bbHeader with Background Image\u00bb _builder_version=\u00bb3.0.67&#8243; background_layout=\u00bbdark\u00bb text_orientation=\u00bbleft\u00bb border_style=\u00bbsolid\u00bb custom_css_main_element=\u00bbtext-shadow: 0 2px 5px rgba(0, 0, 0, 0.3);\u00bb text_font_size=\u00bb24&#8243;]<\/p>\n<h1>Tratamiento de Agua Para la Industria de Generaci\u00f3n de Energ\u00eda<\/h1>\n<p>[\/et_pb_text][\/et_pb_column][\/et_pb_row][\/et_pb_section][et_pb_section bb_built=\u00bb1&#8243; _builder_version=\u00bb3.0.59&#8243; custom_padding=\u00bb0px||0px|\u00bb prev_background_color=\u00bbrgba(0,0,0,0.4)\u00bb next_background_color=\u00bb#f4f4f4&#8243;][et_pb_row][et_pb_column type=\u00bb2_3&#8243;][et_pb_text admin_label=\u00bbMain Body Text\u00bb _builder_version=\u00bb3.0.67&#8243; background_layout=\u00bblight\u00bb text_orientation=\u00bbleft\u00bb border_style=\u00bbsolid\u00bb]<\/p>\n<h2>Fluence tiene d\u00e9cadas de experiencia proporcionando soluciones de tratamiento sostenible para efluentes y agua de proceso para la industria de generaci\u00f3n de energ\u00eda<\/h2>\n<p>El crecimiento en la poblaci\u00f3n y la industrializaci\u00f3n est\u00e1n impulsando la demanda de energ\u00eda en el mundo, ejerciendo presi\u00f3n sobre los recursos de agua y combustible. Al mismo tiempo, los productores de energ\u00eda enfrentan controles estrictos a cumplir relacionados con la calidad del aire y la poluci\u00f3n ambiental.<\/p>\n<p>Durante m\u00e1s de 30 a\u00f1os, nuestro equipo de Fluence ha trabajado con clientes de producci\u00f3n de energ\u00eda para atender las necesidades de agua y efluentes de la manera m\u00e1s eficaz posible. Nuestras soluciones incluyen:<\/p>\n<ul>\n<li><a href=\"https:\/\/www.fluencecorp.com\/es\/tratamiento-agua-soluciones\/\" target=\"_blank\" rel=\"noopener noreferrer\">Tratamiento de agua<\/a> general para uso potable e industrial<\/li>\n<li>Tratamiento de agua de calidad ultrapura (UPW) para agua de reposici\u00f3n de caldera<\/li>\n<li>Tratamiento de torre de enfriamiento de alimentaci\u00f3n y purga<\/li>\n<li>Pulido de condensado<\/li>\n<li><a href=\"https:\/\/www.fluencecorp.com\/es\/efluentes-tratamiento-soluciones\/\" target=\"_blank\" rel=\"noopener noreferrer\">Tratamiento de efluentes<\/a><\/li>\n<li><a href=\"https:\/\/www.fluencecorp.com\/es\/reuso-de-agua\/\" target=\"_blank\" rel=\"noopener noreferrer\">Re\u00faso de agua<\/a>, incluyendo descarga de l\u00edquidos cero (ZLD)<\/li>\n<\/ul>\n<p>Tambi\u00e9n gestionamos proyectos complejos para clientes de generaci\u00f3n de energ\u00eda a nivel local, utilizando un enfoque integrado y garantizando tiempos de entrega cortos. Ofrecemos soluciones confiables con el m\u00ednimo de riesgo, as\u00ed como tambi\u00e9n un servicio proactivo. Nuestro marco de desarrollo del proyecto incluye:<\/p>\n<ul>\n<li>Dise\u00f1o y construcci\u00f3n<\/li>\n<li>Instalaci\u00f3n y puesta en servicio<\/li>\n<li>Capacitaci\u00f3n<\/li>\n<li><a href=\"https:\/\/www.fluencecorp.com\/es\/servicios-de-asistencia-postventa\/\" target=\"_blank\" rel=\"noopener noreferrer\">Mantenimiento postventa<\/a><\/li>\n<\/ul>\n<h3>Sistemas de Tratamiento en Contenedores<\/h3>\n<p>Fluence es l\u00edder global en <a href=\"https:\/\/www.fluencecorp.com\/es\/tratamiento-descentralizado\/\" target=\"_blank\" rel=\"noopener noreferrer\">tecnolog\u00edas de tratamiento descentralizadas<\/a> que pueden ser especialmente \u00fatiles para instalaciones de industria de generaci\u00f3n de energ\u00eda ubicadas en zonas remotas, lejos de infraestructura municipal, o que carecen de suministro de agua confiable.<\/p>\n<p>Dise\u00f1amos y construimos sistemas de tratamiento de efluentes y de agua modulares, extensibles, que caben en contenedores de carga. Son de bajo consumo y f\u00e1ciles de instalar, incluso en lugares remotos. Las unidades pueden estar en funcionamiento con rapidez y facilidad y se pueden a\u00f1adir, mover, retirar e incluso reasignar a su pr\u00f3xima operaci\u00f3n.<\/p>\n<p>Estas soluciones en contenedores son predise\u00f1adas y armadas. Pueden tratar agua proveniente de cualquier fuente, como agua de mar, agua salobre, agua de superficie y agua de proceso, hasta el punto de que sea conveniente para todas las aplicaciones, incluso en torres de enfriamiento y calderas.<\/p>\n<p>Fluence ofrece a corto y largo plazo servicio de contratos de arrendamiento para estas soluciones.<\/p>\n<h3>Soluciones Sustentables Para la Industria de Generaci\u00f3n de Energ\u00eda<\/h3>\n<p>Fluence tiene d\u00e9cadas de experiencia en satisfacer las necesidades de agua de la industria de generaci\u00f3n de energ\u00eda, incluyendo la producci\u00f3n de agua potable y agua ultrapura para necesidades de proceso y tratamiento de los efluentes de la planta.<\/p>\n<p><a href=\"https:\/\/www.fluencecorp.com\/es\/contacto\/\">Cont\u00e1ctese con nuestro grupo de expertos<\/a> para discutir los detalles de su proyecto, y conocer c\u00f3mo nuestras soluciones sostenibles pueden ayudarle a alcanzar sus metas econ\u00f3micas o de medio ambiente.<\/p>\n<p>[\/et_pb_text][\/et_pb_column][et_pb_column type=\u00bb1_3&#8243;][et_pb_blurb admin_label=\u00bbINDUSTRIAL TREATMENT CHALLENGES &#8211; ES\u00bb _builder_version=\u00bb3.0.92&#8243; title=\u00bb\u00bfDESAFIOS DE TRATAMIENTO INDUSTRIAL?\u00bb url_new_window=\u00bboff\u00bb use_icon=\u00bboff\u00bb image=\u00bbhttps:\/\/www.fluencecorp.com\/wp-content\/uploads\/2017\/07\/industrial_02.svg\u00bb use_circle=\u00bboff\u00bb use_circle_border=\u00bboff\u00bb icon_placement=\u00bbtop\u00bb use_icon_font_size=\u00bboff\u00bb background_layout=\u00bblight\u00bb animation=\u00bboff\u00bb use_border_color=\u00bbon\u00bb custom_padding=\u00bb30px|20px|30px|20px\u00bb text_orientation=\u00bbcenter\u00bb module_class=\u00bbfluenceblurb\u00bb saved_tabs=\u00bball\u00bb image_max_width=\u00bb80px\u00bb border_color_all=\u00bb#7fc8bd\u00bb border_width_all=\u00bb1px\u00bb max_width_tablet=\u00bb50px\u00bb]<\/p>\n<p>Contacte Fluence para conocer m\u00e1s sobre nuestras soluciones de tratamiento industrial de aguas y efluentes o discutir detalles espec\u00edficos de su proyecto.<\/p>\n<p><a class=\"et_pb_promo_button et_pb_button\" href=\"https:\/\/www.fluencecorp.com\/es\/contacto\/\">CONT\u00c1CTESE<\/a><\/p>\n<p>[\/et_pb_blurb][et_pb_text admin_label=\u00bbQUICK LINKS &#8211; ES\u00bb _builder_version=\u00bb3.21.4&#8243; background_color=\u00bb#f4f4f4&#8243; background_position=\u00bbcenter_right\u00bb background_blend=\u00bboverlay\u00bb background_size=\u00bbinitial\u00bb custom_padding=\u00bb30px|30px|30px|30px\u00bb header_font_size=\u00bb20px\u00bb header_text_color=\u00bb#0b3a5d\u00bb saved_tabs=\u00bball\u00bb z_index_tablet=\u00bb500&#8243;]<\/p>\n<h1>ENLACES R\u00c1PIDOS<\/h1>\n<ul>\n<li><a href=\"https:\/\/www.fluencecorp.com\/es\/casos\/\" target=\"_blank\" rel=\"noopener noreferrer\">Casos de Estudio<\/a><\/li>\n<li><a href=\"https:\/\/www.fluencecorp.com\/es\/newsroom\/\" target=\"_blank\" rel=\"noopener noreferrer\">Sala de Prensa<\/a><\/li>\n<\/ul>\n<p>[\/et_pb_text][\/et_pb_column][\/et_pb_row][\/et_pb_section][et_pb_section bb_built=\u00bb1&#8243; fullwidth=\u00bboff\u00bb specialty=\u00bboff\u00bb _builder_version=\u00bb3.0.59&#8243; background_color=\u00bb#f4f4f4&#8243; module_class=\u00bbshowmorerow\u00bb prev_background_color=\u00bb#ffffff\u00bb][et_pb_row][et_pb_column type=\u00bb4_4&#8243;][et_pb_text admin_label=\u00bbFeatured Wastewater Treatment Case Studies\u00bb _builder_version=\u00bb3.0.67&#8243; background_layout=\u00bblight\u00bb text_orientation=\u00bbcenter\u00bb border_style=\u00bbsolid\u00bb module_alignment=\u00bbcenter\u00bb]<\/p>\n<h1>Casos de Estudio Destacados<\/h1>\n<p>[\/et_pb_text][\/et_pb_column][\/et_pb_row][et_pb_row _builder_version=\u00bb3.0.61&#8243; background_position_1=\u00bbtop_left\u00bb background_repeat_1=\u00bbno-repeat\u00bb background_position_2=\u00bbtop_left\u00bb background_repeat_2=\u00bbno-repeat\u00bb use_custom_gutter=\u00bbon\u00bb gutter_width=\u00bb2&#8243; make_equal=\u00bbon\u00bb][et_pb_column type=\u00bb1_2&#8243;][et_pb_blurb admin_label=\u00bbContainerized Blowdown Water Recycling for Solar Power Plant\u00bb _builder_version=\u00bb3.0.67&#8243; title=\u00bbRe\u00faso de Agua de Purga en Contenedores Para Planta de Energ\u00eda Solar\u00bb url_new_window=\u00bboff\u00bb use_icon=\u00bboff\u00bb image=\u00bbhttps:\/\/www.fluencecorp.com\/wp-content\/uploads\/2017\/07\/ASHALIM-power-plant-water-treatment.jpg\u00bb use_circle=\u00bboff\u00bb use_circle_border=\u00bboff\u00bb icon_placement=\u00bbtop\u00bb use_icon_font_size=\u00bboff\u00bb background_layout=\u00bblight\u00bb border_style=\u00bbsolid\u00bb animation=\u00bboff\u00bb background_color=\u00bb#ffffff\u00bb module_class=\u00bbfeaturedblurb\u00bb image_max_width=\u00bb100%\u00bb]<\/p>\n<p>Una planta de energ\u00eda solar concentrada (CSP) a gran escala en Israel utiliza la luz solar para producir vapor de alta presi\u00f3n para alimentar un generador a turbina. Los efluentes de purga salobre, que se descargan continuamente en el sitio, se deben eliminar en estanques de evaporaci\u00f3n a menos que se traten para su re\u00faso. Nuestra soluci\u00f3n, completamente en contenedores, utiliza la ultrafiltraci\u00f3n y \u00f3smosis inversa para producir agua de enfriamiento, con un segundo paso de \u00f3smosis inversa, desgasificaci\u00f3n de GTM y pulido mediante sistema CEDI, a fin de producir agua ultrapura para uso de la caldera. Para una m\u00e1xima confiabilidad, el sistema est\u00e1 dise\u00f1ado con recursos redundantes en los componentes principales del servicio.<\/p>\n<p>[\/et_pb_blurb][et_pb_blurb admin_label=\u00bbSeawater Desalination to Supply Flue Gas Desulfurization (FGD) System\u00bb _builder_version=\u00bb3.0.67&#8243; title=\u00bbDesalinizaci\u00f3n de Agua de Mar Para Proporcionar Sistema de Desulfuraci\u00f3n de Gases de Combusti\u00f3n (FGD)\u00bb url_new_window=\u00bboff\u00bb use_icon=\u00bboff\u00bb image=\u00bbhttps:\/\/www.fluencecorp.com\/wp-content\/uploads\/2017\/07\/atacama-power-industry.jpg\u00bb use_circle=\u00bboff\u00bb use_circle_border=\u00bboff\u00bb icon_placement=\u00bbtop\u00bb use_icon_font_size=\u00bboff\u00bb background_layout=\u00bblight\u00bb border_style=\u00bbsolid\u00bb animation=\u00bboff\u00bb background_color=\u00bb#ffffff\u00bb module_class=\u00bbfeaturedblurb\u00bb alt=\u00bbSoluciones de Tratamiento Para la Industria de Generaci\u00f3n de Energ\u00eda\u00bb image_max_width=\u00bb100%\u00bb]<\/p>\n<p>Debido a que estrictas regulaciones ambientales en Chile requieren que las plantas de energ\u00eda de carb\u00f3n existentes reduzcan sus emisiones, una planta de energ\u00eda en el desierto de Atacama necesit\u00f3 que una fuente confiable de agua abasteciera su nuevo sistema FGD.<\/p>\n<p>Fluence fue contratada para proporcionar una planta de desalinizaci\u00f3n de agua de mar (SWRO) que produce 2.400 m<sup>3<\/sup>\/d de agua para alimentar eficazmente la planta FGD.<\/p>\n<p>[\/et_pb_blurb][\/et_pb_column][et_pb_column type=\u00bb1_2&#8243;][et_pb_blurb admin_label=\u00bbWater Treatment for Remote Power Stations\u00bb _builder_version=\u00bb3.0.67&#8243; title=\u00bbTratamiento de Agua Para Centrales de Energ\u00eda Remotas\u00bb url_new_window=\u00bboff\u00bb use_icon=\u00bboff\u00bb image=\u00bbhttps:\/\/www.fluencecorp.com\/wp-content\/uploads\/2017\/07\/remote-power-water-treatment.jpg\u00bb use_circle=\u00bboff\u00bb use_circle_border=\u00bboff\u00bb icon_placement=\u00bbtop\u00bb use_icon_font_size=\u00bboff\u00bb background_layout=\u00bblight\u00bb border_style=\u00bbsolid\u00bb animation=\u00bboff\u00bb background_color=\u00bb#ffffff\u00bb module_class=\u00bbfeaturedblurb\u00bb alt=\u00bbTratamiento de Agua de Estaciones de Energ\u00eda Remotas\u00bb image_max_width=\u00bb100%\u00bb]<\/p>\n<p>En el oeste de Australia, en uno de los proyectos mineros de hierro m\u00e1s grandes del mundo, se construy\u00f3 una central de energ\u00eda a gas de 450 megavatios de ciclo combinado. Dise\u00f1amos, fabricamos, suministramos, y pusimos en marcha una planta de tratamiento de agua para su funcionamiento. El alcance del proyecto incluy\u00f3 una planta completa de agua y grandes tanques de almacenamiento, as\u00ed como tambi\u00e9n una gesti\u00f3n integral del proyecto.<\/p>\n<p>[\/et_pb_blurb][et_pb_blurb admin_label=\u00bbSeawater Desalination for Power Plant Expansion\u00bb _builder_version=\u00bb3.0.67&#8243; title=\u00bbDesalinizaci\u00f3n de Agua de Mar Para la Ampliaci\u00f3n de Central El\u00e9ctrica\u00bb url_new_window=\u00bboff\u00bb use_icon=\u00bboff\u00bb image=\u00bbhttps:\/\/www.fluencecorp.com\/wp-content\/uploads\/2017\/07\/ataqa-solar-power-plant.jpg\u00bb use_circle=\u00bboff\u00bb use_circle_border=\u00bboff\u00bb icon_placement=\u00bbtop\u00bb use_icon_font_size=\u00bboff\u00bb background_layout=\u00bblight\u00bb border_style=\u00bbsolid\u00bb animation=\u00bboff\u00bb background_color=\u00bb#ffffff\u00bb module_class=\u00bbfeaturedblurb\u00bb alt=\u00bbDesalinizaci\u00f3n de Agua de Mar Para Central El\u00e9ctrica\u00bb image_max_width=\u00bb100%\u00bb]<\/p>\n<p>Cuando una central el\u00e9ctrica egipcia decidi\u00f3 ampliar su capacidad de generaci\u00f3n, necesit\u00f3 una fuente de agua ultrapura y la necesit\u00f3 lo antes posible. Para poder utilizar el agua de alimentaci\u00f3n de baja calidad del Mar Rojo, Fluence dise\u00f1\u00f3 un sistema de desmineralizaci\u00f3n de tres trenes con ultrafiltraci\u00f3n y \u00f3smosis inversa. El primer tren fue entregado en cuatro meses, siguiendo el segundo y tercero dos meses m\u00e1s tarde.<\/p>\n<p>[\/et_pb_blurb][\/et_pb_column][\/et_pb_row][et_pb_row _builder_version=\u00bb3.0.59&#8243; background_position_1=\u00bbtop_left\u00bb background_repeat_1=\u00bbno-repeat\u00bb module_class=\u00bbshowmorelink\u00bb][et_pb_column type=\u00bb4_4&#8243;][et_pb_text admin_label=\u00bbSHOW MORE\u00bb _builder_version=\u00bb3.0.59&#8243; background_layout=\u00bblight\u00bb text_orientation=\u00bbcenter\u00bb text_font=\u00bb|on|||\u00bb text_font_size=\u00bb13&#8243; text_text_color=\u00bb#778591&#8243; border_style=\u00bbsolid\u00bb disabled=\u00bbon\u00bb disabled_on=\u00bbon|on|on\u00bb module_alignment=\u00bbcenter\u00bb]<\/p>\n<p><a class=\"showmore\" href=\"#\">SHOW MORE<\/a><\/p>\n<p>[\/et_pb_text][\/et_pb_column][\/et_pb_row][\/et_pb_section]<\/p>\n","protected":false},"excerpt":{"rendered":"<p>Tratamiento de Agua Para la Industria de Generaci\u00f3n de Energ\u00eda <div class=\"et_pb_row et_pb_row_0 et_pb_row_empty\">\n\t\t\t\t\n\t\t\t\t\n\t\t\t\t\n\t\t\t\t\n\t\t\t\t\n\t\t\t<\/div> Fluence tiene d\u00e9cadas de experiencia proporcionando soluciones de tratamiento sostenible para efluentes y agua de proceso para la industria de generaci\u00f3n de energ\u00eda El crecimiento en la poblaci\u00f3n y la industrializaci\u00f3n est\u00e1n impulsando la demanda de energ\u00eda en el mundo, ejerciendo presi\u00f3n sobre los [&hellip;]<\/p>\n","protected":false},"author":2,"featured_media":34297,"parent":0,"menu_order":0,"comment_status":"closed","ping_status":"closed","template":"","meta":{"_et_pb_use_builder":"on","_et_pb_old_content":"","_et_gb_content_width":"","_relevanssi_hide_post":"","_relevanssi_hide_content":"","_relevanssi_pin_for_all":"","_relevanssi_pin_keywords":"","_relevanssi_unpin_keywords":"","_relevanssi_related_keywords":"","_relevanssi_related_include_ids":"","_relevanssi_related_exclude_ids":"","_relevanssi_related_no_append":"","_relevanssi_related_not_related":"","_relevanssi_related_posts":"","_relevanssi_noindex_reason":"","inline_featured_image":false,"footnotes":"","_links_to":"","_links_to_target":""},"coauthors":[],"class_list":["post-37833","page","type-page","status-publish","has-post-thumbnail","hentry"],"yoast_head":"<!-- This site is optimized with the Yoast SEO plugin v27.4 - https:\/\/yoast.com\/product\/yoast-seo-wordpress\/ -->\n<title>Soluciones de Agua Para la Industria de Generaci\u00f3n de Energ\u00eda | Fluence<\/title>\n<meta name=\"description\" content=\"Fluence entrega soluciones de tratamiento de aguas sostenible y rentable para todos los aspectos de la industria de generaci\u00f3n de energ\u00eda, desde el tratamiento de agua de alimentaci\u00f3n hasta el re\u00faso de agua de proceso.\" \/>\n<meta name=\"robots\" content=\"index, follow, max-snippet:-1, max-image-preview:large, max-video-preview:-1\" \/>\n<link rel=\"canonical\" href=\"https:\/\/www.fluencecorp.com\/es\/energia\/\" \/>\n<meta property=\"og:locale\" content=\"es_ES\" \/>\n<meta property=\"og:type\" content=\"article\" \/>\n<meta property=\"og:title\" content=\"Soluciones de Agua Para la Industria de Generaci\u00f3n de Energ\u00eda | Fluence\" \/>\n<meta property=\"og:description\" content=\"Fluence entrega soluciones de tratamiento de aguas sostenible y rentable para todos los aspectos de la industria de generaci\u00f3n de energ\u00eda, desde el tratamiento de agua de alimentaci\u00f3n hasta el re\u00faso de agua de proceso.\" \/>\n<meta property=\"og:url\" content=\"https:\/\/www.fluencecorp.com\/es\/energia\/\" \/>\n<meta property=\"article:publisher\" content=\"https:\/\/www.facebook.com\/FluenceCorp\" \/>\n<meta property=\"article:modified_time\" content=\"2019-04-08T18:29:08+00:00\" \/>\n<meta property=\"og:image\" content=\"https:\/\/www.fluencecorp.com\/wp-content\/uploads\/2017\/07\/droplet-pattern.png\" \/>\n\t<meta property=\"og:image:width\" content=\"347\" \/>\n\t<meta property=\"og:image:height\" content=\"231\" \/>\n\t<meta property=\"og:image:type\" content=\"image\/png\" \/>\n<meta name=\"twitter:card\" content=\"summary_large_image\" \/>\n<meta name=\"twitter:site\" content=\"@FluenceCorp\" \/>\n<meta name=\"twitter:label1\" content=\"Tiempo de lectura\" \/>\n\t<meta name=\"twitter:data1\" content=\"9 minutos\" \/>\n\t<meta name=\"twitter:label2\" content=\"Written by\" \/>\n\t<meta name=\"twitter:data2\" content=\"David Reich\" \/>\n<script type=\"application\/ld+json\" class=\"yoast-schema-graph\">{\"@context\":\"https:\\\/\\\/schema.org\",\"@graph\":[{\"@type\":\"WebPage\",\"@id\":\"https:\\\/\\\/www.fluencecorp.com\\\/es\\\/energia\\\/\",\"url\":\"https:\\\/\\\/www.fluencecorp.com\\\/es\\\/energia\\\/\",\"name\":\"Soluciones de Agua Para la Industria de Generaci\u00f3n de Energ\u00eda | Fluence\",\"isPartOf\":{\"@id\":\"https:\\\/\\\/www.fluencecorp.com\\\/es\\\/#website\"},\"primaryImageOfPage\":{\"@id\":\"https:\\\/\\\/www.fluencecorp.com\\\/es\\\/energia\\\/#primaryimage\"},\"image\":{\"@id\":\"https:\\\/\\\/www.fluencecorp.com\\\/es\\\/energia\\\/#primaryimage\"},\"thumbnailUrl\":\"https:\\\/\\\/www.fluencecorp.com\\\/wp-content\\\/uploads\\\/2017\\\/07\\\/droplet-pattern.png\",\"datePublished\":\"2017-07-10T13:28:28+00:00\",\"dateModified\":\"2019-04-08T18:29:08+00:00\",\"description\":\"Fluence entrega soluciones de tratamiento de aguas sostenible y rentable para todos los aspectos de la industria de generaci\u00f3n de energ\u00eda, desde el tratamiento de agua de alimentaci\u00f3n hasta el re\u00faso de agua de proceso.\",\"breadcrumb\":{\"@id\":\"https:\\\/\\\/www.fluencecorp.com\\\/es\\\/energia\\\/#breadcrumb\"},\"inLanguage\":\"es\",\"potentialAction\":[{\"@type\":\"ReadAction\",\"target\":[\"https:\\\/\\\/www.fluencecorp.com\\\/es\\\/energia\\\/\"]}]},{\"@type\":\"ImageObject\",\"inLanguage\":\"es\",\"@id\":\"https:\\\/\\\/www.fluencecorp.com\\\/es\\\/energia\\\/#primaryimage\",\"url\":\"https:\\\/\\\/www.fluencecorp.com\\\/wp-content\\\/uploads\\\/2017\\\/07\\\/droplet-pattern.png\",\"contentUrl\":\"https:\\\/\\\/www.fluencecorp.com\\\/wp-content\\\/uploads\\\/2017\\\/07\\\/droplet-pattern.png\",\"width\":347,\"height\":231},{\"@type\":\"BreadcrumbList\",\"@id\":\"https:\\\/\\\/www.fluencecorp.com\\\/es\\\/energia\\\/#breadcrumb\",\"itemListElement\":[{\"@type\":\"ListItem\",\"position\":1,\"name\":\"Home\",\"item\":\"https:\\\/\\\/www.fluencecorp.com\\\/es\\\/\"},{\"@type\":\"ListItem\",\"position\":2,\"name\":\"Energ\u00eda\"}]},{\"@type\":\"WebSite\",\"@id\":\"https:\\\/\\\/www.fluencecorp.com\\\/es\\\/#website\",\"url\":\"https:\\\/\\\/www.fluencecorp.com\\\/es\\\/\",\"name\":\"Fluence Corporation\",\"description\":\"\",\"publisher\":{\"@id\":\"https:\\\/\\\/www.fluencecorp.com\\\/es\\\/#organization\"},\"potentialAction\":[{\"@type\":\"SearchAction\",\"target\":{\"@type\":\"EntryPoint\",\"urlTemplate\":\"https:\\\/\\\/www.fluencecorp.com\\\/es\\\/?s={search_term_string}\"},\"query-input\":{\"@type\":\"PropertyValueSpecification\",\"valueRequired\":true,\"valueName\":\"search_term_string\"}}],\"inLanguage\":\"es\"},{\"@type\":\"Organization\",\"@id\":\"https:\\\/\\\/www.fluencecorp.com\\\/es\\\/#organization\",\"name\":\"Fluence\",\"url\":\"https:\\\/\\\/www.fluencecorp.com\\\/es\\\/\",\"logo\":{\"@type\":\"ImageObject\",\"inLanguage\":\"es\",\"@id\":\"https:\\\/\\\/www.fluencecorp.com\\\/es\\\/#\\\/schema\\\/logo\\\/image\\\/\",\"url\":\"https:\\\/\\\/www.fluencecorp.com\\\/wp-content\\\/uploads\\\/2018\\\/03\\\/fluence-seo-logo.png\",\"contentUrl\":\"https:\\\/\\\/www.fluencecorp.com\\\/wp-content\\\/uploads\\\/2018\\\/03\\\/fluence-seo-logo.png\",\"width\":523,\"height\":181,\"caption\":\"Fluence\"},\"image\":{\"@id\":\"https:\\\/\\\/www.fluencecorp.com\\\/es\\\/#\\\/schema\\\/logo\\\/image\\\/\"},\"sameAs\":[\"https:\\\/\\\/www.facebook.com\\\/FluenceCorp\",\"https:\\\/\\\/x.com\\\/FluenceCorp\",\"https:\\\/\\\/www.linkedin.com\\\/company-beta\\\/18150486\\\/\"]}]}<\/script>\n<!-- \/ Yoast SEO plugin. -->","yoast_head_json":{"title":"Soluciones de Agua Para la Industria de Generaci\u00f3n de Energ\u00eda | Fluence","description":"Fluence entrega soluciones de tratamiento de aguas sostenible y rentable para todos los aspectos de la industria de generaci\u00f3n de energ\u00eda, desde el tratamiento de agua de alimentaci\u00f3n hasta el re\u00faso de agua de proceso.","robots":{"index":"index","follow":"follow","max-snippet":"max-snippet:-1","max-image-preview":"max-image-preview:large","max-video-preview":"max-video-preview:-1"},"canonical":"https:\/\/www.fluencecorp.com\/es\/energia\/","og_locale":"es_ES","og_type":"article","og_title":"Soluciones de Agua Para la Industria de Generaci\u00f3n de Energ\u00eda | Fluence","og_description":"Fluence entrega soluciones de tratamiento de aguas sostenible y rentable para todos los aspectos de la industria de generaci\u00f3n de energ\u00eda, desde el tratamiento de agua de alimentaci\u00f3n hasta el re\u00faso de agua de proceso.","og_url":"https:\/\/www.fluencecorp.com\/es\/energia\/","article_publisher":"https:\/\/www.facebook.com\/FluenceCorp","article_modified_time":"2019-04-08T18:29:08+00:00","og_image":[{"width":347,"height":231,"url":"https:\/\/www.fluencecorp.com\/wp-content\/uploads\/2017\/07\/droplet-pattern.png","type":"image\/png"}],"twitter_card":"summary_large_image","twitter_site":"@FluenceCorp","twitter_misc":{"Tiempo de lectura":"9 minutos","Written by":"David Reich"},"schema":{"@context":"https:\/\/schema.org","@graph":[{"@type":"WebPage","@id":"https:\/\/www.fluencecorp.com\/es\/energia\/","url":"https:\/\/www.fluencecorp.com\/es\/energia\/","name":"Soluciones de Agua Para la Industria de Generaci\u00f3n de Energ\u00eda | Fluence","isPartOf":{"@id":"https:\/\/www.fluencecorp.com\/es\/#website"},"primaryImageOfPage":{"@id":"https:\/\/www.fluencecorp.com\/es\/energia\/#primaryimage"},"image":{"@id":"https:\/\/www.fluencecorp.com\/es\/energia\/#primaryimage"},"thumbnailUrl":"https:\/\/www.fluencecorp.com\/wp-content\/uploads\/2017\/07\/droplet-pattern.png","datePublished":"2017-07-10T13:28:28+00:00","dateModified":"2019-04-08T18:29:08+00:00","description":"Fluence entrega soluciones de tratamiento de aguas sostenible y rentable para todos los aspectos de la industria de generaci\u00f3n de energ\u00eda, desde el tratamiento de agua de alimentaci\u00f3n hasta el re\u00faso de agua de proceso.","breadcrumb":{"@id":"https:\/\/www.fluencecorp.com\/es\/energia\/#breadcrumb"},"inLanguage":"es","potentialAction":[{"@type":"ReadAction","target":["https:\/\/www.fluencecorp.com\/es\/energia\/"]}]},{"@type":"ImageObject","inLanguage":"es","@id":"https:\/\/www.fluencecorp.com\/es\/energia\/#primaryimage","url":"https:\/\/www.fluencecorp.com\/wp-content\/uploads\/2017\/07\/droplet-pattern.png","contentUrl":"https:\/\/www.fluencecorp.com\/wp-content\/uploads\/2017\/07\/droplet-pattern.png","width":347,"height":231},{"@type":"BreadcrumbList","@id":"https:\/\/www.fluencecorp.com\/es\/energia\/#breadcrumb","itemListElement":[{"@type":"ListItem","position":1,"name":"Home","item":"https:\/\/www.fluencecorp.com\/es\/"},{"@type":"ListItem","position":2,"name":"Energ\u00eda"}]},{"@type":"WebSite","@id":"https:\/\/www.fluencecorp.com\/es\/#website","url":"https:\/\/www.fluencecorp.com\/es\/","name":"Fluence Corporation","description":"","publisher":{"@id":"https:\/\/www.fluencecorp.com\/es\/#organization"},"potentialAction":[{"@type":"SearchAction","target":{"@type":"EntryPoint","urlTemplate":"https:\/\/www.fluencecorp.com\/es\/?s={search_term_string}"},"query-input":{"@type":"PropertyValueSpecification","valueRequired":true,"valueName":"search_term_string"}}],"inLanguage":"es"},{"@type":"Organization","@id":"https:\/\/www.fluencecorp.com\/es\/#organization","name":"Fluence","url":"https:\/\/www.fluencecorp.com\/es\/","logo":{"@type":"ImageObject","inLanguage":"es","@id":"https:\/\/www.fluencecorp.com\/es\/#\/schema\/logo\/image\/","url":"https:\/\/www.fluencecorp.com\/wp-content\/uploads\/2018\/03\/fluence-seo-logo.png","contentUrl":"https:\/\/www.fluencecorp.com\/wp-content\/uploads\/2018\/03\/fluence-seo-logo.png","width":523,"height":181,"caption":"Fluence"},"image":{"@id":"https:\/\/www.fluencecorp.com\/es\/#\/schema\/logo\/image\/"},"sameAs":["https:\/\/www.facebook.com\/FluenceCorp","https:\/\/x.com\/FluenceCorp","https:\/\/www.linkedin.com\/company-beta\/18150486\/"]}]}},"_links":{"self":[{"href":"https:\/\/www.fluencecorp.com\/es\/wp-json\/wp\/v2\/pages\/37833","targetHints":{"allow":["GET"]}}],"collection":[{"href":"https:\/\/www.fluencecorp.com\/es\/wp-json\/wp\/v2\/pages"}],"about":[{"href":"https:\/\/www.fluencecorp.com\/es\/wp-json\/wp\/v2\/types\/page"}],"author":[{"embeddable":true,"href":"https:\/\/www.fluencecorp.com\/es\/wp-json\/wp\/v2\/users\/2"}],"replies":[{"embeddable":true,"href":"https:\/\/www.fluencecorp.com\/es\/wp-json\/wp\/v2\/comments?post=37833"}],"version-history":[{"count":0,"href":"https:\/\/www.fluencecorp.com\/es\/wp-json\/wp\/v2\/pages\/37833\/revisions"}],"wp:featuredmedia":[{"embeddable":true,"href":"https:\/\/www.fluencecorp.com\/es\/wp-json\/wp\/v2\/media\/34297"}],"wp:attachment":[{"href":"https:\/\/www.fluencecorp.com\/es\/wp-json\/wp\/v2\/media?parent=37833"}],"wp:term":[{"taxonomy":"author","embeddable":true,"href":"https:\/\/www.fluencecorp.com\/es\/wp-json\/wp\/v2\/coauthors?post=37833"}],"curies":[{"name":"wp","href":"https:\/\/api.w.org\/{rel}","templated":true}]}}