{"id":37647,"date":"2017-07-11T04:41:29","date_gmt":"2017-07-10T18:41:29","guid":{"rendered":"https:\/\/www.fluencecorp.com\/riptide\/"},"modified":"2019-04-09T04:24:35","modified_gmt":"2019-04-08T18:24:35","slug":"riptide","status":"publish","type":"page","link":"https:\/\/www.fluencecorp.com\/es\/riptide\/","title":{"rendered":"Aerators &#8211; RIPTIDE"},"content":{"rendered":"<p>[et_pb_section bb_built=\u00bb1&#8243; fullwidth=\u00bboff\u00bb specialty=\u00bboff\u00bb _builder_version=\u00bb3.0.60&#8243; background_color=\u00bb#f4f4f4&#8243; background_blend=\u00bbmultiply\u00bb custom_padding=\u00bb0px||0px|\u00bb next_background_color=\u00bb#ffffff\u00bb][et_pb_row _builder_version=\u00bb3.0.60&#8243; background_position_1=\u00bbtop_left\u00bb background_repeat_1=\u00bbno-repeat\u00bb custom_margin=\u00bb0px||0px|\u00bb custom_padding=\u00bb0px||0px|\u00bb][et_pb_column type=\u00bb4_4&#8243;][et_pb_text admin_label=\u00bbHeader with Grey Background\u00bb _builder_version=\u00bb3.0.67&#8243; background_layout=\u00bblight\u00bb text_orientation=\u00bbleft\u00bb border_style=\u00bbsolid\u00bb text_font_size=\u00bb24&#8243; header_text_color=\u00bb#0b3a5d\u00bb header_font_size=\u00bb52px\u00bb text_text_color=\u00bb#778591&#8243; custom_margin=\u00bb10px||10px|\u00bb custom_padding=\u00bb44px||44px|\u00bb header_font=\u00bb|on|||\u00bb module_alignment=\u00bbleft\u00bb]<\/p>\n<h1>Mezclador de Superficie de Accionamiento Directo RIPTIDE\u2122<\/h1>\n<p>Mezclado de agua confiable y con bajo mantenimiento, que se logra en casi cualquier \u00e1ngulo<\/p>\n<p>[\/et_pb_text][\/et_pb_column][\/et_pb_row][\/et_pb_section][et_pb_section bb_built=\u00bb1&#8243; _builder_version=\u00bb3.0.59&#8243; custom_padding=\u00bb0px||0px|\u00bb prev_background_color=\u00bb#f4f4f4&#8243;][et_pb_row][et_pb_column type=\u00bb2_3&#8243;][et_pb_text admin_label=\u00bbMain Body Text\u00bb _builder_version=\u00bb3.0.86&#8243; background_layout=\u00bblight\u00bb module_alignment=\u00bbleft\u00bb]<\/p>\n<p>Con su construcci\u00f3n resistente y un dise\u00f1o de bajo mantenimiento, el mezclador de superficie de accionamiento directo RIPTIDE<sup>\u00ae<\/sup> ofrece un rendimiento confiable y econ\u00f3mico, permitiendo su montaje en una amplia gama de \u00e1ngulos.<\/p>\n<p>Al caracterizarse por un propulsor de alta eficiencia y baja velocidad, el Riptide mezcla todo o parte de una pileta, con una construcci\u00f3n resistente que puede soportar la mayor\u00eda de las aplicaciones. Toda acci\u00f3n mezcladora se produce justo debajo de la superficie, lo que significa que no hay rociado ni salpicaduras.<\/p>\n<h3>M\u00e1xima Confiabilidad, M\u00ednimo Mantenimiento<\/h3>\n<p>La ingenier\u00eda de vanguardia y las meticulosas especificaciones de construcci\u00f3n aseguran que el mezclador de superficie Riptide funcione correctamente desde el principio, y contin\u00fae funcionando sin necesidad de realizar mantenimientos que demanden mucho tiempo. El propulsor subsuperficial no se ensuciar\u00e1, incluso con s\u00f3lidos pesados. Una doble fila de rodamientos soporta de forma segura al eje del mezclador, evitando vibraciones y absorbiendo todas las cargas axiales generadas por el impulsor, mientras que la velocidad lenta aumenta la vida \u00fatil del motor, aumentando a su vez la eficiencia de mezcla.<\/p>\n<p>Las caracter\u00edsticas de Riptide contribuyen a un rendimiento duradero:<\/p>\n<ul>\n<li>Construcci\u00f3n 100% de acero inoxidable resistente a la corrosi\u00f3n y a los rayos ultravioleta (UV)<\/li>\n<li>Eje s\u00f3lido, dise\u00f1o sin vibraciones<\/li>\n<li>Cojinetes de bola sellados<\/li>\n<li>Sellos mec\u00e1nicos que no requieren mantenimiento<\/li>\n<li>Cambio de motor simplificado y acoplamiento directo motor-eje<\/li>\n<li>Propulsor antialgas<\/li>\n<\/ul>\n<p>Cada mezclador de superficie de impulsi\u00f3n directa Riptide es probado en f\u00e1brica para garantizar que el equipo cumple con los rigurosos est\u00e1ndares de calidad de Fluence.<\/p>\n<h3>El Riptide Es Flexible Para Lograr un Mezclado \u00d3ptimo<\/h3>\n<p>El Riptide es ideal para el tratamiento de efluentes y mezcla complementaria, proporcionando completa flexibilidad en el dise\u00f1o del estanque. El montaje totalmente ajustable en flotadores o soportes permite la mezcla completa en un estanque de cualquier profundidad o forma y simplifica el env\u00edo de la mezcla hacia una zona deficiente. Los pernos de bloqueo del ajuste del \u00e1ngulo permiten optimizar las velocidades de mezcla para asegurar una acci\u00f3n de mezcla fuerte.<\/p>\n<p>Los modelos disponibles oscilan entre 2 &#8211; 30 hp (1,5 &#8211; 30 kW). Las opciones de motores especiales, de alto rendimiento o provistos de bridas especiales aumentan la versatilidad del dise\u00f1o del sistema. Fluence puede recomendar las configuraciones que mejor se adapten a sus necesidades.<\/p>\n<h3>Aplicaciones Extensas y de Amplio Uso<\/h3>\n<p>El mezclador de superficie de accionamiento directo Riptide mejora la mezcla en una amplia gama de aplicaciones, tales como:<\/p>\n<ul>\n<li>Tratamiento de efluentes<\/li>\n<li>Mezcla de productos qu\u00edmicos<\/li>\n<li>Suspensi\u00f3n de s\u00f3lidos<\/li>\n<li>Mezcla complementaria<\/li>\n<\/ul>\n<p>El equipo de ingenieros experimentados de Fluence desarroll\u00f3 el Riptide de alta eficiencia, como una soluci\u00f3n eficaz de bajo costo para muchas industrias, incluyendo:<\/p>\n<ul>\n<li>Procesamiento de productos qu\u00edmicos<\/li>\n<li>Fabricaci\u00f3n de vinos y bebidas<\/li>\n<li>Productos textiles<\/li>\n<li>Industria del papel<\/li>\n<li>Productos l\u00e1cteos<\/li>\n<\/ul>\n<h3>Mezclado de Accionamiento Directo con Alta Resistencia<\/h3>\n<p>Las unidades de alquiler est\u00e1n f\u00e1cilmente disponibles como soluci\u00f3n r\u00e1pida frente a paradas de planta imprevistas, si su presupuesto de capital es limitado, o si desea evaluar una unidad en su entorno particular. No importa cu\u00e1l sea la raz\u00f3n, si decide comprar sus equipos en leasing, sus pagos ser\u00e1n acreditados en la compra del nuevo equipamiento.<\/p>\n<p>En Fluence, nuestros ingenieros de aplicaciones se dedican exclusivamente a ayudar a los operadores de plantas de tratamiento, a ingenieros y contratistas de todo el mundo. Con d\u00e9cadas de experiencia y las mejores tecnolog\u00edas en su clase, nuestros expertos podr\u00e1n ayudarle a encontrar la <a href=\"https:\/\/www.fluencecorp.com\/es\/aireadores\/\" target=\"_blank\" rel=\"noopener noreferrer\">soluci\u00f3n de aireaci\u00f3n<\/a> adecuada para sus desaf\u00edos \u00fanicos.<\/p>\n<p><a href=\"https:\/\/www.fluencecorp.com\/es\/contacto\/\" target=\"_blank\" rel=\"noopener noreferrer\">Cont\u00e1ctese con Fluence<\/a> para obtener m\u00e1s informaci\u00f3n sobre los mezcladores de superficie de accionamiento directo Riptide, opciones de leasing o para solicitar una cotizaci\u00f3n.<\/p>\n<p>[\/et_pb_text][\/et_pb_column][et_pb_column type=\u00bb1_3&#8243;][et_pb_blurb admin_label=\u00bbWASTEWATER TREATMENT CHALLENGES &#8211; ES\u00bb _builder_version=\u00bb3.0.100&#8243; title=\u00bb\u00bfDESAF\u00cdOS EN TRATAMIENTO DE EFLUENTES?\u00bb url_new_window=\u00bboff\u00bb use_icon=\u00bboff\u00bb image=\u00bbhttps:\/\/www.fluencecorp.com\/wp-content\/uploads\/2017\/07\/wastewater_treatment_02.svg\u00bb use_circle=\u00bboff\u00bb use_circle_border=\u00bboff\u00bb icon_placement=\u00bbtop\u00bb use_icon_font_size=\u00bboff\u00bb background_layout=\u00bblight\u00bb text_orientation=\u00bbcenter\u00bb use_border_color=\u00bbon\u00bb custom_padding=\u00bb30px|20px|30px|20px\u00bb module_class=\u00bbfluenceblurb\u00bb animation=\u00bboff\u00bb border_color_all=\u00bb#7fc8bd\u00bb border_width_all=\u00bb1px\u00bb max_width_tablet=\u00bb50px\u00bb border_radii=\u00bbon|3px|3px|3px|3px\u00bb]<\/p>\n<p>\u00a1Estamos para ayudarlo! Contacte a Fluence para conocer m\u00e1s sobre nuestras soluciones de tratamiento de efluentes o discutir detalles espec\u00edficos de su proyecto.<\/p>\n<p><a class=\"et_pb_promo_button et_pb_button\" href=\"https:\/\/www.fluencecorp.com\/es\/contacto\/\" rel=\"noopener\">CONT\u00c1CTESE<\/a><\/p>\n<p>[\/et_pb_blurb][et_pb_text admin_label=\u00bbQUICK LINKS &#8211; ES\u00bb _builder_version=\u00bb3.21.4&#8243; background_color=\u00bb#f4f4f4&#8243; background_position=\u00bbcenter_right\u00bb background_blend=\u00bboverlay\u00bb background_size=\u00bbinitial\u00bb custom_padding=\u00bb30px|30px|30px|30px\u00bb header_font_size=\u00bb20px\u00bb header_text_color=\u00bb#0b3a5d\u00bb saved_tabs=\u00bball\u00bb module_alignment=\u00bbleft\u00bb z_index_tablet=\u00bb500&#8243;]<\/p>\n<h1>ENLACES R\u00c1PIDOS<\/h1>\n<ul>\n<li><a href=\"https:\/\/www.fluencecorp.com\/es\/casos\/\" target=\"_blank\" rel=\"noopener noreferrer\">Casos de Estudio<\/a><\/li>\n<li><a href=\"https:\/\/www.fluencecorp.com\/es\/newsroom\/\" target=\"_blank\" rel=\"noopener noreferrer\">Sala de Prensa<\/a><\/li>\n<li><a href=\"\/es\/aireadores\/\" target=\"_blank\" rel=\"noopener noreferrer\">Equipamiento de Aireaci\u00f3n<\/a><\/li>\n<\/ul>\n<p>[\/et_pb_text][\/et_pb_column][\/et_pb_row][\/et_pb_section]<\/p>\n","protected":false},"excerpt":{"rendered":"<p>Mezclador de Superficie de Accionamiento Directo RIPTIDE\u2122 Mezclado de agua confiable y con bajo mantenimiento, que se logra en casi cualquier \u00e1ngulo <div class=\"et_pb_row et_pb_row_0 et_pb_row_empty\">\n\t\t\t\t\n\t\t\t\t\n\t\t\t\t\n\t\t\t\t\n\t\t\t\t\n\t\t\t<\/div> Con su construcci\u00f3n resistente y un dise\u00f1o de bajo mantenimiento, el mezclador de superficie de accionamiento directo RIPTIDE\u00ae ofrece un rendimiento confiable y econ\u00f3mico, permitiendo su montaje en una amplia gama de [&hellip;]<\/p>\n","protected":false},"author":2,"featured_media":34297,"parent":0,"menu_order":0,"comment_status":"closed","ping_status":"closed","template":"","meta":{"_et_pb_use_builder":"on","_et_pb_old_content":"","_et_gb_content_width":"","_relevanssi_hide_post":"","_relevanssi_hide_content":"","_relevanssi_pin_for_all":"","_relevanssi_pin_keywords":"","_relevanssi_unpin_keywords":"","_relevanssi_related_keywords":"","_relevanssi_related_include_ids":"","_relevanssi_related_exclude_ids":"","_relevanssi_related_no_append":"","_relevanssi_related_not_related":"","_relevanssi_related_posts":"","_relevanssi_noindex_reason":"","inline_featured_image":false,"footnotes":"","_links_to":"","_links_to_target":""},"coauthors":[],"class_list":["post-37647","page","type-page","status-publish","has-post-thumbnail","hentry"],"yoast_head":"<!-- This site is optimized with the Yoast SEO plugin v27.4 - https:\/\/yoast.com\/product\/yoast-seo-wordpress\/ -->\n<title>Mezclador de Superficie de Accionamiento Directo RIPTIDE\u2122 | Fluence<\/title>\n<meta name=\"description\" content=\"El mezclador de superficie de accionamiento directo Riptide de Fluence proporciona una mezcla confiable de aire en el agua de estanques o lagunas.\" \/>\n<meta name=\"robots\" content=\"index, follow, max-snippet:-1, max-image-preview:large, max-video-preview:-1\" \/>\n<link rel=\"canonical\" href=\"https:\/\/www.fluencecorp.com\/es\/riptide\/\" \/>\n<meta property=\"og:locale\" content=\"es_ES\" \/>\n<meta property=\"og:type\" content=\"article\" \/>\n<meta property=\"og:title\" content=\"Mezclador de Superficie de Accionamiento Directo RIPTIDE\u2122\" \/>\n<meta property=\"og:description\" content=\"El mezclador de superficie de accionamiento directo Riptide de Fluence proporciona una mezcla confiable de aire en el agua de estanques o lagunas.\" \/>\n<meta property=\"og:url\" content=\"https:\/\/www.fluencecorp.com\/es\/riptide\/\" \/>\n<meta property=\"article:publisher\" content=\"https:\/\/www.facebook.com\/FluenceCorp\" \/>\n<meta property=\"article:modified_time\" content=\"2019-04-08T18:24:35+00:00\" \/>\n<meta property=\"og:image\" content=\"https:\/\/www.fluencecorp.com\/wp-content\/uploads\/2017\/07\/droplet-pattern.png\" \/>\n\t<meta property=\"og:image:width\" content=\"347\" \/>\n\t<meta property=\"og:image:height\" content=\"231\" \/>\n\t<meta property=\"og:image:type\" content=\"image\/png\" \/>\n<meta name=\"twitter:card\" content=\"summary_large_image\" \/>\n<meta name=\"twitter:site\" content=\"@FluenceCorp\" \/>\n<meta name=\"twitter:label1\" content=\"Tiempo de lectura\" \/>\n\t<meta name=\"twitter:data1\" content=\"5 minutos\" \/>\n\t<meta name=\"twitter:label2\" content=\"Written by\" \/>\n\t<meta name=\"twitter:data2\" content=\"David Reich\" \/>\n<script type=\"application\/ld+json\" class=\"yoast-schema-graph\">{\"@context\":\"https:\\\/\\\/schema.org\",\"@graph\":[{\"@type\":\"WebPage\",\"@id\":\"https:\\\/\\\/www.fluencecorp.com\\\/es\\\/riptide\\\/\",\"url\":\"https:\\\/\\\/www.fluencecorp.com\\\/es\\\/riptide\\\/\",\"name\":\"Mezclador de Superficie de Accionamiento Directo RIPTIDE\u2122 | Fluence\",\"isPartOf\":{\"@id\":\"https:\\\/\\\/www.fluencecorp.com\\\/es\\\/#website\"},\"primaryImageOfPage\":{\"@id\":\"https:\\\/\\\/www.fluencecorp.com\\\/es\\\/riptide\\\/#primaryimage\"},\"image\":{\"@id\":\"https:\\\/\\\/www.fluencecorp.com\\\/es\\\/riptide\\\/#primaryimage\"},\"thumbnailUrl\":\"https:\\\/\\\/www.fluencecorp.com\\\/wp-content\\\/uploads\\\/2017\\\/07\\\/droplet-pattern.png\",\"datePublished\":\"2017-07-10T18:41:29+00:00\",\"dateModified\":\"2019-04-08T18:24:35+00:00\",\"description\":\"El mezclador de superficie de accionamiento directo Riptide de Fluence proporciona una mezcla confiable de aire en el agua de estanques o lagunas.\",\"breadcrumb\":{\"@id\":\"https:\\\/\\\/www.fluencecorp.com\\\/es\\\/riptide\\\/#breadcrumb\"},\"inLanguage\":\"es\",\"potentialAction\":[{\"@type\":\"ReadAction\",\"target\":[\"https:\\\/\\\/www.fluencecorp.com\\\/es\\\/riptide\\\/\"]}]},{\"@type\":\"ImageObject\",\"inLanguage\":\"es\",\"@id\":\"https:\\\/\\\/www.fluencecorp.com\\\/es\\\/riptide\\\/#primaryimage\",\"url\":\"https:\\\/\\\/www.fluencecorp.com\\\/wp-content\\\/uploads\\\/2017\\\/07\\\/droplet-pattern.png\",\"contentUrl\":\"https:\\\/\\\/www.fluencecorp.com\\\/wp-content\\\/uploads\\\/2017\\\/07\\\/droplet-pattern.png\",\"width\":347,\"height\":231},{\"@type\":\"BreadcrumbList\",\"@id\":\"https:\\\/\\\/www.fluencecorp.com\\\/es\\\/riptide\\\/#breadcrumb\",\"itemListElement\":[{\"@type\":\"ListItem\",\"position\":1,\"name\":\"Home\",\"item\":\"https:\\\/\\\/www.fluencecorp.com\\\/es\\\/\"},{\"@type\":\"ListItem\",\"position\":2,\"name\":\"Aerators &#8211; RIPTIDE\"}]},{\"@type\":\"WebSite\",\"@id\":\"https:\\\/\\\/www.fluencecorp.com\\\/es\\\/#website\",\"url\":\"https:\\\/\\\/www.fluencecorp.com\\\/es\\\/\",\"name\":\"Fluence Corporation\",\"description\":\"\",\"publisher\":{\"@id\":\"https:\\\/\\\/www.fluencecorp.com\\\/es\\\/#organization\"},\"potentialAction\":[{\"@type\":\"SearchAction\",\"target\":{\"@type\":\"EntryPoint\",\"urlTemplate\":\"https:\\\/\\\/www.fluencecorp.com\\\/es\\\/?s={search_term_string}\"},\"query-input\":{\"@type\":\"PropertyValueSpecification\",\"valueRequired\":true,\"valueName\":\"search_term_string\"}}],\"inLanguage\":\"es\"},{\"@type\":\"Organization\",\"@id\":\"https:\\\/\\\/www.fluencecorp.com\\\/es\\\/#organization\",\"name\":\"Fluence\",\"url\":\"https:\\\/\\\/www.fluencecorp.com\\\/es\\\/\",\"logo\":{\"@type\":\"ImageObject\",\"inLanguage\":\"es\",\"@id\":\"https:\\\/\\\/www.fluencecorp.com\\\/es\\\/#\\\/schema\\\/logo\\\/image\\\/\",\"url\":\"https:\\\/\\\/www.fluencecorp.com\\\/wp-content\\\/uploads\\\/2018\\\/03\\\/fluence-seo-logo.png\",\"contentUrl\":\"https:\\\/\\\/www.fluencecorp.com\\\/wp-content\\\/uploads\\\/2018\\\/03\\\/fluence-seo-logo.png\",\"width\":523,\"height\":181,\"caption\":\"Fluence\"},\"image\":{\"@id\":\"https:\\\/\\\/www.fluencecorp.com\\\/es\\\/#\\\/schema\\\/logo\\\/image\\\/\"},\"sameAs\":[\"https:\\\/\\\/www.facebook.com\\\/FluenceCorp\",\"https:\\\/\\\/x.com\\\/FluenceCorp\",\"https:\\\/\\\/www.linkedin.com\\\/company-beta\\\/18150486\\\/\"]}]}<\/script>\n<!-- \/ Yoast SEO plugin. -->","yoast_head_json":{"title":"Mezclador de Superficie de Accionamiento Directo RIPTIDE\u2122 | Fluence","description":"El mezclador de superficie de accionamiento directo Riptide de Fluence proporciona una mezcla confiable de aire en el agua de estanques o lagunas.","robots":{"index":"index","follow":"follow","max-snippet":"max-snippet:-1","max-image-preview":"max-image-preview:large","max-video-preview":"max-video-preview:-1"},"canonical":"https:\/\/www.fluencecorp.com\/es\/riptide\/","og_locale":"es_ES","og_type":"article","og_title":"Mezclador de Superficie de Accionamiento Directo RIPTIDE\u2122","og_description":"El mezclador de superficie de accionamiento directo Riptide de Fluence proporciona una mezcla confiable de aire en el agua de estanques o lagunas.","og_url":"https:\/\/www.fluencecorp.com\/es\/riptide\/","article_publisher":"https:\/\/www.facebook.com\/FluenceCorp","article_modified_time":"2019-04-08T18:24:35+00:00","og_image":[{"width":347,"height":231,"url":"https:\/\/www.fluencecorp.com\/wp-content\/uploads\/2017\/07\/droplet-pattern.png","type":"image\/png"}],"twitter_card":"summary_large_image","twitter_site":"@FluenceCorp","twitter_misc":{"Tiempo de lectura":"5 minutos","Written by":"David Reich"},"schema":{"@context":"https:\/\/schema.org","@graph":[{"@type":"WebPage","@id":"https:\/\/www.fluencecorp.com\/es\/riptide\/","url":"https:\/\/www.fluencecorp.com\/es\/riptide\/","name":"Mezclador de Superficie de Accionamiento Directo RIPTIDE\u2122 | Fluence","isPartOf":{"@id":"https:\/\/www.fluencecorp.com\/es\/#website"},"primaryImageOfPage":{"@id":"https:\/\/www.fluencecorp.com\/es\/riptide\/#primaryimage"},"image":{"@id":"https:\/\/www.fluencecorp.com\/es\/riptide\/#primaryimage"},"thumbnailUrl":"https:\/\/www.fluencecorp.com\/wp-content\/uploads\/2017\/07\/droplet-pattern.png","datePublished":"2017-07-10T18:41:29+00:00","dateModified":"2019-04-08T18:24:35+00:00","description":"El mezclador de superficie de accionamiento directo Riptide de Fluence proporciona una mezcla confiable de aire en el agua de estanques o lagunas.","breadcrumb":{"@id":"https:\/\/www.fluencecorp.com\/es\/riptide\/#breadcrumb"},"inLanguage":"es","potentialAction":[{"@type":"ReadAction","target":["https:\/\/www.fluencecorp.com\/es\/riptide\/"]}]},{"@type":"ImageObject","inLanguage":"es","@id":"https:\/\/www.fluencecorp.com\/es\/riptide\/#primaryimage","url":"https:\/\/www.fluencecorp.com\/wp-content\/uploads\/2017\/07\/droplet-pattern.png","contentUrl":"https:\/\/www.fluencecorp.com\/wp-content\/uploads\/2017\/07\/droplet-pattern.png","width":347,"height":231},{"@type":"BreadcrumbList","@id":"https:\/\/www.fluencecorp.com\/es\/riptide\/#breadcrumb","itemListElement":[{"@type":"ListItem","position":1,"name":"Home","item":"https:\/\/www.fluencecorp.com\/es\/"},{"@type":"ListItem","position":2,"name":"Aerators &#8211; RIPTIDE"}]},{"@type":"WebSite","@id":"https:\/\/www.fluencecorp.com\/es\/#website","url":"https:\/\/www.fluencecorp.com\/es\/","name":"Fluence Corporation","description":"","publisher":{"@id":"https:\/\/www.fluencecorp.com\/es\/#organization"},"potentialAction":[{"@type":"SearchAction","target":{"@type":"EntryPoint","urlTemplate":"https:\/\/www.fluencecorp.com\/es\/?s={search_term_string}"},"query-input":{"@type":"PropertyValueSpecification","valueRequired":true,"valueName":"search_term_string"}}],"inLanguage":"es"},{"@type":"Organization","@id":"https:\/\/www.fluencecorp.com\/es\/#organization","name":"Fluence","url":"https:\/\/www.fluencecorp.com\/es\/","logo":{"@type":"ImageObject","inLanguage":"es","@id":"https:\/\/www.fluencecorp.com\/es\/#\/schema\/logo\/image\/","url":"https:\/\/www.fluencecorp.com\/wp-content\/uploads\/2018\/03\/fluence-seo-logo.png","contentUrl":"https:\/\/www.fluencecorp.com\/wp-content\/uploads\/2018\/03\/fluence-seo-logo.png","width":523,"height":181,"caption":"Fluence"},"image":{"@id":"https:\/\/www.fluencecorp.com\/es\/#\/schema\/logo\/image\/"},"sameAs":["https:\/\/www.facebook.com\/FluenceCorp","https:\/\/x.com\/FluenceCorp","https:\/\/www.linkedin.com\/company-beta\/18150486\/"]}]}},"_links":{"self":[{"href":"https:\/\/www.fluencecorp.com\/es\/wp-json\/wp\/v2\/pages\/37647","targetHints":{"allow":["GET"]}}],"collection":[{"href":"https:\/\/www.fluencecorp.com\/es\/wp-json\/wp\/v2\/pages"}],"about":[{"href":"https:\/\/www.fluencecorp.com\/es\/wp-json\/wp\/v2\/types\/page"}],"author":[{"embeddable":true,"href":"https:\/\/www.fluencecorp.com\/es\/wp-json\/wp\/v2\/users\/2"}],"replies":[{"embeddable":true,"href":"https:\/\/www.fluencecorp.com\/es\/wp-json\/wp\/v2\/comments?post=37647"}],"version-history":[{"count":0,"href":"https:\/\/www.fluencecorp.com\/es\/wp-json\/wp\/v2\/pages\/37647\/revisions"}],"wp:featuredmedia":[{"embeddable":true,"href":"https:\/\/www.fluencecorp.com\/es\/wp-json\/wp\/v2\/media\/34297"}],"wp:attachment":[{"href":"https:\/\/www.fluencecorp.com\/es\/wp-json\/wp\/v2\/media?parent=37647"}],"wp:term":[{"taxonomy":"author","embeddable":true,"href":"https:\/\/www.fluencecorp.com\/es\/wp-json\/wp\/v2\/coauthors?post=37647"}],"curies":[{"name":"wp","href":"https:\/\/api.w.org\/{rel}","templated":true}]}}