{"id":37558,"date":"2017-07-10T05:50:53","date_gmt":"2017-07-09T19:50:53","guid":{"rendered":"https:\/\/www.fluencecorp.com\/about\/"},"modified":"2020-09-13T06:49:36","modified_gmt":"2020-09-12T20:49:36","slug":"sobre-nosotros","status":"publish","type":"page","link":"https:\/\/www.fluencecorp.com\/es\/sobre-nosotros\/","title":{"rendered":"About"},"content":{"rendered":"<p>[et_pb_section fb_built=\u00bb1&#8243; _builder_version=\u00bb3.22&#8243; background_color=\u00bb#f4f4f4&#8243; background_blend=\u00bbmultiply\u00bb custom_padding=\u00bb0px||0px|\u00bb da_disable_devices=\u00bboff|off|off\u00bb da_is_popup=\u00bboff\u00bb da_exit_intent=\u00bboff\u00bb da_has_close=\u00bbon\u00bb da_alt_close=\u00bboff\u00bb da_dark_close=\u00bboff\u00bb da_not_modal=\u00bbon\u00bb da_is_singular=\u00bboff\u00bb da_with_loader=\u00bboff\u00bb da_has_shadow=\u00bbon\u00bb][et_pb_row _builder_version=\u00bb3.25&#8243; custom_margin=\u00bb0px||0px|\u00bb custom_padding=\u00bb0px||0px|\u00bb][et_pb_column type=\u00bb4_4&#8243; _builder_version=\u00bb3.25&#8243; background_position=\u00bbtop_left\u00bb custom_padding=\u00bb|||\u00bb custom_padding__hover=\u00bb|||\u00bb][et_pb_text admin_label=\u00bbHeader with Grey Background\u00bb _builder_version=\u00bb4.4.3&#8243; text_text_color=\u00bb#778591&#8243; text_font_size=\u00bb24&#8243; header_font=\u00bb|on|||\u00bb header_text_color=\u00bb#0b3a5d\u00bb header_font_size=\u00bb52px\u00bb custom_margin=\u00bb10px||10px|\u00bb custom_padding=\u00bb44px||44px|\u00bb text_font_size_tablet=\u00bb16&#8243; text_font_size_phone=\u00bb\u00bb text_font_size_last_edited=\u00bbon|phone\u00bb header_font_size_tablet=\u00bb35px\u00bb header_font_size_phone=\u00bb28px\u00bb header_font_size_last_edited=\u00bbon|phone\u00bb border_style=\u00bbsolid\u00bb]<\/p>\n<h1>Sobre Nosotros<\/h1>\n<p>Con m\u00e1s de 7.000 referencias en 60 pa\u00edses, Fluence est\u00e1 comprometida a convertirse en el l\u00edder mundial en soluciones de tratamiento descentralizado de agua y efluentes.[\/et_pb_text][\/et_pb_column][\/et_pb_row][\/et_pb_section][et_pb_section fb_built=\u00bb1&#8243; _builder_version=\u00bb3.22&#8243; custom_padding=\u00bb0px||0px|\u00bb da_disable_devices=\u00bboff|off|off\u00bb da_is_popup=\u00bboff\u00bb da_exit_intent=\u00bboff\u00bb da_has_close=\u00bbon\u00bb da_alt_close=\u00bboff\u00bb da_dark_close=\u00bboff\u00bb da_not_modal=\u00bbon\u00bb da_is_singular=\u00bboff\u00bb da_with_loader=\u00bboff\u00bb da_has_shadow=\u00bbon\u00bb][et_pb_row column_structure=\u00bb2_3,1_3&#8243; _builder_version=\u00bb3.25&#8243; background_size=\u00bbinitial\u00bb background_position=\u00bbtop_left\u00bb background_repeat=\u00bbrepeat\u00bb][et_pb_column type=\u00bb2_3&#8243; _builder_version=\u00bb3.25&#8243; custom_padding=\u00bb|||\u00bb custom_padding__hover=\u00bb|||\u00bb][et_pb_text admin_label=\u00bbMain Body Text\u00bb _builder_version=\u00bb4.2.2&#8243; border_style=\u00bbsolid\u00bb]En 2017, Fluence Corporation se cre\u00f3 despu\u00e9s de algunas fusiones y adquisiciones, para convertirse en un proveedor global l\u00edder de soluciones de tratamiento de aguas y efluentes, r\u00e1pidas de implementar, descentralizadas y paquetizadas. Con un equipo de 300 profesionales del agua altamente capacitados y con experiencia operando en docenas de pa\u00edses alrededor del mundo, Fluence brinda soluciones locales y sostenibles de tratamiento y re\u00faso donde sean requeridas.<\/p>\n<p>Con base de operaciones centrales en Am\u00e9rica del Norte, Am\u00e9rica del Sur, Medio Oriente y Europa, Fluence tiene miras en expandirse en el vasto mercado chino para el tratamiento de efluentes rurales.<\/p>\n<h3>Nuestra Misi\u00f3n<\/h3>\n<p>Fluence re\u00fane tecnolog\u00edas de avanzada de tratamiento de agua y plataformas de entrega de probada eficacia para optimizar el ciclo del agua en el siglo XXI. Brindamos al mercado intermedio soluciones de agua, efluentes y de re\u00faso que se pueden implementar de manera r\u00e1pida en cualquier parte del mundo, permitiendo a las empresas y comunidades aprovechar al m\u00e1ximo sus recursos h\u00eddricos.<\/p>\n<h3>Soluciones para el Ciclo de Agua Completo<\/h3>\n<p>Fluence ofrece un amplio rango de servicios que abarca todo el ciclo del agua, desde la evaluaci\u00f3n de la fuente de origen, pasando por el dise\u00f1o, su posterior entrega, soporte t\u00e9cnico continuo y optimizaci\u00f3n de los recursos relacionados con el agua. Nuestras soluciones incluyen:<\/p>\n<ul>\n<li>Tecnolog\u00eda de bajo consumo que reduce capex y opex<\/li>\n<li>Soluciones de tratamiento de agua descentralizada paquetizada y pre-dise\u00f1adas para r\u00e1pida instalaci\u00f3n.<\/li>\n<li>Paquetes de financiamiento a medida para financiar plantas de tratamiento de agua y efluentes<\/li>\n<li>Construcci\u00f3n y rendimiento de recursos h\u00eddricos en virtud de contratos de construcci\u00f3n-operaci\u00f3n-transferencia (BOT), alquileres de funcionamiento y financiamiento y re\u00faso-como-un-servicio (RaaS)<\/li>\n<\/ul>\n<h3>\u00bfQu\u00e9 Nos Hace \u00danicos?<\/h3>\n<p>Fluence es l\u00edder global en soluciones de mediana envergadura de efluentes y aguas descentralizadas. Nos destacamos de la competencia por:<\/p>\n<ul>\n<li>Proporcionar soluciones de tratamiento altamente eficientes paquetizadas y pre-dise\u00f1adas<\/li>\n<li>Ofrecer una l\u00ednea de productos diferenciada<\/li>\n<li>Proporcionar profesionales de agua de alta calidad con experiencia internacional en el mercado descentralizado<\/li>\n<li>Cumplir con todos los aspectos de la cadena de valor de mercado en lo que respecta al agua<\/li>\n<\/ul>\n<h3>Base Instalada A Nivel Mundial<\/h3>\n<p>Con sede en Nueva York, Fluence cuenta con un personal global de 300 especialistas en agua altamente capacitados respaldados por un equipo directivo y de gesti\u00f3n experimentado y establecido. Tenemos m\u00e1s de 7,000 referencias en 60 pa\u00edses y nuestra expansi\u00f3n en el mercado de tratamiento de efluentes rurales en China es prueba de que nuestras soluciones sustentables son ideales para regiones con regulaciones ambientales estrictas.[\/et_pb_text][\/et_pb_column][et_pb_column type=\u00bb1_3&#8243; _builder_version=\u00bb3.25&#8243; custom_padding=\u00bb|||\u00bb custom_padding__hover=\u00bb|||\u00bb][et_pb_blurb title=\u00bb\u00bfDESAF\u00cdOS DE TRATAMIENTO DE AGUAS?\u00bb image=\u00bbhttps:\/\/www.fluencecorp.com\/wp-content\/uploads\/2017\/07\/water_treatment_02.svg\u00bb image_max_width=\u00bbnone\u00bb icon_font_size_tablet=\u00bb96px\u00bb icon_font_size_phone=\u00bb96px\u00bb admin_label=\u00bbWATER TREATMENT CHALLENGES &#8211; ES\u00bb module_class=\u00bbfluenceblurb\u00bb _builder_version=\u00bb3.0.87&#8243; header_font=\u00bb||||\u00bb body_font=\u00bb||||\u00bb text_orientation=\u00bbcenter\u00bb max_width_tablet=\u00bb80px\u00bb max_width_phone=\u00bb80px\u00bb custom_padding=\u00bb30px|20px|30px|20px\u00bb custom_padding_tablet=\u00bb30px|20px|30px|20px\u00bb custom_padding_phone=\u00bb30px|20px|30px|20px\u00bb animation=\u00bboff\u00bb header_font_size_tablet=\u00bb18&#8243; header_font_size_phone=\u00bb18&#8243; header_letter_spacing_tablet=\u00bb0px\u00bb header_letter_spacing_phone=\u00bb0px\u00bb header_line_height_tablet=\u00bb1em\u00bb header_line_height_phone=\u00bb1em\u00bb body_font_size_tablet=\u00bb14&#8243; body_font_size_phone=\u00bb14&#8243; body_letter_spacing_tablet=\u00bb0px\u00bb body_letter_spacing_phone=\u00bb0px\u00bb body_line_height_tablet=\u00bb1.7em\u00bb body_line_height_phone=\u00bb1.7em\u00bb border_width_all=\u00bb1px\u00bb border_color_all=\u00bb#7fc8bd\u00bb border_style_all=\u00bbsolid\u00bb use_border_color=\u00bbon\u00bb border_color=\u00bb#7fc8bd\u00bb border_width=\u00bb1px\u00bb border_style=\u00bbsolid\u00bb]\u00a1Estamos para ayudarlo! Contacte Fluence para conocer m\u00e1s sobre nuestras soluciones de tratamiento de aguas o discutir detalles espec\u00edficos de su proyecto.<\/p>\n<p><a class=\"et_pb_promo_button et_pb_button\" href=\"https:\/\/www.fluencecorp.com\/es\/contacto\/\">CONT\u00c1CTESE<\/a><br \/>\n[\/et_pb_blurb][et_pb_image src=\u00bbhttps:\/\/www.fluencecorp.com\/wp-content\/uploads\/2019\/11\/Design-Now-Widget-Blue-Spanish@2x.png?_t=1574451132&#8243; url=\u00bb\/design\/\u00bb admin_label=\u00bbdesignFluence Spanish Widget\u00bb _builder_version=\u00bb4.0.6&#8243; saved_tabs=\u00bball\u00bb locked=\u00bboff\u00bb][\/et_pb_image][et_pb_image src=\u00bbhttps:\/\/www.fluencecorp.com\/wp-content\/uploads\/2020\/09\/aladyr.png?_t=1599943528&#8243; title_text=\u00bbaladyr\u00bb align=\u00bbcenter\u00bb _builder_version=\u00bb4.6.1&#8243; _module_preset=\u00bbdefault\u00bb module_alignment=\u00bbcenter\u00bb hover_enabled=\u00bb0&#8243; sticky_enabled=\u00bb0&#8243;][\/et_pb_image][\/et_pb_column][\/et_pb_row][\/et_pb_section]<\/p>\n","protected":false},"excerpt":{"rendered":"<p>Sobre Nosotros Con m\u00e1s de 7.000 referencias en 60 pa\u00edses, Fluence est\u00e1 comprometida a convertirse en el l\u00edder mundial en soluciones de tratamiento descentralizado de agua y efluentes.En 2017, Fluence Corporation se cre\u00f3 despu\u00e9s de algunas fusiones y adquisiciones, para convertirse en un proveedor global l\u00edder de soluciones de tratamiento de aguas y efluentes, r\u00e1pidas [&hellip;]<\/p>\n","protected":false},"author":2,"featured_media":56490,"parent":0,"menu_order":0,"comment_status":"closed","ping_status":"closed","template":"","meta":{"_et_pb_use_builder":"on","_et_pb_old_content":"","_et_gb_content_width":"","_relevanssi_hide_post":"","_relevanssi_hide_content":"","_relevanssi_pin_for_all":"","_relevanssi_pin_keywords":"","_relevanssi_unpin_keywords":"","_relevanssi_related_keywords":"","_relevanssi_related_include_ids":"","_relevanssi_related_exclude_ids":"","_relevanssi_related_no_append":"","_relevanssi_related_not_related":"","_relevanssi_related_posts":"","_relevanssi_noindex_reason":"","inline_featured_image":false,"footnotes":"","_links_to":"","_links_to_target":""},"coauthors":[],"class_list":["post-37558","page","type-page","status-publish","has-post-thumbnail","hentry"],"yoast_head":"<!-- This site is optimized with the Yoast SEO plugin v27.4 - https:\/\/yoast.com\/product\/yoast-seo-wordpress\/ -->\n<title>Sobre Nosotros | Fluence<\/title>\n<meta name=\"description\" content=\"Con m\u00e1s de 7.000 referencias en 60 pa\u00edses, Fluence est\u00e1 comprometida a convertirse en el l\u00edder mundial en soluciones descentralizadas de tratamiento de aguas y efluentes.\" \/>\n<meta name=\"robots\" content=\"index, follow, max-snippet:-1, max-image-preview:large, max-video-preview:-1\" \/>\n<link rel=\"canonical\" href=\"https:\/\/www.fluencecorp.com\/es\/sobre-nosotros\/\" \/>\n<meta property=\"og:locale\" content=\"es_ES\" \/>\n<meta property=\"og:type\" content=\"article\" \/>\n<meta property=\"og:title\" content=\"Sobre Nosotros | Fluence\" \/>\n<meta property=\"og:description\" content=\"Con m\u00e1s de 7.000 referencias en 60 pa\u00edses, Fluence est\u00e1 comprometida a convertirse en el l\u00edder mundial en soluciones descentralizadas de tratamiento de aguas y efluentes.\" \/>\n<meta property=\"og:url\" content=\"https:\/\/www.fluencecorp.com\/es\/sobre-nosotros\/\" \/>\n<meta property=\"article:publisher\" content=\"https:\/\/www.facebook.com\/FluenceCorp\" \/>\n<meta property=\"article:modified_time\" content=\"2020-09-12T20:49:36+00:00\" \/>\n<meta property=\"og:image\" content=\"https:\/\/www.fluencecorp.com\/wp-content\/uploads\/2020\/04\/fluence-site-logo.png\" \/>\n\t<meta property=\"og:image:width\" content=\"512\" \/>\n\t<meta property=\"og:image:height\" content=\"512\" \/>\n\t<meta property=\"og:image:type\" content=\"image\/png\" \/>\n<meta name=\"twitter:card\" content=\"summary_large_image\" \/>\n<meta name=\"twitter:site\" content=\"@FluenceCorp\" \/>\n<meta name=\"twitter:label1\" content=\"Tiempo de lectura\" \/>\n\t<meta name=\"twitter:data1\" content=\"5 minutos\" \/>\n\t<meta name=\"twitter:label2\" content=\"Written by\" \/>\n\t<meta name=\"twitter:data2\" content=\"David Reich\" \/>\n<script type=\"application\/ld+json\" class=\"yoast-schema-graph\">{\"@context\":\"https:\\\/\\\/schema.org\",\"@graph\":[{\"@type\":\"WebPage\",\"@id\":\"https:\\\/\\\/www.fluencecorp.com\\\/es\\\/sobre-nosotros\\\/\",\"url\":\"https:\\\/\\\/www.fluencecorp.com\\\/es\\\/sobre-nosotros\\\/\",\"name\":\"Sobre Nosotros | Fluence\",\"isPartOf\":{\"@id\":\"https:\\\/\\\/www.fluencecorp.com\\\/es\\\/#website\"},\"primaryImageOfPage\":{\"@id\":\"https:\\\/\\\/www.fluencecorp.com\\\/es\\\/sobre-nosotros\\\/#primaryimage\"},\"image\":{\"@id\":\"https:\\\/\\\/www.fluencecorp.com\\\/es\\\/sobre-nosotros\\\/#primaryimage\"},\"thumbnailUrl\":\"https:\\\/\\\/www.fluencecorp.com\\\/wp-content\\\/uploads\\\/2020\\\/04\\\/fluence-site-logo.png\",\"datePublished\":\"2017-07-09T19:50:53+00:00\",\"dateModified\":\"2020-09-12T20:49:36+00:00\",\"description\":\"Con m\u00e1s de 7.000 referencias en 60 pa\u00edses, Fluence est\u00e1 comprometida a convertirse en el l\u00edder mundial en soluciones descentralizadas de tratamiento de aguas y efluentes.\",\"breadcrumb\":{\"@id\":\"https:\\\/\\\/www.fluencecorp.com\\\/es\\\/sobre-nosotros\\\/#breadcrumb\"},\"inLanguage\":\"es\",\"potentialAction\":[{\"@type\":\"ReadAction\",\"target\":[\"https:\\\/\\\/www.fluencecorp.com\\\/es\\\/sobre-nosotros\\\/\"]}]},{\"@type\":\"ImageObject\",\"inLanguage\":\"es\",\"@id\":\"https:\\\/\\\/www.fluencecorp.com\\\/es\\\/sobre-nosotros\\\/#primaryimage\",\"url\":\"https:\\\/\\\/www.fluencecorp.com\\\/wp-content\\\/uploads\\\/2020\\\/04\\\/fluence-site-logo.png\",\"contentUrl\":\"https:\\\/\\\/www.fluencecorp.com\\\/wp-content\\\/uploads\\\/2020\\\/04\\\/fluence-site-logo.png\",\"width\":512,\"height\":512},{\"@type\":\"BreadcrumbList\",\"@id\":\"https:\\\/\\\/www.fluencecorp.com\\\/es\\\/sobre-nosotros\\\/#breadcrumb\",\"itemListElement\":[{\"@type\":\"ListItem\",\"position\":1,\"name\":\"Home\",\"item\":\"https:\\\/\\\/www.fluencecorp.com\\\/es\\\/\"},{\"@type\":\"ListItem\",\"position\":2,\"name\":\"About\"}]},{\"@type\":\"WebSite\",\"@id\":\"https:\\\/\\\/www.fluencecorp.com\\\/es\\\/#website\",\"url\":\"https:\\\/\\\/www.fluencecorp.com\\\/es\\\/\",\"name\":\"Fluence Corporation\",\"description\":\"\",\"publisher\":{\"@id\":\"https:\\\/\\\/www.fluencecorp.com\\\/es\\\/#organization\"},\"potentialAction\":[{\"@type\":\"SearchAction\",\"target\":{\"@type\":\"EntryPoint\",\"urlTemplate\":\"https:\\\/\\\/www.fluencecorp.com\\\/es\\\/?s={search_term_string}\"},\"query-input\":{\"@type\":\"PropertyValueSpecification\",\"valueRequired\":true,\"valueName\":\"search_term_string\"}}],\"inLanguage\":\"es\"},{\"@type\":\"Organization\",\"@id\":\"https:\\\/\\\/www.fluencecorp.com\\\/es\\\/#organization\",\"name\":\"Fluence\",\"url\":\"https:\\\/\\\/www.fluencecorp.com\\\/es\\\/\",\"logo\":{\"@type\":\"ImageObject\",\"inLanguage\":\"es\",\"@id\":\"https:\\\/\\\/www.fluencecorp.com\\\/es\\\/#\\\/schema\\\/logo\\\/image\\\/\",\"url\":\"https:\\\/\\\/www.fluencecorp.com\\\/wp-content\\\/uploads\\\/2018\\\/03\\\/fluence-seo-logo.png\",\"contentUrl\":\"https:\\\/\\\/www.fluencecorp.com\\\/wp-content\\\/uploads\\\/2018\\\/03\\\/fluence-seo-logo.png\",\"width\":523,\"height\":181,\"caption\":\"Fluence\"},\"image\":{\"@id\":\"https:\\\/\\\/www.fluencecorp.com\\\/es\\\/#\\\/schema\\\/logo\\\/image\\\/\"},\"sameAs\":[\"https:\\\/\\\/www.facebook.com\\\/FluenceCorp\",\"https:\\\/\\\/x.com\\\/FluenceCorp\",\"https:\\\/\\\/www.linkedin.com\\\/company-beta\\\/18150486\\\/\"]}]}<\/script>\n<!-- \/ Yoast SEO plugin. -->","yoast_head_json":{"title":"Sobre Nosotros | Fluence","description":"Con m\u00e1s de 7.000 referencias en 60 pa\u00edses, Fluence est\u00e1 comprometida a convertirse en el l\u00edder mundial en soluciones descentralizadas de tratamiento de aguas y efluentes.","robots":{"index":"index","follow":"follow","max-snippet":"max-snippet:-1","max-image-preview":"max-image-preview:large","max-video-preview":"max-video-preview:-1"},"canonical":"https:\/\/www.fluencecorp.com\/es\/sobre-nosotros\/","og_locale":"es_ES","og_type":"article","og_title":"Sobre Nosotros | Fluence","og_description":"Con m\u00e1s de 7.000 referencias en 60 pa\u00edses, Fluence est\u00e1 comprometida a convertirse en el l\u00edder mundial en soluciones descentralizadas de tratamiento de aguas y efluentes.","og_url":"https:\/\/www.fluencecorp.com\/es\/sobre-nosotros\/","article_publisher":"https:\/\/www.facebook.com\/FluenceCorp","article_modified_time":"2020-09-12T20:49:36+00:00","og_image":[{"width":512,"height":512,"url":"https:\/\/www.fluencecorp.com\/wp-content\/uploads\/2020\/04\/fluence-site-logo.png","type":"image\/png"}],"twitter_card":"summary_large_image","twitter_site":"@FluenceCorp","twitter_misc":{"Tiempo de lectura":"5 minutos","Written by":"David Reich"},"schema":{"@context":"https:\/\/schema.org","@graph":[{"@type":"WebPage","@id":"https:\/\/www.fluencecorp.com\/es\/sobre-nosotros\/","url":"https:\/\/www.fluencecorp.com\/es\/sobre-nosotros\/","name":"Sobre Nosotros | Fluence","isPartOf":{"@id":"https:\/\/www.fluencecorp.com\/es\/#website"},"primaryImageOfPage":{"@id":"https:\/\/www.fluencecorp.com\/es\/sobre-nosotros\/#primaryimage"},"image":{"@id":"https:\/\/www.fluencecorp.com\/es\/sobre-nosotros\/#primaryimage"},"thumbnailUrl":"https:\/\/www.fluencecorp.com\/wp-content\/uploads\/2020\/04\/fluence-site-logo.png","datePublished":"2017-07-09T19:50:53+00:00","dateModified":"2020-09-12T20:49:36+00:00","description":"Con m\u00e1s de 7.000 referencias en 60 pa\u00edses, Fluence est\u00e1 comprometida a convertirse en el l\u00edder mundial en soluciones descentralizadas de tratamiento de aguas y efluentes.","breadcrumb":{"@id":"https:\/\/www.fluencecorp.com\/es\/sobre-nosotros\/#breadcrumb"},"inLanguage":"es","potentialAction":[{"@type":"ReadAction","target":["https:\/\/www.fluencecorp.com\/es\/sobre-nosotros\/"]}]},{"@type":"ImageObject","inLanguage":"es","@id":"https:\/\/www.fluencecorp.com\/es\/sobre-nosotros\/#primaryimage","url":"https:\/\/www.fluencecorp.com\/wp-content\/uploads\/2020\/04\/fluence-site-logo.png","contentUrl":"https:\/\/www.fluencecorp.com\/wp-content\/uploads\/2020\/04\/fluence-site-logo.png","width":512,"height":512},{"@type":"BreadcrumbList","@id":"https:\/\/www.fluencecorp.com\/es\/sobre-nosotros\/#breadcrumb","itemListElement":[{"@type":"ListItem","position":1,"name":"Home","item":"https:\/\/www.fluencecorp.com\/es\/"},{"@type":"ListItem","position":2,"name":"About"}]},{"@type":"WebSite","@id":"https:\/\/www.fluencecorp.com\/es\/#website","url":"https:\/\/www.fluencecorp.com\/es\/","name":"Fluence Corporation","description":"","publisher":{"@id":"https:\/\/www.fluencecorp.com\/es\/#organization"},"potentialAction":[{"@type":"SearchAction","target":{"@type":"EntryPoint","urlTemplate":"https:\/\/www.fluencecorp.com\/es\/?s={search_term_string}"},"query-input":{"@type":"PropertyValueSpecification","valueRequired":true,"valueName":"search_term_string"}}],"inLanguage":"es"},{"@type":"Organization","@id":"https:\/\/www.fluencecorp.com\/es\/#organization","name":"Fluence","url":"https:\/\/www.fluencecorp.com\/es\/","logo":{"@type":"ImageObject","inLanguage":"es","@id":"https:\/\/www.fluencecorp.com\/es\/#\/schema\/logo\/image\/","url":"https:\/\/www.fluencecorp.com\/wp-content\/uploads\/2018\/03\/fluence-seo-logo.png","contentUrl":"https:\/\/www.fluencecorp.com\/wp-content\/uploads\/2018\/03\/fluence-seo-logo.png","width":523,"height":181,"caption":"Fluence"},"image":{"@id":"https:\/\/www.fluencecorp.com\/es\/#\/schema\/logo\/image\/"},"sameAs":["https:\/\/www.facebook.com\/FluenceCorp","https:\/\/x.com\/FluenceCorp","https:\/\/www.linkedin.com\/company-beta\/18150486\/"]}]}},"_links":{"self":[{"href":"https:\/\/www.fluencecorp.com\/es\/wp-json\/wp\/v2\/pages\/37558","targetHints":{"allow":["GET"]}}],"collection":[{"href":"https:\/\/www.fluencecorp.com\/es\/wp-json\/wp\/v2\/pages"}],"about":[{"href":"https:\/\/www.fluencecorp.com\/es\/wp-json\/wp\/v2\/types\/page"}],"author":[{"embeddable":true,"href":"https:\/\/www.fluencecorp.com\/es\/wp-json\/wp\/v2\/users\/2"}],"replies":[{"embeddable":true,"href":"https:\/\/www.fluencecorp.com\/es\/wp-json\/wp\/v2\/comments?post=37558"}],"version-history":[{"count":0,"href":"https:\/\/www.fluencecorp.com\/es\/wp-json\/wp\/v2\/pages\/37558\/revisions"}],"wp:featuredmedia":[{"embeddable":true,"href":"https:\/\/www.fluencecorp.com\/es\/wp-json\/wp\/v2\/media\/56490"}],"wp:attachment":[{"href":"https:\/\/www.fluencecorp.com\/es\/wp-json\/wp\/v2\/media?parent=37558"}],"wp:term":[{"taxonomy":"author","embeddable":true,"href":"https:\/\/www.fluencecorp.com\/es\/wp-json\/wp\/v2\/coauthors?post=37558"}],"curies":[{"name":"wp","href":"https:\/\/api.w.org\/{rel}","templated":true}]}}