{"id":37426,"date":"2021-06-01T23:00:04","date_gmt":"2021-06-01T13:00:04","guid":{"rendered":"https:\/\/www.fluencecorp.com\/board-of-directors\/"},"modified":"2025-02-14T03:35:26","modified_gmt":"2025-02-13T16:35:26","slug":"junta-directiva","status":"publish","type":"page","link":"https:\/\/www.fluencecorp.com\/es\/junta-directiva\/","title":{"rendered":"About &#8211; Board of Directors"},"content":{"rendered":"<p>[et_pb_section fb_built=\u00bb1&#8243; _builder_version=\u00bb4.16&#8243; background_color=\u00bb#f4f4f4&#8243; custom_padding=\u00bb20px||60px|\u00bb da_disable_devices=\u00bboff|off|off\u00bb global_colors_info=\u00bb{}\u00bb da_is_popup=\u00bboff\u00bb da_exit_intent=\u00bboff\u00bb da_has_close=\u00bbon\u00bb da_alt_close=\u00bboff\u00bb da_dark_close=\u00bboff\u00bb da_not_modal=\u00bbon\u00bb da_is_singular=\u00bboff\u00bb da_with_loader=\u00bboff\u00bb da_has_shadow=\u00bbon\u00bb][et_pb_row _builder_version=\u00bb4.16&#8243; background_size=\u00bbinitial\u00bb background_position=\u00bbtop_left\u00bb background_repeat=\u00bbrepeat\u00bb custom_padding=\u00bb30px||10px|\u00bb global_colors_info=\u00bb{}\u00bb][et_pb_column type=\u00bb4_4&#8243; _builder_version=\u00bb4.16&#8243; custom_padding=\u00bb|||\u00bb global_colors_info=\u00bb{}\u00bb custom_padding__hover=\u00bb|||\u00bb][et_pb_text _builder_version=\u00bb4.16&#8243; header_font=\u00bb|on|||\u00bb header_text_color=\u00bb#0b3a5d\u00bb header_font_size=\u00bb52px\u00bb text_orientation=\u00bbcenter\u00bb module_alignment=\u00bbcenter\u00bb custom_margin=\u00bb0px||0px|\u00bb custom_padding=\u00bb0px||0px|\u00bb header_font_size_tablet=\u00bb35px\u00bb header_font_size_phone=\u00bb28px\u00bb header_font_size_last_edited=\u00bbon|phone\u00bb border_style=\u00bbsolid\u00bb global_colors_info=\u00bb{}\u00bb]<\/p>\n<h1>Junta Directiva<\/h1>\n<p>[\/et_pb_text][\/et_pb_column][\/et_pb_row][et_pb_row column_structure=\u00bb1_2,1_2&#8243; use_custom_gutter=\u00bbon\u00bb gutter_width=\u00bb2&#8243; _builder_version=\u00bb4.16&#8243; global_colors_info=\u00bb{}\u00bb][et_pb_column type=\u00bb1_2&#8243; _builder_version=\u00bb4.16&#8243; background_position=\u00bbtop_left\u00bb custom_padding=\u00bb|||\u00bb global_colors_info=\u00bb{}\u00bb custom_padding__hover=\u00bb|||\u00bb][et_pb_team_member name=\u00bbDoug Brown\u00bb position=\u00bbDirector\u00bb image_url=\u00bbhttps:\/\/www.fluencecorp.com\/wp-content\/uploads\/2023\/03\/Doug-Brown-photo.png\u00bb admin_label=\u00bbRichard Irving\u00bb _builder_version=\u00bb4.20.2&#8243; position_font=\u00bb|||on|||||\u00bb background_color=\u00bb#ffffff\u00bb custom_padding=\u00bb30px|30px|30px|30px\u00bb locked=\u00bboff\u00bb global_colors_info=\u00bb{}\u00bb]Brown es uno de los pocos altos ejecutivos reconocidos a nivel mundial que ha liderado m\u00faltiples salidas exitosas de miles de millones de d\u00f3lares en el espacio del agua. Fue fundador, presidente y CEO de AquaVenture Holdings, que llev\u00f3 a una cotizaci\u00f3n en la Bolsa de Nueva York (\u00abNYSE\u00bb) en 2016 y posteriormente vendi\u00f3 a Culligan Water por US$ 1.200 millones en 2020 mientras se desempe\u00f1aba como presidente. Brown tambi\u00e9n fue CEO de Seven Seas Water, un negocio de AquaVenture Holdings. Anteriormente fue CEO de Ionics, Inc., que cotiza en la Bolsa de Nueva York, que fue adquirida por GE Water por 1.300 millones de d\u00f3lares en 2005. Antes de Ionics, el Sr. Brown fue CEO de Advent International, una firma global de capital privado. La experiencia del Sr. Brown abarca los Estados Unidos, Europa, Am\u00e9rica del Sur, Oriente Medio, el Caribe, \u00c1frica y el sudeste asi\u00e1tico.[\/et_pb_team_member][et_pb_team_member name=\u00bbMelanie Leydin\u00bb position=\u00bbSecretaria General\u00bb image_url=\u00bbhttps:\/\/www.fluencecorp.com\/wp-content\/uploads\/2021\/01\/Melanie-Leydin.png?_t=1609620156&#8243; disabled_on=\u00bboff|off|off\u00bb admin_label=\u00bbMelanie Leydin\u00bb _builder_version=\u00bb4.16&#8243; position_font=\u00bb|||on|||||\u00bb background_color=\u00bb#ffffff\u00bb custom_padding=\u00bb30px|30px|30px|30px\u00bb border_style=\u00bbsolid\u00bb locked=\u00bboff\u00bb global_colors_info=\u00bb{}\u00bb]Melanie Leydin se desempe\u00f1a como Secretaria General en Fluence Corporation.  Contadora Colegiada y Auditora Registrada de la Compa\u00f1\u00eda, la Sra. Leydin tiene 25 a\u00f1os de experiencia en la profesi\u00f3n contable y 20 a\u00f1os de experiencia en servicios de secretar\u00eda empresarial. La se\u00f1ora Leydin es cofundadora de Leydin Freyer, una firma l\u00edder en servicios de secretar\u00eda empresarial y contabilidad externa con sede en Melbourne, Australia.<\/p>\n<p>Sra. Leydin obtuvo una licenciatura en Contabilidad Empresarial y Derecho Corporativo en la Universidad de Swinburne. Tambi\u00e9n es miembro del Governance Institute of Australia, una asociaci\u00f3n profesional independiente de secretarios generales, asesores de gobernanza y gestores de riesgos en Australia, comprometida con la promoci\u00f3n de pr\u00e1cticas s\u00f3lidas en gobernanza y gesti\u00f3n de riesgos.[\/et_pb_team_member][et_pb_team_member name=\u00bbMel Ashton\u00bb position=\u00bbDirector No Ejecutivo\u00bb image_url=\u00bbhttps:\/\/www.fluencecorp.com\/wp-content\/uploads\/2023\/08\/Mel-Ashton-03.png\u00bb admin_label=\u00bbPaul Donnelly\u00bb _builder_version=\u00bb4.27.0&#8243; position_font=\u00bb|||on|||||\u00bb background_color=\u00bb#ffffff\u00bb custom_padding=\u00bb30px|30px|30px|30px\u00bb border_style=\u00bbsolid\u00bb global_colors_info=\u00bb{}\u00bb] Mel Ashton es un exmiembro de los Chartered Accountants Australia and New Zealand (CAANZ) y un exmiembro del Instituto Australiano de Directores de Empresas (AICD), especializado en finanzas corporativas y reestructuraci\u00f3n, con m\u00e1s de 40 a\u00f1os de experiencia variada.<\/p>\n<p>Mel Ashton es el expresidente de Cullen Wines (Australia) Pty Ltd, exdirector de The Hawaiian Group, y exdirector general interino del Royal Flying Doctor Service en Australia Occidental.<\/p>\n<p>Tambi\u00e9n ha sido presidente y director de CAANZ, y vicepresidente y director del Fremantle Football Club Ltd, que posee la licencia de la Liga de F\u00fatbol Australiana para los Fremantle Dockers. Mel Ashton tiene una licenciatura en Comercio de la Universidad de Australia Occidental. En 2019, Mel recibi\u00f3 un Premio al Servicio Meritorio, que reconoce una contribuci\u00f3n sobresaliente a CAANZ y a la profesi\u00f3n contable.[\/et_pb_team_member][\/et_pb_column][et_pb_column type=\u00bb1_2&#8243; _builder_version=\u00bb4.16&#8243; background_position=\u00bbtop_left\u00bb custom_padding=\u00bb|||\u00bb global_colors_info=\u00bb{}\u00bb custom_padding__hover=\u00bb|||\u00bb][et_pb_team_member name=\u00bbTom Pokorsky\u00bb position=\u00bbCEO Y DIRECTOR GENERAL\u00bb image_url=\u00bbhttps:\/\/www.fluencecorp.com\/wp-content\/uploads\/2022\/03\/Tom-Pokorsky.jpg\u00bb admin_label=\u00bbTom Pokorsky\u00bb _builder_version=\u00bb4.27.0&#8243; position_font=\u00bb|||on|||||\u00bb background_color=\u00bb#ffffff\u00bb custom_padding=\u00bb30px|30px|30px|30px\u00bb locked=\u00bboff\u00bb global_colors_info=\u00bb{}\u00bb]Tom Pokorsky es CEO y Director General de Fluence Corporation. El Sr. Pokorsky tiene 35 a\u00f1os de exitosa experiencia ejecutiva en la industria del agua, incluyendo 15 a\u00f1os como CEO trabajando en Am\u00e9rica del Norte, con actividad en Europa, China e Israel. El Sr. Pokorsky ha dirigido empresas p\u00fablicas y privadas, logrando rendimientos de 5\u201310x con TIRs (Tasas Internas de Rentabilidad- IRRs por sus siglas en ingl\u00e9s) de hasta el 50%. Fund\u00f3 y cultiv\u00f3 Nexom en el sector de aguas residuales, con un crecimiento anual de los ingresos del 25% y un crecimiento del EBITDA del 50%, lo cual llev\u00f3 a la venta de la compa\u00f1\u00eda a KKR. En Water Pollution Control Corporation (m\u00e1s tarde \u00abSanitaire\u00bb), Tom duplic\u00f3 los ingresos y las ganancias, negoci\u00f3 su venta a ITT Industries, y luego hizo crecer su grupo de Tratamiento Avanzado de Agua (ahora parte de Xylem) de $60 millones a $350 millones en cuatro a\u00f1os, incluyendo $100 millones en crecimiento org\u00e1nico y cinco adquisiciones exitosas en tres continentes.[\/et_pb_team_member][et_pb_team_member name=\u00bbPaul Donnelly\u00bb position=\u00bbDirector No Ejecutivo\u00bb image_url=\u00bbhttps:\/\/www.fluencecorp.com\/wp-content\/uploads\/2018\/08\/paul-donnelly.png\u00bb admin_label=\u00bbPaul Donnelly\u00bb _builder_version=\u00bb4.16&#8243; position_font=\u00bb|||on|||||\u00bb background_color=\u00bb#ffffff\u00bb custom_padding=\u00bb30px|30px|30px|30px\u00bb border_style=\u00bbsolid\u00bb global_colors_info=\u00bb{}\u00bb]Paul Donnelly se desempe\u00f1a como Director No Ejecutivo de Fluence Corporation. El Sr. Donnelly es un ejecutivo de servicios financieros logrado con experiencia internacional en todos los aspectos de los mercados de capital.<\/p>\n<p>El Sr. Donnelly es Director Ejecutivo de Flagstaff Partners, una firma independiente de asesor\u00eda corporativa.<\/p>\n<p>Anteriormente, el Sr. Donnelly fue Director Ejecutivo en Macquarie Capital, donde trabaj\u00f3 durante 25 a\u00f1os en varios cargos, incluyendo Presidente y CEO de las operaciones canadienses de Macquarie, y Director Global de la Cartera de Acciones y Mercados de Capitales de Deuda.<\/p>\n<p>El Sr. Donnelly tiene una amplia gama de experiencia en banca de inversi\u00f3n, en Australia y a nivel internacional, con habilidades particulares en los mercados de capital. A lo largo de sus treinta a\u00f1os de carrera ha reunido una profunda experiencia operacional asesorando en transacciones significativas y complejas para las principales empresas australianas e internacionales.[\/et_pb_team_member][et_pb_team_member name=\u00bbNikolaus Oldendorff\u00bb position=\u00bbDirector No Ejecutivo\u00bb image_url=\u00bbhttps:\/\/www.fluencecorp.com\/wp-content\/uploads\/2024\/08\/Nikolaus-Oldendorff-photo.png\u00bb admin_label=\u00bbPaul Donnelly\u00bb _builder_version=\u00bb4.27.0&#8243; position_font=\u00bb|||on|||||\u00bb background_color=\u00bb#ffffff\u00bb custom_padding=\u00bb30px|30px|30px|30px\u00bb border_style=\u00bbsolid\u00bb locked=\u00bboff\u00bb global_colors_info=\u00bb{}\u00bb] Nikolaus Oldendorff trabaja como director general de Reederei Nord GmbH en Alemania, empresa que actualmente opera alrededor de 35 buques en el transporte de crudo y productos derivados del petr\u00f3leo, diversos productos a granel seco y el transporte de contenedores. Tambi\u00e9n est\u00e1 involucrado como inversor en start-ups y capital de riesgo, y ocupa varios puestos en juntas directivas en todo el mundo. Nikolaus obtuvo una maestr\u00eda en la CASS Business School en Londres.[\/et_pb_team_member][\/et_pb_column][\/et_pb_row][\/et_pb_section]<\/p>\n","protected":false},"excerpt":{"rendered":"<p>Junta Directiva Brown es uno de los pocos altos ejecutivos reconocidos a nivel mundial que ha liderado m\u00faltiples salidas exitosas de miles de millones de d\u00f3lares en el espacio del agua. Fue fundador, presidente y CEO de AquaVenture Holdings, que llev\u00f3 a una cotizaci\u00f3n en la Bolsa de Nueva York (\u00abNYSE\u00bb) en 2016 y posteriormente [&hellip;]<\/p>\n","protected":false},"author":1,"featured_media":34671,"parent":0,"menu_order":0,"comment_status":"closed","ping_status":"closed","template":"","meta":{"_et_pb_use_builder":"on","_et_pb_old_content":"","_et_gb_content_width":"","_relevanssi_hide_post":"","_relevanssi_hide_content":"","_relevanssi_pin_for_all":"","_relevanssi_pin_keywords":"","_relevanssi_unpin_keywords":"","_relevanssi_related_keywords":"","_relevanssi_related_include_ids":"","_relevanssi_related_exclude_ids":"","_relevanssi_related_no_append":"","_relevanssi_related_not_related":"","_relevanssi_related_posts":"","_relevanssi_noindex_reason":"","inline_featured_image":false,"footnotes":"","_links_to":"","_links_to_target":""},"coauthors":[239,266],"class_list":["post-37426","page","type-page","status-publish","has-post-thumbnail","hentry"],"yoast_head":"<!-- This site is optimized with the Yoast SEO plugin v27.3 - https:\/\/yoast.com\/product\/yoast-seo-wordpress\/ -->\n<title>Junta Directiva | Fluence<\/title>\n<meta name=\"robots\" content=\"index, follow, max-snippet:-1, max-image-preview:large, max-video-preview:-1\" \/>\n<link rel=\"canonical\" href=\"https:\/\/www.fluencecorp.com\/es\/junta-directiva\/\" \/>\n<meta property=\"og:locale\" content=\"es_ES\" \/>\n<meta property=\"og:type\" content=\"article\" \/>\n<meta property=\"og:title\" content=\"Junta Directiva | Fluence\" \/>\n<meta property=\"og:description\" content=\"Junta Directiva Brown es uno de los pocos altos ejecutivos reconocidos a nivel mundial que ha liderado m\u00faltiples salidas exitosas de miles de millones de d\u00f3lares en el espacio del agua. Fue fundador, presidente y CEO de AquaVenture Holdings, que llev\u00f3 a una cotizaci\u00f3n en la Bolsa de Nueva York (&quot;NYSE&quot;) en 2016 y posteriormente [&hellip;]\" \/>\n<meta property=\"og:url\" content=\"https:\/\/www.fluencecorp.com\/es\/junta-directiva\/\" \/>\n<meta property=\"article:publisher\" content=\"https:\/\/www.facebook.com\/FluenceCorp\" \/>\n<meta property=\"article:modified_time\" content=\"2025-02-13T16:35:26+00:00\" \/>\n<meta name=\"twitter:card\" content=\"summary_large_image\" \/>\n<meta name=\"twitter:site\" content=\"@FluenceCorp\" \/>\n<meta name=\"twitter:label1\" content=\"Tiempo de lectura\" \/>\n\t<meta name=\"twitter:data1\" content=\"7 minutos\" \/>\n\t<meta name=\"twitter:label2\" content=\"Written by\" \/>\n\t<meta name=\"twitter:data2\" content=\"sysop\" \/>\n<script type=\"application\/ld+json\" class=\"yoast-schema-graph\">{\"@context\":\"https:\\\/\\\/schema.org\",\"@graph\":[{\"@type\":\"WebPage\",\"@id\":\"https:\\\/\\\/www.fluencecorp.com\\\/es\\\/junta-directiva\\\/\",\"url\":\"https:\\\/\\\/www.fluencecorp.com\\\/es\\\/junta-directiva\\\/\",\"name\":\"Junta Directiva | Fluence\",\"isPartOf\":{\"@id\":\"https:\\\/\\\/www.fluencecorp.com\\\/es\\\/#website\"},\"primaryImageOfPage\":{\"@id\":\"https:\\\/\\\/www.fluencecorp.com\\\/es\\\/junta-directiva\\\/#primaryimage\"},\"image\":{\"@id\":\"https:\\\/\\\/www.fluencecorp.com\\\/es\\\/junta-directiva\\\/#primaryimage\"},\"thumbnailUrl\":\"https:\\\/\\\/www.fluencecorp.com\\\/wp-content\\\/uploads\\\/2017\\\/07\\\/fluencelogo-1.svg\",\"datePublished\":\"2021-06-01T13:00:04+00:00\",\"dateModified\":\"2025-02-13T16:35:26+00:00\",\"breadcrumb\":{\"@id\":\"https:\\\/\\\/www.fluencecorp.com\\\/es\\\/junta-directiva\\\/#breadcrumb\"},\"inLanguage\":\"es\",\"potentialAction\":[{\"@type\":\"ReadAction\",\"target\":[\"https:\\\/\\\/www.fluencecorp.com\\\/es\\\/junta-directiva\\\/\"]}]},{\"@type\":\"ImageObject\",\"inLanguage\":\"es\",\"@id\":\"https:\\\/\\\/www.fluencecorp.com\\\/es\\\/junta-directiva\\\/#primaryimage\",\"url\":\"https:\\\/\\\/www.fluencecorp.com\\\/wp-content\\\/uploads\\\/2017\\\/07\\\/fluencelogo-1.svg\",\"contentUrl\":\"https:\\\/\\\/www.fluencecorp.com\\\/wp-content\\\/uploads\\\/2017\\\/07\\\/fluencelogo-1.svg\"},{\"@type\":\"BreadcrumbList\",\"@id\":\"https:\\\/\\\/www.fluencecorp.com\\\/es\\\/junta-directiva\\\/#breadcrumb\",\"itemListElement\":[{\"@type\":\"ListItem\",\"position\":1,\"name\":\"Home\",\"item\":\"https:\\\/\\\/www.fluencecorp.com\\\/es\\\/\"},{\"@type\":\"ListItem\",\"position\":2,\"name\":\"About &#8211; Board of Directors\"}]},{\"@type\":\"WebSite\",\"@id\":\"https:\\\/\\\/www.fluencecorp.com\\\/es\\\/#website\",\"url\":\"https:\\\/\\\/www.fluencecorp.com\\\/es\\\/\",\"name\":\"Fluence Corporation\",\"description\":\"\",\"publisher\":{\"@id\":\"https:\\\/\\\/www.fluencecorp.com\\\/es\\\/#organization\"},\"potentialAction\":[{\"@type\":\"SearchAction\",\"target\":{\"@type\":\"EntryPoint\",\"urlTemplate\":\"https:\\\/\\\/www.fluencecorp.com\\\/es\\\/?s={search_term_string}\"},\"query-input\":{\"@type\":\"PropertyValueSpecification\",\"valueRequired\":true,\"valueName\":\"search_term_string\"}}],\"inLanguage\":\"es\"},{\"@type\":\"Organization\",\"@id\":\"https:\\\/\\\/www.fluencecorp.com\\\/es\\\/#organization\",\"name\":\"Fluence\",\"url\":\"https:\\\/\\\/www.fluencecorp.com\\\/es\\\/\",\"logo\":{\"@type\":\"ImageObject\",\"inLanguage\":\"es\",\"@id\":\"https:\\\/\\\/www.fluencecorp.com\\\/es\\\/#\\\/schema\\\/logo\\\/image\\\/\",\"url\":\"https:\\\/\\\/www.fluencecorp.com\\\/wp-content\\\/uploads\\\/2018\\\/03\\\/fluence-seo-logo.png\",\"contentUrl\":\"https:\\\/\\\/www.fluencecorp.com\\\/wp-content\\\/uploads\\\/2018\\\/03\\\/fluence-seo-logo.png\",\"width\":523,\"height\":181,\"caption\":\"Fluence\"},\"image\":{\"@id\":\"https:\\\/\\\/www.fluencecorp.com\\\/es\\\/#\\\/schema\\\/logo\\\/image\\\/\"},\"sameAs\":[\"https:\\\/\\\/www.facebook.com\\\/FluenceCorp\",\"https:\\\/\\\/x.com\\\/FluenceCorp\",\"https:\\\/\\\/www.linkedin.com\\\/company-beta\\\/18150486\\\/\"]}]}<\/script>\n<!-- \/ Yoast SEO plugin. -->","yoast_head_json":{"title":"Junta Directiva | Fluence","robots":{"index":"index","follow":"follow","max-snippet":"max-snippet:-1","max-image-preview":"max-image-preview:large","max-video-preview":"max-video-preview:-1"},"canonical":"https:\/\/www.fluencecorp.com\/es\/junta-directiva\/","og_locale":"es_ES","og_type":"article","og_title":"Junta Directiva | Fluence","og_description":"Junta Directiva Brown es uno de los pocos altos ejecutivos reconocidos a nivel mundial que ha liderado m\u00faltiples salidas exitosas de miles de millones de d\u00f3lares en el espacio del agua. Fue fundador, presidente y CEO de AquaVenture Holdings, que llev\u00f3 a una cotizaci\u00f3n en la Bolsa de Nueva York (\"NYSE\") en 2016 y posteriormente [&hellip;]","og_url":"https:\/\/www.fluencecorp.com\/es\/junta-directiva\/","article_publisher":"https:\/\/www.facebook.com\/FluenceCorp","article_modified_time":"2025-02-13T16:35:26+00:00","twitter_card":"summary_large_image","twitter_site":"@FluenceCorp","twitter_misc":{"Tiempo de lectura":"7 minutos","Written by":"sysop"},"schema":{"@context":"https:\/\/schema.org","@graph":[{"@type":"WebPage","@id":"https:\/\/www.fluencecorp.com\/es\/junta-directiva\/","url":"https:\/\/www.fluencecorp.com\/es\/junta-directiva\/","name":"Junta Directiva | Fluence","isPartOf":{"@id":"https:\/\/www.fluencecorp.com\/es\/#website"},"primaryImageOfPage":{"@id":"https:\/\/www.fluencecorp.com\/es\/junta-directiva\/#primaryimage"},"image":{"@id":"https:\/\/www.fluencecorp.com\/es\/junta-directiva\/#primaryimage"},"thumbnailUrl":"https:\/\/www.fluencecorp.com\/wp-content\/uploads\/2017\/07\/fluencelogo-1.svg","datePublished":"2021-06-01T13:00:04+00:00","dateModified":"2025-02-13T16:35:26+00:00","breadcrumb":{"@id":"https:\/\/www.fluencecorp.com\/es\/junta-directiva\/#breadcrumb"},"inLanguage":"es","potentialAction":[{"@type":"ReadAction","target":["https:\/\/www.fluencecorp.com\/es\/junta-directiva\/"]}]},{"@type":"ImageObject","inLanguage":"es","@id":"https:\/\/www.fluencecorp.com\/es\/junta-directiva\/#primaryimage","url":"https:\/\/www.fluencecorp.com\/wp-content\/uploads\/2017\/07\/fluencelogo-1.svg","contentUrl":"https:\/\/www.fluencecorp.com\/wp-content\/uploads\/2017\/07\/fluencelogo-1.svg"},{"@type":"BreadcrumbList","@id":"https:\/\/www.fluencecorp.com\/es\/junta-directiva\/#breadcrumb","itemListElement":[{"@type":"ListItem","position":1,"name":"Home","item":"https:\/\/www.fluencecorp.com\/es\/"},{"@type":"ListItem","position":2,"name":"About &#8211; Board of Directors"}]},{"@type":"WebSite","@id":"https:\/\/www.fluencecorp.com\/es\/#website","url":"https:\/\/www.fluencecorp.com\/es\/","name":"Fluence Corporation","description":"","publisher":{"@id":"https:\/\/www.fluencecorp.com\/es\/#organization"},"potentialAction":[{"@type":"SearchAction","target":{"@type":"EntryPoint","urlTemplate":"https:\/\/www.fluencecorp.com\/es\/?s={search_term_string}"},"query-input":{"@type":"PropertyValueSpecification","valueRequired":true,"valueName":"search_term_string"}}],"inLanguage":"es"},{"@type":"Organization","@id":"https:\/\/www.fluencecorp.com\/es\/#organization","name":"Fluence","url":"https:\/\/www.fluencecorp.com\/es\/","logo":{"@type":"ImageObject","inLanguage":"es","@id":"https:\/\/www.fluencecorp.com\/es\/#\/schema\/logo\/image\/","url":"https:\/\/www.fluencecorp.com\/wp-content\/uploads\/2018\/03\/fluence-seo-logo.png","contentUrl":"https:\/\/www.fluencecorp.com\/wp-content\/uploads\/2018\/03\/fluence-seo-logo.png","width":523,"height":181,"caption":"Fluence"},"image":{"@id":"https:\/\/www.fluencecorp.com\/es\/#\/schema\/logo\/image\/"},"sameAs":["https:\/\/www.facebook.com\/FluenceCorp","https:\/\/x.com\/FluenceCorp","https:\/\/www.linkedin.com\/company-beta\/18150486\/"]}]}},"_links":{"self":[{"href":"https:\/\/www.fluencecorp.com\/es\/wp-json\/wp\/v2\/pages\/37426","targetHints":{"allow":["GET"]}}],"collection":[{"href":"https:\/\/www.fluencecorp.com\/es\/wp-json\/wp\/v2\/pages"}],"about":[{"href":"https:\/\/www.fluencecorp.com\/es\/wp-json\/wp\/v2\/types\/page"}],"author":[{"embeddable":true,"href":"https:\/\/www.fluencecorp.com\/es\/wp-json\/wp\/v2\/users\/1"}],"replies":[{"embeddable":true,"href":"https:\/\/www.fluencecorp.com\/es\/wp-json\/wp\/v2\/comments?post=37426"}],"version-history":[{"count":0,"href":"https:\/\/www.fluencecorp.com\/es\/wp-json\/wp\/v2\/pages\/37426\/revisions"}],"wp:featuredmedia":[{"embeddable":true,"href":"https:\/\/www.fluencecorp.com\/es\/wp-json\/wp\/v2\/media\/34671"}],"wp:attachment":[{"href":"https:\/\/www.fluencecorp.com\/es\/wp-json\/wp\/v2\/media?parent=37426"}],"wp:term":[{"taxonomy":"author","embeddable":true,"href":"https:\/\/www.fluencecorp.com\/es\/wp-json\/wp\/v2\/coauthors?post=37426"}],"curies":[{"name":"wp","href":"https:\/\/api.w.org\/{rel}","templated":true}]}}