{"id":37421,"date":"2018-07-29T08:00:01","date_gmt":"2018-07-28T22:00:01","guid":{"rendered":"https:\/\/www.fluencecorp.com\/management-team\/"},"modified":"2024-03-02T08:02:02","modified_gmt":"2024-03-01T21:02:02","slug":"equipo-de-directivos","status":"publish","type":"page","link":"https:\/\/www.fluencecorp.com\/es\/equipo-de-directivos\/","title":{"rendered":"About &#8211; Management Team"},"content":{"rendered":"<p>[et_pb_section fb_built=\u00bb1&#8243; _builder_version=\u00bb4.16&#8243; background_color=\u00bb#f4f4f4&#8243; custom_padding=\u00bb20px||20px|\u00bb da_disable_devices=\u00bboff|off|off\u00bb global_colors_info=\u00bb{}\u00bb da_is_popup=\u00bboff\u00bb da_exit_intent=\u00bboff\u00bb da_has_close=\u00bbon\u00bb da_alt_close=\u00bboff\u00bb da_dark_close=\u00bboff\u00bb da_not_modal=\u00bbon\u00bb da_is_singular=\u00bboff\u00bb da_with_loader=\u00bboff\u00bb da_has_shadow=\u00bbon\u00bb][et_pb_row _builder_version=\u00bb4.16&#8243; background_size=\u00bbinitial\u00bb background_position=\u00bbtop_left\u00bb background_repeat=\u00bbrepeat\u00bb global_colors_info=\u00bb{}\u00bb][et_pb_column type=\u00bb4_4&#8243; _builder_version=\u00bb4.16&#8243; custom_padding=\u00bb|||\u00bb global_colors_info=\u00bb{}\u00bb custom_padding__hover=\u00bb|||\u00bb][et_pb_text _builder_version=\u00bb4.16&#8243; header_font=\u00bb|on|||\u00bb header_text_color=\u00bb#0b3a5d\u00bb header_font_size=\u00bb52px\u00bb text_orientation=\u00bbcenter\u00bb module_alignment=\u00bbcenter\u00bb header_font_size_tablet=\u00bb35px\u00bb header_font_size_phone=\u00bb28px\u00bb header_font_size_last_edited=\u00bbon|phone\u00bb border_style=\u00bbsolid\u00bb global_colors_info=\u00bb{}\u00bb]<\/p>\n<h1>Equipo de Directivos<\/h1>\n<p>[\/et_pb_text][\/et_pb_column][\/et_pb_row][et_pb_row column_structure=\u00bb1_2,1_2&#8243; use_custom_gutter=\u00bbon\u00bb gutter_width=\u00bb2&#8243; _builder_version=\u00bb4.16&#8243; global_colors_info=\u00bb{}\u00bb][et_pb_column type=\u00bb1_2&#8243; _builder_version=\u00bb4.16&#8243; background_position=\u00bbtop_left\u00bb custom_padding=\u00bb|||\u00bb global_colors_info=\u00bb{}\u00bb custom_padding__hover=\u00bb|||\u00bb][et_pb_team_member name=\u00bbTom Pokorsky\u00bb position=\u00bbCEO Y DIRECTOR GENERAL\u00bb image_url=\u00bbhttps:\/\/www.fluencecorp.com\/wp-content\/uploads\/2022\/03\/Tom-Pokorsky.jpg\u00bb admin_label=\u00bbRichard Irving\u00bb _builder_version=\u00bb4.16&#8243; background_color=\u00bb#ffffff\u00bb custom_padding=\u00bb30px|30px|30px|30px\u00bb locked=\u00bboff\u00bb global_colors_info=\u00bb{}\u00bb]Tom Pokorsky es CEO y Director General de Fluence Corporation. El Sr. Pokorsky tiene 35 a\u00f1os de exitosa experiencia ejecutiva en la industria del agua, incluyendo 15 a\u00f1os como CEO trabajando en Am\u00e9rica del Norte, con actividad en Europa, China e Israel.  El Sr. Pokorsky ha dirigido empresas p\u00fablicas y privadas, logrando rendimientos de 5\u201310x con TIRs (Tasas Internas de Rentabilidad- IRRs por sus siglas en ingl\u00e9s) de hasta el 50%. Fund\u00f3 y cultiv\u00f3 Nexom en el sector de aguas residuales, con un crecimiento anual de los ingresos del 25% y un crecimiento del EBITDA del 50%, lo cual llev\u00f3 a la venta de la compa\u00f1\u00eda a KKR. En Water Pollution Control Corporation (m\u00e1s tarde \u00abSanitaire\u00bb), Tom duplic\u00f3 los ingresos y las ganancias, negoci\u00f3 su venta a ITT Industries, y luego hizo crecer su grupo de Tratamiento Avanzado de Agua (ahora parte de Xylem) de $60 millones a $350 millones en cuatro a\u00f1os, incluyendo $100 millones en crecimiento org\u00e1nico y cinco adquisiciones exitosas en tres continentes.[\/et_pb_team_member][et_pb_team_member name=\u00bbNatalya Medinina\u00bb position=\u00bbCONTROLADOR CORPORATIVO VP\u00bb image_url=\u00bbhttps:\/\/www.fluencecorp.com\/wp-content\/uploads\/2021\/11\/natalya-medinina-headshot.png?_t=1637039091&#8243; admin_label=\u00bbNatalya Medinina\u00bb _builder_version=\u00bb4.19.4&#8243; background_color=\u00bb#ffffff\u00bb custom_padding=\u00bb30px|30px|30px|30px\u00bb border_style=\u00bbsolid\u00bb locked=\u00bboff\u00bb global_colors_info=\u00bb{}\u00bb]Natalya\u00a0Medinina se desempe\u00f1a como vicepresidenta y controladora corporativa de Fluence, donde es responsable de las operaciones contables, incluidos los informes financieros, los controles internos y presupuestos.<\/p>\n<p>La se\u00f1ora Medinina\u00a0tiene 20 a\u00f1os de experiencia en US GAAP y reportes IFRS, contabilidad t\u00e9cnica, controles internos y FP&amp;A.<\/p>\n<p>Antes de unirse a Fluence, fue responsable de consolidaci\u00f3n e informes internos como gerente senior de contabilidad en Sojitz Corporation of America, una subsidiaria estadounidense de la compa\u00f1\u00eda japonesa de comercio global integrado. Antes de eso, Medinina trabaj\u00f3\u00a0como gerente de auditor\u00eda interna y gerente de consolidaci\u00f3n e informes internos para Quintiles Transnational Corporation (ahora iQVIA), una compa\u00f1\u00eda multinacional estadounidense que presta servicios a las industrias combinadas de tecnolog\u00eda de la informaci\u00f3n de salud e investigaci\u00f3n cl\u00ednica. Medinina\u00a0comenz\u00f3 su carrera como contadora p\u00fablica en KPMG.<\/p>\n<p>Medinina\u00a0es contadora p\u00fablica del estado de Nueva York y contadora certificada (ACCA). Recibi\u00f3 su licenciatura en Contabilidad de la Universidad Estatal de Ivanovo, Rusia.[\/et_pb_team_member][et_pb_team_member name=\u00bbRichard Cisterna\u00bb position=\u00bbDirector comercial\u00bb image_url=\u00bbhttps:\/\/www.fluencecorp.com\/wp-content\/uploads\/2021\/12\/Cisterna-Photo.png?_t=1639417618&#8243; admin_label=\u00bbRichard Cisterna\u00bb _builder_version=\u00bb4.24.2&#8243; position_font=\u00bb|||on|||||\u00bb background_color=\u00bb#ffffff\u00bb custom_padding=\u00bb30px|30px|30px|30px\u00bb hover_enabled=\u00bb0&#8243; border_style=\u00bbsolid\u00bb locked=\u00bboff\u00bb global_colors_info=\u00bb{}\u00bb sticky_enabled=\u00bb0&#8243;]<\/p>\n<p>Richard Cisterna se desempe\u00f1a como Director Comercial de Fluence y es responsable de la estrategia corporativa, el desarrollo comercial y de mercado, asociaciones y adquisiciones de Fluence para impulsar el crecimiento empresarial. \u00a0\u00a0El Sr. Cisterna tiene 30 a\u00f1os de liderazgo ejecutivo y experiencia en desarrollo de negocios en el mercado de agua y efluentes y ha liderado el desarrollo de m\u00e1s de US$ 1 mil millones en proyectos para clientes municipales, industriales y comerciales.<\/p>\n<p>Es el fundador y presidente de Renewable Organics Infrastructure, una empresa de consultor\u00eda y asesoramiento que se centra en proyectos y tecnolog\u00edas de infraestructura sostenibles.\u00a0 Antes de ROI, el Sr. Cisterna se desempe\u00f1\u00f3 como Vicepresidente Ejecutivo de Desarrollo de Negocios en Natural Systems Utilities y como parte del equipo de liderazgo ejecutivo, donde dirigi\u00f3 el desarrollo de la firma de soluciones descentralizadas de infraestructura de agua. Anteriormente fue socio de Hazen and Sawyer, una firma internacional de consultor\u00eda en ingenier\u00eda de agua y efluentes, donde dirigi\u00f3 el desarrollo de negocios en varias regiones geogr\u00e1ficas y se desempe\u00f1\u00f3 en el comit\u00e9 de planificaci\u00f3n estrat\u00e9gica corporativa.<\/p>\n<p>El Sr. Cisterna recibi\u00f3 su maestr\u00eda en Ingenier\u00eda Ambiental en la Universidad de Stanford y su licenciatura en Ingenier\u00eda Civil en la Universidad de Nevada, Reno.\u00a0 Es ingeniero profesional con licencia en el estado de Nueva York.<\/p>\n<p>[\/et_pb_team_member][\/et_pb_column][et_pb_column type=\u00bb1_2&#8243; _builder_version=\u00bb4.16&#8243; background_position=\u00bbtop_left\u00bb custom_padding=\u00bb|||\u00bb global_colors_info=\u00bb{}\u00bb custom_padding__hover=\u00bb|||\u00bb][et_pb_team_member name=\u00bbBen Fash\u00bb position=\u00bbDIRECTOR FINANCIERO\u00bb image_url=\u00bbhttps:\/\/www.fluencecorp.com\/wp-content\/uploads\/2022\/12\/Ben-Fash-headshot.png\u00bb admin_label=\u00bbBen Fash\u00bb _builder_version=\u00bb4.19.4&#8243; background_color=\u00bb#ffffff\u00bb custom_padding=\u00bb30px|30px|30px|30px\u00bb locked=\u00bboff\u00bb global_colors_info=\u00bb{}\u00bb]Ben Fash es el Director Financiero de Fluence y es responsable de todos los aspectos financieros, contables, de desarrollo corporativo, de tecnolog\u00eda de la informaci\u00f3n, de recursos humanos y administrativos de Fluence.<\/p>\n<p>El Sr. Fash tiene m\u00e1s de 10 a\u00f1os de liderazgo estrat\u00e9gico financiero y operativo, principalmente en la industria de equipos y servicios de tratamiento de agua, habiendo pasado previamente 8 a\u00f1os en capital privado y banca de inversi\u00f3n. Su experiencia incluye una combinaci\u00f3n \u00fanica de experiencia operativa financiera, adem\u00e1s de la ejecuci\u00f3n de fusiones y adquisiciones, la captaci\u00f3n de capital, la creaci\u00f3n de empresas y la toma de decisiones estrat\u00e9gicas.<\/p>\n<p>Antes de unirse a Fluence, el Sr. Fash fue director financiero de Dumas Mining, un proveedor de servicios subterr\u00e1neos de nicho en la industria minera. Antes de Dumas, el Sr. Fash fue vicepresidente ejecutivo y director financiero de Newterra, un l\u00edder mundial en el suministro de agua modular y equipos y servicios de tratamiento de efluentes.  Al asociarse con sus propietarios de capital privado, Ben form\u00f3 parte del equipo ejecutivo que llev\u00f3 a Newterra a duplicar el tama\u00f1o del negocio, al tiempo que aumentaba la rentabilidad y mejoraba la gesti\u00f3n del flujo de caja en todos los segmentos del negocio, lo que finalmente condujo a una salida exitosa en 2020.<\/p>\n<p>Antes de unirse a Newterra en 2012, el Sr. Fash trabaj\u00f3 en Birch Hill Equity Partners, la destacada empresa canadiense de capital privado de mercado medio, donde form\u00f3 parte de varias adquisiciones de plataformas y apoy\u00f3 a una variedad de compa\u00f1\u00edas de cartera existentes. Adem\u00e1s, el Sr. Fash comenz\u00f3 su carrera en banca de inversi\u00f3n, pasando varios a\u00f1os en Credit Suisse y RBC Capital Markets.<\/p>\n<p>El Sr. Fash se gradu\u00f3 con un t\u00edtulo en Econom\u00eda y Derecho del Williams College de Massachusetts.[\/et_pb_team_member][et_pb_team_member name=\u00bbSpencer D. Smith, Esq.\u00bb position=\u00bbDIRECTOR DE ASUNTOS JUR\u00cdDICOS\u00bb image_url=\u00bbhttps:\/\/www.fluencecorp.com\/wp-content\/uploads\/2017\/07\/spencer-d-smith.png\u00bb admin_label=\u00bbSpencer D. Smith, Esq.\u00bb _builder_version=\u00bb4.16&#8243; background_color=\u00bb#ffffff\u00bb custom_padding=\u00bb30px|30px|30px|30px\u00bb border_style=\u00bbsolid\u00bb global_colors_info=\u00bb{}\u00bb]Spencer D. Smith es el Director de Asuntos Jur\u00eddicos de Fluence con responsabilidad en los asuntos legales de la empresa, y proporciona asesoramiento a la Junta Directiva, al Director Ejecutivo y a otros miembros de la gerencia superior. Antes de colaborar con Fluence, el Sr. Smith fue Asesor General de RWL Water.<\/p>\n<p>Previo a incorporarse a RWL Water en 2016, el Sr. Smith ejerci\u00f3 derecho corporativo en Akin Gump Strauss Hauer &amp; Feld LLP en Nueva York, donde actuaba como asesor legal externo principal de RWL Water. Mientras trabajaba en Akin Gump, el Sr.Smith desempe\u00f1\u00f3 una activa y diversa pr\u00e1ctica transaccional corporativa, enfocado en representar compa\u00f1\u00edas p\u00fablicas y privadas, firmas de capital privado, fondos de alto riesgo y oficinas familiares en relaci\u00f3n con eventos corporativos, incluyendo fusiones y adquisiciones, desinversiones, sociedades mixtas, restructuraciones, ventas de activos en riesgo y contratos comerciales. El Sr. Smith tambi\u00e9n asesoraba regularmente a la Junta Directiva, Gerencia Superior, accionistas y acreedores sobre todos los aspectos de asuntos de gobierno corporativo. Antes de desempe\u00f1arse en Akin Gump en 2011, el Sr. Smith trabajaba para IAP Worldwide Services, un proveedor del gobierno y ex compa\u00f1\u00eda de la cartera de Cerberus y ejerc\u00eda como abogado para Milbank Tweed Hadley &amp; McCloy LLP en Nueva York.<\/p>\n<p>El Sr. Smith se gradu\u00f3 en Colgate University con certificado BA en Ciencias Pol\u00edticas y recibi\u00f3 su Doctorado en Derecho (JD) en la Facultad de Derecho de Fordham University. Es un abogado certificado por la barra de Nueva York.<br \/>\n[\/et_pb_team_member][\/et_pb_column][\/et_pb_row][\/et_pb_section]<\/p>\n","protected":false},"excerpt":{"rendered":"<p>Equipo de Directivos Tom Pokorsky es CEO y Director General de Fluence Corporation. El Sr. Pokorsky tiene 35 a\u00f1os de exitosa experiencia ejecutiva en la industria del agua, incluyendo 15 a\u00f1os como CEO trabajando en Am\u00e9rica del Norte, con actividad en Europa, China e Israel. El Sr. Pokorsky ha dirigido empresas p\u00fablicas y privadas, logrando [&hellip;]<\/p>\n","protected":false},"author":1,"featured_media":34671,"parent":0,"menu_order":0,"comment_status":"closed","ping_status":"closed","template":"","meta":{"_et_pb_use_builder":"on","_et_pb_old_content":"","_et_gb_content_width":"","_relevanssi_hide_post":"","_relevanssi_hide_content":"","_relevanssi_pin_for_all":"","_relevanssi_pin_keywords":"","_relevanssi_unpin_keywords":"","_relevanssi_related_keywords":"","_relevanssi_related_include_ids":"","_relevanssi_related_exclude_ids":"","_relevanssi_related_no_append":"","_relevanssi_related_not_related":"","_relevanssi_related_posts":"","_relevanssi_noindex_reason":"","inline_featured_image":false,"footnotes":"","_links_to":"","_links_to_target":""},"coauthors":[239,266],"class_list":["post-37421","page","type-page","status-publish","has-post-thumbnail","hentry"],"yoast_head":"<!-- This site is optimized with the Yoast SEO plugin v27.4 - https:\/\/yoast.com\/product\/yoast-seo-wordpress\/ -->\n<title>Equipo de Directivos | Fluence<\/title>\n<meta name=\"robots\" content=\"index, follow, max-snippet:-1, max-image-preview:large, max-video-preview:-1\" \/>\n<link rel=\"canonical\" href=\"https:\/\/www.fluencecorp.com\/es\/equipo-de-directivos\/\" \/>\n<meta property=\"og:locale\" content=\"es_ES\" \/>\n<meta property=\"og:type\" content=\"article\" \/>\n<meta property=\"og:title\" content=\"Equipo de Directivos | Fluence\" \/>\n<meta property=\"og:description\" content=\"Equipo de Directivos Tom Pokorsky es CEO y Director General de Fluence Corporation. El Sr. Pokorsky tiene 35 a\u00f1os de exitosa experiencia ejecutiva en la industria del agua, incluyendo 15 a\u00f1os como CEO trabajando en Am\u00e9rica del Norte, con actividad en Europa, China e Israel. El Sr. Pokorsky ha dirigido empresas p\u00fablicas y privadas, logrando [&hellip;]\" \/>\n<meta property=\"og:url\" content=\"https:\/\/www.fluencecorp.com\/es\/equipo-de-directivos\/\" \/>\n<meta property=\"article:publisher\" content=\"https:\/\/www.facebook.com\/FluenceCorp\" \/>\n<meta property=\"article:modified_time\" content=\"2024-03-01T21:02:02+00:00\" \/>\n<meta name=\"twitter:card\" content=\"summary_large_image\" \/>\n<meta name=\"twitter:site\" content=\"@FluenceCorp\" \/>\n<meta name=\"twitter:label1\" content=\"Tiempo de lectura\" \/>\n\t<meta name=\"twitter:data1\" content=\"5 minutos\" \/>\n\t<meta name=\"twitter:label2\" content=\"Written by\" \/>\n\t<meta name=\"twitter:data2\" content=\"sysop\" \/>\n<script type=\"application\/ld+json\" class=\"yoast-schema-graph\">{\"@context\":\"https:\\\/\\\/schema.org\",\"@graph\":[{\"@type\":\"WebPage\",\"@id\":\"https:\\\/\\\/www.fluencecorp.com\\\/es\\\/equipo-de-directivos\\\/\",\"url\":\"https:\\\/\\\/www.fluencecorp.com\\\/es\\\/equipo-de-directivos\\\/\",\"name\":\"Equipo de Directivos | Fluence\",\"isPartOf\":{\"@id\":\"https:\\\/\\\/www.fluencecorp.com\\\/es\\\/#website\"},\"primaryImageOfPage\":{\"@id\":\"https:\\\/\\\/www.fluencecorp.com\\\/es\\\/equipo-de-directivos\\\/#primaryimage\"},\"image\":{\"@id\":\"https:\\\/\\\/www.fluencecorp.com\\\/es\\\/equipo-de-directivos\\\/#primaryimage\"},\"thumbnailUrl\":\"https:\\\/\\\/www.fluencecorp.com\\\/wp-content\\\/uploads\\\/2017\\\/07\\\/fluencelogo-1.svg\",\"datePublished\":\"2018-07-28T22:00:01+00:00\",\"dateModified\":\"2024-03-01T21:02:02+00:00\",\"breadcrumb\":{\"@id\":\"https:\\\/\\\/www.fluencecorp.com\\\/es\\\/equipo-de-directivos\\\/#breadcrumb\"},\"inLanguage\":\"es\",\"potentialAction\":[{\"@type\":\"ReadAction\",\"target\":[\"https:\\\/\\\/www.fluencecorp.com\\\/es\\\/equipo-de-directivos\\\/\"]}]},{\"@type\":\"ImageObject\",\"inLanguage\":\"es\",\"@id\":\"https:\\\/\\\/www.fluencecorp.com\\\/es\\\/equipo-de-directivos\\\/#primaryimage\",\"url\":\"https:\\\/\\\/www.fluencecorp.com\\\/wp-content\\\/uploads\\\/2017\\\/07\\\/fluencelogo-1.svg\",\"contentUrl\":\"https:\\\/\\\/www.fluencecorp.com\\\/wp-content\\\/uploads\\\/2017\\\/07\\\/fluencelogo-1.svg\"},{\"@type\":\"BreadcrumbList\",\"@id\":\"https:\\\/\\\/www.fluencecorp.com\\\/es\\\/equipo-de-directivos\\\/#breadcrumb\",\"itemListElement\":[{\"@type\":\"ListItem\",\"position\":1,\"name\":\"Home\",\"item\":\"https:\\\/\\\/www.fluencecorp.com\\\/es\\\/\"},{\"@type\":\"ListItem\",\"position\":2,\"name\":\"About &#8211; Management Team\"}]},{\"@type\":\"WebSite\",\"@id\":\"https:\\\/\\\/www.fluencecorp.com\\\/es\\\/#website\",\"url\":\"https:\\\/\\\/www.fluencecorp.com\\\/es\\\/\",\"name\":\"Fluence Corporation\",\"description\":\"\",\"publisher\":{\"@id\":\"https:\\\/\\\/www.fluencecorp.com\\\/es\\\/#organization\"},\"potentialAction\":[{\"@type\":\"SearchAction\",\"target\":{\"@type\":\"EntryPoint\",\"urlTemplate\":\"https:\\\/\\\/www.fluencecorp.com\\\/es\\\/?s={search_term_string}\"},\"query-input\":{\"@type\":\"PropertyValueSpecification\",\"valueRequired\":true,\"valueName\":\"search_term_string\"}}],\"inLanguage\":\"es\"},{\"@type\":\"Organization\",\"@id\":\"https:\\\/\\\/www.fluencecorp.com\\\/es\\\/#organization\",\"name\":\"Fluence\",\"url\":\"https:\\\/\\\/www.fluencecorp.com\\\/es\\\/\",\"logo\":{\"@type\":\"ImageObject\",\"inLanguage\":\"es\",\"@id\":\"https:\\\/\\\/www.fluencecorp.com\\\/es\\\/#\\\/schema\\\/logo\\\/image\\\/\",\"url\":\"https:\\\/\\\/www.fluencecorp.com\\\/wp-content\\\/uploads\\\/2018\\\/03\\\/fluence-seo-logo.png\",\"contentUrl\":\"https:\\\/\\\/www.fluencecorp.com\\\/wp-content\\\/uploads\\\/2018\\\/03\\\/fluence-seo-logo.png\",\"width\":523,\"height\":181,\"caption\":\"Fluence\"},\"image\":{\"@id\":\"https:\\\/\\\/www.fluencecorp.com\\\/es\\\/#\\\/schema\\\/logo\\\/image\\\/\"},\"sameAs\":[\"https:\\\/\\\/www.facebook.com\\\/FluenceCorp\",\"https:\\\/\\\/x.com\\\/FluenceCorp\",\"https:\\\/\\\/www.linkedin.com\\\/company-beta\\\/18150486\\\/\"]}]}<\/script>\n<!-- \/ Yoast SEO plugin. -->","yoast_head_json":{"title":"Equipo de Directivos | Fluence","robots":{"index":"index","follow":"follow","max-snippet":"max-snippet:-1","max-image-preview":"max-image-preview:large","max-video-preview":"max-video-preview:-1"},"canonical":"https:\/\/www.fluencecorp.com\/es\/equipo-de-directivos\/","og_locale":"es_ES","og_type":"article","og_title":"Equipo de Directivos | Fluence","og_description":"Equipo de Directivos Tom Pokorsky es CEO y Director General de Fluence Corporation. El Sr. Pokorsky tiene 35 a\u00f1os de exitosa experiencia ejecutiva en la industria del agua, incluyendo 15 a\u00f1os como CEO trabajando en Am\u00e9rica del Norte, con actividad en Europa, China e Israel. El Sr. Pokorsky ha dirigido empresas p\u00fablicas y privadas, logrando [&hellip;]","og_url":"https:\/\/www.fluencecorp.com\/es\/equipo-de-directivos\/","article_publisher":"https:\/\/www.facebook.com\/FluenceCorp","article_modified_time":"2024-03-01T21:02:02+00:00","twitter_card":"summary_large_image","twitter_site":"@FluenceCorp","twitter_misc":{"Tiempo de lectura":"5 minutos","Written by":"sysop"},"schema":{"@context":"https:\/\/schema.org","@graph":[{"@type":"WebPage","@id":"https:\/\/www.fluencecorp.com\/es\/equipo-de-directivos\/","url":"https:\/\/www.fluencecorp.com\/es\/equipo-de-directivos\/","name":"Equipo de Directivos | Fluence","isPartOf":{"@id":"https:\/\/www.fluencecorp.com\/es\/#website"},"primaryImageOfPage":{"@id":"https:\/\/www.fluencecorp.com\/es\/equipo-de-directivos\/#primaryimage"},"image":{"@id":"https:\/\/www.fluencecorp.com\/es\/equipo-de-directivos\/#primaryimage"},"thumbnailUrl":"https:\/\/www.fluencecorp.com\/wp-content\/uploads\/2017\/07\/fluencelogo-1.svg","datePublished":"2018-07-28T22:00:01+00:00","dateModified":"2024-03-01T21:02:02+00:00","breadcrumb":{"@id":"https:\/\/www.fluencecorp.com\/es\/equipo-de-directivos\/#breadcrumb"},"inLanguage":"es","potentialAction":[{"@type":"ReadAction","target":["https:\/\/www.fluencecorp.com\/es\/equipo-de-directivos\/"]}]},{"@type":"ImageObject","inLanguage":"es","@id":"https:\/\/www.fluencecorp.com\/es\/equipo-de-directivos\/#primaryimage","url":"https:\/\/www.fluencecorp.com\/wp-content\/uploads\/2017\/07\/fluencelogo-1.svg","contentUrl":"https:\/\/www.fluencecorp.com\/wp-content\/uploads\/2017\/07\/fluencelogo-1.svg"},{"@type":"BreadcrumbList","@id":"https:\/\/www.fluencecorp.com\/es\/equipo-de-directivos\/#breadcrumb","itemListElement":[{"@type":"ListItem","position":1,"name":"Home","item":"https:\/\/www.fluencecorp.com\/es\/"},{"@type":"ListItem","position":2,"name":"About &#8211; Management Team"}]},{"@type":"WebSite","@id":"https:\/\/www.fluencecorp.com\/es\/#website","url":"https:\/\/www.fluencecorp.com\/es\/","name":"Fluence Corporation","description":"","publisher":{"@id":"https:\/\/www.fluencecorp.com\/es\/#organization"},"potentialAction":[{"@type":"SearchAction","target":{"@type":"EntryPoint","urlTemplate":"https:\/\/www.fluencecorp.com\/es\/?s={search_term_string}"},"query-input":{"@type":"PropertyValueSpecification","valueRequired":true,"valueName":"search_term_string"}}],"inLanguage":"es"},{"@type":"Organization","@id":"https:\/\/www.fluencecorp.com\/es\/#organization","name":"Fluence","url":"https:\/\/www.fluencecorp.com\/es\/","logo":{"@type":"ImageObject","inLanguage":"es","@id":"https:\/\/www.fluencecorp.com\/es\/#\/schema\/logo\/image\/","url":"https:\/\/www.fluencecorp.com\/wp-content\/uploads\/2018\/03\/fluence-seo-logo.png","contentUrl":"https:\/\/www.fluencecorp.com\/wp-content\/uploads\/2018\/03\/fluence-seo-logo.png","width":523,"height":181,"caption":"Fluence"},"image":{"@id":"https:\/\/www.fluencecorp.com\/es\/#\/schema\/logo\/image\/"},"sameAs":["https:\/\/www.facebook.com\/FluenceCorp","https:\/\/x.com\/FluenceCorp","https:\/\/www.linkedin.com\/company-beta\/18150486\/"]}]}},"_links":{"self":[{"href":"https:\/\/www.fluencecorp.com\/es\/wp-json\/wp\/v2\/pages\/37421","targetHints":{"allow":["GET"]}}],"collection":[{"href":"https:\/\/www.fluencecorp.com\/es\/wp-json\/wp\/v2\/pages"}],"about":[{"href":"https:\/\/www.fluencecorp.com\/es\/wp-json\/wp\/v2\/types\/page"}],"author":[{"embeddable":true,"href":"https:\/\/www.fluencecorp.com\/es\/wp-json\/wp\/v2\/users\/1"}],"replies":[{"embeddable":true,"href":"https:\/\/www.fluencecorp.com\/es\/wp-json\/wp\/v2\/comments?post=37421"}],"version-history":[{"count":0,"href":"https:\/\/www.fluencecorp.com\/es\/wp-json\/wp\/v2\/pages\/37421\/revisions"}],"wp:featuredmedia":[{"embeddable":true,"href":"https:\/\/www.fluencecorp.com\/es\/wp-json\/wp\/v2\/media\/34671"}],"wp:attachment":[{"href":"https:\/\/www.fluencecorp.com\/es\/wp-json\/wp\/v2\/media?parent=37421"}],"wp:term":[{"taxonomy":"author","embeddable":true,"href":"https:\/\/www.fluencecorp.com\/es\/wp-json\/wp\/v2\/coauthors?post=37421"}],"curies":[{"name":"wp","href":"https:\/\/api.w.org\/{rel}","templated":true}]}}