{"id":37345,"date":"2017-07-11T23:33:22","date_gmt":"2017-07-11T13:33:22","guid":{"rendered":"https:\/\/www.fluencecorp.com\/smart-operations\/"},"modified":"2020-02-12T04:16:14","modified_gmt":"2020-02-11T17:16:14","slug":"operaciones-inteligentes","status":"publish","type":"page","link":"https:\/\/www.fluencecorp.com\/es\/operaciones-inteligentes\/","title":{"rendered":"Smart Ops"},"content":{"rendered":"<p>[et_pb_section fb_built=\u00bb1&#8243; _builder_version=\u00bb3.22&#8243; background_color=\u00bb#f4f4f4&#8243; background_blend=\u00bbmultiply\u00bb custom_padding=\u00bb0px||0px|\u00bb][et_pb_row _builder_version=\u00bb3.25&#8243; background_size=\u00bbinitial\u00bb background_position=\u00bbtop_left\u00bb background_repeat=\u00bbrepeat\u00bb custom_margin=\u00bb0px||0px|\u00bb custom_padding=\u00bb0px||0px|\u00bb][et_pb_column type=\u00bb4_4&#8243; _builder_version=\u00bb3.25&#8243; background_position=\u00bbtop_left\u00bb custom_padding=\u00bb|||\u00bb custom_padding__hover=\u00bb|||\u00bb][et_pb_text admin_label=\u00bbHeader with Grey Background\u00bb _builder_version=\u00bb3.27.4&#8243; text_text_color=\u00bb#778591&#8243; text_font_size=\u00bb24&#8243; header_font=\u00bb|on|||\u00bb header_text_color=\u00bb#0b3a5d\u00bb header_font_size=\u00bb52px\u00bb custom_margin=\u00bb10px||10px|\u00bb custom_padding=\u00bb44px||44px|\u00bb text_font_size_tablet=\u00bb16&#8243; text_font_size_phone=\u00bb\u00bb text_font_size_last_edited=\u00bbon|phone\u00bb header_font_size_tablet=\u00bb35px\u00bb header_font_size_phone=\u00bb28px\u00bb header_font_size_last_edited=\u00bbon|phone\u00bb border_style=\u00bbsolid\u00bb]<\/p>\n<h1>Operaciones Inteligentes<\/h1>\n<p>Nuestro paquete de software inteligente de an\u00e1lisis de datos de operaci\u00f3n le ayuda a vigilar los procesos de su planta para ahorrar dinero<br \/>\n[\/et_pb_text][\/et_pb_column][\/et_pb_row][\/et_pb_section][et_pb_section fb_built=\u00bb1&#8243; _builder_version=\u00bb3.22&#8243; custom_padding=\u00bb0px||0px|\u00bb][et_pb_row column_structure=\u00bb2_3,1_3&#8243; _builder_version=\u00bb3.25&#8243; background_size=\u00bbinitial\u00bb background_position=\u00bbtop_left\u00bb background_repeat=\u00bbrepeat\u00bb][et_pb_column type=\u00bb2_3&#8243; _builder_version=\u00bb3.25&#8243; custom_padding=\u00bb|||\u00bb custom_padding__hover=\u00bb|||\u00bb][et_pb_text admin_label=\u00bbMain Body Text\u00bb _builder_version=\u00bb3.27.4&#8243; border_style=\u00bbsolid\u00bb]Fluence se centra en mantener la satisfacci\u00f3n del cliente despu\u00e9s de una venta y en asegurarse de que la planta contin\u00fae funcionando dentro de los par\u00e1metros de dise\u00f1o iniciales d\u00eda tras d\u00eda. Para ello, nuestro paquete de software inteligente de an\u00e1lisis de datos de operaci\u00f3n re\u00fane datos, monitorea y optimiza el rendimiento de la planta. Este paquete ayuda a los gerentes de <a href=\"https:\/\/www.fluencecorp.com\/es\/tratamiento-agua-soluciones\/\" target=\"_blank\" rel=\"noopener noreferrer\">planta de tratamiento de aguas<\/a>, ingenieros y operadores a que r\u00e1pidamente analicen y solucionen problemas de rendimiento y operaciones de planta. Las operaciones inteligentes reducen costos y mejoran el servicio.<\/p>\n<p>El software utiliza algoritmos patentados para an\u00e1lisis detallado, en tiempo real, de operaci\u00f3n de la planta. Identifica los problemas de rendimiento latentes, degradaci\u00f3n del desempe\u00f1o y convierte la planta de tratamiento de agua en una instalaci\u00f3n m\u00e1s inteligente, recomendando en \u00faltima instancia, las medidas correctivas y ajustes para la optimizaci\u00f3n del rendimiento que fuesen necesarias.<\/p>\n<p>El software optimiza las condiciones de la planta para ofrecer en forma continua y constante el menor costo del producto, que se traduce en ahorros significativos de operaci\u00f3n y mantenimiento a trav\u00e9s de:<\/p>\n<ul>\n<li>Mayor eficiencia en la utilizaci\u00f3n de recursos de mano de obra<\/li>\n<li>Mayor confiabilidad y disponibilidad operativa de la planta<\/li>\n<li>Reducci\u00f3n en el consumo de qu\u00edmicos<\/li>\n<li>Menor consumo de energ\u00eda a trav\u00e9s de la optimizaci\u00f3n de procesos<\/li>\n<li>Mantenimientos predictivos que permiten aumentar la vida \u00fatil de la planta<\/li>\n<\/ul>\n<p>La plataforma de operaci\u00f3n inteligente es ideal para plantas de tratamiento descentralizado donde no es factible emplear grandes equipos de mantenimiento y donde m\u00faltiples m\u00f3dulos sectorizados operan como una sola planta.<\/p>\n<h3>Beneficios de la Operaci\u00f3n Inteligente<\/h3>\n<ul>\n<li>Previene posibles aver\u00edas y mejora la confiabilidad de los servicios<\/li>\n<li>Permite an\u00e1lisis y gesti\u00f3n de eventos en tiempo real<\/li>\n<li>Autom\u00e1ticamente proporciona diagn\u00f3stico valioso en tiempo real e informes sobre su rendimiento, y permite el ajuste de la planta para maximizar la eficiencia operativa<\/li>\n<li>Extiende la vida \u00fatil de la planta<\/li>\n<li>Reduce costos operativos y de mano de obra<\/li>\n<li>Mejora la experiencia del cliente<\/li>\n<\/ul>\n<h3>Optimice sus Instalaciones Mediante una Operaci\u00f3n Inteligente<\/h3>\n<p>\u00bfEst\u00e1 buscando una forma de optimizar el rendimiento de su planta de tratamiento de aguas? <a href=\"https:\/\/www.fluencecorp.com\/es\/contacto\/\">Cont\u00e1ctese con nuestros expertos<\/a> para obtener m\u00e1s informaci\u00f3n sobre c\u00f3mo nuestro paquete de software inteligente de an\u00e1lisis de datos de operaci\u00f3n puede ayudarlo a optimizar el rendimiento de su planta y a la vez, ahorrar dinero.<br \/>\n[\/et_pb_text][\/et_pb_column][et_pb_column type=\u00bb1_3&#8243; _builder_version=\u00bb3.25&#8243; custom_padding=\u00bb|||\u00bb custom_padding__hover=\u00bb|||\u00bb][et_pb_blurb title=\u00bbPERFORMANCE DE PLANTA OPTIMIZADA\u00bb image=\u00bbhttps:\/\/www.fluencecorp.com\/wp-content\/uploads\/2017\/07\/smart_02.svg\u00bb image_max_width=\u00bbnone\u00bb icon_font_size_tablet=\u00bb96px\u00bb icon_font_size_phone=\u00bb96px\u00bb admin_label=\u00bbOPTIMIZE PLANT PERFORMANCE &#8211; ES\u00bb module_class=\u00bbfluenceblurb\u00bb _builder_version=\u00bb3.0.87&#8243; header_font=\u00bb||||\u00bb body_font=\u00bb||||\u00bb text_orientation=\u00bbcenter\u00bb max_width_tablet=\u00bb80px\u00bb max_width_phone=\u00bb80px\u00bb custom_padding=\u00bb30px|20px|30px|20px\u00bb custom_padding_tablet=\u00bb30px|20px|30px|20px\u00bb custom_padding_phone=\u00bb30px|20px|30px|20px\u00bb animation=\u00bboff\u00bb header_font_size_tablet=\u00bb18&#8243; header_font_size_phone=\u00bb18&#8243; header_letter_spacing_tablet=\u00bb0px\u00bb header_letter_spacing_phone=\u00bb0px\u00bb header_line_height_tablet=\u00bb1em\u00bb header_line_height_phone=\u00bb1em\u00bb body_font_size_tablet=\u00bb14&#8243; body_font_size_phone=\u00bb14&#8243; body_letter_spacing_tablet=\u00bb0px\u00bb body_letter_spacing_phone=\u00bb0px\u00bb body_line_height_tablet=\u00bb1.7em\u00bb body_line_height_phone=\u00bb1.7em\u00bb border_width_all=\u00bb1px\u00bb border_color_all=\u00bb#7fc8bd\u00bb border_style_all=\u00bbsolid\u00bb use_border_color=\u00bbon\u00bb border_color=\u00bb#7fc8bd\u00bb border_width=\u00bb1px\u00bb border_style=\u00bbsolid\u00bb]Contacte Fluence para conocer m\u00e1s sobre nuestro software inteligente de an\u00e1lisis de datos de operaci\u00f3n o discutir detalles espec\u00edficos de su proyecto.<\/p>\n<p><a class=\"et_pb_promo_button et_pb_button\" href=\"https:\/\/www.fluencecorp.com\/es\/contacto\/\">CONT\u00c1CTESE<\/a><br \/>\n[\/et_pb_blurb][et_pb_image src=\u00bbhttps:\/\/www.fluencecorp.com\/wp-content\/uploads\/2019\/11\/Design-Now-Widget-Blue-Spanish@2x.png?_t=1574451132&#8243; url=\u00bb\/design\/\u00bb admin_label=\u00bbdesignFluence Spanish Widget\u00bb _builder_version=\u00bb4.0.6&#8243; saved_tabs=\u00bball\u00bb locked=\u00bboff\u00bb][\/et_pb_image][\/et_pb_column][\/et_pb_row][\/et_pb_section]<\/p>\n","protected":false},"excerpt":{"rendered":"<p>Operaciones Inteligentes Nuestro paquete de software inteligente de an\u00e1lisis de datos de operaci\u00f3n le ayuda a vigilar los procesos de su planta para ahorrar dinero Fluence se centra en mantener la satisfacci\u00f3n del cliente despu\u00e9s de una venta y en asegurarse de que la planta contin\u00fae funcionando dentro de los par\u00e1metros de dise\u00f1o iniciales d\u00eda [&hellip;]<\/p>\n","protected":false},"author":2,"featured_media":34297,"parent":0,"menu_order":0,"comment_status":"closed","ping_status":"closed","template":"","meta":{"_et_pb_use_builder":"on","_et_pb_old_content":"","_et_gb_content_width":"","_relevanssi_hide_post":"","_relevanssi_hide_content":"","_relevanssi_pin_for_all":"","_relevanssi_pin_keywords":"","_relevanssi_unpin_keywords":"","_relevanssi_related_keywords":"","_relevanssi_related_include_ids":"","_relevanssi_related_exclude_ids":"","_relevanssi_related_no_append":"","_relevanssi_related_not_related":"","_relevanssi_related_posts":"","_relevanssi_noindex_reason":"","inline_featured_image":false,"footnotes":"","_links_to":"","_links_to_target":""},"coauthors":[],"class_list":["post-37345","page","type-page","status-publish","has-post-thumbnail","hentry"],"yoast_head":"<!-- This site is optimized with the Yoast SEO plugin v27.4 - https:\/\/yoast.com\/product\/yoast-seo-wordpress\/ -->\n<title>Software de Operaci\u00f3n Inteligente Para Equipos de Tratamiento de Agua | Fluence<\/title>\n<meta name=\"description\" content=\"El software anal\u00edtico de datos de operaci\u00f3n de Fluence lo ayuda a vigilar los procesos de su planta y le permite hacer ajustes para optimizar ahorros, de manera inteligente y segura.\" \/>\n<meta name=\"robots\" content=\"index, follow, max-snippet:-1, max-image-preview:large, max-video-preview:-1\" \/>\n<link rel=\"canonical\" href=\"https:\/\/www.fluencecorp.com\/es\/operaciones-inteligentes\/\" \/>\n<meta property=\"og:locale\" content=\"es_ES\" \/>\n<meta property=\"og:type\" content=\"article\" \/>\n<meta property=\"og:title\" content=\"Software de Operaci\u00f3n Inteligente Para Equipos de Tratamiento de Agua\" \/>\n<meta property=\"og:description\" content=\"El software anal\u00edtico de datos de operaci\u00f3n de Fluence lo ayuda a vigilar los procesos de su planta y le permite hacer ajustes para optimizar ahorros, de manera inteligente y segura.\" \/>\n<meta property=\"og:url\" content=\"https:\/\/www.fluencecorp.com\/es\/operaciones-inteligentes\/\" \/>\n<meta property=\"article:publisher\" content=\"https:\/\/www.facebook.com\/FluenceCorp\" \/>\n<meta property=\"article:modified_time\" content=\"2020-02-11T17:16:14+00:00\" \/>\n<meta property=\"og:image\" content=\"https:\/\/www.fluencecorp.com\/wp-content\/uploads\/2017\/07\/droplet-pattern.png\" \/>\n\t<meta property=\"og:image:width\" content=\"347\" \/>\n\t<meta property=\"og:image:height\" content=\"231\" \/>\n\t<meta property=\"og:image:type\" content=\"image\/png\" \/>\n<meta name=\"twitter:card\" content=\"summary_large_image\" \/>\n<meta name=\"twitter:site\" content=\"@FluenceCorp\" \/>\n<meta name=\"twitter:label1\" content=\"Tiempo de lectura\" \/>\n\t<meta name=\"twitter:data1\" content=\"4 minutos\" \/>\n\t<meta name=\"twitter:label2\" content=\"Written by\" \/>\n\t<meta name=\"twitter:data2\" content=\"David Reich\" \/>\n<script type=\"application\/ld+json\" class=\"yoast-schema-graph\">{\"@context\":\"https:\\\/\\\/schema.org\",\"@graph\":[{\"@type\":\"WebPage\",\"@id\":\"https:\\\/\\\/www.fluencecorp.com\\\/es\\\/operaciones-inteligentes\\\/\",\"url\":\"https:\\\/\\\/www.fluencecorp.com\\\/es\\\/operaciones-inteligentes\\\/\",\"name\":\"Software de Operaci\u00f3n Inteligente Para Equipos de Tratamiento de Agua | Fluence\",\"isPartOf\":{\"@id\":\"https:\\\/\\\/www.fluencecorp.com\\\/es\\\/#website\"},\"primaryImageOfPage\":{\"@id\":\"https:\\\/\\\/www.fluencecorp.com\\\/es\\\/operaciones-inteligentes\\\/#primaryimage\"},\"image\":{\"@id\":\"https:\\\/\\\/www.fluencecorp.com\\\/es\\\/operaciones-inteligentes\\\/#primaryimage\"},\"thumbnailUrl\":\"https:\\\/\\\/www.fluencecorp.com\\\/wp-content\\\/uploads\\\/2017\\\/07\\\/droplet-pattern.png\",\"datePublished\":\"2017-07-11T13:33:22+00:00\",\"dateModified\":\"2020-02-11T17:16:14+00:00\",\"description\":\"El software anal\u00edtico de datos de operaci\u00f3n de Fluence lo ayuda a vigilar los procesos de su planta y le permite hacer ajustes para optimizar ahorros, de manera inteligente y segura.\",\"breadcrumb\":{\"@id\":\"https:\\\/\\\/www.fluencecorp.com\\\/es\\\/operaciones-inteligentes\\\/#breadcrumb\"},\"inLanguage\":\"es\",\"potentialAction\":[{\"@type\":\"ReadAction\",\"target\":[\"https:\\\/\\\/www.fluencecorp.com\\\/es\\\/operaciones-inteligentes\\\/\"]}]},{\"@type\":\"ImageObject\",\"inLanguage\":\"es\",\"@id\":\"https:\\\/\\\/www.fluencecorp.com\\\/es\\\/operaciones-inteligentes\\\/#primaryimage\",\"url\":\"https:\\\/\\\/www.fluencecorp.com\\\/wp-content\\\/uploads\\\/2017\\\/07\\\/droplet-pattern.png\",\"contentUrl\":\"https:\\\/\\\/www.fluencecorp.com\\\/wp-content\\\/uploads\\\/2017\\\/07\\\/droplet-pattern.png\",\"width\":347,\"height\":231},{\"@type\":\"BreadcrumbList\",\"@id\":\"https:\\\/\\\/www.fluencecorp.com\\\/es\\\/operaciones-inteligentes\\\/#breadcrumb\",\"itemListElement\":[{\"@type\":\"ListItem\",\"position\":1,\"name\":\"Home\",\"item\":\"https:\\\/\\\/www.fluencecorp.com\\\/es\\\/\"},{\"@type\":\"ListItem\",\"position\":2,\"name\":\"Smart Ops\"}]},{\"@type\":\"WebSite\",\"@id\":\"https:\\\/\\\/www.fluencecorp.com\\\/es\\\/#website\",\"url\":\"https:\\\/\\\/www.fluencecorp.com\\\/es\\\/\",\"name\":\"Fluence Corporation\",\"description\":\"\",\"publisher\":{\"@id\":\"https:\\\/\\\/www.fluencecorp.com\\\/es\\\/#organization\"},\"potentialAction\":[{\"@type\":\"SearchAction\",\"target\":{\"@type\":\"EntryPoint\",\"urlTemplate\":\"https:\\\/\\\/www.fluencecorp.com\\\/es\\\/?s={search_term_string}\"},\"query-input\":{\"@type\":\"PropertyValueSpecification\",\"valueRequired\":true,\"valueName\":\"search_term_string\"}}],\"inLanguage\":\"es\"},{\"@type\":\"Organization\",\"@id\":\"https:\\\/\\\/www.fluencecorp.com\\\/es\\\/#organization\",\"name\":\"Fluence\",\"url\":\"https:\\\/\\\/www.fluencecorp.com\\\/es\\\/\",\"logo\":{\"@type\":\"ImageObject\",\"inLanguage\":\"es\",\"@id\":\"https:\\\/\\\/www.fluencecorp.com\\\/es\\\/#\\\/schema\\\/logo\\\/image\\\/\",\"url\":\"https:\\\/\\\/www.fluencecorp.com\\\/wp-content\\\/uploads\\\/2018\\\/03\\\/fluence-seo-logo.png\",\"contentUrl\":\"https:\\\/\\\/www.fluencecorp.com\\\/wp-content\\\/uploads\\\/2018\\\/03\\\/fluence-seo-logo.png\",\"width\":523,\"height\":181,\"caption\":\"Fluence\"},\"image\":{\"@id\":\"https:\\\/\\\/www.fluencecorp.com\\\/es\\\/#\\\/schema\\\/logo\\\/image\\\/\"},\"sameAs\":[\"https:\\\/\\\/www.facebook.com\\\/FluenceCorp\",\"https:\\\/\\\/x.com\\\/FluenceCorp\",\"https:\\\/\\\/www.linkedin.com\\\/company-beta\\\/18150486\\\/\"]}]}<\/script>\n<!-- \/ Yoast SEO plugin. -->","yoast_head_json":{"title":"Software de Operaci\u00f3n Inteligente Para Equipos de Tratamiento de Agua | Fluence","description":"El software anal\u00edtico de datos de operaci\u00f3n de Fluence lo ayuda a vigilar los procesos de su planta y le permite hacer ajustes para optimizar ahorros, de manera inteligente y segura.","robots":{"index":"index","follow":"follow","max-snippet":"max-snippet:-1","max-image-preview":"max-image-preview:large","max-video-preview":"max-video-preview:-1"},"canonical":"https:\/\/www.fluencecorp.com\/es\/operaciones-inteligentes\/","og_locale":"es_ES","og_type":"article","og_title":"Software de Operaci\u00f3n Inteligente Para Equipos de Tratamiento de Agua","og_description":"El software anal\u00edtico de datos de operaci\u00f3n de Fluence lo ayuda a vigilar los procesos de su planta y le permite hacer ajustes para optimizar ahorros, de manera inteligente y segura.","og_url":"https:\/\/www.fluencecorp.com\/es\/operaciones-inteligentes\/","article_publisher":"https:\/\/www.facebook.com\/FluenceCorp","article_modified_time":"2020-02-11T17:16:14+00:00","og_image":[{"width":347,"height":231,"url":"https:\/\/www.fluencecorp.com\/wp-content\/uploads\/2017\/07\/droplet-pattern.png","type":"image\/png"}],"twitter_card":"summary_large_image","twitter_site":"@FluenceCorp","twitter_misc":{"Tiempo de lectura":"4 minutos","Written by":"David Reich"},"schema":{"@context":"https:\/\/schema.org","@graph":[{"@type":"WebPage","@id":"https:\/\/www.fluencecorp.com\/es\/operaciones-inteligentes\/","url":"https:\/\/www.fluencecorp.com\/es\/operaciones-inteligentes\/","name":"Software de Operaci\u00f3n Inteligente Para Equipos de Tratamiento de Agua | Fluence","isPartOf":{"@id":"https:\/\/www.fluencecorp.com\/es\/#website"},"primaryImageOfPage":{"@id":"https:\/\/www.fluencecorp.com\/es\/operaciones-inteligentes\/#primaryimage"},"image":{"@id":"https:\/\/www.fluencecorp.com\/es\/operaciones-inteligentes\/#primaryimage"},"thumbnailUrl":"https:\/\/www.fluencecorp.com\/wp-content\/uploads\/2017\/07\/droplet-pattern.png","datePublished":"2017-07-11T13:33:22+00:00","dateModified":"2020-02-11T17:16:14+00:00","description":"El software anal\u00edtico de datos de operaci\u00f3n de Fluence lo ayuda a vigilar los procesos de su planta y le permite hacer ajustes para optimizar ahorros, de manera inteligente y segura.","breadcrumb":{"@id":"https:\/\/www.fluencecorp.com\/es\/operaciones-inteligentes\/#breadcrumb"},"inLanguage":"es","potentialAction":[{"@type":"ReadAction","target":["https:\/\/www.fluencecorp.com\/es\/operaciones-inteligentes\/"]}]},{"@type":"ImageObject","inLanguage":"es","@id":"https:\/\/www.fluencecorp.com\/es\/operaciones-inteligentes\/#primaryimage","url":"https:\/\/www.fluencecorp.com\/wp-content\/uploads\/2017\/07\/droplet-pattern.png","contentUrl":"https:\/\/www.fluencecorp.com\/wp-content\/uploads\/2017\/07\/droplet-pattern.png","width":347,"height":231},{"@type":"BreadcrumbList","@id":"https:\/\/www.fluencecorp.com\/es\/operaciones-inteligentes\/#breadcrumb","itemListElement":[{"@type":"ListItem","position":1,"name":"Home","item":"https:\/\/www.fluencecorp.com\/es\/"},{"@type":"ListItem","position":2,"name":"Smart Ops"}]},{"@type":"WebSite","@id":"https:\/\/www.fluencecorp.com\/es\/#website","url":"https:\/\/www.fluencecorp.com\/es\/","name":"Fluence Corporation","description":"","publisher":{"@id":"https:\/\/www.fluencecorp.com\/es\/#organization"},"potentialAction":[{"@type":"SearchAction","target":{"@type":"EntryPoint","urlTemplate":"https:\/\/www.fluencecorp.com\/es\/?s={search_term_string}"},"query-input":{"@type":"PropertyValueSpecification","valueRequired":true,"valueName":"search_term_string"}}],"inLanguage":"es"},{"@type":"Organization","@id":"https:\/\/www.fluencecorp.com\/es\/#organization","name":"Fluence","url":"https:\/\/www.fluencecorp.com\/es\/","logo":{"@type":"ImageObject","inLanguage":"es","@id":"https:\/\/www.fluencecorp.com\/es\/#\/schema\/logo\/image\/","url":"https:\/\/www.fluencecorp.com\/wp-content\/uploads\/2018\/03\/fluence-seo-logo.png","contentUrl":"https:\/\/www.fluencecorp.com\/wp-content\/uploads\/2018\/03\/fluence-seo-logo.png","width":523,"height":181,"caption":"Fluence"},"image":{"@id":"https:\/\/www.fluencecorp.com\/es\/#\/schema\/logo\/image\/"},"sameAs":["https:\/\/www.facebook.com\/FluenceCorp","https:\/\/x.com\/FluenceCorp","https:\/\/www.linkedin.com\/company-beta\/18150486\/"]}]}},"_links":{"self":[{"href":"https:\/\/www.fluencecorp.com\/es\/wp-json\/wp\/v2\/pages\/37345","targetHints":{"allow":["GET"]}}],"collection":[{"href":"https:\/\/www.fluencecorp.com\/es\/wp-json\/wp\/v2\/pages"}],"about":[{"href":"https:\/\/www.fluencecorp.com\/es\/wp-json\/wp\/v2\/types\/page"}],"author":[{"embeddable":true,"href":"https:\/\/www.fluencecorp.com\/es\/wp-json\/wp\/v2\/users\/2"}],"replies":[{"embeddable":true,"href":"https:\/\/www.fluencecorp.com\/es\/wp-json\/wp\/v2\/comments?post=37345"}],"version-history":[{"count":0,"href":"https:\/\/www.fluencecorp.com\/es\/wp-json\/wp\/v2\/pages\/37345\/revisions"}],"wp:featuredmedia":[{"embeddable":true,"href":"https:\/\/www.fluencecorp.com\/es\/wp-json\/wp\/v2\/media\/34297"}],"wp:attachment":[{"href":"https:\/\/www.fluencecorp.com\/es\/wp-json\/wp\/v2\/media?parent=37345"}],"wp:term":[{"taxonomy":"author","embeddable":true,"href":"https:\/\/www.fluencecorp.com\/es\/wp-json\/wp\/v2\/coauthors?post=37345"}],"curies":[{"name":"wp","href":"https:\/\/api.w.org\/{rel}","templated":true}]}}